{"id":12281,"date":"2022-01-28T11:15:37","date_gmt":"2022-01-28T11:15:37","guid":{"rendered":"https:\/\/tajkertesz.com\/?post_type=product&#038;p=12281"},"modified":"2025-01-16T12:23:21","modified_gmt":"2025-01-16T12:23:21","slug":"szaporitotalca-66-lyukas-28504-cm","status":"publish","type":"product","link":"https:\/\/tajkertesz.com\/en_US\/product\/szaporitotalca-66-lyukas-28504-cm\/","title":{"rendered":"Szapor\u00edt\u00f3t\u00e1lca 66 lyukas 28*50*4 cm"},"content":{"rendered":"<p>Szapor\u00edt\u00f3t\u00e1lca 66 lyukas 28*50*4 cm<\/p>\n<p>Szapor\u00edt\u00f3t\u00e1lca 66 lyukas 28*50*4 cm<\/p>\n<p>&nbsp;<\/p>\n<p>A meleg-ig\u00e9ny minden egyes n\u00f6v\u00e9ny eset\u00e9ben k\u00fcl\u00f6nb\u00f6zik, vagyis egyeseket belt\u00e9rben kell el\u00fcltetni (t\u00e1lc\u00e1kban, dugv\u00e1nyoz\u00f3kban vagy ed\u00e9nyekben), m\u00e1sokat pedig v\u00e9dett helyre (hideg\u00e1gy vagy f\u00f3lias\u00e1tor) vagy \u00e9ppens\u00e9ggel szabadf\u00f6ldbe. B\u00e1rmit is \u00fcltet\u00fcnk el azonban ak\u00e1r belt\u00e9rben ak\u00e1r k\u00fclt\u00e9ren, tudnunk kell, hogy milyen eszk\u00f6z\u00f6ket v\u00e1lasszunk a k\u00fcl\u00f6nb\u00f6z\u0151 n\u00f6v\u00e9nyt\u00edpusokhoz.<\/p>\n<h2>MAGVET\u00c9S MELEGBEN<\/h2>\n<p>B\u00e1r kint m\u00e9g mindig fagy, j\u00f3 \u00f6tlet lehet az els\u0151 magvakat m\u00e1r a t\u00e9l v\u00e9g\u00e9n elvetni, hogy ez\u00e1ltal m\u00e9g el\u0151r\u00e9bb hozhassuk a betakar\u00edt\u00e1st, biztos\u00edtva azt, hogy az \u00f6sszes mag elegend\u0151 f\u00e9nyt kapjon. A tr\u00f3pusi \u00e9ghajlatr\u00f3l sz\u00e1rmaz\u00f3 magvak k\u00fcl\u00f6n\u00f6sen ig\u00e9nylik az ilyen jelleg\u0171 gondoskod\u00e1st. A t\u00e9l v\u00e9gi magvet\u00e9st legink\u00e1bb a paradicsom-, padlizs\u00e1n- \u00e9s a beg\u00f3nia magvakkal kell kezdeni. Ne v\u00e1rjunk a jobb id\u0151re, a leveg\u0151 felmeleged\u00e9s\u00e9re!<\/p>\n<p><strong>Amennyiben nagyobb mennyis\u00e9gre lenne sz\u00fcks\u00e9g, vegye fel vel\u00fcnk a kapcsolatot \u00e9s beszerezz\u00fck!<\/strong><\/p>\n<p><strong>K\u00e9szlet\u00fcnk napi szinten v\u00e1ltozik, ez\u00e9rt a v\u00e1ltoz\u00e1s jog\u00e1t fenntartjuk!<\/strong><\/p>\n<p>&nbsp;<\/p>\n<p><a href=\"https:\/\/tajkertesz.com\/\">https:\/\/tajkertesz.com\/<\/a><\/p>\n<p><a href=\"https:\/\/www.facebook.com\/tajkertesz\/\">https:\/\/www.facebook.com\/tajkertesz\/<\/a><\/p>\n<h6><span style=\"color: #ffffff;\"><strong>Szapor\u00edt\u00f3t\u00e1lca 66 lyukas 28*50*4 cm<\/strong><\/span><\/h6>\n<h6><\/h6>\n<h6><span style=\"color: #ffffff;\"><strong>A meleg-ig\u00e9ny minden egyes n\u00f6v\u00e9ny eset\u00e9ben k\u00fcl\u00f6nb\u00f6zik, vagyis egyeseket belt\u00e9rben kell el\u00fcltetni (t\u00e1lc\u00e1kban, dugv\u00e1nyoz\u00f3kban vagy ed\u00e9nyekben), m\u00e1sokat pedig v\u00e9dett helyre (hideg\u00e1gy vagy f\u00f3lias\u00e1tor) vagy \u00e9ppens\u00e9ggel szabadf\u00f6ldbe. B\u00e1rmit is \u00fcltet\u00fcnk el azonban ak\u00e1r belt\u00e9rben ak\u00e1r k\u00fclt\u00e9ren, tudnunk kell, hogy milyen eszk\u00f6z\u00f6ket v\u00e1lasszunk a k\u00fcl\u00f6nb\u00f6z\u0151 n\u00f6v\u00e9nyt\u00edpusokhoz.<\/strong><\/span><\/h6>\n<h6><span style=\"color: #ffffff;\"><strong>MAGVET\u00c9S MELEGBEN<\/strong><\/span><\/h6>\n<h6><span style=\"color: #ffffff;\"><strong>B\u00e1r kint m\u00e9g mindig fagy, j\u00f3 \u00f6tlet lehet az els\u0151 magvakat m\u00e1r a t\u00e9l v\u00e9g\u00e9n elvetni, hogy ez\u00e1ltal m\u00e9g el\u0151r\u00e9bb hozhassuk a betakar\u00edt\u00e1st, biztos\u00edtva azt, hogy az \u00f6sszes mag elegend\u0151 f\u00e9nyt kapjon. A tr\u00f3pusi \u00e9ghajlatr\u00f3l sz\u00e1rmaz\u00f3 magvak k\u00fcl\u00f6n\u00f6sen ig\u00e9nylik az ilyen jelleg\u0171 gondoskod\u00e1st. A t\u00e9l v\u00e9gi magvet\u00e9st legink\u00e1bb a paradicsom-, padlizs\u00e1n- \u00e9s a beg\u00f3nia magvakkal kell kezdeni. Ne v\u00e1rjunk a jobb id\u0151re, a leveg\u0151 felmeleged\u00e9s\u00e9re!<\/strong><\/span><\/h6>\n<h6><span style=\"color: #ffffff;\"><strong>Amennyiben nagyobb mennyis\u00e9gre lenne sz\u00fcks\u00e9g, vegye fel vel\u00fcnk a kapcsolatot \u00e9s beszerezz\u00fck!<\/strong><\/span><\/h6>\n<h6><span style=\"color: #ffffff;\"><strong>K\u00e9szlet\u00fcnk napi szinten v\u00e1ltozik, ez\u00e9rt a v\u00e1ltoz\u00e1s jog\u00e1t fenntartjuk!<\/strong><\/span><\/h6>\n<h6><\/h6>","protected":false},"excerpt":{"rendered":"<p>Szapor\u00edt\u00f3t\u00e1lca 66 lyukas 28*50*4 cm<\/p>\n<p>&nbsp;<\/p>\n<p>A meleg-ig\u00e9ny minden egyes n\u00f6v\u00e9ny eset\u00e9ben k\u00fcl\u00f6nb\u00f6zik, vagyis egyeseket belt\u00e9rben kell el\u00fcltetni (t\u00e1lc\u00e1kban, dugv\u00e1nyoz\u00f3kban vagy ed\u00e9nyekben), m\u00e1sokat pedig v\u00e9dett helyre (hideg\u00e1gy vagy f\u00f3lias\u00e1tor) vagy \u00e9ppens\u00e9ggel szabadf\u00f6ldbe. B\u00e1rmit is \u00fcltet\u00fcnk el azonban ak\u00e1r belt\u00e9rben ak\u00e1r k\u00fclt\u00e9ren, tudnunk kell, hogy milyen eszk\u00f6z\u00f6ket v\u00e1lasszunk a k\u00fcl\u00f6nb\u00f6z\u0151 n\u00f6v\u00e9nyt\u00edpusokhoz.<\/p>\n<h2>MAGVET\u00c9S MELEGBEN<\/h2>\n<p>B\u00e1r kint m\u00e9g mindig fagy, j\u00f3 \u00f6tlet lehet az els\u0151 magvakat m\u00e1r a t\u00e9l v\u00e9g\u00e9n elvetni, hogy ez\u00e1ltal m\u00e9g el\u0151r\u00e9bb hozhassuk a betakar\u00edt\u00e1st, biztos\u00edtva azt, hogy az \u00f6sszes mag elegend\u0151 f\u00e9nyt kapjon. A tr\u00f3pusi \u00e9ghajlatr\u00f3l sz\u00e1rmaz\u00f3 magvak k\u00fcl\u00f6n\u00f6sen ig\u00e9nylik az ilyen jelleg\u0171 gondoskod\u00e1st. A t\u00e9l v\u00e9gi magvet\u00e9st legink\u00e1bb a paradicsom-, padlizs\u00e1n- \u00e9s a beg\u00f3nia magvakkal kell kezdeni. Ne v\u00e1rjunk a jobb id\u0151re, a leveg\u0151 felmeleged\u00e9s\u00e9re!<\/p>\n<p><strong>Amennyiben nagyobb mennyis\u00e9gre lenne sz\u00fcks\u00e9g, vegye fel vel\u00fcnk a kapcsolatot \u00e9s beszerezz\u00fck!<\/strong><\/p>\n<p><strong>K\u00e9szlet\u00fcnk napi szinten v\u00e1ltozik, ez\u00e9rt a v\u00e1ltoz\u00e1s jog\u00e1t fenntartjuk!<\/strong><\/p>\n<p>&nbsp;<\/p>","protected":false},"featured_media":12282,"template":"","meta":{"_et_pb_use_builder":"","_et_pb_old_content":"","_et_gb_content_width":""},"product_brand":[],"product_cat":[3652],"product_tag":[3659,3658,3657,3656],"class_list":{"0":"post-12281","1":"product","2":"type-product","3":"status-publish","4":"has-post-thumbnail","6":"product_cat-magvetes-palantazas","7":"product_tag-28504-cm","8":"product_tag-66-lyukas","9":"product_tag-szaporitotalca","10":"product_tag-szaporitotalca-66-lyukas-28504-cm","12":"first","13":"instock","14":"shipping-taxable","15":"purchasable","16":"product-type-simple"},"yoast_head":"<!-- This site is optimized with the Yoast SEO plugin v27.5 - https:\/\/yoast.com\/product\/yoast-seo-wordpress\/ -->\n<title>Szapor\u00edt\u00f3t\u00e1lca 66 lyukas 28*50*4 cm - T\u00e1jkert\u00e9sz<\/title>\n<meta name=\"description\" content=\"Szapor\u00edt\u00f3t\u00e1lca 66 lyukas 28*50*4 cm. B\u00e1r kint m\u00e9g mindig fagy, j\u00f3 \u00f6tlet lehet az els\u0151 magokat m\u00e1r a t\u00e9l v\u00e9g\u00e9n elvetni.\" \/>\n<meta name=\"robots\" content=\"index, follow, max-snippet:-1, max-image-preview:large, max-video-preview:-1\" \/>\n<link rel=\"canonical\" href=\"https:\/\/tajkertesz.com\/en_US\/product\/szaporitotalca-66-lyukas-28504-cm\/\" \/>\n<meta property=\"og:locale\" content=\"en_US\" \/>\n<meta property=\"og:type\" content=\"article\" \/>\n<meta property=\"og:title\" content=\"Szapor\u00edt\u00f3t\u00e1lca 66 lyukas 28*50*4 cm - T\u00e1jkert\u00e9sz\" \/>\n<meta property=\"og:description\" content=\"Szapor\u00edt\u00f3t\u00e1lca 66 lyukas 28*50*4 cm. B\u00e1r kint m\u00e9g mindig fagy, j\u00f3 \u00f6tlet lehet az els\u0151 magokat m\u00e1r a t\u00e9l v\u00e9g\u00e9n elvetni.\" \/>\n<meta property=\"og:url\" content=\"https:\/\/tajkertesz.com\/en_US\/product\/szaporitotalca-66-lyukas-28504-cm\/\" \/>\n<meta property=\"og:site_name\" content=\"T\u00e1jkert\u00e9sz\" \/>\n<meta property=\"article:publisher\" content=\"https:\/\/www.facebook.com\/Tajkertesz\/\" \/>\n<meta property=\"article:modified_time\" content=\"2025-01-16T12:23:21+00:00\" \/>\n<meta property=\"og:image\" content=\"https:\/\/tajkertesz.com\/wp-content\/uploads\/2022\/01\/Szaporitotalca-66-lyukas.png\" \/>\n\t<meta property=\"og:image:width\" content=\"792\" \/>\n\t<meta property=\"og:image:height\" content=\"484\" \/>\n\t<meta property=\"og:image:type\" content=\"image\/png\" \/>\n<meta name=\"twitter:card\" content=\"summary_large_image\" \/>\n<meta name=\"twitter:label1\" content=\"Est. reading time\" \/>\n\t<meta name=\"twitter:data1\" content=\"2 minutes\" \/>\n<script type=\"application\/ld+json\" class=\"yoast-schema-graph\">{\"@context\":\"https:\\\/\\\/schema.org\",\"@graph\":[{\"@type\":\"WebPage\",\"@id\":\"https:\\\/\\\/tajkertesz.com\\\/termek\\\/szaporitotalca-66-lyukas-28504-cm\\\/\",\"url\":\"https:\\\/\\\/tajkertesz.com\\\/termek\\\/szaporitotalca-66-lyukas-28504-cm\\\/\",\"name\":\"Szapor\u00edt\u00f3t\u00e1lca 66 lyukas 28*50*4 cm - T\u00e1jkert\u00e9sz\",\"isPartOf\":{\"@id\":\"https:\\\/\\\/tajkertesz.com\\\/#website\"},\"primaryImageOfPage\":{\"@id\":\"https:\\\/\\\/tajkertesz.com\\\/termek\\\/szaporitotalca-66-lyukas-28504-cm\\\/#primaryimage\"},\"image\":{\"@id\":\"https:\\\/\\\/tajkertesz.com\\\/termek\\\/szaporitotalca-66-lyukas-28504-cm\\\/#primaryimage\"},\"thumbnailUrl\":\"https:\\\/\\\/tajkertesz.com\\\/wp-content\\\/uploads\\\/2022\\\/01\\\/Szaporitotalca-66-lyukas.png\",\"datePublished\":\"2022-01-28T11:15:37+00:00\",\"dateModified\":\"2025-01-16T12:23:21+00:00\",\"description\":\"Szapor\u00edt\u00f3t\u00e1lca 66 lyukas 28*50*4 cm. B\u00e1r kint m\u00e9g mindig fagy, j\u00f3 \u00f6tlet lehet az els\u0151 magokat m\u00e1r a t\u00e9l v\u00e9g\u00e9n elvetni.\",\"breadcrumb\":{\"@id\":\"https:\\\/\\\/tajkertesz.com\\\/termek\\\/szaporitotalca-66-lyukas-28504-cm\\\/#breadcrumb\"},\"inLanguage\":\"en-US\",\"potentialAction\":[{\"@type\":\"ReadAction\",\"target\":[\"https:\\\/\\\/tajkertesz.com\\\/termek\\\/szaporitotalca-66-lyukas-28504-cm\\\/\"]}]},{\"@type\":\"ImageObject\",\"inLanguage\":\"en-US\",\"@id\":\"https:\\\/\\\/tajkertesz.com\\\/termek\\\/szaporitotalca-66-lyukas-28504-cm\\\/#primaryimage\",\"url\":\"https:\\\/\\\/tajkertesz.com\\\/wp-content\\\/uploads\\\/2022\\\/01\\\/Szaporitotalca-66-lyukas.png\",\"contentUrl\":\"https:\\\/\\\/tajkertesz.com\\\/wp-content\\\/uploads\\\/2022\\\/01\\\/Szaporitotalca-66-lyukas.png\",\"width\":792,\"height\":484},{\"@type\":\"BreadcrumbList\",\"@id\":\"https:\\\/\\\/tajkertesz.com\\\/termek\\\/szaporitotalca-66-lyukas-28504-cm\\\/#breadcrumb\",\"itemListElement\":[{\"@type\":\"ListItem\",\"position\":1,\"name\":\"Home\",\"item\":\"https:\\\/\\\/tajkertesz.com\\\/\"},{\"@type\":\"ListItem\",\"position\":2,\"name\":\"Kezd\u0151lap\",\"item\":\"https:\\\/\\\/tajkertesz.com\\\/\"},{\"@type\":\"ListItem\",\"position\":3,\"name\":\"Szapor\u00edt\u00f3t\u00e1lca 66 lyukas 28*50*4 cm\"}]},{\"@type\":\"WebSite\",\"@id\":\"https:\\\/\\\/tajkertesz.com\\\/#website\",\"url\":\"https:\\\/\\\/tajkertesz.com\\\/\",\"name\":\"T\u00e1j-Kert\u00e9sz 84 Kft.\",\"description\":\"Kert\u00e9szeti kis- \u00e9s nagykeresked\u00e9s, D\u00edszn\u00f6v\u00e9ny web\u00e1ruh\u00e1z orsz\u00e1gos h\u00e1zhozsz\u00e1ll\u00edt\u00e1ssal!\",\"publisher\":{\"@id\":\"https:\\\/\\\/tajkertesz.com\\\/#organization\"},\"potentialAction\":[{\"@type\":\"SearchAction\",\"target\":{\"@type\":\"EntryPoint\",\"urlTemplate\":\"https:\\\/\\\/tajkertesz.com\\\/?s={search_term_string}\"},\"query-input\":{\"@type\":\"PropertyValueSpecification\",\"valueRequired\":true,\"valueName\":\"search_term_string\"}}],\"inLanguage\":\"en-US\"},{\"@type\":\"Organization\",\"@id\":\"https:\\\/\\\/tajkertesz.com\\\/#organization\",\"name\":\"T\u00e1j-Kert\u00e9sz 84 Kft.\",\"url\":\"https:\\\/\\\/tajkertesz.com\\\/\",\"logo\":{\"@type\":\"ImageObject\",\"inLanguage\":\"en-US\",\"@id\":\"https:\\\/\\\/tajkertesz.com\\\/#\\\/schema\\\/logo\\\/image\\\/\",\"url\":\"https:\\\/\\\/tajkertesz.com\\\/wp-content\\\/uploads\\\/2018\\\/02\\\/logo-2-e1518678052539.png\",\"contentUrl\":\"https:\\\/\\\/tajkertesz.com\\\/wp-content\\\/uploads\\\/2018\\\/02\\\/logo-2-e1518678052539.png\",\"width\":81,\"height\":140,\"caption\":\"T\u00e1j-Kert\u00e9sz 84 Kft.\"},\"image\":{\"@id\":\"https:\\\/\\\/tajkertesz.com\\\/#\\\/schema\\\/logo\\\/image\\\/\"},\"sameAs\":[\"https:\\\/\\\/www.facebook.com\\\/Tajkertesz\\\/\"]}]}<\/script>\n<!-- \/ Yoast SEO plugin. -->","yoast_head_json":{"title":"Szapor\u00edt\u00f3t\u00e1lca 66 lyukas 28*50*4 cm - T\u00e1jkert\u00e9sz","description":"Szapor\u00edt\u00f3t\u00e1lca 66 lyukas 28*50*4 cm. B\u00e1r kint m\u00e9g mindig fagy, j\u00f3 \u00f6tlet lehet az els\u0151 magokat m\u00e1r a t\u00e9l v\u00e9g\u00e9n elvetni.","robots":{"index":"index","follow":"follow","max-snippet":"max-snippet:-1","max-image-preview":"max-image-preview:large","max-video-preview":"max-video-preview:-1"},"canonical":"https:\/\/tajkertesz.com\/en_US\/product\/szaporitotalca-66-lyukas-28504-cm\/","og_locale":"en_US","og_type":"article","og_title":"Szapor\u00edt\u00f3t\u00e1lca 66 lyukas 28*50*4 cm - T\u00e1jkert\u00e9sz","og_description":"Szapor\u00edt\u00f3t\u00e1lca 66 lyukas 28*50*4 cm. B\u00e1r kint m\u00e9g mindig fagy, j\u00f3 \u00f6tlet lehet az els\u0151 magokat m\u00e1r a t\u00e9l v\u00e9g\u00e9n elvetni.","og_url":"https:\/\/tajkertesz.com\/en_US\/product\/szaporitotalca-66-lyukas-28504-cm\/","og_site_name":"T\u00e1jkert\u00e9sz","article_publisher":"https:\/\/www.facebook.com\/Tajkertesz\/","article_modified_time":"2025-01-16T12:23:21+00:00","og_image":[{"width":792,"height":484,"url":"https:\/\/tajkertesz.com\/wp-content\/uploads\/2022\/01\/Szaporitotalca-66-lyukas.png","type":"image\/png"}],"twitter_card":"summary_large_image","twitter_misc":{"Est. reading time":"2 minutes"},"schema":{"@context":"https:\/\/schema.org","@graph":[{"@type":"WebPage","@id":"https:\/\/tajkertesz.com\/termek\/szaporitotalca-66-lyukas-28504-cm\/","url":"https:\/\/tajkertesz.com\/termek\/szaporitotalca-66-lyukas-28504-cm\/","name":"Szapor\u00edt\u00f3t\u00e1lca 66 lyukas 28*50*4 cm - T\u00e1jkert\u00e9sz","isPartOf":{"@id":"https:\/\/tajkertesz.com\/#website"},"primaryImageOfPage":{"@id":"https:\/\/tajkertesz.com\/termek\/szaporitotalca-66-lyukas-28504-cm\/#primaryimage"},"image":{"@id":"https:\/\/tajkertesz.com\/termek\/szaporitotalca-66-lyukas-28504-cm\/#primaryimage"},"thumbnailUrl":"https:\/\/tajkertesz.com\/wp-content\/uploads\/2022\/01\/Szaporitotalca-66-lyukas.png","datePublished":"2022-01-28T11:15:37+00:00","dateModified":"2025-01-16T12:23:21+00:00","description":"Szapor\u00edt\u00f3t\u00e1lca 66 lyukas 28*50*4 cm. B\u00e1r kint m\u00e9g mindig fagy, j\u00f3 \u00f6tlet lehet az els\u0151 magokat m\u00e1r a t\u00e9l v\u00e9g\u00e9n elvetni.","breadcrumb":{"@id":"https:\/\/tajkertesz.com\/termek\/szaporitotalca-66-lyukas-28504-cm\/#breadcrumb"},"inLanguage":"en-US","potentialAction":[{"@type":"ReadAction","target":["https:\/\/tajkertesz.com\/termek\/szaporitotalca-66-lyukas-28504-cm\/"]}]},{"@type":"ImageObject","inLanguage":"en-US","@id":"https:\/\/tajkertesz.com\/termek\/szaporitotalca-66-lyukas-28504-cm\/#primaryimage","url":"https:\/\/tajkertesz.com\/wp-content\/uploads\/2022\/01\/Szaporitotalca-66-lyukas.png","contentUrl":"https:\/\/tajkertesz.com\/wp-content\/uploads\/2022\/01\/Szaporitotalca-66-lyukas.png","width":792,"height":484},{"@type":"BreadcrumbList","@id":"https:\/\/tajkertesz.com\/termek\/szaporitotalca-66-lyukas-28504-cm\/#breadcrumb","itemListElement":[{"@type":"ListItem","position":1,"name":"Home","item":"https:\/\/tajkertesz.com\/"},{"@type":"ListItem","position":2,"name":"Kezd\u0151lap","item":"https:\/\/tajkertesz.com\/"},{"@type":"ListItem","position":3,"name":"Szapor\u00edt\u00f3t\u00e1lca 66 lyukas 28*50*4 cm"}]},{"@type":"WebSite","@id":"https:\/\/tajkertesz.com\/#website","url":"https:\/\/tajkertesz.com\/","name":"T\u00e1j-Kert\u00e9sz 84 Kft.","description":"Kert\u00e9szeti kis- \u00e9s nagykeresked\u00e9s, D\u00edszn\u00f6v\u00e9ny web\u00e1ruh\u00e1z orsz\u00e1gos h\u00e1zhozsz\u00e1ll\u00edt\u00e1ssal!","publisher":{"@id":"https:\/\/tajkertesz.com\/#organization"},"potentialAction":[{"@type":"SearchAction","target":{"@type":"EntryPoint","urlTemplate":"https:\/\/tajkertesz.com\/?s={search_term_string}"},"query-input":{"@type":"PropertyValueSpecification","valueRequired":true,"valueName":"search_term_string"}}],"inLanguage":"en-US"},{"@type":"Organization","@id":"https:\/\/tajkertesz.com\/#organization","name":"T\u00e1j-Kert\u00e9sz 84 Kft.","url":"https:\/\/tajkertesz.com\/","logo":{"@type":"ImageObject","inLanguage":"en-US","@id":"https:\/\/tajkertesz.com\/#\/schema\/logo\/image\/","url":"https:\/\/tajkertesz.com\/wp-content\/uploads\/2018\/02\/logo-2-e1518678052539.png","contentUrl":"https:\/\/tajkertesz.com\/wp-content\/uploads\/2018\/02\/logo-2-e1518678052539.png","width":81,"height":140,"caption":"T\u00e1j-Kert\u00e9sz 84 Kft."},"image":{"@id":"https:\/\/tajkertesz.com\/#\/schema\/logo\/image\/"},"sameAs":["https:\/\/www.facebook.com\/Tajkertesz\/"]}]}},"_links":{"self":[{"href":"https:\/\/tajkertesz.com\/en_US\/wp-json\/wp\/v2\/product\/12281","targetHints":{"allow":["GET"]}}],"collection":[{"href":"https:\/\/tajkertesz.com\/en_US\/wp-json\/wp\/v2\/product"}],"about":[{"href":"https:\/\/tajkertesz.com\/en_US\/wp-json\/wp\/v2\/types\/product"}],"wp:featuredmedia":[{"embeddable":true,"href":"https:\/\/tajkertesz.com\/en_US\/wp-json\/wp\/v2\/media\/12282"}],"wp:attachment":[{"href":"https:\/\/tajkertesz.com\/en_US\/wp-json\/wp\/v2\/media?parent=12281"}],"wp:term":[{"taxonomy":"product_brand","embeddable":true,"href":"https:\/\/tajkertesz.com\/en_US\/wp-json\/wp\/v2\/product_brand?post=12281"},{"taxonomy":"product_cat","embeddable":true,"href":"https:\/\/tajkertesz.com\/en_US\/wp-json\/wp\/v2\/product_cat?post=12281"},{"taxonomy":"product_tag","embeddable":true,"href":"https:\/\/tajkertesz.com\/en_US\/wp-json\/wp\/v2\/product_tag?post=12281"}],"curies":[{"name":"wp","href":"https:\/\/api.w.org\/{rel}","templated":true}]}}