{"id":1230,"date":"2020-03-09T11:20:20","date_gmt":"2020-03-09T11:20:20","guid":{"rendered":"https:\/\/tajkertesz.com\/?post_type=product&#038;p=1230"},"modified":"2025-03-06T08:22:39","modified_gmt":"2025-03-06T08:22:39","slug":"caryopteris-clandonensis-white-surprise","status":"publish","type":"product","link":"https:\/\/tajkertesz.com\/en_US\/product\/caryopteris-clandonensis-white-surprise\/","title":{"rendered":"Caryopteris clandonensis &#8216;White Surprise&#8217;,K\u00e9kszak\u00e1ll"},"content":{"rendered":"<h3>Caryopteris clandonensis &#8216;White Surprise&#8217; K\u00e9kszak\u00e1ll<\/h3>\n<p>Caryopteris clandonensis &#8216;White Surprise&#8217;,Feh\u00e9r tarka k\u00e9kszak\u00e1ll alakja fel\u00e1ll\u00f3, id\u0151sebb korban kiss\u00e9 sz\u00e9t\u00e1ll\u00f3 hajt\u00e1srendszer\u0171 lombhullat\u00f3 cserje.<\/p>\n<p>Kifejlett magass\u00e1g: 1-1,5 m<\/p>\n<h3>Lev\u00e9l: hossz\u00fak\u00e1s toj\u00e1sdadok, sz\u00fcrk\u00e9sz\u00f6ldek, feh\u00e9r tark\u00e1k, kiss\u00e9 f\u0171r\u00e9szes sz\u00e9l\u0171ek, megd\u00f6rzs\u00f6lve f\u0171szeres arom\u00e1j\u00faak.<\/h3>\n<p>Vir\u00e1g: apr\u00f3k, hossz\u00fa porz\u00f3j\u00fa ajakos vir\u00e1gok, k\u00e9k sz\u00edn\u0171ek, nagy t\u00f6megben ny\u00edlnak, laza, leveles, buga szer\u0171 vir\u00e1gzatba t\u00f6m\u00f6r\u00fclnek. Augusztus- szeptember h\u00f3napban vir\u00e1gzik mikor m\u00e1r minden m\u00e1s nem\u00a0 ny\u00edlik.<\/p>\n<p>&nbsp;<\/p>\n<p><a href=\"https:\/\/tajkertesz.com\/\">https:\/\/tajkertesz.com\/<\/a><\/p>\n<p><a href=\"https:\/\/hu.wikipedia.org\/wiki\/K%C3%A9kszak%C3%A1ll_(n%C3%B6v%C3%A9ny)\">https:\/\/hu.wikipedia.org\/wiki\/K%C3%A9kszak%C3%A1ll_(n%C3%B6v%C3%A9ny)<\/a><\/p>\n<p><span style=\"color: #ffffff;\">J\u00f3 t\u0171r\u0151k\u00e9pess\u00e9g\u0171, 120cm-es magass\u00e1got el\u00e9r\u0151 lombhullat\u00f3 f\u00e9lcserje, mely ny\u00e1r v\u00e9gi \u0151szi vir\u00e1gz\u00e1s\u00e1val \u00faj sz\u00ednt teremt a kertekben. Kiss\u00e9 sz\u00e9t\u00e1ll\u00f3 hajt\u00e1srendszer\u0171, enyh\u00e9n hull\u00e1mos f\u0171r\u00e9szes sz\u00e9l\u0171 sz\u00fcrk\u00e9sz\u00f6ld levelei feh\u00e9ren szeg\u00e9lyezettek, arom\u00e1s illat\u00faak. K\u00e9k sz\u00edn\u0171 ajakos vir\u00e1gai nagy t\u00f6megben ny\u00edlnak, vonzz\u00e1k a m\u00e9heket.<\/span><\/p>\n<p><span style=\"color: #ffffff;\">Talaj:<\/span><\/p>\n<p><span style=\"color: #ffffff;\">J\u00f3 v\u00edz\u00e1tereszt\u0151 \u00e1tlagos kerti talajba \u00fcltess\u00fck napos vagy r\u00e9szben \u00e1rny\u00e9kos helyre.<\/span><br \/>\n<span style=\"color: #ffffff;\">Kora tavasszal er\u0151sen metssz\u00fck meg. Er\u0151sebb, eg\u00e9szs\u00e9gesebb hajt\u00e1sok fejl\u0151dnek \u00e9s az \u00faj hajt\u00e1sok v\u00e9gein hozza a vir\u00e1gokat.<\/span><\/p>\n<p><span style=\"color: #ffffff;\">Le\u00edr\u00e1s:<\/span><\/p>\n<p>&nbsp;<\/p>\n<p><span style=\"color: #ffffff;\">Caryopteris clandonensis &#8216;White Surprise&#8217;,Feh\u00e9r tarka k\u00e9kszak\u00e1ll alakja fel\u00e1ll\u00f3, id\u0151sebb korban kiss\u00e9 sz\u00e9t\u00e1ll\u00f3 hajt\u00e1srendszer\u0171 lombhullat\u00f3 cserje.<\/span><\/p>\n<p><span style=\"color: #ffffff;\">Kifejlett magass\u00e1g: 1-1,5 m<\/span><\/p>\n<p><span style=\"color: #ffffff;\">Lev\u00e9l: hossz\u00fak\u00e1s toj\u00e1sdadok, sz\u00fcrk\u00e9sz\u00f6ldek, feh\u00e9r tark\u00e1k, kiss\u00e9 f\u0171r\u00e9szes sz\u00e9l\u0171ek, megd\u00f6rzs\u00f6lve f\u0171szeres arom\u00e1j\u00faak.<\/span><\/p>\n<p><span style=\"color: #ffffff;\">Vir\u00e1g: apr\u00f3k, hossz\u00fa porz\u00f3j\u00fa ajakos vir\u00e1gok, k\u00e9k sz\u00edn\u0171ek, nagy t\u00f6megben ny\u00edlnak, laza, leveles, buga szer\u0171 vir\u00e1gzatba t\u00f6m\u00f6r\u00fclnek. Augusztus- szeptember h\u00f3napban vir\u00e1gzik mikor m\u00e1r minden m\u00e1s nem\u00a0 ny\u00edlik.<\/span><\/p>\n<p><span style=\"color: #ffffff;\">\u00c1ltal\u00e1nos jellemz\u0151k:<\/span><\/p>\n<p><span style=\"color: #ffffff;\">A\u00a0<b>k\u00e9kszak\u00e1ll<\/b>\u00a0<i>(Caryopteris)<\/i>\u00a0az\u00a0<a style=\"color: #ffffff;\" title=\"\u00c1rvacsal\u00e1nf\u00e9l\u00e9k\" href=\"https:\/\/hu.wikipedia.org\/wiki\/%C3%81rvacsal%C3%A1nf%C3%A9l%C3%A9k\">\u00e1rvacsal\u00e1nf\u00e9l\u00e9k<\/a>\u00a0<i>(Lamiaceae)<\/i>\u00a0csal\u00e1dj\u00e1ba tartoz\u00f3 nemzets\u00e9g,\u00a0<a style=\"color: #ffffff;\" title=\"F\u00e1s sz\u00e1r\u00fa n\u00f6v\u00e9ny\" href=\"https:\/\/hu.wikipedia.org\/wiki\/F%C3%A1s_sz%C3%A1r%C3%BA_n%C3%B6v%C3%A9ny\">f\u00e1s sz\u00e1r\u00fa fajokkal<\/a>. Az\u00a0<a style=\"color: #ffffff;\" title=\"Angiosperm Phylogeny Group\" href=\"https:\/\/hu.wikipedia.org\/wiki\/Angiosperm_Phylogeny_Group\">APG<\/a>\u00a0a\u00a0<a style=\"color: #ffffff;\" title=\"Vasf\u0171f\u00e9l\u00e9k\" href=\"https:\/\/hu.wikipedia.org\/wiki\/Vasf%C5%B1f%C3%A9l%C3%A9k\">vasf\u0171f\u00e9l\u00e9k<\/a>\u00a0<i>(Verbenaceae)<\/i>\u00a0csal\u00e1dj\u00e1b\u00f3l ide \u00e1tsorolta. A\u00a0<a style=\"color: #ffffff;\" title=\"Nemzets\u00e9g (rendszertan)\" href=\"https:\/\/hu.wikipedia.org\/wiki\/Nemzets%C3%A9g_(rendszertan)\">nemzets\u00e9gbe<\/a>\u00a0tartoz\u00f3 fajok k\u00f6z\u00fcl kert\u00e9szetileg az al\u00e1bbiak jelent\u0151sek.<\/span><\/p>\n<p><span style=\"color: #ffffff;\"><a class=\"new\" style=\"color: #ffffff;\" title=\"K\u00ednai k\u00e9kszak\u00e1ll (a lap nem l\u00e9tezik)\" href=\"https:\/\/hu.wikipedia.org\/w\/index.php?title=K%C3%ADnai_k%C3%A9kszak%C3%A1ll&amp;action=edit&amp;redlink=1\">K\u00ednai k\u00e9kszak\u00e1ll<\/a>\u00a0<i>C. Incana<\/i>\u00a0(C. mastacanthus)<\/span><\/p>\n<p><span style=\"color: #ffffff;\">Haz\u00e1ja \u00c9szaknyugat-<a style=\"color: #ffffff;\" title=\"K\u00edna\" href=\"https:\/\/hu.wikipedia.org\/wiki\/K%C3%ADna\">K\u00edna<\/a>,\u00a0<a style=\"color: #ffffff;\" title=\"Jap\u00e1n\" href=\"https:\/\/hu.wikipedia.org\/wiki\/Jap%C3%A1n\">Jap\u00e1n<\/a>. \u00cdvesen lehajl\u00f3 vessz\u0151j\u0171, g\u00f6mb\u00f6lyded, 50\u2013100 cm-es\u00a0<a style=\"color: #ffffff;\" title=\"Cserje\" href=\"https:\/\/hu.wikipedia.org\/wiki\/Cserje\">cserje<\/a>. Levelei toj\u00e1sdadok, vagy hossz\u00fak\u00e1s toj\u00e1sdadok, durv\u00e1n f\u0171r\u00e9szesek. Az eg\u00e9sz n\u00f6v\u00e9ny sz\u00fcrk\u00e9n sz\u0151r\u00f6s. Lil\u00e1sk\u00e9k\u00a0<a style=\"color: #ffffff;\" title=\"Vir\u00e1g (botanika)\" href=\"https:\/\/hu.wikipedia.org\/wiki\/Vir%C3%A1g_(botanika)\">vir\u00e1gai<\/a>\u00a0augusztusban-szeptemberben az idei hajt\u00e1sokon a levelek h\u00f3nalj\u00e1ban kis bug\u00e1kban ny\u00edlnak. Laza talajt, napos, meleg fekv\u00e9st k\u00edv\u00e1n. A sz\u00e1razs\u00e1got j\u00f3l b\u00edrja. A t\u00e9li f\u00f6l\u00f6s v\u00edzre \u00e9rz\u00e9keny-h\u00fasos gy\u00f6kerei k\u00f6nnyen rothadnak. D\u00e9li t\u00e1jol\u00e1s\u00fa\u00a0<a class=\"new\" style=\"color: #ffffff;\" title=\"R\u00e9zs\u0171 (a lap nem l\u00e9tezik)\" href=\"https:\/\/hu.wikipedia.org\/w\/index.php?title=R%C3%A9zs%C5%B1&amp;action=edit&amp;redlink=1\">r\u00e9zs\u0171be<\/a>, k\u0151ed\u00e9nyekbe,\u00a0<a class=\"new\" style=\"color: #ffffff;\" title=\"Sziklakert (a lap nem l\u00e9tezik)\" href=\"https:\/\/hu.wikipedia.org\/w\/index.php?title=Sziklakert&amp;action=edit&amp;redlink=1\">sziklakertbe<\/a>\u00a0alkalmas. Hajt\u00e1sa kem\u00e9ny teleken visszafagyhat, de ez a vir\u00e1gz\u00e1st nem befoly\u00e1solja. Fiatalon gyorsan n\u0151, ez\u00e9rt laza, meleg talajon\u00a0<a class=\"new\" style=\"color: #ffffff;\" title=\"Talajtakar\u00f3 (a lap nem l\u00e9tezik)\" href=\"https:\/\/hu.wikipedia.org\/w\/index.php?title=Talajtakar%C3%B3&amp;action=edit&amp;redlink=1\">talajtakar\u00f3nak<\/a>\u00a0is felhaszn\u00e1lhat\u00f3.<\/span><\/p>\n<p><span style=\"color: #ffffff;\"><a class=\"new\" style=\"color: #ffffff;\" title=\"Angol k\u00e9kszak\u00e1ll (a lap nem l\u00e9tezik)\" href=\"https:\/\/hu.wikipedia.org\/w\/index.php?title=Angol_k%C3%A9kszak%C3%A1ll&amp;action=edit&amp;redlink=1\">Angol k\u00e9kszak\u00e1ll<\/a>\u00a0<i>C. x Clandonensis<\/i>\u00a0(C. incana x C. mongolica)<\/span><\/p>\n<p>&nbsp;<\/p>\n<p>&nbsp;<\/p>\n<p>&nbsp;<\/p>","protected":false},"excerpt":{"rendered":"<p>Caryopteris clandonensis &#8216;White Surprise&#8217;,Feh\u00e9r tarka k\u00e9kszak\u00e1ll alakja fel\u00e1ll\u00f3, id\u0151sebb korban kiss\u00e9 sz\u00e9t\u00e1ll\u00f3 hajt\u00e1srendszer\u0171 lombhullat\u00f3 cserje.<\/p>\n<p>Kifejlett magass\u00e1g: 1-1,5 m<\/p>\n<p>Lev\u00e9l: hossz\u00fak\u00e1s toj\u00e1sdadok, sz\u00fcrk\u00e9sz\u00f6ldek, feh\u00e9r tark\u00e1k, kiss\u00e9 f\u0171r\u00e9szes sz\u00e9l\u0171ek, megd\u00f6rzs\u00f6lve f\u0171szeres arom\u00e1j\u00faak.<\/p>\n<p>Vir\u00e1g: apr\u00f3k, hossz\u00fa porz\u00f3j\u00fa ajakos vir\u00e1gok, k\u00e9k sz\u00edn\u0171ek, nagy t\u00f6megben ny\u00edlnak, laza, leveles, buga szer\u0171 vir\u00e1gzatba t\u00f6m\u00f6r\u00fclnek. Augusztus- szeptember h\u00f3napban vir\u00e1gzik mikor m\u00e1r minden m\u00e1s nem\u00a0 ny\u00edlik.<\/p>\n<p>&nbsp;<\/p>","protected":false},"featured_media":1233,"template":"","meta":{"_et_pb_use_builder":"","_et_pb_old_content":"","_et_gb_content_width":""},"product_brand":[],"product_cat":[27],"product_tag":[268,269],"class_list":{"0":"post-1230","1":"product","2":"type-product","3":"status-publish","4":"has-post-thumbnail","6":"product_cat-cserjek","7":"product_tag-caryopteris-clandonensis-white-surprise","8":"product_tag-feher-tarka-kekszakall","10":"first","11":"outofstock","12":"shipping-taxable","13":"product-type-simple"},"yoast_head":"<!-- This site is optimized with the Yoast SEO plugin v27.6 - https:\/\/yoast.com\/product\/yoast-seo-wordpress\/ -->\n<title>Caryopteris clandonensis &#039;White Surprise&#039;,K\u00e9kszak\u00e1ll - T\u00e1jkert\u00e9sz<\/title>\n<meta name=\"description\" content=\"Caryopteris clandonensis &#039;White Surprise&#039;,Feh\u00e9r tarka k\u00e9kszak\u00e1ll alakja fel\u00e1ll\u00f3, id\u0151sebb korban kiss\u00e9 sz\u00e9t\u00e1ll\u00f3 hajt\u00e1srendszer\u0171 lombhullat\u00f3 cserje.\" \/>\n<meta name=\"robots\" content=\"index, follow, max-snippet:-1, max-image-preview:large, max-video-preview:-1\" \/>\n<link rel=\"canonical\" href=\"https:\/\/tajkertesz.com\/en_US\/product\/caryopteris-clandonensis-white-surprise\/\" \/>\n<meta property=\"og:locale\" content=\"en_US\" \/>\n<meta property=\"og:type\" content=\"article\" \/>\n<meta property=\"og:title\" content=\"Caryopteris clandonensis &#039;White Surprise&#039;,K\u00e9kszak\u00e1ll - T\u00e1jkert\u00e9sz\" \/>\n<meta property=\"og:description\" content=\"Caryopteris clandonensis &#039;White Surprise&#039;,Feh\u00e9r tarka k\u00e9kszak\u00e1ll alakja fel\u00e1ll\u00f3, id\u0151sebb korban kiss\u00e9 sz\u00e9t\u00e1ll\u00f3 hajt\u00e1srendszer\u0171 lombhullat\u00f3 cserje.\" \/>\n<meta property=\"og:url\" content=\"https:\/\/tajkertesz.com\/en_US\/product\/caryopteris-clandonensis-white-surprise\/\" \/>\n<meta property=\"og:site_name\" content=\"T\u00e1jkert\u00e9sz\" \/>\n<meta property=\"article:publisher\" content=\"https:\/\/www.facebook.com\/Tajkertesz\/\" \/>\n<meta property=\"article:modified_time\" content=\"2025-03-06T08:22:39+00:00\" \/>\n<meta property=\"og:image\" content=\"https:\/\/tajkertesz.com\/wp-content\/uploads\/2020\/03\/Caryopteris-White.jpg\" \/>\n\t<meta property=\"og:image:width\" content=\"800\" \/>\n\t<meta property=\"og:image:height\" content=\"800\" \/>\n\t<meta property=\"og:image:type\" content=\"image\/jpeg\" \/>\n<meta name=\"twitter:card\" content=\"summary_large_image\" \/>\n<meta name=\"twitter:label1\" content=\"Est. reading time\" \/>\n\t<meta name=\"twitter:data1\" content=\"2 minutes\" \/>\n<script type=\"application\/ld+json\" class=\"yoast-schema-graph\">{\"@context\":\"https:\\\/\\\/schema.org\",\"@graph\":[{\"@type\":\"WebPage\",\"@id\":\"https:\\\/\\\/tajkertesz.com\\\/termek\\\/caryopteris-clandonensis-white-surprise\\\/\",\"url\":\"https:\\\/\\\/tajkertesz.com\\\/termek\\\/caryopteris-clandonensis-white-surprise\\\/\",\"name\":\"Caryopteris clandonensis 'White Surprise',K\u00e9kszak\u00e1ll - T\u00e1jkert\u00e9sz\",\"isPartOf\":{\"@id\":\"https:\\\/\\\/tajkertesz.com\\\/#website\"},\"primaryImageOfPage\":{\"@id\":\"https:\\\/\\\/tajkertesz.com\\\/termek\\\/caryopteris-clandonensis-white-surprise\\\/#primaryimage\"},\"image\":{\"@id\":\"https:\\\/\\\/tajkertesz.com\\\/termek\\\/caryopteris-clandonensis-white-surprise\\\/#primaryimage\"},\"thumbnailUrl\":\"https:\\\/\\\/tajkertesz.com\\\/wp-content\\\/uploads\\\/2020\\\/03\\\/Caryopteris-White.jpg\",\"datePublished\":\"2020-03-09T11:20:20+00:00\",\"dateModified\":\"2025-03-06T08:22:39+00:00\",\"description\":\"Caryopteris clandonensis 'White Surprise',Feh\u00e9r tarka k\u00e9kszak\u00e1ll alakja fel\u00e1ll\u00f3, id\u0151sebb korban kiss\u00e9 sz\u00e9t\u00e1ll\u00f3 hajt\u00e1srendszer\u0171 lombhullat\u00f3 cserje.\",\"breadcrumb\":{\"@id\":\"https:\\\/\\\/tajkertesz.com\\\/termek\\\/caryopteris-clandonensis-white-surprise\\\/#breadcrumb\"},\"inLanguage\":\"en-US\",\"potentialAction\":[{\"@type\":\"ReadAction\",\"target\":[\"https:\\\/\\\/tajkertesz.com\\\/termek\\\/caryopteris-clandonensis-white-surprise\\\/\"]}]},{\"@type\":\"ImageObject\",\"inLanguage\":\"en-US\",\"@id\":\"https:\\\/\\\/tajkertesz.com\\\/termek\\\/caryopteris-clandonensis-white-surprise\\\/#primaryimage\",\"url\":\"https:\\\/\\\/tajkertesz.com\\\/wp-content\\\/uploads\\\/2020\\\/03\\\/Caryopteris-White.jpg\",\"contentUrl\":\"https:\\\/\\\/tajkertesz.com\\\/wp-content\\\/uploads\\\/2020\\\/03\\\/Caryopteris-White.jpg\",\"width\":800,\"height\":800},{\"@type\":\"BreadcrumbList\",\"@id\":\"https:\\\/\\\/tajkertesz.com\\\/termek\\\/caryopteris-clandonensis-white-surprise\\\/#breadcrumb\",\"itemListElement\":[{\"@type\":\"ListItem\",\"position\":1,\"name\":\"Home\",\"item\":\"https:\\\/\\\/tajkertesz.com\\\/\"},{\"@type\":\"ListItem\",\"position\":2,\"name\":\"Kezd\u0151lap\",\"item\":\"https:\\\/\\\/tajkertesz.com\\\/\"},{\"@type\":\"ListItem\",\"position\":3,\"name\":\"Caryopteris clandonensis &#8216;White Surprise&#8217;,K\u00e9kszak\u00e1ll\"}]},{\"@type\":\"WebSite\",\"@id\":\"https:\\\/\\\/tajkertesz.com\\\/#website\",\"url\":\"https:\\\/\\\/tajkertesz.com\\\/\",\"name\":\"T\u00e1j-Kert\u00e9sz 84 Kft.\",\"description\":\"Kert\u00e9szeti kis- \u00e9s nagykeresked\u00e9s, D\u00edszn\u00f6v\u00e9ny web\u00e1ruh\u00e1z orsz\u00e1gos h\u00e1zhozsz\u00e1ll\u00edt\u00e1ssal!\",\"publisher\":{\"@id\":\"https:\\\/\\\/tajkertesz.com\\\/#organization\"},\"potentialAction\":[{\"@type\":\"SearchAction\",\"target\":{\"@type\":\"EntryPoint\",\"urlTemplate\":\"https:\\\/\\\/tajkertesz.com\\\/?s={search_term_string}\"},\"query-input\":{\"@type\":\"PropertyValueSpecification\",\"valueRequired\":true,\"valueName\":\"search_term_string\"}}],\"inLanguage\":\"en-US\"},{\"@type\":\"Organization\",\"@id\":\"https:\\\/\\\/tajkertesz.com\\\/#organization\",\"name\":\"T\u00e1j-Kert\u00e9sz 84 Kft.\",\"url\":\"https:\\\/\\\/tajkertesz.com\\\/\",\"logo\":{\"@type\":\"ImageObject\",\"inLanguage\":\"en-US\",\"@id\":\"https:\\\/\\\/tajkertesz.com\\\/#\\\/schema\\\/logo\\\/image\\\/\",\"url\":\"https:\\\/\\\/tajkertesz.com\\\/wp-content\\\/uploads\\\/2018\\\/02\\\/logo-2-e1518678052539.png\",\"contentUrl\":\"https:\\\/\\\/tajkertesz.com\\\/wp-content\\\/uploads\\\/2018\\\/02\\\/logo-2-e1518678052539.png\",\"width\":81,\"height\":140,\"caption\":\"T\u00e1j-Kert\u00e9sz 84 Kft.\"},\"image\":{\"@id\":\"https:\\\/\\\/tajkertesz.com\\\/#\\\/schema\\\/logo\\\/image\\\/\"},\"sameAs\":[\"https:\\\/\\\/www.facebook.com\\\/Tajkertesz\\\/\"]}]}<\/script>\n<!-- \/ Yoast SEO plugin. -->","yoast_head_json":{"title":"Caryopteris clandonensis 'White Surprise',K\u00e9kszak\u00e1ll - T\u00e1jkert\u00e9sz","description":"Caryopteris clandonensis 'White Surprise',Feh\u00e9r tarka k\u00e9kszak\u00e1ll alakja fel\u00e1ll\u00f3, id\u0151sebb korban kiss\u00e9 sz\u00e9t\u00e1ll\u00f3 hajt\u00e1srendszer\u0171 lombhullat\u00f3 cserje.","robots":{"index":"index","follow":"follow","max-snippet":"max-snippet:-1","max-image-preview":"max-image-preview:large","max-video-preview":"max-video-preview:-1"},"canonical":"https:\/\/tajkertesz.com\/en_US\/product\/caryopteris-clandonensis-white-surprise\/","og_locale":"en_US","og_type":"article","og_title":"Caryopteris clandonensis 'White Surprise',K\u00e9kszak\u00e1ll - T\u00e1jkert\u00e9sz","og_description":"Caryopteris clandonensis 'White Surprise',Feh\u00e9r tarka k\u00e9kszak\u00e1ll alakja fel\u00e1ll\u00f3, id\u0151sebb korban kiss\u00e9 sz\u00e9t\u00e1ll\u00f3 hajt\u00e1srendszer\u0171 lombhullat\u00f3 cserje.","og_url":"https:\/\/tajkertesz.com\/en_US\/product\/caryopteris-clandonensis-white-surprise\/","og_site_name":"T\u00e1jkert\u00e9sz","article_publisher":"https:\/\/www.facebook.com\/Tajkertesz\/","article_modified_time":"2025-03-06T08:22:39+00:00","og_image":[{"width":800,"height":800,"url":"https:\/\/tajkertesz.com\/wp-content\/uploads\/2020\/03\/Caryopteris-White.jpg","type":"image\/jpeg"}],"twitter_card":"summary_large_image","twitter_misc":{"Est. reading time":"2 minutes"},"schema":{"@context":"https:\/\/schema.org","@graph":[{"@type":"WebPage","@id":"https:\/\/tajkertesz.com\/termek\/caryopteris-clandonensis-white-surprise\/","url":"https:\/\/tajkertesz.com\/termek\/caryopteris-clandonensis-white-surprise\/","name":"Caryopteris clandonensis 'White Surprise',K\u00e9kszak\u00e1ll - T\u00e1jkert\u00e9sz","isPartOf":{"@id":"https:\/\/tajkertesz.com\/#website"},"primaryImageOfPage":{"@id":"https:\/\/tajkertesz.com\/termek\/caryopteris-clandonensis-white-surprise\/#primaryimage"},"image":{"@id":"https:\/\/tajkertesz.com\/termek\/caryopteris-clandonensis-white-surprise\/#primaryimage"},"thumbnailUrl":"https:\/\/tajkertesz.com\/wp-content\/uploads\/2020\/03\/Caryopteris-White.jpg","datePublished":"2020-03-09T11:20:20+00:00","dateModified":"2025-03-06T08:22:39+00:00","description":"Caryopteris clandonensis 'White Surprise',Feh\u00e9r tarka k\u00e9kszak\u00e1ll alakja fel\u00e1ll\u00f3, id\u0151sebb korban kiss\u00e9 sz\u00e9t\u00e1ll\u00f3 hajt\u00e1srendszer\u0171 lombhullat\u00f3 cserje.","breadcrumb":{"@id":"https:\/\/tajkertesz.com\/termek\/caryopteris-clandonensis-white-surprise\/#breadcrumb"},"inLanguage":"en-US","potentialAction":[{"@type":"ReadAction","target":["https:\/\/tajkertesz.com\/termek\/caryopteris-clandonensis-white-surprise\/"]}]},{"@type":"ImageObject","inLanguage":"en-US","@id":"https:\/\/tajkertesz.com\/termek\/caryopteris-clandonensis-white-surprise\/#primaryimage","url":"https:\/\/tajkertesz.com\/wp-content\/uploads\/2020\/03\/Caryopteris-White.jpg","contentUrl":"https:\/\/tajkertesz.com\/wp-content\/uploads\/2020\/03\/Caryopteris-White.jpg","width":800,"height":800},{"@type":"BreadcrumbList","@id":"https:\/\/tajkertesz.com\/termek\/caryopteris-clandonensis-white-surprise\/#breadcrumb","itemListElement":[{"@type":"ListItem","position":1,"name":"Home","item":"https:\/\/tajkertesz.com\/"},{"@type":"ListItem","position":2,"name":"Kezd\u0151lap","item":"https:\/\/tajkertesz.com\/"},{"@type":"ListItem","position":3,"name":"Caryopteris clandonensis &#8216;White Surprise&#8217;,K\u00e9kszak\u00e1ll"}]},{"@type":"WebSite","@id":"https:\/\/tajkertesz.com\/#website","url":"https:\/\/tajkertesz.com\/","name":"T\u00e1j-Kert\u00e9sz 84 Kft.","description":"Kert\u00e9szeti kis- \u00e9s nagykeresked\u00e9s, D\u00edszn\u00f6v\u00e9ny web\u00e1ruh\u00e1z orsz\u00e1gos h\u00e1zhozsz\u00e1ll\u00edt\u00e1ssal!","publisher":{"@id":"https:\/\/tajkertesz.com\/#organization"},"potentialAction":[{"@type":"SearchAction","target":{"@type":"EntryPoint","urlTemplate":"https:\/\/tajkertesz.com\/?s={search_term_string}"},"query-input":{"@type":"PropertyValueSpecification","valueRequired":true,"valueName":"search_term_string"}}],"inLanguage":"en-US"},{"@type":"Organization","@id":"https:\/\/tajkertesz.com\/#organization","name":"T\u00e1j-Kert\u00e9sz 84 Kft.","url":"https:\/\/tajkertesz.com\/","logo":{"@type":"ImageObject","inLanguage":"en-US","@id":"https:\/\/tajkertesz.com\/#\/schema\/logo\/image\/","url":"https:\/\/tajkertesz.com\/wp-content\/uploads\/2018\/02\/logo-2-e1518678052539.png","contentUrl":"https:\/\/tajkertesz.com\/wp-content\/uploads\/2018\/02\/logo-2-e1518678052539.png","width":81,"height":140,"caption":"T\u00e1j-Kert\u00e9sz 84 Kft."},"image":{"@id":"https:\/\/tajkertesz.com\/#\/schema\/logo\/image\/"},"sameAs":["https:\/\/www.facebook.com\/Tajkertesz\/"]}]}},"_links":{"self":[{"href":"https:\/\/tajkertesz.com\/en_US\/wp-json\/wp\/v2\/product\/1230","targetHints":{"allow":["GET"]}}],"collection":[{"href":"https:\/\/tajkertesz.com\/en_US\/wp-json\/wp\/v2\/product"}],"about":[{"href":"https:\/\/tajkertesz.com\/en_US\/wp-json\/wp\/v2\/types\/product"}],"wp:featuredmedia":[{"embeddable":true,"href":"https:\/\/tajkertesz.com\/en_US\/wp-json\/wp\/v2\/media\/1233"}],"wp:attachment":[{"href":"https:\/\/tajkertesz.com\/en_US\/wp-json\/wp\/v2\/media?parent=1230"}],"wp:term":[{"taxonomy":"product_brand","embeddable":true,"href":"https:\/\/tajkertesz.com\/en_US\/wp-json\/wp\/v2\/product_brand?post=1230"},{"taxonomy":"product_cat","embeddable":true,"href":"https:\/\/tajkertesz.com\/en_US\/wp-json\/wp\/v2\/product_cat?post=1230"},{"taxonomy":"product_tag","embeddable":true,"href":"https:\/\/tajkertesz.com\/en_US\/wp-json\/wp\/v2\/product_tag?post=1230"}],"curies":[{"name":"wp","href":"https:\/\/api.w.org\/{rel}","templated":true}]}}