{"id":12328,"date":"2022-01-31T13:59:43","date_gmt":"2022-01-31T13:59:43","guid":{"rendered":"https:\/\/tajkertesz.com\/?post_type=product&#038;p=12328"},"modified":"2026-02-20T13:18:53","modified_gmt":"2026-02-20T13:18:53","slug":"dahlia-pompon-snowflake-dalia","status":"publish","type":"product","link":"https:\/\/tajkertesz.com\/en_US\/product\/dahlia-pompon-snowflake-dalia\/","title":{"rendered":"Dahlia Pompon Snowflake \/ D\u00e1lia"},"content":{"rendered":"<h1>Dahlia Pompon Snowflake \/ D\u00e1lia<\/h1>\n<h1>A Dahlia Pompon Snowflake \/ D\u00e1lia feh\u00e9r pompon vir\u00e1g\u00fa.<\/h1>\n<p>A d\u00e1lia fagy\u00e9rz\u00e9keny, csak az utols\u00f3 tavaszi fagyok elm\u00falt\u00e1val \u00fcltethet\u0151 a kertbe. Vir\u00e1gz\u00e1sa el\u0151bbre hozhat\u00f3, ha a szob\u00e1ban, cser\u00e9pben hajtatott t\u00f6veket \u00fcltet\u00fcnk ki. T\u00e1panyagban gazdag, j\u00f3 szerkezet\u0171, m\u00e9lyr\u00e9teg\u0171, k\u00f6zepesen k\u00f6t\u00f6tt v\u00e1lyogtalajon fejl\u0151dik a legszebben. Agyagos talajt laz\u00edthatunk homok hozz\u00e1ad\u00e1s\u00e1val, sz\u00e1raz homoktalajon viszont nem \u00e9rdemes d\u00e1li\u00e1t \u00fcltetni.<\/p>\n<p>Valamennyi d\u00e1li\u00e1ra \u00e9rv\u00e9nyes, hogy hosszan, ny\u00e1r k\u00f6zep\u00e9t\u0151l az els\u0151 \u00e9jszakai fagyokig vir\u00e1goznak. Az oldalhajt\u00e1sok, mell\u00e9kbimb\u00f3k kics\u00edp\u00e9s\u00e9vel kevesebb, de nagyobb m\u00e9ret\u0171 vir\u00e1got kapunk, az elny\u00edlott vir\u00e1gok elt\u00e1vol\u00edt\u00e1sa pedig serkenti a tov\u00e1bbi, b\u0151s\u00e9ges vir\u00e1gz\u00e1st.<\/p>\n<p>&nbsp;<\/p>\n<ul>\n<li>M\u00e9ret: 80-100 cm<\/li>\n<li>Vir\u00e1gz\u00e1s: j\u00falius-okt\u00f3ber<\/li>\n<li>\u00dcltet\u00e9s: \u00e1prilis-m\u00e1jus<\/li>\n<li>F\u00e9nyig\u00e9ny: nap<\/li>\n<li>T\u00e9l\u00e1ll\u00f3s\u00e1g: nem<\/li>\n<li>Felhaszn\u00e1l\u00e1s: \u00e9vel\u0151\u00e1gy, vir\u00e1gszeg\u00e9ly, v\u00e1gott-vir\u00e1g<\/li>\n<li>Kiszerel\u00e9s: 1db\/csomag<\/li>\n<\/ul>\n<p><strong>Amennyiben nagyobb mennyis\u00e9gre lenne sz\u00fcks\u00e9g, vegye fel vel\u00fcnk a kapcsolatot \u00e9s beszerezz\u00fck!<\/strong><\/p>\n<p><strong>K\u00e9szlet\u00fcnk napi szinten v\u00e1ltozik, ez\u00e9rt a v\u00e1ltoz\u00e1s jog\u00e1t fenntartjuk!<\/strong><\/p>\n<p>&nbsp;<\/p>\n<p><a href=\"https:\/\/tajkertesz.com\/\">https:\/\/tajkertesz.com\/<\/a><\/p>\n<p><a href=\"https:\/\/www.facebook.com\/tajkertesz\/\">https:\/\/www.facebook.com\/tajkertesz\/<\/a><\/p>\n<h6><span style=\"color: #ffffff;\">A d\u00e1lia fagy\u00e9rz\u00e9keny, csak az utols\u00f3 tavaszi fagyok elm\u00falt\u00e1val \u00fcltethet\u0151 a kertbe. Vir\u00e1gz\u00e1sa el\u0151bbre hozhat\u00f3, ha a szob\u00e1ban, cser\u00e9pben hajtatott t\u00f6veket \u00fcltet\u00fcnk ki. T\u00e1panyagban gazdag, j\u00f3 szerkezet\u0171, m\u00e9lyr\u00e9teg\u0171, k\u00f6zepesen k\u00f6t\u00f6tt v\u00e1lyogtalajon fejl\u0151dik a legszebben. Agyagos talajt laz\u00edthatunk homok hozz\u00e1ad\u00e1s\u00e1val, sz\u00e1raz homoktalajon viszont nem \u00e9rdemes d\u00e1li\u00e1t \u00fcltetni.<\/span><\/h6>\n<p><span style=\"color: #ffffff;\">Valamennyi d\u00e1li\u00e1ra \u00e9rv\u00e9nyes, hogy hosszan, ny\u00e1r k\u00f6zep\u00e9t\u0151l az els\u0151 \u00e9jszakai fagyokig vir\u00e1goznak. Az oldalhajt\u00e1sok, mell\u00e9kbimb\u00f3k kics\u00edp\u00e9s\u00e9vel kevesebb, de nagyobb m\u00e9ret\u0171 vir\u00e1got kapunk, az elny\u00edlott vir\u00e1gok elt\u00e1vol\u00edt\u00e1sa pedig serkenti a tov\u00e1bbi, b\u0151s\u00e9ges vir\u00e1gz\u00e1st.<\/span><\/p>\n<p>&nbsp;<\/p>\n<h6><span style=\"color: #ffffff;\">M\u00e9ret: 80-100 cm<\/span><\/h6>\n<h6><span style=\"color: #ffffff;\">Vir\u00e1gz\u00e1s: j\u00falius-okt\u00f3ber<\/span><\/h6>\n<h6><span style=\"color: #ffffff;\">\u00dcltet\u00e9s: \u00e1prilis-m\u00e1jus<\/span><\/h6>\n<h6><span style=\"color: #ffffff;\">F\u00e9nyig\u00e9ny: nap<\/span><\/h6>\n<h6><span style=\"color: #ffffff;\">T\u00e9l\u00e1ll\u00f3s\u00e1g: nem<\/span><\/h6>\n<h6><span style=\"color: #ffffff;\">Felhaszn\u00e1l\u00e1s: \u00e9vel\u0151\u00e1gy, vir\u00e1gszeg\u00e9ly, v\u00e1gott-vir\u00e1g<\/span><\/h6>\n<h6><span style=\"color: #ffffff;\">Kiszerel\u00e9s: 1db\/csomag<\/span><\/h6>\n<p><span style=\"color: #ffffff;\"><strong>Amennyiben nagyobb mennyis\u00e9gre lenne sz\u00fcks\u00e9g, vegye fel vel\u00fcnk a kapcsolatot \u00e9s beszerezz\u00fck!<\/strong><\/span><\/p>\n<p><span style=\"color: #ffffff;\"><strong>K\u00e9szlet\u00fcnk napi szinten v\u00e1ltozik, ez\u00e9rt a v\u00e1ltoz\u00e1s jog\u00e1t fenntartjuk!<\/strong><\/span><\/p>\n<p>&nbsp;<\/p>","protected":false},"excerpt":{"rendered":"<h1>A Dahlia Pompon Snowflake \/ D\u00e1lia feh\u00e9r pompon vir\u00e1g\u00fa.<\/h1>","protected":false},"featured_media":12329,"template":"","meta":{"_et_pb_use_builder":"","_et_pb_old_content":"","_et_gb_content_width":""},"product_brand":[],"product_cat":[3857],"product_tag":[3692,3627,3669],"class_list":{"0":"post-12328","1":"product","2":"type-product","3":"status-publish","4":"has-post-thumbnail","6":"product_cat-viraghagyma-dughagyma","7":"product_tag-dahlia-pompon-snowflake","8":"product_tag-dalia","9":"product_tag-feher-dalia","11":"first","12":"onbackorder","13":"shipping-taxable","14":"purchasable","15":"product-type-simple"},"yoast_head":"<!-- This site is optimized with the Yoast SEO plugin v27.4 - https:\/\/yoast.com\/product\/yoast-seo-wordpress\/ -->\n<title>Dahlia Pompon Snowflake \/ D\u00e1lia - T\u00e1jkert\u00e9sz<\/title>\n<meta name=\"description\" content=\"A Dahlia Pompon Snowflake \/ D\u00e1lia feh\u00e9r pompon vir\u00e1g\u00fa. V\u00e1gott vir\u00e1gnak is alkalmas mert megn\u0151het ak\u00e1r 80-100cm magasra is.\" \/>\n<meta name=\"robots\" content=\"index, follow, max-snippet:-1, max-image-preview:large, max-video-preview:-1\" \/>\n<link rel=\"canonical\" href=\"https:\/\/tajkertesz.com\/en_US\/product\/dahlia-pompon-snowflake-dalia\/\" \/>\n<meta property=\"og:locale\" content=\"en_US\" \/>\n<meta property=\"og:type\" content=\"article\" \/>\n<meta property=\"og:title\" content=\"Dahlia Pompon Snowflake \/ D\u00e1lia - T\u00e1jkert\u00e9sz\" \/>\n<meta property=\"og:description\" content=\"A Dahlia Pompon Snowflake \/ D\u00e1lia feh\u00e9r pompon vir\u00e1g\u00fa. V\u00e1gott vir\u00e1gnak is alkalmas mert megn\u0151het ak\u00e1r 80-100cm magasra is.\" \/>\n<meta property=\"og:url\" content=\"https:\/\/tajkertesz.com\/en_US\/product\/dahlia-pompon-snowflake-dalia\/\" \/>\n<meta property=\"og:site_name\" content=\"T\u00e1jkert\u00e9sz\" \/>\n<meta property=\"article:publisher\" content=\"https:\/\/www.facebook.com\/Tajkertesz\/\" \/>\n<meta property=\"article:modified_time\" content=\"2026-02-20T13:18:53+00:00\" \/>\n<meta property=\"og:image\" content=\"https:\/\/tajkertesz.com\/wp-content\/uploads\/2022\/01\/Dahlia_Pompon_Snow-flake.jpg\" \/>\n\t<meta property=\"og:image:width\" content=\"380\" \/>\n\t<meta property=\"og:image:height\" content=\"600\" \/>\n\t<meta property=\"og:image:type\" content=\"image\/jpeg\" \/>\n<meta name=\"twitter:card\" content=\"summary_large_image\" \/>\n<meta name=\"twitter:label1\" content=\"Est. reading time\" \/>\n\t<meta name=\"twitter:data1\" content=\"2 minutes\" \/>\n<script type=\"application\/ld+json\" class=\"yoast-schema-graph\">{\"@context\":\"https:\\\/\\\/schema.org\",\"@graph\":[{\"@type\":\"WebPage\",\"@id\":\"https:\\\/\\\/tajkertesz.com\\\/termek\\\/dahlia-pompon-snowflake-dalia\\\/\",\"url\":\"https:\\\/\\\/tajkertesz.com\\\/termek\\\/dahlia-pompon-snowflake-dalia\\\/\",\"name\":\"Dahlia Pompon Snowflake \\\/ D\u00e1lia - T\u00e1jkert\u00e9sz\",\"isPartOf\":{\"@id\":\"https:\\\/\\\/tajkertesz.com\\\/#website\"},\"primaryImageOfPage\":{\"@id\":\"https:\\\/\\\/tajkertesz.com\\\/termek\\\/dahlia-pompon-snowflake-dalia\\\/#primaryimage\"},\"image\":{\"@id\":\"https:\\\/\\\/tajkertesz.com\\\/termek\\\/dahlia-pompon-snowflake-dalia\\\/#primaryimage\"},\"thumbnailUrl\":\"https:\\\/\\\/tajkertesz.com\\\/wp-content\\\/uploads\\\/2022\\\/01\\\/Dahlia_Pompon_Snow-flake.jpg\",\"datePublished\":\"2022-01-31T13:59:43+00:00\",\"dateModified\":\"2026-02-20T13:18:53+00:00\",\"description\":\"A Dahlia Pompon Snowflake \\\/ D\u00e1lia feh\u00e9r pompon vir\u00e1g\u00fa. V\u00e1gott vir\u00e1gnak is alkalmas mert megn\u0151het ak\u00e1r 80-100cm magasra is.\",\"breadcrumb\":{\"@id\":\"https:\\\/\\\/tajkertesz.com\\\/termek\\\/dahlia-pompon-snowflake-dalia\\\/#breadcrumb\"},\"inLanguage\":\"en-US\",\"potentialAction\":[{\"@type\":\"ReadAction\",\"target\":[\"https:\\\/\\\/tajkertesz.com\\\/termek\\\/dahlia-pompon-snowflake-dalia\\\/\"]}]},{\"@type\":\"ImageObject\",\"inLanguage\":\"en-US\",\"@id\":\"https:\\\/\\\/tajkertesz.com\\\/termek\\\/dahlia-pompon-snowflake-dalia\\\/#primaryimage\",\"url\":\"https:\\\/\\\/tajkertesz.com\\\/wp-content\\\/uploads\\\/2022\\\/01\\\/Dahlia_Pompon_Snow-flake.jpg\",\"contentUrl\":\"https:\\\/\\\/tajkertesz.com\\\/wp-content\\\/uploads\\\/2022\\\/01\\\/Dahlia_Pompon_Snow-flake.jpg\",\"width\":380,\"height\":600},{\"@type\":\"BreadcrumbList\",\"@id\":\"https:\\\/\\\/tajkertesz.com\\\/termek\\\/dahlia-pompon-snowflake-dalia\\\/#breadcrumb\",\"itemListElement\":[{\"@type\":\"ListItem\",\"position\":1,\"name\":\"Home\",\"item\":\"https:\\\/\\\/tajkertesz.com\\\/\"},{\"@type\":\"ListItem\",\"position\":2,\"name\":\"Kezd\u0151lap\",\"item\":\"https:\\\/\\\/tajkertesz.com\\\/\"},{\"@type\":\"ListItem\",\"position\":3,\"name\":\"Dahlia Pompon Snowflake \\\/ D\u00e1lia\"}]},{\"@type\":\"WebSite\",\"@id\":\"https:\\\/\\\/tajkertesz.com\\\/#website\",\"url\":\"https:\\\/\\\/tajkertesz.com\\\/\",\"name\":\"T\u00e1j-Kert\u00e9sz 84 Kft.\",\"description\":\"Kert\u00e9szeti kis- \u00e9s nagykeresked\u00e9s, D\u00edszn\u00f6v\u00e9ny web\u00e1ruh\u00e1z orsz\u00e1gos h\u00e1zhozsz\u00e1ll\u00edt\u00e1ssal!\",\"publisher\":{\"@id\":\"https:\\\/\\\/tajkertesz.com\\\/#organization\"},\"potentialAction\":[{\"@type\":\"SearchAction\",\"target\":{\"@type\":\"EntryPoint\",\"urlTemplate\":\"https:\\\/\\\/tajkertesz.com\\\/?s={search_term_string}\"},\"query-input\":{\"@type\":\"PropertyValueSpecification\",\"valueRequired\":true,\"valueName\":\"search_term_string\"}}],\"inLanguage\":\"en-US\"},{\"@type\":\"Organization\",\"@id\":\"https:\\\/\\\/tajkertesz.com\\\/#organization\",\"name\":\"T\u00e1j-Kert\u00e9sz 84 Kft.\",\"url\":\"https:\\\/\\\/tajkertesz.com\\\/\",\"logo\":{\"@type\":\"ImageObject\",\"inLanguage\":\"en-US\",\"@id\":\"https:\\\/\\\/tajkertesz.com\\\/#\\\/schema\\\/logo\\\/image\\\/\",\"url\":\"https:\\\/\\\/tajkertesz.com\\\/wp-content\\\/uploads\\\/2018\\\/02\\\/logo-2-e1518678052539.png\",\"contentUrl\":\"https:\\\/\\\/tajkertesz.com\\\/wp-content\\\/uploads\\\/2018\\\/02\\\/logo-2-e1518678052539.png\",\"width\":81,\"height\":140,\"caption\":\"T\u00e1j-Kert\u00e9sz 84 Kft.\"},\"image\":{\"@id\":\"https:\\\/\\\/tajkertesz.com\\\/#\\\/schema\\\/logo\\\/image\\\/\"},\"sameAs\":[\"https:\\\/\\\/www.facebook.com\\\/Tajkertesz\\\/\"]}]}<\/script>\n<!-- \/ Yoast SEO plugin. -->","yoast_head_json":{"title":"Dahlia Pompon Snowflake \/ D\u00e1lia - T\u00e1jkert\u00e9sz","description":"A Dahlia Pompon Snowflake \/ D\u00e1lia feh\u00e9r pompon vir\u00e1g\u00fa. V\u00e1gott vir\u00e1gnak is alkalmas mert megn\u0151het ak\u00e1r 80-100cm magasra is.","robots":{"index":"index","follow":"follow","max-snippet":"max-snippet:-1","max-image-preview":"max-image-preview:large","max-video-preview":"max-video-preview:-1"},"canonical":"https:\/\/tajkertesz.com\/en_US\/product\/dahlia-pompon-snowflake-dalia\/","og_locale":"en_US","og_type":"article","og_title":"Dahlia Pompon Snowflake \/ D\u00e1lia - T\u00e1jkert\u00e9sz","og_description":"A Dahlia Pompon Snowflake \/ D\u00e1lia feh\u00e9r pompon vir\u00e1g\u00fa. V\u00e1gott vir\u00e1gnak is alkalmas mert megn\u0151het ak\u00e1r 80-100cm magasra is.","og_url":"https:\/\/tajkertesz.com\/en_US\/product\/dahlia-pompon-snowflake-dalia\/","og_site_name":"T\u00e1jkert\u00e9sz","article_publisher":"https:\/\/www.facebook.com\/Tajkertesz\/","article_modified_time":"2026-02-20T13:18:53+00:00","og_image":[{"width":380,"height":600,"url":"https:\/\/tajkertesz.com\/wp-content\/uploads\/2022\/01\/Dahlia_Pompon_Snow-flake.jpg","type":"image\/jpeg"}],"twitter_card":"summary_large_image","twitter_misc":{"Est. reading time":"2 minutes"},"schema":{"@context":"https:\/\/schema.org","@graph":[{"@type":"WebPage","@id":"https:\/\/tajkertesz.com\/termek\/dahlia-pompon-snowflake-dalia\/","url":"https:\/\/tajkertesz.com\/termek\/dahlia-pompon-snowflake-dalia\/","name":"Dahlia Pompon Snowflake \/ D\u00e1lia - T\u00e1jkert\u00e9sz","isPartOf":{"@id":"https:\/\/tajkertesz.com\/#website"},"primaryImageOfPage":{"@id":"https:\/\/tajkertesz.com\/termek\/dahlia-pompon-snowflake-dalia\/#primaryimage"},"image":{"@id":"https:\/\/tajkertesz.com\/termek\/dahlia-pompon-snowflake-dalia\/#primaryimage"},"thumbnailUrl":"https:\/\/tajkertesz.com\/wp-content\/uploads\/2022\/01\/Dahlia_Pompon_Snow-flake.jpg","datePublished":"2022-01-31T13:59:43+00:00","dateModified":"2026-02-20T13:18:53+00:00","description":"A Dahlia Pompon Snowflake \/ D\u00e1lia feh\u00e9r pompon vir\u00e1g\u00fa. V\u00e1gott vir\u00e1gnak is alkalmas mert megn\u0151het ak\u00e1r 80-100cm magasra is.","breadcrumb":{"@id":"https:\/\/tajkertesz.com\/termek\/dahlia-pompon-snowflake-dalia\/#breadcrumb"},"inLanguage":"en-US","potentialAction":[{"@type":"ReadAction","target":["https:\/\/tajkertesz.com\/termek\/dahlia-pompon-snowflake-dalia\/"]}]},{"@type":"ImageObject","inLanguage":"en-US","@id":"https:\/\/tajkertesz.com\/termek\/dahlia-pompon-snowflake-dalia\/#primaryimage","url":"https:\/\/tajkertesz.com\/wp-content\/uploads\/2022\/01\/Dahlia_Pompon_Snow-flake.jpg","contentUrl":"https:\/\/tajkertesz.com\/wp-content\/uploads\/2022\/01\/Dahlia_Pompon_Snow-flake.jpg","width":380,"height":600},{"@type":"BreadcrumbList","@id":"https:\/\/tajkertesz.com\/termek\/dahlia-pompon-snowflake-dalia\/#breadcrumb","itemListElement":[{"@type":"ListItem","position":1,"name":"Home","item":"https:\/\/tajkertesz.com\/"},{"@type":"ListItem","position":2,"name":"Kezd\u0151lap","item":"https:\/\/tajkertesz.com\/"},{"@type":"ListItem","position":3,"name":"Dahlia Pompon Snowflake \/ D\u00e1lia"}]},{"@type":"WebSite","@id":"https:\/\/tajkertesz.com\/#website","url":"https:\/\/tajkertesz.com\/","name":"T\u00e1j-Kert\u00e9sz 84 Kft.","description":"Kert\u00e9szeti kis- \u00e9s nagykeresked\u00e9s, D\u00edszn\u00f6v\u00e9ny web\u00e1ruh\u00e1z orsz\u00e1gos h\u00e1zhozsz\u00e1ll\u00edt\u00e1ssal!","publisher":{"@id":"https:\/\/tajkertesz.com\/#organization"},"potentialAction":[{"@type":"SearchAction","target":{"@type":"EntryPoint","urlTemplate":"https:\/\/tajkertesz.com\/?s={search_term_string}"},"query-input":{"@type":"PropertyValueSpecification","valueRequired":true,"valueName":"search_term_string"}}],"inLanguage":"en-US"},{"@type":"Organization","@id":"https:\/\/tajkertesz.com\/#organization","name":"T\u00e1j-Kert\u00e9sz 84 Kft.","url":"https:\/\/tajkertesz.com\/","logo":{"@type":"ImageObject","inLanguage":"en-US","@id":"https:\/\/tajkertesz.com\/#\/schema\/logo\/image\/","url":"https:\/\/tajkertesz.com\/wp-content\/uploads\/2018\/02\/logo-2-e1518678052539.png","contentUrl":"https:\/\/tajkertesz.com\/wp-content\/uploads\/2018\/02\/logo-2-e1518678052539.png","width":81,"height":140,"caption":"T\u00e1j-Kert\u00e9sz 84 Kft."},"image":{"@id":"https:\/\/tajkertesz.com\/#\/schema\/logo\/image\/"},"sameAs":["https:\/\/www.facebook.com\/Tajkertesz\/"]}]}},"_links":{"self":[{"href":"https:\/\/tajkertesz.com\/en_US\/wp-json\/wp\/v2\/product\/12328","targetHints":{"allow":["GET"]}}],"collection":[{"href":"https:\/\/tajkertesz.com\/en_US\/wp-json\/wp\/v2\/product"}],"about":[{"href":"https:\/\/tajkertesz.com\/en_US\/wp-json\/wp\/v2\/types\/product"}],"wp:featuredmedia":[{"embeddable":true,"href":"https:\/\/tajkertesz.com\/en_US\/wp-json\/wp\/v2\/media\/12329"}],"wp:attachment":[{"href":"https:\/\/tajkertesz.com\/en_US\/wp-json\/wp\/v2\/media?parent=12328"}],"wp:term":[{"taxonomy":"product_brand","embeddable":true,"href":"https:\/\/tajkertesz.com\/en_US\/wp-json\/wp\/v2\/product_brand?post=12328"},{"taxonomy":"product_cat","embeddable":true,"href":"https:\/\/tajkertesz.com\/en_US\/wp-json\/wp\/v2\/product_cat?post=12328"},{"taxonomy":"product_tag","embeddable":true,"href":"https:\/\/tajkertesz.com\/en_US\/wp-json\/wp\/v2\/product_tag?post=12328"}],"curies":[{"name":"wp","href":"https:\/\/api.w.org\/{rel}","templated":true}]}}