{"id":12338,"date":"2022-01-31T14:42:21","date_gmt":"2022-01-31T14:42:21","guid":{"rendered":"https:\/\/tajkertesz.com\/?post_type=product&#038;p=12338"},"modified":"2026-02-20T13:16:12","modified_gmt":"2026-02-20T13:16:12","slug":"gypsophila-paniculata-fatyolvirag","status":"publish","type":"product","link":"https:\/\/tajkertesz.com\/en_US\/product\/gypsophila-paniculata-fatyolvirag\/","title":{"rendered":"Gypsophila paniculata \/ F\u00e1tyolvir\u00e1g"},"content":{"rendered":"<h1 class=\"product_title entry-title\">Gypsophila paniculata \/ F\u00e1tyolvir\u00e1g<\/h1>\n<p>A\u00a0Gypsophila paniculata \/ F\u00e1tyolvir\u00e1g\u00a0, laza, g\u00f6mb alak\u00fa bokrot alkot ,melynek\u00a0 magass\u00e1g: 20-60 cm (\u00e9vszakt\u00f3l f\u00fcgg\u0151en).<\/p>\n<p>Levele sz\u00e1las-l\u00e1ndzs\u00e1s, apr\u00f3, sz\u00fcrk\u00e9sz\u00f6ld sz\u00edn\u0171.\u00a0\u00a0Vir\u00e1ga apr\u00f3, feh\u00e9r, laza bogerny\u0151be t\u00f6m\u00f6r\u00fcl. J\u00falius -augusztus h\u00f3napban vir\u00e1gzik.<\/p>\n<p>Ig\u00e9nye a napos, meleg hely.<\/p>\n<p>\u00dcltet\u00e9si ideje m\u00e1rcius-m\u00e1jus h\u00f3napban. T\u00e9l\u00e1ll\u00f3 ez\u00e9rt nem kell felszedn\u00fcnk mint a d\u00e1li\u00e1t, kardvir\u00e1got. Felhaszn\u00e1l\u00e1sa igen sz\u00e9lesk\u00f6r\u0171.<\/p>\n<p><span class=\"fekete2\">\u00c9vel\u0151\u00e1gyba\u00a0 j\u00f3l mutat de,\u00a0 v\u00e1gott-vir\u00e1gk\u00e9nt is termesztik. Sokan rezg\u0151k\u00e9nt is ismerik.<\/span><\/p>\n<p><strong>Amennyiben nagyobb mennyis\u00e9gre lenne sz\u00fcks\u00e9g, vegye fel vel\u00fcnk a kapcsolatot \u00e9s beszerezz\u00fck!<\/strong><\/p>\n<p><strong>K\u00e9szlet\u00fcnk napi szinten v\u00e1ltozik, ez\u00e9rt a v\u00e1ltoz\u00e1s jog\u00e1t fenntartjuk!<\/strong><\/p>\n<p>&nbsp;<\/p>\n<p><a href=\"https:\/\/tajkertesz.com\/\">https:\/\/tajkertesz.com\/<\/a><\/p>\n<p><a href=\"https:\/\/www.facebook.com\/tajkertesz\/\">https:\/\/www.facebook.com\/tajkertesz\/<\/a><\/p>\n<h6><span style=\"color: #ffffff;\">A Gypsophila Bristol Fairy, F\u00e1tyolvir\u00e1g feh\u00e9r, telt, laza, g\u00f6mb alak\u00fa bokrot alkot ,melynek\u00a0 magass\u00e1g: 20-80 cm (\u00e9vszakt\u00f3l f\u00fcgg\u0151en).<\/span><\/h6>\n<h6><span style=\"color: #ffffff;\">Levele sz\u00e1las-l\u00e1ndzs\u00e1s, apr\u00f3, sz\u00fcrk\u00e9sz\u00f6ld sz\u00edn\u0171.\u00a0\u00a0Vir\u00e1ga apr\u00f3, feh\u00e9r, telt, laza bogerny\u0151be t\u00f6m\u00f6r\u00fcl. J\u00falius -augusztus h\u00f3napban vir\u00e1gzik.<\/span><\/h6>\n<h6><span style=\"color: #ffffff;\">Ig\u00e9nye a napos, meleg hely.<\/span><\/h6>\n<h6><span style=\"color: #ffffff;\">\u00a0\u00dcltet\u00e9si ideje m\u00e1rcius-m\u00e1jus h\u00f3napban. T\u00e9l\u00e1ll\u00f3 ez\u00e9rt nem kell felszedn\u00fcnk mint a d\u00e1l\u00e1t, kardvir\u00e1got. Felhaszn\u00e1l\u00e1sa igen sz\u00e9lesk\u00f6r\u0171.\u00a0<\/span><\/h6>\n<h6><span class=\"fekete2\" style=\"color: #ffffff;\">\u00c9vel\u0151\u00e1gyba\u00a0 j\u00f3l mutat de, sokan\u00a0 v\u00e1gott-vir\u00e1gk\u00e9nt termesztik. Sokan rezg\u0151k\u00e9nt is h\u00edvj\u00e1k.<\/span><\/h6>\n<h6><span style=\"color: #ffffff;\"><strong>Amennyiben nagyobb mennyis\u00e9gre lenne sz\u00fcks\u00e9g, vegye fel vel\u00fcnk a kapcsolatot \u00e9s beszerezz\u00fck!<\/strong><\/span><\/h6>\n<h6><span style=\"color: #ffffff;\"><strong>K\u00e9szlet\u00fcnk napi szinten v\u00e1ltozik, ez\u00e9rt a v\u00e1ltoz\u00e1s jog\u00e1t fenntartjuk!<\/strong><\/span><\/h6>\n<h6><span style=\"color: #ffffff;\">A Gypsophila Bristol Fairy, F\u00e1tyolvir\u00e1g feh\u00e9r, telt, laza, g\u00f6mb alak\u00fa bokrot alkot ,melynek\u00a0 magass\u00e1g: 20-80 cm (\u00e9vszakt\u00f3l f\u00fcgg\u0151en).<\/span><\/h6>\n<h6><span style=\"color: #ffffff;\">Levele sz\u00e1las-l\u00e1ndzs\u00e1s, apr\u00f3, sz\u00fcrk\u00e9sz\u00f6ld sz\u00edn\u0171.\u00a0\u00a0Vir\u00e1ga apr\u00f3, feh\u00e9r, telt, laza bogerny\u0151be t\u00f6m\u00f6r\u00fcl. J\u00falius -augusztus h\u00f3napban vir\u00e1gzik.<\/span><\/h6>\n<h6><span style=\"color: #ffffff;\">Ig\u00e9nye a napos, meleg hely.<\/span><\/h6>\n<h6><span style=\"color: #ffffff;\">\u00a0\u00dcltet\u00e9si ideje m\u00e1rcius-m\u00e1jus h\u00f3napban. T\u00e9l\u00e1ll\u00f3 ez\u00e9rt nem kell felszedn\u00fcnk mint a d\u00e1l\u00e1t, kardvir\u00e1got. Felhaszn\u00e1l\u00e1sa igen sz\u00e9lesk\u00f6r\u0171.\u00a0<\/span><\/h6>\n<h6><span class=\"fekete2\" style=\"color: #ffffff;\">\u00c9vel\u0151\u00e1gyba\u00a0 j\u00f3l mutat de, sokan\u00a0 v\u00e1gott-vir\u00e1gk\u00e9nt termesztik. Sokan rezg\u0151k\u00e9nt is h\u00edvj\u00e1k.<\/span><\/h6>\n<h6><span style=\"color: #ffffff;\"><strong>Amennyiben nagyobb mennyis\u00e9gre lenne sz\u00fcks\u00e9g, vegye fel vel\u00fcnk a kapcsolatot \u00e9s beszerezz\u00fck!<\/strong><\/span><\/h6>\n<h6><span style=\"color: #ffffff;\"><strong>K\u00e9szlet\u00fcnk napi szinten v\u00e1ltozik, ez\u00e9rt a v\u00e1ltoz\u00e1s jog\u00e1t fenntartjuk!<\/strong><\/span><\/h6>","protected":false},"excerpt":{"rendered":"<p>A\u00a0Gypsophila paniculata \/ F\u00e1tyolvir\u00e1g\u00a0, laza, g\u00f6mb alak\u00fa bokrot alkot ,melynek\u00a0 magass\u00e1g: 20-60 cm (\u00e9vszakt\u00f3l f\u00fcgg\u0151en).<\/p>\n<p>Levele sz\u00e1las-l\u00e1ndzs\u00e1s, apr\u00f3, sz\u00fcrk\u00e9sz\u00f6ld sz\u00edn\u0171.\u00a0\u00a0Vir\u00e1ga apr\u00f3, feh\u00e9r, laza bogerny\u0151be t\u00f6m\u00f6r\u00fcl. J\u00falius -augusztus h\u00f3napban vir\u00e1gzik.<\/p>\n<p>Ig\u00e9nye a napos, meleg hely.<\/p>\n<p>\u00dcltet\u00e9si ideje m\u00e1rcius-m\u00e1jus h\u00f3napban. T\u00e9l\u00e1ll\u00f3 ez\u00e9rt nem kell felszedn\u00fcnk mint a d\u00e1li\u00e1t, kardvir\u00e1got. Felhaszn\u00e1l\u00e1sa igen sz\u00e9lesk\u00f6r\u0171.<\/p>\n<p><span class=\"fekete2\">\u00c9vel\u0151\u00e1gyba\u00a0 j\u00f3l mutat de,\u00a0 v\u00e1gott-vir\u00e1gk\u00e9nt is termesztik. Sokan rezg\u0151k\u00e9nt is ismerik.<\/span><\/p>","protected":false},"featured_media":12339,"template":"","meta":{"_et_pb_use_builder":"","_et_pb_old_content":"","_et_gb_content_width":""},"product_brand":[],"product_cat":[3857],"product_tag":[3703,3702,3699,3701,3700],"class_list":{"0":"post-12338","1":"product","2":"type-product","3":"status-publish","4":"has-post-thumbnail","6":"product_cat-viraghagyma-dughagyma","7":"product_tag-egyszeru-viragu","8":"product_tag-fatyolvirag","9":"product_tag-fatyolvirag-feher","10":"product_tag-gypsophila-paniculata","11":"product_tag-gypsophila-paniculata-fatyolvirag-egyszeru-viragu","13":"first","14":"onbackorder","15":"shipping-taxable","16":"purchasable","17":"product-type-simple"},"yoast_head":"<!-- This site is optimized with the Yoast SEO plugin v27.4 - https:\/\/yoast.com\/product\/yoast-seo-wordpress\/ -->\n<title>Gypsophila paniculata \/ F\u00e1tyolvir\u00e1g - T\u00e1jkert\u00e9sz<\/title>\n<meta name=\"description\" content=\"A Gypsophila paniculata \/ F\u00e1tyolvir\u00e1g egyszer\u0171 vir\u00e1g\u00fa laza, g\u00f6mb alak\u00fa bokrot alkot ,melynek\u00a0 magass\u00e1g: 20-60 cm (\u00e9vszakt\u00f3l f\u00fcgg\u0151en).\" \/>\n<meta name=\"robots\" content=\"index, follow, max-snippet:-1, max-image-preview:large, max-video-preview:-1\" \/>\n<link rel=\"canonical\" href=\"https:\/\/tajkertesz.com\/en_US\/product\/gypsophila-paniculata-fatyolvirag\/\" \/>\n<meta property=\"og:locale\" content=\"en_US\" \/>\n<meta property=\"og:type\" content=\"article\" \/>\n<meta property=\"og:title\" content=\"Gypsophila paniculata \/ F\u00e1tyolvir\u00e1g - T\u00e1jkert\u00e9sz\" \/>\n<meta property=\"og:description\" content=\"A Gypsophila paniculata \/ F\u00e1tyolvir\u00e1g egyszer\u0171 vir\u00e1g\u00fa laza, g\u00f6mb alak\u00fa bokrot alkot ,melynek\u00a0 magass\u00e1g: 20-60 cm (\u00e9vszakt\u00f3l f\u00fcgg\u0151en).\" \/>\n<meta property=\"og:url\" content=\"https:\/\/tajkertesz.com\/en_US\/product\/gypsophila-paniculata-fatyolvirag\/\" \/>\n<meta property=\"og:site_name\" content=\"T\u00e1jkert\u00e9sz\" \/>\n<meta property=\"article:publisher\" content=\"https:\/\/www.facebook.com\/Tajkertesz\/\" \/>\n<meta property=\"article:modified_time\" content=\"2026-02-20T13:16:12+00:00\" \/>\n<meta property=\"og:image\" content=\"https:\/\/tajkertesz.com\/wp-content\/uploads\/2022\/01\/gypsophila-paniculata.jpg\" \/>\n\t<meta property=\"og:image:width\" content=\"370\" \/>\n\t<meta property=\"og:image:height\" content=\"559\" \/>\n\t<meta property=\"og:image:type\" content=\"image\/jpeg\" \/>\n<meta name=\"twitter:card\" content=\"summary_large_image\" \/>\n<meta name=\"twitter:label1\" content=\"Est. reading time\" \/>\n\t<meta name=\"twitter:data1\" content=\"2 minutes\" \/>\n<script type=\"application\/ld+json\" class=\"yoast-schema-graph\">{\"@context\":\"https:\\\/\\\/schema.org\",\"@graph\":[{\"@type\":\"WebPage\",\"@id\":\"https:\\\/\\\/tajkertesz.com\\\/termek\\\/gypsophila-paniculata-fatyolvirag\\\/\",\"url\":\"https:\\\/\\\/tajkertesz.com\\\/termek\\\/gypsophila-paniculata-fatyolvirag\\\/\",\"name\":\"Gypsophila paniculata \\\/ F\u00e1tyolvir\u00e1g - T\u00e1jkert\u00e9sz\",\"isPartOf\":{\"@id\":\"https:\\\/\\\/tajkertesz.com\\\/#website\"},\"primaryImageOfPage\":{\"@id\":\"https:\\\/\\\/tajkertesz.com\\\/termek\\\/gypsophila-paniculata-fatyolvirag\\\/#primaryimage\"},\"image\":{\"@id\":\"https:\\\/\\\/tajkertesz.com\\\/termek\\\/gypsophila-paniculata-fatyolvirag\\\/#primaryimage\"},\"thumbnailUrl\":\"https:\\\/\\\/tajkertesz.com\\\/wp-content\\\/uploads\\\/2022\\\/01\\\/gypsophila-paniculata.jpg\",\"datePublished\":\"2022-01-31T14:42:21+00:00\",\"dateModified\":\"2026-02-20T13:16:12+00:00\",\"description\":\"A Gypsophila paniculata \\\/ F\u00e1tyolvir\u00e1g egyszer\u0171 vir\u00e1g\u00fa laza, g\u00f6mb alak\u00fa bokrot alkot ,melynek\u00a0 magass\u00e1g: 20-60 cm (\u00e9vszakt\u00f3l f\u00fcgg\u0151en).\",\"breadcrumb\":{\"@id\":\"https:\\\/\\\/tajkertesz.com\\\/termek\\\/gypsophila-paniculata-fatyolvirag\\\/#breadcrumb\"},\"inLanguage\":\"en-US\",\"potentialAction\":[{\"@type\":\"ReadAction\",\"target\":[\"https:\\\/\\\/tajkertesz.com\\\/termek\\\/gypsophila-paniculata-fatyolvirag\\\/\"]}]},{\"@type\":\"ImageObject\",\"inLanguage\":\"en-US\",\"@id\":\"https:\\\/\\\/tajkertesz.com\\\/termek\\\/gypsophila-paniculata-fatyolvirag\\\/#primaryimage\",\"url\":\"https:\\\/\\\/tajkertesz.com\\\/wp-content\\\/uploads\\\/2022\\\/01\\\/gypsophila-paniculata.jpg\",\"contentUrl\":\"https:\\\/\\\/tajkertesz.com\\\/wp-content\\\/uploads\\\/2022\\\/01\\\/gypsophila-paniculata.jpg\",\"width\":370,\"height\":559},{\"@type\":\"BreadcrumbList\",\"@id\":\"https:\\\/\\\/tajkertesz.com\\\/termek\\\/gypsophila-paniculata-fatyolvirag\\\/#breadcrumb\",\"itemListElement\":[{\"@type\":\"ListItem\",\"position\":1,\"name\":\"Home\",\"item\":\"https:\\\/\\\/tajkertesz.com\\\/\"},{\"@type\":\"ListItem\",\"position\":2,\"name\":\"Kezd\u0151lap\",\"item\":\"https:\\\/\\\/tajkertesz.com\\\/\"},{\"@type\":\"ListItem\",\"position\":3,\"name\":\"Gypsophila paniculata \\\/ F\u00e1tyolvir\u00e1g\"}]},{\"@type\":\"WebSite\",\"@id\":\"https:\\\/\\\/tajkertesz.com\\\/#website\",\"url\":\"https:\\\/\\\/tajkertesz.com\\\/\",\"name\":\"T\u00e1j-Kert\u00e9sz 84 Kft.\",\"description\":\"Kert\u00e9szeti kis- \u00e9s nagykeresked\u00e9s, D\u00edszn\u00f6v\u00e9ny web\u00e1ruh\u00e1z orsz\u00e1gos h\u00e1zhozsz\u00e1ll\u00edt\u00e1ssal!\",\"publisher\":{\"@id\":\"https:\\\/\\\/tajkertesz.com\\\/#organization\"},\"potentialAction\":[{\"@type\":\"SearchAction\",\"target\":{\"@type\":\"EntryPoint\",\"urlTemplate\":\"https:\\\/\\\/tajkertesz.com\\\/?s={search_term_string}\"},\"query-input\":{\"@type\":\"PropertyValueSpecification\",\"valueRequired\":true,\"valueName\":\"search_term_string\"}}],\"inLanguage\":\"en-US\"},{\"@type\":\"Organization\",\"@id\":\"https:\\\/\\\/tajkertesz.com\\\/#organization\",\"name\":\"T\u00e1j-Kert\u00e9sz 84 Kft.\",\"url\":\"https:\\\/\\\/tajkertesz.com\\\/\",\"logo\":{\"@type\":\"ImageObject\",\"inLanguage\":\"en-US\",\"@id\":\"https:\\\/\\\/tajkertesz.com\\\/#\\\/schema\\\/logo\\\/image\\\/\",\"url\":\"https:\\\/\\\/tajkertesz.com\\\/wp-content\\\/uploads\\\/2018\\\/02\\\/logo-2-e1518678052539.png\",\"contentUrl\":\"https:\\\/\\\/tajkertesz.com\\\/wp-content\\\/uploads\\\/2018\\\/02\\\/logo-2-e1518678052539.png\",\"width\":81,\"height\":140,\"caption\":\"T\u00e1j-Kert\u00e9sz 84 Kft.\"},\"image\":{\"@id\":\"https:\\\/\\\/tajkertesz.com\\\/#\\\/schema\\\/logo\\\/image\\\/\"},\"sameAs\":[\"https:\\\/\\\/www.facebook.com\\\/Tajkertesz\\\/\"]}]}<\/script>\n<!-- \/ Yoast SEO plugin. -->","yoast_head_json":{"title":"Gypsophila paniculata \/ F\u00e1tyolvir\u00e1g - T\u00e1jkert\u00e9sz","description":"A Gypsophila paniculata \/ F\u00e1tyolvir\u00e1g egyszer\u0171 vir\u00e1g\u00fa laza, g\u00f6mb alak\u00fa bokrot alkot ,melynek\u00a0 magass\u00e1g: 20-60 cm (\u00e9vszakt\u00f3l f\u00fcgg\u0151en).","robots":{"index":"index","follow":"follow","max-snippet":"max-snippet:-1","max-image-preview":"max-image-preview:large","max-video-preview":"max-video-preview:-1"},"canonical":"https:\/\/tajkertesz.com\/en_US\/product\/gypsophila-paniculata-fatyolvirag\/","og_locale":"en_US","og_type":"article","og_title":"Gypsophila paniculata \/ F\u00e1tyolvir\u00e1g - T\u00e1jkert\u00e9sz","og_description":"A Gypsophila paniculata \/ F\u00e1tyolvir\u00e1g egyszer\u0171 vir\u00e1g\u00fa laza, g\u00f6mb alak\u00fa bokrot alkot ,melynek\u00a0 magass\u00e1g: 20-60 cm (\u00e9vszakt\u00f3l f\u00fcgg\u0151en).","og_url":"https:\/\/tajkertesz.com\/en_US\/product\/gypsophila-paniculata-fatyolvirag\/","og_site_name":"T\u00e1jkert\u00e9sz","article_publisher":"https:\/\/www.facebook.com\/Tajkertesz\/","article_modified_time":"2026-02-20T13:16:12+00:00","og_image":[{"width":370,"height":559,"url":"https:\/\/tajkertesz.com\/wp-content\/uploads\/2022\/01\/gypsophila-paniculata.jpg","type":"image\/jpeg"}],"twitter_card":"summary_large_image","twitter_misc":{"Est. reading time":"2 minutes"},"schema":{"@context":"https:\/\/schema.org","@graph":[{"@type":"WebPage","@id":"https:\/\/tajkertesz.com\/termek\/gypsophila-paniculata-fatyolvirag\/","url":"https:\/\/tajkertesz.com\/termek\/gypsophila-paniculata-fatyolvirag\/","name":"Gypsophila paniculata \/ F\u00e1tyolvir\u00e1g - T\u00e1jkert\u00e9sz","isPartOf":{"@id":"https:\/\/tajkertesz.com\/#website"},"primaryImageOfPage":{"@id":"https:\/\/tajkertesz.com\/termek\/gypsophila-paniculata-fatyolvirag\/#primaryimage"},"image":{"@id":"https:\/\/tajkertesz.com\/termek\/gypsophila-paniculata-fatyolvirag\/#primaryimage"},"thumbnailUrl":"https:\/\/tajkertesz.com\/wp-content\/uploads\/2022\/01\/gypsophila-paniculata.jpg","datePublished":"2022-01-31T14:42:21+00:00","dateModified":"2026-02-20T13:16:12+00:00","description":"A Gypsophila paniculata \/ F\u00e1tyolvir\u00e1g egyszer\u0171 vir\u00e1g\u00fa laza, g\u00f6mb alak\u00fa bokrot alkot ,melynek\u00a0 magass\u00e1g: 20-60 cm (\u00e9vszakt\u00f3l f\u00fcgg\u0151en).","breadcrumb":{"@id":"https:\/\/tajkertesz.com\/termek\/gypsophila-paniculata-fatyolvirag\/#breadcrumb"},"inLanguage":"en-US","potentialAction":[{"@type":"ReadAction","target":["https:\/\/tajkertesz.com\/termek\/gypsophila-paniculata-fatyolvirag\/"]}]},{"@type":"ImageObject","inLanguage":"en-US","@id":"https:\/\/tajkertesz.com\/termek\/gypsophila-paniculata-fatyolvirag\/#primaryimage","url":"https:\/\/tajkertesz.com\/wp-content\/uploads\/2022\/01\/gypsophila-paniculata.jpg","contentUrl":"https:\/\/tajkertesz.com\/wp-content\/uploads\/2022\/01\/gypsophila-paniculata.jpg","width":370,"height":559},{"@type":"BreadcrumbList","@id":"https:\/\/tajkertesz.com\/termek\/gypsophila-paniculata-fatyolvirag\/#breadcrumb","itemListElement":[{"@type":"ListItem","position":1,"name":"Home","item":"https:\/\/tajkertesz.com\/"},{"@type":"ListItem","position":2,"name":"Kezd\u0151lap","item":"https:\/\/tajkertesz.com\/"},{"@type":"ListItem","position":3,"name":"Gypsophila paniculata \/ F\u00e1tyolvir\u00e1g"}]},{"@type":"WebSite","@id":"https:\/\/tajkertesz.com\/#website","url":"https:\/\/tajkertesz.com\/","name":"T\u00e1j-Kert\u00e9sz 84 Kft.","description":"Kert\u00e9szeti kis- \u00e9s nagykeresked\u00e9s, D\u00edszn\u00f6v\u00e9ny web\u00e1ruh\u00e1z orsz\u00e1gos h\u00e1zhozsz\u00e1ll\u00edt\u00e1ssal!","publisher":{"@id":"https:\/\/tajkertesz.com\/#organization"},"potentialAction":[{"@type":"SearchAction","target":{"@type":"EntryPoint","urlTemplate":"https:\/\/tajkertesz.com\/?s={search_term_string}"},"query-input":{"@type":"PropertyValueSpecification","valueRequired":true,"valueName":"search_term_string"}}],"inLanguage":"en-US"},{"@type":"Organization","@id":"https:\/\/tajkertesz.com\/#organization","name":"T\u00e1j-Kert\u00e9sz 84 Kft.","url":"https:\/\/tajkertesz.com\/","logo":{"@type":"ImageObject","inLanguage":"en-US","@id":"https:\/\/tajkertesz.com\/#\/schema\/logo\/image\/","url":"https:\/\/tajkertesz.com\/wp-content\/uploads\/2018\/02\/logo-2-e1518678052539.png","contentUrl":"https:\/\/tajkertesz.com\/wp-content\/uploads\/2018\/02\/logo-2-e1518678052539.png","width":81,"height":140,"caption":"T\u00e1j-Kert\u00e9sz 84 Kft."},"image":{"@id":"https:\/\/tajkertesz.com\/#\/schema\/logo\/image\/"},"sameAs":["https:\/\/www.facebook.com\/Tajkertesz\/"]}]}},"_links":{"self":[{"href":"https:\/\/tajkertesz.com\/en_US\/wp-json\/wp\/v2\/product\/12338","targetHints":{"allow":["GET"]}}],"collection":[{"href":"https:\/\/tajkertesz.com\/en_US\/wp-json\/wp\/v2\/product"}],"about":[{"href":"https:\/\/tajkertesz.com\/en_US\/wp-json\/wp\/v2\/types\/product"}],"wp:featuredmedia":[{"embeddable":true,"href":"https:\/\/tajkertesz.com\/en_US\/wp-json\/wp\/v2\/media\/12339"}],"wp:attachment":[{"href":"https:\/\/tajkertesz.com\/en_US\/wp-json\/wp\/v2\/media?parent=12338"}],"wp:term":[{"taxonomy":"product_brand","embeddable":true,"href":"https:\/\/tajkertesz.com\/en_US\/wp-json\/wp\/v2\/product_brand?post=12338"},{"taxonomy":"product_cat","embeddable":true,"href":"https:\/\/tajkertesz.com\/en_US\/wp-json\/wp\/v2\/product_cat?post=12338"},{"taxonomy":"product_tag","embeddable":true,"href":"https:\/\/tajkertesz.com\/en_US\/wp-json\/wp\/v2\/product_tag?post=12338"}],"curies":[{"name":"wp","href":"https:\/\/api.w.org\/{rel}","templated":true}]}}