{"id":1242,"date":"2020-03-09T15:55:41","date_gmt":"2020-03-09T15:55:41","guid":{"rendered":"https:\/\/tajkertesz.com\/?post_type=product&#038;p=1242"},"modified":"2025-04-09T11:39:40","modified_gmt":"2025-04-09T11:39:40","slug":"chaenomeles-semperflorens","status":"publish","type":"product","link":"https:\/\/tajkertesz.com\/en_US\/product\/chaenomeles-semperflorens\/","title":{"rendered":"Chaenomeles &#8216;Semperflorens&#8217; , Jap\u00e1nbirs"},"content":{"rendered":"<p>Chaenomeles &#8216;Semperflorens&#8217; , Jap\u00e1nbirs<\/p>\n<p>A Chaenomeles &#8216;Semperflorens&#8217; , Jap\u00e1nbirs\u00a0 1,5 m\u00e9ter magas, t\u00f6vises, lombhullat\u00f3 cserje. Sz\u00ednpomp\u00e1s r\u00f3zsasz\u00edn vir\u00e1gait m\u00e9g lev\u00e9lhajt\u00e1s el\u0151tt bontja, ezekb\u0151l fejl\u0151dnek ki \u0151szre s\u00e1rga alm\u00e1i. Napos, f\u00e9l\u00e1rny\u00e9kos helyet szeret. \u00c1tlagos v\u00edzig\u00e9ny\u0171.<\/p>\n<p style=\"line-height: 18.0pt; background: white; margin: 0cm 0cm 15.0pt 0cm;\"><span style=\"font-family: 'Ubuntu',serif; color: black;\">El\u00e9rhet\u0151 t\u00f6bbf\u00e9le m\u00e9retben \u00e9s \u00e1rban.<\/span><\/p>\n<p style=\"line-height: 18.0pt; background: white; margin: 0cm 0cm 15.0pt 0cm;\"><b><span style=\"font-family: 'Ubuntu',serif; color: black;\">K\u00e9szlet\u00fcnk napi szinten v\u00e1ltozik, ez\u00e9rt k\u00e9rj\u00fck, \u00e9rdekl\u0151dj\u00f6n szem\u00e9lyesen, telefonon vagy email-en.<br \/>\nA v\u00e1ltoztat\u00e1s jog\u00e1t fenntartjuk!\u00a0<\/span><\/b><\/p>\n<p><a href=\"https:\/\/tajkertesz.com\/\">https:\/\/tajkertesz.com\/<\/a><\/p>\n<p><a href=\"https:\/\/hu.wikipedia.org\/wiki\/Jap%C3%A1nbirs\">https:\/\/hu.wikipedia.org\/wiki\/Jap%C3%A1nbirs<\/a><\/p>\n<p><span style=\"color: #ffffff;\">A\u00a0<b>jap\u00e1nbirs<\/b>\u00a0vagy\u00a0<b>d\u00edszbirs<\/b>\u00a0<i>(Chaenomeles)<\/i>\u00a0a\u00a0<a style=\"color: #ffffff;\" title=\"R\u00f3zsavir\u00e1g\u00faak\" href=\"https:\/\/hu.wikipedia.org\/wiki\/R%C3%B3zsavir%C3%A1g%C3%BAak\">r\u00f3zsavir\u00e1g\u00faak<\/a>\u00a0<i>(Rosales)<\/i>\u00a0<a style=\"color: #ffffff;\" title=\"Rend (rendszertan)\" href=\"https:\/\/hu.wikipedia.org\/wiki\/Rend_(rendszertan)\">rendj\u00e9be<\/a>, ezen bel\u00fcl a\u00a0<a style=\"color: #ffffff;\" title=\"R\u00f3zsaf\u00e9l\u00e9k\" href=\"https:\/\/hu.wikipedia.org\/wiki\/R%C3%B3zsaf%C3%A9l%C3%A9k\">r\u00f3zsaf\u00e9l\u00e9k<\/a>\u00a0<i>(Rosaceae)<\/i>\u00a0<a style=\"color: #ffffff;\" title=\"Csal\u00e1d (rendszertan)\" href=\"https:\/\/hu.wikipedia.org\/wiki\/Csal%C3%A1d_(rendszertan)\">csal\u00e1dj\u00e1ba<\/a>\u00a0tartoz\u00f3\u00a0<a style=\"color: #ffffff;\" title=\"Nemzets\u00e9g (rendszertan)\" href=\"https:\/\/hu.wikipedia.org\/wiki\/Nemzets%C3%A9g_(rendszertan)\">nemzets\u00e9g<\/a>, amely f\u00e1s sz\u00e1r\u00fa fajokb\u00f3l tev\u0151dik \u00f6ssze.<\/span><\/p>\n<p><span style=\"color: #ffffff;\">A lombfakad\u00e1s kezdet\u00e9n ny\u00edl\u00f3 nagy, viaszszer\u0171 vir\u00e1gaikkal d\u00edsz\u00edt\u0151 k\u00f6zkedvelt\u00a0<a style=\"color: #ffffff;\" title=\"Cserje\" href=\"https:\/\/hu.wikipedia.org\/wiki\/Cserje\">cserj\u00e9k<\/a>. \u00c1gaik t\u00f6visesek. Apr\u00f3\u00a0<a style=\"color: #ffffff;\" title=\"Birs\" href=\"https:\/\/hu.wikipedia.org\/wiki\/Birs\">birsalma<\/a>-term\u00e9s\u00fck er\u0151sen illatos, de keser\u0171, nem ehet\u0151 (komp\u00f3t \u00edzes\u00edt\u00e9s\u00e9re viszont kiv\u00e1l\u00f3).\u00a0<a style=\"color: #ffffff;\" title=\"Magyarorsz\u00e1g\" href=\"https:\/\/hu.wikipedia.org\/wiki\/Magyarorsz%C3%A1g\">Magyarorsz\u00e1gon<\/a>\u00a02\u00a0<a style=\"color: #ffffff;\" title=\"Jap\u00e1n\" href=\"https:\/\/hu.wikipedia.org\/wiki\/Jap%C3%A1n\">Jap\u00e1nb\u00f3l<\/a>\u00a0sz\u00e1rmaz\u00f3 alapfajjal, illetve azok hibridjeivel tal\u00e1lkozhatunk.<\/span><\/p>\n<p><span style=\"color: #ffffff;\"><a class=\"new\" style=\"color: #ffffff;\" title=\"Val\u00f3di jap\u00e1nbirs (a lap nem l\u00e9tezik)\" href=\"https:\/\/hu.wikipedia.org\/w\/index.php?title=Val%C3%B3di_jap%C3%A1nbirs&amp;action=edit&amp;redlink=1\">Val\u00f3di jap\u00e1nbirs<\/a>\u00a0<i>(Chaenomeles japonica)<\/i><\/span><\/p>\n<p><span style=\"color: #ffffff;\">Mintegy m\u00e9teresre n\u00f6v\u0151, terjed\u0151 t\u00f6v\u0171 cserje, \u00e9l\u00e9nk t\u00e9glapiros vir\u00e1gokkal. Term\u00e9sei g\u00f6mb\u00f6lydedek, vessz\u0151i t\u00f6bb\u00e9-kev\u00e9sb\u00e9 bibircsesek. A k\u00e9s\u0151bbi, nemes\u00edtett fajt\u00e1k d\u00edsz\u00e9rt\u00e9kben fel\u00fclm\u00falj\u00e1k.<\/span><\/p>\n<p><span style=\"color: #ffffff;\"><a class=\"new\" style=\"color: #ffffff;\" title=\"Pomp\u00e1s jap\u00e1nbirs (a lap nem l\u00e9tezik)\" href=\"https:\/\/hu.wikipedia.org\/w\/index.php?title=Pomp%C3%A1s_jap%C3%A1nbirs&amp;action=edit&amp;redlink=1\">Pomp\u00e1s jap\u00e1nbirs<\/a>\u00a0<i>(Chaenomeles speciosa)<\/i>.<\/span><\/p>\n<p><span style=\"color: #ffffff;\">J\u00f3val gyakoribb, k\u00fcl\u00f6n\u00f6sen a r\u00e9gi kast\u00e9lykertekben. 1,5\u20132 m magas, csak kism\u00e9rt\u00e9kben sarjadz\u00f3 cserje, k\u00f6zepes n\u00f6veked\u00e9si er\u00e9llyel. Fiatal hajt\u00e1sai kopaszok, vessz\u0151i nem bibircsesek.<\/span><\/p>\n<p><span style=\"color: #ffffff;\">&#8216;Nivalis&#8217;-feh\u00e9r vir\u00e1g\u00fa<\/span><\/p>\n<p><span style=\"color: #ffffff;\">&#8216;Brilliant&#8217;<\/span><\/p>\n<p><span style=\"color: #ffffff;\"><i>B\u00edbor jap\u00e1nbirs<\/i>\u00a0(C. x superba).<\/span><\/p>\n<p><span style=\"color: #ffffff;\">Az el\u0151z\u0151 k\u00e9t faj keresztez\u00e9s\u00e9vel l\u00e9trej\u00f6tt fajt\u00e1k csoportja. Termet\u00fck \u00e9s egy\u00e9b morfol\u00f3giai b\u00e9lyegeik a k\u00e9t sz\u00fcl\u0151faj k\u00f6z\u00f6tt \u00e1llnak, jelenleg f\u0151leg az alacsony (1 m\u00e9ter k\u00f6r\u00fcli) piros fajt\u00e1k vannak divatban.<\/span><\/p>\n<p><span style=\"color: #ffffff;\">Fajt\u00e1i:<\/span><\/p>\n<p><span style=\"color: #ffffff;\">&#8216;Karl Ramcke&#8217;-v\u00f6r\u00f6sbarn\u00e1n kihajt\u00f3 fajta<\/span><\/p>\n<p><span style=\"color: #ffffff;\">&#8216;Crimson and Gold&#8217;-nagy vir\u00e1g\u00fa \u00e9s felt\u0171n\u0151 s\u00e1rga porz\u00f3t\u00f6meg\u00e9vel d\u00edsz\u00edt\u0151 fajta<\/span><\/p>\n<p><span style=\"color: #ffffff;\">&#8216;Etna&#8217;-skarl\u00e1tv\u00f6r\u00f6s<\/span><\/p>\n<p><span style=\"color: #ffffff;\">A jap\u00e1nbirsek j\u00f3 v\u00edzell\u00e1t\u00e1s\u00fa, t\u00e1pd\u00fas talajt, napos vagy f\u00e9l\u00e1rny\u00e9kos fekv\u00e9st ig\u00e9nyelnek. \u00c9rz\u00e9kenyek a magas\u00a0<a style=\"color: #ffffff;\" title=\"Kalcium-karbon\u00e1t\" href=\"https:\/\/hu.wikipedia.org\/wiki\/Kalcium-karbon%C3%A1t\">m\u00e9sztartalomra<\/a>.\u00a0<a style=\"color: #ffffff;\" title=\"Gy\u00f6k\u00e9r\" href=\"https:\/\/hu.wikipedia.org\/wiki\/Gy%C3%B6k%C3%A9r\">Gy\u00f6k\u00e9rr\u0151l<\/a>\u00a0k\u00f6nnyen sarjadnak. Szapor\u00edt\u00e1suk\u00a0<a style=\"color: #ffffff;\" title=\"Mag\" href=\"https:\/\/hu.wikipedia.org\/wiki\/Mag\">magvet\u00e9ssel<\/a>, vagy a fajt\u00e1kat ny\u00e1ri z\u00f6lddugv\u00e1nynal, esetleg t\u0151oszt\u00e1ssal, b\u00fajt\u00e1ssal.<\/span><\/p>\n<p>&nbsp;<\/p>","protected":false},"excerpt":{"rendered":"<p>A Chaenomeles &#8216;Semperflorens&#8217; , Jap\u00e1nbirs 1,5 m\u00e9ter magas, t\u00f6vises, lombhullat\u00f3 cserje. Sz\u00ednpomp\u00e1s vir\u00e1gait m\u00e9g lev\u00e9lhajt\u00e1s el\u0151tt bontja, ezekb\u0151l fejl\u0151dnek ki \u0151szre s\u00e1rga alm\u00e1i. Napos, f\u00e9l\u00e1rny\u00e9kos helyet szeret. \u00c1tlagos v\u00edzig\u00e9ny\u0171.<\/p>","protected":false},"featured_media":1245,"template":"","meta":{"_et_pb_use_builder":"","_et_pb_old_content":"","_et_gb_content_width":""},"product_brand":[],"product_cat":[27],"product_tag":[270,274],"class_list":{"0":"post-1242","1":"product","2":"type-product","3":"status-publish","4":"has-post-thumbnail","6":"product_cat-cserjek","7":"product_tag-chaenomeles-semperflorens","8":"product_tag-japanbirs","10":"first","11":"outofstock","12":"shipping-taxable","13":"product-type-simple"},"yoast_head":"<!-- This site is optimized with the Yoast SEO plugin v27.3 - https:\/\/yoast.com\/product\/yoast-seo-wordpress\/ -->\n<title>Chaenomeles &#039;Semperflorens&#039; , Jap\u00e1nbirs - T\u00e1jkert\u00e9sz<\/title>\n<meta name=\"description\" content=\"A Chaenomeles &#039;Semperflorens&#039; , Jap\u00e1nbirs 1,5 m\u00e9ter magas, t\u00f6vises, lombhullat\u00f3 cserje. Sz\u00ednpomp\u00e1s vir\u00e1gait m\u00e9g lev\u00e9lhajt\u00e1s el\u0151tt bontja.\" \/>\n<meta name=\"robots\" content=\"index, follow, max-snippet:-1, max-image-preview:large, max-video-preview:-1\" \/>\n<link rel=\"canonical\" href=\"https:\/\/tajkertesz.com\/en_US\/product\/chaenomeles-semperflorens\/\" \/>\n<meta property=\"og:locale\" content=\"en_US\" \/>\n<meta property=\"og:type\" content=\"article\" \/>\n<meta property=\"og:title\" content=\"Chaenomeles &#039;Semperflorens&#039; , Jap\u00e1nbirs - T\u00e1jkert\u00e9sz\" \/>\n<meta property=\"og:description\" content=\"A Chaenomeles &#039;Semperflorens&#039; , Jap\u00e1nbirs 1,5 m\u00e9ter magas, t\u00f6vises, lombhullat\u00f3 cserje. Sz\u00ednpomp\u00e1s vir\u00e1gait m\u00e9g lev\u00e9lhajt\u00e1s el\u0151tt bontja.\" \/>\n<meta property=\"og:url\" content=\"https:\/\/tajkertesz.com\/en_US\/product\/chaenomeles-semperflorens\/\" \/>\n<meta property=\"og:site_name\" content=\"T\u00e1jkert\u00e9sz\" \/>\n<meta property=\"article:publisher\" content=\"https:\/\/www.facebook.com\/Tajkertesz\/\" \/>\n<meta property=\"article:modified_time\" content=\"2025-04-09T11:39:40+00:00\" \/>\n<meta property=\"og:image\" content=\"https:\/\/tajkertesz.com\/wp-content\/uploads\/2020\/03\/Chaenomeles-semperflorens.jpg\" \/>\n\t<meta property=\"og:image:width\" content=\"354\" \/>\n\t<meta property=\"og:image:height\" content=\"472\" \/>\n\t<meta property=\"og:image:type\" content=\"image\/jpeg\" \/>\n<meta name=\"twitter:card\" content=\"summary_large_image\" \/>\n<meta name=\"twitter:label1\" content=\"Est. reading time\" \/>\n\t<meta name=\"twitter:data1\" content=\"2 minutes\" \/>\n<script type=\"application\/ld+json\" class=\"yoast-schema-graph\">{\"@context\":\"https:\\\/\\\/schema.org\",\"@graph\":[{\"@type\":\"WebPage\",\"@id\":\"https:\\\/\\\/tajkertesz.com\\\/termek\\\/chaenomeles-semperflorens\\\/\",\"url\":\"https:\\\/\\\/tajkertesz.com\\\/termek\\\/chaenomeles-semperflorens\\\/\",\"name\":\"Chaenomeles 'Semperflorens' , Jap\u00e1nbirs - T\u00e1jkert\u00e9sz\",\"isPartOf\":{\"@id\":\"https:\\\/\\\/tajkertesz.com\\\/#website\"},\"primaryImageOfPage\":{\"@id\":\"https:\\\/\\\/tajkertesz.com\\\/termek\\\/chaenomeles-semperflorens\\\/#primaryimage\"},\"image\":{\"@id\":\"https:\\\/\\\/tajkertesz.com\\\/termek\\\/chaenomeles-semperflorens\\\/#primaryimage\"},\"thumbnailUrl\":\"https:\\\/\\\/tajkertesz.com\\\/wp-content\\\/uploads\\\/2020\\\/03\\\/Chaenomeles-semperflorens.jpg\",\"datePublished\":\"2020-03-09T15:55:41+00:00\",\"dateModified\":\"2025-04-09T11:39:40+00:00\",\"description\":\"A Chaenomeles 'Semperflorens' , Jap\u00e1nbirs 1,5 m\u00e9ter magas, t\u00f6vises, lombhullat\u00f3 cserje. Sz\u00ednpomp\u00e1s vir\u00e1gait m\u00e9g lev\u00e9lhajt\u00e1s el\u0151tt bontja.\",\"breadcrumb\":{\"@id\":\"https:\\\/\\\/tajkertesz.com\\\/termek\\\/chaenomeles-semperflorens\\\/#breadcrumb\"},\"inLanguage\":\"en-US\",\"potentialAction\":[{\"@type\":\"ReadAction\",\"target\":[\"https:\\\/\\\/tajkertesz.com\\\/termek\\\/chaenomeles-semperflorens\\\/\"]}]},{\"@type\":\"ImageObject\",\"inLanguage\":\"en-US\",\"@id\":\"https:\\\/\\\/tajkertesz.com\\\/termek\\\/chaenomeles-semperflorens\\\/#primaryimage\",\"url\":\"https:\\\/\\\/tajkertesz.com\\\/wp-content\\\/uploads\\\/2020\\\/03\\\/Chaenomeles-semperflorens.jpg\",\"contentUrl\":\"https:\\\/\\\/tajkertesz.com\\\/wp-content\\\/uploads\\\/2020\\\/03\\\/Chaenomeles-semperflorens.jpg\",\"width\":354,\"height\":472},{\"@type\":\"BreadcrumbList\",\"@id\":\"https:\\\/\\\/tajkertesz.com\\\/termek\\\/chaenomeles-semperflorens\\\/#breadcrumb\",\"itemListElement\":[{\"@type\":\"ListItem\",\"position\":1,\"name\":\"Home\",\"item\":\"https:\\\/\\\/tajkertesz.com\\\/\"},{\"@type\":\"ListItem\",\"position\":2,\"name\":\"Kezd\u0151lap\",\"item\":\"https:\\\/\\\/tajkertesz.com\\\/\"},{\"@type\":\"ListItem\",\"position\":3,\"name\":\"Chaenomeles &#8216;Semperflorens&#8217; , Jap\u00e1nbirs\"}]},{\"@type\":\"WebSite\",\"@id\":\"https:\\\/\\\/tajkertesz.com\\\/#website\",\"url\":\"https:\\\/\\\/tajkertesz.com\\\/\",\"name\":\"T\u00e1j-Kert\u00e9sz 84 Kft.\",\"description\":\"Kert\u00e9szeti kis- \u00e9s nagykeresked\u00e9s, D\u00edszn\u00f6v\u00e9ny web\u00e1ruh\u00e1z orsz\u00e1gos h\u00e1zhozsz\u00e1ll\u00edt\u00e1ssal!\",\"publisher\":{\"@id\":\"https:\\\/\\\/tajkertesz.com\\\/#organization\"},\"potentialAction\":[{\"@type\":\"SearchAction\",\"target\":{\"@type\":\"EntryPoint\",\"urlTemplate\":\"https:\\\/\\\/tajkertesz.com\\\/?s={search_term_string}\"},\"query-input\":{\"@type\":\"PropertyValueSpecification\",\"valueRequired\":true,\"valueName\":\"search_term_string\"}}],\"inLanguage\":\"en-US\"},{\"@type\":\"Organization\",\"@id\":\"https:\\\/\\\/tajkertesz.com\\\/#organization\",\"name\":\"T\u00e1j-Kert\u00e9sz 84 Kft.\",\"url\":\"https:\\\/\\\/tajkertesz.com\\\/\",\"logo\":{\"@type\":\"ImageObject\",\"inLanguage\":\"en-US\",\"@id\":\"https:\\\/\\\/tajkertesz.com\\\/#\\\/schema\\\/logo\\\/image\\\/\",\"url\":\"https:\\\/\\\/tajkertesz.com\\\/wp-content\\\/uploads\\\/2018\\\/02\\\/logo-2-e1518678052539.png\",\"contentUrl\":\"https:\\\/\\\/tajkertesz.com\\\/wp-content\\\/uploads\\\/2018\\\/02\\\/logo-2-e1518678052539.png\",\"width\":81,\"height\":140,\"caption\":\"T\u00e1j-Kert\u00e9sz 84 Kft.\"},\"image\":{\"@id\":\"https:\\\/\\\/tajkertesz.com\\\/#\\\/schema\\\/logo\\\/image\\\/\"},\"sameAs\":[\"https:\\\/\\\/www.facebook.com\\\/Tajkertesz\\\/\"]}]}<\/script>\n<!-- \/ Yoast SEO plugin. -->","yoast_head_json":{"title":"Chaenomeles 'Semperflorens' , Jap\u00e1nbirs - T\u00e1jkert\u00e9sz","description":"A Chaenomeles 'Semperflorens' , Jap\u00e1nbirs 1,5 m\u00e9ter magas, t\u00f6vises, lombhullat\u00f3 cserje. Sz\u00ednpomp\u00e1s vir\u00e1gait m\u00e9g lev\u00e9lhajt\u00e1s el\u0151tt bontja.","robots":{"index":"index","follow":"follow","max-snippet":"max-snippet:-1","max-image-preview":"max-image-preview:large","max-video-preview":"max-video-preview:-1"},"canonical":"https:\/\/tajkertesz.com\/en_US\/product\/chaenomeles-semperflorens\/","og_locale":"en_US","og_type":"article","og_title":"Chaenomeles 'Semperflorens' , Jap\u00e1nbirs - T\u00e1jkert\u00e9sz","og_description":"A Chaenomeles 'Semperflorens' , Jap\u00e1nbirs 1,5 m\u00e9ter magas, t\u00f6vises, lombhullat\u00f3 cserje. Sz\u00ednpomp\u00e1s vir\u00e1gait m\u00e9g lev\u00e9lhajt\u00e1s el\u0151tt bontja.","og_url":"https:\/\/tajkertesz.com\/en_US\/product\/chaenomeles-semperflorens\/","og_site_name":"T\u00e1jkert\u00e9sz","article_publisher":"https:\/\/www.facebook.com\/Tajkertesz\/","article_modified_time":"2025-04-09T11:39:40+00:00","og_image":[{"width":354,"height":472,"url":"https:\/\/tajkertesz.com\/wp-content\/uploads\/2020\/03\/Chaenomeles-semperflorens.jpg","type":"image\/jpeg"}],"twitter_card":"summary_large_image","twitter_misc":{"Est. reading time":"2 minutes"},"schema":{"@context":"https:\/\/schema.org","@graph":[{"@type":"WebPage","@id":"https:\/\/tajkertesz.com\/termek\/chaenomeles-semperflorens\/","url":"https:\/\/tajkertesz.com\/termek\/chaenomeles-semperflorens\/","name":"Chaenomeles 'Semperflorens' , Jap\u00e1nbirs - T\u00e1jkert\u00e9sz","isPartOf":{"@id":"https:\/\/tajkertesz.com\/#website"},"primaryImageOfPage":{"@id":"https:\/\/tajkertesz.com\/termek\/chaenomeles-semperflorens\/#primaryimage"},"image":{"@id":"https:\/\/tajkertesz.com\/termek\/chaenomeles-semperflorens\/#primaryimage"},"thumbnailUrl":"https:\/\/tajkertesz.com\/wp-content\/uploads\/2020\/03\/Chaenomeles-semperflorens.jpg","datePublished":"2020-03-09T15:55:41+00:00","dateModified":"2025-04-09T11:39:40+00:00","description":"A Chaenomeles 'Semperflorens' , Jap\u00e1nbirs 1,5 m\u00e9ter magas, t\u00f6vises, lombhullat\u00f3 cserje. Sz\u00ednpomp\u00e1s vir\u00e1gait m\u00e9g lev\u00e9lhajt\u00e1s el\u0151tt bontja.","breadcrumb":{"@id":"https:\/\/tajkertesz.com\/termek\/chaenomeles-semperflorens\/#breadcrumb"},"inLanguage":"en-US","potentialAction":[{"@type":"ReadAction","target":["https:\/\/tajkertesz.com\/termek\/chaenomeles-semperflorens\/"]}]},{"@type":"ImageObject","inLanguage":"en-US","@id":"https:\/\/tajkertesz.com\/termek\/chaenomeles-semperflorens\/#primaryimage","url":"https:\/\/tajkertesz.com\/wp-content\/uploads\/2020\/03\/Chaenomeles-semperflorens.jpg","contentUrl":"https:\/\/tajkertesz.com\/wp-content\/uploads\/2020\/03\/Chaenomeles-semperflorens.jpg","width":354,"height":472},{"@type":"BreadcrumbList","@id":"https:\/\/tajkertesz.com\/termek\/chaenomeles-semperflorens\/#breadcrumb","itemListElement":[{"@type":"ListItem","position":1,"name":"Home","item":"https:\/\/tajkertesz.com\/"},{"@type":"ListItem","position":2,"name":"Kezd\u0151lap","item":"https:\/\/tajkertesz.com\/"},{"@type":"ListItem","position":3,"name":"Chaenomeles &#8216;Semperflorens&#8217; , Jap\u00e1nbirs"}]},{"@type":"WebSite","@id":"https:\/\/tajkertesz.com\/#website","url":"https:\/\/tajkertesz.com\/","name":"T\u00e1j-Kert\u00e9sz 84 Kft.","description":"Kert\u00e9szeti kis- \u00e9s nagykeresked\u00e9s, D\u00edszn\u00f6v\u00e9ny web\u00e1ruh\u00e1z orsz\u00e1gos h\u00e1zhozsz\u00e1ll\u00edt\u00e1ssal!","publisher":{"@id":"https:\/\/tajkertesz.com\/#organization"},"potentialAction":[{"@type":"SearchAction","target":{"@type":"EntryPoint","urlTemplate":"https:\/\/tajkertesz.com\/?s={search_term_string}"},"query-input":{"@type":"PropertyValueSpecification","valueRequired":true,"valueName":"search_term_string"}}],"inLanguage":"en-US"},{"@type":"Organization","@id":"https:\/\/tajkertesz.com\/#organization","name":"T\u00e1j-Kert\u00e9sz 84 Kft.","url":"https:\/\/tajkertesz.com\/","logo":{"@type":"ImageObject","inLanguage":"en-US","@id":"https:\/\/tajkertesz.com\/#\/schema\/logo\/image\/","url":"https:\/\/tajkertesz.com\/wp-content\/uploads\/2018\/02\/logo-2-e1518678052539.png","contentUrl":"https:\/\/tajkertesz.com\/wp-content\/uploads\/2018\/02\/logo-2-e1518678052539.png","width":81,"height":140,"caption":"T\u00e1j-Kert\u00e9sz 84 Kft."},"image":{"@id":"https:\/\/tajkertesz.com\/#\/schema\/logo\/image\/"},"sameAs":["https:\/\/www.facebook.com\/Tajkertesz\/"]}]}},"_links":{"self":[{"href":"https:\/\/tajkertesz.com\/en_US\/wp-json\/wp\/v2\/product\/1242","targetHints":{"allow":["GET"]}}],"collection":[{"href":"https:\/\/tajkertesz.com\/en_US\/wp-json\/wp\/v2\/product"}],"about":[{"href":"https:\/\/tajkertesz.com\/en_US\/wp-json\/wp\/v2\/types\/product"}],"wp:featuredmedia":[{"embeddable":true,"href":"https:\/\/tajkertesz.com\/en_US\/wp-json\/wp\/v2\/media\/1245"}],"wp:attachment":[{"href":"https:\/\/tajkertesz.com\/en_US\/wp-json\/wp\/v2\/media?parent=1242"}],"wp:term":[{"taxonomy":"product_brand","embeddable":true,"href":"https:\/\/tajkertesz.com\/en_US\/wp-json\/wp\/v2\/product_brand?post=1242"},{"taxonomy":"product_cat","embeddable":true,"href":"https:\/\/tajkertesz.com\/en_US\/wp-json\/wp\/v2\/product_cat?post=1242"},{"taxonomy":"product_tag","embeddable":true,"href":"https:\/\/tajkertesz.com\/en_US\/wp-json\/wp\/v2\/product_tag?post=1242"}],"curies":[{"name":"wp","href":"https:\/\/api.w.org\/{rel}","templated":true}]}}