{"id":12443,"date":"2022-02-16T15:13:44","date_gmt":"2022-02-16T15:13:44","guid":{"rendered":"https:\/\/tajkertesz.com\/?post_type=product&#038;p=12443"},"modified":"2026-02-20T13:15:24","modified_gmt":"2026-02-20T13:15:24","slug":"gladiolus-large-flowered-mixed-kardvirag","status":"publish","type":"product","link":"https:\/\/tajkertesz.com\/en_US\/product\/gladiolus-large-flowered-mixed-kardvirag\/","title":{"rendered":"Gladiolus Large flowered Mixed -kardvir\u00e1g mix 50 db"},"content":{"rendered":"<p>Gladiolus Large flowered Mixed -kardvir\u00e1g mix 50 db<\/p>\n<p>A Gladiolus Large flowered Mixed \u00a0<strong>kardvir\u00e1g (Gladiolus)<\/strong> A n\u0151sziromf\u00e9l\u00e9k csal\u00e1dj\u00e1ba tartoz\u00f3 nagytermet\u0171 \u00e9vel\u0151 n\u00f6v\u00e9ny. Az egyes fajok magass\u00e1ga f\u00e9l m\u00e9tert\u0151l, t\u00f6bb mint egy m\u00e9terig is terjedhet.<\/p>\n<p>Hossz\u00fa sz\u00e1r\u00e1val, kardszer\u0171 level\u00e9vel, valamint a sz\u00e1r hossz\u00e1nak j\u00f3 r\u00e9sz\u00e9n ny\u00edl\u00f3 \u00e9l\u00e9nk sz\u00edn\u0171 vir\u00e1gaival igaz\u00e1n impoz\u00e1ns l\u00e1tv\u00e1ny.<\/p>\n<p>&nbsp;<\/p>\n<p>\u00dcltet\u00e9s\u00e9hez v\u00e1lasszunk vil\u00e1gos, napos helyet, talaj tekintet\u00e9ben a j\u00f3 v\u00edzelvezet\u00e9s\u0171, t\u00e1panyag d\u00fas f\u00f6ld a legjobb v\u00e1laszt\u00e1s.\u00a0Mivel nem t\u00e9l\u00e1ll\u00f3, ez\u00e9rt\u00a0el\u00fcltetni leghamarabb \u00e1prilis elej\u00e9n lehet, ak\u00e1r a tavasz v\u00e9g\u00e9ig is \u00fcltethetj\u00fck fokozatosan, \u00edgy nagyon sok\u00e1ig gy\u00f6ny\u00f6rk\u00f6dhet\u00fcnk sz\u00e9ps\u00e9g\u00e9ben.<\/p>\n<p>Napos, meleg helyet, b\u0151s\u00e9ges, v\u00edzell\u00e1t\u00e1st ig\u00e9nyel, a t\u00fal\u00f6nt\u00f6z\u00e9st azonban nem szereti, a t\u00fal\u00f6nt\u00f6z\u00e9st azonban nem szereti. Sz\u00e9ls\u0151s\u00e9ges talajok kiv\u00e9tel\u00e9vel mindenhol termeszthet\u0151. Talajb\u00f3l fert\u0151z\u0151 betegs\u00e9gei miatt jobb, ha nem ugyanarra a ter\u00fcletre \u00fcltetj\u00fck vissza minden \u00e9vben.\u00a0 Kiv\u00e1l\u00f3 v\u00e1gott vir\u00e1g, amelyet akkor szedhet\u00fcnk, amikor az els\u0151 bimbok besz\u00ednesedtek a f\u00fcz\u00e9rben. J\u00fanius v\u00e9g\u00e9ig szakaszosan \u00fcltetve, hossz\u00fa ideig vir\u00e1gzik kardvir\u00e1g<\/p>\n<p>Gladiolus Large flowered Mixed<\/p>\n<p>90 cm vir\u00e1gsz\u00e1r\u00e1val \u00e9s az ak\u00e1r 60-70 cm-t is el\u00e9r\u0151 vir\u00e1gf\u00fcz\u00e9r\u00e9r\u00e9vel kiv\u00e1l\u00f3 v\u00e1gott vir\u00e1g. a fagyvesz\u00e9ly elm\u00fal\u00e1s\u00e1val, \u00e1prilist\u00f3l \u00fcltethet\u0151, lehet\u0151leg napos sz\u00e9lv\u00e9dett helyre.<\/p>\n<p>Szeles helyen kar\u00f3z\u00e1st ig\u00e9nyel, mert az er\u0151s sz\u00e9lben a f\u00fcz\u00e9r elt\u00f6rhet. Csoportokba \u00fcltess\u00fck. a sz\u00e9p vir\u00e1gz\u00e1shoz j\u00f3 t\u00e1panyagot \u00e9s v\u00edzell\u00e1t\u00e1st ig\u00e9nyel.<\/p>\n<p>K\u00fcl\u00f6nb\u00f6z\u0151 id\u0151pontokba \u00fcltetve a vir\u00e1gz\u00e1s is elh\u00fazhat\u00f3.<\/p>\n<p>Gladiolus Large flowered Mixed<\/p>\n<p>Nem t\u00e9l\u00e1ll\u00f3.<\/p>\n<ul>\n<li>M\u00e9ret: 90 cm<\/li>\n<li>Vir\u00e1gz\u00e1s: j\u00falius-szeptember<\/li>\n<li>\u00dcltet\u00e9s: \u00e1prilis-m\u00e1jus<\/li>\n<li>F\u00e9nyig\u00e9ny: nap<\/li>\n<li>T\u00e9l\u00e1ll\u00f3s\u00e1g: nem<\/li>\n<li>Felhaszn\u00e1l\u00e1s:<span class=\"fekete2\">\u00a0\u00e9vel\u0151\u00e1gy, v\u00e1gott-vir\u00e1g<\/span><\/li>\n<li><span class=\"fekete2\">Kiszerel\u00e9s: 50db\/csomag<\/span><\/li>\n<\/ul>\n<p><strong>T\u00e1rol\u00e1s<\/strong><\/p>\n<p>15-20 \u00b0C k\u00f6z\u00f6tt, nem sz\u00e1raz helyis\u00e9gben kell t\u00e1rolni<\/p>\n<p>&nbsp;<\/p>\n<p><strong>K\u00e9szlet\u00fcnk napi szinten v\u00e1ltozik, ez\u00e9rt a v\u00e1ltoz\u00e1s jog\u00e1t fenntartjuk!<\/strong><\/p>\n<p><strong>Amennyiben nagyobb mennyis\u00e9gre lenne sz\u00fcks\u00e9g, vegye fel vel\u00fcnk a kapcsolatot \u00e9s beszerezz\u00fck!<\/strong><\/p>\n<p>El\u00e9rhet\u0151 t\u00f6bbf\u00e9le m\u00e9retben \u00e9s \u00e1rban.<\/p>\n<p><strong>K\u00e9szlet\u00fcnk napi szinten v\u00e1ltozik, ez\u00e9rt k\u00e9rj\u00fck, \u00e9rdekl\u0151dj\u00f6n szem\u00e9lyesen, telefonon vagy email-en.<br \/>\nA v\u00e1ltoztat\u00e1s jog\u00e1t fenntartjuk!\u00a0<\/strong><\/p>\n<p>&nbsp;<\/p>\n<p><a href=\"https:\/\/tajkertesz.com\/\">https:\/\/tajkertesz.com\/<\/a><\/p>\n<p><a href=\"https:\/\/www.facebook.com\/tajkertesz\/\">https:\/\/www.facebook.com\/tajkertesz\/<\/a><\/p>\n<p>Kisz\u00e1ll\u00edt\u00e1s: 200cm-ig \u00a0\u00e9s 40 kg-ig a sz\u00e1ll\u00edt\u00e1s fut\u00e1rszolg\u00e1lattal \u00a0t\u00f6rt\u00e9nik.<\/p>\n<p>Szem\u00e9lyes \u00e1tv\u00e9tel nyitvatart\u00e1si id\u0151ben a 17. ker\u00fclet Bakancsos utca 7. sz\u00e1m alatti Kert\u00e9szeti \u00e1rud\u00e1ban.<\/p>","protected":false},"excerpt":{"rendered":"<p>Gladiolus Large flowered Mixed<\/p>\n<p>90 cm vir\u00e1gsz\u00e1r\u00e1val \u00e9s az ak\u00e1r 60-70 cm-t is el\u00e9r\u0151 vir\u00e1gf\u00fcz\u00e9r\u00e9r\u00e9vel kiv\u00e1l\u00f3 v\u00e1gott vir\u00e1g. A fagyvesz\u00e9ly elm\u00fal\u00e1s\u00e1val, \u00e1prilist\u00f3l \u00fcltethet\u0151, lehet\u0151leg napos sz\u00e9lv\u00e9dett helyre.<\/p>\n<p>Szeles helyen kar\u00f3z\u00e1st ig\u00e9nyel, mert az er\u0151s sz\u00e9lben a f\u00fcz\u00e9r elt\u00f6rhet. Csoportokba \u00fcltess\u00fck. a sz\u00e9p vir\u00e1gz\u00e1shoz j\u00f3 t\u00e1panyagot \u00e9s v\u00edzell\u00e1t\u00e1st ig\u00e9nyel.<\/p>","protected":false},"featured_media":19204,"template":"","meta":{"_et_pb_use_builder":"","_et_pb_old_content":"","_et_gb_content_width":""},"product_brand":[],"product_cat":[3857],"product_tag":[3705,3718,3851],"class_list":{"0":"post-12443","1":"product","2":"type-product","3":"status-publish","4":"has-post-thumbnail","6":"product_cat-viraghagyma-dughagyma","7":"product_tag-gladiolus-large-flowered-mixed","8":"product_tag-kardvirag","9":"product_tag-mix","11":"first","12":"onbackorder","13":"shipping-taxable","14":"purchasable","15":"product-type-simple"},"yoast_head":"<!-- This site is optimized with the Yoast SEO plugin v27.3 - https:\/\/yoast.com\/product\/yoast-seo-wordpress\/ -->\n<title>Gladiolus Large flowered Mixed -kardvir\u00e1g mix 50 db - T\u00e1jkert\u00e9sz<\/title>\n<meta name=\"description\" content=\"A Gladiolus Large flowered Mixed \u00a0kardvir\u00e1g (Gladiolus) A n\u0151sziromf\u00e9l\u00e9k csal\u00e1dj\u00e1ba tartoz\u00f3 nagytermet\u0171 \u00e9vel\u0151 n\u00f6v\u00e9ny.\" \/>\n<meta name=\"robots\" content=\"index, follow, max-snippet:-1, max-image-preview:large, max-video-preview:-1\" \/>\n<link rel=\"canonical\" href=\"https:\/\/tajkertesz.com\/en_US\/product\/gladiolus-large-flowered-mixed-kardvirag\/\" \/>\n<meta property=\"og:locale\" content=\"en_US\" \/>\n<meta property=\"og:type\" content=\"article\" \/>\n<meta property=\"og:title\" content=\"Gladiolus Large flowered Mixed -kardvir\u00e1g mix 50 db - T\u00e1jkert\u00e9sz\" \/>\n<meta property=\"og:description\" content=\"A Gladiolus Large flowered Mixed \u00a0kardvir\u00e1g (Gladiolus) A n\u0151sziromf\u00e9l\u00e9k csal\u00e1dj\u00e1ba tartoz\u00f3 nagytermet\u0171 \u00e9vel\u0151 n\u00f6v\u00e9ny.\" \/>\n<meta property=\"og:url\" content=\"https:\/\/tajkertesz.com\/en_US\/product\/gladiolus-large-flowered-mixed-kardvirag\/\" \/>\n<meta property=\"og:site_name\" content=\"T\u00e1jkert\u00e9sz\" \/>\n<meta property=\"article:publisher\" content=\"https:\/\/www.facebook.com\/Tajkertesz\/\" \/>\n<meta property=\"article:modified_time\" content=\"2026-02-20T13:15:24+00:00\" \/>\n<meta property=\"og:image\" content=\"https:\/\/tajkertesz.com\/wp-content\/uploads\/2022\/02\/Gladiolus-50-db.jpg\" \/>\n\t<meta property=\"og:image:width\" content=\"397\" \/>\n\t<meta property=\"og:image:height\" content=\"600\" \/>\n\t<meta property=\"og:image:type\" content=\"image\/jpeg\" \/>\n<meta name=\"twitter:card\" content=\"summary_large_image\" \/>\n<meta name=\"twitter:label1\" content=\"Est. reading time\" \/>\n\t<meta name=\"twitter:data1\" content=\"2 minutes\" \/>\n<script type=\"application\/ld+json\" class=\"yoast-schema-graph\">{\"@context\":\"https:\\\/\\\/schema.org\",\"@graph\":[{\"@type\":\"WebPage\",\"@id\":\"https:\\\/\\\/tajkertesz.com\\\/termek\\\/gladiolus-large-flowered-mixed-kardvirag\\\/\",\"url\":\"https:\\\/\\\/tajkertesz.com\\\/termek\\\/gladiolus-large-flowered-mixed-kardvirag\\\/\",\"name\":\"Gladiolus Large flowered Mixed -kardvir\u00e1g mix 50 db - T\u00e1jkert\u00e9sz\",\"isPartOf\":{\"@id\":\"https:\\\/\\\/tajkertesz.com\\\/#website\"},\"primaryImageOfPage\":{\"@id\":\"https:\\\/\\\/tajkertesz.com\\\/termek\\\/gladiolus-large-flowered-mixed-kardvirag\\\/#primaryimage\"},\"image\":{\"@id\":\"https:\\\/\\\/tajkertesz.com\\\/termek\\\/gladiolus-large-flowered-mixed-kardvirag\\\/#primaryimage\"},\"thumbnailUrl\":\"https:\\\/\\\/tajkertesz.com\\\/wp-content\\\/uploads\\\/2022\\\/02\\\/Gladiolus-50-db.jpg\",\"datePublished\":\"2022-02-16T15:13:44+00:00\",\"dateModified\":\"2026-02-20T13:15:24+00:00\",\"description\":\"A Gladiolus Large flowered Mixed \u00a0kardvir\u00e1g (Gladiolus) A n\u0151sziromf\u00e9l\u00e9k csal\u00e1dj\u00e1ba tartoz\u00f3 nagytermet\u0171 \u00e9vel\u0151 n\u00f6v\u00e9ny.\",\"breadcrumb\":{\"@id\":\"https:\\\/\\\/tajkertesz.com\\\/termek\\\/gladiolus-large-flowered-mixed-kardvirag\\\/#breadcrumb\"},\"inLanguage\":\"en-US\",\"potentialAction\":[{\"@type\":\"ReadAction\",\"target\":[\"https:\\\/\\\/tajkertesz.com\\\/termek\\\/gladiolus-large-flowered-mixed-kardvirag\\\/\"]}]},{\"@type\":\"ImageObject\",\"inLanguage\":\"en-US\",\"@id\":\"https:\\\/\\\/tajkertesz.com\\\/termek\\\/gladiolus-large-flowered-mixed-kardvirag\\\/#primaryimage\",\"url\":\"https:\\\/\\\/tajkertesz.com\\\/wp-content\\\/uploads\\\/2022\\\/02\\\/Gladiolus-50-db.jpg\",\"contentUrl\":\"https:\\\/\\\/tajkertesz.com\\\/wp-content\\\/uploads\\\/2022\\\/02\\\/Gladiolus-50-db.jpg\",\"width\":397,\"height\":600},{\"@type\":\"BreadcrumbList\",\"@id\":\"https:\\\/\\\/tajkertesz.com\\\/termek\\\/gladiolus-large-flowered-mixed-kardvirag\\\/#breadcrumb\",\"itemListElement\":[{\"@type\":\"ListItem\",\"position\":1,\"name\":\"Home\",\"item\":\"https:\\\/\\\/tajkertesz.com\\\/\"},{\"@type\":\"ListItem\",\"position\":2,\"name\":\"Kezd\u0151lap\",\"item\":\"https:\\\/\\\/tajkertesz.com\\\/\"},{\"@type\":\"ListItem\",\"position\":3,\"name\":\"Gladiolus Large flowered Mixed -kardvir\u00e1g mix 50 db\"}]},{\"@type\":\"WebSite\",\"@id\":\"https:\\\/\\\/tajkertesz.com\\\/#website\",\"url\":\"https:\\\/\\\/tajkertesz.com\\\/\",\"name\":\"T\u00e1j-Kert\u00e9sz 84 Kft.\",\"description\":\"Kert\u00e9szeti kis- \u00e9s nagykeresked\u00e9s, D\u00edszn\u00f6v\u00e9ny web\u00e1ruh\u00e1z orsz\u00e1gos h\u00e1zhozsz\u00e1ll\u00edt\u00e1ssal!\",\"publisher\":{\"@id\":\"https:\\\/\\\/tajkertesz.com\\\/#organization\"},\"potentialAction\":[{\"@type\":\"SearchAction\",\"target\":{\"@type\":\"EntryPoint\",\"urlTemplate\":\"https:\\\/\\\/tajkertesz.com\\\/?s={search_term_string}\"},\"query-input\":{\"@type\":\"PropertyValueSpecification\",\"valueRequired\":true,\"valueName\":\"search_term_string\"}}],\"inLanguage\":\"en-US\"},{\"@type\":\"Organization\",\"@id\":\"https:\\\/\\\/tajkertesz.com\\\/#organization\",\"name\":\"T\u00e1j-Kert\u00e9sz 84 Kft.\",\"url\":\"https:\\\/\\\/tajkertesz.com\\\/\",\"logo\":{\"@type\":\"ImageObject\",\"inLanguage\":\"en-US\",\"@id\":\"https:\\\/\\\/tajkertesz.com\\\/#\\\/schema\\\/logo\\\/image\\\/\",\"url\":\"https:\\\/\\\/tajkertesz.com\\\/wp-content\\\/uploads\\\/2018\\\/02\\\/logo-2-e1518678052539.png\",\"contentUrl\":\"https:\\\/\\\/tajkertesz.com\\\/wp-content\\\/uploads\\\/2018\\\/02\\\/logo-2-e1518678052539.png\",\"width\":81,\"height\":140,\"caption\":\"T\u00e1j-Kert\u00e9sz 84 Kft.\"},\"image\":{\"@id\":\"https:\\\/\\\/tajkertesz.com\\\/#\\\/schema\\\/logo\\\/image\\\/\"},\"sameAs\":[\"https:\\\/\\\/www.facebook.com\\\/Tajkertesz\\\/\"]}]}<\/script>\n<!-- \/ Yoast SEO plugin. -->","yoast_head_json":{"title":"Gladiolus Large flowered Mixed -kardvir\u00e1g mix 50 db - T\u00e1jkert\u00e9sz","description":"A Gladiolus Large flowered Mixed \u00a0kardvir\u00e1g (Gladiolus) A n\u0151sziromf\u00e9l\u00e9k csal\u00e1dj\u00e1ba tartoz\u00f3 nagytermet\u0171 \u00e9vel\u0151 n\u00f6v\u00e9ny.","robots":{"index":"index","follow":"follow","max-snippet":"max-snippet:-1","max-image-preview":"max-image-preview:large","max-video-preview":"max-video-preview:-1"},"canonical":"https:\/\/tajkertesz.com\/en_US\/product\/gladiolus-large-flowered-mixed-kardvirag\/","og_locale":"en_US","og_type":"article","og_title":"Gladiolus Large flowered Mixed -kardvir\u00e1g mix 50 db - T\u00e1jkert\u00e9sz","og_description":"A Gladiolus Large flowered Mixed \u00a0kardvir\u00e1g (Gladiolus) A n\u0151sziromf\u00e9l\u00e9k csal\u00e1dj\u00e1ba tartoz\u00f3 nagytermet\u0171 \u00e9vel\u0151 n\u00f6v\u00e9ny.","og_url":"https:\/\/tajkertesz.com\/en_US\/product\/gladiolus-large-flowered-mixed-kardvirag\/","og_site_name":"T\u00e1jkert\u00e9sz","article_publisher":"https:\/\/www.facebook.com\/Tajkertesz\/","article_modified_time":"2026-02-20T13:15:24+00:00","og_image":[{"width":397,"height":600,"url":"https:\/\/tajkertesz.com\/wp-content\/uploads\/2022\/02\/Gladiolus-50-db.jpg","type":"image\/jpeg"}],"twitter_card":"summary_large_image","twitter_misc":{"Est. reading time":"2 minutes"},"schema":{"@context":"https:\/\/schema.org","@graph":[{"@type":"WebPage","@id":"https:\/\/tajkertesz.com\/termek\/gladiolus-large-flowered-mixed-kardvirag\/","url":"https:\/\/tajkertesz.com\/termek\/gladiolus-large-flowered-mixed-kardvirag\/","name":"Gladiolus Large flowered Mixed -kardvir\u00e1g mix 50 db - T\u00e1jkert\u00e9sz","isPartOf":{"@id":"https:\/\/tajkertesz.com\/#website"},"primaryImageOfPage":{"@id":"https:\/\/tajkertesz.com\/termek\/gladiolus-large-flowered-mixed-kardvirag\/#primaryimage"},"image":{"@id":"https:\/\/tajkertesz.com\/termek\/gladiolus-large-flowered-mixed-kardvirag\/#primaryimage"},"thumbnailUrl":"https:\/\/tajkertesz.com\/wp-content\/uploads\/2022\/02\/Gladiolus-50-db.jpg","datePublished":"2022-02-16T15:13:44+00:00","dateModified":"2026-02-20T13:15:24+00:00","description":"A Gladiolus Large flowered Mixed \u00a0kardvir\u00e1g (Gladiolus) A n\u0151sziromf\u00e9l\u00e9k csal\u00e1dj\u00e1ba tartoz\u00f3 nagytermet\u0171 \u00e9vel\u0151 n\u00f6v\u00e9ny.","breadcrumb":{"@id":"https:\/\/tajkertesz.com\/termek\/gladiolus-large-flowered-mixed-kardvirag\/#breadcrumb"},"inLanguage":"en-US","potentialAction":[{"@type":"ReadAction","target":["https:\/\/tajkertesz.com\/termek\/gladiolus-large-flowered-mixed-kardvirag\/"]}]},{"@type":"ImageObject","inLanguage":"en-US","@id":"https:\/\/tajkertesz.com\/termek\/gladiolus-large-flowered-mixed-kardvirag\/#primaryimage","url":"https:\/\/tajkertesz.com\/wp-content\/uploads\/2022\/02\/Gladiolus-50-db.jpg","contentUrl":"https:\/\/tajkertesz.com\/wp-content\/uploads\/2022\/02\/Gladiolus-50-db.jpg","width":397,"height":600},{"@type":"BreadcrumbList","@id":"https:\/\/tajkertesz.com\/termek\/gladiolus-large-flowered-mixed-kardvirag\/#breadcrumb","itemListElement":[{"@type":"ListItem","position":1,"name":"Home","item":"https:\/\/tajkertesz.com\/"},{"@type":"ListItem","position":2,"name":"Kezd\u0151lap","item":"https:\/\/tajkertesz.com\/"},{"@type":"ListItem","position":3,"name":"Gladiolus Large flowered Mixed -kardvir\u00e1g mix 50 db"}]},{"@type":"WebSite","@id":"https:\/\/tajkertesz.com\/#website","url":"https:\/\/tajkertesz.com\/","name":"T\u00e1j-Kert\u00e9sz 84 Kft.","description":"Kert\u00e9szeti kis- \u00e9s nagykeresked\u00e9s, D\u00edszn\u00f6v\u00e9ny web\u00e1ruh\u00e1z orsz\u00e1gos h\u00e1zhozsz\u00e1ll\u00edt\u00e1ssal!","publisher":{"@id":"https:\/\/tajkertesz.com\/#organization"},"potentialAction":[{"@type":"SearchAction","target":{"@type":"EntryPoint","urlTemplate":"https:\/\/tajkertesz.com\/?s={search_term_string}"},"query-input":{"@type":"PropertyValueSpecification","valueRequired":true,"valueName":"search_term_string"}}],"inLanguage":"en-US"},{"@type":"Organization","@id":"https:\/\/tajkertesz.com\/#organization","name":"T\u00e1j-Kert\u00e9sz 84 Kft.","url":"https:\/\/tajkertesz.com\/","logo":{"@type":"ImageObject","inLanguage":"en-US","@id":"https:\/\/tajkertesz.com\/#\/schema\/logo\/image\/","url":"https:\/\/tajkertesz.com\/wp-content\/uploads\/2018\/02\/logo-2-e1518678052539.png","contentUrl":"https:\/\/tajkertesz.com\/wp-content\/uploads\/2018\/02\/logo-2-e1518678052539.png","width":81,"height":140,"caption":"T\u00e1j-Kert\u00e9sz 84 Kft."},"image":{"@id":"https:\/\/tajkertesz.com\/#\/schema\/logo\/image\/"},"sameAs":["https:\/\/www.facebook.com\/Tajkertesz\/"]}]}},"_links":{"self":[{"href":"https:\/\/tajkertesz.com\/en_US\/wp-json\/wp\/v2\/product\/12443","targetHints":{"allow":["GET"]}}],"collection":[{"href":"https:\/\/tajkertesz.com\/en_US\/wp-json\/wp\/v2\/product"}],"about":[{"href":"https:\/\/tajkertesz.com\/en_US\/wp-json\/wp\/v2\/types\/product"}],"wp:featuredmedia":[{"embeddable":true,"href":"https:\/\/tajkertesz.com\/en_US\/wp-json\/wp\/v2\/media\/19204"}],"wp:attachment":[{"href":"https:\/\/tajkertesz.com\/en_US\/wp-json\/wp\/v2\/media?parent=12443"}],"wp:term":[{"taxonomy":"product_brand","embeddable":true,"href":"https:\/\/tajkertesz.com\/en_US\/wp-json\/wp\/v2\/product_brand?post=12443"},{"taxonomy":"product_cat","embeddable":true,"href":"https:\/\/tajkertesz.com\/en_US\/wp-json\/wp\/v2\/product_cat?post=12443"},{"taxonomy":"product_tag","embeddable":true,"href":"https:\/\/tajkertesz.com\/en_US\/wp-json\/wp\/v2\/product_tag?post=12443"}],"curies":[{"name":"wp","href":"https:\/\/api.w.org\/{rel}","templated":true}]}}