{"id":12450,"date":"2022-02-17T14:11:06","date_gmt":"2022-02-17T14:11:06","guid":{"rendered":"https:\/\/tajkertesz.com\/?post_type=product&#038;p=12450"},"modified":"2024-01-24T14:26:46","modified_gmt":"2024-01-24T14:26:46","slug":"nortene-turba-dehidratalt-tozegtabletta-csiraztatashoz","status":"publish","type":"product","link":"https:\/\/tajkertesz.com\/en_US\/product\/nortene-turba-dehidratalt-tozegtabletta-csiraztatashoz\/","title":{"rendered":"Nortene Turba , dehidrat\u00e1lt t\u0151zegtabletta cs\u00edr\u00e1ztat\u00e1shoz"},"content":{"rendered":"<p>Nortene Turba , dehidrat\u00e1lt t\u0151zegtabletta cs\u00edr\u00e1ztat\u00e1shoz<\/p>\n<p>A Nortene Turba , dehidrat\u00e1lt t\u0151zegtabletta cs\u00edr\u00e1ztat\u00e1shoz el\u0151nye nem kell kiszedni a n\u00f6v\u00e9nyt bel\u0151le, hanem vele egy\u00fctt ki\u00fcltethet\u0151, mert 100 %-ban lebomlik.<\/p>\n<p>A v\u00edz \u00e9s a leveg\u0151 teljesen \u00e1tj\u00e1rja.<\/p>\n<div class=\"mt-2 color-brown text-lg\">\n<p>A Turba dehidrat\u00e1lt t\u0151zegb\u0151l k\u00e9sz\u00fclt korong. Ide\u00e1lis n\u00f6v\u00e9nyek \u00fcltet\u00e9s\u00e9hez vagy \u00e1t\u00fcltet\u00e9s\u00e9hez. T\u0151zegb\u0151l k\u00e9sz\u00fclt. 4 cm az \u00e1tm\u00e9r\u0151je. 25 db-ot tartalmaz egy csomag.<\/p>\n<p><a href=\"https:\/\/tajkertesz.com\/\">https:\/\/tajkertesz.com\/<\/a><\/p>\n<p><a href=\"https:\/\/www.facebook.com\/tajkertesz\/\">https:\/\/www.facebook.com\/tajkertesz\/<\/a><\/p>\n<div id=\"bodyContent\" class=\"mw-body-content\">\n<div id=\"mw-content-text\" class=\"mw-content-ltr\" dir=\"ltr\" lang=\"hu\">\n<div id=\"bodyContent\" class=\"mw-body-content\">\n<div id=\"mw-content-text\" class=\"mw-content-ltr\" dir=\"ltr\" lang=\"hu\">\n<p>Kisz\u00e1ll\u00edt\u00e1s: 200 cm \u00e9s 40 kg is a sz\u00e1ll\u00edt\u00e1s fut\u00e1rszolg\u00e1lattal t\u00f6rt\u00e9nik.<\/p>\n<p>Szem\u00e9lyes \u00e1tv\u00e9tel nyitvatart\u00e1si id\u0151ben a\u00a0 17. ker\u00fclet Bakancsos utca 7. sz\u00e1m alatti Kert\u00e9szeti \u00e1rud\u00e1ban.<\/p>\n<\/div>\n<\/div>\n<\/div>\n<\/div>\n<p><b>K\u00e9szlet\u00fcnk napi szinten v\u00e1ltozik, ez\u00e9rt k\u00e9rj\u00fck, \u00e9rdekl\u0151dj\u00f6n szem\u00e9lyesen, telefonon vagy email-en.<br \/>\nA v\u00e1ltoztat\u00e1s jog\u00e1t fenntartjuk!\u00a0<\/b><\/p>\n<div class=\"mt-2 color-brown text-lg\">\n<div class=\"mt-2 color-brown text-lg\">\n<div class=\"mt-2 color-brown text-lg\">\n<div class=\"mt-2 color-brown text-lg\">\n<h5 class=\"justtellmewhat uppercase color-green-2 text-3xl\"><span style=\"color: #ffffff;\">EL\u0150NY\u00d6K<\/span><\/h5>\n<p><span style=\"color: #ffffff;\">Nem kell kiszedni a n\u00f6v\u00e9nyt bel\u0151le, hanem vele egy\u00fctt ki\u00fcltethet\u0151, mert 100 %-ban lebomlik. A v\u00edz \u00e9s a leveg\u0151 teljesen \u00e1tj\u00e1rja.<\/span><\/p>\n<h5 class=\"justtellmewhat uppercase color-green-2 text-3xl mt-10\"><span style=\"color: #ffffff;\">JELLEMZ\u0150K<\/span><\/h5>\n<p><span style=\"color: #ffffff;\">A Turba dehidrat\u00e1lt t\u0151zegb\u0151l k\u00e9sz\u00fclt korong. Ide\u00e1lis n\u00f6v\u00e9nyek \u00fcltet\u00e9s\u00e9hez vagy \u00e1t\u00fcltet\u00e9s\u00e9hez. T\u0151zegb\u0151l k\u00e9sz\u00fclt. 4 cm az \u00e1tm\u00e9r\u0151je. 25 db-ot tartalmaz egy csomag.<\/span><\/p>\n<h5><span style=\"color: #ffffff;\">A Nortene Turba , dehidrat\u00e1lt t\u0151zegtabletta cs\u00edr\u00e1ztat\u00e1shoz el\u0151nye nem kell kiszedni a n\u00f6v\u00e9nyt bel\u0151le, hanem vele egy\u00fctt ki\u00fcltethet\u0151, mert 100 %-ban lebomlik.<\/span><\/h5>\n<h5><span style=\"color: #ffffff;\">A v\u00edz \u00e9s a leveg\u0151 teljesen \u00e1tj\u00e1rja.<\/span><\/h5>\n<div class=\"mt-2 color-brown text-lg\">\n<h5><span style=\"color: #ffffff;\">A Turba dehidrat\u00e1lt t\u0151zegb\u0151l k\u00e9sz\u00fclt korong. Ide\u00e1lis n\u00f6v\u00e9nyek \u00fcltet\u00e9s\u00e9hez vagy \u00e1t\u00fcltet\u00e9s\u00e9hez. T\u0151zegb\u0151l k\u00e9sz\u00fclt. 4 cm az \u00e1tm\u00e9r\u0151je. 25 db-ot tartalmaz egy csomag.<\/span><\/h5>\n<h5 class=\"justtellmewhat uppercase color-green-2 text-3xl\"><span style=\"color: #ffffff;\">EL\u0150NY\u00d6K<\/span><\/h5>\n<p><span style=\"color: #ffffff;\">Nem kell kiszedni a n\u00f6v\u00e9nyt bel\u0151le, hanem vele egy\u00fctt ki\u00fcltethet\u0151, mert 100 %-ban lebomlik. A v\u00edz \u00e9s a leveg\u0151 teljesen \u00e1tj\u00e1rja.<\/span><\/p>\n<h5 class=\"justtellmewhat uppercase color-green-2 text-3xl mt-10\"><span style=\"color: #ffffff;\">JELLEMZ\u0150K<\/span><\/h5>\n<p><span style=\"color: #ffffff;\">A Turba dehidrat\u00e1lt t\u0151zegb\u0151l k\u00e9sz\u00fclt korong. Ide\u00e1lis n\u00f6v\u00e9nyek \u00fcltet\u00e9s\u00e9hez vagy \u00e1t\u00fcltet\u00e9s\u00e9hez. T\u0151zegb\u0151l k\u00e9sz\u00fclt. 4 cm az \u00e1tm\u00e9r\u0151je. 25 db-ot tartalmaz egy csomag.<\/span><\/p>\n<h5><span style=\"color: #ffffff;\">A Nortene Turba , dehidrat\u00e1lt t\u0151zegtabletta cs\u00edr\u00e1ztat\u00e1shoz el\u0151nye nem kell kiszedni a n\u00f6v\u00e9nyt bel\u0151le, hanem vele egy\u00fctt ki\u00fcltethet\u0151, mert 100 %-ban lebomlik.<\/span><\/h5>\n<h5><span style=\"color: #ffffff;\">A v\u00edz \u00e9s a leveg\u0151 teljesen \u00e1tj\u00e1rja.<\/span><\/h5>\n<div class=\"mt-2 color-brown text-lg\">\n<h5><span style=\"color: #ffffff;\">A Turba dehidrat\u00e1lt t\u0151zegb\u0151l k\u00e9sz\u00fclt korong. Ide\u00e1lis n\u00f6v\u00e9nyek \u00fcltet\u00e9s\u00e9hez vagy \u00e1t\u00fcltet\u00e9s\u00e9hez. T\u0151zegb\u0151l k\u00e9sz\u00fclt. 4 cm az \u00e1tm\u00e9r\u0151je. 25 db-ot tartalmaz egy csomag.<\/span><\/h5>\n<\/div>\n<\/div>\n<\/div>\n<\/div>\n<\/div>\n<\/div>\n<\/div>","protected":false},"excerpt":{"rendered":"<p>A Nortene Turba , dehidrat\u00e1lt t\u0151zegtabletta cs\u00edr\u00e1ztat\u00e1shoz el\u0151nye nem kell kiszedni a n\u00f6v\u00e9nyt bel\u0151le, hanem vele egy\u00fctt ki\u00fcltethet\u0151, mert 100 %-ban lebomlik.<\/p>\n<p>A v\u00edz \u00e9s a leveg\u0151 teljesen \u00e1tj\u00e1rja.<\/p>\n<div class=\"mt-2 color-brown text-lg\">\n<p>A Turba dehidrat\u00e1lt t\u0151zegb\u0151l k\u00e9sz\u00fclt korong. Ide\u00e1lis n\u00f6v\u00e9nyek \u00fcltet\u00e9s\u00e9hez vagy \u00e1t\u00fcltet\u00e9s\u00e9hez. T\u0151zegb\u0151l k\u00e9sz\u00fclt. 4 cm az \u00e1tm\u00e9r\u0151je. 25 db-ot tartalmaz egy csomag.<\/p>\n<\/div>","protected":false},"featured_media":12457,"template":"","meta":{"_et_pb_use_builder":"","_et_pb_old_content":"","_et_gb_content_width":""},"product_brand":[],"product_cat":[3652],"product_tag":[3712,3711,3710,3709,3714,3713],"class_list":{"0":"post-12450","1":"product","2":"type-product","3":"status-publish","4":"has-post-thumbnail","6":"product_cat-magvetes-palantazas","7":"product_tag-csiraztatashoz","8":"product_tag-dehidratalt-tozegtabletta","9":"product_tag-dehidratalt-tozegtabletta-csiraztatashoz","10":"product_tag-nortene-turba","11":"product_tag-tozeg-tabletta","12":"product_tag-turba","14":"first","15":"outofstock","16":"shipping-taxable","17":"product-type-simple"},"yoast_head":"<!-- This site is optimized with the Yoast SEO plugin v27.5 - https:\/\/yoast.com\/product\/yoast-seo-wordpress\/ -->\n<title>Nortene Turba , dehidrat\u00e1lt t\u0151zegtabletta cs\u00edr\u00e1ztat\u00e1shoz - T\u00e1jkert\u00e9sz<\/title>\n<meta name=\"description\" content=\"A Nortene Turba , dehidrat\u00e1lt t\u0151zegtabletta cs\u00edr\u00e1ztat\u00e1shoz el\u0151nye nem kell kiszedni a n\u00f6v\u00e9nyt bel\u0151le, hanem vele egy\u00fctt ki\u00fcltethet\u0151.\" \/>\n<meta name=\"robots\" content=\"index, follow, max-snippet:-1, max-image-preview:large, max-video-preview:-1\" \/>\n<link rel=\"canonical\" href=\"https:\/\/tajkertesz.com\/en_US\/product\/nortene-turba-dehidratalt-tozegtabletta-csiraztatashoz\/\" \/>\n<meta property=\"og:locale\" content=\"en_US\" \/>\n<meta property=\"og:type\" content=\"article\" \/>\n<meta property=\"og:title\" content=\"Nortene Turba , dehidrat\u00e1lt t\u0151zegtabletta cs\u00edr\u00e1ztat\u00e1shoz - T\u00e1jkert\u00e9sz\" \/>\n<meta property=\"og:description\" content=\"A Nortene Turba , dehidrat\u00e1lt t\u0151zegtabletta cs\u00edr\u00e1ztat\u00e1shoz el\u0151nye nem kell kiszedni a n\u00f6v\u00e9nyt bel\u0151le, hanem vele egy\u00fctt ki\u00fcltethet\u0151.\" \/>\n<meta property=\"og:url\" content=\"https:\/\/tajkertesz.com\/en_US\/product\/nortene-turba-dehidratalt-tozegtabletta-csiraztatashoz\/\" \/>\n<meta property=\"og:site_name\" content=\"T\u00e1jkert\u00e9sz\" \/>\n<meta property=\"article:publisher\" content=\"https:\/\/www.facebook.com\/Tajkertesz\/\" \/>\n<meta property=\"article:modified_time\" content=\"2024-01-24T14:26:46+00:00\" \/>\n<meta property=\"og:image\" content=\"https:\/\/tajkertesz.com\/wp-content\/uploads\/2022\/02\/Turba.jpg\" \/>\n\t<meta property=\"og:image:width\" content=\"478\" \/>\n\t<meta property=\"og:image:height\" content=\"430\" \/>\n\t<meta property=\"og:image:type\" content=\"image\/jpeg\" \/>\n<meta name=\"twitter:card\" content=\"summary_large_image\" \/>\n<meta name=\"twitter:label1\" content=\"Est. reading time\" \/>\n\t<meta name=\"twitter:data1\" content=\"2 minutes\" \/>\n<script type=\"application\/ld+json\" class=\"yoast-schema-graph\">{\"@context\":\"https:\\\/\\\/schema.org\",\"@graph\":[{\"@type\":\"WebPage\",\"@id\":\"https:\\\/\\\/tajkertesz.com\\\/termek\\\/nortene-turba-dehidratalt-tozegtabletta-csiraztatashoz\\\/\",\"url\":\"https:\\\/\\\/tajkertesz.com\\\/termek\\\/nortene-turba-dehidratalt-tozegtabletta-csiraztatashoz\\\/\",\"name\":\"Nortene Turba , dehidrat\u00e1lt t\u0151zegtabletta cs\u00edr\u00e1ztat\u00e1shoz - T\u00e1jkert\u00e9sz\",\"isPartOf\":{\"@id\":\"https:\\\/\\\/tajkertesz.com\\\/#website\"},\"primaryImageOfPage\":{\"@id\":\"https:\\\/\\\/tajkertesz.com\\\/termek\\\/nortene-turba-dehidratalt-tozegtabletta-csiraztatashoz\\\/#primaryimage\"},\"image\":{\"@id\":\"https:\\\/\\\/tajkertesz.com\\\/termek\\\/nortene-turba-dehidratalt-tozegtabletta-csiraztatashoz\\\/#primaryimage\"},\"thumbnailUrl\":\"https:\\\/\\\/tajkertesz.com\\\/wp-content\\\/uploads\\\/2022\\\/02\\\/Turba.jpg\",\"datePublished\":\"2022-02-17T14:11:06+00:00\",\"dateModified\":\"2024-01-24T14:26:46+00:00\",\"description\":\"A Nortene Turba , dehidrat\u00e1lt t\u0151zegtabletta cs\u00edr\u00e1ztat\u00e1shoz el\u0151nye nem kell kiszedni a n\u00f6v\u00e9nyt bel\u0151le, hanem vele egy\u00fctt ki\u00fcltethet\u0151.\",\"breadcrumb\":{\"@id\":\"https:\\\/\\\/tajkertesz.com\\\/termek\\\/nortene-turba-dehidratalt-tozegtabletta-csiraztatashoz\\\/#breadcrumb\"},\"inLanguage\":\"en-US\",\"potentialAction\":[{\"@type\":\"ReadAction\",\"target\":[\"https:\\\/\\\/tajkertesz.com\\\/termek\\\/nortene-turba-dehidratalt-tozegtabletta-csiraztatashoz\\\/\"]}]},{\"@type\":\"ImageObject\",\"inLanguage\":\"en-US\",\"@id\":\"https:\\\/\\\/tajkertesz.com\\\/termek\\\/nortene-turba-dehidratalt-tozegtabletta-csiraztatashoz\\\/#primaryimage\",\"url\":\"https:\\\/\\\/tajkertesz.com\\\/wp-content\\\/uploads\\\/2022\\\/02\\\/Turba.jpg\",\"contentUrl\":\"https:\\\/\\\/tajkertesz.com\\\/wp-content\\\/uploads\\\/2022\\\/02\\\/Turba.jpg\",\"width\":478,\"height\":430},{\"@type\":\"BreadcrumbList\",\"@id\":\"https:\\\/\\\/tajkertesz.com\\\/termek\\\/nortene-turba-dehidratalt-tozegtabletta-csiraztatashoz\\\/#breadcrumb\",\"itemListElement\":[{\"@type\":\"ListItem\",\"position\":1,\"name\":\"Home\",\"item\":\"https:\\\/\\\/tajkertesz.com\\\/\"},{\"@type\":\"ListItem\",\"position\":2,\"name\":\"Kezd\u0151lap\",\"item\":\"https:\\\/\\\/tajkertesz.com\\\/\"},{\"@type\":\"ListItem\",\"position\":3,\"name\":\"Nortene Turba , dehidrat\u00e1lt t\u0151zegtabletta cs\u00edr\u00e1ztat\u00e1shoz\"}]},{\"@type\":\"WebSite\",\"@id\":\"https:\\\/\\\/tajkertesz.com\\\/#website\",\"url\":\"https:\\\/\\\/tajkertesz.com\\\/\",\"name\":\"T\u00e1j-Kert\u00e9sz 84 Kft.\",\"description\":\"Kert\u00e9szeti kis- \u00e9s nagykeresked\u00e9s, D\u00edszn\u00f6v\u00e9ny web\u00e1ruh\u00e1z orsz\u00e1gos h\u00e1zhozsz\u00e1ll\u00edt\u00e1ssal!\",\"publisher\":{\"@id\":\"https:\\\/\\\/tajkertesz.com\\\/#organization\"},\"potentialAction\":[{\"@type\":\"SearchAction\",\"target\":{\"@type\":\"EntryPoint\",\"urlTemplate\":\"https:\\\/\\\/tajkertesz.com\\\/?s={search_term_string}\"},\"query-input\":{\"@type\":\"PropertyValueSpecification\",\"valueRequired\":true,\"valueName\":\"search_term_string\"}}],\"inLanguage\":\"en-US\"},{\"@type\":\"Organization\",\"@id\":\"https:\\\/\\\/tajkertesz.com\\\/#organization\",\"name\":\"T\u00e1j-Kert\u00e9sz 84 Kft.\",\"url\":\"https:\\\/\\\/tajkertesz.com\\\/\",\"logo\":{\"@type\":\"ImageObject\",\"inLanguage\":\"en-US\",\"@id\":\"https:\\\/\\\/tajkertesz.com\\\/#\\\/schema\\\/logo\\\/image\\\/\",\"url\":\"https:\\\/\\\/tajkertesz.com\\\/wp-content\\\/uploads\\\/2018\\\/02\\\/logo-2-e1518678052539.png\",\"contentUrl\":\"https:\\\/\\\/tajkertesz.com\\\/wp-content\\\/uploads\\\/2018\\\/02\\\/logo-2-e1518678052539.png\",\"width\":81,\"height\":140,\"caption\":\"T\u00e1j-Kert\u00e9sz 84 Kft.\"},\"image\":{\"@id\":\"https:\\\/\\\/tajkertesz.com\\\/#\\\/schema\\\/logo\\\/image\\\/\"},\"sameAs\":[\"https:\\\/\\\/www.facebook.com\\\/Tajkertesz\\\/\"]}]}<\/script>\n<!-- \/ Yoast SEO plugin. -->","yoast_head_json":{"title":"Nortene Turba , dehidrat\u00e1lt t\u0151zegtabletta cs\u00edr\u00e1ztat\u00e1shoz - T\u00e1jkert\u00e9sz","description":"A Nortene Turba , dehidrat\u00e1lt t\u0151zegtabletta cs\u00edr\u00e1ztat\u00e1shoz el\u0151nye nem kell kiszedni a n\u00f6v\u00e9nyt bel\u0151le, hanem vele egy\u00fctt ki\u00fcltethet\u0151.","robots":{"index":"index","follow":"follow","max-snippet":"max-snippet:-1","max-image-preview":"max-image-preview:large","max-video-preview":"max-video-preview:-1"},"canonical":"https:\/\/tajkertesz.com\/en_US\/product\/nortene-turba-dehidratalt-tozegtabletta-csiraztatashoz\/","og_locale":"en_US","og_type":"article","og_title":"Nortene Turba , dehidrat\u00e1lt t\u0151zegtabletta cs\u00edr\u00e1ztat\u00e1shoz - T\u00e1jkert\u00e9sz","og_description":"A Nortene Turba , dehidrat\u00e1lt t\u0151zegtabletta cs\u00edr\u00e1ztat\u00e1shoz el\u0151nye nem kell kiszedni a n\u00f6v\u00e9nyt bel\u0151le, hanem vele egy\u00fctt ki\u00fcltethet\u0151.","og_url":"https:\/\/tajkertesz.com\/en_US\/product\/nortene-turba-dehidratalt-tozegtabletta-csiraztatashoz\/","og_site_name":"T\u00e1jkert\u00e9sz","article_publisher":"https:\/\/www.facebook.com\/Tajkertesz\/","article_modified_time":"2024-01-24T14:26:46+00:00","og_image":[{"width":478,"height":430,"url":"https:\/\/tajkertesz.com\/wp-content\/uploads\/2022\/02\/Turba.jpg","type":"image\/jpeg"}],"twitter_card":"summary_large_image","twitter_misc":{"Est. reading time":"2 minutes"},"schema":{"@context":"https:\/\/schema.org","@graph":[{"@type":"WebPage","@id":"https:\/\/tajkertesz.com\/termek\/nortene-turba-dehidratalt-tozegtabletta-csiraztatashoz\/","url":"https:\/\/tajkertesz.com\/termek\/nortene-turba-dehidratalt-tozegtabletta-csiraztatashoz\/","name":"Nortene Turba , dehidrat\u00e1lt t\u0151zegtabletta cs\u00edr\u00e1ztat\u00e1shoz - T\u00e1jkert\u00e9sz","isPartOf":{"@id":"https:\/\/tajkertesz.com\/#website"},"primaryImageOfPage":{"@id":"https:\/\/tajkertesz.com\/termek\/nortene-turba-dehidratalt-tozegtabletta-csiraztatashoz\/#primaryimage"},"image":{"@id":"https:\/\/tajkertesz.com\/termek\/nortene-turba-dehidratalt-tozegtabletta-csiraztatashoz\/#primaryimage"},"thumbnailUrl":"https:\/\/tajkertesz.com\/wp-content\/uploads\/2022\/02\/Turba.jpg","datePublished":"2022-02-17T14:11:06+00:00","dateModified":"2024-01-24T14:26:46+00:00","description":"A Nortene Turba , dehidrat\u00e1lt t\u0151zegtabletta cs\u00edr\u00e1ztat\u00e1shoz el\u0151nye nem kell kiszedni a n\u00f6v\u00e9nyt bel\u0151le, hanem vele egy\u00fctt ki\u00fcltethet\u0151.","breadcrumb":{"@id":"https:\/\/tajkertesz.com\/termek\/nortene-turba-dehidratalt-tozegtabletta-csiraztatashoz\/#breadcrumb"},"inLanguage":"en-US","potentialAction":[{"@type":"ReadAction","target":["https:\/\/tajkertesz.com\/termek\/nortene-turba-dehidratalt-tozegtabletta-csiraztatashoz\/"]}]},{"@type":"ImageObject","inLanguage":"en-US","@id":"https:\/\/tajkertesz.com\/termek\/nortene-turba-dehidratalt-tozegtabletta-csiraztatashoz\/#primaryimage","url":"https:\/\/tajkertesz.com\/wp-content\/uploads\/2022\/02\/Turba.jpg","contentUrl":"https:\/\/tajkertesz.com\/wp-content\/uploads\/2022\/02\/Turba.jpg","width":478,"height":430},{"@type":"BreadcrumbList","@id":"https:\/\/tajkertesz.com\/termek\/nortene-turba-dehidratalt-tozegtabletta-csiraztatashoz\/#breadcrumb","itemListElement":[{"@type":"ListItem","position":1,"name":"Home","item":"https:\/\/tajkertesz.com\/"},{"@type":"ListItem","position":2,"name":"Kezd\u0151lap","item":"https:\/\/tajkertesz.com\/"},{"@type":"ListItem","position":3,"name":"Nortene Turba , dehidrat\u00e1lt t\u0151zegtabletta cs\u00edr\u00e1ztat\u00e1shoz"}]},{"@type":"WebSite","@id":"https:\/\/tajkertesz.com\/#website","url":"https:\/\/tajkertesz.com\/","name":"T\u00e1j-Kert\u00e9sz 84 Kft.","description":"Kert\u00e9szeti kis- \u00e9s nagykeresked\u00e9s, D\u00edszn\u00f6v\u00e9ny web\u00e1ruh\u00e1z orsz\u00e1gos h\u00e1zhozsz\u00e1ll\u00edt\u00e1ssal!","publisher":{"@id":"https:\/\/tajkertesz.com\/#organization"},"potentialAction":[{"@type":"SearchAction","target":{"@type":"EntryPoint","urlTemplate":"https:\/\/tajkertesz.com\/?s={search_term_string}"},"query-input":{"@type":"PropertyValueSpecification","valueRequired":true,"valueName":"search_term_string"}}],"inLanguage":"en-US"},{"@type":"Organization","@id":"https:\/\/tajkertesz.com\/#organization","name":"T\u00e1j-Kert\u00e9sz 84 Kft.","url":"https:\/\/tajkertesz.com\/","logo":{"@type":"ImageObject","inLanguage":"en-US","@id":"https:\/\/tajkertesz.com\/#\/schema\/logo\/image\/","url":"https:\/\/tajkertesz.com\/wp-content\/uploads\/2018\/02\/logo-2-e1518678052539.png","contentUrl":"https:\/\/tajkertesz.com\/wp-content\/uploads\/2018\/02\/logo-2-e1518678052539.png","width":81,"height":140,"caption":"T\u00e1j-Kert\u00e9sz 84 Kft."},"image":{"@id":"https:\/\/tajkertesz.com\/#\/schema\/logo\/image\/"},"sameAs":["https:\/\/www.facebook.com\/Tajkertesz\/"]}]}},"_links":{"self":[{"href":"https:\/\/tajkertesz.com\/en_US\/wp-json\/wp\/v2\/product\/12450","targetHints":{"allow":["GET"]}}],"collection":[{"href":"https:\/\/tajkertesz.com\/en_US\/wp-json\/wp\/v2\/product"}],"about":[{"href":"https:\/\/tajkertesz.com\/en_US\/wp-json\/wp\/v2\/types\/product"}],"wp:featuredmedia":[{"embeddable":true,"href":"https:\/\/tajkertesz.com\/en_US\/wp-json\/wp\/v2\/media\/12457"}],"wp:attachment":[{"href":"https:\/\/tajkertesz.com\/en_US\/wp-json\/wp\/v2\/media?parent=12450"}],"wp:term":[{"taxonomy":"product_brand","embeddable":true,"href":"https:\/\/tajkertesz.com\/en_US\/wp-json\/wp\/v2\/product_brand?post=12450"},{"taxonomy":"product_cat","embeddable":true,"href":"https:\/\/tajkertesz.com\/en_US\/wp-json\/wp\/v2\/product_cat?post=12450"},{"taxonomy":"product_tag","embeddable":true,"href":"https:\/\/tajkertesz.com\/en_US\/wp-json\/wp\/v2\/product_tag?post=12450"}],"curies":[{"name":"wp","href":"https:\/\/api.w.org\/{rel}","templated":true}]}}