{"id":12451,"date":"2022-02-17T13:23:34","date_gmt":"2022-02-17T13:23:34","guid":{"rendered":"https:\/\/tajkertesz.com\/?post_type=product&#038;p=12451"},"modified":"2026-02-25T13:05:06","modified_gmt":"2026-02-25T13:05:06","slug":"icl-landscaper-pro-performance-fumag-5kg","status":"publish","type":"product","link":"https:\/\/tajkertesz.com\/en_US\/product\/icl-landscaper-pro-performance-fumag-5kg\/","title":{"rendered":"ICL Landscaper Pro Performance f\u0171mag 5kg"},"content":{"rendered":"<h2>ICL Landscaper Pro Performance f\u0171mag 5kg<\/h2>\n<p>ICL Landscaper Pro Performance f\u0171mag 5kg<\/p>\n<p>Sport jelleg\u0171 f\u0171magkever\u00e9k 5kg-os csomagban<\/p>\n<p>A performance f\u0171magkever\u00e9k sz\u00e1mos el\u0151nnyel rendelkezik, amelyek miatt n\u00e9pszer\u0171 v\u00e1laszt\u00e1s a gyeptelep\u00edt\u00e9shez:<\/p>\n<p>A Landscaper Pro Finesse (Everris, Scotts) f\u0171magkever\u00e9kkel magas eszt\u00e9tikai \u00e9rt\u00e9k\u0171, ugyanakkor j\u00f3 tapos\u00e1s t\u0171r\u0151, finomsz\u00e1l\u00fa, s\u0171r\u0171 \u00e9s \u00e9l\u00e9nk sz\u00edn\u0171 d\u00edszgyep alak\u00edthat\u00f3 ki. A Finesse ellen\u00e1ll a gyepbetegs\u00e9gek k\u00f3rokoz\u00f3inak, kev\u00e9s fenntart\u00e1st ig\u00e9nyel.<\/p>\n<p>Nagy ar\u00e1nyban tartalmaz finomlevel\u0171 csenkeszeket, amelyek mutat\u00f3s, finomsz\u00e1l\u00fa d\u00edszgyepet eredm\u00e9nyeznek. A Finesse a legjobb v\u00e1laszt\u00e1s akkor, ha igaz\u00e1n kiv\u00e1l\u00f3 min\u0151s\u00e9g\u0171 \u00e9s kiemelked\u0151 eszt\u00e9tikai \u00e9rt\u00e9k\u0171 gyepet szeretne kialak\u00edtani. 1, 5 \u00e9s 10 kilogrammos kiszerel\u00e9sben kaphat\u00f3.<\/p>\n<p><strong>Mi az optim\u00e1lis id\u0151pont a gyep telep\u00edt\u00e9s\u00e9re?<\/strong><\/p>\n<p>Az optim\u00e1lis id\u0151pont a gyep telep\u00edt\u00e9s\u00e9re \u00e1ltal\u00e1ban kora \u0151sszel, k\u00fcl\u00f6n\u00f6sen szeptember \u00e9s okt\u00f3ber h\u00f3napokban van. Ekkor a talaj m\u00e9g meleg, de a h\u0151m\u00e9rs\u00e9klet m\u00e1r nem t\u00fal magas, ami ide\u00e1lis felt\u00e9teleket teremt a f\u0171magok cs\u00edr\u00e1z\u00e1s\u00e1hoz \u00e9s n\u00f6veked\u00e9s\u00e9hez. Tavasszal, m\u00e1rciusban \u00e9s \u00e1prilisban is j\u00f3 eredm\u00e9nyeket lehet el\u00e9rni, de az \u0151szi id\u0151szak \u00e1ltal\u00e1ban kedvez\u0151bb.<\/p>\n<p><strong>Kijuttat\u00e1si javaslat a Performance f\u0171maghoz:<\/strong><\/p>\n<p>Egy zs\u00e1k 5kg<br \/>\n140-200 m\u00b2-re el\u00e9g (35 g\/m\u00b2).<br \/>\nVet\u00e9s el\u0151tt felr\u00e1zand\u00f3!<br \/>\nmegfelel\u0151 \u00f6nt\u00f6z\u0151rendszer kialak\u00edt\u00e1sa mellett lesz sz\u00e9p f\u0171 fel\u00fclet\u00fcnk<br \/>\na v\u00e1g\u00e1si magass\u00e1got tavasszal \u00e9s \u0151sszel 3-4 cm, ny\u00e1ron 4-5 cm magasan tartsuk<br \/>\njavasolt minden tavasszal szell\u0151ztetni a gyepet<\/p>\n<p>Tr\u00e1gy\u00e1z\u00e1s:\u00a0 Alkalmazzon ind\u00edt\u00f3 tr\u00e1gy\u00e1t, amely seg\u00edti a f\u0171magok gyorsabb cs\u00edr\u00e1z\u00e1s\u00e1t \u00e9s n\u00f6veked\u00e9s\u00e9t!<\/p>\n<p><strong>Mi jellemz\u0151 a Performance f\u0171magra?<\/strong><\/p>\n<p>Kimagasl\u00f3 teherb\u00edr\u00f3-k\u00e9pess\u00e9g<br \/>\nKimagasl\u00f3 meg\u00fajul\u00f3-k\u00e9pess\u00e9g<br \/>\n\u00c1ltal\u00e1nos haszn\u00e1latra.<br \/>\nEgy\u00f6ntet\u0171, z\u00f6ld sz\u00edn<br \/>\nGyors, egy\u00f6ntet\u0171 kel\u00e9s<\/p>\n<p style=\"line-height: 18.0pt; background: white; margin: 0cm 0cm 15.0pt 0cm;\"><b><span style=\"font-family: 'Ubuntu',sans-serif; color: black;\">K\u00e9szlet\u00fcnk napi szinten v\u00e1ltozik, ez\u00e9rt k\u00e9rj\u00fck, \u00e9rdekl\u0151dj\u00f6n szem\u00e9lyesen, telefonon vagy email-en.<br \/>\nA v\u00e1ltoztat\u00e1s jog\u00e1t fenntartjuk!\u00a0<\/span><\/b><\/p>\n<p><a href=\"https:\/\/tajkertesz.com\/\">https:\/\/tajkertesz.com\/<\/a><\/p>\n<p><a href=\"https:\/\/www.facebook.com\/tajkertesz\/\">https:\/\/www.facebook.com\/tajkertesz\/<\/a><\/p>\n<p>Kisz\u00e1ll\u00edt\u00e1s: 200cm-ig \u00e9s 40 kg-ig a sz\u00e1ll\u00edt\u00e1s fut\u00e1rszolg\u00e1lattal t\u00f6rt\u00e9nik.<\/p>\n<p>Szem\u00e9lyes \u00e1tv\u00e9tel nyitvatart\u00e1si id\u0151ben a 17. ker\u00fclet Bakancsos utca 7. sz\u00e1m alatti Kert\u00e9szeti \u00e1rud\u00e1nkban.<\/p>\n<p>Kert\u00e9p\u00edt\u0151k \u00e9s viszontelad\u00f3k regisztr\u00e1l\u00e1s ut\u00e1n egyedi kedvezm\u00e9nnyel v\u00e1s\u00e1rolhatnak kert\u00e9szeti kis-\u00e9s nagykeresked\u00e9s\u00fcnkben.<\/p>","protected":false},"excerpt":{"rendered":"<h2>Felhaszn\u00e1l\u00e1sa:<\/h2>\n<ul>\n<li>Az 5 kg-os zs\u00e1k k\u00f6r\u00fclbel\u00fcl\u00a0 150m<sup>2<\/sup>\u00a0fel\u00fcletre elegend\u0151.<\/li>\n<li>Javasolt adagja 35 g\/m<sup>2<\/sup>.<\/li>\n<li>Aj\u00e1nlott v\u00e1g\u00e1si magass\u00e1g 1,5-2,5 cm.<\/li>\n<\/ul>\n<h2>\u00d6sszet\u00e9tele:<\/h2>\n<ul>\n<li>10 %\u00a0<em>Festuca rubra var. rubra<\/em>\u00a0&#8216;Florensate&#8217;<\/li>\n<li>10 %\u00a0<em>Festuca rubra var. commutata<\/em>\u00a0&#8216;Ombretta&#8217;<\/li>\n<li>40 %\u00a0<em>Lolium perenne<\/em>\u00a0&#8216;Fairway&#8217;<\/li>\n<li>40 %\u00a0<em>Lolium perenne<\/em>\u00a0&#8216;Transate&#8217;<\/li>\n<\/ul>\n<h2>Kiszerel\u00e9s:<\/h2>\n<p>5 kg, 10 kg<\/p>\n<p>Aj\u00e1nlott a f\u0171magvet\u00e9ssel vagy gyepsz\u0151nyegez\u00e9ssel egy id\u0151ben a gyeptelep\u00edt\u0151 m\u0171tr\u00e1gya kijuttat\u00e1sa.<\/p>\n<p><span style=\"color: #ff0000;\">Kattintson az als\u00f3 linkre!<\/span><\/p>\n<p><strong><a href=\"https:\/\/tajkertesz.com\/termek\/icl-landscaper-pro-new-grass-2020-08-3honap-15kg-35g-m2-420m2\/\">ICL.Landscaper Pro New Grass 20+20+08\/3h\u00f3nap \/15kg\/35g-m2 &#8211; T\u00e1jkert\u00e9sz (tajkertesz.com)<\/a><\/strong><\/p>","protected":false},"featured_media":12456,"template":"","meta":{"_et_pb_use_builder":"","_et_pb_old_content":"","_et_gb_content_width":""},"product_brand":[],"product_cat":[5019],"product_tag":[1284,4021,5112,5320],"class_list":{"0":"post-12451","1":"product","2":"type-product","3":"status-publish","4":"has-post-thumbnail","6":"product_cat-icl-landscaper-fumagok","7":"product_tag-fumag","8":"product_tag-icl","9":"product_tag-performance","10":"product_tag-sport-fumag","12":"first","13":"instock","14":"shipping-taxable","15":"purchasable","16":"product-type-simple"},"yoast_head":"<!-- This site is optimized with the Yoast SEO plugin v27.3 - https:\/\/yoast.com\/product\/yoast-seo-wordpress\/ -->\n<title>ICL Landscaper Pro Performance f\u0171mag 5kg - T\u00e1jkert\u00e9sz<\/title>\n<meta name=\"description\" content=\"ICL Landscaper Pro Performance f\u0171mag 5kg f\u0171magkever\u00e9kkel magas eszt\u00e9tikai \u00e9rt\u00e9k\u0171 j\u00f3 tapos\u00e1s t\u0171r\u0151, finomsz\u00e1l\u00fa, s\u0171r\u0171 \u00e9s \u00e9l\u00e9nk sz\u00edn\u0171 d\u00edszgyep alak\u00edthat\u00f3 ki\" \/>\n<meta name=\"robots\" content=\"index, follow, max-snippet:-1, max-image-preview:large, max-video-preview:-1\" \/>\n<link rel=\"canonical\" href=\"https:\/\/tajkertesz.com\/en_US\/product\/icl-landscaper-pro-performance-fumag-5kg\/\" \/>\n<meta property=\"og:locale\" content=\"en_US\" \/>\n<meta property=\"og:type\" content=\"article\" \/>\n<meta property=\"og:title\" content=\"ICL Landscaper Pro Performance f\u0171mag 5kg - T\u00e1jkert\u00e9sz\" \/>\n<meta property=\"og:description\" content=\"ICL Landscaper Pro Performance f\u0171mag 5kg f\u0171magkever\u00e9kkel magas eszt\u00e9tikai \u00e9rt\u00e9k\u0171 j\u00f3 tapos\u00e1s t\u0171r\u0151, finomsz\u00e1l\u00fa, s\u0171r\u0171 \u00e9s \u00e9l\u00e9nk sz\u00edn\u0171 d\u00edszgyep alak\u00edthat\u00f3 ki\" \/>\n<meta property=\"og:url\" content=\"https:\/\/tajkertesz.com\/en_US\/product\/icl-landscaper-pro-performance-fumag-5kg\/\" \/>\n<meta property=\"og:site_name\" content=\"T\u00e1jkert\u00e9sz\" \/>\n<meta property=\"article:publisher\" content=\"https:\/\/www.facebook.com\/Tajkertesz\/\" \/>\n<meta property=\"article:modified_time\" content=\"2026-02-25T13:05:06+00:00\" \/>\n<meta property=\"og:image\" content=\"https:\/\/tajkertesz.com\/wp-content\/uploads\/2022\/02\/Landscaper-Pro-Performance-10kg2.png\" \/>\n\t<meta property=\"og:image:width\" content=\"301\" \/>\n\t<meta property=\"og:image:height\" content=\"426\" \/>\n\t<meta property=\"og:image:type\" content=\"image\/png\" \/>\n<meta name=\"twitter:card\" content=\"summary_large_image\" \/>\n<meta name=\"twitter:label1\" content=\"Est. reading time\" \/>\n\t<meta name=\"twitter:data1\" content=\"2 minutes\" \/>\n<script type=\"application\/ld+json\" class=\"yoast-schema-graph\">{\"@context\":\"https:\\\/\\\/schema.org\",\"@graph\":[{\"@type\":\"WebPage\",\"@id\":\"https:\\\/\\\/tajkertesz.com\\\/termek\\\/icl-landscaper-pro-performance-fumag-5kg\\\/\",\"url\":\"https:\\\/\\\/tajkertesz.com\\\/termek\\\/icl-landscaper-pro-performance-fumag-5kg\\\/\",\"name\":\"ICL Landscaper Pro Performance f\u0171mag 5kg - T\u00e1jkert\u00e9sz\",\"isPartOf\":{\"@id\":\"https:\\\/\\\/tajkertesz.com\\\/#website\"},\"primaryImageOfPage\":{\"@id\":\"https:\\\/\\\/tajkertesz.com\\\/termek\\\/icl-landscaper-pro-performance-fumag-5kg\\\/#primaryimage\"},\"image\":{\"@id\":\"https:\\\/\\\/tajkertesz.com\\\/termek\\\/icl-landscaper-pro-performance-fumag-5kg\\\/#primaryimage\"},\"thumbnailUrl\":\"https:\\\/\\\/tajkertesz.com\\\/wp-content\\\/uploads\\\/2022\\\/02\\\/Landscaper-Pro-Performance-10kg2.png\",\"datePublished\":\"2022-02-17T13:23:34+00:00\",\"dateModified\":\"2026-02-25T13:05:06+00:00\",\"description\":\"ICL Landscaper Pro Performance f\u0171mag 5kg f\u0171magkever\u00e9kkel magas eszt\u00e9tikai \u00e9rt\u00e9k\u0171 j\u00f3 tapos\u00e1s t\u0171r\u0151, finomsz\u00e1l\u00fa, s\u0171r\u0171 \u00e9s \u00e9l\u00e9nk sz\u00edn\u0171 d\u00edszgyep alak\u00edthat\u00f3 ki\",\"breadcrumb\":{\"@id\":\"https:\\\/\\\/tajkertesz.com\\\/termek\\\/icl-landscaper-pro-performance-fumag-5kg\\\/#breadcrumb\"},\"inLanguage\":\"en-US\",\"potentialAction\":[{\"@type\":\"ReadAction\",\"target\":[\"https:\\\/\\\/tajkertesz.com\\\/termek\\\/icl-landscaper-pro-performance-fumag-5kg\\\/\"]}]},{\"@type\":\"ImageObject\",\"inLanguage\":\"en-US\",\"@id\":\"https:\\\/\\\/tajkertesz.com\\\/termek\\\/icl-landscaper-pro-performance-fumag-5kg\\\/#primaryimage\",\"url\":\"https:\\\/\\\/tajkertesz.com\\\/wp-content\\\/uploads\\\/2022\\\/02\\\/Landscaper-Pro-Performance-10kg2.png\",\"contentUrl\":\"https:\\\/\\\/tajkertesz.com\\\/wp-content\\\/uploads\\\/2022\\\/02\\\/Landscaper-Pro-Performance-10kg2.png\",\"width\":301,\"height\":426,\"caption\":\"ICL Landscaper Pro Performance f\u0171mag10 kg\"},{\"@type\":\"BreadcrumbList\",\"@id\":\"https:\\\/\\\/tajkertesz.com\\\/termek\\\/icl-landscaper-pro-performance-fumag-5kg\\\/#breadcrumb\",\"itemListElement\":[{\"@type\":\"ListItem\",\"position\":1,\"name\":\"Home\",\"item\":\"https:\\\/\\\/tajkertesz.com\\\/\"},{\"@type\":\"ListItem\",\"position\":2,\"name\":\"Kezd\u0151lap\",\"item\":\"https:\\\/\\\/tajkertesz.com\\\/\"},{\"@type\":\"ListItem\",\"position\":3,\"name\":\"ICL Landscaper Pro Performance f\u0171mag 5kg\"}]},{\"@type\":\"WebSite\",\"@id\":\"https:\\\/\\\/tajkertesz.com\\\/#website\",\"url\":\"https:\\\/\\\/tajkertesz.com\\\/\",\"name\":\"T\u00e1j-Kert\u00e9sz 84 Kft.\",\"description\":\"Kert\u00e9szeti kis- \u00e9s nagykeresked\u00e9s, D\u00edszn\u00f6v\u00e9ny web\u00e1ruh\u00e1z orsz\u00e1gos h\u00e1zhozsz\u00e1ll\u00edt\u00e1ssal!\",\"publisher\":{\"@id\":\"https:\\\/\\\/tajkertesz.com\\\/#organization\"},\"potentialAction\":[{\"@type\":\"SearchAction\",\"target\":{\"@type\":\"EntryPoint\",\"urlTemplate\":\"https:\\\/\\\/tajkertesz.com\\\/?s={search_term_string}\"},\"query-input\":{\"@type\":\"PropertyValueSpecification\",\"valueRequired\":true,\"valueName\":\"search_term_string\"}}],\"inLanguage\":\"en-US\"},{\"@type\":\"Organization\",\"@id\":\"https:\\\/\\\/tajkertesz.com\\\/#organization\",\"name\":\"T\u00e1j-Kert\u00e9sz 84 Kft.\",\"url\":\"https:\\\/\\\/tajkertesz.com\\\/\",\"logo\":{\"@type\":\"ImageObject\",\"inLanguage\":\"en-US\",\"@id\":\"https:\\\/\\\/tajkertesz.com\\\/#\\\/schema\\\/logo\\\/image\\\/\",\"url\":\"https:\\\/\\\/tajkertesz.com\\\/wp-content\\\/uploads\\\/2018\\\/02\\\/logo-2-e1518678052539.png\",\"contentUrl\":\"https:\\\/\\\/tajkertesz.com\\\/wp-content\\\/uploads\\\/2018\\\/02\\\/logo-2-e1518678052539.png\",\"width\":81,\"height\":140,\"caption\":\"T\u00e1j-Kert\u00e9sz 84 Kft.\"},\"image\":{\"@id\":\"https:\\\/\\\/tajkertesz.com\\\/#\\\/schema\\\/logo\\\/image\\\/\"},\"sameAs\":[\"https:\\\/\\\/www.facebook.com\\\/Tajkertesz\\\/\"]}]}<\/script>\n<!-- \/ Yoast SEO plugin. -->","yoast_head_json":{"title":"ICL Landscaper Pro Performance f\u0171mag 5kg - T\u00e1jkert\u00e9sz","description":"ICL Landscaper Pro Performance f\u0171mag 5kg f\u0171magkever\u00e9kkel magas eszt\u00e9tikai \u00e9rt\u00e9k\u0171 j\u00f3 tapos\u00e1s t\u0171r\u0151, finomsz\u00e1l\u00fa, s\u0171r\u0171 \u00e9s \u00e9l\u00e9nk sz\u00edn\u0171 d\u00edszgyep alak\u00edthat\u00f3 ki","robots":{"index":"index","follow":"follow","max-snippet":"max-snippet:-1","max-image-preview":"max-image-preview:large","max-video-preview":"max-video-preview:-1"},"canonical":"https:\/\/tajkertesz.com\/en_US\/product\/icl-landscaper-pro-performance-fumag-5kg\/","og_locale":"en_US","og_type":"article","og_title":"ICL Landscaper Pro Performance f\u0171mag 5kg - T\u00e1jkert\u00e9sz","og_description":"ICL Landscaper Pro Performance f\u0171mag 5kg f\u0171magkever\u00e9kkel magas eszt\u00e9tikai \u00e9rt\u00e9k\u0171 j\u00f3 tapos\u00e1s t\u0171r\u0151, finomsz\u00e1l\u00fa, s\u0171r\u0171 \u00e9s \u00e9l\u00e9nk sz\u00edn\u0171 d\u00edszgyep alak\u00edthat\u00f3 ki","og_url":"https:\/\/tajkertesz.com\/en_US\/product\/icl-landscaper-pro-performance-fumag-5kg\/","og_site_name":"T\u00e1jkert\u00e9sz","article_publisher":"https:\/\/www.facebook.com\/Tajkertesz\/","article_modified_time":"2026-02-25T13:05:06+00:00","og_image":[{"width":301,"height":426,"url":"https:\/\/tajkertesz.com\/wp-content\/uploads\/2022\/02\/Landscaper-Pro-Performance-10kg2.png","type":"image\/png"}],"twitter_card":"summary_large_image","twitter_misc":{"Est. reading time":"2 minutes"},"schema":{"@context":"https:\/\/schema.org","@graph":[{"@type":"WebPage","@id":"https:\/\/tajkertesz.com\/termek\/icl-landscaper-pro-performance-fumag-5kg\/","url":"https:\/\/tajkertesz.com\/termek\/icl-landscaper-pro-performance-fumag-5kg\/","name":"ICL Landscaper Pro Performance f\u0171mag 5kg - T\u00e1jkert\u00e9sz","isPartOf":{"@id":"https:\/\/tajkertesz.com\/#website"},"primaryImageOfPage":{"@id":"https:\/\/tajkertesz.com\/termek\/icl-landscaper-pro-performance-fumag-5kg\/#primaryimage"},"image":{"@id":"https:\/\/tajkertesz.com\/termek\/icl-landscaper-pro-performance-fumag-5kg\/#primaryimage"},"thumbnailUrl":"https:\/\/tajkertesz.com\/wp-content\/uploads\/2022\/02\/Landscaper-Pro-Performance-10kg2.png","datePublished":"2022-02-17T13:23:34+00:00","dateModified":"2026-02-25T13:05:06+00:00","description":"ICL Landscaper Pro Performance f\u0171mag 5kg f\u0171magkever\u00e9kkel magas eszt\u00e9tikai \u00e9rt\u00e9k\u0171 j\u00f3 tapos\u00e1s t\u0171r\u0151, finomsz\u00e1l\u00fa, s\u0171r\u0171 \u00e9s \u00e9l\u00e9nk sz\u00edn\u0171 d\u00edszgyep alak\u00edthat\u00f3 ki","breadcrumb":{"@id":"https:\/\/tajkertesz.com\/termek\/icl-landscaper-pro-performance-fumag-5kg\/#breadcrumb"},"inLanguage":"en-US","potentialAction":[{"@type":"ReadAction","target":["https:\/\/tajkertesz.com\/termek\/icl-landscaper-pro-performance-fumag-5kg\/"]}]},{"@type":"ImageObject","inLanguage":"en-US","@id":"https:\/\/tajkertesz.com\/termek\/icl-landscaper-pro-performance-fumag-5kg\/#primaryimage","url":"https:\/\/tajkertesz.com\/wp-content\/uploads\/2022\/02\/Landscaper-Pro-Performance-10kg2.png","contentUrl":"https:\/\/tajkertesz.com\/wp-content\/uploads\/2022\/02\/Landscaper-Pro-Performance-10kg2.png","width":301,"height":426,"caption":"ICL Landscaper Pro Performance f\u0171mag10 kg"},{"@type":"BreadcrumbList","@id":"https:\/\/tajkertesz.com\/termek\/icl-landscaper-pro-performance-fumag-5kg\/#breadcrumb","itemListElement":[{"@type":"ListItem","position":1,"name":"Home","item":"https:\/\/tajkertesz.com\/"},{"@type":"ListItem","position":2,"name":"Kezd\u0151lap","item":"https:\/\/tajkertesz.com\/"},{"@type":"ListItem","position":3,"name":"ICL Landscaper Pro Performance f\u0171mag 5kg"}]},{"@type":"WebSite","@id":"https:\/\/tajkertesz.com\/#website","url":"https:\/\/tajkertesz.com\/","name":"T\u00e1j-Kert\u00e9sz 84 Kft.","description":"Kert\u00e9szeti kis- \u00e9s nagykeresked\u00e9s, D\u00edszn\u00f6v\u00e9ny web\u00e1ruh\u00e1z orsz\u00e1gos h\u00e1zhozsz\u00e1ll\u00edt\u00e1ssal!","publisher":{"@id":"https:\/\/tajkertesz.com\/#organization"},"potentialAction":[{"@type":"SearchAction","target":{"@type":"EntryPoint","urlTemplate":"https:\/\/tajkertesz.com\/?s={search_term_string}"},"query-input":{"@type":"PropertyValueSpecification","valueRequired":true,"valueName":"search_term_string"}}],"inLanguage":"en-US"},{"@type":"Organization","@id":"https:\/\/tajkertesz.com\/#organization","name":"T\u00e1j-Kert\u00e9sz 84 Kft.","url":"https:\/\/tajkertesz.com\/","logo":{"@type":"ImageObject","inLanguage":"en-US","@id":"https:\/\/tajkertesz.com\/#\/schema\/logo\/image\/","url":"https:\/\/tajkertesz.com\/wp-content\/uploads\/2018\/02\/logo-2-e1518678052539.png","contentUrl":"https:\/\/tajkertesz.com\/wp-content\/uploads\/2018\/02\/logo-2-e1518678052539.png","width":81,"height":140,"caption":"T\u00e1j-Kert\u00e9sz 84 Kft."},"image":{"@id":"https:\/\/tajkertesz.com\/#\/schema\/logo\/image\/"},"sameAs":["https:\/\/www.facebook.com\/Tajkertesz\/"]}]}},"_links":{"self":[{"href":"https:\/\/tajkertesz.com\/en_US\/wp-json\/wp\/v2\/product\/12451","targetHints":{"allow":["GET"]}}],"collection":[{"href":"https:\/\/tajkertesz.com\/en_US\/wp-json\/wp\/v2\/product"}],"about":[{"href":"https:\/\/tajkertesz.com\/en_US\/wp-json\/wp\/v2\/types\/product"}],"wp:featuredmedia":[{"embeddable":true,"href":"https:\/\/tajkertesz.com\/en_US\/wp-json\/wp\/v2\/media\/12456"}],"wp:attachment":[{"href":"https:\/\/tajkertesz.com\/en_US\/wp-json\/wp\/v2\/media?parent=12451"}],"wp:term":[{"taxonomy":"product_brand","embeddable":true,"href":"https:\/\/tajkertesz.com\/en_US\/wp-json\/wp\/v2\/product_brand?post=12451"},{"taxonomy":"product_cat","embeddable":true,"href":"https:\/\/tajkertesz.com\/en_US\/wp-json\/wp\/v2\/product_cat?post=12451"},{"taxonomy":"product_tag","embeddable":true,"href":"https:\/\/tajkertesz.com\/en_US\/wp-json\/wp\/v2\/product_tag?post=12451"}],"curies":[{"name":"wp","href":"https:\/\/api.w.org\/{rel}","templated":true}]}}