{"id":12465,"date":"2022-02-17T14:49:36","date_gmt":"2022-02-17T14:49:36","guid":{"rendered":"https:\/\/tajkertesz.com\/?post_type=product&#038;p=12465"},"modified":"2026-01-30T07:59:06","modified_gmt":"2026-01-30T07:59:06","slug":"helleborus-star-of-pasion-hunyor-2","status":"publish","type":"product","link":"https:\/\/tajkertesz.com\/en_US\/product\/helleborus-star-of-pasion-hunyor-2\/","title":{"rendered":"Helleborus Star of pasion Hunyor"},"content":{"rendered":"<p>Helleborus Star of pasion Hunyor<\/p>\n<p>Helleborus Star of pasion Hunyor<\/p>\n<p><strong>\u00a0K\u00f6zepes termet\u0171 \u00e9vel\u0151 n\u00f6v\u00e9ny,<\/strong>\u00a0mely a bogl\u00e1rkaf\u00e9l\u00e9k csal\u00e1dj\u00e1ba tartozik. A 25-30 fajb\u00f3l \u00e1ll\u00f3 nemzets\u00e9g, a Kauk\u00e1zus, K\u00f6z\u00e9p-Eur\u00f3pa \u00e9s a Balk\u00e1n-f\u00e9lsziget ter\u00fclet\u00e9n \u0151shonos.<\/p>\n<div class=\"col-sm-6\">\n<p>A helyet illet\u0151en minden hunyornak hasonl\u00f3ak az ig\u00e9nyei. Humuszban gazdag, m\u00e9lyen fellaz\u00edtott f\u00f6ldre van sz\u00fcks\u00e9ge, nem szereti a pang\u00f3 vizet, savas talajon nem \u00e9l meg, a meszes talajt kedveli. Ha el\u00fcltett\u00fck, akkor m\u00e1r ne h\u00e1borgassuk. Lassan n\u0151, szeret zavartalanul a hely\u00e9n maradni. Vir\u00e1gz\u00e1s el\u0151tt v\u00e1gjuk le a tavalyi leveleket, \u00edgy a vir\u00e1gok is jobban l\u00e1tszanak, de a lev\u00e9lfoltoss\u00e1gt\u00f3l is megv\u00e9dhetj\u00fck a n\u00f6v\u00e9nyt.<\/p>\n<p>Eur\u00f3pa szerte kedvelt n\u00f6v\u00e9ny, mivel\u00a0<strong>viszonylag hamar, a tavasz elej\u00e9n hozza mutat\u00f3s, sokszor b\u00f3kol\u00f3 vir\u00e1gait,<\/strong>\u00a0amely a faj f\u00fcggv\u00e9ny\u00e9ben, feh\u00e9r, bord\u00f3, r\u00f3zsasz\u00edn, lila, vil\u00e1goss\u00e1rga \u00e9s z\u00f6ld is lehet.<\/p>\n<p>&nbsp;<\/p>\n<p><b>A n\u00f6v\u00e9ny lev\u00e9lzet\u00e9t er\u0151sen tagolt, fogazott sz\u00e9l\u0171, 7-10 kar\u00e9j\u00fa levelek alkotj\u00e1k, melyek eg\u00e9sz t\u00e9len d\u00edsz\u00edtenek. S\u00f6t\u00e9t lila, b\u00f3kol\u00f3 vir\u00e1gai igaz\u00e1n \u00e9rdekes k\u00fcls\u0151j\u0171ek, jellemz\u0151en febru\u00e1rt\u00f3l, \u00e1prilis v\u00e9g\u00e9ig ny\u00edlnak.<\/b><\/p>\n<p><span style=\"color: #ffffff;\">Eur\u00f3pa szerte kedvelt n\u00f6v\u00e9ny, mivel\u00a0<strong>viszonylag hamar, a tavasz elej\u00e9n hozza mutat\u00f3s, sokszor b\u00f3kol\u00f3 vir\u00e1gait,<\/strong>\u00a0amely a faj f\u00fcggv\u00e9ny\u00e9ben, feh\u00e9r, bord\u00f3, r\u00f3zsasz\u00edn, lila, vil\u00e1goss\u00e1rga \u00e9s z\u00f6ld is lehet.<\/span><\/p>\n<p><span style=\"color: #ffffff;\">Helleborus Star of pasion Hunyor<\/span><\/p>\n<p><span style=\"color: #ffffff;\"><b>A n\u00f6v\u00e9ny lev\u00e9lzet\u00e9t er\u0151sen tagolt, fogazott sz\u00e9l\u0171, 7-10 kar\u00e9j\u00fa levelek alkotj\u00e1k. S\u00f6t\u00e9t lila, b\u00f3kol\u00f3 vir\u00e1gai igaz\u00e1n \u00e9rdekes k\u00fcls\u0151j\u0171ek, jellemz\u0151en febru\u00e1rt\u00f3l, \u00e1prilis v\u00e9g\u00e9ig ny\u00edlnak.<\/b><\/span><\/p>\n<p><span style=\"color: #ffffff;\"><b>A n\u00f6v\u00e9ny lev\u00e9lzet\u00e9t er\u0151sen tagolt, fogazott sz\u00e9l\u0171, 7-10 kar\u00e9j\u00fa levelek alkotj\u00e1k. S\u00f6t\u00e9t lila, b\u00f3kol\u00f3 vir\u00e1gai igaz\u00e1n \u00e9rdekes k\u00fcls\u0151j\u0171ek, jellemz\u0151en febru\u00e1rt\u00f3l, \u00e1prilis v\u00e9g\u00e9ig ny\u00edlnak.<\/b><\/span><\/p>\n<p><span style=\"color: #ffffff;\"><b>A n\u00f6v\u00e9ny lev\u00e9lzet\u00e9t er\u0151sen tagolt, fogazott sz\u00e9l\u0171, 7-10 kar\u00e9j\u00fa levelek alkotj\u00e1k. S\u00f6t\u00e9t lila, b\u00f3kol\u00f3 vir\u00e1gai igaz\u00e1n \u00e9rdekes k\u00fcls\u0151j\u0171ek, jellemz\u0151en febru\u00e1rt\u00f3l, \u00e1prilis v\u00e9g\u00e9ig ny\u00edlnak.<\/b><\/span><\/p>\n<p><a href=\"https:\/\/tajkertesz.com\/\">https:\/\/tajkertesz.com\/<\/a><\/p>\n<p><a href=\"https:\/\/www.facebook.com\/tajkertesz\">https:\/\/www.facebook.com\/tajkertesz<\/a><\/p>\n<\/div>","protected":false},"excerpt":{"rendered":"<p>Helleborus Star of pasion Hunyor<\/p>\n<p><strong>\u00a0K\u00f6zepes termet\u0171 \u00e9vel\u0151 n\u00f6v\u00e9ny,<\/strong>\u00a0mely a bogl\u00e1rkaf\u00e9l\u00e9k csal\u00e1dj\u00e1ba tartozik. A 25-30 fajb\u00f3l \u00e1ll\u00f3 nemzets\u00e9g, a Kauk\u00e1zus, K\u00f6z\u00e9p-Eur\u00f3pa \u00e9s a Balk\u00e1n-f\u00e9lsziget ter\u00fclet\u00e9n \u0151shonos.<\/p>\n<p><b>A n\u00f6v\u00e9ny lev\u00e9lzet\u00e9t er\u0151sen tagolt, fogazott sz\u00e9l\u0171, 7-10 kar\u00e9j\u00fa levelek alkotj\u00e1k, melyek eg\u00e9sz t\u00e9len d\u00edsz\u00edtenek. S\u00f6t\u00e9t lila, b\u00f3kol\u00f3 vir\u00e1gai igaz\u00e1n \u00e9rdekes k\u00fcls\u0151j\u0171ek, jellemz\u0151en febru\u00e1rt\u00f3l, \u00e1prilis v\u00e9g\u00e9ig ny\u00edlnak.<\/b><\/p>","protected":false},"featured_media":12464,"template":"","meta":{"_et_pb_use_builder":"","_et_pb_old_content":"","_et_gb_content_width":""},"product_brand":[],"product_cat":[433],"product_tag":[3715],"class_list":{"0":"post-12465","1":"product","2":"type-product","3":"status-publish","4":"has-post-thumbnail","6":"product_cat-evelo-novenyek","7":"product_tag-helleborus-star-of-pasion-hunyor","9":"first","10":"outofstock","11":"shipping-taxable","12":"product-type-simple"},"yoast_head":"<!-- This site is optimized with the Yoast SEO plugin v27.5 - https:\/\/yoast.com\/product\/yoast-seo-wordpress\/ -->\n<title>Helleborus Star of pasion Hunyor - T\u00e1jkert\u00e9sz<\/title>\n<meta name=\"description\" content=\"Helleborus Star of pasion Hunyor S\u00f6t\u00e9t lila, b\u00f3kol\u00f3 vir\u00e1ga van, amely febru\u00e1rt\u00f3l \u00e1prilisig vir\u00e1gzik. Nagyon kor\u00e1n tavasz elej\u00e9n vir\u00e1gzik.\" \/>\n<meta name=\"robots\" content=\"index, follow, max-snippet:-1, max-image-preview:large, max-video-preview:-1\" \/>\n<link rel=\"canonical\" href=\"https:\/\/tajkertesz.com\/en_US\/product\/helleborus-star-of-pasion-hunyor-2\/\" \/>\n<meta property=\"og:locale\" content=\"en_US\" \/>\n<meta property=\"og:type\" content=\"article\" \/>\n<meta property=\"og:title\" content=\"Helleborus Star of pasion Hunyor - T\u00e1jkert\u00e9sz\" \/>\n<meta property=\"og:description\" content=\"Helleborus Star of pasion Hunyor S\u00f6t\u00e9t lila, b\u00f3kol\u00f3 vir\u00e1ga van, amely febru\u00e1rt\u00f3l \u00e1prilisig vir\u00e1gzik. Nagyon kor\u00e1n tavasz elej\u00e9n vir\u00e1gzik.\" \/>\n<meta property=\"og:url\" content=\"https:\/\/tajkertesz.com\/en_US\/product\/helleborus-star-of-pasion-hunyor-2\/\" \/>\n<meta property=\"og:site_name\" content=\"T\u00e1jkert\u00e9sz\" \/>\n<meta property=\"article:publisher\" content=\"https:\/\/www.facebook.com\/Tajkertesz\/\" \/>\n<meta property=\"article:modified_time\" content=\"2026-01-30T07:59:06+00:00\" \/>\n<meta property=\"og:image\" content=\"https:\/\/tajkertesz.com\/wp-content\/uploads\/2022\/02\/20220217_153846-scaled.jpg\" \/>\n\t<meta property=\"og:image:width\" content=\"1920\" \/>\n\t<meta property=\"og:image:height\" content=\"2560\" \/>\n\t<meta property=\"og:image:type\" content=\"image\/jpeg\" \/>\n<meta name=\"twitter:card\" content=\"summary_large_image\" \/>\n<meta name=\"twitter:label1\" content=\"Est. reading time\" \/>\n\t<meta name=\"twitter:data1\" content=\"2 minutes\" \/>\n<script type=\"application\/ld+json\" class=\"yoast-schema-graph\">{\"@context\":\"https:\\\/\\\/schema.org\",\"@graph\":[{\"@type\":\"WebPage\",\"@id\":\"https:\\\/\\\/tajkertesz.com\\\/termek\\\/helleborus-star-of-pasion-hunyor-2\\\/\",\"url\":\"https:\\\/\\\/tajkertesz.com\\\/termek\\\/helleborus-star-of-pasion-hunyor-2\\\/\",\"name\":\"Helleborus Star of pasion Hunyor - T\u00e1jkert\u00e9sz\",\"isPartOf\":{\"@id\":\"https:\\\/\\\/tajkertesz.com\\\/#website\"},\"primaryImageOfPage\":{\"@id\":\"https:\\\/\\\/tajkertesz.com\\\/termek\\\/helleborus-star-of-pasion-hunyor-2\\\/#primaryimage\"},\"image\":{\"@id\":\"https:\\\/\\\/tajkertesz.com\\\/termek\\\/helleborus-star-of-pasion-hunyor-2\\\/#primaryimage\"},\"thumbnailUrl\":\"https:\\\/\\\/tajkertesz.com\\\/wp-content\\\/uploads\\\/2022\\\/02\\\/20220217_153846-scaled.jpg\",\"datePublished\":\"2022-02-17T14:49:36+00:00\",\"dateModified\":\"2026-01-30T07:59:06+00:00\",\"description\":\"Helleborus Star of pasion Hunyor S\u00f6t\u00e9t lila, b\u00f3kol\u00f3 vir\u00e1ga van, amely febru\u00e1rt\u00f3l \u00e1prilisig vir\u00e1gzik. Nagyon kor\u00e1n tavasz elej\u00e9n vir\u00e1gzik.\",\"breadcrumb\":{\"@id\":\"https:\\\/\\\/tajkertesz.com\\\/termek\\\/helleborus-star-of-pasion-hunyor-2\\\/#breadcrumb\"},\"inLanguage\":\"en-US\",\"potentialAction\":[{\"@type\":\"ReadAction\",\"target\":[\"https:\\\/\\\/tajkertesz.com\\\/termek\\\/helleborus-star-of-pasion-hunyor-2\\\/\"]}]},{\"@type\":\"ImageObject\",\"inLanguage\":\"en-US\",\"@id\":\"https:\\\/\\\/tajkertesz.com\\\/termek\\\/helleborus-star-of-pasion-hunyor-2\\\/#primaryimage\",\"url\":\"https:\\\/\\\/tajkertesz.com\\\/wp-content\\\/uploads\\\/2022\\\/02\\\/20220217_153846-scaled.jpg\",\"contentUrl\":\"https:\\\/\\\/tajkertesz.com\\\/wp-content\\\/uploads\\\/2022\\\/02\\\/20220217_153846-scaled.jpg\",\"width\":1920,\"height\":2560},{\"@type\":\"BreadcrumbList\",\"@id\":\"https:\\\/\\\/tajkertesz.com\\\/termek\\\/helleborus-star-of-pasion-hunyor-2\\\/#breadcrumb\",\"itemListElement\":[{\"@type\":\"ListItem\",\"position\":1,\"name\":\"Home\",\"item\":\"https:\\\/\\\/tajkertesz.com\\\/\"},{\"@type\":\"ListItem\",\"position\":2,\"name\":\"Kezd\u0151lap\",\"item\":\"https:\\\/\\\/tajkertesz.com\\\/\"},{\"@type\":\"ListItem\",\"position\":3,\"name\":\"Helleborus Star of pasion Hunyor\"}]},{\"@type\":\"WebSite\",\"@id\":\"https:\\\/\\\/tajkertesz.com\\\/#website\",\"url\":\"https:\\\/\\\/tajkertesz.com\\\/\",\"name\":\"T\u00e1j-Kert\u00e9sz 84 Kft.\",\"description\":\"Kert\u00e9szeti kis- \u00e9s nagykeresked\u00e9s, D\u00edszn\u00f6v\u00e9ny web\u00e1ruh\u00e1z orsz\u00e1gos h\u00e1zhozsz\u00e1ll\u00edt\u00e1ssal!\",\"publisher\":{\"@id\":\"https:\\\/\\\/tajkertesz.com\\\/#organization\"},\"potentialAction\":[{\"@type\":\"SearchAction\",\"target\":{\"@type\":\"EntryPoint\",\"urlTemplate\":\"https:\\\/\\\/tajkertesz.com\\\/?s={search_term_string}\"},\"query-input\":{\"@type\":\"PropertyValueSpecification\",\"valueRequired\":true,\"valueName\":\"search_term_string\"}}],\"inLanguage\":\"en-US\"},{\"@type\":\"Organization\",\"@id\":\"https:\\\/\\\/tajkertesz.com\\\/#organization\",\"name\":\"T\u00e1j-Kert\u00e9sz 84 Kft.\",\"url\":\"https:\\\/\\\/tajkertesz.com\\\/\",\"logo\":{\"@type\":\"ImageObject\",\"inLanguage\":\"en-US\",\"@id\":\"https:\\\/\\\/tajkertesz.com\\\/#\\\/schema\\\/logo\\\/image\\\/\",\"url\":\"https:\\\/\\\/tajkertesz.com\\\/wp-content\\\/uploads\\\/2018\\\/02\\\/logo-2-e1518678052539.png\",\"contentUrl\":\"https:\\\/\\\/tajkertesz.com\\\/wp-content\\\/uploads\\\/2018\\\/02\\\/logo-2-e1518678052539.png\",\"width\":81,\"height\":140,\"caption\":\"T\u00e1j-Kert\u00e9sz 84 Kft.\"},\"image\":{\"@id\":\"https:\\\/\\\/tajkertesz.com\\\/#\\\/schema\\\/logo\\\/image\\\/\"},\"sameAs\":[\"https:\\\/\\\/www.facebook.com\\\/Tajkertesz\\\/\"]}]}<\/script>\n<!-- \/ Yoast SEO plugin. -->","yoast_head_json":{"title":"Helleborus Star of pasion Hunyor - T\u00e1jkert\u00e9sz","description":"Helleborus Star of pasion Hunyor S\u00f6t\u00e9t lila, b\u00f3kol\u00f3 vir\u00e1ga van, amely febru\u00e1rt\u00f3l \u00e1prilisig vir\u00e1gzik. Nagyon kor\u00e1n tavasz elej\u00e9n vir\u00e1gzik.","robots":{"index":"index","follow":"follow","max-snippet":"max-snippet:-1","max-image-preview":"max-image-preview:large","max-video-preview":"max-video-preview:-1"},"canonical":"https:\/\/tajkertesz.com\/en_US\/product\/helleborus-star-of-pasion-hunyor-2\/","og_locale":"en_US","og_type":"article","og_title":"Helleborus Star of pasion Hunyor - T\u00e1jkert\u00e9sz","og_description":"Helleborus Star of pasion Hunyor S\u00f6t\u00e9t lila, b\u00f3kol\u00f3 vir\u00e1ga van, amely febru\u00e1rt\u00f3l \u00e1prilisig vir\u00e1gzik. Nagyon kor\u00e1n tavasz elej\u00e9n vir\u00e1gzik.","og_url":"https:\/\/tajkertesz.com\/en_US\/product\/helleborus-star-of-pasion-hunyor-2\/","og_site_name":"T\u00e1jkert\u00e9sz","article_publisher":"https:\/\/www.facebook.com\/Tajkertesz\/","article_modified_time":"2026-01-30T07:59:06+00:00","og_image":[{"width":1920,"height":2560,"url":"https:\/\/tajkertesz.com\/wp-content\/uploads\/2022\/02\/20220217_153846-scaled.jpg","type":"image\/jpeg"}],"twitter_card":"summary_large_image","twitter_misc":{"Est. reading time":"2 minutes"},"schema":{"@context":"https:\/\/schema.org","@graph":[{"@type":"WebPage","@id":"https:\/\/tajkertesz.com\/termek\/helleborus-star-of-pasion-hunyor-2\/","url":"https:\/\/tajkertesz.com\/termek\/helleborus-star-of-pasion-hunyor-2\/","name":"Helleborus Star of pasion Hunyor - T\u00e1jkert\u00e9sz","isPartOf":{"@id":"https:\/\/tajkertesz.com\/#website"},"primaryImageOfPage":{"@id":"https:\/\/tajkertesz.com\/termek\/helleborus-star-of-pasion-hunyor-2\/#primaryimage"},"image":{"@id":"https:\/\/tajkertesz.com\/termek\/helleborus-star-of-pasion-hunyor-2\/#primaryimage"},"thumbnailUrl":"https:\/\/tajkertesz.com\/wp-content\/uploads\/2022\/02\/20220217_153846-scaled.jpg","datePublished":"2022-02-17T14:49:36+00:00","dateModified":"2026-01-30T07:59:06+00:00","description":"Helleborus Star of pasion Hunyor S\u00f6t\u00e9t lila, b\u00f3kol\u00f3 vir\u00e1ga van, amely febru\u00e1rt\u00f3l \u00e1prilisig vir\u00e1gzik. Nagyon kor\u00e1n tavasz elej\u00e9n vir\u00e1gzik.","breadcrumb":{"@id":"https:\/\/tajkertesz.com\/termek\/helleborus-star-of-pasion-hunyor-2\/#breadcrumb"},"inLanguage":"en-US","potentialAction":[{"@type":"ReadAction","target":["https:\/\/tajkertesz.com\/termek\/helleborus-star-of-pasion-hunyor-2\/"]}]},{"@type":"ImageObject","inLanguage":"en-US","@id":"https:\/\/tajkertesz.com\/termek\/helleborus-star-of-pasion-hunyor-2\/#primaryimage","url":"https:\/\/tajkertesz.com\/wp-content\/uploads\/2022\/02\/20220217_153846-scaled.jpg","contentUrl":"https:\/\/tajkertesz.com\/wp-content\/uploads\/2022\/02\/20220217_153846-scaled.jpg","width":1920,"height":2560},{"@type":"BreadcrumbList","@id":"https:\/\/tajkertesz.com\/termek\/helleborus-star-of-pasion-hunyor-2\/#breadcrumb","itemListElement":[{"@type":"ListItem","position":1,"name":"Home","item":"https:\/\/tajkertesz.com\/"},{"@type":"ListItem","position":2,"name":"Kezd\u0151lap","item":"https:\/\/tajkertesz.com\/"},{"@type":"ListItem","position":3,"name":"Helleborus Star of pasion Hunyor"}]},{"@type":"WebSite","@id":"https:\/\/tajkertesz.com\/#website","url":"https:\/\/tajkertesz.com\/","name":"T\u00e1j-Kert\u00e9sz 84 Kft.","description":"Kert\u00e9szeti kis- \u00e9s nagykeresked\u00e9s, D\u00edszn\u00f6v\u00e9ny web\u00e1ruh\u00e1z orsz\u00e1gos h\u00e1zhozsz\u00e1ll\u00edt\u00e1ssal!","publisher":{"@id":"https:\/\/tajkertesz.com\/#organization"},"potentialAction":[{"@type":"SearchAction","target":{"@type":"EntryPoint","urlTemplate":"https:\/\/tajkertesz.com\/?s={search_term_string}"},"query-input":{"@type":"PropertyValueSpecification","valueRequired":true,"valueName":"search_term_string"}}],"inLanguage":"en-US"},{"@type":"Organization","@id":"https:\/\/tajkertesz.com\/#organization","name":"T\u00e1j-Kert\u00e9sz 84 Kft.","url":"https:\/\/tajkertesz.com\/","logo":{"@type":"ImageObject","inLanguage":"en-US","@id":"https:\/\/tajkertesz.com\/#\/schema\/logo\/image\/","url":"https:\/\/tajkertesz.com\/wp-content\/uploads\/2018\/02\/logo-2-e1518678052539.png","contentUrl":"https:\/\/tajkertesz.com\/wp-content\/uploads\/2018\/02\/logo-2-e1518678052539.png","width":81,"height":140,"caption":"T\u00e1j-Kert\u00e9sz 84 Kft."},"image":{"@id":"https:\/\/tajkertesz.com\/#\/schema\/logo\/image\/"},"sameAs":["https:\/\/www.facebook.com\/Tajkertesz\/"]}]}},"_links":{"self":[{"href":"https:\/\/tajkertesz.com\/en_US\/wp-json\/wp\/v2\/product\/12465","targetHints":{"allow":["GET"]}}],"collection":[{"href":"https:\/\/tajkertesz.com\/en_US\/wp-json\/wp\/v2\/product"}],"about":[{"href":"https:\/\/tajkertesz.com\/en_US\/wp-json\/wp\/v2\/types\/product"}],"wp:featuredmedia":[{"embeddable":true,"href":"https:\/\/tajkertesz.com\/en_US\/wp-json\/wp\/v2\/media\/12464"}],"wp:attachment":[{"href":"https:\/\/tajkertesz.com\/en_US\/wp-json\/wp\/v2\/media?parent=12465"}],"wp:term":[{"taxonomy":"product_brand","embeddable":true,"href":"https:\/\/tajkertesz.com\/en_US\/wp-json\/wp\/v2\/product_brand?post=12465"},{"taxonomy":"product_cat","embeddable":true,"href":"https:\/\/tajkertesz.com\/en_US\/wp-json\/wp\/v2\/product_cat?post=12465"},{"taxonomy":"product_tag","embeddable":true,"href":"https:\/\/tajkertesz.com\/en_US\/wp-json\/wp\/v2\/product_tag?post=12465"}],"curies":[{"name":"wp","href":"https:\/\/api.w.org\/{rel}","templated":true}]}}