{"id":12471,"date":"2022-02-18T09:18:07","date_gmt":"2022-02-18T09:18:07","guid":{"rendered":"https:\/\/tajkertesz.com\/?post_type=product&#038;p=12471"},"modified":"2026-02-25T13:02:28","modified_gmt":"2026-02-25T13:02:28","slug":"everris-icl-toscana-mediterran-tipusu-fumagkeverek-10-kg","status":"publish","type":"product","link":"https:\/\/tajkertesz.com\/en_US\/product\/everris-icl-toscana-mediterran-tipusu-fumagkeverek-10-kg\/","title":{"rendered":"Everris ICL Toscana (mediterr\u00e1n t\u00edpus\u00fa) f\u0171magkever\u00e9k 10 kg"},"content":{"rendered":"<h2>Everris ICL Toscana (mediterr\u00e1n t\u00edpus\u00fa) f\u0171magkever\u00e9k 10 kg<\/h2>\n<p>Everris ICL Toscana (mediterr\u00e1n t\u00edpus\u00fa) f\u0171magkever\u00e9k 10 kg<\/p>\n<h5>ICL. Landscaper Pro f\u0171mag<\/h5>\n<p><strong><span style=\"text-decoration: underline;\">Toscana<\/span> mediterr\u00e1n jelleg\u0171 p\u00e1zsit f\u0171magkever\u00e9k<\/strong><\/p>\n<p>A Toscana mediterr\u00e1n jelleg\u00e9t nemcsak megjelen\u00e9s\u00e9nek k\u00f6sz\u00f6nheti, hanem kiv\u00e1l\u00f3 tulajdons\u00e1gainak is. M\u00e9ly gy\u00f6k\u00e9rzete miatt sokkal ellen\u00e1ll\u00f3bb\u00e1 v\u00e1lik, a k\u00fcls\u0151 stressz hat\u00e1sokkal szemben. Fajtaszelekci\u00f3ja igazi \u00e1tt\u00f6r\u00e9st jelent az eszt\u00e9tikum \u00e9s a haszn\u00e1lati \u00e9rt\u00e9k k\u00f6zt. M\u00e9lyz\u00f6ld sz\u00edne, valamint sz\u00e1ln\u00f6veked\u00e9se mind felfel\u00e9 \u00e9s oldalir\u00e1nyba t\u00f6rt\u00e9nik. Ezzel kiv\u00e9teles s\u0171r\u0171s\u00e9get k\u00e9pes el\u00e9rni. T\u00f6rp\u00edtett v\u00e1ltozatai r\u00e9v\u00e9n m\u00e9rs\u00e9kelt n\u00f6veked\u00e9s, ezzel a ny\u00edr\u00e1ssz\u00e1m cs\u00f6kken\u00e9s jellemzi.<\/p>\n<p>A\u00a0f\u0171magokat egy a k\u00fcl\u00f6nleges SmartStart bevonat veszi k\u00f6r\u00fcl, amely serkenti a f\u0171magok cs\u00edr\u00e1z\u00e1s\u00e1t.<\/p>\n<p><strong><span style=\"text-decoration: underline;\">Felhaszn\u00e1l\u00e1s:<\/span> <\/strong>mag\u00e1nkertek, \u00fcd\u00fcl\u0151k, strandok, hotelek, wellness k\u00f6zpontok stb. f\u00fcves\u00edt\u00e9s\u00e9re aj\u00e1nljuk.<\/p>\n<p><strong><span style=\"text-decoration: underline;\">Kever\u00e9k \u00f6sszet\u00e9tel:<\/span><\/strong><br \/>\nFestuca arundinacea (N\u00e1dk\u00e9p\u0171 csenkesz) 80%<img loading=\"lazy\" decoding=\"async\" class=\"wp-image-13691 alignright\" src=\"https:\/\/tajkertesz.com\/wp-content\/uploads\/2022\/02\/poly-space-nagy-300x152.png\" alt=\"\" width=\"495\" height=\"251\" srcset=\"https:\/\/tajkertesz.com\/wp-content\/uploads\/2022\/02\/poly-space-nagy-300x152.png 300w, https:\/\/tajkertesz.com\/wp-content\/uploads\/2022\/02\/poly-space-nagy-768x389.png 768w, https:\/\/tajkertesz.com\/wp-content\/uploads\/2022\/02\/poly-space-nagy-18x9.png 18w, https:\/\/tajkertesz.com\/wp-content\/uploads\/2022\/02\/poly-space-nagy-600x304.png 600w, https:\/\/tajkertesz.com\/wp-content\/uploads\/2022\/02\/poly-space-nagy-64x32.png 64w, https:\/\/tajkertesz.com\/wp-content\/uploads\/2022\/02\/poly-space-nagy.png 910w\" sizes=\"(max-width: 495px) 100vw, 495px\" \/><br \/>\nLolium perenne \u2019Equate\u2019 (Angol perje) 20%<\/p>\n<p><span style=\"text-decoration: underline;\"><strong>Kiemelt tulajdons\u00e1gai:<\/strong><\/span><\/p>\n<p>Gyors cs\u00edr\u00e1z\u00e1s<br \/>\nAlacsony nedvess\u00e9g ig\u00e9ny,<br \/>\nKiv\u00e1l\u00f3 h\u0151, sz\u00e1razs\u00e1gt\u0171r\u00e9s,<br \/>\nKiv\u00e1l\u00f3 tapos\u00e1s t\u0171r\u00e9s<br \/>\nM\u00e9ly z\u00f6ld sz\u00edn<br \/>\nM\u00e9rs\u00e9kelt n\u00f6veked\u00e9s<br \/>\nJ\u00f3 betegs\u00e9gt\u0171r\u00e9s<\/p>\n<p>Telep\u00edt\u00e9s: B\u00e1rmely kerti talajba j\u00f3l \u00e9s eredm\u00e9nyesen vethet\u0151<br \/>\nVet\u00e9si id\u0151: \u00c1prilis-M\u00e1jus\/Augusztus-szeptember<br \/>\nCs\u00edraid\u0151: 8-12 nap (15-23 C) Ezen id\u0151szak alatt a mag\u00e1gyat nedvesen kell tartani.<br \/>\nK\u00f6nny\u00edtett gyephaszn\u00e1lat: 5-6. h\u00e9t<br \/>\nTeljes fedetts\u00e9g: 8. h\u00e9t<br \/>\nVet\u00e9si d\u00f3zis: 30-40 g\/m2<br \/>\nKiszerel\u00e9s: 10 kg\/pap\u00edrzs\u00e1k \u2013 250-330 m2-re elegend\u0151<\/p>\n<h4><strong><span style=\"text-decoration: underline;\">Aj\u00e1nlott a f\u0171magvet\u00e9ssel vagy gyepsz\u0151nyegez\u00e9ssel egy id\u0151ben a gyeptelep\u00edt\u0151 m\u0171tr\u00e1gya kijuttat\u00e1sa!<\/span><\/strong><\/h4>\n<p><span style=\"color: #ff0000;\">Megv\u00e1s\u00e1rolhat\u00f3 az als\u00f3 linkre kattintva.<\/span><\/p>\n<p><a href=\"https:\/\/tajkertesz.com\/termek\/agrecol-starter-gyeptelepiteshez-12-kg\/\">Agrecol gyeptelep\u00edt\u0151 m\u0171tr\u00e1gya<\/a><\/p>\n<p><a href=\"https:\/\/tajkertesz.com\/termek\/icl-landscaper-pro-new-grass-2020-08-3honap-15kg-35g-m2-420m2\/\">ICL. gyeptelep\u00edt\u0151 m\u0171tr\u00e1gya<\/a><\/p>\n<p>&nbsp;<\/p>\n<h4><strong>\ud83d\udd04 K\u00e9szletinform\u00e1ci\u00f3<\/strong><\/h4>\n<p><strong>K\u00e9szlet\u00fcnk napi szinten v\u00e1ltozik, \u00edgy a webshopban szerepl<\/strong><strong>\u0151<\/strong><strong>\u00a0term\u00e9kek el\u00e9rhet<\/strong><strong>\u0151<\/strong><strong>s\u00e9ge nem garant\u00e1lt.<br \/>\n\ud83d\udcde A megrendel\u00e9s el<\/strong><strong>\u0151<\/strong><strong>tt k\u00e9rj\u00fck, \u00e9rdekl<\/strong><strong>\u0151<\/strong><strong>dj\u00f6n szem\u00e9lyesen, telefonon vagy e-mailben!<\/strong><\/p>\n<h4><strong>\u27a1\ufe0f Kapcsolat:<\/strong><\/h4>\n<ul>\n<li><strong>Weboldal:\u00a0<\/strong><a href=\"https:\/\/tajkertesz.com\/\"><strong>tajkertesz.com<\/strong><\/a><\/li>\n<li><strong>Facebook:\u00a0<\/strong><a href=\"https:\/\/www.facebook.com\/tajkertesz\/\"><strong>facebook.com\/tajkertesz<\/strong><\/a><\/li>\n<li><strong>Telefonsz\u00e1m, e-mail: +36\/20-319-3770\u00a0<\/strong><a href=\"mailto:tajkerteszaruda@gmail.com\"><strong>tajkerteszaruda@gmail.com<\/strong><\/a><\/li>\n<\/ul>\n<h4><strong>\ud83d\ude9a Sz\u00e1ll\u00edt\u00e1si inform\u00e1ci\u00f3k<\/strong><\/h4>\n<p><strong>A megrendelt n\u00f6v\u00e9nyek kisz\u00e1ll\u00edt\u00e1sa az al\u00e1bbi felt\u00e9telek mellett t\u00f6rt\u00e9nik:<\/strong><\/p>\n<h4><strong>\ud83d\udce6 Fut\u00e1rszolg\u00e1latos sz\u00e1ll\u00edt\u00e1s<\/strong><\/h4>\n<ul>\n<li><strong>Maxim\u00e1lis m\u00e9ret: 200 cm (hossz\u00fas\u00e1g)<\/strong><\/li>\n<li><strong>Maxim\u00e1lis s\u00faly: 40 kg<\/strong><\/li>\n<li><strong>Az enn\u00e9l kisebb \u00e9s k\u00f6nnyebb csomagokat fut\u00e1rszolg\u00e1lattal k\u00e9zbes\u00edtj\u00fck a lehet<\/strong><strong>\u0151<\/strong><strong>\u00a0legbiztons\u00e1gosabb csomagol\u00e1sban.<\/strong><\/li>\n<\/ul>\n<h4><strong>\ud83d\udefb Szem\u00e9lyes \u00e1tv\u00e9tel<\/strong><\/h4>\n<ul>\n<li><strong>1173 Budapest, Bakancsos utca 7. sz\u00e1m alatt nyitvatart\u00e1si id<\/strong><strong>\u0151<\/strong><strong>ben szem\u00e9lyesen \u00e1tvehet<\/strong><strong>\u0151<\/strong><strong>\u00a0kert\u00e9szeti \u00e1rud\u00e1nkban.<\/strong><\/li>\n<li><strong>K\u00f6lts\u00e9ghat\u00e9kony megold\u00e1s nagyobb, t\u00f6r\u00e9kenyebb vagy t\u00falm\u00e9retes n\u00f6v\u00e9nyek eset\u00e9n.<\/strong><\/li>\n<\/ul>\n<h4><strong>\ud83d\udcde Nagy m\u00e9ret<\/strong><strong>\u0171<\/strong><strong>\u00a0vagy s\u00faly\u00fa n\u00f6v\u00e9nyek eset\u00e9n<\/strong><\/h4>\n<p><strong>Ha a term\u00e9k:<\/strong><\/p>\n<ul>\n<li><strong>meghaladja a 200 cm hossz\u00fas\u00e1got vagy<\/strong><\/li>\n<li><strong>meghaladja a 40 kg s\u00falyt,<\/strong><\/li>\n<\/ul>\n<p><strong>akkor szem\u00e9lyes \u00e1tv\u00e9tellel vagy egyedi, el<\/strong><strong>\u0151<\/strong><strong>re egyeztetett sz\u00e1ll\u00edt\u00e1si felt\u00e9telek mellett t\u00f6rt\u00e9nik.<br \/>\nK\u00e9rj\u00fck, ilyen esetben rendel\u00e9s el<\/strong><strong>\u0151<\/strong><strong>tt vegye fel vel\u00fcnk a kapcsolatot, hogy a lehet<\/strong><strong>\u0151<\/strong><strong>\u00a0legmegfelel<\/strong><strong>\u0151<\/strong><strong>bb sz\u00e1ll\u00edt\u00e1si megold\u00e1st k\u00edn\u00e1lhassuk.<\/strong><\/p>\n<p><strong>\ud83d\udd14 Fontos: A n\u00f6v\u00e9nyeket minden esetben igyeksz\u00fcnk gondosan, egyes\u00e9vel csomagolni, azonban a sz\u00e1ll\u00edt\u00e1s sor\u00e1n kisebb eszt\u00e9tikai s\u00e9r\u00fcl\u00e9sek el<\/strong><strong>\u0151<\/strong><strong>fordulhatnak (pl. lev\u00e9lhull\u00e1s). Ez nem min<\/strong><strong>\u0151<\/strong><strong>s\u00fcl hib\u00e1s teljes\u00edt\u00e9snek.<\/strong><\/p>\n<h4><strong>\ud83d\udcf7 Fontos tudni a k\u00e9pekr<\/strong><strong>\u0151<\/strong><strong>l<\/strong><\/h4>\n<p><strong>A webshopban szerepl<\/strong><strong>\u0151<\/strong><strong>\u00a0k\u00e9pek illusztr\u00e1ci\u00f3k, a n\u00f6v\u00e9nyek term\u00e9szet\u00fckn\u00e9l fogva egyediek, \u00edgy m\u00e9retben, alakban \u00e9s sz\u00ednben minim\u00e1lis elt\u00e9r\u00e9sek el<\/strong><strong>\u0151<\/strong><strong>fordulhatnak a k\u00e9pen l\u00e1that\u00f3 \u00e9s a val\u00f3s p\u00e9ld\u00e1nyok k\u00f6z\u00f6tt.<\/strong><\/p>\n<h4><strong>\ud83e\uddfe \u00c1rak \u00e9s el\u00e1ll\u00e1si jog<\/strong><\/h4>\n<ul>\n<li><strong>Az \u00e1rak egy darab\u00a0n\u00f6v\u00e9nyre vonatkoznak.<\/strong><\/li>\n<li><strong>\u00c9l<\/strong><strong>\u0151<\/strong><strong>\u00a0n\u00f6v\u00e9nyek rendel\u00e9se eset\u00e9n a 14 napos el\u00e1ll\u00e1s joga nem \u00e9rv\u00e9nyes\u00edthet<\/strong><strong>\u0151<\/strong><strong>, mivel azok romland\u00f3, biol\u00f3giailag \u00e9l<\/strong><strong>\u0151<\/strong><strong>\u00a0term\u00e9keknek min<\/strong><strong>\u0151<\/strong><strong>s\u00fclnek.<br \/>\n\ud83d\udd12 (17\/1999. (II. 5.) Korm. rendelet 5. \u00a7 c) pontja alapj\u00e1n)<\/strong><\/li>\n<\/ul>\n<h4><strong>\ud83d\udce6 K\u00e9zbes\u00edt\u00e9s ut\u00e1ni teend<\/strong><strong>\u0151<\/strong><strong>k<\/strong><\/h4>\n<p><strong>A k\u00e9zbes\u00edt\u00e9st k\u00f6vet<\/strong><strong>\u0151<\/strong><strong>en a csomagot azonnal bontsuk ki, \u00e9s a n\u00f6v\u00e9nyt helyezz\u00fck el megfelel<\/strong><strong>\u0151<\/strong><strong>\u00a0k\u00f6rnyezetben.<br \/>\nFontos: ha a n\u00f6v\u00e9ny nem r\u00e9szes\u00fcl megfelel<\/strong><strong>\u0151<\/strong><strong>\u00a0gondoz\u00e1sban \u00e9s ennek k\u00f6vetkezt\u00e9ben k\u00e1rosodik vagy elpusztul, felel<\/strong><strong>\u0151<\/strong><strong>ss\u00e9get nem tudunk v\u00e1llalni.<\/strong><\/p>\n<p><strong>\u00a0<\/strong><\/p>","protected":false},"excerpt":{"rendered":"<h5>Everris ICL Toscana (mediterr\u00e1n t\u00edpus\u00fa) f\u0171magkever\u00e9k 10 kg<\/h5>\n<h5>ICL. Landscaper Pro f\u0171mag<\/h5>\n<p><strong><span style=\"text-decoration: underline;\">Toscana<\/span> mediterr\u00e1n jelleg\u0171 p\u00e1zsit f\u0171magkever\u00e9k<\/strong><\/p>\n<p>A Toscana mediterr\u00e1n jelleg\u00e9t nemcsak megjelen\u00e9s\u00e9nek k\u00f6sz\u00f6nheti, hanem kiv\u00e1l\u00f3 tulajdons\u00e1gainak is. M\u00e9ly gy\u00f6k\u00e9rzete miatt sokkal ellen\u00e1ll\u00f3bb\u00e1 v\u00e1lik, a k\u00fcls\u0151 stressz hat\u00e1sokkal szemben&#8230;<\/p>","protected":false},"featured_media":13689,"template":"","meta":{"_et_pb_use_builder":"","_et_pb_old_content":"","_et_gb_content_width":""},"product_brand":[],"product_cat":[5019,3785],"product_tag":[1284,4021,1200,5021],"class_list":{"0":"post-12471","1":"product","2":"type-product","3":"status-publish","4":"has-post-thumbnail","6":"product_cat-icl-landscaper-fumagok","7":"product_cat-uj-termekek","8":"product_tag-fumag","9":"product_tag-icl","10":"product_tag-landscaper","11":"product_tag-toscana","13":"first","14":"instock","15":"shipping-taxable","16":"purchasable","17":"product-type-simple"},"yoast_head":"<!-- This site is optimized with the Yoast SEO plugin v27.3 - https:\/\/yoast.com\/product\/yoast-seo-wordpress\/ -->\n<title>Everris ICL Toscana (mediterr\u00e1n t\u00edpus\u00fa) f\u0171magkever\u00e9k 10 kg - T\u00e1jkert\u00e9sz<\/title>\n<meta name=\"description\" content=\"A Landscaper Pro Finesse (Everris, Scotts) f\u0171magkever\u00e9kkel magas eszt\u00e9tikai \u00e9rt\u00e9k\u0171, j\u00f3 tapos\u00e1s t\u0171r\u0151, finomsz\u00e1l\u00fa, s\u0171r\u0171 \u00e9s \u00e9l\u00e9nk sz\u00edn\u0171\" \/>\n<meta name=\"robots\" content=\"index, follow, max-snippet:-1, max-image-preview:large, max-video-preview:-1\" \/>\n<link rel=\"canonical\" href=\"https:\/\/tajkertesz.com\/en_US\/product\/everris-icl-toscana-mediterran-tipusu-fumagkeverek-10-kg\/\" \/>\n<meta property=\"og:locale\" content=\"en_US\" \/>\n<meta property=\"og:type\" content=\"article\" \/>\n<meta property=\"og:title\" content=\"https:\/\/www.facebook.com\/tajkertesz\" \/>\n<meta property=\"og:description\" content=\"Toscana mediterr\u00e1n jelleg\u0171 p\u00e1zsit f\u0171magkever\u00e9kA Toscana mediterr\u00e1n jelleg\u00e9t nemcsak megjelen\u00e9s\u00e9nek k\u00f6sz\u00f6nheti, hanem kiv\u00e1l\u00f3 tulajdons\u00e1gainak is. M\u00e9ly gy\u00f6k\u00e9rzete miatt sokkal ellen\u00e1ll\u00f3bb\u00e1 v\u00e1lik, a k\u00fcls\u0151 stressz hat\u00e1sokkal szemben. Fajtaszelekci\u00f3ja igazi \u00e1tt\u00f6r\u00e9st jelent az eszt\u00e9tikum \u00e9s a haszn\u00e1lati \u00e9rt\u00e9k k\u00f6zt. M\u00e9lyz\u00f6ld sz\u00edne, valamint sz\u00e1ln\u00f6veked\u00e9se mind felfel\u00e9 \u00e9s oldalir\u00e1nyba t\u00f6rt\u00e9nik. Ezzel kiv\u00e9teles s\u0171r\u0171s\u00e9get k\u00e9pes el\u00e9rni. T\u00f6rp\u00edtett v\u00e1ltozatai r\u00e9v\u00e9n m\u00e9rs\u00e9kelt n\u00f6veked\u00e9s, ezzel a ny\u00edr\u00e1ssz\u00e1m cs\u00f6kken\u00e9s jellemzi.A\u00a0f\u0171magokat egy a k\u00fcl\u00f6nleges SmartStart bevonat veszi k\u00f6r\u00fcl, amely serkenti a f\u0171magok cs\u00edr\u00e1z\u00e1s\u00e1t.\" \/>\n<meta property=\"og:url\" content=\"https:\/\/tajkertesz.com\/en_US\/product\/everris-icl-toscana-mediterran-tipusu-fumagkeverek-10-kg\/\" \/>\n<meta property=\"og:site_name\" content=\"T\u00e1jkert\u00e9sz\" \/>\n<meta property=\"article:publisher\" content=\"https:\/\/www.facebook.com\/Tajkertesz\/\" \/>\n<meta property=\"article:modified_time\" content=\"2026-02-25T13:02:28+00:00\" \/>\n<meta property=\"og:image\" content=\"https:\/\/tajkertesz.com\/wp-content\/uploads\/2022\/02\/toscna.jpg\" \/>\n\t<meta property=\"og:image:width\" content=\"1000\" \/>\n\t<meta property=\"og:image:height\" content=\"562\" \/>\n\t<meta property=\"og:image:type\" content=\"image\/jpeg\" \/>\n<meta name=\"twitter:card\" content=\"summary_large_image\" \/>\n<meta name=\"twitter:label1\" content=\"Est. reading time\" \/>\n\t<meta name=\"twitter:data1\" content=\"4 minutes\" \/>\n<script type=\"application\/ld+json\" class=\"yoast-schema-graph\">{\"@context\":\"https:\\\/\\\/schema.org\",\"@graph\":[{\"@type\":\"WebPage\",\"@id\":\"https:\\\/\\\/tajkertesz.com\\\/termek\\\/everris-icl-toscana-mediterran-tipusu-fumagkeverek-10-kg\\\/\",\"url\":\"https:\\\/\\\/tajkertesz.com\\\/termek\\\/everris-icl-toscana-mediterran-tipusu-fumagkeverek-10-kg\\\/\",\"name\":\"Everris ICL Toscana (mediterr\u00e1n t\u00edpus\u00fa) f\u0171magkever\u00e9k 10 kg - T\u00e1jkert\u00e9sz\",\"isPartOf\":{\"@id\":\"https:\\\/\\\/tajkertesz.com\\\/#website\"},\"primaryImageOfPage\":{\"@id\":\"https:\\\/\\\/tajkertesz.com\\\/termek\\\/everris-icl-toscana-mediterran-tipusu-fumagkeverek-10-kg\\\/#primaryimage\"},\"image\":{\"@id\":\"https:\\\/\\\/tajkertesz.com\\\/termek\\\/everris-icl-toscana-mediterran-tipusu-fumagkeverek-10-kg\\\/#primaryimage\"},\"thumbnailUrl\":\"https:\\\/\\\/tajkertesz.com\\\/wp-content\\\/uploads\\\/2022\\\/02\\\/toscna.jpg\",\"datePublished\":\"2022-02-18T09:18:07+00:00\",\"dateModified\":\"2026-02-25T13:02:28+00:00\",\"description\":\"A Landscaper Pro Finesse (Everris, Scotts) f\u0171magkever\u00e9kkel magas eszt\u00e9tikai \u00e9rt\u00e9k\u0171, j\u00f3 tapos\u00e1s t\u0171r\u0151, finomsz\u00e1l\u00fa, s\u0171r\u0171 \u00e9s \u00e9l\u00e9nk sz\u00edn\u0171\",\"breadcrumb\":{\"@id\":\"https:\\\/\\\/tajkertesz.com\\\/termek\\\/everris-icl-toscana-mediterran-tipusu-fumagkeverek-10-kg\\\/#breadcrumb\"},\"inLanguage\":\"en-US\",\"potentialAction\":[{\"@type\":\"ReadAction\",\"target\":[\"https:\\\/\\\/tajkertesz.com\\\/termek\\\/everris-icl-toscana-mediterran-tipusu-fumagkeverek-10-kg\\\/\"]}]},{\"@type\":\"ImageObject\",\"inLanguage\":\"en-US\",\"@id\":\"https:\\\/\\\/tajkertesz.com\\\/termek\\\/everris-icl-toscana-mediterran-tipusu-fumagkeverek-10-kg\\\/#primaryimage\",\"url\":\"https:\\\/\\\/tajkertesz.com\\\/wp-content\\\/uploads\\\/2022\\\/02\\\/toscna.jpg\",\"contentUrl\":\"https:\\\/\\\/tajkertesz.com\\\/wp-content\\\/uploads\\\/2022\\\/02\\\/toscna.jpg\",\"width\":1000,\"height\":562,\"caption\":\"ICL Toscana f\u0171mag 10kg\"},{\"@type\":\"BreadcrumbList\",\"@id\":\"https:\\\/\\\/tajkertesz.com\\\/termek\\\/everris-icl-toscana-mediterran-tipusu-fumagkeverek-10-kg\\\/#breadcrumb\",\"itemListElement\":[{\"@type\":\"ListItem\",\"position\":1,\"name\":\"Home\",\"item\":\"https:\\\/\\\/tajkertesz.com\\\/\"},{\"@type\":\"ListItem\",\"position\":2,\"name\":\"Kezd\u0151lap\",\"item\":\"https:\\\/\\\/tajkertesz.com\\\/\"},{\"@type\":\"ListItem\",\"position\":3,\"name\":\"Everris ICL Toscana (mediterr\u00e1n t\u00edpus\u00fa) f\u0171magkever\u00e9k 10 kg\"}]},{\"@type\":\"WebSite\",\"@id\":\"https:\\\/\\\/tajkertesz.com\\\/#website\",\"url\":\"https:\\\/\\\/tajkertesz.com\\\/\",\"name\":\"T\u00e1j-Kert\u00e9sz 84 Kft.\",\"description\":\"Kert\u00e9szeti kis- \u00e9s nagykeresked\u00e9s, D\u00edszn\u00f6v\u00e9ny web\u00e1ruh\u00e1z orsz\u00e1gos h\u00e1zhozsz\u00e1ll\u00edt\u00e1ssal!\",\"publisher\":{\"@id\":\"https:\\\/\\\/tajkertesz.com\\\/#organization\"},\"potentialAction\":[{\"@type\":\"SearchAction\",\"target\":{\"@type\":\"EntryPoint\",\"urlTemplate\":\"https:\\\/\\\/tajkertesz.com\\\/?s={search_term_string}\"},\"query-input\":{\"@type\":\"PropertyValueSpecification\",\"valueRequired\":true,\"valueName\":\"search_term_string\"}}],\"inLanguage\":\"en-US\"},{\"@type\":\"Organization\",\"@id\":\"https:\\\/\\\/tajkertesz.com\\\/#organization\",\"name\":\"T\u00e1j-Kert\u00e9sz 84 Kft.\",\"url\":\"https:\\\/\\\/tajkertesz.com\\\/\",\"logo\":{\"@type\":\"ImageObject\",\"inLanguage\":\"en-US\",\"@id\":\"https:\\\/\\\/tajkertesz.com\\\/#\\\/schema\\\/logo\\\/image\\\/\",\"url\":\"https:\\\/\\\/tajkertesz.com\\\/wp-content\\\/uploads\\\/2018\\\/02\\\/logo-2-e1518678052539.png\",\"contentUrl\":\"https:\\\/\\\/tajkertesz.com\\\/wp-content\\\/uploads\\\/2018\\\/02\\\/logo-2-e1518678052539.png\",\"width\":81,\"height\":140,\"caption\":\"T\u00e1j-Kert\u00e9sz 84 Kft.\"},\"image\":{\"@id\":\"https:\\\/\\\/tajkertesz.com\\\/#\\\/schema\\\/logo\\\/image\\\/\"},\"sameAs\":[\"https:\\\/\\\/www.facebook.com\\\/Tajkertesz\\\/\"]}]}<\/script>\n<!-- \/ Yoast SEO plugin. -->","yoast_head_json":{"title":"Everris ICL Toscana (mediterr\u00e1n t\u00edpus\u00fa) f\u0171magkever\u00e9k 10 kg - T\u00e1jkert\u00e9sz","description":"A Landscaper Pro Finesse (Everris, Scotts) f\u0171magkever\u00e9kkel magas eszt\u00e9tikai \u00e9rt\u00e9k\u0171, j\u00f3 tapos\u00e1s t\u0171r\u0151, finomsz\u00e1l\u00fa, s\u0171r\u0171 \u00e9s \u00e9l\u00e9nk sz\u00edn\u0171","robots":{"index":"index","follow":"follow","max-snippet":"max-snippet:-1","max-image-preview":"max-image-preview:large","max-video-preview":"max-video-preview:-1"},"canonical":"https:\/\/tajkertesz.com\/en_US\/product\/everris-icl-toscana-mediterran-tipusu-fumagkeverek-10-kg\/","og_locale":"en_US","og_type":"article","og_title":"https:\/\/www.facebook.com\/tajkertesz","og_description":"Toscana mediterr\u00e1n jelleg\u0171 p\u00e1zsit f\u0171magkever\u00e9kA Toscana mediterr\u00e1n jelleg\u00e9t nemcsak megjelen\u00e9s\u00e9nek k\u00f6sz\u00f6nheti, hanem kiv\u00e1l\u00f3 tulajdons\u00e1gainak is. M\u00e9ly gy\u00f6k\u00e9rzete miatt sokkal ellen\u00e1ll\u00f3bb\u00e1 v\u00e1lik, a k\u00fcls\u0151 stressz hat\u00e1sokkal szemben. Fajtaszelekci\u00f3ja igazi \u00e1tt\u00f6r\u00e9st jelent az eszt\u00e9tikum \u00e9s a haszn\u00e1lati \u00e9rt\u00e9k k\u00f6zt. M\u00e9lyz\u00f6ld sz\u00edne, valamint sz\u00e1ln\u00f6veked\u00e9se mind felfel\u00e9 \u00e9s oldalir\u00e1nyba t\u00f6rt\u00e9nik. Ezzel kiv\u00e9teles s\u0171r\u0171s\u00e9get k\u00e9pes el\u00e9rni. T\u00f6rp\u00edtett v\u00e1ltozatai r\u00e9v\u00e9n m\u00e9rs\u00e9kelt n\u00f6veked\u00e9s, ezzel a ny\u00edr\u00e1ssz\u00e1m cs\u00f6kken\u00e9s jellemzi.A\u00a0f\u0171magokat egy a k\u00fcl\u00f6nleges SmartStart bevonat veszi k\u00f6r\u00fcl, amely serkenti a f\u0171magok cs\u00edr\u00e1z\u00e1s\u00e1t.","og_url":"https:\/\/tajkertesz.com\/en_US\/product\/everris-icl-toscana-mediterran-tipusu-fumagkeverek-10-kg\/","og_site_name":"T\u00e1jkert\u00e9sz","article_publisher":"https:\/\/www.facebook.com\/Tajkertesz\/","article_modified_time":"2026-02-25T13:02:28+00:00","og_image":[{"width":1000,"height":562,"url":"https:\/\/tajkertesz.com\/wp-content\/uploads\/2022\/02\/toscna.jpg","type":"image\/jpeg"}],"twitter_card":"summary_large_image","twitter_misc":{"Est. reading time":"4 minutes"},"schema":{"@context":"https:\/\/schema.org","@graph":[{"@type":"WebPage","@id":"https:\/\/tajkertesz.com\/termek\/everris-icl-toscana-mediterran-tipusu-fumagkeverek-10-kg\/","url":"https:\/\/tajkertesz.com\/termek\/everris-icl-toscana-mediterran-tipusu-fumagkeverek-10-kg\/","name":"Everris ICL Toscana (mediterr\u00e1n t\u00edpus\u00fa) f\u0171magkever\u00e9k 10 kg - T\u00e1jkert\u00e9sz","isPartOf":{"@id":"https:\/\/tajkertesz.com\/#website"},"primaryImageOfPage":{"@id":"https:\/\/tajkertesz.com\/termek\/everris-icl-toscana-mediterran-tipusu-fumagkeverek-10-kg\/#primaryimage"},"image":{"@id":"https:\/\/tajkertesz.com\/termek\/everris-icl-toscana-mediterran-tipusu-fumagkeverek-10-kg\/#primaryimage"},"thumbnailUrl":"https:\/\/tajkertesz.com\/wp-content\/uploads\/2022\/02\/toscna.jpg","datePublished":"2022-02-18T09:18:07+00:00","dateModified":"2026-02-25T13:02:28+00:00","description":"A Landscaper Pro Finesse (Everris, Scotts) f\u0171magkever\u00e9kkel magas eszt\u00e9tikai \u00e9rt\u00e9k\u0171, j\u00f3 tapos\u00e1s t\u0171r\u0151, finomsz\u00e1l\u00fa, s\u0171r\u0171 \u00e9s \u00e9l\u00e9nk sz\u00edn\u0171","breadcrumb":{"@id":"https:\/\/tajkertesz.com\/termek\/everris-icl-toscana-mediterran-tipusu-fumagkeverek-10-kg\/#breadcrumb"},"inLanguage":"en-US","potentialAction":[{"@type":"ReadAction","target":["https:\/\/tajkertesz.com\/termek\/everris-icl-toscana-mediterran-tipusu-fumagkeverek-10-kg\/"]}]},{"@type":"ImageObject","inLanguage":"en-US","@id":"https:\/\/tajkertesz.com\/termek\/everris-icl-toscana-mediterran-tipusu-fumagkeverek-10-kg\/#primaryimage","url":"https:\/\/tajkertesz.com\/wp-content\/uploads\/2022\/02\/toscna.jpg","contentUrl":"https:\/\/tajkertesz.com\/wp-content\/uploads\/2022\/02\/toscna.jpg","width":1000,"height":562,"caption":"ICL Toscana f\u0171mag 10kg"},{"@type":"BreadcrumbList","@id":"https:\/\/tajkertesz.com\/termek\/everris-icl-toscana-mediterran-tipusu-fumagkeverek-10-kg\/#breadcrumb","itemListElement":[{"@type":"ListItem","position":1,"name":"Home","item":"https:\/\/tajkertesz.com\/"},{"@type":"ListItem","position":2,"name":"Kezd\u0151lap","item":"https:\/\/tajkertesz.com\/"},{"@type":"ListItem","position":3,"name":"Everris ICL Toscana (mediterr\u00e1n t\u00edpus\u00fa) f\u0171magkever\u00e9k 10 kg"}]},{"@type":"WebSite","@id":"https:\/\/tajkertesz.com\/#website","url":"https:\/\/tajkertesz.com\/","name":"T\u00e1j-Kert\u00e9sz 84 Kft.","description":"Kert\u00e9szeti kis- \u00e9s nagykeresked\u00e9s, D\u00edszn\u00f6v\u00e9ny web\u00e1ruh\u00e1z orsz\u00e1gos h\u00e1zhozsz\u00e1ll\u00edt\u00e1ssal!","publisher":{"@id":"https:\/\/tajkertesz.com\/#organization"},"potentialAction":[{"@type":"SearchAction","target":{"@type":"EntryPoint","urlTemplate":"https:\/\/tajkertesz.com\/?s={search_term_string}"},"query-input":{"@type":"PropertyValueSpecification","valueRequired":true,"valueName":"search_term_string"}}],"inLanguage":"en-US"},{"@type":"Organization","@id":"https:\/\/tajkertesz.com\/#organization","name":"T\u00e1j-Kert\u00e9sz 84 Kft.","url":"https:\/\/tajkertesz.com\/","logo":{"@type":"ImageObject","inLanguage":"en-US","@id":"https:\/\/tajkertesz.com\/#\/schema\/logo\/image\/","url":"https:\/\/tajkertesz.com\/wp-content\/uploads\/2018\/02\/logo-2-e1518678052539.png","contentUrl":"https:\/\/tajkertesz.com\/wp-content\/uploads\/2018\/02\/logo-2-e1518678052539.png","width":81,"height":140,"caption":"T\u00e1j-Kert\u00e9sz 84 Kft."},"image":{"@id":"https:\/\/tajkertesz.com\/#\/schema\/logo\/image\/"},"sameAs":["https:\/\/www.facebook.com\/Tajkertesz\/"]}]}},"_links":{"self":[{"href":"https:\/\/tajkertesz.com\/en_US\/wp-json\/wp\/v2\/product\/12471","targetHints":{"allow":["GET"]}}],"collection":[{"href":"https:\/\/tajkertesz.com\/en_US\/wp-json\/wp\/v2\/product"}],"about":[{"href":"https:\/\/tajkertesz.com\/en_US\/wp-json\/wp\/v2\/types\/product"}],"wp:featuredmedia":[{"embeddable":true,"href":"https:\/\/tajkertesz.com\/en_US\/wp-json\/wp\/v2\/media\/13689"}],"wp:attachment":[{"href":"https:\/\/tajkertesz.com\/en_US\/wp-json\/wp\/v2\/media?parent=12471"}],"wp:term":[{"taxonomy":"product_brand","embeddable":true,"href":"https:\/\/tajkertesz.com\/en_US\/wp-json\/wp\/v2\/product_brand?post=12471"},{"taxonomy":"product_cat","embeddable":true,"href":"https:\/\/tajkertesz.com\/en_US\/wp-json\/wp\/v2\/product_cat?post=12471"},{"taxonomy":"product_tag","embeddable":true,"href":"https:\/\/tajkertesz.com\/en_US\/wp-json\/wp\/v2\/product_tag?post=12471"}],"curies":[{"name":"wp","href":"https:\/\/api.w.org\/{rel}","templated":true}]}}