{"id":12477,"date":"2022-02-18T13:38:36","date_gmt":"2022-02-18T13:38:36","guid":{"rendered":"https:\/\/tajkertesz.com\/?post_type=product&#038;p=12477"},"modified":"2026-02-20T13:14:48","modified_gmt":"2026-02-20T13:14:48","slug":"gladiolus-oscar-bordo-viragu-kardvirag","status":"publish","type":"product","link":"https:\/\/tajkertesz.com\/en_US\/product\/gladiolus-oscar-bordo-viragu-kardvirag\/","title":{"rendered":"Gladiolus Oscar , bord\u00f3 vir\u00e1g\u00fa kardvir\u00e1g"},"content":{"rendered":"<p>Gladiolus Oscar , bord\u00f3 vir\u00e1g\u00fa kardvir\u00e1g<\/p>\n<p>A Gladiolus Oscar , bord\u00f3 vir\u00e1g\u00fa kardvir\u00e1g csod\u00e1latos \u00e9l\u00e9nk sz\u00edn\u00e9vel d\u00edsz\u00edt j\u00faliust\u00f3l szeptemberig.<\/p>\n<p>T\u00f6bb d\u00e9l-afrikai faj keresztez\u00e9s\u00e9vel m\u00e1r a XIX. sz\u00e1zadban l\u00e9trehozott alakk\u00f6r.<\/p>\n<p>Hagymagum\u00f3s. Vir\u00e1gsz\u00e1ruk er\u0151s \u00e9s magas. Napos, meleg helyet, b\u0151s\u00e9ges v\u00edzell\u00e1t\u00e1st ig\u00e9nyel.<\/p>\n<p>Sz\u00e9ls\u0151s\u00e9ges talajok kiv\u00e9tel\u00e9vel mindenhol termeszthet\u0151. Kiv\u00e1l\u00f3 v\u00e1gott vir\u00e1g.<\/p>\n<p>A gum\u00f3kat \u00e1prilis- m\u00e1jusban kell el\u00fcltetni, melyek j\u00faliust\u00f3l szeptemberig d\u00edsz\u00edtik kert\u00fcnket.<\/p>\n<p>Hossz\u00fa sz\u00e1r\u00e1val, kardszer\u0171 level\u00e9vel, valamint a sz\u00e1r hossz\u00e1nak 100-150 cm\u00a0 j\u00f3 r\u00e9sz\u00e9n ny\u00edl\u00f3 \u00e9l\u00e9nk sz\u00edn\u0171 vir\u00e1gaival igaz\u00e1n impoz\u00e1ns l\u00e1tv\u00e1ny.<\/p>\n<p><span style=\"color: #000000;\">A\u00a0<b>kardvir\u00e1g<\/b>\u00a0<i>(Gladiolus)<\/i>\u00a0a\u00a0<a style=\"color: #000000;\" title=\"N\u0151sziromf\u00e9l\u00e9k\" href=\"https:\/\/hu.wikipedia.org\/wiki\/N%C5%91sziromf%C3%A9l%C3%A9k\">n\u0151sziromf\u00e9l\u00e9k<\/a>\u00a0<i>(Iridaceae)<\/i>\u00a0<a style=\"color: #000000;\" title=\"Csal\u00e1d (rendszertan)\" href=\"https:\/\/hu.wikipedia.org\/wiki\/Csal%C3%A1d_(rendszertan)\">csal\u00e1dj\u00e1ba<\/a>\u00a0tartoz\u00f3\u00a0<a style=\"color: #000000;\" title=\"Nemzets\u00e9g (rendszertan)\" href=\"https:\/\/hu.wikipedia.org\/wiki\/Nemzets%C3%A9g_(rendszertan)\">nemzets\u00e9g<\/a>. A nemzets\u00e9g a\u00a0<i>Gladiolus<\/i>\u00a0nevet a r\u00f3mai\u00a0<a style=\"color: #000000;\" title=\"Gladius\" href=\"https:\/\/hu.wikipedia.org\/wiki\/Gladius\">gladius<\/a> kardr\u00f3l kapta.\u00a0 <\/span><\/p>\n<p><span style=\"color: #000000;\"><sup id=\"cite_ref-1\" class=\"reference\"><\/sup>A korszer\u0171 rendszertanok a kor\u00e1bban\u00a0<i>Oenostachys<\/i>,\u00a0<i>Homoglossum<\/i>,\u00a0<i>Anomalesia<\/i>\u00a0\u00e9s\u00a0<i>Acidanthera<\/i>\u00a0n\u00e9ven le\u00edrt nemzets\u00e9geket is a\u00a0<i>Gladiolus<\/i>ba sorolj\u00e1k.<\/span><\/p>\n<p><span style=\"color: #000000;\">A nemzets\u00e9ghez tartoz\u00f3 fajok magyar neve ma\u00a0<i>kardvir\u00e1g<\/i>. <\/span><\/p>\n<p><span style=\"color: #000000;\">A K\u00e1rp\u00e1t-medenc\u00e9ben honos fajok neve: <i>mezei d\u00e1rd\u00e1cska<\/i>, <i>fegyverliliom<\/i> , <i>kedves mad\u00e1rliliom<\/i> , <i>d\u00e1koska<\/i>, illetve <i>leg\u00e9nyvir\u00e1g<\/i>.<sup id=\"cite_ref-2\" class=\"reference\"><\/sup><\/span><\/p>\n<p>A kardvir\u00e1g fajok, fajt\u00e1k \u00e9s hibridek \u00e1ltal\u00e1ban nem t\u00e9l\u00e1ll\u00f3ak\u00a0 (kiv\u00e9ve a <i>G. communis<\/i>\u00a0fajt\u00e1kat), ez\u00e9rt hagym\u00e1ikat az els\u0151 fagyok el\u0151tt ki kell \u00e1sni \u00e9s fagymentes helyre kell vinni.<\/p>\n<p>Tavasszal, \u00e1prilisban 10 cm m\u00e9lyre \u00fcltethet\u0151k ism\u00e9t. Apr\u00f3 fi\u00f3khagym\u00e1ir\u00f3l szapor\u00edthat\u00f3k, de ezek a n\u00f6v\u00e9nyek csak 2\u20133 \u00e9v eltelt\u00e9vel vir\u00e1goznak.<\/p>\n<p>A csomagban 10 darab gum\u00f3 tal\u00e1lhat\u00f3.<\/p>\n<p><a href=\"https:\/\/www.facebook.com\/tajkertesz\/\">https:\/\/www.facebook.com\/tajkertesz\/<\/a><\/p>\n<p><a href=\"http:\/\/tajkertesz.com\/\">http:\/\/tajkertesz.com\/<\/a><\/p>\n<h4><span style=\"color: #333333;\"><strong>K\u00e9szlet\u00fcnk napi szinten v\u00e1ltozik, ez\u00e9rt a v\u00e1ltoz\u00e1s jog\u00e1t fenntartjuk!<\/strong><\/span><\/h4>\n<h4><span style=\"color: #333333;\"><strong>Amennyiben nagyobb mennyis\u00e9gre lenne sz\u00fcks\u00e9g, vegye fel vel\u00fcnk a kapcsolatot \u00e9s beszerezz\u00fck!<\/strong><\/span><\/h4>\n<h6><span style=\"color: #ffffff;\">T\u00f6bb d\u00e9l-afrikai faj keresztez\u00e9s\u00e9vel m\u00e1r a XIX. sz\u00e1zadban l\u00e9trehozott alakk\u00f6r.<\/span><\/h6>\n<h6><span style=\"color: #ffffff;\">Hagymagum\u00f3s. Vir\u00e1gsz\u00e1ruk er\u0151s \u00e9s magas. Napos, meleg helyet, b\u0151s\u00e9ges v\u00edzell\u00e1t\u00e1st ig\u00e9nyel.<\/span><\/h6>\n<h6><span style=\"color: #ffffff;\">Sz\u00e9ls\u0151s\u00e9ges talajok kiv\u00e9tel\u00e9vel mindenhol termeszthet\u0151. Kiv\u00e1l\u00f3 v\u00e1gott vir\u00e1g.<\/span><\/h6>\n<h6><span style=\"color: #ffffff;\">A gum\u00f3kat \u00e1prilis- m\u00e1jusban kell el\u00fcltetni, melyek j\u00faliust\u00f3l szeptemberig d\u00edsz\u00edtik kert\u00fcnket.<\/span><\/h6>\n<h6><span style=\"color: #ffffff;\">Hossz\u00fa sz\u00e1r\u00e1val, kardszer\u0171 level\u00e9vel, valamint a sz\u00e1r hossz\u00e1nak j\u00f3 r\u00e9sz\u00e9n ny\u00edl\u00f3 \u00e9l\u00e9nk sz\u00edn\u0171 vir\u00e1gaival igaz\u00e1n impoz\u00e1ns l\u00e1tv\u00e1ny.<\/span><\/h6>\n<h6><span style=\"color: #ffffff;\">A\u00a0<b>kardvir\u00e1g<\/b>\u00a0<i>(Gladiolus)<\/i>\u00a0a\u00a0<a style=\"color: #ffffff;\" title=\"N\u0151sziromf\u00e9l\u00e9k\" href=\"https:\/\/hu.wikipedia.org\/wiki\/N%C5%91sziromf%C3%A9l%C3%A9k\">n\u0151sziromf\u00e9l\u00e9k<\/a>\u00a0<i>(Iridaceae)<\/i>\u00a0<a style=\"color: #ffffff;\" title=\"Csal\u00e1d (rendszertan)\" href=\"https:\/\/hu.wikipedia.org\/wiki\/Csal%C3%A1d_(rendszertan)\">csal\u00e1dj\u00e1ba<\/a>\u00a0tartoz\u00f3\u00a0<a style=\"color: #ffffff;\" title=\"Nemzets\u00e9g (rendszertan)\" href=\"https:\/\/hu.wikipedia.org\/wiki\/Nemzets%C3%A9g_(rendszertan)\">nemzets\u00e9g<\/a>. A nemzets\u00e9g a\u00a0<i>Gladiolus<\/i>\u00a0nevet a r\u00f3mai\u00a0<a style=\"color: #ffffff;\" title=\"Gladius\" href=\"https:\/\/hu.wikipedia.org\/wiki\/Gladius\">gladius<\/a> kardr\u00f3l kapta.\u00a0 <\/span><\/h6>\n<h6><span style=\"color: #ffffff;\"><sup id=\"cite_ref-1\" class=\"reference\"><\/sup>A korszer\u0171 rendszertanok a kor\u00e1bban\u00a0<i>Oenostachys<\/i>,\u00a0<i>Homoglossum<\/i>,\u00a0<i>Anomalesia<\/i>\u00a0\u00e9s\u00a0<i>Acidanthera<\/i>\u00a0n\u00e9ven le\u00edrt nemzets\u00e9geket is a\u00a0<i>Gladiolus<\/i>ba sorolj\u00e1k.<\/span><\/h6>\n<h6><span style=\"color: #ffffff;\">A nemzets\u00e9ghez tartoz\u00f3 fajok magyar neve ma\u00a0<i>kardvir\u00e1g<\/i>. <\/span><\/h6>\n<h6><span style=\"color: #ffffff;\">A K\u00e1rp\u00e1t-medenc\u00e9ben honos fajok neve: <i>mezei d\u00e1rd\u00e1cska<\/i>, <i>fegyverliliom<\/i> , <i>kedves mad\u00e1rliliom<\/i> , <i>d\u00e1koska<\/i>, illetve <i>leg\u00e9nyvir\u00e1g<\/i>.<\/span><\/h6>","protected":false},"excerpt":{"rendered":"<p>A Gladiolus Oscar , bord\u00f3 vir\u00e1g\u00fa kardvir\u00e1g csod\u00e1latos \u00e9l\u00e9nk sz\u00edn\u00e9vel d\u00edsz\u00edt j\u00faliust\u00f3l szeptemberig.<\/p>\n<p>Hagymagum\u00f3s. Vir\u00e1gsz\u00e1ruk er\u0151s \u00e9s magas. Napos, meleg helyet, b\u0151s\u00e9ges v\u00edzell\u00e1t\u00e1st ig\u00e9nyel.<\/p>\n<p>Sz\u00e9ls\u0151s\u00e9ges talajok kiv\u00e9tel\u00e9vel mindenhol termeszthet\u0151. Kiv\u00e1l\u00f3 v\u00e1gott vir\u00e1g.<\/p>\n<p>A gum\u00f3kat \u00e1prilis- m\u00e1jusban kell el\u00fcltetni, melyek j\u00faliust\u00f3l szeptemberig d\u00edsz\u00edtik kert\u00fcnket.<\/p>\n<p>Hossz\u00fa sz\u00e1r\u00e1val, kardszer\u0171 level\u00e9vel, valamint a sz\u00e1r hossz\u00e1nak j\u00f3 r\u00e9sz\u00e9n ny\u00edl\u00f3 \u00e9l\u00e9nk sz\u00edn\u0171 vir\u00e1gaival igaz\u00e1n impoz\u00e1ns l\u00e1tv\u00e1ny.<\/p>","protected":false},"featured_media":12478,"template":"","meta":{"_et_pb_use_builder":"","_et_pb_old_content":"","_et_gb_content_width":""},"product_brand":[],"product_cat":[3857],"product_tag":[3721,3718,3720],"class_list":{"0":"post-12477","1":"product","2":"type-product","3":"status-publish","4":"has-post-thumbnail","6":"product_cat-viraghagyma-dughagyma","7":"product_tag-bordo-kardvirag","8":"product_tag-kardvirag","9":"product_tag-oscar","11":"first","12":"onbackorder","13":"shipping-taxable","14":"purchasable","15":"product-type-simple"},"yoast_head":"<!-- This site is optimized with the Yoast SEO plugin v27.4 - https:\/\/yoast.com\/product\/yoast-seo-wordpress\/ -->\n<title>Gladiolus Oscar , bord\u00f3 vir\u00e1g\u00fa kardvir\u00e1g - T\u00e1jkert\u00e9sz<\/title>\n<meta name=\"description\" content=\"A Gladiolus Oscar , bord\u00f3 vir\u00e1g\u00fa kardvir\u00e1g csod\u00e1latos \u00e9l\u00e9nk sz\u00edn\u00e9vel d\u00edsz\u00edt j\u00faliust\u00f3l szeptemberig. Kiv\u00e1l\u00f3 v\u00e1gott vir\u00e1g.\" \/>\n<meta name=\"robots\" content=\"index, follow, max-snippet:-1, max-image-preview:large, max-video-preview:-1\" \/>\n<link rel=\"canonical\" href=\"https:\/\/tajkertesz.com\/en_US\/product\/gladiolus-oscar-bordo-viragu-kardvirag\/\" \/>\n<meta property=\"og:locale\" content=\"en_US\" \/>\n<meta property=\"og:type\" content=\"article\" \/>\n<meta property=\"og:title\" content=\"Gladiolus Oscar , bord\u00f3 vir\u00e1g\u00fa kardvir\u00e1g - T\u00e1jkert\u00e9sz\" \/>\n<meta property=\"og:description\" content=\"A Gladiolus Oscar , bord\u00f3 vir\u00e1g\u00fa kardvir\u00e1g csod\u00e1latos \u00e9l\u00e9nk sz\u00edn\u00e9vel d\u00edsz\u00edt j\u00faliust\u00f3l szeptemberig. Kiv\u00e1l\u00f3 v\u00e1gott vir\u00e1g.\" \/>\n<meta property=\"og:url\" content=\"https:\/\/tajkertesz.com\/en_US\/product\/gladiolus-oscar-bordo-viragu-kardvirag\/\" \/>\n<meta property=\"og:site_name\" content=\"T\u00e1jkert\u00e9sz\" \/>\n<meta property=\"article:publisher\" content=\"https:\/\/www.facebook.com\/Tajkertesz\/\" \/>\n<meta property=\"article:modified_time\" content=\"2026-02-20T13:14:48+00:00\" \/>\n<meta property=\"og:image\" content=\"https:\/\/tajkertesz.com\/wp-content\/uploads\/2022\/02\/Gladiolus-Oscar.jpg\" \/>\n\t<meta property=\"og:image:width\" content=\"370\" \/>\n\t<meta property=\"og:image:height\" content=\"559\" \/>\n\t<meta property=\"og:image:type\" content=\"image\/jpeg\" \/>\n<meta name=\"twitter:card\" content=\"summary_large_image\" \/>\n<meta name=\"twitter:label1\" content=\"Est. reading time\" \/>\n\t<meta name=\"twitter:data1\" content=\"2 minutes\" \/>\n<script type=\"application\/ld+json\" class=\"yoast-schema-graph\">{\"@context\":\"https:\\\/\\\/schema.org\",\"@graph\":[{\"@type\":\"WebPage\",\"@id\":\"https:\\\/\\\/tajkertesz.com\\\/termek\\\/gladiolus-oscar-bordo-viragu-kardvirag\\\/\",\"url\":\"https:\\\/\\\/tajkertesz.com\\\/termek\\\/gladiolus-oscar-bordo-viragu-kardvirag\\\/\",\"name\":\"Gladiolus Oscar , bord\u00f3 vir\u00e1g\u00fa kardvir\u00e1g - T\u00e1jkert\u00e9sz\",\"isPartOf\":{\"@id\":\"https:\\\/\\\/tajkertesz.com\\\/#website\"},\"primaryImageOfPage\":{\"@id\":\"https:\\\/\\\/tajkertesz.com\\\/termek\\\/gladiolus-oscar-bordo-viragu-kardvirag\\\/#primaryimage\"},\"image\":{\"@id\":\"https:\\\/\\\/tajkertesz.com\\\/termek\\\/gladiolus-oscar-bordo-viragu-kardvirag\\\/#primaryimage\"},\"thumbnailUrl\":\"https:\\\/\\\/tajkertesz.com\\\/wp-content\\\/uploads\\\/2022\\\/02\\\/Gladiolus-Oscar.jpg\",\"datePublished\":\"2022-02-18T13:38:36+00:00\",\"dateModified\":\"2026-02-20T13:14:48+00:00\",\"description\":\"A Gladiolus Oscar , bord\u00f3 vir\u00e1g\u00fa kardvir\u00e1g csod\u00e1latos \u00e9l\u00e9nk sz\u00edn\u00e9vel d\u00edsz\u00edt j\u00faliust\u00f3l szeptemberig. Kiv\u00e1l\u00f3 v\u00e1gott vir\u00e1g.\",\"breadcrumb\":{\"@id\":\"https:\\\/\\\/tajkertesz.com\\\/termek\\\/gladiolus-oscar-bordo-viragu-kardvirag\\\/#breadcrumb\"},\"inLanguage\":\"en-US\",\"potentialAction\":[{\"@type\":\"ReadAction\",\"target\":[\"https:\\\/\\\/tajkertesz.com\\\/termek\\\/gladiolus-oscar-bordo-viragu-kardvirag\\\/\"]}]},{\"@type\":\"ImageObject\",\"inLanguage\":\"en-US\",\"@id\":\"https:\\\/\\\/tajkertesz.com\\\/termek\\\/gladiolus-oscar-bordo-viragu-kardvirag\\\/#primaryimage\",\"url\":\"https:\\\/\\\/tajkertesz.com\\\/wp-content\\\/uploads\\\/2022\\\/02\\\/Gladiolus-Oscar.jpg\",\"contentUrl\":\"https:\\\/\\\/tajkertesz.com\\\/wp-content\\\/uploads\\\/2022\\\/02\\\/Gladiolus-Oscar.jpg\",\"width\":370,\"height\":559},{\"@type\":\"BreadcrumbList\",\"@id\":\"https:\\\/\\\/tajkertesz.com\\\/termek\\\/gladiolus-oscar-bordo-viragu-kardvirag\\\/#breadcrumb\",\"itemListElement\":[{\"@type\":\"ListItem\",\"position\":1,\"name\":\"Home\",\"item\":\"https:\\\/\\\/tajkertesz.com\\\/\"},{\"@type\":\"ListItem\",\"position\":2,\"name\":\"Kezd\u0151lap\",\"item\":\"https:\\\/\\\/tajkertesz.com\\\/\"},{\"@type\":\"ListItem\",\"position\":3,\"name\":\"Gladiolus Oscar , bord\u00f3 vir\u00e1g\u00fa kardvir\u00e1g\"}]},{\"@type\":\"WebSite\",\"@id\":\"https:\\\/\\\/tajkertesz.com\\\/#website\",\"url\":\"https:\\\/\\\/tajkertesz.com\\\/\",\"name\":\"T\u00e1j-Kert\u00e9sz 84 Kft.\",\"description\":\"Kert\u00e9szeti kis- \u00e9s nagykeresked\u00e9s, D\u00edszn\u00f6v\u00e9ny web\u00e1ruh\u00e1z orsz\u00e1gos h\u00e1zhozsz\u00e1ll\u00edt\u00e1ssal!\",\"publisher\":{\"@id\":\"https:\\\/\\\/tajkertesz.com\\\/#organization\"},\"potentialAction\":[{\"@type\":\"SearchAction\",\"target\":{\"@type\":\"EntryPoint\",\"urlTemplate\":\"https:\\\/\\\/tajkertesz.com\\\/?s={search_term_string}\"},\"query-input\":{\"@type\":\"PropertyValueSpecification\",\"valueRequired\":true,\"valueName\":\"search_term_string\"}}],\"inLanguage\":\"en-US\"},{\"@type\":\"Organization\",\"@id\":\"https:\\\/\\\/tajkertesz.com\\\/#organization\",\"name\":\"T\u00e1j-Kert\u00e9sz 84 Kft.\",\"url\":\"https:\\\/\\\/tajkertesz.com\\\/\",\"logo\":{\"@type\":\"ImageObject\",\"inLanguage\":\"en-US\",\"@id\":\"https:\\\/\\\/tajkertesz.com\\\/#\\\/schema\\\/logo\\\/image\\\/\",\"url\":\"https:\\\/\\\/tajkertesz.com\\\/wp-content\\\/uploads\\\/2018\\\/02\\\/logo-2-e1518678052539.png\",\"contentUrl\":\"https:\\\/\\\/tajkertesz.com\\\/wp-content\\\/uploads\\\/2018\\\/02\\\/logo-2-e1518678052539.png\",\"width\":81,\"height\":140,\"caption\":\"T\u00e1j-Kert\u00e9sz 84 Kft.\"},\"image\":{\"@id\":\"https:\\\/\\\/tajkertesz.com\\\/#\\\/schema\\\/logo\\\/image\\\/\"},\"sameAs\":[\"https:\\\/\\\/www.facebook.com\\\/Tajkertesz\\\/\"]}]}<\/script>\n<!-- \/ Yoast SEO plugin. -->","yoast_head_json":{"title":"Gladiolus Oscar , bord\u00f3 vir\u00e1g\u00fa kardvir\u00e1g - T\u00e1jkert\u00e9sz","description":"A Gladiolus Oscar , bord\u00f3 vir\u00e1g\u00fa kardvir\u00e1g csod\u00e1latos \u00e9l\u00e9nk sz\u00edn\u00e9vel d\u00edsz\u00edt j\u00faliust\u00f3l szeptemberig. Kiv\u00e1l\u00f3 v\u00e1gott vir\u00e1g.","robots":{"index":"index","follow":"follow","max-snippet":"max-snippet:-1","max-image-preview":"max-image-preview:large","max-video-preview":"max-video-preview:-1"},"canonical":"https:\/\/tajkertesz.com\/en_US\/product\/gladiolus-oscar-bordo-viragu-kardvirag\/","og_locale":"en_US","og_type":"article","og_title":"Gladiolus Oscar , bord\u00f3 vir\u00e1g\u00fa kardvir\u00e1g - T\u00e1jkert\u00e9sz","og_description":"A Gladiolus Oscar , bord\u00f3 vir\u00e1g\u00fa kardvir\u00e1g csod\u00e1latos \u00e9l\u00e9nk sz\u00edn\u00e9vel d\u00edsz\u00edt j\u00faliust\u00f3l szeptemberig. Kiv\u00e1l\u00f3 v\u00e1gott vir\u00e1g.","og_url":"https:\/\/tajkertesz.com\/en_US\/product\/gladiolus-oscar-bordo-viragu-kardvirag\/","og_site_name":"T\u00e1jkert\u00e9sz","article_publisher":"https:\/\/www.facebook.com\/Tajkertesz\/","article_modified_time":"2026-02-20T13:14:48+00:00","og_image":[{"width":370,"height":559,"url":"https:\/\/tajkertesz.com\/wp-content\/uploads\/2022\/02\/Gladiolus-Oscar.jpg","type":"image\/jpeg"}],"twitter_card":"summary_large_image","twitter_misc":{"Est. reading time":"2 minutes"},"schema":{"@context":"https:\/\/schema.org","@graph":[{"@type":"WebPage","@id":"https:\/\/tajkertesz.com\/termek\/gladiolus-oscar-bordo-viragu-kardvirag\/","url":"https:\/\/tajkertesz.com\/termek\/gladiolus-oscar-bordo-viragu-kardvirag\/","name":"Gladiolus Oscar , bord\u00f3 vir\u00e1g\u00fa kardvir\u00e1g - T\u00e1jkert\u00e9sz","isPartOf":{"@id":"https:\/\/tajkertesz.com\/#website"},"primaryImageOfPage":{"@id":"https:\/\/tajkertesz.com\/termek\/gladiolus-oscar-bordo-viragu-kardvirag\/#primaryimage"},"image":{"@id":"https:\/\/tajkertesz.com\/termek\/gladiolus-oscar-bordo-viragu-kardvirag\/#primaryimage"},"thumbnailUrl":"https:\/\/tajkertesz.com\/wp-content\/uploads\/2022\/02\/Gladiolus-Oscar.jpg","datePublished":"2022-02-18T13:38:36+00:00","dateModified":"2026-02-20T13:14:48+00:00","description":"A Gladiolus Oscar , bord\u00f3 vir\u00e1g\u00fa kardvir\u00e1g csod\u00e1latos \u00e9l\u00e9nk sz\u00edn\u00e9vel d\u00edsz\u00edt j\u00faliust\u00f3l szeptemberig. Kiv\u00e1l\u00f3 v\u00e1gott vir\u00e1g.","breadcrumb":{"@id":"https:\/\/tajkertesz.com\/termek\/gladiolus-oscar-bordo-viragu-kardvirag\/#breadcrumb"},"inLanguage":"en-US","potentialAction":[{"@type":"ReadAction","target":["https:\/\/tajkertesz.com\/termek\/gladiolus-oscar-bordo-viragu-kardvirag\/"]}]},{"@type":"ImageObject","inLanguage":"en-US","@id":"https:\/\/tajkertesz.com\/termek\/gladiolus-oscar-bordo-viragu-kardvirag\/#primaryimage","url":"https:\/\/tajkertesz.com\/wp-content\/uploads\/2022\/02\/Gladiolus-Oscar.jpg","contentUrl":"https:\/\/tajkertesz.com\/wp-content\/uploads\/2022\/02\/Gladiolus-Oscar.jpg","width":370,"height":559},{"@type":"BreadcrumbList","@id":"https:\/\/tajkertesz.com\/termek\/gladiolus-oscar-bordo-viragu-kardvirag\/#breadcrumb","itemListElement":[{"@type":"ListItem","position":1,"name":"Home","item":"https:\/\/tajkertesz.com\/"},{"@type":"ListItem","position":2,"name":"Kezd\u0151lap","item":"https:\/\/tajkertesz.com\/"},{"@type":"ListItem","position":3,"name":"Gladiolus Oscar , bord\u00f3 vir\u00e1g\u00fa kardvir\u00e1g"}]},{"@type":"WebSite","@id":"https:\/\/tajkertesz.com\/#website","url":"https:\/\/tajkertesz.com\/","name":"T\u00e1j-Kert\u00e9sz 84 Kft.","description":"Kert\u00e9szeti kis- \u00e9s nagykeresked\u00e9s, D\u00edszn\u00f6v\u00e9ny web\u00e1ruh\u00e1z orsz\u00e1gos h\u00e1zhozsz\u00e1ll\u00edt\u00e1ssal!","publisher":{"@id":"https:\/\/tajkertesz.com\/#organization"},"potentialAction":[{"@type":"SearchAction","target":{"@type":"EntryPoint","urlTemplate":"https:\/\/tajkertesz.com\/?s={search_term_string}"},"query-input":{"@type":"PropertyValueSpecification","valueRequired":true,"valueName":"search_term_string"}}],"inLanguage":"en-US"},{"@type":"Organization","@id":"https:\/\/tajkertesz.com\/#organization","name":"T\u00e1j-Kert\u00e9sz 84 Kft.","url":"https:\/\/tajkertesz.com\/","logo":{"@type":"ImageObject","inLanguage":"en-US","@id":"https:\/\/tajkertesz.com\/#\/schema\/logo\/image\/","url":"https:\/\/tajkertesz.com\/wp-content\/uploads\/2018\/02\/logo-2-e1518678052539.png","contentUrl":"https:\/\/tajkertesz.com\/wp-content\/uploads\/2018\/02\/logo-2-e1518678052539.png","width":81,"height":140,"caption":"T\u00e1j-Kert\u00e9sz 84 Kft."},"image":{"@id":"https:\/\/tajkertesz.com\/#\/schema\/logo\/image\/"},"sameAs":["https:\/\/www.facebook.com\/Tajkertesz\/"]}]}},"_links":{"self":[{"href":"https:\/\/tajkertesz.com\/en_US\/wp-json\/wp\/v2\/product\/12477","targetHints":{"allow":["GET"]}}],"collection":[{"href":"https:\/\/tajkertesz.com\/en_US\/wp-json\/wp\/v2\/product"}],"about":[{"href":"https:\/\/tajkertesz.com\/en_US\/wp-json\/wp\/v2\/types\/product"}],"wp:featuredmedia":[{"embeddable":true,"href":"https:\/\/tajkertesz.com\/en_US\/wp-json\/wp\/v2\/media\/12478"}],"wp:attachment":[{"href":"https:\/\/tajkertesz.com\/en_US\/wp-json\/wp\/v2\/media?parent=12477"}],"wp:term":[{"taxonomy":"product_brand","embeddable":true,"href":"https:\/\/tajkertesz.com\/en_US\/wp-json\/wp\/v2\/product_brand?post=12477"},{"taxonomy":"product_cat","embeddable":true,"href":"https:\/\/tajkertesz.com\/en_US\/wp-json\/wp\/v2\/product_cat?post=12477"},{"taxonomy":"product_tag","embeddable":true,"href":"https:\/\/tajkertesz.com\/en_US\/wp-json\/wp\/v2\/product_tag?post=12477"}],"curies":[{"name":"wp","href":"https:\/\/api.w.org\/{rel}","templated":true}]}}