{"id":12504,"date":"2022-02-21T13:29:06","date_gmt":"2022-02-21T13:29:06","guid":{"rendered":"https:\/\/tajkertesz.com\/?post_type=product&#038;p=12504"},"modified":"2026-04-03T10:41:37","modified_gmt":"2026-04-03T10:41:37","slug":"lilium-honeymoon-oriasviragu-liliom-halvanysarga","status":"publish","type":"product","link":"https:\/\/tajkertesz.com\/en_US\/product\/lilium-honeymoon-oriasviragu-liliom-halvanysarga\/","title":{"rendered":"Lilium honeymoon &#8211; \u00d3ri\u00e1svir\u00e1g\u00fa liliom (halv\u00e1nys\u00e1rga)"},"content":{"rendered":"<p>Lilium honeymoon &#8211; \u00d3ri\u00e1svir\u00e1g\u00fa liliom (halv\u00e1nys\u00e1rga)<\/p>\n<p>A Lilium honeymoon &#8211; \u00d3ri\u00e1svir\u00e1g\u00fa liliom (halv\u00e1nys\u00e1rga) egy kertb\u0151l sem hi\u00e1nyozhat.<\/p>\n<p>M\u00e9ret\u00e9n\u00e9l fogva egy extra k\u00fcl\u00f6nlegess\u00e9g!!!<\/p>\n<p>Nem ritka hogy\u00a0 200 cm-n\u00e9l is nagyobbra felj\u0151dik.<\/p>\n<p>Javasoljuk p\u00e1ros\u00edtani a Lavon \u00e9s Satisfaction fajt\u00e1kkal p\u00e1ros\u00edtani.<\/p>\n<p>T\u00e9l\u00e1ll\u00f3.<\/p>\n<ul>\n<li>M\u00e9ret: 200!!! cm<\/li>\n<li>Vir\u00e1gz\u00e1s: m\u00e1jus- okt\u00f3berig<\/li>\n<li>\u00dcltet\u00e9s: febru\u00e1r\/m\u00e1jus, augusztus\/december<\/li>\n<li>F\u00e9nyig\u00e9ny:<span class=\"fekete2\">\u00a0 f\u00e9l\u00e1rny\u00e9k<\/span><\/li>\n<li>T\u00e9l\u00e1ll\u00f3s\u00e1g: igen<\/li>\n<li>Felhaszn\u00e1l\u00e1s: szoliter ,v\u00e1gott vir\u00e1g<\/li>\n<\/ul>\n<p><strong>Amennyiben nagyobb mennyis\u00e9gre lenne sz\u00fcks\u00e9g, vegye fel vel\u00fcnk a kapcsolatot \u00e9s beszerezz\u00fck!<\/strong><\/p>\n<p><strong>K\u00e9szlet\u00fcnk napi szinten v\u00e1ltozik, ez\u00e9rt a v\u00e1ltoz\u00e1s jog\u00e1t fenntartjuk!<\/strong><\/p>\n<p>&nbsp;<\/p>\n<p><a href=\"https:\/\/tajkertesz.com\/\">https:\/\/tajkertesz.com\/<\/a><\/p>\n<p><a href=\"https:\/\/www.facebook.com\/tajkertesz\/\">https:\/\/www.facebook.com\/tajkertesz\/<\/a><\/p>\n<h6><span style=\"color: #ffffff;\">M\u00e9ret\u00e9n\u00e9l fogva egy extra k\u00fcl\u00f6nlegess\u00e9g!!!<\/span><\/h6>\n<h6><span style=\"color: #ffffff;\">Nem ritka hogy\u00a0 200 cm-n\u00e9l is nagyobbra felj\u0151dik.\u00a0<\/span><\/h6>\n<h6><span style=\"color: #ffffff;\">Javasoljuk p\u00e1ros\u00edtani a Lavon \u00e9s Satisfaction fajt\u00e1kkal p\u00e1ros\u00edtani.\u00a0<\/span><\/h6>\n<h6><span style=\"color: #ffffff;\">T\u00e9l\u00e1ll\u00f3.<\/span><\/h6>\n<h6><span style=\"color: #ffffff;\">M\u00e9ret: 200!!! cm<\/span><\/h6>\n<h6><span style=\"color: #ffffff;\">Vir\u00e1gz\u00e1s: m\u00e1jus- okt\u00f3berig<\/span><\/h6>\n<h6><span style=\"color: #ffffff;\">\u00dcltet\u00e9s: febru\u00e1r\/m\u00e1jus, augusztus\/december<\/span><\/h6>\n<h6><span style=\"color: #ffffff;\">F\u00e9nyig\u00e9ny:<span class=\"fekete2\">\u00a0 f\u00e9l\u00e1rny\u00e9k<\/span><\/span><\/h6>\n<h6><span style=\"color: #ffffff;\">T\u00e9l\u00e1ll\u00f3s\u00e1g: igen<\/span><\/h6>\n<h6><span style=\"color: #ffffff;\">Felhaszn\u00e1l\u00e1s: szoliter ,v\u00e1gott vir\u00e1g<\/span><\/h6>\n<h6><span style=\"color: #ffffff;\"><strong>Amennyiben nagyobb mennyis\u00e9gre lenne sz\u00fcks\u00e9g, vegye fel vel\u00fcnk a kapcsolatot \u00e9s beszerezz\u00fck!<\/strong><\/span><\/h6>\n<h6><span style=\"color: #ffffff;\"><strong>K\u00e9szlet\u00fcnk napi szinten v\u00e1ltozik, ez\u00e9rt a v\u00e1ltoz\u00e1s jog\u00e1t fenntartjuk!<\/strong><\/span><\/h6>\n<h6><\/h6>\n<h6><span style=\"color: #ffffff;\">M\u00e9ret\u00e9n\u00e9l fogva egy extra k\u00fcl\u00f6nlegess\u00e9g!!!<\/span><\/h6>\n<h6><span style=\"color: #ffffff;\">Nem ritka hogy\u00a0 200 cm-n\u00e9l is nagyobbra felj\u0151dik.\u00a0<\/span><\/h6>\n<h6><span style=\"color: #ffffff;\">Javasoljuk p\u00e1ros\u00edtani a Lavon \u00e9s Satisfaction fajt\u00e1kkal p\u00e1ros\u00edtani.\u00a0<\/span><\/h6>\n<h6><span style=\"color: #ffffff;\">T\u00e9l\u00e1ll\u00f3.<\/span><\/h6>\n<h6><span style=\"color: #ffffff;\">M\u00e9ret: 200!!! cm<\/span><\/h6>\n<h6><span style=\"color: #ffffff;\">Vir\u00e1gz\u00e1s: m\u00e1jus- okt\u00f3berig<\/span><\/h6>\n<h6><span style=\"color: #ffffff;\">\u00dcltet\u00e9s: febru\u00e1r\/m\u00e1jus, augusztus\/december<\/span><\/h6>\n<h6><span style=\"color: #ffffff;\">F\u00e9nyig\u00e9ny:<span class=\"fekete2\">\u00a0 f\u00e9l\u00e1rny\u00e9k<\/span><\/span><\/h6>\n<h6><span style=\"color: #ffffff;\">T\u00e9l\u00e1ll\u00f3s\u00e1g: igen<\/span><\/h6>\n<h6><span style=\"color: #ffffff;\">Felhaszn\u00e1l\u00e1s: szoliter ,v\u00e1gott vir\u00e1g<\/span><\/h6>\n<h6><span style=\"color: #ffffff;\"><strong>Amennyiben nagyobb mennyis\u00e9gre lenne sz\u00fcks\u00e9g, vegye fel vel\u00fcnk a kapcsolatot \u00e9s beszerezz\u00fck!<\/strong><\/span><\/h6>\n<h6><span style=\"color: #ffffff;\"><strong>K\u00e9szlet\u00fcnk napi szinten v\u00e1ltozik, ez\u00e9rt a v\u00e1ltoz\u00e1s jog\u00e1t fenntartjuk!<\/strong><\/span><\/h6>\n<h6><\/h6>\n<h6><span style=\"color: #ffffff;\">M\u00e9ret\u00e9n\u00e9l fogva egy extra k\u00fcl\u00f6nlegess\u00e9g!!!<\/span><\/h6>\n<h6><span style=\"color: #ffffff;\">Nem ritka hogy\u00a0 200 cm-n\u00e9l is nagyobbra felj\u0151dik.\u00a0<\/span><\/h6>\n<h6><span style=\"color: #ffffff;\">Javasoljuk p\u00e1ros\u00edtani a Lavon \u00e9s Satisfaction fajt\u00e1kkal p\u00e1ros\u00edtani.\u00a0<\/span><\/h6>\n<h6><span style=\"color: #ffffff;\">T\u00e9l\u00e1ll\u00f3.<\/span><\/h6>\n<h6><span style=\"color: #ffffff;\">M\u00e9ret: 200!!! cm<\/span><\/h6>\n<h6><span style=\"color: #ffffff;\">Vir\u00e1gz\u00e1s: m\u00e1jus- okt\u00f3berig<\/span><\/h6>\n<h6><span style=\"color: #ffffff;\">\u00dcltet\u00e9s: febru\u00e1r\/m\u00e1jus, augusztus\/december<\/span><\/h6>\n<h6><span style=\"color: #ffffff;\">F\u00e9nyig\u00e9ny:<span class=\"fekete2\">\u00a0 f\u00e9l\u00e1rny\u00e9k<\/span><\/span><\/h6>\n<h6><span style=\"color: #ffffff;\">T\u00e9l\u00e1ll\u00f3s\u00e1g: igen<\/span><\/h6>\n<h6><span style=\"color: #ffffff;\">Felhaszn\u00e1l\u00e1s: szoliter ,v\u00e1gott vir\u00e1g<\/span><\/h6>\n<h6><span style=\"color: #ffffff;\"><strong>Amennyiben nagyobb mennyis\u00e9gre lenne sz\u00fcks\u00e9g, vegye fel vel\u00fcnk a kapcsolatot \u00e9s beszerezz\u00fck!<\/strong><\/span><\/h6>\n<h6><span style=\"color: #ffffff;\"><strong>K\u00e9szlet\u00fcnk napi szinten v\u00e1ltozik, ez\u00e9rt a v\u00e1ltoz\u00e1s jog\u00e1t fenntartjuk!<\/strong><\/span><\/h6>\n<h6><\/h6>","protected":false},"excerpt":{"rendered":"<p>A Lilium honeymoon &#8211; \u00d3ri\u00e1svir\u00e1g\u00fa liliom (halv\u00e1nys\u00e1rga) egy kertb\u0151l sem hi\u00e1nyozhat.<\/p>\n<p>M\u00e9ret\u00e9n\u00e9l fogva egy extra k\u00fcl\u00f6nlegess\u00e9g!!!<\/p>\n<p>Nem ritka hogy\u00a0 200 cm-n\u00e9l is nagyobbra felj\u0151dik.<\/p>\n<p>Javasoljuk p\u00e1ros\u00edtani a Lavon \u00e9s Satisfaction fajt\u00e1kkal p\u00e1ros\u00edtani.<\/p>\n<p>T\u00e9l\u00e1ll\u00f3.<\/p>\n<ul>\n<li>M\u00e9ret: 200!!! cm<\/li>\n<li>Vir\u00e1gz\u00e1s: m\u00e1jus- okt\u00f3berig<\/li>\n<li>\u00dcltet\u00e9s: febru\u00e1r\/m\u00e1jus, augusztus\/december<\/li>\n<li>F\u00e9nyig\u00e9ny:<span class=\"fekete2\">\u00a0 f\u00e9l\u00e1rny\u00e9k<\/span><\/li>\n<li>T\u00e9l\u00e1ll\u00f3s\u00e1g: igen<\/li>\n<li>Felhaszn\u00e1l\u00e1s: szoliter ,v\u00e1gott vir\u00e1g<\/li>\n<\/ul>","protected":false},"featured_media":12505,"template":"","meta":{"_et_pb_use_builder":"","_et_pb_old_content":"","_et_gb_content_width":""},"product_brand":[],"product_cat":[3857],"product_tag":[3737,3739,3738],"class_list":{"0":"post-12504","1":"product","2":"type-product","3":"status-publish","4":"has-post-thumbnail","6":"product_cat-viraghagyma-dughagyma","7":"product_tag-lilium-honeymoon","8":"product_tag-orias-liliom","9":"product_tag-oriasviragu-liliom-halvanysarga","11":"first","12":"outofstock","13":"shipping-taxable","14":"product-type-simple"},"yoast_head":"<!-- This site is optimized with the Yoast SEO plugin v27.5 - https:\/\/yoast.com\/product\/yoast-seo-wordpress\/ -->\n<title>Lilium honeymoon - \u00d3ri\u00e1svir\u00e1g\u00fa liliom (halv\u00e1nys\u00e1rga) - T\u00e1jkert\u00e9sz<\/title>\n<meta name=\"description\" content=\"A Lilium honeymoon - \u00d3ri\u00e1svir\u00e1g\u00fa liliom (halv\u00e1nys\u00e1rga) egy kertb\u0151l sem hi\u00e1nyozhat.\u00a0M\u00e9ret\u00e9n\u00e9l fogva egy extra k\u00fcl\u00f6nlegess\u00e9g!!!\" \/>\n<meta name=\"robots\" content=\"index, follow, max-snippet:-1, max-image-preview:large, max-video-preview:-1\" \/>\n<link rel=\"canonical\" href=\"https:\/\/tajkertesz.com\/en_US\/product\/lilium-honeymoon-oriasviragu-liliom-halvanysarga\/\" \/>\n<meta property=\"og:locale\" content=\"en_US\" \/>\n<meta property=\"og:type\" content=\"article\" \/>\n<meta property=\"og:title\" content=\"Lilium honeymoon - \u00d3ri\u00e1svir\u00e1g\u00fa liliom (halv\u00e1nys\u00e1rga) - T\u00e1jkert\u00e9sz\" \/>\n<meta property=\"og:description\" content=\"A Lilium honeymoon - \u00d3ri\u00e1svir\u00e1g\u00fa liliom (halv\u00e1nys\u00e1rga) egy kertb\u0151l sem hi\u00e1nyozhat.\u00a0M\u00e9ret\u00e9n\u00e9l fogva egy extra k\u00fcl\u00f6nlegess\u00e9g!!!\" \/>\n<meta property=\"og:url\" content=\"https:\/\/tajkertesz.com\/en_US\/product\/lilium-honeymoon-oriasviragu-liliom-halvanysarga\/\" \/>\n<meta property=\"og:site_name\" content=\"T\u00e1jkert\u00e9sz\" \/>\n<meta property=\"article:publisher\" content=\"https:\/\/www.facebook.com\/Tajkertesz\/\" \/>\n<meta property=\"article:modified_time\" content=\"2026-04-03T10:41:37+00:00\" \/>\n<meta property=\"og:image\" content=\"https:\/\/tajkertesz.com\/wp-content\/uploads\/2022\/02\/Liliom-honeymoon.jpg\" \/>\n\t<meta property=\"og:image:width\" content=\"370\" \/>\n\t<meta property=\"og:image:height\" content=\"623\" \/>\n\t<meta property=\"og:image:type\" content=\"image\/jpeg\" \/>\n<meta name=\"twitter:card\" content=\"summary_large_image\" \/>\n<meta name=\"twitter:label1\" content=\"Est. reading time\" \/>\n\t<meta name=\"twitter:data1\" content=\"2 minutes\" \/>\n<script type=\"application\/ld+json\" class=\"yoast-schema-graph\">{\"@context\":\"https:\\\/\\\/schema.org\",\"@graph\":[{\"@type\":\"WebPage\",\"@id\":\"https:\\\/\\\/tajkertesz.com\\\/termek\\\/lilium-honeymoon-oriasviragu-liliom-halvanysarga\\\/\",\"url\":\"https:\\\/\\\/tajkertesz.com\\\/termek\\\/lilium-honeymoon-oriasviragu-liliom-halvanysarga\\\/\",\"name\":\"Lilium honeymoon - \u00d3ri\u00e1svir\u00e1g\u00fa liliom (halv\u00e1nys\u00e1rga) - T\u00e1jkert\u00e9sz\",\"isPartOf\":{\"@id\":\"https:\\\/\\\/tajkertesz.com\\\/#website\"},\"primaryImageOfPage\":{\"@id\":\"https:\\\/\\\/tajkertesz.com\\\/termek\\\/lilium-honeymoon-oriasviragu-liliom-halvanysarga\\\/#primaryimage\"},\"image\":{\"@id\":\"https:\\\/\\\/tajkertesz.com\\\/termek\\\/lilium-honeymoon-oriasviragu-liliom-halvanysarga\\\/#primaryimage\"},\"thumbnailUrl\":\"https:\\\/\\\/tajkertesz.com\\\/wp-content\\\/uploads\\\/2022\\\/02\\\/Liliom-honeymoon.jpg\",\"datePublished\":\"2022-02-21T13:29:06+00:00\",\"dateModified\":\"2026-04-03T10:41:37+00:00\",\"description\":\"A Lilium honeymoon - \u00d3ri\u00e1svir\u00e1g\u00fa liliom (halv\u00e1nys\u00e1rga) egy kertb\u0151l sem hi\u00e1nyozhat.\u00a0M\u00e9ret\u00e9n\u00e9l fogva egy extra k\u00fcl\u00f6nlegess\u00e9g!!!\",\"breadcrumb\":{\"@id\":\"https:\\\/\\\/tajkertesz.com\\\/termek\\\/lilium-honeymoon-oriasviragu-liliom-halvanysarga\\\/#breadcrumb\"},\"inLanguage\":\"en-US\",\"potentialAction\":[{\"@type\":\"ReadAction\",\"target\":[\"https:\\\/\\\/tajkertesz.com\\\/termek\\\/lilium-honeymoon-oriasviragu-liliom-halvanysarga\\\/\"]}]},{\"@type\":\"ImageObject\",\"inLanguage\":\"en-US\",\"@id\":\"https:\\\/\\\/tajkertesz.com\\\/termek\\\/lilium-honeymoon-oriasviragu-liliom-halvanysarga\\\/#primaryimage\",\"url\":\"https:\\\/\\\/tajkertesz.com\\\/wp-content\\\/uploads\\\/2022\\\/02\\\/Liliom-honeymoon.jpg\",\"contentUrl\":\"https:\\\/\\\/tajkertesz.com\\\/wp-content\\\/uploads\\\/2022\\\/02\\\/Liliom-honeymoon.jpg\",\"width\":370,\"height\":623},{\"@type\":\"BreadcrumbList\",\"@id\":\"https:\\\/\\\/tajkertesz.com\\\/termek\\\/lilium-honeymoon-oriasviragu-liliom-halvanysarga\\\/#breadcrumb\",\"itemListElement\":[{\"@type\":\"ListItem\",\"position\":1,\"name\":\"Home\",\"item\":\"https:\\\/\\\/tajkertesz.com\\\/\"},{\"@type\":\"ListItem\",\"position\":2,\"name\":\"Kezd\u0151lap\",\"item\":\"https:\\\/\\\/tajkertesz.com\\\/\"},{\"@type\":\"ListItem\",\"position\":3,\"name\":\"Lilium honeymoon &#8211; \u00d3ri\u00e1svir\u00e1g\u00fa liliom (halv\u00e1nys\u00e1rga)\"}]},{\"@type\":\"WebSite\",\"@id\":\"https:\\\/\\\/tajkertesz.com\\\/#website\",\"url\":\"https:\\\/\\\/tajkertesz.com\\\/\",\"name\":\"T\u00e1j-Kert\u00e9sz 84 Kft.\",\"description\":\"Kert\u00e9szeti kis- \u00e9s nagykeresked\u00e9s, D\u00edszn\u00f6v\u00e9ny web\u00e1ruh\u00e1z orsz\u00e1gos h\u00e1zhozsz\u00e1ll\u00edt\u00e1ssal!\",\"publisher\":{\"@id\":\"https:\\\/\\\/tajkertesz.com\\\/#organization\"},\"potentialAction\":[{\"@type\":\"SearchAction\",\"target\":{\"@type\":\"EntryPoint\",\"urlTemplate\":\"https:\\\/\\\/tajkertesz.com\\\/?s={search_term_string}\"},\"query-input\":{\"@type\":\"PropertyValueSpecification\",\"valueRequired\":true,\"valueName\":\"search_term_string\"}}],\"inLanguage\":\"en-US\"},{\"@type\":\"Organization\",\"@id\":\"https:\\\/\\\/tajkertesz.com\\\/#organization\",\"name\":\"T\u00e1j-Kert\u00e9sz 84 Kft.\",\"url\":\"https:\\\/\\\/tajkertesz.com\\\/\",\"logo\":{\"@type\":\"ImageObject\",\"inLanguage\":\"en-US\",\"@id\":\"https:\\\/\\\/tajkertesz.com\\\/#\\\/schema\\\/logo\\\/image\\\/\",\"url\":\"https:\\\/\\\/tajkertesz.com\\\/wp-content\\\/uploads\\\/2018\\\/02\\\/logo-2-e1518678052539.png\",\"contentUrl\":\"https:\\\/\\\/tajkertesz.com\\\/wp-content\\\/uploads\\\/2018\\\/02\\\/logo-2-e1518678052539.png\",\"width\":81,\"height\":140,\"caption\":\"T\u00e1j-Kert\u00e9sz 84 Kft.\"},\"image\":{\"@id\":\"https:\\\/\\\/tajkertesz.com\\\/#\\\/schema\\\/logo\\\/image\\\/\"},\"sameAs\":[\"https:\\\/\\\/www.facebook.com\\\/Tajkertesz\\\/\"]}]}<\/script>\n<!-- \/ Yoast SEO plugin. -->","yoast_head_json":{"title":"Lilium honeymoon - \u00d3ri\u00e1svir\u00e1g\u00fa liliom (halv\u00e1nys\u00e1rga) - T\u00e1jkert\u00e9sz","description":"A Lilium honeymoon - \u00d3ri\u00e1svir\u00e1g\u00fa liliom (halv\u00e1nys\u00e1rga) egy kertb\u0151l sem hi\u00e1nyozhat.\u00a0M\u00e9ret\u00e9n\u00e9l fogva egy extra k\u00fcl\u00f6nlegess\u00e9g!!!","robots":{"index":"index","follow":"follow","max-snippet":"max-snippet:-1","max-image-preview":"max-image-preview:large","max-video-preview":"max-video-preview:-1"},"canonical":"https:\/\/tajkertesz.com\/en_US\/product\/lilium-honeymoon-oriasviragu-liliom-halvanysarga\/","og_locale":"en_US","og_type":"article","og_title":"Lilium honeymoon - \u00d3ri\u00e1svir\u00e1g\u00fa liliom (halv\u00e1nys\u00e1rga) - T\u00e1jkert\u00e9sz","og_description":"A Lilium honeymoon - \u00d3ri\u00e1svir\u00e1g\u00fa liliom (halv\u00e1nys\u00e1rga) egy kertb\u0151l sem hi\u00e1nyozhat.\u00a0M\u00e9ret\u00e9n\u00e9l fogva egy extra k\u00fcl\u00f6nlegess\u00e9g!!!","og_url":"https:\/\/tajkertesz.com\/en_US\/product\/lilium-honeymoon-oriasviragu-liliom-halvanysarga\/","og_site_name":"T\u00e1jkert\u00e9sz","article_publisher":"https:\/\/www.facebook.com\/Tajkertesz\/","article_modified_time":"2026-04-03T10:41:37+00:00","og_image":[{"width":370,"height":623,"url":"https:\/\/tajkertesz.com\/wp-content\/uploads\/2022\/02\/Liliom-honeymoon.jpg","type":"image\/jpeg"}],"twitter_card":"summary_large_image","twitter_misc":{"Est. reading time":"2 minutes"},"schema":{"@context":"https:\/\/schema.org","@graph":[{"@type":"WebPage","@id":"https:\/\/tajkertesz.com\/termek\/lilium-honeymoon-oriasviragu-liliom-halvanysarga\/","url":"https:\/\/tajkertesz.com\/termek\/lilium-honeymoon-oriasviragu-liliom-halvanysarga\/","name":"Lilium honeymoon - \u00d3ri\u00e1svir\u00e1g\u00fa liliom (halv\u00e1nys\u00e1rga) - T\u00e1jkert\u00e9sz","isPartOf":{"@id":"https:\/\/tajkertesz.com\/#website"},"primaryImageOfPage":{"@id":"https:\/\/tajkertesz.com\/termek\/lilium-honeymoon-oriasviragu-liliom-halvanysarga\/#primaryimage"},"image":{"@id":"https:\/\/tajkertesz.com\/termek\/lilium-honeymoon-oriasviragu-liliom-halvanysarga\/#primaryimage"},"thumbnailUrl":"https:\/\/tajkertesz.com\/wp-content\/uploads\/2022\/02\/Liliom-honeymoon.jpg","datePublished":"2022-02-21T13:29:06+00:00","dateModified":"2026-04-03T10:41:37+00:00","description":"A Lilium honeymoon - \u00d3ri\u00e1svir\u00e1g\u00fa liliom (halv\u00e1nys\u00e1rga) egy kertb\u0151l sem hi\u00e1nyozhat.\u00a0M\u00e9ret\u00e9n\u00e9l fogva egy extra k\u00fcl\u00f6nlegess\u00e9g!!!","breadcrumb":{"@id":"https:\/\/tajkertesz.com\/termek\/lilium-honeymoon-oriasviragu-liliom-halvanysarga\/#breadcrumb"},"inLanguage":"en-US","potentialAction":[{"@type":"ReadAction","target":["https:\/\/tajkertesz.com\/termek\/lilium-honeymoon-oriasviragu-liliom-halvanysarga\/"]}]},{"@type":"ImageObject","inLanguage":"en-US","@id":"https:\/\/tajkertesz.com\/termek\/lilium-honeymoon-oriasviragu-liliom-halvanysarga\/#primaryimage","url":"https:\/\/tajkertesz.com\/wp-content\/uploads\/2022\/02\/Liliom-honeymoon.jpg","contentUrl":"https:\/\/tajkertesz.com\/wp-content\/uploads\/2022\/02\/Liliom-honeymoon.jpg","width":370,"height":623},{"@type":"BreadcrumbList","@id":"https:\/\/tajkertesz.com\/termek\/lilium-honeymoon-oriasviragu-liliom-halvanysarga\/#breadcrumb","itemListElement":[{"@type":"ListItem","position":1,"name":"Home","item":"https:\/\/tajkertesz.com\/"},{"@type":"ListItem","position":2,"name":"Kezd\u0151lap","item":"https:\/\/tajkertesz.com\/"},{"@type":"ListItem","position":3,"name":"Lilium honeymoon &#8211; \u00d3ri\u00e1svir\u00e1g\u00fa liliom (halv\u00e1nys\u00e1rga)"}]},{"@type":"WebSite","@id":"https:\/\/tajkertesz.com\/#website","url":"https:\/\/tajkertesz.com\/","name":"T\u00e1j-Kert\u00e9sz 84 Kft.","description":"Kert\u00e9szeti kis- \u00e9s nagykeresked\u00e9s, D\u00edszn\u00f6v\u00e9ny web\u00e1ruh\u00e1z orsz\u00e1gos h\u00e1zhozsz\u00e1ll\u00edt\u00e1ssal!","publisher":{"@id":"https:\/\/tajkertesz.com\/#organization"},"potentialAction":[{"@type":"SearchAction","target":{"@type":"EntryPoint","urlTemplate":"https:\/\/tajkertesz.com\/?s={search_term_string}"},"query-input":{"@type":"PropertyValueSpecification","valueRequired":true,"valueName":"search_term_string"}}],"inLanguage":"en-US"},{"@type":"Organization","@id":"https:\/\/tajkertesz.com\/#organization","name":"T\u00e1j-Kert\u00e9sz 84 Kft.","url":"https:\/\/tajkertesz.com\/","logo":{"@type":"ImageObject","inLanguage":"en-US","@id":"https:\/\/tajkertesz.com\/#\/schema\/logo\/image\/","url":"https:\/\/tajkertesz.com\/wp-content\/uploads\/2018\/02\/logo-2-e1518678052539.png","contentUrl":"https:\/\/tajkertesz.com\/wp-content\/uploads\/2018\/02\/logo-2-e1518678052539.png","width":81,"height":140,"caption":"T\u00e1j-Kert\u00e9sz 84 Kft."},"image":{"@id":"https:\/\/tajkertesz.com\/#\/schema\/logo\/image\/"},"sameAs":["https:\/\/www.facebook.com\/Tajkertesz\/"]}]}},"_links":{"self":[{"href":"https:\/\/tajkertesz.com\/en_US\/wp-json\/wp\/v2\/product\/12504","targetHints":{"allow":["GET"]}}],"collection":[{"href":"https:\/\/tajkertesz.com\/en_US\/wp-json\/wp\/v2\/product"}],"about":[{"href":"https:\/\/tajkertesz.com\/en_US\/wp-json\/wp\/v2\/types\/product"}],"wp:featuredmedia":[{"embeddable":true,"href":"https:\/\/tajkertesz.com\/en_US\/wp-json\/wp\/v2\/media\/12505"}],"wp:attachment":[{"href":"https:\/\/tajkertesz.com\/en_US\/wp-json\/wp\/v2\/media?parent=12504"}],"wp:term":[{"taxonomy":"product_brand","embeddable":true,"href":"https:\/\/tajkertesz.com\/en_US\/wp-json\/wp\/v2\/product_brand?post=12504"},{"taxonomy":"product_cat","embeddable":true,"href":"https:\/\/tajkertesz.com\/en_US\/wp-json\/wp\/v2\/product_cat?post=12504"},{"taxonomy":"product_tag","embeddable":true,"href":"https:\/\/tajkertesz.com\/en_US\/wp-json\/wp\/v2\/product_tag?post=12504"}],"curies":[{"name":"wp","href":"https:\/\/api.w.org\/{rel}","templated":true}]}}