{"id":1251,"date":"2020-03-10T13:24:52","date_gmt":"2020-03-10T13:24:52","guid":{"rendered":"https:\/\/tajkertesz.com\/?post_type=product&#038;p=1251"},"modified":"2023-11-27T14:13:18","modified_gmt":"2023-11-27T14:13:18","slug":"cornus-alba-sibirica-variegata","status":"publish","type":"product","link":"https:\/\/tajkertesz.com\/en_US\/product\/cornus-alba-sibirica-variegata\/","title":{"rendered":"Cornus alba &#8216;Sibirica Variegata&#8217; ,Feh\u00e9rtarka som"},"content":{"rendered":"<h3>Cornus alba &#8216;Sibirica Variegata&#8217; ,Feh\u00e9rtarka som<\/h3>\n<p>A Cornus alba &#8216;Sibirica Variegata&#8217; ,Feh\u00e9rtarka som 2-2,5 m\u00e9ter magas n\u00f6v\u00e9ny. Levelei sz\u00fcrk\u00e9sz\u00f6ldek, feh\u00e9r cs\u00edkokkal.<\/p>\n<p>Mutat\u00f3s levelei \u00e9s t\u00e9li korall piros vessz\u0151i miatt minden kert d\u00edsze lehet.<\/p>\n<p>Szoliterk\u00e9nt, de s\u00f6v\u00e9nyk\u00e9nt is kit\u0171n\u0151en alkalmazhat\u00f3.<\/p>\n<p>Mivel a h\u00f3val takart id\u0151szakban gy\u00f6ny\u00f6r\u0171en mutat \u00edgy a metsz\u00e9s\u00e9t kora tavasszal a lombfakad\u00e1s el\u0151tt v\u00e9gezz\u00fck el.<\/p>\n<p>Kb. 40 cm<\/p>\n<p style=\"line-height: 18.0pt; background: white; margin: 0cm 0cm 15.0pt 0cm;\"><b><span style=\"font-family: 'Ubuntu',serif; color: black;\">K\u00e9szlet\u00fcnk napi szinten v\u00e1ltozik, ez\u00e9rt k\u00e9rj\u00fck, \u00e9rdekl\u0151dj\u00f6n szem\u00e9lyesen, telefonon vagy email-en.<br \/>\nA v\u00e1ltoztat\u00e1s jog\u00e1t fenntartjuk!\u00a0<\/span><\/b><\/p>\n<p><a href=\"https:\/\/tajkertesz.com\/\">https:\/\/tajkertesz.com\/<\/a><\/p>\n<p><a href=\"https:\/\/en.wikipedia.org\/wiki\/Cornus\">https:\/\/en.wikipedia.org\/wiki\/Cornus<\/a><\/p>\n<p><span style=\"color: #ffffff;\"><span id=\"El\u0151fordul\u00e1sa\" class=\"mw-headline\">El\u0151fordul\u00e1sa<\/span><span class=\"mw-editsection\"><span class=\"mw-editsection-bracket\">[<\/span><a style=\"color: #ffffff;\" title=\"Szakasz szerkeszt\u00e9se: El\u0151fordul\u00e1sa\" href=\"https:\/\/hu.wikipedia.org\/w\/index.php?title=Feh%C3%A9r_som&amp;action=edit&amp;section=1\">szerkeszt\u00e9s<\/a><span class=\"mw-editsection-bracket\">]<\/span><\/span><\/span><\/p>\n<p><span style=\"color: #ffffff;\">A feh\u00e9r som\u00a0<a style=\"color: #ffffff;\" title=\"Oroszorsz\u00e1g\" href=\"https:\/\/hu.wikipedia.org\/wiki\/Oroszorsz%C3%A1g\">Oroszorsz\u00e1g<\/a>\u00a0eur\u00f3pai \u00e9s\u00a0<a style=\"color: #ffffff;\" title=\"Szib\u00e9ria\" href=\"https:\/\/hu.wikipedia.org\/wiki\/Szib%C3%A9ria\">szib\u00e9riai<\/a>\u00a0r\u00e9szein, \u00c9szak-<a style=\"color: #ffffff;\" title=\"K\u00edna\" href=\"https:\/\/hu.wikipedia.org\/wiki\/K%C3%ADna\">K\u00edn\u00e1ban<\/a>,\u00a0<a style=\"color: #ffffff;\" title=\"Mong\u00f3lia\" href=\"https:\/\/hu.wikipedia.org\/wiki\/Mong%C3%B3lia\">Mong\u00f3li\u00e1ban<\/a>\u00a0\u00e9s\u00a0<a style=\"color: #ffffff;\" title=\"Koreai-f\u00e9lsziget\" href=\"https:\/\/hu.wikipedia.org\/wiki\/Koreai-f%C3%A9lsziget\">Koreai-f\u00e9lszigeten<\/a>\u00a0\u0151shonos. Mint d\u00edszcserj\u00e9t, az eg\u00e9sz vil\u00e1gra betelep\u00edtett\u00e9k.<\/span><\/p>\n<p><span style=\"color: #ffffff;\"><span id=\"Megjelen.C3.A9se\"><\/span><span id=\"Megjelen\u00e9se\" class=\"mw-headline\">Megjelen\u00e9se<\/span><span class=\"mw-editsection\"><span class=\"mw-editsection-bracket\">[<\/span><a style=\"color: #ffffff;\" title=\"Szakasz szerkeszt\u00e9se: Megjelen\u00e9se\" href=\"https:\/\/hu.wikipedia.org\/w\/index.php?title=Feh%C3%A9r_som&amp;action=edit&amp;section=3\">szerkeszt\u00e9s<\/a><span class=\"mw-editsection-bracket\">]<\/span><\/span><\/span><\/p>\n<p><span style=\"color: #ffffff;\">Terjed\u0151 t\u00f6v\u0171\u00a0<a style=\"color: #ffffff;\" title=\"Cserje\" href=\"https:\/\/hu.wikipedia.org\/wiki\/Cserje\">cserje<\/a>, el\u00e9ri egy kisebb fa m\u00e9ret\u00e9t is. D\u00edszcserjek\u00e9nt haszn\u00e1lva a feh\u00e9r som v\u00f6r\u00f6s \u00e1gai \u0151szt\u0151l k\u00e9s\u0151 t\u00e9lig j\u00f3l mutatnak a kertekben \u00e9s parkokban.<sup id=\"cite_ref-3\" class=\"reference\"><a style=\"color: #ffffff;\" href=\"https:\/\/hu.wikipedia.org\/wiki\/Feh%C3%A9r_som#cite_note-3\">[3]<\/a><\/sup>\u00a0A\u00a0<i>C. alba<\/i>\u00a0\u2018Elegantissima\u2019 termesztett v\u00e1ltozatnak\u00a0<a style=\"color: #ffffff;\" title=\"Lev\u00e9l (botanika)\" href=\"https:\/\/hu.wikipedia.org\/wiki\/Lev%C3%A9l_(botanika)\">levelei<\/a>\u00a0annyira sz\u00ednesek, hogy a feh\u00e9r vir\u00e1gai, amelyek lapos \u00e1lerny\u0151kben ny\u00edlnak, alig vehet\u0151k \u00e9szre. A termesztett v\u00e1ltozat kisebb, mint a vadon \u00e9l\u0151 n\u00f6v\u00e9ny, csak 3 m\u00e9teresre n\u0151 meg. A fiatal hajt\u00e1sok \u00e9l\u00e9nkebb v\u00f6r\u00f6sek, mint az \u00f6regebb hajt\u00e1sok. Emiatt hogy j\u00f3l mutassanak, k\u00e9s\u0151 t\u00e9len, miel\u0151tt kir\u00fcgyezik a cserje, az \u00f6reg hajt\u00e1sokat t\u00f6vig le kell v\u00e1gni. Az \u00f6reg hajt\u00e1sok k\u00e9rge durva tapint\u00e1s\u00fa lesz.<\/span><\/p>\n<h3><span style=\"color: #ffffff;\"><span id=\"El\u0151fordul\u00e1sa\" class=\"mw-headline\">El\u0151fordul\u00e1sa:<\/span><\/span><\/h3>\n<p><span style=\"color: #ffffff;\">A feh\u00e9r som\u00a0<a style=\"color: #ffffff;\" title=\"Oroszorsz\u00e1g\" href=\"https:\/\/hu.wikipedia.org\/wiki\/Oroszorsz%C3%A1g\">Oroszorsz\u00e1g<\/a>\u00a0eur\u00f3pai \u00e9s\u00a0<a style=\"color: #ffffff;\" title=\"Szib\u00e9ria\" href=\"https:\/\/hu.wikipedia.org\/wiki\/Szib%C3%A9ria\">szib\u00e9riai<\/a>\u00a0r\u00e9szein, \u00c9szak-<a style=\"color: #ffffff;\" title=\"K\u00edna\" href=\"https:\/\/hu.wikipedia.org\/wiki\/K%C3%ADna\">K\u00edn\u00e1ban<\/a>,\u00a0<a style=\"color: #ffffff;\" title=\"Mong\u00f3lia\" href=\"https:\/\/hu.wikipedia.org\/wiki\/Mong%C3%B3lia\">Mong\u00f3li\u00e1ban<\/a>\u00a0\u00e9s\u00a0<a style=\"color: #ffffff;\" title=\"Koreai-f\u00e9lsziget\" href=\"https:\/\/hu.wikipedia.org\/wiki\/Koreai-f%C3%A9lsziget\">Koreai-f\u00e9lszigeten<\/a>\u00a0\u0151shonos. Mint d\u00edszcserj\u00e9t, az eg\u00e9sz vil\u00e1gra betelep\u00edtett\u00e9k.<\/span><\/p>\n<p><span style=\"color: #ffffff;\"><span id=\"Termesztett_v.C3.A1ltozata\"><\/span><span id=\"Termesztett_v\u00e1ltozata\" class=\"mw-headline\">Termesztett v\u00e1ltozata<\/span><span class=\"mw-editsection\"><span class=\"mw-editsection-bracket\">[<\/span><a style=\"color: #ffffff;\" title=\"Szakasz szerkeszt\u00e9se: Termesztett v\u00e1ltozata\" href=\"https:\/\/hu.wikipedia.org\/w\/index.php?title=Feh%C3%A9r_som&amp;action=edit&amp;section=2\">szerkeszt\u00e9s<\/a><span class=\"mw-editsection-bracket\">]<\/span><\/span><\/span><\/p>\n<h3><span style=\"color: #ffffff;\"><span id=\"Megjelen.C3.A9se\"><\/span><span id=\"Megjelen\u00e9se\" class=\"mw-headline\">Megjelen\u00e9se<\/span><\/span><\/h3>\n<p><span style=\"color: #ffffff;\">Terjed\u0151 t\u00f6v\u0171\u00a0<a style=\"color: #ffffff;\" title=\"Cserje\" href=\"https:\/\/hu.wikipedia.org\/wiki\/Cserje\">cserje<\/a>, el\u00e9ri egy kisebb fa m\u00e9ret\u00e9t is. D\u00edszcserjek\u00e9nt haszn\u00e1lva a feh\u00e9r som v\u00f6r\u00f6s \u00e1gai \u0151szt\u0151l k\u00e9s\u0151 t\u00e9lig j\u00f3l mutatnak a kertekben \u00e9s parkokban.<sup id=\"cite_ref-3\" class=\"reference\"><a style=\"color: #ffffff;\" href=\"https:\/\/hu.wikipedia.org\/wiki\/Feh%C3%A9r_som#cite_note-3\">[3]<\/a><\/sup>\u00a0A\u00a0<i>C. alba<\/i>\u00a0\u2018Elegantissima\u2019 termesztett v\u00e1ltozatnak\u00a0<a style=\"color: #ffffff;\" title=\"Lev\u00e9l (botanika)\" href=\"https:\/\/hu.wikipedia.org\/wiki\/Lev%C3%A9l_(botanika)\">levelei<\/a>\u00a0annyira sz\u00ednesek, hogy a feh\u00e9r vir\u00e1gai, amelyek lapos \u00e1lerny\u0151kben ny\u00edlnak, alig vehet\u0151k \u00e9szre. A termesztett v\u00e1ltozat kisebb, mint a vadon \u00e9l\u0151 n\u00f6v\u00e9ny, csak 3 m\u00e9teresre n\u0151 meg. A fiatal hajt\u00e1sok \u00e9l\u00e9nkebb v\u00f6r\u00f6sek, mint az \u00f6regebb hajt\u00e1sok. Emiatt hogy j\u00f3l mutassanak, k\u00e9s\u0151 t\u00e9len, miel\u0151tt kir\u00fcgyezik a cserje, az \u00f6reg hajt\u00e1sokat t\u00f6vig le kell v\u00e1gni. Az \u00f6reg hajt\u00e1sok k\u00e9rge durva tapint\u00e1s\u00fa lesz.<\/span><\/p>\n<p>&nbsp;<\/p>\n<p>&nbsp;<\/p>\n","protected":false},"excerpt":{"rendered":"<p>A Cornus alba &#8216;Sibirica Variegata&#8217; ,Feh\u00e9rtarka som 2-2,5 m\u00e9ter magas n\u00f6v\u00e9ny. Levelei sz\u00fcrk\u00e9sz\u00f6ldek, feh\u00e9r cs\u00edkokkal.<\/p>\n<p>Mutat\u00f3s levelei \u00e9s t\u00e9li korall piros vessz\u0151i miatt minden kert d\u00edsze lehet.<\/p>\n<p>Szoliterk\u00e9nt, de s\u00f6v\u00e9nyk\u00e9nt is kit\u0171n\u0151en alkalmazhat\u00f3.<\/p>\n<p>Mivel a h\u00f3val takart id\u0151szakban gy\u00f6ny\u00f6r\u0171en mutat \u00edgy a metsz\u00e9s\u00e9t kora tavasszal a lombfakad\u00e1s el\u0151tt v\u00e9gezz\u00fck el.<\/p>","protected":false},"featured_media":5653,"template":"","meta":{"_et_pb_use_builder":"","_et_pb_old_content":"","_et_gb_content_width":""},"product_brand":[],"product_cat":[27],"product_tag":[279,278,218,280],"class_list":{"0":"post-1251","1":"product","2":"type-product","3":"status-publish","4":"has-post-thumbnail","6":"product_cat-cserjek","7":"product_tag-cornus-alba-sibirica-variegata","8":"product_tag-fehertarka-som","9":"product_tag-som","10":"product_tag-tarka-som","12":"first","13":"outofstock","14":"shipping-taxable","15":"product-type-simple"},"yoast_head":"<!-- This site is optimized with the Yoast SEO plugin v27.3 - https:\/\/yoast.com\/product\/yoast-seo-wordpress\/ -->\n<title>Cornus alba &#039;Sibirica Variegata&#039; ,Feh\u00e9rtarka som - T\u00e1jkert\u00e9sz<\/title>\n<meta name=\"description\" content=\"Cornus alba &#039;Sibirica Variegata&#039; ,Feh\u00e9rtarka som 2-2,5 m\u00e9ter magas n\u00f6v\u00e9ny. Levelei sz\u00fcrk\u00e9sz\u00f6ldek, feh\u00e9r cs\u00edkokkal. T\u00e9len piros sz\u00ednben vir\u00edt.\" \/>\n<meta name=\"robots\" content=\"index, follow, max-snippet:-1, max-image-preview:large, max-video-preview:-1\" \/>\n<link rel=\"canonical\" href=\"https:\/\/tajkertesz.com\/en_US\/product\/cornus-alba-sibirica-variegata\/\" \/>\n<meta property=\"og:locale\" content=\"en_US\" \/>\n<meta property=\"og:type\" content=\"article\" \/>\n<meta property=\"og:title\" content=\"Cornus alba &#039;Sibirica Variegata&#039; ,Feh\u00e9rtarka som - T\u00e1jkert\u00e9sz\" \/>\n<meta property=\"og:description\" content=\"Cornus alba &#039;Sibirica Variegata&#039; ,Feh\u00e9rtarka som 2-2,5 m\u00e9ter magas n\u00f6v\u00e9ny. Levelei sz\u00fcrk\u00e9sz\u00f6ldek, feh\u00e9r cs\u00edkokkal. T\u00e9len piros sz\u00ednben vir\u00edt.\" \/>\n<meta property=\"og:url\" content=\"https:\/\/tajkertesz.com\/en_US\/product\/cornus-alba-sibirica-variegata\/\" \/>\n<meta property=\"og:site_name\" content=\"T\u00e1jkert\u00e9sz\" \/>\n<meta property=\"article:publisher\" content=\"https:\/\/www.facebook.com\/Tajkertesz\/\" \/>\n<meta property=\"article:modified_time\" content=\"2023-11-27T14:13:18+00:00\" \/>\n<meta property=\"og:image\" content=\"https:\/\/tajkertesz.com\/wp-content\/uploads\/2020\/03\/IMG_20210527_102152.jpg\" \/>\n\t<meta property=\"og:image:width\" content=\"358\" \/>\n\t<meta property=\"og:image:height\" content=\"480\" \/>\n\t<meta property=\"og:image:type\" content=\"image\/jpeg\" \/>\n<meta name=\"twitter:card\" content=\"summary_large_image\" \/>\n<meta name=\"twitter:label1\" content=\"Est. reading time\" \/>\n\t<meta name=\"twitter:data1\" content=\"2 minutes\" \/>\n<script type=\"application\/ld+json\" class=\"yoast-schema-graph\">{\"@context\":\"https:\\\/\\\/schema.org\",\"@graph\":[{\"@type\":\"WebPage\",\"@id\":\"https:\\\/\\\/tajkertesz.com\\\/termek\\\/cornus-alba-sibirica-variegata\\\/\",\"url\":\"https:\\\/\\\/tajkertesz.com\\\/termek\\\/cornus-alba-sibirica-variegata\\\/\",\"name\":\"Cornus alba 'Sibirica Variegata' ,Feh\u00e9rtarka som - T\u00e1jkert\u00e9sz\",\"isPartOf\":{\"@id\":\"https:\\\/\\\/tajkertesz.com\\\/#website\"},\"primaryImageOfPage\":{\"@id\":\"https:\\\/\\\/tajkertesz.com\\\/termek\\\/cornus-alba-sibirica-variegata\\\/#primaryimage\"},\"image\":{\"@id\":\"https:\\\/\\\/tajkertesz.com\\\/termek\\\/cornus-alba-sibirica-variegata\\\/#primaryimage\"},\"thumbnailUrl\":\"https:\\\/\\\/tajkertesz.com\\\/wp-content\\\/uploads\\\/2020\\\/03\\\/IMG_20210527_102152.jpg\",\"datePublished\":\"2020-03-10T13:24:52+00:00\",\"dateModified\":\"2023-11-27T14:13:18+00:00\",\"description\":\"Cornus alba 'Sibirica Variegata' ,Feh\u00e9rtarka som 2-2,5 m\u00e9ter magas n\u00f6v\u00e9ny. Levelei sz\u00fcrk\u00e9sz\u00f6ldek, feh\u00e9r cs\u00edkokkal. T\u00e9len piros sz\u00ednben vir\u00edt.\",\"breadcrumb\":{\"@id\":\"https:\\\/\\\/tajkertesz.com\\\/termek\\\/cornus-alba-sibirica-variegata\\\/#breadcrumb\"},\"inLanguage\":\"en-US\",\"potentialAction\":[{\"@type\":\"ReadAction\",\"target\":[\"https:\\\/\\\/tajkertesz.com\\\/termek\\\/cornus-alba-sibirica-variegata\\\/\"]}]},{\"@type\":\"ImageObject\",\"inLanguage\":\"en-US\",\"@id\":\"https:\\\/\\\/tajkertesz.com\\\/termek\\\/cornus-alba-sibirica-variegata\\\/#primaryimage\",\"url\":\"https:\\\/\\\/tajkertesz.com\\\/wp-content\\\/uploads\\\/2020\\\/03\\\/IMG_20210527_102152.jpg\",\"contentUrl\":\"https:\\\/\\\/tajkertesz.com\\\/wp-content\\\/uploads\\\/2020\\\/03\\\/IMG_20210527_102152.jpg\",\"width\":358,\"height\":480,\"caption\":\"hdr\"},{\"@type\":\"BreadcrumbList\",\"@id\":\"https:\\\/\\\/tajkertesz.com\\\/termek\\\/cornus-alba-sibirica-variegata\\\/#breadcrumb\",\"itemListElement\":[{\"@type\":\"ListItem\",\"position\":1,\"name\":\"Home\",\"item\":\"https:\\\/\\\/tajkertesz.com\\\/\"},{\"@type\":\"ListItem\",\"position\":2,\"name\":\"Kezd\u0151lap\",\"item\":\"https:\\\/\\\/tajkertesz.com\\\/\"},{\"@type\":\"ListItem\",\"position\":3,\"name\":\"Cornus alba &#8216;Sibirica Variegata&#8217; ,Feh\u00e9rtarka som\"}]},{\"@type\":\"WebSite\",\"@id\":\"https:\\\/\\\/tajkertesz.com\\\/#website\",\"url\":\"https:\\\/\\\/tajkertesz.com\\\/\",\"name\":\"T\u00e1j-Kert\u00e9sz 84 Kft.\",\"description\":\"Kert\u00e9szeti kis- \u00e9s nagykeresked\u00e9s, D\u00edszn\u00f6v\u00e9ny web\u00e1ruh\u00e1z orsz\u00e1gos h\u00e1zhozsz\u00e1ll\u00edt\u00e1ssal!\",\"publisher\":{\"@id\":\"https:\\\/\\\/tajkertesz.com\\\/#organization\"},\"potentialAction\":[{\"@type\":\"SearchAction\",\"target\":{\"@type\":\"EntryPoint\",\"urlTemplate\":\"https:\\\/\\\/tajkertesz.com\\\/?s={search_term_string}\"},\"query-input\":{\"@type\":\"PropertyValueSpecification\",\"valueRequired\":true,\"valueName\":\"search_term_string\"}}],\"inLanguage\":\"en-US\"},{\"@type\":\"Organization\",\"@id\":\"https:\\\/\\\/tajkertesz.com\\\/#organization\",\"name\":\"T\u00e1j-Kert\u00e9sz 84 Kft.\",\"url\":\"https:\\\/\\\/tajkertesz.com\\\/\",\"logo\":{\"@type\":\"ImageObject\",\"inLanguage\":\"en-US\",\"@id\":\"https:\\\/\\\/tajkertesz.com\\\/#\\\/schema\\\/logo\\\/image\\\/\",\"url\":\"https:\\\/\\\/tajkertesz.com\\\/wp-content\\\/uploads\\\/2018\\\/02\\\/logo-2-e1518678052539.png\",\"contentUrl\":\"https:\\\/\\\/tajkertesz.com\\\/wp-content\\\/uploads\\\/2018\\\/02\\\/logo-2-e1518678052539.png\",\"width\":81,\"height\":140,\"caption\":\"T\u00e1j-Kert\u00e9sz 84 Kft.\"},\"image\":{\"@id\":\"https:\\\/\\\/tajkertesz.com\\\/#\\\/schema\\\/logo\\\/image\\\/\"},\"sameAs\":[\"https:\\\/\\\/www.facebook.com\\\/Tajkertesz\\\/\"]}]}<\/script>\n<!-- \/ Yoast SEO plugin. -->","yoast_head_json":{"title":"Cornus alba 'Sibirica Variegata' ,Feh\u00e9rtarka som - T\u00e1jkert\u00e9sz","description":"Cornus alba 'Sibirica Variegata' ,Feh\u00e9rtarka som 2-2,5 m\u00e9ter magas n\u00f6v\u00e9ny. Levelei sz\u00fcrk\u00e9sz\u00f6ldek, feh\u00e9r cs\u00edkokkal. T\u00e9len piros sz\u00ednben vir\u00edt.","robots":{"index":"index","follow":"follow","max-snippet":"max-snippet:-1","max-image-preview":"max-image-preview:large","max-video-preview":"max-video-preview:-1"},"canonical":"https:\/\/tajkertesz.com\/en_US\/product\/cornus-alba-sibirica-variegata\/","og_locale":"en_US","og_type":"article","og_title":"Cornus alba 'Sibirica Variegata' ,Feh\u00e9rtarka som - T\u00e1jkert\u00e9sz","og_description":"Cornus alba 'Sibirica Variegata' ,Feh\u00e9rtarka som 2-2,5 m\u00e9ter magas n\u00f6v\u00e9ny. Levelei sz\u00fcrk\u00e9sz\u00f6ldek, feh\u00e9r cs\u00edkokkal. T\u00e9len piros sz\u00ednben vir\u00edt.","og_url":"https:\/\/tajkertesz.com\/en_US\/product\/cornus-alba-sibirica-variegata\/","og_site_name":"T\u00e1jkert\u00e9sz","article_publisher":"https:\/\/www.facebook.com\/Tajkertesz\/","article_modified_time":"2023-11-27T14:13:18+00:00","og_image":[{"width":358,"height":480,"url":"https:\/\/tajkertesz.com\/wp-content\/uploads\/2020\/03\/IMG_20210527_102152.jpg","type":"image\/jpeg"}],"twitter_card":"summary_large_image","twitter_misc":{"Est. reading time":"2 minutes"},"schema":{"@context":"https:\/\/schema.org","@graph":[{"@type":"WebPage","@id":"https:\/\/tajkertesz.com\/termek\/cornus-alba-sibirica-variegata\/","url":"https:\/\/tajkertesz.com\/termek\/cornus-alba-sibirica-variegata\/","name":"Cornus alba 'Sibirica Variegata' ,Feh\u00e9rtarka som - T\u00e1jkert\u00e9sz","isPartOf":{"@id":"https:\/\/tajkertesz.com\/#website"},"primaryImageOfPage":{"@id":"https:\/\/tajkertesz.com\/termek\/cornus-alba-sibirica-variegata\/#primaryimage"},"image":{"@id":"https:\/\/tajkertesz.com\/termek\/cornus-alba-sibirica-variegata\/#primaryimage"},"thumbnailUrl":"https:\/\/tajkertesz.com\/wp-content\/uploads\/2020\/03\/IMG_20210527_102152.jpg","datePublished":"2020-03-10T13:24:52+00:00","dateModified":"2023-11-27T14:13:18+00:00","description":"Cornus alba 'Sibirica Variegata' ,Feh\u00e9rtarka som 2-2,5 m\u00e9ter magas n\u00f6v\u00e9ny. Levelei sz\u00fcrk\u00e9sz\u00f6ldek, feh\u00e9r cs\u00edkokkal. T\u00e9len piros sz\u00ednben vir\u00edt.","breadcrumb":{"@id":"https:\/\/tajkertesz.com\/termek\/cornus-alba-sibirica-variegata\/#breadcrumb"},"inLanguage":"en-US","potentialAction":[{"@type":"ReadAction","target":["https:\/\/tajkertesz.com\/termek\/cornus-alba-sibirica-variegata\/"]}]},{"@type":"ImageObject","inLanguage":"en-US","@id":"https:\/\/tajkertesz.com\/termek\/cornus-alba-sibirica-variegata\/#primaryimage","url":"https:\/\/tajkertesz.com\/wp-content\/uploads\/2020\/03\/IMG_20210527_102152.jpg","contentUrl":"https:\/\/tajkertesz.com\/wp-content\/uploads\/2020\/03\/IMG_20210527_102152.jpg","width":358,"height":480,"caption":"hdr"},{"@type":"BreadcrumbList","@id":"https:\/\/tajkertesz.com\/termek\/cornus-alba-sibirica-variegata\/#breadcrumb","itemListElement":[{"@type":"ListItem","position":1,"name":"Home","item":"https:\/\/tajkertesz.com\/"},{"@type":"ListItem","position":2,"name":"Kezd\u0151lap","item":"https:\/\/tajkertesz.com\/"},{"@type":"ListItem","position":3,"name":"Cornus alba &#8216;Sibirica Variegata&#8217; ,Feh\u00e9rtarka som"}]},{"@type":"WebSite","@id":"https:\/\/tajkertesz.com\/#website","url":"https:\/\/tajkertesz.com\/","name":"T\u00e1j-Kert\u00e9sz 84 Kft.","description":"Kert\u00e9szeti kis- \u00e9s nagykeresked\u00e9s, D\u00edszn\u00f6v\u00e9ny web\u00e1ruh\u00e1z orsz\u00e1gos h\u00e1zhozsz\u00e1ll\u00edt\u00e1ssal!","publisher":{"@id":"https:\/\/tajkertesz.com\/#organization"},"potentialAction":[{"@type":"SearchAction","target":{"@type":"EntryPoint","urlTemplate":"https:\/\/tajkertesz.com\/?s={search_term_string}"},"query-input":{"@type":"PropertyValueSpecification","valueRequired":true,"valueName":"search_term_string"}}],"inLanguage":"en-US"},{"@type":"Organization","@id":"https:\/\/tajkertesz.com\/#organization","name":"T\u00e1j-Kert\u00e9sz 84 Kft.","url":"https:\/\/tajkertesz.com\/","logo":{"@type":"ImageObject","inLanguage":"en-US","@id":"https:\/\/tajkertesz.com\/#\/schema\/logo\/image\/","url":"https:\/\/tajkertesz.com\/wp-content\/uploads\/2018\/02\/logo-2-e1518678052539.png","contentUrl":"https:\/\/tajkertesz.com\/wp-content\/uploads\/2018\/02\/logo-2-e1518678052539.png","width":81,"height":140,"caption":"T\u00e1j-Kert\u00e9sz 84 Kft."},"image":{"@id":"https:\/\/tajkertesz.com\/#\/schema\/logo\/image\/"},"sameAs":["https:\/\/www.facebook.com\/Tajkertesz\/"]}]}},"_links":{"self":[{"href":"https:\/\/tajkertesz.com\/en_US\/wp-json\/wp\/v2\/product\/1251","targetHints":{"allow":["GET"]}}],"collection":[{"href":"https:\/\/tajkertesz.com\/en_US\/wp-json\/wp\/v2\/product"}],"about":[{"href":"https:\/\/tajkertesz.com\/en_US\/wp-json\/wp\/v2\/types\/product"}],"wp:featuredmedia":[{"embeddable":true,"href":"https:\/\/tajkertesz.com\/en_US\/wp-json\/wp\/v2\/media\/5653"}],"wp:attachment":[{"href":"https:\/\/tajkertesz.com\/en_US\/wp-json\/wp\/v2\/media?parent=1251"}],"wp:term":[{"taxonomy":"product_brand","embeddable":true,"href":"https:\/\/tajkertesz.com\/en_US\/wp-json\/wp\/v2\/product_brand?post=1251"},{"taxonomy":"product_cat","embeddable":true,"href":"https:\/\/tajkertesz.com\/en_US\/wp-json\/wp\/v2\/product_cat?post=1251"},{"taxonomy":"product_tag","embeddable":true,"href":"https:\/\/tajkertesz.com\/en_US\/wp-json\/wp\/v2\/product_tag?post=1251"}],"curies":[{"name":"wp","href":"https:\/\/api.w.org\/{rel}","templated":true}]}}