{"id":12518,"date":"2022-02-21T15:16:44","date_gmt":"2022-02-21T15:16:44","guid":{"rendered":"https:\/\/tajkertesz.com\/?post_type=product&#038;p=12518"},"modified":"2026-02-20T13:52:16","modified_gmt":"2026-02-20T13:52:16","slug":"liatris-mixed-fuzeres-diszcsorba","status":"publish","type":"product","link":"https:\/\/tajkertesz.com\/en_US\/product\/liatris-mixed-fuzeres-diszcsorba\/","title":{"rendered":"Liatris mixed \/ F\u00fcz\u00e9res d\u00edszcsorba"},"content":{"rendered":"<h1 class=\"product_title entry-title\">Liatris mixed \/ F\u00fcz\u00e9res d\u00edszcsorba<\/h1>\n<p>&nbsp;<\/p>\n<h1 class=\"product_title entry-title\">A Liatris mixed \/ F\u00fcz\u00e9res d\u00edszcsorba apr\u00f3 csillag alak\u00fa vir\u00e1gai, fel\u00fclr\u0151l lefel\u00e9 haladva ny\u00edlnak ki a f\u00fcz\u00e9rben.<\/h1>\n<p>\u00c9szak-Amerik\u00e1b\u00f3l sz\u00e1rmaz\u00f3, gum\u00f3s gy\u00f6kt\u00f6rzs\u0171 \u00e9vel\u0151.<\/p>\n<p>Fel\u00e1ll\u00f3 sz\u00e1r\u00e1n a levelek keskenysz\u00e1lasak, vir\u00e1gzata hossz\u00fa, t\u00f6m\u00f6tt, hengeres f\u00fcz\u00e9r.<\/p>\n<p>Term\u00e9keny j\u00f3 min\u0151s\u00e9g\u0171 kerti talajba, napos vagy f\u00e9l\u00e1rny\u00e9kos helyre, \u00e9vel\u0151\u00e1gyakba, vir\u00e1gszeg\u00e9lyekbe, kis csoportokba \u00fcltess\u00fck. \u00c9rdemes t\u00f6bb \u00e9vig egy helyben hagyni, \u00edgy \u00e9vr\u0151l \u00e9vre szebben vir\u00e1gzik. A n\u00f6v\u00e9ny \u00e1ttelel\u0151 r\u00e9sze t\u00e9len a szabadban, hely\u00e9n hagyhat\u00f3, a hagym\u00e1t, gum\u00f3t stb. nem sz\u00fcks\u00e9ges \u0151sszel felszedni. Amennyiben az \u00e1ttelelt n\u00f6v\u00e9ny\u00e1llom\u00e1ny t\u00fals\u00e1gosan els\u0171r\u0171s\u00f6d\u00f6tt, sz\u00e9toszt\u00e1suk, fel\u00faj\u00edt\u00e1suk, \u00e1t\u00fcltet\u00e9s\u00fck a ny\u00e1ri h\u00f3napokban v\u00e9gezhet\u0151. \u00c1ssuk ki a n\u00f6v\u00e9nyeket lombjuk lesz\u00e1rad\u00e1sakor vagy k\u00f6zvetlen\u00fcl ut\u00e1na. A sz\u00e9tv\u00e1laszt\u00e1s, oszt\u00e1lyoz\u00e1s ut\u00e1n a vissza\u00fcltet\u00e9se sz\u00e1nt hagym\u00e1k, gum\u00f3k esetleges sebeit hagyjuk szell\u0151s, h\u0171v\u00f6s helyen besz\u00e1radni. Ezut\u00e1n, m\u00e9g a ny\u00e1r v\u00e9g\u00e9n vagy kora \u0151sszel, \u00fcltess\u00fck el \u0151ket, hogy a telet m\u00e1r a j\u00f3l begy\u00f6keresedve v\u00e1rhass\u00e1k.<\/p>\n<p>V\u00e1gott vir\u00e1gnak k\u00fcl\u00f6n\u00f6sen alkalmas. Akkor v\u00e1gjuk, amikor a fels\u0151 vir\u00e1gok m\u00e1r kiny\u00edltak.<\/p>\n<p>T\u00e9l\u00e1ll\u00f3.<\/p>\n<ul>\n<li>M\u00e9ret: 70-100 cm<\/li>\n<li>Vir\u00e1gz\u00e1s: j\u00fanius\/augusztus<\/li>\n<li>\u00dcltet\u00e9s: m\u00e1rcius\/m\u00e1jus<\/li>\n<li>F\u00e9nyig\u00e9ny: nap,\u00a0<span class=\"fekete2\">f\u00e9l\u00e1rny\u00e9k<\/span><\/li>\n<li>T\u00e9l\u00e1ll\u00f3s\u00e1g: igen<\/li>\n<li>Felhaszn\u00e1l\u00e1s:\u00a0<span class=\"fekete2\">\u00e9vel\u0151\u00e1gy, vir\u00e1gszeg\u00e9ly, v\u00e1gott vir\u00e1g<\/span><\/li>\n<\/ul>\n<p>&nbsp;<\/p>\n<p>&nbsp;<\/p>\n<p><strong>Amennyiben nagyobb mennyis\u00e9gre lenne sz\u00fcks\u00e9g, vegye fel vel\u00fcnk a kapcsolatot \u00e9s beszerezz\u00fck!<\/strong><\/p>\n<p><strong>K\u00e9szlet\u00fcnk napi szinten v\u00e1ltozik, ez\u00e9rt a v\u00e1ltoz\u00e1s jog\u00e1t fenntartjuk!<\/strong><\/p>\n<p>&nbsp;<\/p>\n<p><a href=\"https:\/\/tajkertesz.com\/\">https:\/\/tajkertesz.com\/<\/a><\/p>\n<p><a href=\"https:\/\/www.facebook.com\/tajkertesz\/\">https:\/\/www.facebook.com\/tajkertesz\/<\/a><\/p>\n<p><span style=\"color: #ffffff;\">\u00c9szak-Amerik\u00e1b\u00f3l sz\u00e1rmaz\u00f3, gum\u00f3s gy\u00f6kt\u00f6rzs\u0171 \u00e9vel\u0151.<\/span><\/p>\n<p><span style=\"color: #ffffff;\">Fel\u00e1ll\u00f3 sz\u00e1r\u00e1n a levelek keskenysz\u00e1lasak, vir\u00e1gzata hossz\u00fa, t\u00f6m\u00f6tt, hengeres f\u00fcz\u00e9r. Apr\u00f3 csillag alak\u00fa vir\u00e1gai, fel\u00fclr\u0151l lefel\u00e9 haladva ny\u00edlnak ki a f\u00fcz\u00e9rben.<\/span><\/p>\n<p><span style=\"color: #ffffff;\">Term\u00e9keny j\u00f3 min\u0151s\u00e9g\u0171 kerti talajba, napos vagy f\u00e9l\u00e1rny\u00e9kos helyre, \u00e9vel\u0151\u00e1gyakba, vir\u00e1gszeg\u00e9lyekbe, kis csoportokba \u00fcltess\u00fck. \u00c9rdemes t\u00f6bb \u00e9vig egy helyben hagyni, \u00edgy \u00e9vr\u0151l \u00e9vre szebben vir\u00e1gzik. A n\u00f6v\u00e9ny \u00e1ttelel\u0151 r\u00e9sze t\u00e9len a szabadban, hely\u00e9n hagyhat\u00f3, a hagym\u00e1t, gum\u00f3t stb. nem sz\u00fcks\u00e9ges \u0151sszel felszedni. Amennyiben az \u00e1ttelelt n<\/span><span style=\"color: #ffffff;\">vir\u00e1gok m\u00e1r kiny\u00edltak.<\/span><\/p>\n<h6><\/h6>","protected":false},"excerpt":{"rendered":"<h1 class=\"product_title entry-title\">A Liatris mixed \/ F\u00fcz\u00e9res d\u00edszcsorba apr\u00f3 csillag alak\u00fa vir\u00e1gai, fel\u00fclr\u0151l lefel\u00e9 haladva ny\u00edlnak ki a f\u00fcz\u00e9rben.<\/h1>\n<p>\u00c9szak-Amerik\u00e1b\u00f3l sz\u00e1rmaz\u00f3, gum\u00f3s gy\u00f6kt\u00f6rzs\u0171 \u00e9vel\u0151.\u00a0Fel\u00e1ll\u00f3 sz\u00e1r\u00e1n a levelek keskeny sz\u00e1lasak, vir\u00e1gzata hossz\u00fa, t\u00f6m\u00f6tt, hengeres f\u00fcz\u00e9r.<\/p>","protected":false},"featured_media":12519,"template":"","meta":{"_et_pb_use_builder":"","_et_pb_old_content":"","_et_gb_content_width":""},"product_brand":[],"product_cat":[3857],"product_tag":[3758,3757,3756],"class_list":{"0":"post-12518","1":"product","2":"type-product","3":"status-publish","4":"has-post-thumbnail","6":"product_cat-viraghagyma-dughagyma","7":"product_tag-diszcsorba","8":"product_tag-fuzeres-diszcsorba","9":"product_tag-liatris-mixed","11":"first","12":"onbackorder","13":"shipping-taxable","14":"purchasable","15":"product-type-simple"},"yoast_head":"<!-- This site is optimized with the Yoast SEO plugin v27.5 - https:\/\/yoast.com\/product\/yoast-seo-wordpress\/ -->\n<title>Liatris mixed \/ F\u00fcz\u00e9res d\u00edszcsorba - T\u00e1jkert\u00e9sz<\/title>\n<meta name=\"description\" content=\"A Liatris mixed \/ F\u00fcz\u00e9res d\u00edszcsorba apr\u00f3 csillag alak\u00fa vir\u00e1gai, fel\u00fclr\u0151l lefel\u00e9 haladva ny\u00edlnak ki a f\u00fcz\u00e9rben.\" \/>\n<meta name=\"robots\" content=\"index, follow, max-snippet:-1, max-image-preview:large, max-video-preview:-1\" \/>\n<link rel=\"canonical\" href=\"https:\/\/tajkertesz.com\/en_US\/product\/liatris-mixed-fuzeres-diszcsorba\/\" \/>\n<meta property=\"og:locale\" content=\"en_US\" \/>\n<meta property=\"og:type\" content=\"article\" \/>\n<meta property=\"og:title\" content=\"Liatris mixed \/ F\u00fcz\u00e9res d\u00edszcsorba - T\u00e1jkert\u00e9sz\" \/>\n<meta property=\"og:description\" content=\"A Liatris mixed \/ F\u00fcz\u00e9res d\u00edszcsorba apr\u00f3 csillag alak\u00fa vir\u00e1gai, fel\u00fclr\u0151l lefel\u00e9 haladva ny\u00edlnak ki a f\u00fcz\u00e9rben.\" \/>\n<meta property=\"og:url\" content=\"https:\/\/tajkertesz.com\/en_US\/product\/liatris-mixed-fuzeres-diszcsorba\/\" \/>\n<meta property=\"og:site_name\" content=\"T\u00e1jkert\u00e9sz\" \/>\n<meta property=\"article:publisher\" content=\"https:\/\/www.facebook.com\/Tajkertesz\/\" \/>\n<meta property=\"article:modified_time\" content=\"2026-02-20T13:52:16+00:00\" \/>\n<meta property=\"og:image\" content=\"https:\/\/tajkertesz.com\/wp-content\/uploads\/2022\/02\/Liatris-mix.jpg\" \/>\n\t<meta property=\"og:image:width\" content=\"370\" \/>\n\t<meta property=\"og:image:height\" content=\"585\" \/>\n\t<meta property=\"og:image:type\" content=\"image\/jpeg\" \/>\n<meta name=\"twitter:card\" content=\"summary_large_image\" \/>\n<meta name=\"twitter:label1\" content=\"Est. reading time\" \/>\n\t<meta name=\"twitter:data1\" content=\"2 minutes\" \/>\n<script type=\"application\/ld+json\" class=\"yoast-schema-graph\">{\"@context\":\"https:\\\/\\\/schema.org\",\"@graph\":[{\"@type\":\"WebPage\",\"@id\":\"https:\\\/\\\/tajkertesz.com\\\/termek\\\/liatris-mixed-fuzeres-diszcsorba\\\/\",\"url\":\"https:\\\/\\\/tajkertesz.com\\\/termek\\\/liatris-mixed-fuzeres-diszcsorba\\\/\",\"name\":\"Liatris mixed \\\/ F\u00fcz\u00e9res d\u00edszcsorba - T\u00e1jkert\u00e9sz\",\"isPartOf\":{\"@id\":\"https:\\\/\\\/tajkertesz.com\\\/#website\"},\"primaryImageOfPage\":{\"@id\":\"https:\\\/\\\/tajkertesz.com\\\/termek\\\/liatris-mixed-fuzeres-diszcsorba\\\/#primaryimage\"},\"image\":{\"@id\":\"https:\\\/\\\/tajkertesz.com\\\/termek\\\/liatris-mixed-fuzeres-diszcsorba\\\/#primaryimage\"},\"thumbnailUrl\":\"https:\\\/\\\/tajkertesz.com\\\/wp-content\\\/uploads\\\/2022\\\/02\\\/Liatris-mix.jpg\",\"datePublished\":\"2022-02-21T15:16:44+00:00\",\"dateModified\":\"2026-02-20T13:52:16+00:00\",\"description\":\"A Liatris mixed \\\/ F\u00fcz\u00e9res d\u00edszcsorba apr\u00f3 csillag alak\u00fa vir\u00e1gai, fel\u00fclr\u0151l lefel\u00e9 haladva ny\u00edlnak ki a f\u00fcz\u00e9rben.\",\"breadcrumb\":{\"@id\":\"https:\\\/\\\/tajkertesz.com\\\/termek\\\/liatris-mixed-fuzeres-diszcsorba\\\/#breadcrumb\"},\"inLanguage\":\"en-US\",\"potentialAction\":[{\"@type\":\"ReadAction\",\"target\":[\"https:\\\/\\\/tajkertesz.com\\\/termek\\\/liatris-mixed-fuzeres-diszcsorba\\\/\"]}]},{\"@type\":\"ImageObject\",\"inLanguage\":\"en-US\",\"@id\":\"https:\\\/\\\/tajkertesz.com\\\/termek\\\/liatris-mixed-fuzeres-diszcsorba\\\/#primaryimage\",\"url\":\"https:\\\/\\\/tajkertesz.com\\\/wp-content\\\/uploads\\\/2022\\\/02\\\/Liatris-mix.jpg\",\"contentUrl\":\"https:\\\/\\\/tajkertesz.com\\\/wp-content\\\/uploads\\\/2022\\\/02\\\/Liatris-mix.jpg\",\"width\":370,\"height\":585},{\"@type\":\"BreadcrumbList\",\"@id\":\"https:\\\/\\\/tajkertesz.com\\\/termek\\\/liatris-mixed-fuzeres-diszcsorba\\\/#breadcrumb\",\"itemListElement\":[{\"@type\":\"ListItem\",\"position\":1,\"name\":\"Home\",\"item\":\"https:\\\/\\\/tajkertesz.com\\\/\"},{\"@type\":\"ListItem\",\"position\":2,\"name\":\"Kezd\u0151lap\",\"item\":\"https:\\\/\\\/tajkertesz.com\\\/\"},{\"@type\":\"ListItem\",\"position\":3,\"name\":\"Liatris mixed \\\/ F\u00fcz\u00e9res d\u00edszcsorba\"}]},{\"@type\":\"WebSite\",\"@id\":\"https:\\\/\\\/tajkertesz.com\\\/#website\",\"url\":\"https:\\\/\\\/tajkertesz.com\\\/\",\"name\":\"T\u00e1j-Kert\u00e9sz 84 Kft.\",\"description\":\"Kert\u00e9szeti kis- \u00e9s nagykeresked\u00e9s, D\u00edszn\u00f6v\u00e9ny web\u00e1ruh\u00e1z orsz\u00e1gos h\u00e1zhozsz\u00e1ll\u00edt\u00e1ssal!\",\"publisher\":{\"@id\":\"https:\\\/\\\/tajkertesz.com\\\/#organization\"},\"potentialAction\":[{\"@type\":\"SearchAction\",\"target\":{\"@type\":\"EntryPoint\",\"urlTemplate\":\"https:\\\/\\\/tajkertesz.com\\\/?s={search_term_string}\"},\"query-input\":{\"@type\":\"PropertyValueSpecification\",\"valueRequired\":true,\"valueName\":\"search_term_string\"}}],\"inLanguage\":\"en-US\"},{\"@type\":\"Organization\",\"@id\":\"https:\\\/\\\/tajkertesz.com\\\/#organization\",\"name\":\"T\u00e1j-Kert\u00e9sz 84 Kft.\",\"url\":\"https:\\\/\\\/tajkertesz.com\\\/\",\"logo\":{\"@type\":\"ImageObject\",\"inLanguage\":\"en-US\",\"@id\":\"https:\\\/\\\/tajkertesz.com\\\/#\\\/schema\\\/logo\\\/image\\\/\",\"url\":\"https:\\\/\\\/tajkertesz.com\\\/wp-content\\\/uploads\\\/2018\\\/02\\\/logo-2-e1518678052539.png\",\"contentUrl\":\"https:\\\/\\\/tajkertesz.com\\\/wp-content\\\/uploads\\\/2018\\\/02\\\/logo-2-e1518678052539.png\",\"width\":81,\"height\":140,\"caption\":\"T\u00e1j-Kert\u00e9sz 84 Kft.\"},\"image\":{\"@id\":\"https:\\\/\\\/tajkertesz.com\\\/#\\\/schema\\\/logo\\\/image\\\/\"},\"sameAs\":[\"https:\\\/\\\/www.facebook.com\\\/Tajkertesz\\\/\"]}]}<\/script>\n<!-- \/ Yoast SEO plugin. -->","yoast_head_json":{"title":"Liatris mixed \/ F\u00fcz\u00e9res d\u00edszcsorba - T\u00e1jkert\u00e9sz","description":"A Liatris mixed \/ F\u00fcz\u00e9res d\u00edszcsorba apr\u00f3 csillag alak\u00fa vir\u00e1gai, fel\u00fclr\u0151l lefel\u00e9 haladva ny\u00edlnak ki a f\u00fcz\u00e9rben.","robots":{"index":"index","follow":"follow","max-snippet":"max-snippet:-1","max-image-preview":"max-image-preview:large","max-video-preview":"max-video-preview:-1"},"canonical":"https:\/\/tajkertesz.com\/en_US\/product\/liatris-mixed-fuzeres-diszcsorba\/","og_locale":"en_US","og_type":"article","og_title":"Liatris mixed \/ F\u00fcz\u00e9res d\u00edszcsorba - T\u00e1jkert\u00e9sz","og_description":"A Liatris mixed \/ F\u00fcz\u00e9res d\u00edszcsorba apr\u00f3 csillag alak\u00fa vir\u00e1gai, fel\u00fclr\u0151l lefel\u00e9 haladva ny\u00edlnak ki a f\u00fcz\u00e9rben.","og_url":"https:\/\/tajkertesz.com\/en_US\/product\/liatris-mixed-fuzeres-diszcsorba\/","og_site_name":"T\u00e1jkert\u00e9sz","article_publisher":"https:\/\/www.facebook.com\/Tajkertesz\/","article_modified_time":"2026-02-20T13:52:16+00:00","og_image":[{"width":370,"height":585,"url":"https:\/\/tajkertesz.com\/wp-content\/uploads\/2022\/02\/Liatris-mix.jpg","type":"image\/jpeg"}],"twitter_card":"summary_large_image","twitter_misc":{"Est. reading time":"2 minutes"},"schema":{"@context":"https:\/\/schema.org","@graph":[{"@type":"WebPage","@id":"https:\/\/tajkertesz.com\/termek\/liatris-mixed-fuzeres-diszcsorba\/","url":"https:\/\/tajkertesz.com\/termek\/liatris-mixed-fuzeres-diszcsorba\/","name":"Liatris mixed \/ F\u00fcz\u00e9res d\u00edszcsorba - T\u00e1jkert\u00e9sz","isPartOf":{"@id":"https:\/\/tajkertesz.com\/#website"},"primaryImageOfPage":{"@id":"https:\/\/tajkertesz.com\/termek\/liatris-mixed-fuzeres-diszcsorba\/#primaryimage"},"image":{"@id":"https:\/\/tajkertesz.com\/termek\/liatris-mixed-fuzeres-diszcsorba\/#primaryimage"},"thumbnailUrl":"https:\/\/tajkertesz.com\/wp-content\/uploads\/2022\/02\/Liatris-mix.jpg","datePublished":"2022-02-21T15:16:44+00:00","dateModified":"2026-02-20T13:52:16+00:00","description":"A Liatris mixed \/ F\u00fcz\u00e9res d\u00edszcsorba apr\u00f3 csillag alak\u00fa vir\u00e1gai, fel\u00fclr\u0151l lefel\u00e9 haladva ny\u00edlnak ki a f\u00fcz\u00e9rben.","breadcrumb":{"@id":"https:\/\/tajkertesz.com\/termek\/liatris-mixed-fuzeres-diszcsorba\/#breadcrumb"},"inLanguage":"en-US","potentialAction":[{"@type":"ReadAction","target":["https:\/\/tajkertesz.com\/termek\/liatris-mixed-fuzeres-diszcsorba\/"]}]},{"@type":"ImageObject","inLanguage":"en-US","@id":"https:\/\/tajkertesz.com\/termek\/liatris-mixed-fuzeres-diszcsorba\/#primaryimage","url":"https:\/\/tajkertesz.com\/wp-content\/uploads\/2022\/02\/Liatris-mix.jpg","contentUrl":"https:\/\/tajkertesz.com\/wp-content\/uploads\/2022\/02\/Liatris-mix.jpg","width":370,"height":585},{"@type":"BreadcrumbList","@id":"https:\/\/tajkertesz.com\/termek\/liatris-mixed-fuzeres-diszcsorba\/#breadcrumb","itemListElement":[{"@type":"ListItem","position":1,"name":"Home","item":"https:\/\/tajkertesz.com\/"},{"@type":"ListItem","position":2,"name":"Kezd\u0151lap","item":"https:\/\/tajkertesz.com\/"},{"@type":"ListItem","position":3,"name":"Liatris mixed \/ F\u00fcz\u00e9res d\u00edszcsorba"}]},{"@type":"WebSite","@id":"https:\/\/tajkertesz.com\/#website","url":"https:\/\/tajkertesz.com\/","name":"T\u00e1j-Kert\u00e9sz 84 Kft.","description":"Kert\u00e9szeti kis- \u00e9s nagykeresked\u00e9s, D\u00edszn\u00f6v\u00e9ny web\u00e1ruh\u00e1z orsz\u00e1gos h\u00e1zhozsz\u00e1ll\u00edt\u00e1ssal!","publisher":{"@id":"https:\/\/tajkertesz.com\/#organization"},"potentialAction":[{"@type":"SearchAction","target":{"@type":"EntryPoint","urlTemplate":"https:\/\/tajkertesz.com\/?s={search_term_string}"},"query-input":{"@type":"PropertyValueSpecification","valueRequired":true,"valueName":"search_term_string"}}],"inLanguage":"en-US"},{"@type":"Organization","@id":"https:\/\/tajkertesz.com\/#organization","name":"T\u00e1j-Kert\u00e9sz 84 Kft.","url":"https:\/\/tajkertesz.com\/","logo":{"@type":"ImageObject","inLanguage":"en-US","@id":"https:\/\/tajkertesz.com\/#\/schema\/logo\/image\/","url":"https:\/\/tajkertesz.com\/wp-content\/uploads\/2018\/02\/logo-2-e1518678052539.png","contentUrl":"https:\/\/tajkertesz.com\/wp-content\/uploads\/2018\/02\/logo-2-e1518678052539.png","width":81,"height":140,"caption":"T\u00e1j-Kert\u00e9sz 84 Kft."},"image":{"@id":"https:\/\/tajkertesz.com\/#\/schema\/logo\/image\/"},"sameAs":["https:\/\/www.facebook.com\/Tajkertesz\/"]}]}},"_links":{"self":[{"href":"https:\/\/tajkertesz.com\/en_US\/wp-json\/wp\/v2\/product\/12518","targetHints":{"allow":["GET"]}}],"collection":[{"href":"https:\/\/tajkertesz.com\/en_US\/wp-json\/wp\/v2\/product"}],"about":[{"href":"https:\/\/tajkertesz.com\/en_US\/wp-json\/wp\/v2\/types\/product"}],"wp:featuredmedia":[{"embeddable":true,"href":"https:\/\/tajkertesz.com\/en_US\/wp-json\/wp\/v2\/media\/12519"}],"wp:attachment":[{"href":"https:\/\/tajkertesz.com\/en_US\/wp-json\/wp\/v2\/media?parent=12518"}],"wp:term":[{"taxonomy":"product_brand","embeddable":true,"href":"https:\/\/tajkertesz.com\/en_US\/wp-json\/wp\/v2\/product_brand?post=12518"},{"taxonomy":"product_cat","embeddable":true,"href":"https:\/\/tajkertesz.com\/en_US\/wp-json\/wp\/v2\/product_cat?post=12518"},{"taxonomy":"product_tag","embeddable":true,"href":"https:\/\/tajkertesz.com\/en_US\/wp-json\/wp\/v2\/product_tag?post=12518"}],"curies":[{"name":"wp","href":"https:\/\/api.w.org\/{rel}","templated":true}]}}