{"id":1265,"date":"2020-03-10T14:50:52","date_gmt":"2020-03-10T14:50:52","guid":{"rendered":"https:\/\/tajkertesz.com\/?post_type=product&#038;p=1265"},"modified":"2024-09-18T08:55:13","modified_gmt":"2024-09-18T08:55:13","slug":"cotoneaster-dammeri-eichholz","status":"publish","type":"product","link":"https:\/\/tajkertesz.com\/en_US\/product\/cotoneaster-dammeri-eichholz\/","title":{"rendered":"Cotoneaster dammeri &#8216;Eichholz&#8217;, Mad\u00e1rbirs"},"content":{"rendered":"<p>Cotoneaster dammeri &#8216;Eichholz&#8217;, Mad\u00e1rbirs<\/p>\n<p>A Cotoneaster dammeri &#8216;Eichholz&#8217; ,Mad\u00e1rbirs alacsony,mind\u00f6ssze 50-60 cm magasra fejl\u0151dik. Lass\u00fa n\u00f6veked\u00e9s\u0171, ez\u00e9rt kisebb kertekbe is telep\u00edthet\u0151.<\/p>\n<p>A n\u00f6v\u00e9ny jellegzetes tulajdons\u00e1ga, hogy f\u00f6ld\u00f6n ter\u00fcl\u0151 form\u00e1ban n\u00f6vekszik, \u00edgy m\u00e1s, magasabb d\u00edszcserj\u00e9kkel vagy f\u00e1kkal a h\u00e1tter\u00e9ben nagyon sz\u00e9p \u00f6sszk\u00e9pet ny\u00fajt. Alacsony,mind\u00f6ssze 50-60 cm magasra fejl\u0151dik. Lass\u00fa n\u00f6veked\u00e9s\u0171, ez\u00e9rt kisebb kertekbe is telep\u00edthet\u0151. Levelei mellett vir\u00e1gaival \u00e9s term\u00e9seivel is d\u00edsz\u00e9rt\u0151 n\u00f6v\u00e9ny a kert v\u00e1ltoz\u00f3 sz\u00ednfoltja lehet. Levelei s\u00f6t\u00e9tz\u00f6ldek, \u00edgy \u00e9vel\u0151kertek h\u00e1tt\u00e9rn\u00f6v\u00e9ny\u00e9nek is haszn\u00e1lhat\u00f3. Vir\u00e1gainak sz\u00edne feh\u00e9r. Ny\u00e1r elej\u00e9n, j\u00faniusban vir\u00e1gzik. Term\u00e9s\u00e9nek sz\u00edne piros. Semlegeshez k\u00f6zeli k\u00e9mhat\u00e1s\u00fa (6,5-7,5 pH) talajokon k\u00f6nnyen nevelhet\u0151. J\u00f3 sz\u00e1razs\u00e1gt\u0171r\u0151, de az \u00fcltet\u00e9si \u00e9vben \u00e9rdemes a hosszan tart\u00f3 sz\u00e1raz id\u0151szakban \u00f6nt\u00f6zni. A kert napos, vagy f\u00e9l\u00e1rny\u00e9kos r\u00e9sz\u00e9re \u00fcltess\u00fck. \u00d6r\u00f6kz\u00f6ld.<\/p>\n<p style=\"line-height: 18.0pt; background: white; margin: 0cm 0cm 15.0pt 0cm;\"><span style=\"font-family: 'Ubuntu',serif; color: black;\">El\u00e9rhet\u0151 t\u00f6bbf\u00e9le m\u00e9retben \u00e9s \u00e1rban.<\/span><\/p>\n<p style=\"line-height: 18.0pt; background: white; margin: 0cm 0cm 15.0pt 0cm;\"><b><span style=\"font-family: 'Ubuntu',serif; color: black;\">K\u00e9szlet\u00fcnk napi szinten v\u00e1ltozik, ez\u00e9rt k\u00e9rj\u00fck, \u00e9rdekl\u0151dj\u00f6n szem\u00e9lyesen, telefonon vagy email-en.<br \/>\nA v\u00e1ltoztat\u00e1s jog\u00e1t fenntartjuk!\u00a0<\/span><\/b><\/p>\n<p><a href=\"https:\/\/tajkertesz.com\/\">https:\/\/tajkertesz.com\/<\/a><\/p>\n<p><a href=\"https:\/\/hu.wikipedia.org\/wiki\/Sz%C5%91nyegmad%C3%A1rbirs\">https:\/\/hu.wikipedia.org\/wiki\/Sz%C5%91nyegmad%C3%A1rbirs<\/a><\/p>\n<p><span id=\"Sz\u00e1rmaz\u00e1sa,_elterjed\u00e9se\" class=\"mw-headline\" style=\"color: #ffffff;\">Sz\u00e1rmaz\u00e1sa, elterjed\u00e9se<\/span><\/p>\n<p><span style=\"color: #ffffff;\">\u0150shaz\u00e1ja\u00a0<a style=\"color: #ffffff;\" title=\"K\u00edna\" href=\"https:\/\/hu.wikipedia.org\/wiki\/K%C3%ADna\">K\u00edna<\/a>\u00a0(<a style=\"color: #ffffff;\" title=\"Kanszu\" href=\"https:\/\/hu.wikipedia.org\/wiki\/Kanszu\">Kanszu<\/a>,\u00a0<a style=\"color: #ffffff;\" title=\"Kujcsou\" href=\"https:\/\/hu.wikipedia.org\/wiki\/Kujcsou\">Kujcsou<\/a>,\u00a0<a style=\"color: #ffffff;\" title=\"Hupej\" href=\"https:\/\/hu.wikipedia.org\/wiki\/Hupej\">Hupej<\/a>,\u00a0<a style=\"color: #ffffff;\" title=\"Szecsuan\" href=\"https:\/\/hu.wikipedia.org\/wiki\/Szecsuan\">Szecsuan<\/a>,\u00a0<a style=\"color: #ffffff;\" title=\"J\u00fcnnan\" href=\"https:\/\/hu.wikipedia.org\/wiki\/J%C3%BCnnan\">J\u00fcnnan<\/a>\u00a0tartom\u00e1nyokban),\u00a0<a style=\"color: #ffffff;\" title=\"Sv\u00e1jc\" href=\"https:\/\/hu.wikipedia.org\/wiki\/Sv%C3%A1jc\">Sv\u00e1jcban<\/a>\u00a0\u00e9s\u00a0<a style=\"color: #ffffff;\" title=\"Szlov\u00e1kia\" href=\"https:\/\/hu.wikipedia.org\/wiki\/Szlov%C3%A1kia\">Szlov\u00e1ki\u00e1ban<\/a>\u00a0a betelep\u00edtett kerti d\u00edszn\u00f6v\u00e9nyek kivadultak, \u00e9s\u00a0<a class=\"mw-redirect\" style=\"color: #ffffff;\" title=\"\u00d6z\u00f6nn\u00f6v\u00e9ny\" href=\"https:\/\/hu.wikipedia.org\/wiki\/%C3%96z%C3%B6nn%C3%B6v%C3%A9ny\">\u00f6z\u00f6nn\u00f6v\u00e9nyk\u00e9nt<\/a>\u00a0terjednek.<sup id=\"cite_ref-catalogueoflife.org_2-0\" class=\"reference\"><a style=\"color: #ffffff;\" href=\"https:\/\/hu.wikipedia.org\/wiki\/Sz%C5%91nyegmad%C3%A1rbirs#cite_note-catalogueoflife.org-2\">[2]<\/a><\/sup><\/span><\/p>\n<p><span style=\"color: #ffffff;\"><span id=\"Megjelen.C3.A9se.2C_fel.C3.A9p.C3.ADt.C3.A9se\"><\/span><span id=\"Megjelen\u00e9se,_fel\u00e9p\u00edt\u00e9se\" class=\"mw-headline\">Megjelen\u00e9se, fel\u00e9p\u00edt\u00e9se<\/span><span class=\"mw-editsection\"><span class=\"mw-editsection-bracket\">[<\/span><a style=\"color: #ffffff;\" title=\"Szakasz szerkeszt\u00e9se: Megjelen\u00e9se, fel\u00e9p\u00edt\u00e9se\" href=\"https:\/\/hu.wikipedia.org\/w\/index.php?title=Sz%C5%91nyegmad%C3%A1rbirs&amp;action=edit&amp;section=2\">szerkeszt\u00e9s<\/a><span class=\"mw-editsection-bracket\">]<\/span><\/span><\/span><\/p>\n<p><span style=\"color: #ffffff;\">Kifejezetten alacsony (50\u00a0cm-n\u00e9l nem magasabb) cserje; a f\u00f6ld\u00f6n k\u00fasz\u00f3 hajt\u00e1sai legy\u00f6kereznek.<\/span><\/p>\n<p><span style=\"color: #ffffff;\">Toj\u00e1sdad, b\u0151rszer\u0171 levelei f\u00e9nyes s\u00f6t\u00e9tz\u00f6ldek; egyesek levelei \u0151sszel v\u00f6r\u00f6ses \u00e1rnyalatot \u00f6ltenek. Fon\u00e1kjukon az erek er\u0151sen kiemelkednek.<sup id=\"cite_ref-3\" class=\"reference\"><a style=\"color: #ffffff;\" href=\"https:\/\/hu.wikipedia.org\/wiki\/Sz%C5%91nyegmad%C3%A1rbirs#cite_note-3\">[3]<\/a><\/sup><\/span><\/p>\n<p><span style=\"color: #ffffff;\">Apr\u00f3, feh\u00e9r vir\u00e1gai mag\u00e1nyosan vagy csoportokban ny\u00edlnak.<\/span><\/p>\n<p><span style=\"color: #ffffff;\"><span id=\".C3.89letm.C3.B3dja.2C_term.C5.91helye\"><\/span><span id=\"\u00c9letm\u00f3dja,_term\u0151helye\" class=\"mw-headline\">\u00c9letm\u00f3dja, term\u0151helye<\/span><span class=\"mw-editsection\"><span class=\"mw-editsection-bracket\">[<\/span><a style=\"color: #ffffff;\" title=\"Szakasz szerkeszt\u00e9se: \u00c9letm\u00f3dja, term\u0151helye\" href=\"https:\/\/hu.wikipedia.org\/w\/index.php?title=Sz%C5%91nyegmad%C3%A1rbirs&amp;action=edit&amp;section=3\">szerkeszt\u00e9s<\/a><span class=\"mw-editsection-bracket\">]<\/span><\/span><\/span><\/p>\n<p><span style=\"color: #ffffff;\">Ig\u00e9nytelen: a nedves talajt kedveli, de sz\u00e1raz term\u0151helyen is meg\u00e9l. A napos vagy f\u00e9l\u00e1rny\u00e9kos helyet, a vizet j\u00f3l \u00e1tereszt\u0151 talajt megh\u00e1l\u00e1lja. Metsz\u00e9ssel csak az elhalt vagy beteg \u00e1gakat kell elt\u00e1vol\u00edtani.<\/span><\/p>\n<p><span style=\"color: #ffffff;\">\u00d6r\u00f6kz\u00f6ld. M\u00e1just\u00f3l vir\u00e1gzik; bogy\u00f3i a ny\u00e1r v\u00e9g\u00e9n \u2013 \u0151sz elej\u00e9n \u00e9rnek be. K\u00e1rtev\u0151i az egy\u00e9b\u00a0<a style=\"color: #ffffff;\" title=\"Mad\u00e1rbirs\" href=\"https:\/\/hu.wikipedia.org\/wiki\/Mad%C3%A1rbirs\">mad\u00e1rbirsekn\u00e9l<\/a>\u00a0megszokottak.<\/span><\/p>\n<p><span style=\"color: #ffffff;\"><span id=\"Felhaszn.C3.A1l.C3.A1sa\"><\/span><span id=\"Felhaszn\u00e1l\u00e1sa\" class=\"mw-headline\">Felhaszn\u00e1l\u00e1sa<\/span><span class=\"mw-editsection\"><span class=\"mw-editsection-bracket\">[<\/span><a style=\"color: #ffffff;\" title=\"Szakasz szerkeszt\u00e9se: Felhaszn\u00e1l\u00e1sa\" href=\"https:\/\/hu.wikipedia.org\/w\/index.php?title=Sz%C5%91nyegmad%C3%A1rbirs&amp;action=edit&amp;section=4\">szerkeszt\u00e9s<\/a><span class=\"mw-editsection-bracket\">]<\/span><\/span><\/span><\/p>\n<p><span style=\"color: #ffffff;\">Kertekben v\u00e9dett falak mell\u00e9 \u00e9s sziklakertekbe, illetve ritk\u00e1san \u00e1ll\u00f3 f\u00e1k k\u00f6z\u00e9, talajtakar\u00f3nak \u00fcltetik. A s\u00edrokon is sz\u00e9p, mert eg\u00e9szen alacsony marad, \u00e9s \u00e1gai k\u00f6z\u00f6tt felmagasodhatnak p\u00e9ld\u00e1ul a hagym\u00e1s vir\u00e1gok, amikhez nagyon j\u00f3 h\u00e1tt\u00e9r.<\/span><\/p>\n<p>&nbsp;<\/p>\n<p>&nbsp;<\/p>\n<p>&nbsp;<\/p>\n","protected":false},"excerpt":{"rendered":"<p>&nbsp;<\/p>\n<p>A Cotoneaster dammeri &#8216;Eichholz&#8217; ,alacsony,mind\u00f6ssze 50-60 cm magasra fejl\u0151dik. Lass\u00fa n\u00f6veked\u00e9s\u0171, ez\u00e9rt kisebb kertekbe is telep\u00edthet\u0151.<\/p>\n<p>A n\u00f6v\u00e9ny jellegzetes tulajdons\u00e1ga, hogy f\u00f6ld\u00f6n ter\u00fcl\u0151 form\u00e1ban n\u00f6vekszik, \u00edgy m\u00e1s, magasabb d\u00edszcserj\u00e9kkel vagy f\u00e1kkal a h\u00e1tter\u00e9ben nagyon sz\u00e9p \u00f6sszk\u00e9pet ny\u00fajt. Alacsony,mind\u00f6ssze 50-60 cm magasra fejl\u0151dik. Lass\u00fa n\u00f6veked\u00e9s\u0171, ez\u00e9rt kisebb kertekbe is telep\u00edthet\u0151. Levelei mellett vir\u00e1gaival \u00e9s term\u00e9seivel is d\u00edsz\u00e9rt\u0151 n\u00f6v\u00e9ny a kert v\u00e1ltoz\u00f3 sz\u00ednfoltja lehet. Levelei s\u00f6t\u00e9tz\u00f6ldek, \u00edgy \u00e9vel\u0151kertek h\u00e1tt\u00e9rn\u00f6v\u00e9ny\u00e9nek is haszn\u00e1lhat\u00f3. Vir\u00e1gainak sz\u00edne feh\u00e9r. Ny\u00e1r elej\u00e9n, j\u00faniusban vir\u00e1gzik. Term\u00e9s\u00e9nek sz\u00edne piros. Semlegeshez k\u00f6zeli k\u00e9mhat\u00e1s\u00fa (6,5-7,5 pH) talajokon k\u00f6nnyen nevelhet\u0151. J\u00f3 sz\u00e1razs\u00e1gt\u0171r\u0151, de az \u00fcltet\u00e9si \u00e9vben \u00e9rdemes a hosszan tart\u00f3 sz\u00e1raz id\u0151szakban \u00f6nt\u00f6zni. A kert napos, vagy f\u00e9l\u00e1rny\u00e9kos r\u00e9sz\u00e9re \u00fcltess\u00fck. \u00d6r\u00f6kz\u00f6ld.<\/p>\n<p><strong>Term\u00e9kle\u00edr\u00e1s:<\/strong>\u00a02L-es cser\u00e9pben kb.20\/30cm magas n\u00f6v\u00e9ny<\/p>\n<div id=\"bodyContent\" class=\"mw-body-content\">\n<div id=\"mw-content-text\" class=\"mw-content-ltr\" dir=\"ltr\" lang=\"hu\">\n<div id=\"bodyContent\" class=\"mw-body-content\">\n<div id=\"mw-content-text\" class=\"mw-content-ltr\" dir=\"ltr\" lang=\"hu\">\n<p><b>K\u00e9szlet\u00fcnk napi szinten v\u00e1ltozik, ez\u00e9rt k\u00e9rj\u00fck, \u00e9rdekl\u0151dj\u00f6n szem\u00e9lyesen, telefonon vagy email-en.<\/b><\/p>\n<p>Term\u00e9keinket szem\u00e9lyesen is \u00e1tveheti a h\u00e9t minden napj\u00e1n nyitvatart\u00e1si id\u0151ben!<\/p>\n<p>Kisz\u00e1ll\u00edt\u00e1s: 200 cm \u00e9s 40 kg-ig a sz\u00e1ll\u00edt\u00e1s fut\u00e1rszolg\u00e1lattal t\u00f6rt\u00e9nik.<\/p>\n<\/div>\n<\/div>\n<\/div>\n<\/div>\n<p><b>A v\u00e1ltoztat\u00e1s jog\u00e1t fenntartjuk!\u00a0<\/b><\/p>","protected":false},"featured_media":1267,"template":"","meta":{"_et_pb_use_builder":"","_et_pb_old_content":"","_et_gb_content_width":""},"product_brand":[],"product_cat":[27,31],"product_tag":[286,226],"class_list":{"0":"post-1265","1":"product","2":"type-product","3":"status-publish","4":"has-post-thumbnail","6":"product_cat-cserjek","7":"product_cat-talajtakaro-novenyek","8":"product_tag-cotoneaster-dammeri-eichholz","9":"product_tag-madarbirs","11":"first","12":"outofstock","13":"shipping-taxable","14":"product-type-simple"},"yoast_head":"<!-- This site is optimized with the Yoast SEO plugin v27.3 - https:\/\/yoast.com\/product\/yoast-seo-wordpress\/ -->\n<title>Cotoneaster dammeri &#039;Eichholz&#039;, Mad\u00e1rbirs - T\u00e1jkert\u00e9sz<\/title>\n<meta name=\"description\" content=\"A Cotoneaster dammeri &#039;Eichholz&#039; ,alacsony,mind\u00f6ssze 50-60 cm magasra fejl\u0151dik. Lass\u00fa n\u00f6veked\u00e9s\u0171, ez\u00e9rt kisebb kertekbe is telep\u00edthet\u0151.\" \/>\n<meta name=\"robots\" content=\"index, follow, max-snippet:-1, max-image-preview:large, max-video-preview:-1\" \/>\n<link rel=\"canonical\" href=\"https:\/\/tajkertesz.com\/en_US\/product\/cotoneaster-dammeri-eichholz\/\" \/>\n<meta property=\"og:locale\" content=\"en_US\" \/>\n<meta property=\"og:type\" content=\"article\" \/>\n<meta property=\"og:title\" content=\"Cotoneaster dammeri &#039;Eichholz&#039;, Mad\u00e1rbirs - T\u00e1jkert\u00e9sz\" \/>\n<meta property=\"og:description\" content=\"A Cotoneaster dammeri &#039;Eichholz&#039; ,alacsony,mind\u00f6ssze 50-60 cm magasra fejl\u0151dik. Lass\u00fa n\u00f6veked\u00e9s\u0171, ez\u00e9rt kisebb kertekbe is telep\u00edthet\u0151.\" \/>\n<meta property=\"og:url\" content=\"https:\/\/tajkertesz.com\/en_US\/product\/cotoneaster-dammeri-eichholz\/\" \/>\n<meta property=\"og:site_name\" content=\"T\u00e1jkert\u00e9sz\" \/>\n<meta property=\"article:publisher\" content=\"https:\/\/www.facebook.com\/Tajkertesz\/\" \/>\n<meta property=\"article:modified_time\" content=\"2024-09-18T08:55:13+00:00\" \/>\n<meta property=\"og:image\" content=\"https:\/\/tajkertesz.com\/wp-content\/uploads\/2020\/03\/Cotoneaster-dammeri-Eichholz.jpg\" \/>\n\t<meta property=\"og:image:width\" content=\"1500\" \/>\n\t<meta property=\"og:image:height\" content=\"1000\" \/>\n\t<meta property=\"og:image:type\" content=\"image\/jpeg\" \/>\n<meta name=\"twitter:card\" content=\"summary_large_image\" \/>\n<meta name=\"twitter:label1\" content=\"Est. reading time\" \/>\n\t<meta name=\"twitter:data1\" content=\"2 minutes\" \/>\n<script type=\"application\/ld+json\" class=\"yoast-schema-graph\">{\"@context\":\"https:\\\/\\\/schema.org\",\"@graph\":[{\"@type\":\"WebPage\",\"@id\":\"https:\\\/\\\/tajkertesz.com\\\/termek\\\/cotoneaster-dammeri-eichholz\\\/\",\"url\":\"https:\\\/\\\/tajkertesz.com\\\/termek\\\/cotoneaster-dammeri-eichholz\\\/\",\"name\":\"Cotoneaster dammeri 'Eichholz', Mad\u00e1rbirs - T\u00e1jkert\u00e9sz\",\"isPartOf\":{\"@id\":\"https:\\\/\\\/tajkertesz.com\\\/#website\"},\"primaryImageOfPage\":{\"@id\":\"https:\\\/\\\/tajkertesz.com\\\/termek\\\/cotoneaster-dammeri-eichholz\\\/#primaryimage\"},\"image\":{\"@id\":\"https:\\\/\\\/tajkertesz.com\\\/termek\\\/cotoneaster-dammeri-eichholz\\\/#primaryimage\"},\"thumbnailUrl\":\"https:\\\/\\\/tajkertesz.com\\\/wp-content\\\/uploads\\\/2020\\\/03\\\/Cotoneaster-dammeri-Eichholz.jpg\",\"datePublished\":\"2020-03-10T14:50:52+00:00\",\"dateModified\":\"2024-09-18T08:55:13+00:00\",\"description\":\"A Cotoneaster dammeri 'Eichholz' ,alacsony,mind\u00f6ssze 50-60 cm magasra fejl\u0151dik. Lass\u00fa n\u00f6veked\u00e9s\u0171, ez\u00e9rt kisebb kertekbe is telep\u00edthet\u0151.\",\"breadcrumb\":{\"@id\":\"https:\\\/\\\/tajkertesz.com\\\/termek\\\/cotoneaster-dammeri-eichholz\\\/#breadcrumb\"},\"inLanguage\":\"en-US\",\"potentialAction\":[{\"@type\":\"ReadAction\",\"target\":[\"https:\\\/\\\/tajkertesz.com\\\/termek\\\/cotoneaster-dammeri-eichholz\\\/\"]}]},{\"@type\":\"ImageObject\",\"inLanguage\":\"en-US\",\"@id\":\"https:\\\/\\\/tajkertesz.com\\\/termek\\\/cotoneaster-dammeri-eichholz\\\/#primaryimage\",\"url\":\"https:\\\/\\\/tajkertesz.com\\\/wp-content\\\/uploads\\\/2020\\\/03\\\/Cotoneaster-dammeri-Eichholz.jpg\",\"contentUrl\":\"https:\\\/\\\/tajkertesz.com\\\/wp-content\\\/uploads\\\/2020\\\/03\\\/Cotoneaster-dammeri-Eichholz.jpg\",\"width\":1500,\"height\":1000},{\"@type\":\"BreadcrumbList\",\"@id\":\"https:\\\/\\\/tajkertesz.com\\\/termek\\\/cotoneaster-dammeri-eichholz\\\/#breadcrumb\",\"itemListElement\":[{\"@type\":\"ListItem\",\"position\":1,\"name\":\"Home\",\"item\":\"https:\\\/\\\/tajkertesz.com\\\/\"},{\"@type\":\"ListItem\",\"position\":2,\"name\":\"Kezd\u0151lap\",\"item\":\"https:\\\/\\\/tajkertesz.com\\\/\"},{\"@type\":\"ListItem\",\"position\":3,\"name\":\"Cotoneaster dammeri &#8216;Eichholz&#8217;, Mad\u00e1rbirs\"}]},{\"@type\":\"WebSite\",\"@id\":\"https:\\\/\\\/tajkertesz.com\\\/#website\",\"url\":\"https:\\\/\\\/tajkertesz.com\\\/\",\"name\":\"T\u00e1j-Kert\u00e9sz 84 Kft.\",\"description\":\"Kert\u00e9szeti kis- \u00e9s nagykeresked\u00e9s, D\u00edszn\u00f6v\u00e9ny web\u00e1ruh\u00e1z orsz\u00e1gos h\u00e1zhozsz\u00e1ll\u00edt\u00e1ssal!\",\"publisher\":{\"@id\":\"https:\\\/\\\/tajkertesz.com\\\/#organization\"},\"potentialAction\":[{\"@type\":\"SearchAction\",\"target\":{\"@type\":\"EntryPoint\",\"urlTemplate\":\"https:\\\/\\\/tajkertesz.com\\\/?s={search_term_string}\"},\"query-input\":{\"@type\":\"PropertyValueSpecification\",\"valueRequired\":true,\"valueName\":\"search_term_string\"}}],\"inLanguage\":\"en-US\"},{\"@type\":\"Organization\",\"@id\":\"https:\\\/\\\/tajkertesz.com\\\/#organization\",\"name\":\"T\u00e1j-Kert\u00e9sz 84 Kft.\",\"url\":\"https:\\\/\\\/tajkertesz.com\\\/\",\"logo\":{\"@type\":\"ImageObject\",\"inLanguage\":\"en-US\",\"@id\":\"https:\\\/\\\/tajkertesz.com\\\/#\\\/schema\\\/logo\\\/image\\\/\",\"url\":\"https:\\\/\\\/tajkertesz.com\\\/wp-content\\\/uploads\\\/2018\\\/02\\\/logo-2-e1518678052539.png\",\"contentUrl\":\"https:\\\/\\\/tajkertesz.com\\\/wp-content\\\/uploads\\\/2018\\\/02\\\/logo-2-e1518678052539.png\",\"width\":81,\"height\":140,\"caption\":\"T\u00e1j-Kert\u00e9sz 84 Kft.\"},\"image\":{\"@id\":\"https:\\\/\\\/tajkertesz.com\\\/#\\\/schema\\\/logo\\\/image\\\/\"},\"sameAs\":[\"https:\\\/\\\/www.facebook.com\\\/Tajkertesz\\\/\"]}]}<\/script>\n<!-- \/ Yoast SEO plugin. -->","yoast_head_json":{"title":"Cotoneaster dammeri 'Eichholz', Mad\u00e1rbirs - T\u00e1jkert\u00e9sz","description":"A Cotoneaster dammeri 'Eichholz' ,alacsony,mind\u00f6ssze 50-60 cm magasra fejl\u0151dik. Lass\u00fa n\u00f6veked\u00e9s\u0171, ez\u00e9rt kisebb kertekbe is telep\u00edthet\u0151.","robots":{"index":"index","follow":"follow","max-snippet":"max-snippet:-1","max-image-preview":"max-image-preview:large","max-video-preview":"max-video-preview:-1"},"canonical":"https:\/\/tajkertesz.com\/en_US\/product\/cotoneaster-dammeri-eichholz\/","og_locale":"en_US","og_type":"article","og_title":"Cotoneaster dammeri 'Eichholz', Mad\u00e1rbirs - T\u00e1jkert\u00e9sz","og_description":"A Cotoneaster dammeri 'Eichholz' ,alacsony,mind\u00f6ssze 50-60 cm magasra fejl\u0151dik. Lass\u00fa n\u00f6veked\u00e9s\u0171, ez\u00e9rt kisebb kertekbe is telep\u00edthet\u0151.","og_url":"https:\/\/tajkertesz.com\/en_US\/product\/cotoneaster-dammeri-eichholz\/","og_site_name":"T\u00e1jkert\u00e9sz","article_publisher":"https:\/\/www.facebook.com\/Tajkertesz\/","article_modified_time":"2024-09-18T08:55:13+00:00","og_image":[{"width":1500,"height":1000,"url":"https:\/\/tajkertesz.com\/wp-content\/uploads\/2020\/03\/Cotoneaster-dammeri-Eichholz.jpg","type":"image\/jpeg"}],"twitter_card":"summary_large_image","twitter_misc":{"Est. reading time":"2 minutes"},"schema":{"@context":"https:\/\/schema.org","@graph":[{"@type":"WebPage","@id":"https:\/\/tajkertesz.com\/termek\/cotoneaster-dammeri-eichholz\/","url":"https:\/\/tajkertesz.com\/termek\/cotoneaster-dammeri-eichholz\/","name":"Cotoneaster dammeri 'Eichholz', Mad\u00e1rbirs - T\u00e1jkert\u00e9sz","isPartOf":{"@id":"https:\/\/tajkertesz.com\/#website"},"primaryImageOfPage":{"@id":"https:\/\/tajkertesz.com\/termek\/cotoneaster-dammeri-eichholz\/#primaryimage"},"image":{"@id":"https:\/\/tajkertesz.com\/termek\/cotoneaster-dammeri-eichholz\/#primaryimage"},"thumbnailUrl":"https:\/\/tajkertesz.com\/wp-content\/uploads\/2020\/03\/Cotoneaster-dammeri-Eichholz.jpg","datePublished":"2020-03-10T14:50:52+00:00","dateModified":"2024-09-18T08:55:13+00:00","description":"A Cotoneaster dammeri 'Eichholz' ,alacsony,mind\u00f6ssze 50-60 cm magasra fejl\u0151dik. Lass\u00fa n\u00f6veked\u00e9s\u0171, ez\u00e9rt kisebb kertekbe is telep\u00edthet\u0151.","breadcrumb":{"@id":"https:\/\/tajkertesz.com\/termek\/cotoneaster-dammeri-eichholz\/#breadcrumb"},"inLanguage":"en-US","potentialAction":[{"@type":"ReadAction","target":["https:\/\/tajkertesz.com\/termek\/cotoneaster-dammeri-eichholz\/"]}]},{"@type":"ImageObject","inLanguage":"en-US","@id":"https:\/\/tajkertesz.com\/termek\/cotoneaster-dammeri-eichholz\/#primaryimage","url":"https:\/\/tajkertesz.com\/wp-content\/uploads\/2020\/03\/Cotoneaster-dammeri-Eichholz.jpg","contentUrl":"https:\/\/tajkertesz.com\/wp-content\/uploads\/2020\/03\/Cotoneaster-dammeri-Eichholz.jpg","width":1500,"height":1000},{"@type":"BreadcrumbList","@id":"https:\/\/tajkertesz.com\/termek\/cotoneaster-dammeri-eichholz\/#breadcrumb","itemListElement":[{"@type":"ListItem","position":1,"name":"Home","item":"https:\/\/tajkertesz.com\/"},{"@type":"ListItem","position":2,"name":"Kezd\u0151lap","item":"https:\/\/tajkertesz.com\/"},{"@type":"ListItem","position":3,"name":"Cotoneaster dammeri &#8216;Eichholz&#8217;, Mad\u00e1rbirs"}]},{"@type":"WebSite","@id":"https:\/\/tajkertesz.com\/#website","url":"https:\/\/tajkertesz.com\/","name":"T\u00e1j-Kert\u00e9sz 84 Kft.","description":"Kert\u00e9szeti kis- \u00e9s nagykeresked\u00e9s, D\u00edszn\u00f6v\u00e9ny web\u00e1ruh\u00e1z orsz\u00e1gos h\u00e1zhozsz\u00e1ll\u00edt\u00e1ssal!","publisher":{"@id":"https:\/\/tajkertesz.com\/#organization"},"potentialAction":[{"@type":"SearchAction","target":{"@type":"EntryPoint","urlTemplate":"https:\/\/tajkertesz.com\/?s={search_term_string}"},"query-input":{"@type":"PropertyValueSpecification","valueRequired":true,"valueName":"search_term_string"}}],"inLanguage":"en-US"},{"@type":"Organization","@id":"https:\/\/tajkertesz.com\/#organization","name":"T\u00e1j-Kert\u00e9sz 84 Kft.","url":"https:\/\/tajkertesz.com\/","logo":{"@type":"ImageObject","inLanguage":"en-US","@id":"https:\/\/tajkertesz.com\/#\/schema\/logo\/image\/","url":"https:\/\/tajkertesz.com\/wp-content\/uploads\/2018\/02\/logo-2-e1518678052539.png","contentUrl":"https:\/\/tajkertesz.com\/wp-content\/uploads\/2018\/02\/logo-2-e1518678052539.png","width":81,"height":140,"caption":"T\u00e1j-Kert\u00e9sz 84 Kft."},"image":{"@id":"https:\/\/tajkertesz.com\/#\/schema\/logo\/image\/"},"sameAs":["https:\/\/www.facebook.com\/Tajkertesz\/"]}]}},"_links":{"self":[{"href":"https:\/\/tajkertesz.com\/en_US\/wp-json\/wp\/v2\/product\/1265","targetHints":{"allow":["GET"]}}],"collection":[{"href":"https:\/\/tajkertesz.com\/en_US\/wp-json\/wp\/v2\/product"}],"about":[{"href":"https:\/\/tajkertesz.com\/en_US\/wp-json\/wp\/v2\/types\/product"}],"wp:featuredmedia":[{"embeddable":true,"href":"https:\/\/tajkertesz.com\/en_US\/wp-json\/wp\/v2\/media\/1267"}],"wp:attachment":[{"href":"https:\/\/tajkertesz.com\/en_US\/wp-json\/wp\/v2\/media?parent=1265"}],"wp:term":[{"taxonomy":"product_brand","embeddable":true,"href":"https:\/\/tajkertesz.com\/en_US\/wp-json\/wp\/v2\/product_brand?post=1265"},{"taxonomy":"product_cat","embeddable":true,"href":"https:\/\/tajkertesz.com\/en_US\/wp-json\/wp\/v2\/product_cat?post=1265"},{"taxonomy":"product_tag","embeddable":true,"href":"https:\/\/tajkertesz.com\/en_US\/wp-json\/wp\/v2\/product_tag?post=1265"}],"curies":[{"name":"wp","href":"https:\/\/api.w.org\/{rel}","templated":true}]}}