{"id":1276,"date":"2020-03-10T15:19:32","date_gmt":"2020-03-10T15:19:32","guid":{"rendered":"https:\/\/tajkertesz.com\/?post_type=product&#038;p=1276"},"modified":"2022-06-08T09:24:45","modified_gmt":"2022-06-08T09:24:45","slug":"deutzia-gracilis-torpe-gyongyviragcserje","status":"publish","type":"product","link":"https:\/\/tajkertesz.com\/en_US\/product\/deutzia-gracilis-torpe-gyongyviragcserje\/","title":{"rendered":"Deutzia gracilis &#8216;Nikko&#8217;,T\u00f6rpe gy\u00f6ngyvir\u00e1gcserje"},"content":{"rendered":"<p>Deutzia gracilis &#8216;Nikko&#8217;,T\u00f6rpe gy\u00f6ngyvir\u00e1gcserje<\/p>\n<p>A Deutzia gracilis &#8216;Nikko&#8217;,T\u00f6rpe gy\u00f6ngyvir\u00e1gcserje 50-70 cm magas, mereven fel\u00e1ll\u00f3 \u00e1g\u00fa cserje.<\/p>\n<p>Levelei 3-6 cm hossz\u00faak, vil\u00e1gosz\u00f6ldek. 1, 5-2 cm \u00e1tm\u00e9r\u0151j\u0171 h\u00f3feh\u00e9r vir\u00e1gai 4-9 cm-es fel\u00e1ll\u00f3 f\u00fcrt\u00f6kben m\u00e1jus \u2013 j\u00faniusban ny\u00edlnak.<\/p>\n<p style=\"line-height: 18.0pt; background: white; margin: 0cm 0cm 15.0pt 0cm;\"><span style=\"font-family: 'Ubuntu',serif; color: black;\">El\u00e9rhet\u0151 t\u00f6bbf\u00e9le m\u00e9retben \u00e9s \u00e1rban.<\/span><\/p>\n<p>Kb. 30 cm<\/p>\n<p style=\"line-height: 18.0pt; background: white; margin: 0cm 0cm 15.0pt 0cm;\"><b><span style=\"font-family: 'Ubuntu',serif; color: black;\">K\u00e9szlet\u00fcnk napi szinten v\u00e1ltozik, ez\u00e9rt k\u00e9rj\u00fck, \u00e9rdekl\u0151dj\u00f6n szem\u00e9lyesen, telefonon vagy email-en.<br \/>\nA v\u00e1ltoztat\u00e1s jog\u00e1t fenntartjuk!\u00a0<\/span><\/b><\/p>\n<p><a href=\"https:\/\/tajkertesz.com\/\">https:\/\/tajkertesz.com\/<\/a><\/p>\n<p><a href=\"https:\/\/en.wikipedia.org\/wiki\/Deutzia_gracilis\">https:\/\/en.wikipedia.org\/wiki\/Deutzia_gracilis<\/a><\/p>\n<p><span style=\"color: #ffffff;\">The deutzias are fairly new to gardens: the exception,\u00a0<i>D. scabra<\/i>, was noticed in Japanese gardens by\u00a0<a style=\"color: #ffffff;\" title=\"Engelbert Kaempfer\" href=\"https:\/\/en.wikipedia.org\/wiki\/Engelbert_Kaempfer\">Engelbert Kaempfer<\/a>\u00a0(1712) and\u00a0<a style=\"color: #ffffff;\" title=\"Carl Peter Thunberg\" href=\"https:\/\/en.wikipedia.org\/wiki\/Carl_Peter_Thunberg\">Carl Peter Thunberg<\/a>\u00a0(1784) but not actually seen in Europe till the 1830s; two-thirds of the species noted in the\u00a0<a style=\"color: #ffffff;\" title=\"Royal Horticultural Society\" href=\"https:\/\/en.wikipedia.org\/wiki\/Royal_Horticultural_Society\">R.H.S.<\/a>\u00a0<i>Dictionary<\/i>\u00a0were gathered in from the wild during the 20th century.<sup id=\"cite_ref-3\" class=\"reference\"><a style=\"color: #ffffff;\" href=\"https:\/\/en.wikipedia.org\/wiki\/Deutzia#cite_note-3\">[3]<\/a><\/sup><\/span><\/p>\n<p><span style=\"color: #ffffff;\">Deutzias are commonly grown as\u00a0<a style=\"color: #ffffff;\" title=\"Ornamental plant\" href=\"https:\/\/en.wikipedia.org\/wiki\/Ornamental_plant\">ornamental plants<\/a>\u00a0for their white and pink flowers. Many\u00a0<a style=\"color: #ffffff;\" title=\"Cultivar\" href=\"https:\/\/en.wikipedia.org\/wiki\/Cultivar\">cultivars<\/a>\u00a0and\u00a0<a style=\"color: #ffffff;\" title=\"Hybrid (biology)\" href=\"https:\/\/en.wikipedia.org\/wiki\/Hybrid_(biology)#Hybrid_plants\">hybrids<\/a>\u00a0have been selected for garden use, including selections with\u00a0<a class=\"mw-redirect\" style=\"color: #ffffff;\" title=\"Double flowers\" href=\"https:\/\/en.wikipedia.org\/wiki\/Double_flowers\">double flowers<\/a>. For example,\u00a0<i>Deutzia<\/i>\u00a0\u00d7\u00a0<i>lemoinei<\/i>\u00a0is a hybrid of\u00a0<i>D. gracilis<\/i>\u00a0and\u00a0<i>D. parviflora<\/i>. The following cultivars and hybrids have gained the\u00a0<a style=\"color: #ffffff;\" title=\"Royal Horticultural Society\" href=\"https:\/\/en.wikipedia.org\/wiki\/Royal_Horticultural_Society\">Royal Horticultural Society<\/a>&#8216;s\u00a0<a style=\"color: #ffffff;\" title=\"Award of Garden Merit\" href=\"https:\/\/en.wikipedia.org\/wiki\/Award_of_Garden_Merit\">Award of Garden Merit<\/a>:<sup id=\"cite_ref-4\" class=\"reference\"><a style=\"color: #ffffff;\" href=\"https:\/\/en.wikipedia.org\/wiki\/Deutzia#cite_note-4\">[4]<\/a><\/sup>&#8211;<\/span><\/p>\n<p>&nbsp;<\/p>\n<p><span style=\"color: #ffffff;\">The temperate deutzias are mostly hardy shrubs from far eastern regions where winters are dependably frozen; in milder climates, like much of England, the early-flowering species and hybrids are coaxed into premature bloom by mild spells, then spoilt by frost. Alice Coats<sup id=\"cite_ref-Coats_1964_1992_14-0\" class=\"reference\"><a style=\"color: #ffffff;\" href=\"https:\/\/en.wikipedia.org\/wiki\/Deutzia#cite_note-Coats_1964_1992-14\">[14]<\/a><\/sup>\u00a0remarks that deutzias have done better in Edinburgh, on the chilly east coast of Scotland, than in London. A solution in milder climates might be to site deutzia in the garden&#8217;s most exposed, coldest microclimate, as is often done with early-flowering magnolias.<\/span><\/p>\n<p>&nbsp;<\/p>\n<p>&nbsp;<\/p>\n","protected":false},"excerpt":{"rendered":"<p>A Deutzia gracilis,Karcs\u00fa gy\u00f6ngyvir\u00e1gcserje 50-70 cm magas, mereven fel\u00e1ll\u00f3 \u00e1g\u00fa cserje.<\/p>\n<p>Levelei 3-6 cm hossz\u00faak, vil\u00e1gosz\u00f6ldek. 1, 5-2 cm \u00e1tm\u00e9r\u0151j\u0171 h\u00f3feh\u00e9r vir\u00e1gai 4-9 cm-es fel\u00e1ll\u00f3 f\u00fcrt\u00f6kben m\u00e1jus \u2013 j\u00faniusban ny\u00edlnak.<\/p>","protected":false},"featured_media":1274,"template":"","meta":{"_et_pb_use_builder":"","_et_pb_old_content":"","_et_gb_content_width":""},"product_brand":[],"product_cat":[27],"product_tag":[287,289,290],"class_list":{"0":"post-1276","1":"product","2":"type-product","3":"status-publish","4":"has-post-thumbnail","6":"product_cat-cserjek","7":"product_tag-deutzia-gracilis","8":"product_tag-nikko","9":"product_tag-torpe-gyongyviragcserje","11":"first","12":"instock","13":"shipping-taxable","14":"product-type-simple"},"yoast_head":"<!-- This site is optimized with the Yoast SEO plugin v27.3 - https:\/\/yoast.com\/product\/yoast-seo-wordpress\/ -->\n<title>Deutzia gracilis &#039;Nikko&#039;,T\u00f6rpe gy\u00f6ngyvir\u00e1gcserje - T\u00e1jkert\u00e9sz<\/title>\n<meta name=\"description\" content=\"A Deutzia gracilis,Karcs\u00fa gy\u00f6ngyvir\u00e1gcserje 50-70 cm magas, mereven fel\u00e1ll\u00f3 \u00e1g\u00fa cserje.Levelei 3-6 cm hossz\u00faak, vil\u00e1gosz\u00f6ldek.\" \/>\n<meta name=\"robots\" content=\"index, follow, max-snippet:-1, max-image-preview:large, max-video-preview:-1\" \/>\n<link rel=\"canonical\" href=\"https:\/\/tajkertesz.com\/en_US\/product\/deutzia-gracilis-torpe-gyongyviragcserje\/\" \/>\n<meta property=\"og:locale\" content=\"en_US\" \/>\n<meta property=\"og:type\" content=\"article\" \/>\n<meta property=\"og:title\" content=\"Deutzia gracilis &#039;Nikko&#039;,T\u00f6rpe gy\u00f6ngyvir\u00e1gcserje - T\u00e1jkert\u00e9sz\" \/>\n<meta property=\"og:description\" content=\"A Deutzia gracilis,Karcs\u00fa gy\u00f6ngyvir\u00e1gcserje 50-70 cm magas, mereven fel\u00e1ll\u00f3 \u00e1g\u00fa cserje.Levelei 3-6 cm hossz\u00faak, vil\u00e1gosz\u00f6ldek.\" \/>\n<meta property=\"og:url\" content=\"https:\/\/tajkertesz.com\/en_US\/product\/deutzia-gracilis-torpe-gyongyviragcserje\/\" \/>\n<meta property=\"og:site_name\" content=\"T\u00e1jkert\u00e9sz\" \/>\n<meta property=\"article:publisher\" content=\"https:\/\/www.facebook.com\/Tajkertesz\/\" \/>\n<meta property=\"article:modified_time\" content=\"2022-06-08T09:24:45+00:00\" \/>\n<meta property=\"og:image\" content=\"https:\/\/tajkertesz.com\/wp-content\/uploads\/2020\/03\/Deutzia_gracilis.jpg\" \/>\n\t<meta property=\"og:image:width\" content=\"800\" \/>\n\t<meta property=\"og:image:height\" content=\"1209\" \/>\n\t<meta property=\"og:image:type\" content=\"image\/jpeg\" \/>\n<meta name=\"twitter:card\" content=\"summary_large_image\" \/>\n<meta name=\"twitter:label1\" content=\"Est. reading time\" \/>\n\t<meta name=\"twitter:data1\" content=\"2 minutes\" \/>\n<script type=\"application\/ld+json\" class=\"yoast-schema-graph\">{\"@context\":\"https:\\\/\\\/schema.org\",\"@graph\":[{\"@type\":\"WebPage\",\"@id\":\"https:\\\/\\\/tajkertesz.com\\\/termek\\\/deutzia-gracilis-torpe-gyongyviragcserje\\\/\",\"url\":\"https:\\\/\\\/tajkertesz.com\\\/termek\\\/deutzia-gracilis-torpe-gyongyviragcserje\\\/\",\"name\":\"Deutzia gracilis 'Nikko',T\u00f6rpe gy\u00f6ngyvir\u00e1gcserje - T\u00e1jkert\u00e9sz\",\"isPartOf\":{\"@id\":\"https:\\\/\\\/tajkertesz.com\\\/#website\"},\"primaryImageOfPage\":{\"@id\":\"https:\\\/\\\/tajkertesz.com\\\/termek\\\/deutzia-gracilis-torpe-gyongyviragcserje\\\/#primaryimage\"},\"image\":{\"@id\":\"https:\\\/\\\/tajkertesz.com\\\/termek\\\/deutzia-gracilis-torpe-gyongyviragcserje\\\/#primaryimage\"},\"thumbnailUrl\":\"https:\\\/\\\/tajkertesz.com\\\/wp-content\\\/uploads\\\/2020\\\/03\\\/Deutzia_gracilis.jpg\",\"datePublished\":\"2020-03-10T15:19:32+00:00\",\"dateModified\":\"2022-06-08T09:24:45+00:00\",\"description\":\"A Deutzia gracilis,Karcs\u00fa gy\u00f6ngyvir\u00e1gcserje 50-70 cm magas, mereven fel\u00e1ll\u00f3 \u00e1g\u00fa cserje.Levelei 3-6 cm hossz\u00faak, vil\u00e1gosz\u00f6ldek.\",\"breadcrumb\":{\"@id\":\"https:\\\/\\\/tajkertesz.com\\\/termek\\\/deutzia-gracilis-torpe-gyongyviragcserje\\\/#breadcrumb\"},\"inLanguage\":\"en-US\",\"potentialAction\":[{\"@type\":\"ReadAction\",\"target\":[\"https:\\\/\\\/tajkertesz.com\\\/termek\\\/deutzia-gracilis-torpe-gyongyviragcserje\\\/\"]}]},{\"@type\":\"ImageObject\",\"inLanguage\":\"en-US\",\"@id\":\"https:\\\/\\\/tajkertesz.com\\\/termek\\\/deutzia-gracilis-torpe-gyongyviragcserje\\\/#primaryimage\",\"url\":\"https:\\\/\\\/tajkertesz.com\\\/wp-content\\\/uploads\\\/2020\\\/03\\\/Deutzia_gracilis.jpg\",\"contentUrl\":\"https:\\\/\\\/tajkertesz.com\\\/wp-content\\\/uploads\\\/2020\\\/03\\\/Deutzia_gracilis.jpg\",\"width\":800,\"height\":1209},{\"@type\":\"BreadcrumbList\",\"@id\":\"https:\\\/\\\/tajkertesz.com\\\/termek\\\/deutzia-gracilis-torpe-gyongyviragcserje\\\/#breadcrumb\",\"itemListElement\":[{\"@type\":\"ListItem\",\"position\":1,\"name\":\"Home\",\"item\":\"https:\\\/\\\/tajkertesz.com\\\/\"},{\"@type\":\"ListItem\",\"position\":2,\"name\":\"Kezd\u0151lap\",\"item\":\"https:\\\/\\\/tajkertesz.com\\\/\"},{\"@type\":\"ListItem\",\"position\":3,\"name\":\"Deutzia gracilis &#8216;Nikko&#8217;,T\u00f6rpe gy\u00f6ngyvir\u00e1gcserje\"}]},{\"@type\":\"WebSite\",\"@id\":\"https:\\\/\\\/tajkertesz.com\\\/#website\",\"url\":\"https:\\\/\\\/tajkertesz.com\\\/\",\"name\":\"T\u00e1j-Kert\u00e9sz 84 Kft.\",\"description\":\"Kert\u00e9szeti kis- \u00e9s nagykeresked\u00e9s, D\u00edszn\u00f6v\u00e9ny web\u00e1ruh\u00e1z orsz\u00e1gos h\u00e1zhozsz\u00e1ll\u00edt\u00e1ssal!\",\"publisher\":{\"@id\":\"https:\\\/\\\/tajkertesz.com\\\/#organization\"},\"potentialAction\":[{\"@type\":\"SearchAction\",\"target\":{\"@type\":\"EntryPoint\",\"urlTemplate\":\"https:\\\/\\\/tajkertesz.com\\\/?s={search_term_string}\"},\"query-input\":{\"@type\":\"PropertyValueSpecification\",\"valueRequired\":true,\"valueName\":\"search_term_string\"}}],\"inLanguage\":\"en-US\"},{\"@type\":\"Organization\",\"@id\":\"https:\\\/\\\/tajkertesz.com\\\/#organization\",\"name\":\"T\u00e1j-Kert\u00e9sz 84 Kft.\",\"url\":\"https:\\\/\\\/tajkertesz.com\\\/\",\"logo\":{\"@type\":\"ImageObject\",\"inLanguage\":\"en-US\",\"@id\":\"https:\\\/\\\/tajkertesz.com\\\/#\\\/schema\\\/logo\\\/image\\\/\",\"url\":\"https:\\\/\\\/tajkertesz.com\\\/wp-content\\\/uploads\\\/2018\\\/02\\\/logo-2-e1518678052539.png\",\"contentUrl\":\"https:\\\/\\\/tajkertesz.com\\\/wp-content\\\/uploads\\\/2018\\\/02\\\/logo-2-e1518678052539.png\",\"width\":81,\"height\":140,\"caption\":\"T\u00e1j-Kert\u00e9sz 84 Kft.\"},\"image\":{\"@id\":\"https:\\\/\\\/tajkertesz.com\\\/#\\\/schema\\\/logo\\\/image\\\/\"},\"sameAs\":[\"https:\\\/\\\/www.facebook.com\\\/Tajkertesz\\\/\"]}]}<\/script>\n<!-- \/ Yoast SEO plugin. -->","yoast_head_json":{"title":"Deutzia gracilis 'Nikko',T\u00f6rpe gy\u00f6ngyvir\u00e1gcserje - T\u00e1jkert\u00e9sz","description":"A Deutzia gracilis,Karcs\u00fa gy\u00f6ngyvir\u00e1gcserje 50-70 cm magas, mereven fel\u00e1ll\u00f3 \u00e1g\u00fa cserje.Levelei 3-6 cm hossz\u00faak, vil\u00e1gosz\u00f6ldek.","robots":{"index":"index","follow":"follow","max-snippet":"max-snippet:-1","max-image-preview":"max-image-preview:large","max-video-preview":"max-video-preview:-1"},"canonical":"https:\/\/tajkertesz.com\/en_US\/product\/deutzia-gracilis-torpe-gyongyviragcserje\/","og_locale":"en_US","og_type":"article","og_title":"Deutzia gracilis 'Nikko',T\u00f6rpe gy\u00f6ngyvir\u00e1gcserje - T\u00e1jkert\u00e9sz","og_description":"A Deutzia gracilis,Karcs\u00fa gy\u00f6ngyvir\u00e1gcserje 50-70 cm magas, mereven fel\u00e1ll\u00f3 \u00e1g\u00fa cserje.Levelei 3-6 cm hossz\u00faak, vil\u00e1gosz\u00f6ldek.","og_url":"https:\/\/tajkertesz.com\/en_US\/product\/deutzia-gracilis-torpe-gyongyviragcserje\/","og_site_name":"T\u00e1jkert\u00e9sz","article_publisher":"https:\/\/www.facebook.com\/Tajkertesz\/","article_modified_time":"2022-06-08T09:24:45+00:00","og_image":[{"width":800,"height":1209,"url":"https:\/\/tajkertesz.com\/wp-content\/uploads\/2020\/03\/Deutzia_gracilis.jpg","type":"image\/jpeg"}],"twitter_card":"summary_large_image","twitter_misc":{"Est. reading time":"2 minutes"},"schema":{"@context":"https:\/\/schema.org","@graph":[{"@type":"WebPage","@id":"https:\/\/tajkertesz.com\/termek\/deutzia-gracilis-torpe-gyongyviragcserje\/","url":"https:\/\/tajkertesz.com\/termek\/deutzia-gracilis-torpe-gyongyviragcserje\/","name":"Deutzia gracilis 'Nikko',T\u00f6rpe gy\u00f6ngyvir\u00e1gcserje - T\u00e1jkert\u00e9sz","isPartOf":{"@id":"https:\/\/tajkertesz.com\/#website"},"primaryImageOfPage":{"@id":"https:\/\/tajkertesz.com\/termek\/deutzia-gracilis-torpe-gyongyviragcserje\/#primaryimage"},"image":{"@id":"https:\/\/tajkertesz.com\/termek\/deutzia-gracilis-torpe-gyongyviragcserje\/#primaryimage"},"thumbnailUrl":"https:\/\/tajkertesz.com\/wp-content\/uploads\/2020\/03\/Deutzia_gracilis.jpg","datePublished":"2020-03-10T15:19:32+00:00","dateModified":"2022-06-08T09:24:45+00:00","description":"A Deutzia gracilis,Karcs\u00fa gy\u00f6ngyvir\u00e1gcserje 50-70 cm magas, mereven fel\u00e1ll\u00f3 \u00e1g\u00fa cserje.Levelei 3-6 cm hossz\u00faak, vil\u00e1gosz\u00f6ldek.","breadcrumb":{"@id":"https:\/\/tajkertesz.com\/termek\/deutzia-gracilis-torpe-gyongyviragcserje\/#breadcrumb"},"inLanguage":"en-US","potentialAction":[{"@type":"ReadAction","target":["https:\/\/tajkertesz.com\/termek\/deutzia-gracilis-torpe-gyongyviragcserje\/"]}]},{"@type":"ImageObject","inLanguage":"en-US","@id":"https:\/\/tajkertesz.com\/termek\/deutzia-gracilis-torpe-gyongyviragcserje\/#primaryimage","url":"https:\/\/tajkertesz.com\/wp-content\/uploads\/2020\/03\/Deutzia_gracilis.jpg","contentUrl":"https:\/\/tajkertesz.com\/wp-content\/uploads\/2020\/03\/Deutzia_gracilis.jpg","width":800,"height":1209},{"@type":"BreadcrumbList","@id":"https:\/\/tajkertesz.com\/termek\/deutzia-gracilis-torpe-gyongyviragcserje\/#breadcrumb","itemListElement":[{"@type":"ListItem","position":1,"name":"Home","item":"https:\/\/tajkertesz.com\/"},{"@type":"ListItem","position":2,"name":"Kezd\u0151lap","item":"https:\/\/tajkertesz.com\/"},{"@type":"ListItem","position":3,"name":"Deutzia gracilis &#8216;Nikko&#8217;,T\u00f6rpe gy\u00f6ngyvir\u00e1gcserje"}]},{"@type":"WebSite","@id":"https:\/\/tajkertesz.com\/#website","url":"https:\/\/tajkertesz.com\/","name":"T\u00e1j-Kert\u00e9sz 84 Kft.","description":"Kert\u00e9szeti kis- \u00e9s nagykeresked\u00e9s, D\u00edszn\u00f6v\u00e9ny web\u00e1ruh\u00e1z orsz\u00e1gos h\u00e1zhozsz\u00e1ll\u00edt\u00e1ssal!","publisher":{"@id":"https:\/\/tajkertesz.com\/#organization"},"potentialAction":[{"@type":"SearchAction","target":{"@type":"EntryPoint","urlTemplate":"https:\/\/tajkertesz.com\/?s={search_term_string}"},"query-input":{"@type":"PropertyValueSpecification","valueRequired":true,"valueName":"search_term_string"}}],"inLanguage":"en-US"},{"@type":"Organization","@id":"https:\/\/tajkertesz.com\/#organization","name":"T\u00e1j-Kert\u00e9sz 84 Kft.","url":"https:\/\/tajkertesz.com\/","logo":{"@type":"ImageObject","inLanguage":"en-US","@id":"https:\/\/tajkertesz.com\/#\/schema\/logo\/image\/","url":"https:\/\/tajkertesz.com\/wp-content\/uploads\/2018\/02\/logo-2-e1518678052539.png","contentUrl":"https:\/\/tajkertesz.com\/wp-content\/uploads\/2018\/02\/logo-2-e1518678052539.png","width":81,"height":140,"caption":"T\u00e1j-Kert\u00e9sz 84 Kft."},"image":{"@id":"https:\/\/tajkertesz.com\/#\/schema\/logo\/image\/"},"sameAs":["https:\/\/www.facebook.com\/Tajkertesz\/"]}]}},"_links":{"self":[{"href":"https:\/\/tajkertesz.com\/en_US\/wp-json\/wp\/v2\/product\/1276","targetHints":{"allow":["GET"]}}],"collection":[{"href":"https:\/\/tajkertesz.com\/en_US\/wp-json\/wp\/v2\/product"}],"about":[{"href":"https:\/\/tajkertesz.com\/en_US\/wp-json\/wp\/v2\/types\/product"}],"wp:featuredmedia":[{"embeddable":true,"href":"https:\/\/tajkertesz.com\/en_US\/wp-json\/wp\/v2\/media\/1274"}],"wp:attachment":[{"href":"https:\/\/tajkertesz.com\/en_US\/wp-json\/wp\/v2\/media?parent=1276"}],"wp:term":[{"taxonomy":"product_brand","embeddable":true,"href":"https:\/\/tajkertesz.com\/en_US\/wp-json\/wp\/v2\/product_brand?post=1276"},{"taxonomy":"product_cat","embeddable":true,"href":"https:\/\/tajkertesz.com\/en_US\/wp-json\/wp\/v2\/product_cat?post=1276"},{"taxonomy":"product_tag","embeddable":true,"href":"https:\/\/tajkertesz.com\/en_US\/wp-json\/wp\/v2\/product_tag?post=1276"}],"curies":[{"name":"wp","href":"https:\/\/api.w.org\/{rel}","templated":true}]}}