{"id":12852,"date":"2022-04-22T10:54:41","date_gmt":"2022-04-22T10:54:41","guid":{"rendered":"https:\/\/tajkertesz.com\/?post_type=product&#038;p=12852"},"modified":"2026-02-16T14:42:10","modified_gmt":"2026-02-16T14:42:10","slug":"nortene-pyramid-piramis-alaku-novenyfuttato","status":"publish","type":"product","link":"https:\/\/tajkertesz.com\/en_US\/product\/nortene-pyramid-piramis-alaku-novenyfuttato\/","title":{"rendered":"Pyramid vessz\u0151vel bor\u00edtott piramis alak\u00fa n\u00f6v\u00e9nyfuttat\u00f3"},"content":{"rendered":"<p>Nortene Pyramid vessz\u0151vel bor\u00edtott piramis alak\u00fa n\u00f6v\u00e9nyfuttat\u00f3<\/p>\n<p>A Nortene Pyramid vessz\u0151vel bor\u00edtott piramis alak\u00fa n\u00f6v\u00e9nyfuttat\u00f3 egy\u00a0 kifinomult futtat\u00f3, mely \u00f6tv\u00f6zi a f\u00e9met \u00e9s a term\u00e9szetes anyagot.<\/p>\n<p>Vir\u00e1g\u00e1gy\u00e1sba vagy cser\u00e9pbe is helyezhet\u0151 a fut\u00f3n\u00f6v\u00e9nyek sz\u00e1m\u00e1ra, de mag\u00e1ban is t\u00f6k\u00e9letes d\u00edsz\u00edt\u0151 eleme lehet kertj\u00e9nek, udvar\u00e1nak.<\/p>\n<h2 class=\"justtellmewhat uppercase color-green-2 text-3xl\">EL\u0150NY\u00d6K<\/h2>\n<div class=\"mt-2 color-brown text-lg\">\n<p>&#8211; Term\u00e9szetes h\u00e1ntolatlan vessz\u0151vel bor\u00edtott k\u00fap alak\u00fa f\u00e9m n\u00f6v\u00e9nyfuttat\u00f3.<br \/>\n&#8211; Vir\u00e1g\u00e1gy\u00e1sba vagy cser\u00e9pbe is helyezhet\u0151 a fut\u00f3n\u00f6v\u00e9nyek sz\u00e1m\u00e1ra.<br \/>\n&#8211; \u00d6nmag\u00e1ban is t\u00f6k\u00e9letes d\u00edsz\u00edt\u0151eleme lehet teraszra vagy kertbe kihelyezve.<br \/>\n&#8211; Alkalmazhat\u00f3 stiliz\u00e1lt kar\u00e1csonyfak\u00e9nt is.<br \/>\n&#8211; \u00d6sszeszerel\u00e9st nem ig\u00e9nyel, azonnal kihelyezhet\u0151.<br \/>\n&#8211; Term\u00e9szetes megjelen\u00e9s.<br \/>\n&#8211; Telep\u00edt\u00e9skor aj\u00e1nlott el\u0151sz\u00f6r a fut\u00f3n\u00f6v\u00e9nyt el\u00fcltetni, majd a n\u00f6v\u00e9nyt\u00e1maszt a n\u00f6v\u00e9ny k\u00f6r\u00e9 helyezni.<\/p>\n<h2 class=\"justtellmewhat uppercase color-green-2 text-3xl mt-10\">JELLEMZ\u0150K<\/h2>\n<div class=\"mt-2 color-brown text-lg\">\n<p>&#8211; Anyaga: h\u00e1ntolatlan vessz\u0151 + f\u00e9m<br \/>\n&#8211; Sz\u00edne: barna<br \/>\n&#8211; M\u00e9rete: \u00d8 0,30 x 1,30 m<br \/>\n&#8211; L\u00e1bak sz\u00e1ma \u00e9s m\u00e9rete: 4 db 11 cm magas f\u00e9m l\u00e1b<\/p>\n<\/div>\n<\/div>\n<p>&nbsp;<\/p>\n<p>&nbsp;<\/p>\n<p style=\"line-height: 18.0pt; background: white; margin: 0cm 0cm 15.0pt 0cm;\"><b><span style=\"font-family: 'Ubuntu',serif; color: black;\">K\u00e9szlet\u00fcnk napi szinten v\u00e1ltozik, ez\u00e9rt k\u00e9rj\u00fck, \u00e9rdekl\u0151dj\u00f6n szem\u00e9lyesen, telefonon vagy email-en.<br \/>\nA v\u00e1ltoztat\u00e1s jog\u00e1t fenntartjuk!\u00a0<\/span><\/b><\/p>\n<p><a href=\"https:\/\/tajkertesz.com\/\">https:\/\/tajkertesz.com\/<\/a><\/p>\n<p><a href=\"https:\/\/www.facebook.com\/tajkertesz\/\">https:\/\/www.facebook.com\/tajkertesz\/<\/a><\/p>\n<p>Kisz\u00e1ll\u00edt\u00e1s: 200 cm \u00e9s 40 kg is a sz\u00e1ll\u00edt\u00e1s fut\u00e1rszolg\u00e1lattal t\u00f6rt\u00e9nik.<br \/>\nSzem\u00e9lyes \u00e1tv\u00e9tel nyitvatart\u00e1si id\u0151ben a 17. ker\u00fclet Bakancsos utca 7. sz\u00e1m alatti Kert\u00e9szeti \u00e1rud\u00e1ban.<\/p>\n<p><span style=\"color: #ffffff;\">EL\u0150NY\u00d6K<\/span><\/p>\n<p><span style=\"color: #ffffff;\">&#8211; Term\u00e9szetes h\u00e1ntolatlan vessz\u0151vel bor\u00edtott k\u00fap alak\u00fa f\u00e9m n\u00f6v\u00e9nyfuttat\u00f3.<\/span><br \/>\n<span style=\"color: #ffffff;\">&#8211; Vir\u00e1g\u00e1gy\u00e1sba vagy cser\u00e9pbe is helyezhet\u0151 a fut\u00f3n\u00f6v\u00e9nyek sz\u00e1m\u00e1ra.<\/span><br \/>\n<span style=\"color: #ffffff;\">&#8211; \u00d6nmag\u00e1ban is t\u00f6k\u00e9letes d\u00edsz\u00edt\u0151eleme lehet teraszra vagy kertbe kihelyezve.<\/span><br \/>\n<span style=\"color: #ffffff;\">&#8211; Alkalmazhat\u00f3 stiliz\u00e1lt kar\u00e1csonyfak\u00e9nt is.<\/span><br \/>\n<span style=\"color: #ffffff;\">&#8211; \u00d6sszeszerel\u00e9st nem ig\u00e9nyel, azonnal kihelyezhet\u0151.<\/span><br \/>\n<span style=\"color: #ffffff;\">&#8211; Term\u00e9szetes megjelen\u00e9s.<\/span><br \/>\n<span style=\"color: #ffffff;\">&#8211; Telep\u00edt\u00e9skor aj\u00e1nlott el\u0151sz\u00f6r a fut\u00f3n\u00f6v\u00e9nyt el\u00fcltetni, majd a n\u00f6v\u00e9nyt\u00e1maszt a n\u00f6v\u00e9ny k\u00f6r\u00e9 helyezni.<\/span><\/p>\n<h2 class=\"justtellmewhat uppercase color-green-2 text-3xl mt-10\"><span style=\"color: #ffffff;\">JELLEMZ\u0150K<\/span><\/h2>\n<div class=\"mt-2 color-brown text-lg\">\n<p><span style=\"color: #ffffff;\">&#8211; Anyaga: h\u00e1ntolatlan vessz\u0151 + f\u00e9m<\/span><br \/>\n<span style=\"color: #ffffff;\">&#8211; Sz\u00edne: barna<\/span><br \/>\n<span style=\"color: #ffffff;\">&#8211; M\u00e9rete: \u00d8 0,30 x 1,30 m<\/span><br \/>\n<span style=\"color: #ffffff;\">&#8211; L\u00e1bak sz\u00e1ma \u00e9s m\u00e9rete: 4 db 11 cm magas f\u00e9m l\u00e1b<\/span><\/p>\n<\/div>\n<p>&nbsp;<\/p>\n<p><span style=\"color: #ffffff;\">EL\u0150NY\u00d6K<\/span><\/p>\n<p><span style=\"color: #ffffff;\">&#8211; Term\u00e9szetes h\u00e1ntolatlan vessz\u0151vel bor\u00edtott k\u00fap alak\u00fa f\u00e9m n\u00f6v\u00e9nyfuttat\u00f3.<\/span><br \/>\n<span style=\"color: #ffffff;\">&#8211; Vir\u00e1g\u00e1gy\u00e1sba vagy cser\u00e9pbe is helyezhet\u0151 a fut\u00f3n\u00f6v\u00e9nyek sz\u00e1m\u00e1ra.<\/span><br \/>\n<span style=\"color: #ffffff;\">&#8211; \u00d6nmag\u00e1ban is t\u00f6k\u00e9letes d\u00edsz\u00edt\u0151eleme lehet teraszra vagy kertbe kihelyezve.<\/span><br \/>\n<span style=\"color: #ffffff;\">&#8211; Alkalmazhat\u00f3 stiliz\u00e1lt kar\u00e1csonyfak\u00e9nt is.<\/span><br \/>\n<span style=\"color: #ffffff;\">&#8211; \u00d6sszeszerel\u00e9st nem ig\u00e9nyel, azonnal kihelyezhet\u0151.<\/span><br \/>\n<span style=\"color: #ffffff;\">&#8211; Term\u00e9szetes megjelen\u00e9s.<\/span><br \/>\n<span style=\"color: #ffffff;\">&#8211; Telep\u00edt\u00e9skor aj\u00e1nlott el\u0151sz\u00f6r a fut\u00f3n\u00f6v\u00e9nyt el\u00fcltetni, majd a n\u00f6v\u00e9nyt\u00e1maszt a n\u00f6v\u00e9ny k\u00f6r\u00e9 helyezni.<\/span><\/p>\n<h2 class=\"justtellmewhat uppercase color-green-2 text-3xl mt-10\"><span style=\"color: #ffffff;\">JELLEMZ\u0150K<\/span><\/h2>\n<div class=\"mt-2 color-brown text-lg\">\n<p><span style=\"color: #ffffff;\">&#8211; Anyaga: h\u00e1ntolatlan vessz\u0151 + f\u00e9m<\/span><br \/>\n<span style=\"color: #ffffff;\">&#8211; Sz\u00edne: barna<\/span><br \/>\n<span style=\"color: #ffffff;\">&#8211; M\u00e9rete: \u00d8 0,30 x 1,30 m<\/span><br \/>\n<span style=\"color: #ffffff;\">&#8211; L\u00e1bak sz\u00e1ma \u00e9s m\u00e9rete: 4 db 11 cm magas f\u00e9m l\u00e1b<\/span><\/p>\n<\/div>\n<p>&nbsp;<\/p>","protected":false},"excerpt":{"rendered":"<p>A Nortene Pyramid vessz\u0151vel bor\u00edtott piramis alak\u00fa n\u00f6v\u00e9nyfuttat\u00f3 egy\u00a0 kifinomult futtat\u00f3, mely \u00f6tv\u00f6zi a f\u00e9met \u00e9s a term\u00e9szetes anyagot.<\/p>\n<p>Vir\u00e1g\u00e1gy\u00e1sba vagy cser\u00e9pbe is helyezhet\u0151 a fut\u00f3n\u00f6v\u00e9nyek sz\u00e1m\u00e1ra, de mag\u00e1ban is t\u00f6k\u00e9letes d\u00edsz\u00edt\u0151 eleme lehet kertj\u00e9nek, udvar\u00e1nak.<\/p>","protected":false},"featured_media":12853,"template":"","meta":{"_et_pb_use_builder":"","_et_pb_old_content":"","_et_gb_content_width":""},"product_brand":[],"product_cat":[4274,1525,1186],"product_tag":[943,3767,3766,3765],"class_list":{"0":"post-12852","1":"product","2":"type-product","3":"status-publish","4":"has-post-thumbnail","6":"product_cat-akcios-termekek","7":"product_cat-karok-tamasztekok","8":"product_cat-novenyfuttatok","9":"product_tag-nortene","10":"product_tag-novenyfuttato","11":"product_tag-piramis-alaku","12":"product_tag-pyramid","14":"first","15":"instock","16":"sale","17":"shipping-taxable","18":"purchasable","19":"product-type-simple"},"yoast_head":"<!-- This site is optimized with the Yoast SEO plugin v27.4 - https:\/\/yoast.com\/product\/yoast-seo-wordpress\/ -->\n<title>Pyramid vessz\u0151vel bor\u00edtott piramis alak\u00fa n\u00f6v\u00e9nyfuttat\u00f3 - T\u00e1jkert\u00e9sz<\/title>\n<meta name=\"description\" content=\"A Nortene Pyramid vessz\u0151vel bor\u00edtott piramis alak\u00fa n\u00f6v\u00e9nyfuttat\u00f3 egy\u00a0 kifinomult futtat\u00f3, mely \u00f6tv\u00f6zi a f\u00e9met \u00e9s a term\u00e9szetes anyagot.\" \/>\n<meta name=\"robots\" content=\"index, follow, max-snippet:-1, max-image-preview:large, max-video-preview:-1\" \/>\n<link rel=\"canonical\" href=\"https:\/\/tajkertesz.com\/en_US\/product\/nortene-pyramid-piramis-alaku-novenyfuttato\/\" \/>\n<meta property=\"og:locale\" content=\"en_US\" \/>\n<meta property=\"og:type\" content=\"article\" \/>\n<meta property=\"og:title\" content=\"Pyramid vessz\u0151vel bor\u00edtott piramis alak\u00fa n\u00f6v\u00e9nyfuttat\u00f3 - T\u00e1jkert\u00e9sz\" \/>\n<meta property=\"og:description\" content=\"A Nortene Pyramid vessz\u0151vel bor\u00edtott piramis alak\u00fa n\u00f6v\u00e9nyfuttat\u00f3 egy\u00a0 kifinomult futtat\u00f3, mely \u00f6tv\u00f6zi a f\u00e9met \u00e9s a term\u00e9szetes anyagot.\" \/>\n<meta property=\"og:url\" content=\"https:\/\/tajkertesz.com\/en_US\/product\/nortene-pyramid-piramis-alaku-novenyfuttato\/\" \/>\n<meta property=\"og:site_name\" content=\"T\u00e1jkert\u00e9sz\" \/>\n<meta property=\"article:publisher\" content=\"https:\/\/www.facebook.com\/Tajkertesz\/\" \/>\n<meta property=\"article:modified_time\" content=\"2026-02-16T14:42:10+00:00\" \/>\n<meta property=\"og:image\" content=\"https:\/\/tajkertesz.com\/wp-content\/uploads\/2022\/04\/Nortene-Pyramid.jpg2_-scaled.jpg\" \/>\n\t<meta property=\"og:image:width\" content=\"706\" \/>\n\t<meta property=\"og:image:height\" content=\"2560\" \/>\n\t<meta property=\"og:image:type\" content=\"image\/jpeg\" \/>\n<meta name=\"twitter:card\" content=\"summary_large_image\" \/>\n<meta name=\"twitter:label1\" content=\"Est. reading time\" \/>\n\t<meta name=\"twitter:data1\" content=\"2 minutes\" \/>\n<script type=\"application\/ld+json\" class=\"yoast-schema-graph\">{\"@context\":\"https:\\\/\\\/schema.org\",\"@graph\":[{\"@type\":\"WebPage\",\"@id\":\"https:\\\/\\\/tajkertesz.com\\\/termek\\\/nortene-pyramid-piramis-alaku-novenyfuttato\\\/\",\"url\":\"https:\\\/\\\/tajkertesz.com\\\/termek\\\/nortene-pyramid-piramis-alaku-novenyfuttato\\\/\",\"name\":\"Pyramid vessz\u0151vel bor\u00edtott piramis alak\u00fa n\u00f6v\u00e9nyfuttat\u00f3 - T\u00e1jkert\u00e9sz\",\"isPartOf\":{\"@id\":\"https:\\\/\\\/tajkertesz.com\\\/#website\"},\"primaryImageOfPage\":{\"@id\":\"https:\\\/\\\/tajkertesz.com\\\/termek\\\/nortene-pyramid-piramis-alaku-novenyfuttato\\\/#primaryimage\"},\"image\":{\"@id\":\"https:\\\/\\\/tajkertesz.com\\\/termek\\\/nortene-pyramid-piramis-alaku-novenyfuttato\\\/#primaryimage\"},\"thumbnailUrl\":\"https:\\\/\\\/tajkertesz.com\\\/wp-content\\\/uploads\\\/2022\\\/04\\\/Nortene-Pyramid.jpg2_-scaled.jpg\",\"datePublished\":\"2022-04-22T10:54:41+00:00\",\"dateModified\":\"2026-02-16T14:42:10+00:00\",\"description\":\"A Nortene Pyramid vessz\u0151vel bor\u00edtott piramis alak\u00fa n\u00f6v\u00e9nyfuttat\u00f3 egy\u00a0 kifinomult futtat\u00f3, mely \u00f6tv\u00f6zi a f\u00e9met \u00e9s a term\u00e9szetes anyagot.\",\"breadcrumb\":{\"@id\":\"https:\\\/\\\/tajkertesz.com\\\/termek\\\/nortene-pyramid-piramis-alaku-novenyfuttato\\\/#breadcrumb\"},\"inLanguage\":\"en-US\",\"potentialAction\":[{\"@type\":\"ReadAction\",\"target\":[\"https:\\\/\\\/tajkertesz.com\\\/termek\\\/nortene-pyramid-piramis-alaku-novenyfuttato\\\/\"]}]},{\"@type\":\"ImageObject\",\"inLanguage\":\"en-US\",\"@id\":\"https:\\\/\\\/tajkertesz.com\\\/termek\\\/nortene-pyramid-piramis-alaku-novenyfuttato\\\/#primaryimage\",\"url\":\"https:\\\/\\\/tajkertesz.com\\\/wp-content\\\/uploads\\\/2022\\\/04\\\/Nortene-Pyramid.jpg2_-scaled.jpg\",\"contentUrl\":\"https:\\\/\\\/tajkertesz.com\\\/wp-content\\\/uploads\\\/2022\\\/04\\\/Nortene-Pyramid.jpg2_-scaled.jpg\",\"width\":706,\"height\":2560},{\"@type\":\"BreadcrumbList\",\"@id\":\"https:\\\/\\\/tajkertesz.com\\\/termek\\\/nortene-pyramid-piramis-alaku-novenyfuttato\\\/#breadcrumb\",\"itemListElement\":[{\"@type\":\"ListItem\",\"position\":1,\"name\":\"Home\",\"item\":\"https:\\\/\\\/tajkertesz.com\\\/\"},{\"@type\":\"ListItem\",\"position\":2,\"name\":\"Kezd\u0151lap\",\"item\":\"https:\\\/\\\/tajkertesz.com\\\/\"},{\"@type\":\"ListItem\",\"position\":3,\"name\":\"Pyramid vessz\u0151vel bor\u00edtott piramis alak\u00fa n\u00f6v\u00e9nyfuttat\u00f3\"}]},{\"@type\":\"WebSite\",\"@id\":\"https:\\\/\\\/tajkertesz.com\\\/#website\",\"url\":\"https:\\\/\\\/tajkertesz.com\\\/\",\"name\":\"T\u00e1j-Kert\u00e9sz 84 Kft.\",\"description\":\"Kert\u00e9szeti kis- \u00e9s nagykeresked\u00e9s, D\u00edszn\u00f6v\u00e9ny web\u00e1ruh\u00e1z orsz\u00e1gos h\u00e1zhozsz\u00e1ll\u00edt\u00e1ssal!\",\"publisher\":{\"@id\":\"https:\\\/\\\/tajkertesz.com\\\/#organization\"},\"potentialAction\":[{\"@type\":\"SearchAction\",\"target\":{\"@type\":\"EntryPoint\",\"urlTemplate\":\"https:\\\/\\\/tajkertesz.com\\\/?s={search_term_string}\"},\"query-input\":{\"@type\":\"PropertyValueSpecification\",\"valueRequired\":true,\"valueName\":\"search_term_string\"}}],\"inLanguage\":\"en-US\"},{\"@type\":\"Organization\",\"@id\":\"https:\\\/\\\/tajkertesz.com\\\/#organization\",\"name\":\"T\u00e1j-Kert\u00e9sz 84 Kft.\",\"url\":\"https:\\\/\\\/tajkertesz.com\\\/\",\"logo\":{\"@type\":\"ImageObject\",\"inLanguage\":\"en-US\",\"@id\":\"https:\\\/\\\/tajkertesz.com\\\/#\\\/schema\\\/logo\\\/image\\\/\",\"url\":\"https:\\\/\\\/tajkertesz.com\\\/wp-content\\\/uploads\\\/2018\\\/02\\\/logo-2-e1518678052539.png\",\"contentUrl\":\"https:\\\/\\\/tajkertesz.com\\\/wp-content\\\/uploads\\\/2018\\\/02\\\/logo-2-e1518678052539.png\",\"width\":81,\"height\":140,\"caption\":\"T\u00e1j-Kert\u00e9sz 84 Kft.\"},\"image\":{\"@id\":\"https:\\\/\\\/tajkertesz.com\\\/#\\\/schema\\\/logo\\\/image\\\/\"},\"sameAs\":[\"https:\\\/\\\/www.facebook.com\\\/Tajkertesz\\\/\"]}]}<\/script>\n<!-- \/ Yoast SEO plugin. -->","yoast_head_json":{"title":"Pyramid vessz\u0151vel bor\u00edtott piramis alak\u00fa n\u00f6v\u00e9nyfuttat\u00f3 - T\u00e1jkert\u00e9sz","description":"A Nortene Pyramid vessz\u0151vel bor\u00edtott piramis alak\u00fa n\u00f6v\u00e9nyfuttat\u00f3 egy\u00a0 kifinomult futtat\u00f3, mely \u00f6tv\u00f6zi a f\u00e9met \u00e9s a term\u00e9szetes anyagot.","robots":{"index":"index","follow":"follow","max-snippet":"max-snippet:-1","max-image-preview":"max-image-preview:large","max-video-preview":"max-video-preview:-1"},"canonical":"https:\/\/tajkertesz.com\/en_US\/product\/nortene-pyramid-piramis-alaku-novenyfuttato\/","og_locale":"en_US","og_type":"article","og_title":"Pyramid vessz\u0151vel bor\u00edtott piramis alak\u00fa n\u00f6v\u00e9nyfuttat\u00f3 - T\u00e1jkert\u00e9sz","og_description":"A Nortene Pyramid vessz\u0151vel bor\u00edtott piramis alak\u00fa n\u00f6v\u00e9nyfuttat\u00f3 egy\u00a0 kifinomult futtat\u00f3, mely \u00f6tv\u00f6zi a f\u00e9met \u00e9s a term\u00e9szetes anyagot.","og_url":"https:\/\/tajkertesz.com\/en_US\/product\/nortene-pyramid-piramis-alaku-novenyfuttato\/","og_site_name":"T\u00e1jkert\u00e9sz","article_publisher":"https:\/\/www.facebook.com\/Tajkertesz\/","article_modified_time":"2026-02-16T14:42:10+00:00","og_image":[{"width":706,"height":2560,"url":"https:\/\/tajkertesz.com\/wp-content\/uploads\/2022\/04\/Nortene-Pyramid.jpg2_-scaled.jpg","type":"image\/jpeg"}],"twitter_card":"summary_large_image","twitter_misc":{"Est. reading time":"2 minutes"},"schema":{"@context":"https:\/\/schema.org","@graph":[{"@type":"WebPage","@id":"https:\/\/tajkertesz.com\/termek\/nortene-pyramid-piramis-alaku-novenyfuttato\/","url":"https:\/\/tajkertesz.com\/termek\/nortene-pyramid-piramis-alaku-novenyfuttato\/","name":"Pyramid vessz\u0151vel bor\u00edtott piramis alak\u00fa n\u00f6v\u00e9nyfuttat\u00f3 - T\u00e1jkert\u00e9sz","isPartOf":{"@id":"https:\/\/tajkertesz.com\/#website"},"primaryImageOfPage":{"@id":"https:\/\/tajkertesz.com\/termek\/nortene-pyramid-piramis-alaku-novenyfuttato\/#primaryimage"},"image":{"@id":"https:\/\/tajkertesz.com\/termek\/nortene-pyramid-piramis-alaku-novenyfuttato\/#primaryimage"},"thumbnailUrl":"https:\/\/tajkertesz.com\/wp-content\/uploads\/2022\/04\/Nortene-Pyramid.jpg2_-scaled.jpg","datePublished":"2022-04-22T10:54:41+00:00","dateModified":"2026-02-16T14:42:10+00:00","description":"A Nortene Pyramid vessz\u0151vel bor\u00edtott piramis alak\u00fa n\u00f6v\u00e9nyfuttat\u00f3 egy\u00a0 kifinomult futtat\u00f3, mely \u00f6tv\u00f6zi a f\u00e9met \u00e9s a term\u00e9szetes anyagot.","breadcrumb":{"@id":"https:\/\/tajkertesz.com\/termek\/nortene-pyramid-piramis-alaku-novenyfuttato\/#breadcrumb"},"inLanguage":"en-US","potentialAction":[{"@type":"ReadAction","target":["https:\/\/tajkertesz.com\/termek\/nortene-pyramid-piramis-alaku-novenyfuttato\/"]}]},{"@type":"ImageObject","inLanguage":"en-US","@id":"https:\/\/tajkertesz.com\/termek\/nortene-pyramid-piramis-alaku-novenyfuttato\/#primaryimage","url":"https:\/\/tajkertesz.com\/wp-content\/uploads\/2022\/04\/Nortene-Pyramid.jpg2_-scaled.jpg","contentUrl":"https:\/\/tajkertesz.com\/wp-content\/uploads\/2022\/04\/Nortene-Pyramid.jpg2_-scaled.jpg","width":706,"height":2560},{"@type":"BreadcrumbList","@id":"https:\/\/tajkertesz.com\/termek\/nortene-pyramid-piramis-alaku-novenyfuttato\/#breadcrumb","itemListElement":[{"@type":"ListItem","position":1,"name":"Home","item":"https:\/\/tajkertesz.com\/"},{"@type":"ListItem","position":2,"name":"Kezd\u0151lap","item":"https:\/\/tajkertesz.com\/"},{"@type":"ListItem","position":3,"name":"Pyramid vessz\u0151vel bor\u00edtott piramis alak\u00fa n\u00f6v\u00e9nyfuttat\u00f3"}]},{"@type":"WebSite","@id":"https:\/\/tajkertesz.com\/#website","url":"https:\/\/tajkertesz.com\/","name":"T\u00e1j-Kert\u00e9sz 84 Kft.","description":"Kert\u00e9szeti kis- \u00e9s nagykeresked\u00e9s, D\u00edszn\u00f6v\u00e9ny web\u00e1ruh\u00e1z orsz\u00e1gos h\u00e1zhozsz\u00e1ll\u00edt\u00e1ssal!","publisher":{"@id":"https:\/\/tajkertesz.com\/#organization"},"potentialAction":[{"@type":"SearchAction","target":{"@type":"EntryPoint","urlTemplate":"https:\/\/tajkertesz.com\/?s={search_term_string}"},"query-input":{"@type":"PropertyValueSpecification","valueRequired":true,"valueName":"search_term_string"}}],"inLanguage":"en-US"},{"@type":"Organization","@id":"https:\/\/tajkertesz.com\/#organization","name":"T\u00e1j-Kert\u00e9sz 84 Kft.","url":"https:\/\/tajkertesz.com\/","logo":{"@type":"ImageObject","inLanguage":"en-US","@id":"https:\/\/tajkertesz.com\/#\/schema\/logo\/image\/","url":"https:\/\/tajkertesz.com\/wp-content\/uploads\/2018\/02\/logo-2-e1518678052539.png","contentUrl":"https:\/\/tajkertesz.com\/wp-content\/uploads\/2018\/02\/logo-2-e1518678052539.png","width":81,"height":140,"caption":"T\u00e1j-Kert\u00e9sz 84 Kft."},"image":{"@id":"https:\/\/tajkertesz.com\/#\/schema\/logo\/image\/"},"sameAs":["https:\/\/www.facebook.com\/Tajkertesz\/"]}]}},"_links":{"self":[{"href":"https:\/\/tajkertesz.com\/en_US\/wp-json\/wp\/v2\/product\/12852","targetHints":{"allow":["GET"]}}],"collection":[{"href":"https:\/\/tajkertesz.com\/en_US\/wp-json\/wp\/v2\/product"}],"about":[{"href":"https:\/\/tajkertesz.com\/en_US\/wp-json\/wp\/v2\/types\/product"}],"wp:featuredmedia":[{"embeddable":true,"href":"https:\/\/tajkertesz.com\/en_US\/wp-json\/wp\/v2\/media\/12853"}],"wp:attachment":[{"href":"https:\/\/tajkertesz.com\/en_US\/wp-json\/wp\/v2\/media?parent=12852"}],"wp:term":[{"taxonomy":"product_brand","embeddable":true,"href":"https:\/\/tajkertesz.com\/en_US\/wp-json\/wp\/v2\/product_brand?post=12852"},{"taxonomy":"product_cat","embeddable":true,"href":"https:\/\/tajkertesz.com\/en_US\/wp-json\/wp\/v2\/product_cat?post=12852"},{"taxonomy":"product_tag","embeddable":true,"href":"https:\/\/tajkertesz.com\/en_US\/wp-json\/wp\/v2\/product_tag?post=12852"}],"curies":[{"name":"wp","href":"https:\/\/api.w.org\/{rel}","templated":true}]}}