{"id":12857,"date":"2022-04-22T11:30:35","date_gmt":"2022-04-22T11:30:35","guid":{"rendered":"https:\/\/tajkertesz.com\/?post_type=product&#038;p=12857"},"modified":"2024-06-28T10:16:44","modified_gmt":"2024-06-28T10:16:44","slug":"arnyekolo-halo-mediumtex160-12x10m-zold-90","status":"publish","type":"product","link":"https:\/\/tajkertesz.com\/en_US\/product\/arnyekolo-halo-mediumtex160-12x10m-zold-90\/","title":{"rendered":"\u00c1rny\u00e9kol\u00f3 h\u00e1l\u00f3 MEDIUMTEX160 1,2x10m z\u00f6ld 90% (3)"},"content":{"rendered":"<h2>\u00c1rny\u00e9kol\u00f3 h\u00e1l\u00f3 MEDIUMTEX160 1,2x10m z\u00f6ld 90%<\/h2>\n<p>\u00c1rny\u00e9kol\u00f3 h\u00e1l\u00f3 MEDIUMTEX160 1,2x10m z\u00f6ld 90%<\/p>\n<p>A h\u00e1l\u00f3 az elker\u00edtett terek kialak\u00edt\u00e1s\u00e1ra, takar\u00e1s\u00e1ra alkalmas.<br \/>\nK\u00fcl &#8211; belt\u00e9rre egyar\u00e1nt haszn\u00e1lhat\u00f3<br \/>\nRendk\u00edv\u00fcl id\u0151j\u00e1r\u00e1s\u00e1ll\u00f3.<br \/>\nA sz\u00e9lei er\u0151s\u00edtettek \u00e9s perfor\u00e1lt a k\u00f6nnyeb felszerel\u00e9s \u00e9rdek\u00e9be.<br \/>\nAnyaga HDPE UV stabil<\/p>\n<p style=\"line-height: 18.0pt; background: white; margin: 0cm 0cm 15.0pt 0cm;\"><b><span style=\"font-family: 'Ubuntu',serif; color: black;\">K\u00e9szlet\u00fcnk napi szinten v\u00e1ltozik, ez\u00e9rt k\u00e9rj\u00fck, \u00e9rdekl\u0151dj\u00f6n szem\u00e9lyesen, telefonon vagy email-en.<br \/>\nA v\u00e1ltoztat\u00e1s jog\u00e1t fenntartjuk!\u00a0<\/span><\/b><\/p>\n<p><a href=\"https:\/\/tajkertesz.com\/\">https:\/\/tajkertesz.com\/<\/a><\/p>\n<p><a href=\"https:\/\/www.facebook.com\/tajkertesz\">https:\/\/www.facebook.com\/tajkertesz<\/a><\/p>\n<h6><span style=\"color: #ffffff;\">H\u00e9d\u0151 h\u00e1l\u00f3.\u00a0A bel\u00e1t\u00e1sg\u00e1tl\u00f3 h\u00e1l\u00f3 \u00e1rny\u00e9kol \u00e9s megsz\u0171ri a f\u00e9nyt. Alkalmaz\u00e1s\u00e1val nem\u00a0csak a h\u0151t fogjuk fel,\u00a0hanem a f\u00e9nyt is megsz\u0171rj\u00fck, ez\u00e9rt alkalmas bel\u00e1t\u00e1sg\u00e1tl\u00f3nak \u00e9s t\u00e9r v\u00e1laszt\u00f3nak egyar\u00e1nt.\u00a0Alkalmazhat\u00f3 teraszh\u00e1l\u00f3nak, ker\u00edt\u00e9sh\u00e1l\u00f3nak, erk\u00e9lyh\u00e1l\u00f3nak\u00a0valamint haszn\u00e1lhat\u00f3 v\u00e9d\u0151h\u00e1l\u00f3nak p\u00e9ld\u00e1ul \u00e9p\u00edtkez\u00e9sekn\u00e9l. (Megg\u00e1tolja a szersz\u00e1m lees\u00e9s\u00e9t vagy a vakolat\u00e9t &#8230;..)<br \/>\nA fon\u00e1s\u00e1b\u00f3l ad\u00f3d\u00f3an a HDPE h\u00e1l\u00f3 leveg\u0151t \u00e1tereszti, ez\u00e9rt nem fesz\u00edti meg a sz\u00e9l \u00e9s az \u00e1rny\u00e9kolt ter\u00fclet l\u00e9gmozg\u00e1s\u00e1t sem akad\u00e1lyozza.\u00a0Er\u0151s \u00e9s\u00a0UV \u00e1ll\u00f3, m\u00e9retre v\u00e1ghat\u00f3. Ker\u00edt\u00e9sre is aj\u00e1nlott feltenni, mert g\u00e1tolja a bel\u00e1t\u00e1st, f\u00e9nyt sz\u0171r \u00e9s dekorat\u00edv megold\u00e1st biztos\u00edt.\u00a0A h\u00e1l\u00f3 s\u0171r\u0171 fonata v\u00e9gett minim\u00e1lis a f\u00e9ny\u00e1tereszt\u00e9se\u00a0\u00e9s \u00e1tl\u00e1that\u00f3s\u00e1ga.\u00a0vagy &#8222;kerti pavilonokat&#8221;, ami \u00e1ltal\u00e1ban n\u00e9gy l\u00e1bon \u00e1ll\u00f3 v\u00e1szontet\u0151. Tipikusan feh\u00e9r, vagy vil\u00e1gos sz\u00edn\u0171.<\/span><\/h6>\n<h6><span style=\"color: #ffffff;\">v\u00e9d\u0151 h\u00e1l\u00f3. A bel\u00e1t\u00e1sg\u00e1tl\u00f3 h\u00e1l\u00f3 \u00e1rny\u00e9kol \u00e9s megsz\u0171ri a f\u00e9nyt. Alkalmaz\u00e1s\u00e1val nem csak a h\u0151t fogjuk fel, hanem a f\u00e9nyt is megsz\u0171rj\u00fck, ez\u00e9rt alkalmas bel\u00e1t\u00e1sg\u00e1tl\u00f3nak \u00e9s t\u00e9r v\u00e1laszt\u00f3nak egyar\u00e1nt. Alkalmazhat\u00f3 teraszh\u00e1l\u00f3nak, ker\u00edt\u00e9sh\u00e1l\u00f3nak, erk\u00e9lyh\u00e1l\u00f3nak valamint haszn\u00e1lhat\u00f3 v\u00e9d\u0151h\u00e1l\u00f3nak p\u00e9ld\u00e1ul \u00e9p\u00edtkez\u00e9sekn\u00e9l. (Megg\u00e1tolja a szersz\u00e1m lees\u00e9s\u00e9t vagy a vakolat\u00e9t &#8230;..)<br \/>\nA fon\u00e1s\u00e1b\u00f3l ad\u00f3d\u00f3an a HDPE h\u00e1l\u00f3 leveg\u0151t \u00e1tereszti, ez\u00e9rt nem fesz\u00edti meg a sz\u00e9l \u00e9s az \u00e1rny\u00e9kolt ter\u00fclet l\u00e9gmozg\u00e1s\u00e1t sem akad\u00e1lyozza.\u00a0Er\u0151s \u00e9s\u00a0UV \u00e1ll\u00f3, m\u00e9retre v\u00e1ghat\u00f3. Ker\u00edt\u00e9sre is aj\u00e1nlott feltenni, mert g\u00e1tolja a bel\u00e1t\u00e1st, f\u00e9nyt sz\u0171r \u00e9s dekorat\u00edv megold\u00e1st biztos\u00edt.\u00a0A h\u00e1l\u00f3 s\u0171r\u0171 fonata v\u00e9gett minim\u00e1lis a f\u00e9ny\u00e1tereszt\u00e9se\u00a0\u00e9s \u00e1tl\u00e1that\u00f3s\u00e1ga.<\/span><\/h6>","protected":false},"excerpt":{"rendered":"<h2>\u00c1rny\u00e9kol\u00f3 h\u00e1l\u00f3 MEDIUMTEX160 1,2x10m z\u00f6ld 90%<\/h2>\n<p>A h\u00e1l\u00f3 az elker\u00edtett terek kialak\u00edt\u00e1s\u00e1ra, takar\u00e1s\u00e1ra alkalmas.<br \/>\nK\u00fcl &#8211; belt\u00e9rre egyar\u00e1nt haszn\u00e1lhat\u00f3<br \/>\nRendk\u00edv\u00fcl id\u0151j\u00e1r\u00e1s\u00e1ll\u00f3.<br \/>\nA sz\u00e9lei er\u0151s\u00edtettek \u00e9s perfor\u00e1lt a k\u00f6nnyeb felszerel\u00e9s \u00e9rdek\u00e9be.<br \/>\nAnyaga HDPE UV stabil<\/p>","protected":false},"featured_media":12860,"template":"","meta":{"_et_pb_use_builder":"","_et_pb_old_content":"","_et_gb_content_width":""},"product_brand":[],"product_cat":[1663],"product_tag":[1688,3769,3770],"class_list":{"0":"post-12857","1":"product","2":"type-product","3":"status-publish","4":"has-post-thumbnail","6":"product_cat-arnyekolo-halok","7":"product_tag-arnyekolo-halo","8":"product_tag-mediumtex","9":"product_tag-zold-arnyekolo-halo","11":"first","12":"instock","13":"shipping-taxable","14":"purchasable","15":"product-type-simple"},"yoast_head":"<!-- This site is optimized with the Yoast SEO plugin v27.4 - https:\/\/yoast.com\/product\/yoast-seo-wordpress\/ -->\n<title>\u00c1rny\u00e9kol\u00f3 h\u00e1l\u00f3 MEDIUMTEX160 1,2x10m z\u00f6ld 90% (3) - T\u00e1jkert\u00e9sz<\/title>\n<meta name=\"description\" content=\"\u00c1rny\u00e9kol\u00f3 h\u00e1l\u00f3 MEDIUMTEX160 1,2x10m z\u00f6ld 90% A h\u00e1l\u00f3 az elker\u00edtett terek kialak\u00edt\u00e1s\u00e1ra, takar\u00e1s\u00e1ra alkalmas.\" \/>\n<meta name=\"robots\" content=\"index, follow, max-snippet:-1, max-image-preview:large, max-video-preview:-1\" \/>\n<link rel=\"canonical\" href=\"https:\/\/tajkertesz.com\/en_US\/product\/arnyekolo-halo-mediumtex160-12x10m-zold-90\/\" \/>\n<meta property=\"og:locale\" content=\"en_US\" \/>\n<meta property=\"og:type\" content=\"article\" \/>\n<meta property=\"og:title\" content=\"\u00c1rny\u00e9kol\u00f3 h\u00e1l\u00f3 MEDIUMTEX160 1,2x10m z\u00f6ld 90% (3) - T\u00e1jkert\u00e9sz\" \/>\n<meta property=\"og:description\" content=\"\u00c1rny\u00e9kol\u00f3 h\u00e1l\u00f3 MEDIUMTEX160 1,2x10m z\u00f6ld 90% A h\u00e1l\u00f3 az elker\u00edtett terek kialak\u00edt\u00e1s\u00e1ra, takar\u00e1s\u00e1ra alkalmas.\" \/>\n<meta property=\"og:url\" content=\"https:\/\/tajkertesz.com\/en_US\/product\/arnyekolo-halo-mediumtex160-12x10m-zold-90\/\" \/>\n<meta property=\"og:site_name\" content=\"T\u00e1jkert\u00e9sz\" \/>\n<meta property=\"article:publisher\" content=\"https:\/\/www.facebook.com\/Tajkertesz\/\" \/>\n<meta property=\"article:modified_time\" content=\"2024-06-28T10:16:44+00:00\" \/>\n<meta property=\"og:image\" content=\"https:\/\/tajkertesz.com\/wp-content\/uploads\/2022\/04\/mediumtex.jpg\" \/>\n\t<meta property=\"og:image:width\" content=\"1000\" \/>\n\t<meta property=\"og:image:height\" content=\"1000\" \/>\n\t<meta property=\"og:image:type\" content=\"image\/jpeg\" \/>\n<meta name=\"twitter:card\" content=\"summary_large_image\" \/>\n<meta name=\"twitter:label1\" content=\"Est. reading time\" \/>\n\t<meta name=\"twitter:data1\" content=\"2 minutes\" \/>\n<script type=\"application\/ld+json\" class=\"yoast-schema-graph\">{\"@context\":\"https:\\\/\\\/schema.org\",\"@graph\":[{\"@type\":\"WebPage\",\"@id\":\"https:\\\/\\\/tajkertesz.com\\\/termek\\\/arnyekolo-halo-mediumtex160-12x10m-zold-90\\\/\",\"url\":\"https:\\\/\\\/tajkertesz.com\\\/termek\\\/arnyekolo-halo-mediumtex160-12x10m-zold-90\\\/\",\"name\":\"\u00c1rny\u00e9kol\u00f3 h\u00e1l\u00f3 MEDIUMTEX160 1,2x10m z\u00f6ld 90% (3) - T\u00e1jkert\u00e9sz\",\"isPartOf\":{\"@id\":\"https:\\\/\\\/tajkertesz.com\\\/#website\"},\"primaryImageOfPage\":{\"@id\":\"https:\\\/\\\/tajkertesz.com\\\/termek\\\/arnyekolo-halo-mediumtex160-12x10m-zold-90\\\/#primaryimage\"},\"image\":{\"@id\":\"https:\\\/\\\/tajkertesz.com\\\/termek\\\/arnyekolo-halo-mediumtex160-12x10m-zold-90\\\/#primaryimage\"},\"thumbnailUrl\":\"https:\\\/\\\/tajkertesz.com\\\/wp-content\\\/uploads\\\/2022\\\/04\\\/mediumtex.jpg\",\"datePublished\":\"2022-04-22T11:30:35+00:00\",\"dateModified\":\"2024-06-28T10:16:44+00:00\",\"description\":\"\u00c1rny\u00e9kol\u00f3 h\u00e1l\u00f3 MEDIUMTEX160 1,2x10m z\u00f6ld 90% A h\u00e1l\u00f3 az elker\u00edtett terek kialak\u00edt\u00e1s\u00e1ra, takar\u00e1s\u00e1ra alkalmas.\",\"breadcrumb\":{\"@id\":\"https:\\\/\\\/tajkertesz.com\\\/termek\\\/arnyekolo-halo-mediumtex160-12x10m-zold-90\\\/#breadcrumb\"},\"inLanguage\":\"en-US\",\"potentialAction\":[{\"@type\":\"ReadAction\",\"target\":[\"https:\\\/\\\/tajkertesz.com\\\/termek\\\/arnyekolo-halo-mediumtex160-12x10m-zold-90\\\/\"]}]},{\"@type\":\"ImageObject\",\"inLanguage\":\"en-US\",\"@id\":\"https:\\\/\\\/tajkertesz.com\\\/termek\\\/arnyekolo-halo-mediumtex160-12x10m-zold-90\\\/#primaryimage\",\"url\":\"https:\\\/\\\/tajkertesz.com\\\/wp-content\\\/uploads\\\/2022\\\/04\\\/mediumtex.jpg\",\"contentUrl\":\"https:\\\/\\\/tajkertesz.com\\\/wp-content\\\/uploads\\\/2022\\\/04\\\/mediumtex.jpg\",\"width\":1000,\"height\":1000},{\"@type\":\"BreadcrumbList\",\"@id\":\"https:\\\/\\\/tajkertesz.com\\\/termek\\\/arnyekolo-halo-mediumtex160-12x10m-zold-90\\\/#breadcrumb\",\"itemListElement\":[{\"@type\":\"ListItem\",\"position\":1,\"name\":\"Home\",\"item\":\"https:\\\/\\\/tajkertesz.com\\\/\"},{\"@type\":\"ListItem\",\"position\":2,\"name\":\"Kezd\u0151lap\",\"item\":\"https:\\\/\\\/tajkertesz.com\\\/\"},{\"@type\":\"ListItem\",\"position\":3,\"name\":\"\u00c1rny\u00e9kol\u00f3 h\u00e1l\u00f3 MEDIUMTEX160 1,2x10m z\u00f6ld 90% (3)\"}]},{\"@type\":\"WebSite\",\"@id\":\"https:\\\/\\\/tajkertesz.com\\\/#website\",\"url\":\"https:\\\/\\\/tajkertesz.com\\\/\",\"name\":\"T\u00e1j-Kert\u00e9sz 84 Kft.\",\"description\":\"Kert\u00e9szeti kis- \u00e9s nagykeresked\u00e9s, D\u00edszn\u00f6v\u00e9ny web\u00e1ruh\u00e1z orsz\u00e1gos h\u00e1zhozsz\u00e1ll\u00edt\u00e1ssal!\",\"publisher\":{\"@id\":\"https:\\\/\\\/tajkertesz.com\\\/#organization\"},\"potentialAction\":[{\"@type\":\"SearchAction\",\"target\":{\"@type\":\"EntryPoint\",\"urlTemplate\":\"https:\\\/\\\/tajkertesz.com\\\/?s={search_term_string}\"},\"query-input\":{\"@type\":\"PropertyValueSpecification\",\"valueRequired\":true,\"valueName\":\"search_term_string\"}}],\"inLanguage\":\"en-US\"},{\"@type\":\"Organization\",\"@id\":\"https:\\\/\\\/tajkertesz.com\\\/#organization\",\"name\":\"T\u00e1j-Kert\u00e9sz 84 Kft.\",\"url\":\"https:\\\/\\\/tajkertesz.com\\\/\",\"logo\":{\"@type\":\"ImageObject\",\"inLanguage\":\"en-US\",\"@id\":\"https:\\\/\\\/tajkertesz.com\\\/#\\\/schema\\\/logo\\\/image\\\/\",\"url\":\"https:\\\/\\\/tajkertesz.com\\\/wp-content\\\/uploads\\\/2018\\\/02\\\/logo-2-e1518678052539.png\",\"contentUrl\":\"https:\\\/\\\/tajkertesz.com\\\/wp-content\\\/uploads\\\/2018\\\/02\\\/logo-2-e1518678052539.png\",\"width\":81,\"height\":140,\"caption\":\"T\u00e1j-Kert\u00e9sz 84 Kft.\"},\"image\":{\"@id\":\"https:\\\/\\\/tajkertesz.com\\\/#\\\/schema\\\/logo\\\/image\\\/\"},\"sameAs\":[\"https:\\\/\\\/www.facebook.com\\\/Tajkertesz\\\/\"]}]}<\/script>\n<!-- \/ Yoast SEO plugin. -->","yoast_head_json":{"title":"\u00c1rny\u00e9kol\u00f3 h\u00e1l\u00f3 MEDIUMTEX160 1,2x10m z\u00f6ld 90% (3) - T\u00e1jkert\u00e9sz","description":"\u00c1rny\u00e9kol\u00f3 h\u00e1l\u00f3 MEDIUMTEX160 1,2x10m z\u00f6ld 90% A h\u00e1l\u00f3 az elker\u00edtett terek kialak\u00edt\u00e1s\u00e1ra, takar\u00e1s\u00e1ra alkalmas.","robots":{"index":"index","follow":"follow","max-snippet":"max-snippet:-1","max-image-preview":"max-image-preview:large","max-video-preview":"max-video-preview:-1"},"canonical":"https:\/\/tajkertesz.com\/en_US\/product\/arnyekolo-halo-mediumtex160-12x10m-zold-90\/","og_locale":"en_US","og_type":"article","og_title":"\u00c1rny\u00e9kol\u00f3 h\u00e1l\u00f3 MEDIUMTEX160 1,2x10m z\u00f6ld 90% (3) - T\u00e1jkert\u00e9sz","og_description":"\u00c1rny\u00e9kol\u00f3 h\u00e1l\u00f3 MEDIUMTEX160 1,2x10m z\u00f6ld 90% A h\u00e1l\u00f3 az elker\u00edtett terek kialak\u00edt\u00e1s\u00e1ra, takar\u00e1s\u00e1ra alkalmas.","og_url":"https:\/\/tajkertesz.com\/en_US\/product\/arnyekolo-halo-mediumtex160-12x10m-zold-90\/","og_site_name":"T\u00e1jkert\u00e9sz","article_publisher":"https:\/\/www.facebook.com\/Tajkertesz\/","article_modified_time":"2024-06-28T10:16:44+00:00","og_image":[{"width":1000,"height":1000,"url":"https:\/\/tajkertesz.com\/wp-content\/uploads\/2022\/04\/mediumtex.jpg","type":"image\/jpeg"}],"twitter_card":"summary_large_image","twitter_misc":{"Est. reading time":"2 minutes"},"schema":{"@context":"https:\/\/schema.org","@graph":[{"@type":"WebPage","@id":"https:\/\/tajkertesz.com\/termek\/arnyekolo-halo-mediumtex160-12x10m-zold-90\/","url":"https:\/\/tajkertesz.com\/termek\/arnyekolo-halo-mediumtex160-12x10m-zold-90\/","name":"\u00c1rny\u00e9kol\u00f3 h\u00e1l\u00f3 MEDIUMTEX160 1,2x10m z\u00f6ld 90% (3) - T\u00e1jkert\u00e9sz","isPartOf":{"@id":"https:\/\/tajkertesz.com\/#website"},"primaryImageOfPage":{"@id":"https:\/\/tajkertesz.com\/termek\/arnyekolo-halo-mediumtex160-12x10m-zold-90\/#primaryimage"},"image":{"@id":"https:\/\/tajkertesz.com\/termek\/arnyekolo-halo-mediumtex160-12x10m-zold-90\/#primaryimage"},"thumbnailUrl":"https:\/\/tajkertesz.com\/wp-content\/uploads\/2022\/04\/mediumtex.jpg","datePublished":"2022-04-22T11:30:35+00:00","dateModified":"2024-06-28T10:16:44+00:00","description":"\u00c1rny\u00e9kol\u00f3 h\u00e1l\u00f3 MEDIUMTEX160 1,2x10m z\u00f6ld 90% A h\u00e1l\u00f3 az elker\u00edtett terek kialak\u00edt\u00e1s\u00e1ra, takar\u00e1s\u00e1ra alkalmas.","breadcrumb":{"@id":"https:\/\/tajkertesz.com\/termek\/arnyekolo-halo-mediumtex160-12x10m-zold-90\/#breadcrumb"},"inLanguage":"en-US","potentialAction":[{"@type":"ReadAction","target":["https:\/\/tajkertesz.com\/termek\/arnyekolo-halo-mediumtex160-12x10m-zold-90\/"]}]},{"@type":"ImageObject","inLanguage":"en-US","@id":"https:\/\/tajkertesz.com\/termek\/arnyekolo-halo-mediumtex160-12x10m-zold-90\/#primaryimage","url":"https:\/\/tajkertesz.com\/wp-content\/uploads\/2022\/04\/mediumtex.jpg","contentUrl":"https:\/\/tajkertesz.com\/wp-content\/uploads\/2022\/04\/mediumtex.jpg","width":1000,"height":1000},{"@type":"BreadcrumbList","@id":"https:\/\/tajkertesz.com\/termek\/arnyekolo-halo-mediumtex160-12x10m-zold-90\/#breadcrumb","itemListElement":[{"@type":"ListItem","position":1,"name":"Home","item":"https:\/\/tajkertesz.com\/"},{"@type":"ListItem","position":2,"name":"Kezd\u0151lap","item":"https:\/\/tajkertesz.com\/"},{"@type":"ListItem","position":3,"name":"\u00c1rny\u00e9kol\u00f3 h\u00e1l\u00f3 MEDIUMTEX160 1,2x10m z\u00f6ld 90% (3)"}]},{"@type":"WebSite","@id":"https:\/\/tajkertesz.com\/#website","url":"https:\/\/tajkertesz.com\/","name":"T\u00e1j-Kert\u00e9sz 84 Kft.","description":"Kert\u00e9szeti kis- \u00e9s nagykeresked\u00e9s, D\u00edszn\u00f6v\u00e9ny web\u00e1ruh\u00e1z orsz\u00e1gos h\u00e1zhozsz\u00e1ll\u00edt\u00e1ssal!","publisher":{"@id":"https:\/\/tajkertesz.com\/#organization"},"potentialAction":[{"@type":"SearchAction","target":{"@type":"EntryPoint","urlTemplate":"https:\/\/tajkertesz.com\/?s={search_term_string}"},"query-input":{"@type":"PropertyValueSpecification","valueRequired":true,"valueName":"search_term_string"}}],"inLanguage":"en-US"},{"@type":"Organization","@id":"https:\/\/tajkertesz.com\/#organization","name":"T\u00e1j-Kert\u00e9sz 84 Kft.","url":"https:\/\/tajkertesz.com\/","logo":{"@type":"ImageObject","inLanguage":"en-US","@id":"https:\/\/tajkertesz.com\/#\/schema\/logo\/image\/","url":"https:\/\/tajkertesz.com\/wp-content\/uploads\/2018\/02\/logo-2-e1518678052539.png","contentUrl":"https:\/\/tajkertesz.com\/wp-content\/uploads\/2018\/02\/logo-2-e1518678052539.png","width":81,"height":140,"caption":"T\u00e1j-Kert\u00e9sz 84 Kft."},"image":{"@id":"https:\/\/tajkertesz.com\/#\/schema\/logo\/image\/"},"sameAs":["https:\/\/www.facebook.com\/Tajkertesz\/"]}]}},"_links":{"self":[{"href":"https:\/\/tajkertesz.com\/en_US\/wp-json\/wp\/v2\/product\/12857","targetHints":{"allow":["GET"]}}],"collection":[{"href":"https:\/\/tajkertesz.com\/en_US\/wp-json\/wp\/v2\/product"}],"about":[{"href":"https:\/\/tajkertesz.com\/en_US\/wp-json\/wp\/v2\/types\/product"}],"wp:featuredmedia":[{"embeddable":true,"href":"https:\/\/tajkertesz.com\/en_US\/wp-json\/wp\/v2\/media\/12860"}],"wp:attachment":[{"href":"https:\/\/tajkertesz.com\/en_US\/wp-json\/wp\/v2\/media?parent=12857"}],"wp:term":[{"taxonomy":"product_brand","embeddable":true,"href":"https:\/\/tajkertesz.com\/en_US\/wp-json\/wp\/v2\/product_brand?post=12857"},{"taxonomy":"product_cat","embeddable":true,"href":"https:\/\/tajkertesz.com\/en_US\/wp-json\/wp\/v2\/product_cat?post=12857"},{"taxonomy":"product_tag","embeddable":true,"href":"https:\/\/tajkertesz.com\/en_US\/wp-json\/wp\/v2\/product_tag?post=12857"}],"curies":[{"name":"wp","href":"https:\/\/api.w.org\/{rel}","templated":true}]}}