{"id":1302,"date":"2020-03-11T11:26:25","date_gmt":"2020-03-11T11:26:25","guid":{"rendered":"https:\/\/tajkertesz.com\/?post_type=product&#038;p=1302"},"modified":"2020-11-10T10:16:50","modified_gmt":"2020-11-10T10:16:50","slug":"euonymus-fortunei-emerald-n-gold-sargatarka-kuszo-kecskerago","status":"publish","type":"product","link":"https:\/\/tajkertesz.com\/en_US\/product\/euonymus-fortunei-emerald-n-gold-sargatarka-kuszo-kecskerago\/","title":{"rendered":"Euonymus fortunei &#8216;Emerald n Gold&#8217; , S\u00e1rgatarka k\u00fasz\u00f3 kecsker\u00e1g\u00f3"},"content":{"rendered":"<p>Euonymus fortunei &#8216;Emerald n Gold&#8217; , S\u00e1rgatarka k\u00fasz\u00f3 kecsker\u00e1g\u00f3<\/p>\n<p>Az Euonymus fortunei &#8216;Emerald n Gold&#8217; , S\u00e1rgatarka k\u00fasz\u00f3 kecsker\u00e1g\u00f3 alacsony talajtakar\u00f3 cserje. \u00c1gai a talajon sz\u00e9tter\u00fclnek.<\/p>\n<p>\u00d6r\u00f6kz\u00f6ld levelei 1 \u2013 2 cm-es, sz\u00e9les toj\u00e1sdad alak\u00faak, s\u00f6t\u00e9tz\u00f6ldek, a sz\u00e9l\u00fck\u00f6n s\u00e1rga szegettek, \u0151sszel r\u00f3zsasz\u00ednes \u00e1rnyalatot vesznek fel.<\/p>\n<p>\u00c1tlagos kerti talajba val\u00f3 n\u00f6v\u00e9ny, napos fekv\u00e9sbe \u00fcltess\u00fck. Talajtakar\u00f3nak \u00fcltess\u00fck, esetleg ed\u00e9nyben is nevelhetj\u00fck.<\/p>\n<p>Term\u00e9k\u00fcnk magas t\u00f6rzs\u00f6n kaphat\u00f3.<\/p>\n<p style=\"line-height: 18.0pt; background: white; margin: 0cm 0cm 15.0pt 0cm;\"><span style=\"font-family: 'Ubuntu',serif; color: black;\">El\u00e9rhet\u0151 t\u00f6bbf\u00e9le m\u00e9retben \u00e9s \u00e1rban.<\/span><\/p>\n<p style=\"line-height: 18.0pt; background: white; margin: 0cm 0cm 15.0pt 0cm;\"><b><span style=\"font-family: 'Ubuntu',serif; color: black;\">K\u00e9szlet\u00fcnk napi szinten v\u00e1ltozik, ez\u00e9rt k\u00e9rj\u00fck, \u00e9rdekl\u0151dj\u00f6n szem\u00e9lyesen, telefonon vagy email-en.<br \/>\nA v\u00e1ltoztat\u00e1s jog\u00e1t fenntartjuk!\u00a0<\/span><\/b><\/p>\n<p><a href=\"https:\/\/tajkertesz.com\/\">https:\/\/tajkertesz.com\/<\/a><\/p>\n<p><a href=\"https:\/\/hu.wikipedia.org\/wiki\/Repk%C3%A9nykecsker%C3%A1g%C3%B3\">https:\/\/hu.wikipedia.org\/wiki\/Repk%C3%A9nykecsker%C3%A1g%C3%B3<\/a><\/p>\n<p>&nbsp;<\/p>\n<p><span style=\"color: #ffffff;\">A feh\u00e9r tarka kecsker\u00e1g\u00f3 egy \u00f6r\u00f6kz\u00f6ld cserje, melynek habitusa sz\u00e9tter\u00fcl\u0151, magass\u00e1ga legfeljebb az 50-70 cm-t \u00e9ri el. \u00c1gai a talajon sz\u00e9tter\u00fclnek, a j\u00f3l fejlett n\u00f6v\u00e9nyek a gyomn\u00f6v\u00e9nyek n\u00f6veked\u00e9s\u00e9t ezzel g\u00e1tolj\u00e1k. \u00d6r\u00f6kz\u00f6ld levelei 1-2 centim\u00e9teresek, sz\u00e9les toj\u00e1sdad alak\u00faak. A levelek szeg\u00e9lye feh\u00e9r sz\u00edn\u0171, mely \u0151sszel kiss\u00e9 r\u00f3zsasz\u00edness\u00e9 sz\u00ednez\u0151dik.<\/span><br \/>\n<span style=\"color: #ffffff;\">K\u00f6zepes v\u00edzig\u00e9ny\u0171, k\u00fcl\u00f6n\u00f6sebb gondoz\u00e1st nem ig\u00e9nyl\u0151 fajta, mely \u00e1tlagos kerti talajba val\u00f3. A f\u00e9l\u00e1rny\u00e9kos fekv\u00e9s\u0171 helyeket kedveli, de naposabb ter\u00fcletre \u00fcltetve is j\u00f3l \u00e9rzi mag\u00e1t, ha rendszeres \u00f6nt\u00f6z\u00e9st kap a ny\u00e1r sor\u00e1n.<\/span><br \/>\n<span style=\"color: #ffffff;\">A s\u0171r\u0171bb \u00e9s form\u00e1sabb lombkorona \u00e9rdek\u00e9ben tavasszal megmetszhet\u0151 annak ellen\u00e9re, hogy lassabb n\u00f6veked\u00e9s\u0171, mint a hozz\u00e1 hasonl\u00f3 &#8211; szint\u00e9n feh\u00e9r tarka level\u0171 &#8211; Variegata fajta.<\/span><\/p>\n<p><span style=\"color: #ffffff;\">A\u00a0<b>repk\u00e9nykecsker\u00e1g\u00f3<\/b>, vagy\u00a0<b>borosty\u00e1n-kecsker\u00e1g\u00f3<\/b>\u00a0<i>(Euonymus fortunei)<\/i>\u00a0a\u00a0<a style=\"color: #ffffff;\" title=\"Kecsker\u00e1g\u00f3-vir\u00e1g\u00faak\" href=\"https:\/\/hu.wikipedia.org\/wiki\/Kecsker%C3%A1g%C3%B3-vir%C3%A1g%C3%BAak\">kecsker\u00e1g\u00f3-vir\u00e1g\u00faak<\/a>\u00a0<i>(Celastrales)<\/i>\u00a0<a style=\"color: #ffffff;\" title=\"Rend (rendszertan)\" href=\"https:\/\/hu.wikipedia.org\/wiki\/Rend_(rendszertan)\">rendj\u00e9be<\/a>\u00a0\u00e9s a\u00a0<a style=\"color: #ffffff;\" title=\"Kecsker\u00e1g\u00f3f\u00e9l\u00e9k\" href=\"https:\/\/hu.wikipedia.org\/wiki\/Kecsker%C3%A1g%C3%B3f%C3%A9l%C3%A9k\">kecsker\u00e1g\u00f3f\u00e9l\u00e9k<\/a>\u00a0<i>(Celastraceae)<\/i>\u00a0<a style=\"color: #ffffff;\" title=\"Csal\u00e1d (rendszertan)\" href=\"https:\/\/hu.wikipedia.org\/wiki\/Csal%C3%A1d_(rendszertan)\">csal\u00e1dj\u00e1ba<\/a>\u00a0tartoz\u00f3\u00a0<a style=\"color: #ffffff;\" title=\"Faj\" href=\"https:\/\/hu.wikipedia.org\/wiki\/Faj\">faj<\/a>.<\/span><\/p>\n<p><span style=\"color: #ffffff;\">Az\u00a0<i>Euonymus fortunei<\/i>\u00a0latin n\u00e9vben a fajnevet\u00a0<a class=\"new\" style=\"color: #ffffff;\" title=\"Robert Fortune (a lap nem l\u00e9tezik)\" href=\"https:\/\/hu.wikipedia.org\/w\/index.php?title=Robert_Fortune&amp;action=edit&amp;redlink=1\">Robert Fortune<\/a>\u00a0<a style=\"color: #ffffff;\" title=\"Sk\u00f3tok\" href=\"https:\/\/hu.wikipedia.org\/wiki\/Sk%C3%B3tok\">sk\u00f3t<\/a>\u00a0<a style=\"color: #ffffff;\" title=\"Botanika\" href=\"https:\/\/hu.wikipedia.org\/wiki\/Botanika\">botanikusr\u00f3l<\/a>\u00a0kapta.<\/span><\/p>\n<h2><span id=\"El\u0151fordul\u00e1sa\" class=\"mw-headline\" style=\"color: #ffffff;\">El\u0151fordul\u00e1sa<\/span><\/h2>\n<p><span style=\"color: #ffffff;\">A repk\u00e9nykecsker\u00e1g\u00f3\u00a0<a style=\"color: #ffffff;\" title=\"\u00c1zsia\" href=\"https:\/\/hu.wikipedia.org\/wiki\/%C3%81zsia\">\u00c1zsi\u00e1ban<\/a>\u00a0\u0151shonos.<sup id=\"cite_ref-china-fortunei_4-0\" class=\"reference\"><a style=\"color: #ffffff;\" href=\"https:\/\/hu.wikipedia.org\/wiki\/Repk%C3%A9nykecsker%C3%A1g%C3%B3#cite_note-china-fortunei-4\">[4]<\/a><\/sup>\u00a0A k\u00f6vetkez\u0151 orsz\u00e1gokban \u00e9s ter\u00fcleteken tal\u00e1lhat\u00f3 meg term\u00e9szetes \u00e1llapotban:\u00a0<a style=\"color: #ffffff;\" title=\"F\u00fcl\u00f6p-szigetek\" href=\"https:\/\/hu.wikipedia.org\/wiki\/F%C3%BCl%C3%B6p-szigetek\">F\u00fcl\u00f6p-szigetek<\/a>,\u00a0<a style=\"color: #ffffff;\" title=\"India\" href=\"https:\/\/hu.wikipedia.org\/wiki\/India\">India<\/a>,\u00a0<a style=\"color: #ffffff;\" title=\"Indon\u00e9zia\" href=\"https:\/\/hu.wikipedia.org\/wiki\/Indon%C3%A9zia\">Indon\u00e9zia<\/a>,\u00a0<a style=\"color: #ffffff;\" title=\"Jap\u00e1n\" href=\"https:\/\/hu.wikipedia.org\/wiki\/Jap%C3%A1n\">Jap\u00e1n<\/a>,\u00a0<a style=\"color: #ffffff;\" title=\"K\u00edna\" href=\"https:\/\/hu.wikipedia.org\/wiki\/K%C3%ADna\">K\u00edna<\/a>,\u00a0<a style=\"color: #ffffff;\" title=\"Koreai-f\u00e9lsziget\" href=\"https:\/\/hu.wikipedia.org\/wiki\/Koreai-f%C3%A9lsziget\">Koreai-f\u00e9lsziget<\/a>,\u00a0<a style=\"color: #ffffff;\" title=\"Laosz\" href=\"https:\/\/hu.wikipedia.org\/wiki\/Laosz\">Laosz<\/a>,\u00a0<a style=\"color: #ffffff;\" title=\"Mianmar\" href=\"https:\/\/hu.wikipedia.org\/wiki\/Mianmar\">Mianmar<\/a>,\u00a0<a style=\"color: #ffffff;\" title=\"Thaif\u00f6ld\" href=\"https:\/\/hu.wikipedia.org\/wiki\/Thaif%C3%B6ld\">Thaif\u00f6ld<\/a>\u00a0\u00e9s\u00a0<a style=\"color: #ffffff;\" title=\"Vietn\u00e1m\" href=\"https:\/\/hu.wikipedia.org\/wiki\/Vietn%C3%A1m\">Vietn\u00e1m<\/a>.<\/span><\/p>\n<p><span style=\"color: #ffffff;\">3400 m\u00e9ter tengerszint f\u00f6l\u00f6tti magass\u00e1gban is meg\u00e9l.<\/span><\/p>\n<h2><span style=\"color: #ffffff;\"><span id=\"Megjelen.C3.A9se\"><\/span><span id=\"Megjelen\u00e9se\" class=\"mw-headline\">Megjelen\u00e9se<\/span><\/span><\/h2>\n<p><span style=\"color: #ffffff;\">Ez a kecsker\u00e1g\u00f3-faj\u00a0<a style=\"color: #ffffff;\" title=\"F\u00e1s sz\u00e1r\u00fa n\u00f6v\u00e9ny\" href=\"https:\/\/hu.wikipedia.org\/wiki\/F%C3%A1s_sz%C3%A1r%C3%BA_n%C3%B6v%C3%A9ny\">f\u00e1s sz\u00e1r\u00fa<\/a>,\u00a0<a style=\"color: #ffffff;\" title=\"\u00d6r\u00f6kz\u00f6ld n\u00f6v\u00e9ny\" href=\"https:\/\/hu.wikipedia.org\/wiki\/%C3%96r%C3%B6kz%C3%B6ld_n%C3%B6v%C3%A9ny\">\u00f6r\u00f6kz\u00f6ld<\/a>\u00a0k\u00fasz\u00f3<a style=\"color: #ffffff;\" title=\"Cserje\" href=\"https:\/\/hu.wikipedia.org\/wiki\/Cserje\">cserje<\/a>, amely az\u00a0<a style=\"color: #ffffff;\" title=\"Inda\" href=\"https:\/\/hu.wikipedia.org\/wiki\/Inda\">ind\u00e1k<\/a>\u00a0seg\u00edts\u00e9g\u00e9vel terjed. A\u00a0<a style=\"color: #ffffff;\" title=\"Sz\u00e1r (botanika)\" href=\"https:\/\/hu.wikipedia.org\/wiki\/Sz%C3%A1r_(botanika)\">sz\u00e1r\u00e1b\u00f3l<\/a>\u00a0kin\u00f6v\u0151 ind\u00e1k seg\u00edts\u00e9g\u00e9vel ak\u00e1r 20\u00a0<a style=\"color: #ffffff;\" title=\"M\u00e9ter\" href=\"https:\/\/hu.wikipedia.org\/wiki\/M%C3%A9ter\">m\u00e9ter<\/a>\u00a0hossz\u00fara is megn\u0151het. Megjelen\u00e9se \u00e9s \u00e9letm\u00f3dja\u00a0<a style=\"color: #ffffff;\" title=\"Konvergens evol\u00faci\u00f3\" href=\"https:\/\/hu.wikipedia.org\/wiki\/Konvergens_evol%C3%BAci%C3%B3\">konvergens evol\u00faci\u00f3t<\/a>\u00a0mutat a\u00a0<a style=\"color: #ffffff;\" title=\"Borosty\u00e1n (n\u00f6v\u00e9nynemzets\u00e9g)\" href=\"https:\/\/hu.wikipedia.org\/wiki\/Borosty%C3%A1n_(n%C3%B6v%C3%A9nynemzets%C3%A9g)\">borosty\u00e1nnal<\/a>. Mint a borosty\u00e1n eset\u00e9ben, a repk\u00e9nykecsker\u00e1g\u00f3 is fiatal kor\u00e1ban ivartalan k\u00fasz\u00f3 \u00e9letm\u00f3dot folytat; miut\u00e1n el\u00e9rte a gazdafa lombkoron\u00e1j\u00e1t, \u00e9s t\u00f6bb\u00a0<a style=\"color: #ffffff;\" title=\"Nap\" href=\"https:\/\/hu.wikipedia.org\/wiki\/Nap\">napf\u00e9nyhez<\/a>\u00a0jut, elkezdi \u00e9let\u00e9nek szaporod\u00f3, vir\u00e1gos szakasz\u00e1t.<\/span><\/p>\n<p><span style=\"color: #ffffff;\"><a style=\"color: #ffffff;\" title=\"Lev\u00e9l (botanika)\" href=\"https:\/\/hu.wikipedia.org\/wiki\/Lev%C3%A9l_(botanika)\">Levelei<\/a>\u00a0<a style=\"color: #ffffff;\" title=\"Ellipszis (g\u00f6rbe)\" href=\"https:\/\/hu.wikipedia.org\/wiki\/Ellipszis_(g%C3%B6rbe)\">ellipszis<\/a>\u00a0alak\u00faak \u00e9s \u00e1tellenesek, 2-6\u00a0centim\u00e9ter hossz\u00faak \u00e9s 1-3\u00a0centim\u00e9ter sz\u00e9lesek. Sz\u00e9l\u00fck finoman fogazott.\u00a0<a style=\"color: #ffffff;\" title=\"Vir\u00e1g (botanika)\" href=\"https:\/\/hu.wikipedia.org\/wiki\/Vir%C3%A1g_(botanika)\">Vir\u00e1gai<\/a>\u00a0alig \u00e9szrevehet\u0151k, 5\u00a0millim\u00e9ter \u00e1tm\u00e9r\u0151j\u0171ek; a vir\u00e1g 4\u00a0kis, z\u00f6ldes-s\u00e1rga\u00a0<a style=\"color: #ffffff;\" title=\"P\u00e1rta (botanika)\" href=\"https:\/\/hu.wikipedia.org\/wiki\/P%C3%A1rta_(botanika)\">sziromb\u00f3l<\/a>\u00a0tev\u0151dik \u00f6ssze. A\u00a0<a style=\"color: #ffffff;\" title=\"Term\u00e9s\" href=\"https:\/\/hu.wikipedia.org\/wiki\/Term%C3%A9s\">term\u00e9s<\/a>\u00a0halv\u00e1ny z\u00f6ld, \u00e9s n\u00e9gy r\u00e9szb\u0151l \u00e1ll. A\u00a0<a style=\"color: #ffffff;\" title=\"Mag\" href=\"https:\/\/hu.wikipedia.org\/wiki\/Mag\">magokat<\/a>\u00a0narancssz\u00edn\u0171 \u201eh\u00fas\u201d vesz k\u00f6r\u00fcl.<\/span><\/p>\n<p>&nbsp;<\/p>\n","protected":false},"excerpt":{"rendered":"<p>Az Euonymus fortunei &#8216;Emerald n Gold&#8217; , S\u00e1rgatarka k\u00fasz\u00f3 kecsker\u00e1g\u00f3 alacsony talajtakar\u00f3 cserje. \u00c1gai a talajon sz\u00e9tter\u00fclnek.<\/p>\n<p>\u00d6r\u00f6kz\u00f6ld levelei 1 \u2013 2 cm-es, sz\u00e9les toj\u00e1sdad alak\u00faak, s\u00f6t\u00e9tz\u00f6ldek, a sz\u00e9l\u00fck\u00f6n s\u00e1rga szegettek, \u0151sszel r\u00f3zsasz\u00ednes \u00e1rnyalatot vesznek fel.<\/p>\n<p>\u00c1tlagos kerti talajba val\u00f3 n\u00f6v\u00e9ny, napos fekv\u00e9sbe \u00fcltess\u00fck. Talajtakar\u00f3nak \u00fcltess\u00fck, esetleg ed\u00e9nyben is nevelhetj\u00fck.<\/p>","protected":false},"featured_media":2161,"template":"","meta":{"_et_pb_use_builder":"","_et_pb_old_content":"","_et_gb_content_width":""},"product_brand":[],"product_cat":[32],"product_tag":[293,292,294],"class_list":{"0":"post-1302","1":"product","2":"type-product","3":"status-publish","4":"has-post-thumbnail","6":"product_cat-formanovenyek-alakfak","7":"product_tag-euonymus-fortunei-emerald-n-gold","8":"product_tag-kuszo-kecskerago","9":"product_tag-sargatarka-kuszo-kecskerago","11":"first","12":"instock","13":"shipping-taxable","14":"purchasable","15":"product-type-simple"},"yoast_head":"<!-- This site is optimized with the Yoast SEO plugin v27.5 - https:\/\/yoast.com\/product\/yoast-seo-wordpress\/ -->\n<title>Euonymus fortunei &#039;Emerald n Gold&#039; , S\u00e1rgatarka k\u00fasz\u00f3 kecsker\u00e1g\u00f3 - T\u00e1jkert\u00e9sz<\/title>\n<meta name=\"description\" content=\"Az Euonymus fortunei &#039;Emerald n Gold&#039; , S\u00e1rgatarka k\u00fasz\u00f3 kecsker\u00e1g\u00f3 alacsony talajtakar\u00f3 cserje. \u00c1gai a talajon sz\u00e9tter\u00fclnek.\" \/>\n<meta name=\"robots\" content=\"index, follow, max-snippet:-1, max-image-preview:large, max-video-preview:-1\" \/>\n<link rel=\"canonical\" href=\"https:\/\/tajkertesz.com\/en_US\/product\/euonymus-fortunei-emerald-n-gold-sargatarka-kuszo-kecskerago\/\" \/>\n<meta property=\"og:locale\" content=\"en_US\" \/>\n<meta property=\"og:type\" content=\"article\" \/>\n<meta property=\"og:title\" content=\"Euonymus fortunei &#039;Emerald n Gold&#039; , S\u00e1rgatarka k\u00fasz\u00f3 kecsker\u00e1g\u00f3 - T\u00e1jkert\u00e9sz\" \/>\n<meta property=\"og:description\" content=\"Az Euonymus fortunei &#039;Emerald n Gold&#039; , S\u00e1rgatarka k\u00fasz\u00f3 kecsker\u00e1g\u00f3 alacsony talajtakar\u00f3 cserje. \u00c1gai a talajon sz\u00e9tter\u00fclnek.\" \/>\n<meta property=\"og:url\" content=\"https:\/\/tajkertesz.com\/en_US\/product\/euonymus-fortunei-emerald-n-gold-sargatarka-kuszo-kecskerago\/\" \/>\n<meta property=\"og:site_name\" content=\"T\u00e1jkert\u00e9sz\" \/>\n<meta property=\"article:publisher\" content=\"https:\/\/www.facebook.com\/Tajkertesz\/\" \/>\n<meta property=\"article:modified_time\" content=\"2020-11-10T10:16:50+00:00\" \/>\n<meta property=\"og:image\" content=\"https:\/\/tajkertesz.com\/wp-content\/uploads\/2020\/03\/Euonymus-emerald-n-gold-mt.png\" \/>\n\t<meta property=\"og:image:width\" content=\"310\" \/>\n\t<meta property=\"og:image:height\" content=\"590\" \/>\n\t<meta property=\"og:image:type\" content=\"image\/png\" \/>\n<meta name=\"twitter:card\" content=\"summary_large_image\" \/>\n<meta name=\"twitter:label1\" content=\"Est. reading time\" \/>\n\t<meta name=\"twitter:data1\" content=\"3 minutes\" \/>\n<script type=\"application\/ld+json\" class=\"yoast-schema-graph\">{\"@context\":\"https:\\\/\\\/schema.org\",\"@graph\":[{\"@type\":\"WebPage\",\"@id\":\"https:\\\/\\\/tajkertesz.com\\\/termek\\\/euonymus-fortunei-emerald-n-gold-sargatarka-kuszo-kecskerago\\\/\",\"url\":\"https:\\\/\\\/tajkertesz.com\\\/termek\\\/euonymus-fortunei-emerald-n-gold-sargatarka-kuszo-kecskerago\\\/\",\"name\":\"Euonymus fortunei 'Emerald n Gold' , S\u00e1rgatarka k\u00fasz\u00f3 kecsker\u00e1g\u00f3 - T\u00e1jkert\u00e9sz\",\"isPartOf\":{\"@id\":\"https:\\\/\\\/tajkertesz.com\\\/#website\"},\"primaryImageOfPage\":{\"@id\":\"https:\\\/\\\/tajkertesz.com\\\/termek\\\/euonymus-fortunei-emerald-n-gold-sargatarka-kuszo-kecskerago\\\/#primaryimage\"},\"image\":{\"@id\":\"https:\\\/\\\/tajkertesz.com\\\/termek\\\/euonymus-fortunei-emerald-n-gold-sargatarka-kuszo-kecskerago\\\/#primaryimage\"},\"thumbnailUrl\":\"https:\\\/\\\/tajkertesz.com\\\/wp-content\\\/uploads\\\/2020\\\/03\\\/Euonymus-emerald-n-gold-mt.png\",\"datePublished\":\"2020-03-11T11:26:25+00:00\",\"dateModified\":\"2020-11-10T10:16:50+00:00\",\"description\":\"Az Euonymus fortunei 'Emerald n Gold' , S\u00e1rgatarka k\u00fasz\u00f3 kecsker\u00e1g\u00f3 alacsony talajtakar\u00f3 cserje. \u00c1gai a talajon sz\u00e9tter\u00fclnek.\",\"breadcrumb\":{\"@id\":\"https:\\\/\\\/tajkertesz.com\\\/termek\\\/euonymus-fortunei-emerald-n-gold-sargatarka-kuszo-kecskerago\\\/#breadcrumb\"},\"inLanguage\":\"en-US\",\"potentialAction\":[{\"@type\":\"ReadAction\",\"target\":[\"https:\\\/\\\/tajkertesz.com\\\/termek\\\/euonymus-fortunei-emerald-n-gold-sargatarka-kuszo-kecskerago\\\/\"]}]},{\"@type\":\"ImageObject\",\"inLanguage\":\"en-US\",\"@id\":\"https:\\\/\\\/tajkertesz.com\\\/termek\\\/euonymus-fortunei-emerald-n-gold-sargatarka-kuszo-kecskerago\\\/#primaryimage\",\"url\":\"https:\\\/\\\/tajkertesz.com\\\/wp-content\\\/uploads\\\/2020\\\/03\\\/Euonymus-emerald-n-gold-mt.png\",\"contentUrl\":\"https:\\\/\\\/tajkertesz.com\\\/wp-content\\\/uploads\\\/2020\\\/03\\\/Euonymus-emerald-n-gold-mt.png\",\"width\":310,\"height\":590},{\"@type\":\"BreadcrumbList\",\"@id\":\"https:\\\/\\\/tajkertesz.com\\\/termek\\\/euonymus-fortunei-emerald-n-gold-sargatarka-kuszo-kecskerago\\\/#breadcrumb\",\"itemListElement\":[{\"@type\":\"ListItem\",\"position\":1,\"name\":\"Home\",\"item\":\"https:\\\/\\\/tajkertesz.com\\\/\"},{\"@type\":\"ListItem\",\"position\":2,\"name\":\"Kezd\u0151lap\",\"item\":\"https:\\\/\\\/tajkertesz.com\\\/\"},{\"@type\":\"ListItem\",\"position\":3,\"name\":\"Euonymus fortunei &#8216;Emerald n Gold&#8217; , S\u00e1rgatarka k\u00fasz\u00f3 kecsker\u00e1g\u00f3\"}]},{\"@type\":\"WebSite\",\"@id\":\"https:\\\/\\\/tajkertesz.com\\\/#website\",\"url\":\"https:\\\/\\\/tajkertesz.com\\\/\",\"name\":\"T\u00e1j-Kert\u00e9sz 84 Kft.\",\"description\":\"Kert\u00e9szeti kis- \u00e9s nagykeresked\u00e9s, D\u00edszn\u00f6v\u00e9ny web\u00e1ruh\u00e1z orsz\u00e1gos h\u00e1zhozsz\u00e1ll\u00edt\u00e1ssal!\",\"publisher\":{\"@id\":\"https:\\\/\\\/tajkertesz.com\\\/#organization\"},\"potentialAction\":[{\"@type\":\"SearchAction\",\"target\":{\"@type\":\"EntryPoint\",\"urlTemplate\":\"https:\\\/\\\/tajkertesz.com\\\/?s={search_term_string}\"},\"query-input\":{\"@type\":\"PropertyValueSpecification\",\"valueRequired\":true,\"valueName\":\"search_term_string\"}}],\"inLanguage\":\"en-US\"},{\"@type\":\"Organization\",\"@id\":\"https:\\\/\\\/tajkertesz.com\\\/#organization\",\"name\":\"T\u00e1j-Kert\u00e9sz 84 Kft.\",\"url\":\"https:\\\/\\\/tajkertesz.com\\\/\",\"logo\":{\"@type\":\"ImageObject\",\"inLanguage\":\"en-US\",\"@id\":\"https:\\\/\\\/tajkertesz.com\\\/#\\\/schema\\\/logo\\\/image\\\/\",\"url\":\"https:\\\/\\\/tajkertesz.com\\\/wp-content\\\/uploads\\\/2018\\\/02\\\/logo-2-e1518678052539.png\",\"contentUrl\":\"https:\\\/\\\/tajkertesz.com\\\/wp-content\\\/uploads\\\/2018\\\/02\\\/logo-2-e1518678052539.png\",\"width\":81,\"height\":140,\"caption\":\"T\u00e1j-Kert\u00e9sz 84 Kft.\"},\"image\":{\"@id\":\"https:\\\/\\\/tajkertesz.com\\\/#\\\/schema\\\/logo\\\/image\\\/\"},\"sameAs\":[\"https:\\\/\\\/www.facebook.com\\\/Tajkertesz\\\/\"]}]}<\/script>\n<!-- \/ Yoast SEO plugin. -->","yoast_head_json":{"title":"Euonymus fortunei 'Emerald n Gold' , S\u00e1rgatarka k\u00fasz\u00f3 kecsker\u00e1g\u00f3 - T\u00e1jkert\u00e9sz","description":"Az Euonymus fortunei 'Emerald n Gold' , S\u00e1rgatarka k\u00fasz\u00f3 kecsker\u00e1g\u00f3 alacsony talajtakar\u00f3 cserje. \u00c1gai a talajon sz\u00e9tter\u00fclnek.","robots":{"index":"index","follow":"follow","max-snippet":"max-snippet:-1","max-image-preview":"max-image-preview:large","max-video-preview":"max-video-preview:-1"},"canonical":"https:\/\/tajkertesz.com\/en_US\/product\/euonymus-fortunei-emerald-n-gold-sargatarka-kuszo-kecskerago\/","og_locale":"en_US","og_type":"article","og_title":"Euonymus fortunei 'Emerald n Gold' , S\u00e1rgatarka k\u00fasz\u00f3 kecsker\u00e1g\u00f3 - T\u00e1jkert\u00e9sz","og_description":"Az Euonymus fortunei 'Emerald n Gold' , S\u00e1rgatarka k\u00fasz\u00f3 kecsker\u00e1g\u00f3 alacsony talajtakar\u00f3 cserje. \u00c1gai a talajon sz\u00e9tter\u00fclnek.","og_url":"https:\/\/tajkertesz.com\/en_US\/product\/euonymus-fortunei-emerald-n-gold-sargatarka-kuszo-kecskerago\/","og_site_name":"T\u00e1jkert\u00e9sz","article_publisher":"https:\/\/www.facebook.com\/Tajkertesz\/","article_modified_time":"2020-11-10T10:16:50+00:00","og_image":[{"width":310,"height":590,"url":"https:\/\/tajkertesz.com\/wp-content\/uploads\/2020\/03\/Euonymus-emerald-n-gold-mt.png","type":"image\/png"}],"twitter_card":"summary_large_image","twitter_misc":{"Est. reading time":"3 minutes"},"schema":{"@context":"https:\/\/schema.org","@graph":[{"@type":"WebPage","@id":"https:\/\/tajkertesz.com\/termek\/euonymus-fortunei-emerald-n-gold-sargatarka-kuszo-kecskerago\/","url":"https:\/\/tajkertesz.com\/termek\/euonymus-fortunei-emerald-n-gold-sargatarka-kuszo-kecskerago\/","name":"Euonymus fortunei 'Emerald n Gold' , S\u00e1rgatarka k\u00fasz\u00f3 kecsker\u00e1g\u00f3 - T\u00e1jkert\u00e9sz","isPartOf":{"@id":"https:\/\/tajkertesz.com\/#website"},"primaryImageOfPage":{"@id":"https:\/\/tajkertesz.com\/termek\/euonymus-fortunei-emerald-n-gold-sargatarka-kuszo-kecskerago\/#primaryimage"},"image":{"@id":"https:\/\/tajkertesz.com\/termek\/euonymus-fortunei-emerald-n-gold-sargatarka-kuszo-kecskerago\/#primaryimage"},"thumbnailUrl":"https:\/\/tajkertesz.com\/wp-content\/uploads\/2020\/03\/Euonymus-emerald-n-gold-mt.png","datePublished":"2020-03-11T11:26:25+00:00","dateModified":"2020-11-10T10:16:50+00:00","description":"Az Euonymus fortunei 'Emerald n Gold' , S\u00e1rgatarka k\u00fasz\u00f3 kecsker\u00e1g\u00f3 alacsony talajtakar\u00f3 cserje. \u00c1gai a talajon sz\u00e9tter\u00fclnek.","breadcrumb":{"@id":"https:\/\/tajkertesz.com\/termek\/euonymus-fortunei-emerald-n-gold-sargatarka-kuszo-kecskerago\/#breadcrumb"},"inLanguage":"en-US","potentialAction":[{"@type":"ReadAction","target":["https:\/\/tajkertesz.com\/termek\/euonymus-fortunei-emerald-n-gold-sargatarka-kuszo-kecskerago\/"]}]},{"@type":"ImageObject","inLanguage":"en-US","@id":"https:\/\/tajkertesz.com\/termek\/euonymus-fortunei-emerald-n-gold-sargatarka-kuszo-kecskerago\/#primaryimage","url":"https:\/\/tajkertesz.com\/wp-content\/uploads\/2020\/03\/Euonymus-emerald-n-gold-mt.png","contentUrl":"https:\/\/tajkertesz.com\/wp-content\/uploads\/2020\/03\/Euonymus-emerald-n-gold-mt.png","width":310,"height":590},{"@type":"BreadcrumbList","@id":"https:\/\/tajkertesz.com\/termek\/euonymus-fortunei-emerald-n-gold-sargatarka-kuszo-kecskerago\/#breadcrumb","itemListElement":[{"@type":"ListItem","position":1,"name":"Home","item":"https:\/\/tajkertesz.com\/"},{"@type":"ListItem","position":2,"name":"Kezd\u0151lap","item":"https:\/\/tajkertesz.com\/"},{"@type":"ListItem","position":3,"name":"Euonymus fortunei &#8216;Emerald n Gold&#8217; , S\u00e1rgatarka k\u00fasz\u00f3 kecsker\u00e1g\u00f3"}]},{"@type":"WebSite","@id":"https:\/\/tajkertesz.com\/#website","url":"https:\/\/tajkertesz.com\/","name":"T\u00e1j-Kert\u00e9sz 84 Kft.","description":"Kert\u00e9szeti kis- \u00e9s nagykeresked\u00e9s, D\u00edszn\u00f6v\u00e9ny web\u00e1ruh\u00e1z orsz\u00e1gos h\u00e1zhozsz\u00e1ll\u00edt\u00e1ssal!","publisher":{"@id":"https:\/\/tajkertesz.com\/#organization"},"potentialAction":[{"@type":"SearchAction","target":{"@type":"EntryPoint","urlTemplate":"https:\/\/tajkertesz.com\/?s={search_term_string}"},"query-input":{"@type":"PropertyValueSpecification","valueRequired":true,"valueName":"search_term_string"}}],"inLanguage":"en-US"},{"@type":"Organization","@id":"https:\/\/tajkertesz.com\/#organization","name":"T\u00e1j-Kert\u00e9sz 84 Kft.","url":"https:\/\/tajkertesz.com\/","logo":{"@type":"ImageObject","inLanguage":"en-US","@id":"https:\/\/tajkertesz.com\/#\/schema\/logo\/image\/","url":"https:\/\/tajkertesz.com\/wp-content\/uploads\/2018\/02\/logo-2-e1518678052539.png","contentUrl":"https:\/\/tajkertesz.com\/wp-content\/uploads\/2018\/02\/logo-2-e1518678052539.png","width":81,"height":140,"caption":"T\u00e1j-Kert\u00e9sz 84 Kft."},"image":{"@id":"https:\/\/tajkertesz.com\/#\/schema\/logo\/image\/"},"sameAs":["https:\/\/www.facebook.com\/Tajkertesz\/"]}]}},"_links":{"self":[{"href":"https:\/\/tajkertesz.com\/en_US\/wp-json\/wp\/v2\/product\/1302","targetHints":{"allow":["GET"]}}],"collection":[{"href":"https:\/\/tajkertesz.com\/en_US\/wp-json\/wp\/v2\/product"}],"about":[{"href":"https:\/\/tajkertesz.com\/en_US\/wp-json\/wp\/v2\/types\/product"}],"wp:featuredmedia":[{"embeddable":true,"href":"https:\/\/tajkertesz.com\/en_US\/wp-json\/wp\/v2\/media\/2161"}],"wp:attachment":[{"href":"https:\/\/tajkertesz.com\/en_US\/wp-json\/wp\/v2\/media?parent=1302"}],"wp:term":[{"taxonomy":"product_brand","embeddable":true,"href":"https:\/\/tajkertesz.com\/en_US\/wp-json\/wp\/v2\/product_brand?post=1302"},{"taxonomy":"product_cat","embeddable":true,"href":"https:\/\/tajkertesz.com\/en_US\/wp-json\/wp\/v2\/product_cat?post=1302"},{"taxonomy":"product_tag","embeddable":true,"href":"https:\/\/tajkertesz.com\/en_US\/wp-json\/wp\/v2\/product_tag?post=1302"}],"curies":[{"name":"wp","href":"https:\/\/api.w.org\/{rel}","templated":true}]}}