{"id":13029,"date":"2022-05-31T13:36:18","date_gmt":"2022-05-31T13:36:18","guid":{"rendered":"https:\/\/tajkertesz.com\/?post_type=product&#038;p=13029"},"modified":"2025-01-14T14:19:53","modified_gmt":"2025-01-14T14:19:53","slug":"magasagyas-8012020-cm-natur-fa-rakasolhato","status":"publish","type":"product","link":"https:\/\/tajkertesz.com\/en_US\/product\/magasagyas-8012020-cm-natur-fa-rakasolhato\/","title":{"rendered":"Magas\u00e1gy\u00e1s 80*120*20 cm nat\u00far fa, rak\u00e1solhat\u00f3"},"content":{"rendered":"<h2><span style=\"text-decoration: underline;\">Magas\u00e1gy\u00e1s 80*120*20 cm nat\u00far fa, rak\u00e1solhat\u00f3<\/span><img loading=\"lazy\" decoding=\"async\" class=\"size-medium wp-image-13700 alignleft\" src=\"https:\/\/tajkertesz.com\/wp-content\/uploads\/2022\/05\/palanta_01-297x300.jpg\" alt=\"\" width=\"297\" height=\"300\" srcset=\"https:\/\/tajkertesz.com\/wp-content\/uploads\/2022\/05\/palanta_01-297x300.jpg 297w, https:\/\/tajkertesz.com\/wp-content\/uploads\/2022\/05\/palanta_01-12x12.jpg 12w, https:\/\/tajkertesz.com\/wp-content\/uploads\/2022\/05\/palanta_01-100x100.jpg 100w, https:\/\/tajkertesz.com\/wp-content\/uploads\/2022\/05\/palanta_01-64x65.jpg 64w, https:\/\/tajkertesz.com\/wp-content\/uploads\/2022\/05\/palanta_01.jpg 410w\" sizes=\"(max-width: 297px) 100vw, 297px\" \/><\/h2>\n<p>Magas\u00e1gy\u00e1s 80*120*20 cm nat\u00far fa, rak\u00e1solhat\u00f3 melynek el\u0151nye, hogy t\u00f6k\u00e9letesen \u00f6sszeillethet\u0151, magas\u00edthat\u00f3.<\/p>\n<p>A term\u00e9k jellemz\u0151i:<\/p>\n<p>8kg<\/p>\n<p>80*120*20 cm<\/p>\n<p>Nat\u00far kezeletlen fa (Impregn\u00e1l\u00f3val , fest\u00e9kkel , laz\u00farral egy\u00e9b bevonattal nem kezelt , de az ut\u00f3lagos bevonat n\u00e9lk\u00fcl is t\u00f6bb \u00e9vig haszn\u00e1lhat\u00f3)<\/p>\n<p>&nbsp;<\/p>\n<p>A magas\u00e1gy\u00e1s\u00a0 egy\u00a0 egyszer\u0171 de igen praktikus r\u00e9sze lehet kis kert\u00fcnknek.<\/p>\n<p>El\u0151nye:<\/p>\n<p>a munk\u00e1k k\u00f6zben nem kell a f\u00f6ld\u00f6n t\u00e9rdelni<\/p>\n<p>k\u00f6nnyen v\u00e9dekezhet\u00fcnk a csig\u00e1k\u00a0 ellen<\/p>\n<p>a felgy\u00fclemlett \u00e1gak, komposzt t\u00f6k\u00e9letes helye<\/p>\n<p>pal\u00e1nt\u00e1z\u00e1skor k\u00f6nnyed\u00e9n megtudjuk v\u00e9deni a n\u00f6v\u00e9nyeinket a talajmenti fagyt\u00f3l.<\/p>\n<p>\u00c9s persze az sem utols\u00f3 szempont, hogy ak\u00e1r\u00a0<b> <\/b>mi magunk is eltudjuk k\u00f6nnyed\u00e9n k\u00e9sz\u00edteni.<\/p>\n<p>&nbsp;<\/p>\n<p>Hova helyezz\u00fck a magas\u00e1gy\u00e1sunkat?<\/p>\n<p><strong>Az els\u0151 \u00e9s legfontosabb eld\u00f6ntend\u0151 k\u00e9rd\u00e9s, hogy milyen n\u00f6v\u00e9nyeket fogunk bele \u00fclteteni.\u00a0<\/strong><\/p>\n<p>Amennyiben haszonn\u00f6v\u00e9nyeket \u00fagy ak\u00e1r a t\u0171z\u0151 napon is kialak\u00edthatjuk \u00e1gy\u00e1sunkat.<\/p>\n<p>A magas\u00e1gy\u00e1s felt\u00f6lt\u00e9se:<\/p>\n<p>Mint m\u00e1r fent \u00edrtuk az \u00e1gy\u00e1sunk rengeteg kerti nyesed\u00e9k \u00e9s komposzt t\u00f6k\u00e9letes helye.<\/p>\n<p>R\u00e9tegenk\u00e9nt\u00a0 kell felt\u00f6lteti.<\/p>\n<p>A\u00a0 r\u00e9tegek sorrendje a k\u00f6vetkez\u0151:<\/p>\n<ol>\n<li>A talaj\u00a0 f\u00fcggv\u00e9ny\u00e9ben\u00a0 javasolt\u00a0 kavicsr\u00e9teggel vagy geotextillel\u00a0 megalapozni az \u00e1gy\u00e1sunkat.<\/li>\n<li>A k\u00f6vetkez\u0151 szintre a kisebb gallyak, nyesed\u00e9kek, lev\u00e1gott f\u0171nyesed\u00e9k, kerti hullad\u00e9kok\u00a0 ker\u00fclhetnek melyek komposzt\u00e1lhatok.<\/li>\n<li>\u00c9rett komposzt, szarvasmarhatr\u00e1gy\u00e1val keverve a k\u00f6vetkez\u0151 de igen fontos r\u00e9teg alkot\u00f3 elemei.<\/li>\n<li>\u00a0Majd k\u00f6vetkezik a term\u0151f\u00f6ld, amennyiben nem \u00e1ll rendelkez\u00e9s\u00fcnkre \u00fagy pal\u00e1nta f\u00f6ld javasolt a legfels\u0151 r\u00e9tegbe.<\/li>\n<\/ol>\n<p>Fontos megeml\u00edteni a magas\u00e1gy\u00e1sokn\u00e1l, hogy &#8222;\u00fclepedik&#8221;, de ez a probl\u00e9ma orvosolhat\u00f3 tov\u00e1bbi f\u00f6ld t\u00f6lt\u00e9s\u00e9vel.<\/p>\n<h4><span style=\"text-decoration: underline;\">Aj\u00e1nljuk az al\u00e1bbi term\u00e9keket:<\/span><\/h4>\n<p><span style=\"color: #ff0000;\"><a style=\"color: #ff0000;\" href=\"https:\/\/tajkertesz.com\/termek\/hpde-feluletszivargo-lemez-dorkenlemez-15-meter\/\">B\u00e9lelj\u00fck ki fel\u00fcletsziv\u00e1rg\u00f3 lemezzel!<\/a><\/span><\/p>\n<p><span style=\"color: #ff0000;\"><a style=\"color: #ff0000;\" href=\"https:\/\/tajkertesz.com\/termek-kategoria\/viragfold-tozeg-perlitfenyokereg\/\">T\u00f6lts\u00fck fel vir\u00e1gf\u00f6lddel!<\/a><\/span><\/p>\n<p>&nbsp;<\/p>\n<p><a href=\"https:\/\/tajkertesz.com\/\">https:\/\/tajkertesz.com\/<\/a><\/p>\n<p><a href=\"https:\/\/www.facebook.com\/tajkertesz\/\">https:\/\/www.facebook.com\/tajkertesz\/<\/a><\/p>\n<p>Kisz\u00e1ll\u00edt\u00e1s: 200 cm \u00e9s 40 kg is a sz\u00e1ll\u00edt\u00e1s fut\u00e1rszolg\u00e1lattal t\u00f6rt\u00e9nik.<\/p>","protected":false},"excerpt":{"rendered":"<p>Magas\u00e1gy\u00e1s 80*120*20 cm nat\u00far fa, rak\u00e1solhat\u00f3 melynek el\u0151nye, hogy t\u00f6k\u00e9letesen \u00f6sszeillethet\u0151, magas\u00edthat\u00f3.<\/p>\n<p>A term\u00e9k jellemz\u0151i:<\/p>\n<p>8kg<\/p>\n<p>80*120*20 cm<\/p>\n<p>Nat\u00far kezeletlen fa (Impregn\u00e1l\u00f3val , fest\u00e9kkel , laz\u00farral egy\u00e9b bevonattal nem kezelt , de az ut\u00f3lagos bevonat n\u00e9lk\u00fcl is t\u00f6bb \u00e9vig haszn\u00e1lhat\u00f3)<\/p>","protected":false},"featured_media":13030,"template":"","meta":{"_et_pb_use_builder":"","_et_pb_old_content":"","_et_gb_content_width":""},"product_brand":[],"product_cat":[623,3652,3785],"product_tag":[3235,3774,3775,3778,3773,3777,3776],"class_list":{"0":"post-13029","1":"product","2":"type-product","3":"status-publish","4":"has-post-thumbnail","6":"product_cat-kerti-szerszamok-kiegeszitok","7":"product_cat-magvetes-palantazas","8":"product_cat-uj-termekek","9":"product_tag-magas","10":"product_tag-8012020-cm-magasagyas","11":"product_tag-agyas","12":"product_tag-keret","13":"product_tag-magasagyas","14":"product_tag-raklap-meretu-keret","15":"product_tag-raklapagyas","17":"first","18":"instock","19":"shipping-taxable","20":"purchasable","21":"product-type-simple"},"yoast_head":"<!-- This site is optimized with the Yoast SEO plugin v27.3 - https:\/\/yoast.com\/product\/yoast-seo-wordpress\/ -->\n<title>Magas\u00e1gy\u00e1s 80*120*20 cm nat\u00far fa, rak\u00e1solhat\u00f3 - T\u00e1jkert\u00e9sz<\/title>\n<meta name=\"description\" content=\"Magas\u00e1gy\u00e1s 80*120*20 cm nat\u00far fa, rak\u00e1solhat\u00f3 melynek el\u0151nye, hogy t\u00f6k\u00e9letesen \u00f6sszeilleszthet\u0151, magas\u00edthat\u00f3. Kiemelt n\u00f6v\u00e9ny\u00e1gy\u00e1s.\" \/>\n<meta name=\"robots\" content=\"index, follow, max-snippet:-1, max-image-preview:large, max-video-preview:-1\" \/>\n<link rel=\"canonical\" href=\"https:\/\/tajkertesz.com\/en_US\/product\/magasagyas-8012020-cm-natur-fa-rakasolhato\/\" \/>\n<meta property=\"og:locale\" content=\"en_US\" \/>\n<meta property=\"og:type\" content=\"article\" \/>\n<meta property=\"og:title\" content=\"Magas\u00e1gy\u00e1s 80*120*20 cm nat\u00far fa, rak\u00e1solhat\u00f3 - T\u00e1jkert\u00e9sz\" \/>\n<meta property=\"og:description\" content=\"Magas\u00e1gy\u00e1s 80*120*20 cm nat\u00far fa, rak\u00e1solhat\u00f3 melynek el\u0151nye, hogy t\u00f6k\u00e9letesen \u00f6sszeilleszthet\u0151, magas\u00edthat\u00f3. Kiemelt n\u00f6v\u00e9ny\u00e1gy\u00e1s.\" \/>\n<meta property=\"og:url\" content=\"https:\/\/tajkertesz.com\/en_US\/product\/magasagyas-8012020-cm-natur-fa-rakasolhato\/\" \/>\n<meta property=\"og:site_name\" content=\"T\u00e1jkert\u00e9sz\" \/>\n<meta property=\"article:publisher\" content=\"https:\/\/www.facebook.com\/Tajkertesz\/\" \/>\n<meta property=\"article:modified_time\" content=\"2025-01-14T14:19:53+00:00\" \/>\n<meta property=\"og:image\" content=\"https:\/\/tajkertesz.com\/wp-content\/uploads\/2022\/05\/Magasagyas.png\" \/>\n\t<meta property=\"og:image:width\" content=\"615\" \/>\n\t<meta property=\"og:image:height\" content=\"533\" \/>\n\t<meta property=\"og:image:type\" content=\"image\/png\" \/>\n<meta name=\"twitter:card\" content=\"summary_large_image\" \/>\n<meta name=\"twitter:label1\" content=\"Est. reading time\" \/>\n\t<meta name=\"twitter:data1\" content=\"2 minutes\" \/>\n<script type=\"application\/ld+json\" class=\"yoast-schema-graph\">{\"@context\":\"https:\\\/\\\/schema.org\",\"@graph\":[{\"@type\":\"WebPage\",\"@id\":\"https:\\\/\\\/tajkertesz.com\\\/termek\\\/magasagyas-8012020-cm-natur-fa-rakasolhato\\\/\",\"url\":\"https:\\\/\\\/tajkertesz.com\\\/termek\\\/magasagyas-8012020-cm-natur-fa-rakasolhato\\\/\",\"name\":\"Magas\u00e1gy\u00e1s 80*120*20 cm nat\u00far fa, rak\u00e1solhat\u00f3 - T\u00e1jkert\u00e9sz\",\"isPartOf\":{\"@id\":\"https:\\\/\\\/tajkertesz.com\\\/#website\"},\"primaryImageOfPage\":{\"@id\":\"https:\\\/\\\/tajkertesz.com\\\/termek\\\/magasagyas-8012020-cm-natur-fa-rakasolhato\\\/#primaryimage\"},\"image\":{\"@id\":\"https:\\\/\\\/tajkertesz.com\\\/termek\\\/magasagyas-8012020-cm-natur-fa-rakasolhato\\\/#primaryimage\"},\"thumbnailUrl\":\"https:\\\/\\\/tajkertesz.com\\\/wp-content\\\/uploads\\\/2022\\\/05\\\/Magasagyas.png\",\"datePublished\":\"2022-05-31T13:36:18+00:00\",\"dateModified\":\"2025-01-14T14:19:53+00:00\",\"description\":\"Magas\u00e1gy\u00e1s 80*120*20 cm nat\u00far fa, rak\u00e1solhat\u00f3 melynek el\u0151nye, hogy t\u00f6k\u00e9letesen \u00f6sszeilleszthet\u0151, magas\u00edthat\u00f3. Kiemelt n\u00f6v\u00e9ny\u00e1gy\u00e1s.\",\"breadcrumb\":{\"@id\":\"https:\\\/\\\/tajkertesz.com\\\/termek\\\/magasagyas-8012020-cm-natur-fa-rakasolhato\\\/#breadcrumb\"},\"inLanguage\":\"en-US\",\"potentialAction\":[{\"@type\":\"ReadAction\",\"target\":[\"https:\\\/\\\/tajkertesz.com\\\/termek\\\/magasagyas-8012020-cm-natur-fa-rakasolhato\\\/\"]}]},{\"@type\":\"ImageObject\",\"inLanguage\":\"en-US\",\"@id\":\"https:\\\/\\\/tajkertesz.com\\\/termek\\\/magasagyas-8012020-cm-natur-fa-rakasolhato\\\/#primaryimage\",\"url\":\"https:\\\/\\\/tajkertesz.com\\\/wp-content\\\/uploads\\\/2022\\\/05\\\/Magasagyas.png\",\"contentUrl\":\"https:\\\/\\\/tajkertesz.com\\\/wp-content\\\/uploads\\\/2022\\\/05\\\/Magasagyas.png\",\"width\":615,\"height\":533},{\"@type\":\"BreadcrumbList\",\"@id\":\"https:\\\/\\\/tajkertesz.com\\\/termek\\\/magasagyas-8012020-cm-natur-fa-rakasolhato\\\/#breadcrumb\",\"itemListElement\":[{\"@type\":\"ListItem\",\"position\":1,\"name\":\"Home\",\"item\":\"https:\\\/\\\/tajkertesz.com\\\/\"},{\"@type\":\"ListItem\",\"position\":2,\"name\":\"Kezd\u0151lap\",\"item\":\"https:\\\/\\\/tajkertesz.com\\\/\"},{\"@type\":\"ListItem\",\"position\":3,\"name\":\"Magas\u00e1gy\u00e1s 80*120*20 cm nat\u00far fa, rak\u00e1solhat\u00f3\"}]},{\"@type\":\"WebSite\",\"@id\":\"https:\\\/\\\/tajkertesz.com\\\/#website\",\"url\":\"https:\\\/\\\/tajkertesz.com\\\/\",\"name\":\"T\u00e1j-Kert\u00e9sz 84 Kft.\",\"description\":\"Kert\u00e9szeti kis- \u00e9s nagykeresked\u00e9s, D\u00edszn\u00f6v\u00e9ny web\u00e1ruh\u00e1z orsz\u00e1gos h\u00e1zhozsz\u00e1ll\u00edt\u00e1ssal!\",\"publisher\":{\"@id\":\"https:\\\/\\\/tajkertesz.com\\\/#organization\"},\"potentialAction\":[{\"@type\":\"SearchAction\",\"target\":{\"@type\":\"EntryPoint\",\"urlTemplate\":\"https:\\\/\\\/tajkertesz.com\\\/?s={search_term_string}\"},\"query-input\":{\"@type\":\"PropertyValueSpecification\",\"valueRequired\":true,\"valueName\":\"search_term_string\"}}],\"inLanguage\":\"en-US\"},{\"@type\":\"Organization\",\"@id\":\"https:\\\/\\\/tajkertesz.com\\\/#organization\",\"name\":\"T\u00e1j-Kert\u00e9sz 84 Kft.\",\"url\":\"https:\\\/\\\/tajkertesz.com\\\/\",\"logo\":{\"@type\":\"ImageObject\",\"inLanguage\":\"en-US\",\"@id\":\"https:\\\/\\\/tajkertesz.com\\\/#\\\/schema\\\/logo\\\/image\\\/\",\"url\":\"https:\\\/\\\/tajkertesz.com\\\/wp-content\\\/uploads\\\/2018\\\/02\\\/logo-2-e1518678052539.png\",\"contentUrl\":\"https:\\\/\\\/tajkertesz.com\\\/wp-content\\\/uploads\\\/2018\\\/02\\\/logo-2-e1518678052539.png\",\"width\":81,\"height\":140,\"caption\":\"T\u00e1j-Kert\u00e9sz 84 Kft.\"},\"image\":{\"@id\":\"https:\\\/\\\/tajkertesz.com\\\/#\\\/schema\\\/logo\\\/image\\\/\"},\"sameAs\":[\"https:\\\/\\\/www.facebook.com\\\/Tajkertesz\\\/\"]}]}<\/script>\n<!-- \/ Yoast SEO plugin. -->","yoast_head_json":{"title":"Magas\u00e1gy\u00e1s 80*120*20 cm nat\u00far fa, rak\u00e1solhat\u00f3 - T\u00e1jkert\u00e9sz","description":"Magas\u00e1gy\u00e1s 80*120*20 cm nat\u00far fa, rak\u00e1solhat\u00f3 melynek el\u0151nye, hogy t\u00f6k\u00e9letesen \u00f6sszeilleszthet\u0151, magas\u00edthat\u00f3. Kiemelt n\u00f6v\u00e9ny\u00e1gy\u00e1s.","robots":{"index":"index","follow":"follow","max-snippet":"max-snippet:-1","max-image-preview":"max-image-preview:large","max-video-preview":"max-video-preview:-1"},"canonical":"https:\/\/tajkertesz.com\/en_US\/product\/magasagyas-8012020-cm-natur-fa-rakasolhato\/","og_locale":"en_US","og_type":"article","og_title":"Magas\u00e1gy\u00e1s 80*120*20 cm nat\u00far fa, rak\u00e1solhat\u00f3 - T\u00e1jkert\u00e9sz","og_description":"Magas\u00e1gy\u00e1s 80*120*20 cm nat\u00far fa, rak\u00e1solhat\u00f3 melynek el\u0151nye, hogy t\u00f6k\u00e9letesen \u00f6sszeilleszthet\u0151, magas\u00edthat\u00f3. Kiemelt n\u00f6v\u00e9ny\u00e1gy\u00e1s.","og_url":"https:\/\/tajkertesz.com\/en_US\/product\/magasagyas-8012020-cm-natur-fa-rakasolhato\/","og_site_name":"T\u00e1jkert\u00e9sz","article_publisher":"https:\/\/www.facebook.com\/Tajkertesz\/","article_modified_time":"2025-01-14T14:19:53+00:00","og_image":[{"width":615,"height":533,"url":"https:\/\/tajkertesz.com\/wp-content\/uploads\/2022\/05\/Magasagyas.png","type":"image\/png"}],"twitter_card":"summary_large_image","twitter_misc":{"Est. reading time":"2 minutes"},"schema":{"@context":"https:\/\/schema.org","@graph":[{"@type":"WebPage","@id":"https:\/\/tajkertesz.com\/termek\/magasagyas-8012020-cm-natur-fa-rakasolhato\/","url":"https:\/\/tajkertesz.com\/termek\/magasagyas-8012020-cm-natur-fa-rakasolhato\/","name":"Magas\u00e1gy\u00e1s 80*120*20 cm nat\u00far fa, rak\u00e1solhat\u00f3 - T\u00e1jkert\u00e9sz","isPartOf":{"@id":"https:\/\/tajkertesz.com\/#website"},"primaryImageOfPage":{"@id":"https:\/\/tajkertesz.com\/termek\/magasagyas-8012020-cm-natur-fa-rakasolhato\/#primaryimage"},"image":{"@id":"https:\/\/tajkertesz.com\/termek\/magasagyas-8012020-cm-natur-fa-rakasolhato\/#primaryimage"},"thumbnailUrl":"https:\/\/tajkertesz.com\/wp-content\/uploads\/2022\/05\/Magasagyas.png","datePublished":"2022-05-31T13:36:18+00:00","dateModified":"2025-01-14T14:19:53+00:00","description":"Magas\u00e1gy\u00e1s 80*120*20 cm nat\u00far fa, rak\u00e1solhat\u00f3 melynek el\u0151nye, hogy t\u00f6k\u00e9letesen \u00f6sszeilleszthet\u0151, magas\u00edthat\u00f3. Kiemelt n\u00f6v\u00e9ny\u00e1gy\u00e1s.","breadcrumb":{"@id":"https:\/\/tajkertesz.com\/termek\/magasagyas-8012020-cm-natur-fa-rakasolhato\/#breadcrumb"},"inLanguage":"en-US","potentialAction":[{"@type":"ReadAction","target":["https:\/\/tajkertesz.com\/termek\/magasagyas-8012020-cm-natur-fa-rakasolhato\/"]}]},{"@type":"ImageObject","inLanguage":"en-US","@id":"https:\/\/tajkertesz.com\/termek\/magasagyas-8012020-cm-natur-fa-rakasolhato\/#primaryimage","url":"https:\/\/tajkertesz.com\/wp-content\/uploads\/2022\/05\/Magasagyas.png","contentUrl":"https:\/\/tajkertesz.com\/wp-content\/uploads\/2022\/05\/Magasagyas.png","width":615,"height":533},{"@type":"BreadcrumbList","@id":"https:\/\/tajkertesz.com\/termek\/magasagyas-8012020-cm-natur-fa-rakasolhato\/#breadcrumb","itemListElement":[{"@type":"ListItem","position":1,"name":"Home","item":"https:\/\/tajkertesz.com\/"},{"@type":"ListItem","position":2,"name":"Kezd\u0151lap","item":"https:\/\/tajkertesz.com\/"},{"@type":"ListItem","position":3,"name":"Magas\u00e1gy\u00e1s 80*120*20 cm nat\u00far fa, rak\u00e1solhat\u00f3"}]},{"@type":"WebSite","@id":"https:\/\/tajkertesz.com\/#website","url":"https:\/\/tajkertesz.com\/","name":"T\u00e1j-Kert\u00e9sz 84 Kft.","description":"Kert\u00e9szeti kis- \u00e9s nagykeresked\u00e9s, D\u00edszn\u00f6v\u00e9ny web\u00e1ruh\u00e1z orsz\u00e1gos h\u00e1zhozsz\u00e1ll\u00edt\u00e1ssal!","publisher":{"@id":"https:\/\/tajkertesz.com\/#organization"},"potentialAction":[{"@type":"SearchAction","target":{"@type":"EntryPoint","urlTemplate":"https:\/\/tajkertesz.com\/?s={search_term_string}"},"query-input":{"@type":"PropertyValueSpecification","valueRequired":true,"valueName":"search_term_string"}}],"inLanguage":"en-US"},{"@type":"Organization","@id":"https:\/\/tajkertesz.com\/#organization","name":"T\u00e1j-Kert\u00e9sz 84 Kft.","url":"https:\/\/tajkertesz.com\/","logo":{"@type":"ImageObject","inLanguage":"en-US","@id":"https:\/\/tajkertesz.com\/#\/schema\/logo\/image\/","url":"https:\/\/tajkertesz.com\/wp-content\/uploads\/2018\/02\/logo-2-e1518678052539.png","contentUrl":"https:\/\/tajkertesz.com\/wp-content\/uploads\/2018\/02\/logo-2-e1518678052539.png","width":81,"height":140,"caption":"T\u00e1j-Kert\u00e9sz 84 Kft."},"image":{"@id":"https:\/\/tajkertesz.com\/#\/schema\/logo\/image\/"},"sameAs":["https:\/\/www.facebook.com\/Tajkertesz\/"]}]}},"_links":{"self":[{"href":"https:\/\/tajkertesz.com\/en_US\/wp-json\/wp\/v2\/product\/13029","targetHints":{"allow":["GET"]}}],"collection":[{"href":"https:\/\/tajkertesz.com\/en_US\/wp-json\/wp\/v2\/product"}],"about":[{"href":"https:\/\/tajkertesz.com\/en_US\/wp-json\/wp\/v2\/types\/product"}],"wp:featuredmedia":[{"embeddable":true,"href":"https:\/\/tajkertesz.com\/en_US\/wp-json\/wp\/v2\/media\/13030"}],"wp:attachment":[{"href":"https:\/\/tajkertesz.com\/en_US\/wp-json\/wp\/v2\/media?parent=13029"}],"wp:term":[{"taxonomy":"product_brand","embeddable":true,"href":"https:\/\/tajkertesz.com\/en_US\/wp-json\/wp\/v2\/product_brand?post=13029"},{"taxonomy":"product_cat","embeddable":true,"href":"https:\/\/tajkertesz.com\/en_US\/wp-json\/wp\/v2\/product_cat?post=13029"},{"taxonomy":"product_tag","embeddable":true,"href":"https:\/\/tajkertesz.com\/en_US\/wp-json\/wp\/v2\/product_tag?post=13029"}],"curies":[{"name":"wp","href":"https:\/\/api.w.org\/{rel}","templated":true}]}}