{"id":1303,"date":"2020-03-23T07:01:59","date_gmt":"2020-03-23T07:01:59","guid":{"rendered":"https:\/\/tajkertesz.com\/?post_type=product&#038;p=1303"},"modified":"2025-04-08T14:02:49","modified_gmt":"2025-04-08T14:02:49","slug":"forsythia-viridissima-kumson","status":"publish","type":"product","link":"https:\/\/tajkertesz.com\/en_US\/product\/forsythia-viridissima-kumson\/","title":{"rendered":"Forsythia viridissima &#8216;Kumson&#8217; , Koreai aranyvessz\u0151"},"content":{"rendered":"<p>Forsythia viridissima &#8216;Kumson&#8217; , Koreai aranyvessz\u0151<\/p>\n<p>A Forsythia viridissima &#8216;Kumson&#8217; , Koreai aranyvessz\u0151 , 1,4-1,6 m\u00e9ter magas, levelei z\u00f6ldek, s\u00e1rg\u00e1n erezettek, a t\u00f6v\u00e9n\u00e9l bokrosod\u00f3 lombhullat\u00f3 bokor.<\/p>\n<p>&nbsp;<\/p>\n<p>Vir\u00e1ga: s\u00e1rga vir\u00e1gai m\u00e1rcius &#8211; \u00e1prilisban, a vessz\u0151k teljes hossz\u00e1ban ny\u00edlnak.<\/p>\n<p>A n\u00e9gycimp\u00e1j\u00fa vir\u00e1gok mag\u00e1nyosan vagy csoportosan a lombfakad\u00e1s el\u0151tt vagy azzal egy id\u0151ben ny\u00edlnak a vessz\u0151k hossz\u00e1ban.<\/p>\n<p>T\u00e9vesen aranyes\u0151nek is nevezik<\/p>\n<p style=\"line-height: 18.0pt; background: white; margin: 0cm 0cm 15.0pt 0cm;\"><span style=\"font-family: 'Ubuntu',serif; color: black;\">El\u00e9rhet\u0151 t\u00f6bbf\u00e9le m\u00e9retben \u00e9s \u00e1rban.<\/span><\/p>\n<p style=\"line-height: 18.0pt; background: white; margin: 0cm 0cm 15.0pt 0cm;\"><b><span style=\"font-family: 'Ubuntu',serif; color: black;\">K\u00e9szlet\u00fcnk napi szinten v\u00e1ltozik, ez\u00e9rt k\u00e9rj\u00fck, \u00e9rdekl\u0151dj\u00f6n szem\u00e9lyesen, telefonon vagy email-en.<br \/>\nA v\u00e1ltoztat\u00e1s jog\u00e1t fenntartjuk!\u00a0<\/span><\/b><\/p>\n<p><a href=\"https:\/\/tajkertesz.com\/\">https:\/\/tajkertesz.com\/<\/a><\/p>\n<p><a href=\"https:\/\/hu.wikipedia.org\/wiki\/Aranyfa\">https:\/\/hu.wikipedia.org\/wiki\/Aranyfa<\/a><\/p>\n<p><span style=\"color: #ffffff;\">A Forsythia viridissima &#8216;Kumson&#8217; , Koreai aranyvessz\u0151 , 1,4-1,6 m\u00e9ter magas, levelei z\u00f6ldek, s\u00e1rg\u00e1n erezettek, a t\u00f6v\u00e9n\u00e9l bokrosod\u00f3 lombhullat\u00f3 bokor.<\/span><\/p>\n<p>&nbsp;<\/p>\n<p><span style=\"color: #ffffff;\">Vir\u00e1ga: s\u00e1rga vir\u00e1gai m\u00e1rcius &#8211; \u00e1prilisban, a vessz\u0151k teljes hossz\u00e1ban ny\u00edlnak.<\/span><\/p>\n<p><span style=\"color: #ffffff;\">A n\u00e9gycimp\u00e1j\u00fa vir\u00e1gok mag\u00e1nyosan vagy csoportosan a lombfakad\u00e1s el\u0151tt vagy azzal egy id\u0151ben ny\u00edlnak a vessz\u0151k hossz\u00e1ban.<\/span><\/p>\n<p><span style=\"color: #ffffff;\">T\u00e9vesen aranyes\u0151nek is nevezik<\/span><\/p>\n<p style=\"line-height: 18.0pt; background: white; margin: 0cm 0cm 15.0pt 0cm;\"><span style=\"font-family: Ubuntu, serif; color: #ffffff;\">El\u00e9rhet\u0151 t\u00f6bbf\u00e9le m\u00e9retben \u00e9s \u00e1rban.<\/span><\/p>\n<p>&nbsp;<\/p>\n<p><span style=\"color: #ffffff;\">Az\u00a0<b>aranyfa<\/b>\u00a0vagy\u00a0<b>aranycserje<\/b>\u00a0<i>(Forsythia)<\/i>, az\u00a0<a style=\"color: #ffffff;\" title=\"Olajfaf\u00e9l\u00e9k\" href=\"https:\/\/hu.wikipedia.org\/wiki\/Olajfaf%C3%A9l%C3%A9k\">olajfaf\u00e9l\u00e9k<\/a>\u00a0<i>(Oleaceae)<\/i>\u00a0csal\u00e1dj\u00e1ba tartoz\u00f3\u00a0<a style=\"color: #ffffff;\" title=\"Nemzets\u00e9g (rendszertan)\" href=\"https:\/\/hu.wikipedia.org\/wiki\/Nemzets%C3%A9g_(rendszertan)\">nemzets\u00e9g<\/a>. Fel\u00e1ll\u00f3 vagy lehajl\u00f3 \u00e1g\u00fa cserj\u00e9k. Leveleik keresztben \u00e1tellenesek, a n\u00e9gycimp\u00e1j\u00fa vir\u00e1gaik mag\u00e1nyosan vagy csoportosan a n\u00f3duszokb\u00f3l lombfakad\u00e1s el\u0151tt vagy azzal egy id\u0151ben ny\u00edlnak a vessz\u0151k hossz\u00e1ban. Az aranyf\u00e1k k\u00f6zepes ig\u00e9ny\u0171 sokhaszn\u00fa cserj\u00e9k, csaknem minden, nem t\u00fal sz\u00e1raz talajon sz\u00e9pen d\u00edszlenek, napos vagy f\u00e9l\u00e1rny\u00e9kban.<\/span><\/p>\n<p><span style=\"color: #ffffff;\">F\u00e1s-, esetleg z\u00f6lddugv\u00e1nyoz\u00e1ssal szapor\u00edthat\u00f3k. Nagy el\u0151nye, hogy fagyt\u0171r\u0151, t\u00e9l\u00e1ll\u00f3.<\/span><\/p>\n<p><span style=\"color: #ffffff;\">Latin nev\u00e9t\u00a0<a class=\"new\" style=\"color: #ffffff;\" title=\"William Forsyth (a lap nem l\u00e9tezik)\" href=\"https:\/\/hu.wikipedia.org\/w\/index.php?title=William_Forsyth&amp;action=edit&amp;redlink=1\">William Forsythr\u00f3l<\/a>, a kensingtoni botanikus kert egykori igazgat\u00f3j\u00e1r\u00f3l kapta. K\u00ednai neve\u00a0<i>csin-csung<\/i>, azaz aranycseng\u0151.<sup id=\"cite_ref-1\" class=\"reference\"><a style=\"color: #ffffff;\" href=\"https:\/\/hu.wikipedia.org\/wiki\/Aranyfa#cite_note-1\">[1]<\/a><\/sup><\/span><\/p>\n<h2><span id=\"Kerti_aranyfa_(Forsythia_x_intermedia)\" class=\"mw-headline\" style=\"color: #ffffff;\">Kerti aranyfa\u00a0<i>(Forsythia x intermedia)<\/i><\/span><\/h2>\n<p><span style=\"color: #ffffff;\"><a style=\"color: #ffffff;\" title=\"Hibrid (biol\u00f3gia)\" href=\"https:\/\/hu.wikipedia.org\/wiki\/Hibrid_(biol%C3%B3gia)\">Hibrid<\/a>\u00a0sz\u00e1rmaz\u00e1s\u00fa\u00a0<a style=\"color: #ffffff;\" title=\"Faj\" href=\"https:\/\/hu.wikipedia.org\/wiki\/Faj\">faj<\/a>\u00a0<i>(Forsythia suspensa x Forsythia viridissima)<\/i>, amely fajt\u00e1it \u00fcltetik a legelterjedtebben. A\u00a0<a style=\"color: #ffffff;\" title=\"Fajta\" href=\"https:\/\/hu.wikipedia.org\/wiki\/Fajta\">fajt\u00e1k<\/a>\u00a0a vad sz\u00fcl\u0151fajokt\u00f3l gazdagabb vir\u00e1gz\u00e1sukkal k\u00fcl\u00f6nb\u00f6znek.<\/span><\/p>\n<p><span style=\"color: #ffffff;\">Fajt\u00e1k: Vil\u00e1goss\u00e1rga sz\u00edn\u0171ek a\u00a0<i>Spectabilis<\/i>,\u00a0<i>Densiflora<\/i>, kiss\u00e9 z\u00f6ldes-aranys\u00e1rga a\u00a0<i>Primulina<\/i>, s\u00f6t\u00e9t-okkers\u00e1rg\u00e1k a\u00a0<i>Lynwood<\/i>, valamint a val\u00f3sz\u00edn\u0171tlen\u00fcl sokatny\u00edl\u00f3\u00a0<i>Karl Sax<\/i>. A\u00a0<i>Beatrix Farrand<\/i>\u00a0tetrapolid fajta, viszonylag kev\u00e9s, de igen hatalmas okkers\u00e1rga vir\u00e1gokkal \u00e9s vaskos levelekkel. Az alacsony termet\u0171ek k\u00f6z\u00fcl a\u00a0<i>Minigold<\/i>\u00a0terjedt el n\u00e1lunk, 1-1,2 m\u00e9ter magas g\u00f6mb\u00f6lyded bokorr\u00e1 n\u0151.<\/span><\/p>\n<p>&nbsp;<\/p>\n<p>&nbsp;<\/p>\n","protected":false},"excerpt":{"rendered":"<p>A Forsythia viridissima &#8216;Kumson&#8217; , Koreai aranyvessz\u0151 , 1,4-1,6 m\u00e9ter magas, levelei z\u00f6ldek, s\u00e1rg\u00e1n erezettek, a t\u00f6v\u00e9n\u00e9l bokrosod\u00f3 lombhullat\u00f3 bokor.<\/p>\n<p>&nbsp;<\/p>\n<p>Vir\u00e1ga: s\u00e1rga vir\u00e1gai m\u00e1rcius &#8211; \u00e1prilisban, a vessz\u0151k teljes hossz\u00e1ban ny\u00edlnak.<\/p>\n<p>A n\u00e9gycimp\u00e1j\u00fa vir\u00e1gok mag\u00e1nyosan vagy csoportosan a lombfakad\u00e1s el\u0151tt vagy azzal egy id\u0151ben ny\u00edlnak a vessz\u0151k hossz\u00e1ban.<\/p>\n<p>T\u00e9vesen aranyes\u0151nek is nevezik<\/p>\n<p>Jelen term\u00e9k\u00fcnk 2 literes cser\u00e9pben kb: 40 cm magas.<\/p>","protected":false},"featured_media":1308,"template":"","meta":{"_et_pb_use_builder":"","_et_pb_old_content":"","_et_gb_content_width":""},"product_brand":[],"product_cat":[27],"product_tag":[295,244,245,296,297],"class_list":{"0":"post-1303","1":"product","2":"type-product","3":"status-publish","4":"has-post-thumbnail","6":"product_cat-cserjek","7":"product_tag-aranyeso","8":"product_tag-aranyvesszo","9":"product_tag-forsythia","10":"product_tag-forsythia-viridissima-kumson","11":"product_tag-koreai-aranyvesszo","13":"first","14":"instock","15":"shipping-taxable","16":"purchasable","17":"product-type-simple"},"yoast_head":"<!-- This site is optimized with the Yoast SEO plugin v27.4 - https:\/\/yoast.com\/product\/yoast-seo-wordpress\/ -->\n<title>Forsythia viridissima &#039;Kumson&#039; , Koreai aranyvessz\u0151 - T\u00e1jkert\u00e9sz<\/title>\n<meta name=\"description\" content=\"A Forsythia viridissima &#039;Kumson&#039; , Koreai aranyvessz\u0151 , 1,4-1,6 m\u00e9ter magas, levelei z\u00f6ldek, s\u00e1rg\u00e1n erezettek, a t\u00f6v\u00e9n\u00e9l bokrosod\u00f3 lombhullat\u00f3 bokor.\" \/>\n<meta name=\"robots\" content=\"index, follow, max-snippet:-1, max-image-preview:large, max-video-preview:-1\" \/>\n<link rel=\"canonical\" href=\"https:\/\/tajkertesz.com\/en_US\/product\/forsythia-viridissima-kumson\/\" \/>\n<meta property=\"og:locale\" content=\"en_US\" \/>\n<meta property=\"og:type\" content=\"article\" \/>\n<meta property=\"og:title\" content=\"Forsythia viridissima &#039;Kumson&#039; , Koreai aranyvessz\u0151 - T\u00e1jkert\u00e9sz\" \/>\n<meta property=\"og:description\" content=\"A Forsythia viridissima &#039;Kumson&#039; , Koreai aranyvessz\u0151 , 1,4-1,6 m\u00e9ter magas, levelei z\u00f6ldek, s\u00e1rg\u00e1n erezettek, a t\u00f6v\u00e9n\u00e9l bokrosod\u00f3 lombhullat\u00f3 bokor.\" \/>\n<meta property=\"og:url\" content=\"https:\/\/tajkertesz.com\/en_US\/product\/forsythia-viridissima-kumson\/\" \/>\n<meta property=\"og:site_name\" content=\"T\u00e1jkert\u00e9sz\" \/>\n<meta property=\"article:publisher\" content=\"https:\/\/www.facebook.com\/Tajkertesz\/\" \/>\n<meta property=\"article:modified_time\" content=\"2025-04-08T14:02:49+00:00\" \/>\n<meta property=\"og:image\" content=\"https:\/\/tajkertesz.com\/wp-content\/uploads\/2020\/03\/Forsythia-Kumson1.jpg\" \/>\n\t<meta property=\"og:image:width\" content=\"1080\" \/>\n\t<meta property=\"og:image:height\" content=\"1080\" \/>\n\t<meta property=\"og:image:type\" content=\"image\/jpeg\" \/>\n<meta name=\"twitter:card\" content=\"summary_large_image\" \/>\n<meta name=\"twitter:label1\" content=\"Est. reading time\" \/>\n\t<meta name=\"twitter:data1\" content=\"2 minutes\" \/>\n<script type=\"application\/ld+json\" class=\"yoast-schema-graph\">{\"@context\":\"https:\\\/\\\/schema.org\",\"@graph\":[{\"@type\":\"WebPage\",\"@id\":\"https:\\\/\\\/tajkertesz.com\\\/termek\\\/forsythia-viridissima-kumson\\\/\",\"url\":\"https:\\\/\\\/tajkertesz.com\\\/termek\\\/forsythia-viridissima-kumson\\\/\",\"name\":\"Forsythia viridissima 'Kumson' , Koreai aranyvessz\u0151 - T\u00e1jkert\u00e9sz\",\"isPartOf\":{\"@id\":\"https:\\\/\\\/tajkertesz.com\\\/#website\"},\"primaryImageOfPage\":{\"@id\":\"https:\\\/\\\/tajkertesz.com\\\/termek\\\/forsythia-viridissima-kumson\\\/#primaryimage\"},\"image\":{\"@id\":\"https:\\\/\\\/tajkertesz.com\\\/termek\\\/forsythia-viridissima-kumson\\\/#primaryimage\"},\"thumbnailUrl\":\"https:\\\/\\\/tajkertesz.com\\\/wp-content\\\/uploads\\\/2020\\\/03\\\/Forsythia-Kumson1.jpg\",\"datePublished\":\"2020-03-23T07:01:59+00:00\",\"dateModified\":\"2025-04-08T14:02:49+00:00\",\"description\":\"A Forsythia viridissima 'Kumson' , Koreai aranyvessz\u0151 , 1,4-1,6 m\u00e9ter magas, levelei z\u00f6ldek, s\u00e1rg\u00e1n erezettek, a t\u00f6v\u00e9n\u00e9l bokrosod\u00f3 lombhullat\u00f3 bokor.\",\"breadcrumb\":{\"@id\":\"https:\\\/\\\/tajkertesz.com\\\/termek\\\/forsythia-viridissima-kumson\\\/#breadcrumb\"},\"inLanguage\":\"en-US\",\"potentialAction\":[{\"@type\":\"ReadAction\",\"target\":[\"https:\\\/\\\/tajkertesz.com\\\/termek\\\/forsythia-viridissima-kumson\\\/\"]}]},{\"@type\":\"ImageObject\",\"inLanguage\":\"en-US\",\"@id\":\"https:\\\/\\\/tajkertesz.com\\\/termek\\\/forsythia-viridissima-kumson\\\/#primaryimage\",\"url\":\"https:\\\/\\\/tajkertesz.com\\\/wp-content\\\/uploads\\\/2020\\\/03\\\/Forsythia-Kumson1.jpg\",\"contentUrl\":\"https:\\\/\\\/tajkertesz.com\\\/wp-content\\\/uploads\\\/2020\\\/03\\\/Forsythia-Kumson1.jpg\",\"width\":1080,\"height\":1080},{\"@type\":\"BreadcrumbList\",\"@id\":\"https:\\\/\\\/tajkertesz.com\\\/termek\\\/forsythia-viridissima-kumson\\\/#breadcrumb\",\"itemListElement\":[{\"@type\":\"ListItem\",\"position\":1,\"name\":\"Home\",\"item\":\"https:\\\/\\\/tajkertesz.com\\\/\"},{\"@type\":\"ListItem\",\"position\":2,\"name\":\"Kezd\u0151lap\",\"item\":\"https:\\\/\\\/tajkertesz.com\\\/\"},{\"@type\":\"ListItem\",\"position\":3,\"name\":\"Forsythia viridissima &#8216;Kumson&#8217; , Koreai aranyvessz\u0151\"}]},{\"@type\":\"WebSite\",\"@id\":\"https:\\\/\\\/tajkertesz.com\\\/#website\",\"url\":\"https:\\\/\\\/tajkertesz.com\\\/\",\"name\":\"T\u00e1j-Kert\u00e9sz 84 Kft.\",\"description\":\"Kert\u00e9szeti kis- \u00e9s nagykeresked\u00e9s, D\u00edszn\u00f6v\u00e9ny web\u00e1ruh\u00e1z orsz\u00e1gos h\u00e1zhozsz\u00e1ll\u00edt\u00e1ssal!\",\"publisher\":{\"@id\":\"https:\\\/\\\/tajkertesz.com\\\/#organization\"},\"potentialAction\":[{\"@type\":\"SearchAction\",\"target\":{\"@type\":\"EntryPoint\",\"urlTemplate\":\"https:\\\/\\\/tajkertesz.com\\\/?s={search_term_string}\"},\"query-input\":{\"@type\":\"PropertyValueSpecification\",\"valueRequired\":true,\"valueName\":\"search_term_string\"}}],\"inLanguage\":\"en-US\"},{\"@type\":\"Organization\",\"@id\":\"https:\\\/\\\/tajkertesz.com\\\/#organization\",\"name\":\"T\u00e1j-Kert\u00e9sz 84 Kft.\",\"url\":\"https:\\\/\\\/tajkertesz.com\\\/\",\"logo\":{\"@type\":\"ImageObject\",\"inLanguage\":\"en-US\",\"@id\":\"https:\\\/\\\/tajkertesz.com\\\/#\\\/schema\\\/logo\\\/image\\\/\",\"url\":\"https:\\\/\\\/tajkertesz.com\\\/wp-content\\\/uploads\\\/2018\\\/02\\\/logo-2-e1518678052539.png\",\"contentUrl\":\"https:\\\/\\\/tajkertesz.com\\\/wp-content\\\/uploads\\\/2018\\\/02\\\/logo-2-e1518678052539.png\",\"width\":81,\"height\":140,\"caption\":\"T\u00e1j-Kert\u00e9sz 84 Kft.\"},\"image\":{\"@id\":\"https:\\\/\\\/tajkertesz.com\\\/#\\\/schema\\\/logo\\\/image\\\/\"},\"sameAs\":[\"https:\\\/\\\/www.facebook.com\\\/Tajkertesz\\\/\"]}]}<\/script>\n<!-- \/ Yoast SEO plugin. -->","yoast_head_json":{"title":"Forsythia viridissima 'Kumson' , Koreai aranyvessz\u0151 - T\u00e1jkert\u00e9sz","description":"A Forsythia viridissima 'Kumson' , Koreai aranyvessz\u0151 , 1,4-1,6 m\u00e9ter magas, levelei z\u00f6ldek, s\u00e1rg\u00e1n erezettek, a t\u00f6v\u00e9n\u00e9l bokrosod\u00f3 lombhullat\u00f3 bokor.","robots":{"index":"index","follow":"follow","max-snippet":"max-snippet:-1","max-image-preview":"max-image-preview:large","max-video-preview":"max-video-preview:-1"},"canonical":"https:\/\/tajkertesz.com\/en_US\/product\/forsythia-viridissima-kumson\/","og_locale":"en_US","og_type":"article","og_title":"Forsythia viridissima 'Kumson' , Koreai aranyvessz\u0151 - T\u00e1jkert\u00e9sz","og_description":"A Forsythia viridissima 'Kumson' , Koreai aranyvessz\u0151 , 1,4-1,6 m\u00e9ter magas, levelei z\u00f6ldek, s\u00e1rg\u00e1n erezettek, a t\u00f6v\u00e9n\u00e9l bokrosod\u00f3 lombhullat\u00f3 bokor.","og_url":"https:\/\/tajkertesz.com\/en_US\/product\/forsythia-viridissima-kumson\/","og_site_name":"T\u00e1jkert\u00e9sz","article_publisher":"https:\/\/www.facebook.com\/Tajkertesz\/","article_modified_time":"2025-04-08T14:02:49+00:00","og_image":[{"width":1080,"height":1080,"url":"https:\/\/tajkertesz.com\/wp-content\/uploads\/2020\/03\/Forsythia-Kumson1.jpg","type":"image\/jpeg"}],"twitter_card":"summary_large_image","twitter_misc":{"Est. reading time":"2 minutes"},"schema":{"@context":"https:\/\/schema.org","@graph":[{"@type":"WebPage","@id":"https:\/\/tajkertesz.com\/termek\/forsythia-viridissima-kumson\/","url":"https:\/\/tajkertesz.com\/termek\/forsythia-viridissima-kumson\/","name":"Forsythia viridissima 'Kumson' , Koreai aranyvessz\u0151 - T\u00e1jkert\u00e9sz","isPartOf":{"@id":"https:\/\/tajkertesz.com\/#website"},"primaryImageOfPage":{"@id":"https:\/\/tajkertesz.com\/termek\/forsythia-viridissima-kumson\/#primaryimage"},"image":{"@id":"https:\/\/tajkertesz.com\/termek\/forsythia-viridissima-kumson\/#primaryimage"},"thumbnailUrl":"https:\/\/tajkertesz.com\/wp-content\/uploads\/2020\/03\/Forsythia-Kumson1.jpg","datePublished":"2020-03-23T07:01:59+00:00","dateModified":"2025-04-08T14:02:49+00:00","description":"A Forsythia viridissima 'Kumson' , Koreai aranyvessz\u0151 , 1,4-1,6 m\u00e9ter magas, levelei z\u00f6ldek, s\u00e1rg\u00e1n erezettek, a t\u00f6v\u00e9n\u00e9l bokrosod\u00f3 lombhullat\u00f3 bokor.","breadcrumb":{"@id":"https:\/\/tajkertesz.com\/termek\/forsythia-viridissima-kumson\/#breadcrumb"},"inLanguage":"en-US","potentialAction":[{"@type":"ReadAction","target":["https:\/\/tajkertesz.com\/termek\/forsythia-viridissima-kumson\/"]}]},{"@type":"ImageObject","inLanguage":"en-US","@id":"https:\/\/tajkertesz.com\/termek\/forsythia-viridissima-kumson\/#primaryimage","url":"https:\/\/tajkertesz.com\/wp-content\/uploads\/2020\/03\/Forsythia-Kumson1.jpg","contentUrl":"https:\/\/tajkertesz.com\/wp-content\/uploads\/2020\/03\/Forsythia-Kumson1.jpg","width":1080,"height":1080},{"@type":"BreadcrumbList","@id":"https:\/\/tajkertesz.com\/termek\/forsythia-viridissima-kumson\/#breadcrumb","itemListElement":[{"@type":"ListItem","position":1,"name":"Home","item":"https:\/\/tajkertesz.com\/"},{"@type":"ListItem","position":2,"name":"Kezd\u0151lap","item":"https:\/\/tajkertesz.com\/"},{"@type":"ListItem","position":3,"name":"Forsythia viridissima &#8216;Kumson&#8217; , Koreai aranyvessz\u0151"}]},{"@type":"WebSite","@id":"https:\/\/tajkertesz.com\/#website","url":"https:\/\/tajkertesz.com\/","name":"T\u00e1j-Kert\u00e9sz 84 Kft.","description":"Kert\u00e9szeti kis- \u00e9s nagykeresked\u00e9s, D\u00edszn\u00f6v\u00e9ny web\u00e1ruh\u00e1z orsz\u00e1gos h\u00e1zhozsz\u00e1ll\u00edt\u00e1ssal!","publisher":{"@id":"https:\/\/tajkertesz.com\/#organization"},"potentialAction":[{"@type":"SearchAction","target":{"@type":"EntryPoint","urlTemplate":"https:\/\/tajkertesz.com\/?s={search_term_string}"},"query-input":{"@type":"PropertyValueSpecification","valueRequired":true,"valueName":"search_term_string"}}],"inLanguage":"en-US"},{"@type":"Organization","@id":"https:\/\/tajkertesz.com\/#organization","name":"T\u00e1j-Kert\u00e9sz 84 Kft.","url":"https:\/\/tajkertesz.com\/","logo":{"@type":"ImageObject","inLanguage":"en-US","@id":"https:\/\/tajkertesz.com\/#\/schema\/logo\/image\/","url":"https:\/\/tajkertesz.com\/wp-content\/uploads\/2018\/02\/logo-2-e1518678052539.png","contentUrl":"https:\/\/tajkertesz.com\/wp-content\/uploads\/2018\/02\/logo-2-e1518678052539.png","width":81,"height":140,"caption":"T\u00e1j-Kert\u00e9sz 84 Kft."},"image":{"@id":"https:\/\/tajkertesz.com\/#\/schema\/logo\/image\/"},"sameAs":["https:\/\/www.facebook.com\/Tajkertesz\/"]}]}},"_links":{"self":[{"href":"https:\/\/tajkertesz.com\/en_US\/wp-json\/wp\/v2\/product\/1303","targetHints":{"allow":["GET"]}}],"collection":[{"href":"https:\/\/tajkertesz.com\/en_US\/wp-json\/wp\/v2\/product"}],"about":[{"href":"https:\/\/tajkertesz.com\/en_US\/wp-json\/wp\/v2\/types\/product"}],"wp:featuredmedia":[{"embeddable":true,"href":"https:\/\/tajkertesz.com\/en_US\/wp-json\/wp\/v2\/media\/1308"}],"wp:attachment":[{"href":"https:\/\/tajkertesz.com\/en_US\/wp-json\/wp\/v2\/media?parent=1303"}],"wp:term":[{"taxonomy":"product_brand","embeddable":true,"href":"https:\/\/tajkertesz.com\/en_US\/wp-json\/wp\/v2\/product_brand?post=1303"},{"taxonomy":"product_cat","embeddable":true,"href":"https:\/\/tajkertesz.com\/en_US\/wp-json\/wp\/v2\/product_cat?post=1303"},{"taxonomy":"product_tag","embeddable":true,"href":"https:\/\/tajkertesz.com\/en_US\/wp-json\/wp\/v2\/product_tag?post=1303"}],"curies":[{"name":"wp","href":"https:\/\/api.w.org\/{rel}","templated":true}]}}