{"id":13063,"date":"2022-06-10T08:32:20","date_gmt":"2022-06-10T08:32:20","guid":{"rendered":"https:\/\/tajkertesz.com\/?post_type=product&#038;p=13063"},"modified":"2023-02-23T11:57:55","modified_gmt":"2023-02-23T11:57:55","slug":"jovan-buddha-szobor","status":"publish","type":"product","link":"https:\/\/tajkertesz.com\/en_US\/product\/jovan-buddha-szobor\/","title":{"rendered":"Jov\u00e1n BUDDHA szobor"},"content":{"rendered":"<h1 class=\"product_title entry-title\">Jov\u00e1n BUDDHA szobor<\/h1>\n<h1 class=\"product_title entry-title\">A Jov\u00e1n BUDDHA szobor\u00a0 egy egyedi gy\u00e1rt\u00e1s\u00fa k\u00e9zm\u0171ves term\u00e9k.<\/h1>\n<p>&nbsp;<\/p>\n<p>A buddhizmus medit\u00e1ci\u00f3s ereje az \u00d6n kertj\u00e9ben is.<br \/>\nEgyedi gy\u00e1rt\u00e1s\u00fa k\u00e9zm\u0171ves term\u00e9k.<br \/>\nFagy\u00e1ll\u00f3, k\u00fclt\u00e9ri elhelyez\u00e9sre alkalmas!<br \/>\nMagyar csal\u00e1di manufakt\u00fara term\u00e9ke!<\/p>\n<p>Term\u00e9kinform\u00e1ci\u00f3:<br \/>\nA feh\u00e9rcement \u00e9s beton alapanyagoknak, illetve a speci\u00e1lis ut\u00f3lagos sz\u00ednez\u00e9si elj\u00e1r\u00e1snak k\u00f6sz\u00f6nhet\u0151en vir\u00e1gtart\u00f3ink, balkonl\u00e1d\u00e1ink gondoz\u00e1smentes, id\u0151j\u00e1r\u00e1s- \u00e9s fagy\u00e1ll\u00f3 term\u00e9kek.<\/p>\n<p>A speci\u00e1lis sz\u00ednez\u00e9si elj\u00e1r\u00e1s miatt a k\u00e9sz term\u00e9keink sz\u00edne a val\u00f3s\u00e1gban elt\u00e9rhet a k\u00e9pen l\u00e1that\u00f3 sz\u00ednekt\u0151l. Magasnyom\u00e1s\u00fa k\u00e9sz\u00fcl\u00e9kkel t\u00f6rt\u00e9n\u0151 tiszt\u00edt\u00e1s k\u00e1rt tehet a sz\u00ednez\u00e9sben, k\u00e9rj\u00fck ker\u00fclje alkalmaz\u00e1s\u00e1t.<\/p>\n<p>Fagy\u00e1ll\u00f3, k\u00fclt\u00e9ri kivitel<br \/>\nAlapanyag: beton<br \/>\nManufakt\u00far\u00e1lis m\u00f3dszerekkel k\u00e9sz\u00fclt<br \/>\nEgyedi formaterv alapj\u00e1n.<\/p>\n<p>T\u00f6mege: 12 kg<br \/>\nM\u00e9retei :Sz\u00e9les: 18cm \u00d7 M\u00e9ly: 20cm \u00d7 Magas: 34cm<\/p>\n<p><a href=\"https:\/\/tajkertesz.com\/\">https:\/\/tajkertesz.com\/<\/a><\/p>\n<p><a href=\"https:\/\/www.facebook.com\/tajkertesz\/\">https:\/\/www.facebook.com\/tajkertesz\/<\/a><\/p>\n<p>Kisz\u00e1ll\u00edt\u00e1s: 200 cm \u00e9s 40 kg is a sz\u00e1ll\u00edt\u00e1s fut\u00e1rszolg\u00e1lattal t\u00f6rt\u00e9nik.<\/p>\n<p>Szem\u00e9lyes \u00e1tv\u00e9tel nyitvatart\u00e1si id\u0151ben a\u00a0 17. ker\u00fclet Bakancsos utca 7. sz\u00e1m alatti Kert\u00e9szeti \u00e1rud\u00e1ban.<\/p>\n<p><b>K\u00e9szlet\u00fcnk napi szinten v\u00e1ltozik, ez\u00e9rt k\u00e9rj\u00fck, \u00e9rdekl\u0151dj\u00f6n szem\u00e9lyesen, telefonon vagy email-en.<br \/>\nA v\u00e1ltoztat\u00e1s jog\u00e1t fenntartjuk!\u00a0<\/b><\/p>\n<h6><span style=\"color: #ffffff;\">A\u00a0<b>buddhizmus<\/b>\u00a0<a style=\"color: #ffffff;\" title=\"Filoz\u00f3fia\" href=\"https:\/\/hu.wikipedia.org\/wiki\/Filoz%C3%B3fia\">filoz\u00f3fiai<\/a>, gyakorlatalap\u00fa vil\u00e1gn\u00e9zet \u00e9s\u00a0<a style=\"color: #ffffff;\" title=\"Vall\u00e1s\" href=\"https:\/\/hu.wikipedia.org\/wiki\/Vall%C3%A1s\">vall\u00e1s<\/a>,<sup id=\"cite_ref-3\" class=\"reference\"><a style=\"color: #ffffff;\" href=\"https:\/\/hu.wikipedia.org\/wiki\/Buddhizmus#cite_note-3\">[3]<\/a><\/sup>\u00a0amely bizonyos orsz\u00e1gokban\u00a0<a style=\"color: #ffffff;\" title=\"Vall\u00e1sok \u00e9s spiritu\u00e1lis hagyom\u00e1nyok list\u00e1ja\" href=\"https:\/\/hu.wikipedia.org\/wiki\/Vall%C3%A1sok_%C3%A9s_spiritu%C3%A1lis_hagyom%C3%A1nyok_list%C3%A1ja\">vall\u00e1si ir\u00e1nyzatok<\/a>\u00a0kialakul\u00e1s\u00e1t eredm\u00e9nyezte. Az\u00a0<a style=\"color: #ffffff;\" title=\"I. e. 6. sz\u00e1zad\" href=\"https:\/\/hu.wikipedia.org\/wiki\/I._e._6._sz%C3%A1zad\">i. e. 6. sz\u00e1zadban<\/a>\u00a0j\u00f6tt l\u00e9tre\u00a0<a style=\"color: #ffffff;\" title=\"India\" href=\"https:\/\/hu.wikipedia.org\/wiki\/India\">Indi\u00e1ban<\/a>, s els\u0151sorban azoknak a k\u00f6r\u00e9ben terjedt, akik a\u00a0<a style=\"color: #ffffff;\" title=\"Hinduizmus\" href=\"https:\/\/hu.wikipedia.org\/wiki\/Hinduizmus\">hinduizmus<\/a>\u00a0\u00e1ltal szentes\u00edtett\u00a0<a style=\"color: #ffffff;\" title=\"Kaszt\" href=\"https:\/\/hu.wikipedia.org\/wiki\/Kaszt\">kasztrendszer<\/a>\u00a0ellen tiltakoztak.<sup id=\"cite_ref-4\" class=\"reference\"><a style=\"color: #ffffff;\" href=\"https:\/\/hu.wikipedia.org\/wiki\/Buddhizmus#cite_note-4\">[4]<\/a><\/sup>\u00a0A buddhizmus nagy m\u00e9rt\u00e9kben\u00a0<a style=\"color: #ffffff;\" title=\"Gautama Sziddh\u00e1rtha\" href=\"https:\/\/hu.wikipedia.org\/wiki\/Gautama_Sziddh%C3%A1rtha\">Gautama Sziddh\u00e1rtha<\/a>, k\u00f6zismertebb nev\u00e9n Buddha (<a style=\"color: #ffffff;\" title=\"P\u00e1li nyelv\" href=\"https:\/\/hu.wikipedia.org\/wiki\/P%C3%A1li_nyelv\">p\u00e1li<\/a>\/<a style=\"color: #ffffff;\" title=\"Szanszkrit nyelv\" href=\"https:\/\/hu.wikipedia.org\/wiki\/Szanszkrit_nyelv\">szanszkrit nyelven<\/a>\u00a0\u201ea megvil\u00e1gosodott\u201d), tan\u00edt\u00e1sain alapszik, aki az\u00a0<a style=\"color: #ffffff;\" title=\"Indiai szubkontinens\" href=\"https:\/\/hu.wikipedia.org\/wiki\/Indiai_szubkontinens\">indiai szubkontinens<\/a>\u00a0\u00e9szakkeleti r\u00e9sz\u00e9n \u00e9lt \u00e9s tan\u00edtott. Buddha valamikor az\u00a0<a style=\"color: #ffffff;\" title=\"I. e. 6. sz\u00e1zad\" href=\"https:\/\/hu.wikipedia.org\/wiki\/I._e._6._sz%C3%A1zad\">i. e. 6.<\/a>\u00a0\u00e9s\u00a0<a style=\"color: #ffffff;\" title=\"I. e. 4. sz\u00e1zad\" href=\"https:\/\/hu.wikipedia.org\/wiki\/I._e._4._sz%C3%A1zad\">4. sz\u00e1zad<\/a>\u00a0k\u00f6z\u00f6tt \u00e9lt.<sup id=\"cite_ref-6\" class=\"reference\"><a style=\"color: #ffffff;\" href=\"https:\/\/hu.wikipedia.org\/wiki\/Buddhizmus#cite_note-6\">[* 1]<\/a><\/sup>\u00a0<a style=\"color: #ffffff;\" title=\"Megvil\u00e1gosod\u00e1s a buddhizmusban\" href=\"https:\/\/hu.wikipedia.org\/wiki\/Megvil%C3%A1gosod%C3%A1s_a_buddhizmusban\">Megvil\u00e1gosodott<\/a>\u00a0tan\u00edt\u00f3k\u00e9nt ismert\u00e9k, aki igyekezett megosztani m\u00e1sokkal saj\u00e1t tapasztalatait, azzal a c\u00e9llal, hogy megszabaduljanak a szenved\u00e9st\u0151l, el\u00e9rj\u00e9k a\u00a0<a style=\"color: #ffffff;\" title=\"Nirv\u00e1na\" href=\"https:\/\/hu.wikipedia.org\/wiki\/Nirv%C3%A1na\">nirv\u00e1na<\/a>\u00a0\u00e1llapot\u00e1t, \u00e9s kil\u00e9phessenek az\u00a0<a style=\"color: #ffffff;\" title=\"\u00dajrasz\u00fclet\u00e9s (buddhizmus)\" href=\"https:\/\/hu.wikipedia.org\/wiki\/%C3%9Ajrasz%C3%BClet%C3%A9s_(buddhizmus)\">\u00fajj\u00e1sz\u00fclet\u00e9s<\/a>\u00a0\u00e9s szenved\u00e9s \u00f6r\u00f6k\u00f6s k\u00f6rforg\u00e1s\u00e1b\u00f3l. A buddhizmusra hagyom\u00e1nyosan \u00fagy tekintenek, mint a megszabadul\u00e1s \u00fatj\u00e1ra, melyet a val\u00f3s\u00e1g legv\u00e9gs\u0151 term\u00e9szet\u00e9nek megismer\u00e9s\u00e9n kereszt\u00fcl lehet el\u00e9rni.<\/span><\/h6>\n<p>&nbsp;<\/p>\n","protected":false},"excerpt":{"rendered":"<h1 class=\"product_title entry-title\">A BUDDHA szobor\u00a0 egy egyedi gy\u00e1rt\u00e1s\u00fa k\u00e9zm\u0171ves term\u00e9k.<\/h1>\n<p>&nbsp;<\/p>\n<p>A buddhizmus medit\u00e1ci\u00f3s ereje az \u00d6n kertj\u00e9ben is.<br \/>\nEgyedi gy\u00e1rt\u00e1s\u00fa k\u00e9zm\u0171ves term\u00e9k.<br \/>\nFagy\u00e1ll\u00f3, k\u00fclt\u00e9ri elhelyez\u00e9sre alkalmas!<br \/>\nMagyar csal\u00e1di manufakt\u00fara term\u00e9ke!<\/p>","protected":false},"featured_media":13065,"template":"","meta":{"_et_pb_use_builder":"","_et_pb_old_content":"","_et_gb_content_width":""},"product_brand":[],"product_cat":[1534,3785],"product_tag":[3788,3787,3790,1535,3789],"class_list":{"0":"post-13063","1":"product","2":"type-product","3":"status-publish","4":"has-post-thumbnail","6":"product_cat-jovan-kulteri-termekek","7":"product_cat-uj-termekek","8":"product_tag-buddha","9":"product_tag-buddha-szobor","10":"product_tag-budha","11":"product_tag-jovan","12":"product_tag-szobor","14":"first","15":"instock","16":"shipping-taxable","17":"purchasable","18":"product-type-simple"},"yoast_head":"<!-- This site is optimized with the Yoast SEO plugin v27.4 - https:\/\/yoast.com\/product\/yoast-seo-wordpress\/ -->\n<title>Jov\u00e1n BUDDHA szobor - T\u00e1jkert\u00e9sz<\/title>\n<meta name=\"description\" content=\"A Jov\u00e1n buddhizmus medit\u00e1ci\u00f3s ereje az \u00d6n kertj\u00e9ben is. A BUDDHA szobor egy egyedi gy\u00e1rt\u00e1s\u00fa k\u00e9zm\u0171ves term\u00e9k. Fagy\u00e1ll\u00f3 term\u00e9k.\" \/>\n<meta name=\"robots\" content=\"index, follow, max-snippet:-1, max-image-preview:large, max-video-preview:-1\" \/>\n<link rel=\"canonical\" href=\"https:\/\/tajkertesz.com\/en_US\/product\/jovan-buddha-szobor\/\" \/>\n<meta property=\"og:locale\" content=\"en_US\" \/>\n<meta property=\"og:type\" content=\"article\" \/>\n<meta property=\"og:title\" content=\"Jov\u00e1n BUDDHA szobor - T\u00e1jkert\u00e9sz\" \/>\n<meta property=\"og:description\" content=\"A Jov\u00e1n buddhizmus medit\u00e1ci\u00f3s ereje az \u00d6n kertj\u00e9ben is. A BUDDHA szobor egy egyedi gy\u00e1rt\u00e1s\u00fa k\u00e9zm\u0171ves term\u00e9k. Fagy\u00e1ll\u00f3 term\u00e9k.\" \/>\n<meta property=\"og:url\" content=\"https:\/\/tajkertesz.com\/en_US\/product\/jovan-buddha-szobor\/\" \/>\n<meta property=\"og:site_name\" content=\"T\u00e1jkert\u00e9sz\" \/>\n<meta property=\"article:publisher\" content=\"https:\/\/www.facebook.com\/Tajkertesz\/\" \/>\n<meta property=\"article:modified_time\" content=\"2023-02-23T11:57:55+00:00\" \/>\n<meta property=\"og:image\" content=\"https:\/\/tajkertesz.com\/wp-content\/uploads\/2022\/06\/Buddha-2.jpg\" \/>\n\t<meta property=\"og:image:width\" content=\"898\" \/>\n\t<meta property=\"og:image:height\" content=\"898\" \/>\n\t<meta property=\"og:image:type\" content=\"image\/jpeg\" \/>\n<meta name=\"twitter:card\" content=\"summary_large_image\" \/>\n<meta name=\"twitter:label1\" content=\"Est. reading time\" \/>\n\t<meta name=\"twitter:data1\" content=\"2 minutes\" \/>\n<script type=\"application\/ld+json\" class=\"yoast-schema-graph\">{\"@context\":\"https:\\\/\\\/schema.org\",\"@graph\":[{\"@type\":\"WebPage\",\"@id\":\"https:\\\/\\\/tajkertesz.com\\\/termek\\\/jovan-buddha-szobor\\\/\",\"url\":\"https:\\\/\\\/tajkertesz.com\\\/termek\\\/jovan-buddha-szobor\\\/\",\"name\":\"Jov\u00e1n BUDDHA szobor - T\u00e1jkert\u00e9sz\",\"isPartOf\":{\"@id\":\"https:\\\/\\\/tajkertesz.com\\\/#website\"},\"primaryImageOfPage\":{\"@id\":\"https:\\\/\\\/tajkertesz.com\\\/termek\\\/jovan-buddha-szobor\\\/#primaryimage\"},\"image\":{\"@id\":\"https:\\\/\\\/tajkertesz.com\\\/termek\\\/jovan-buddha-szobor\\\/#primaryimage\"},\"thumbnailUrl\":\"https:\\\/\\\/tajkertesz.com\\\/wp-content\\\/uploads\\\/2022\\\/06\\\/Buddha-2.jpg\",\"datePublished\":\"2022-06-10T08:32:20+00:00\",\"dateModified\":\"2023-02-23T11:57:55+00:00\",\"description\":\"A Jov\u00e1n buddhizmus medit\u00e1ci\u00f3s ereje az \u00d6n kertj\u00e9ben is. A BUDDHA szobor egy egyedi gy\u00e1rt\u00e1s\u00fa k\u00e9zm\u0171ves term\u00e9k. Fagy\u00e1ll\u00f3 term\u00e9k.\",\"breadcrumb\":{\"@id\":\"https:\\\/\\\/tajkertesz.com\\\/termek\\\/jovan-buddha-szobor\\\/#breadcrumb\"},\"inLanguage\":\"en-US\",\"potentialAction\":[{\"@type\":\"ReadAction\",\"target\":[\"https:\\\/\\\/tajkertesz.com\\\/termek\\\/jovan-buddha-szobor\\\/\"]}]},{\"@type\":\"ImageObject\",\"inLanguage\":\"en-US\",\"@id\":\"https:\\\/\\\/tajkertesz.com\\\/termek\\\/jovan-buddha-szobor\\\/#primaryimage\",\"url\":\"https:\\\/\\\/tajkertesz.com\\\/wp-content\\\/uploads\\\/2022\\\/06\\\/Buddha-2.jpg\",\"contentUrl\":\"https:\\\/\\\/tajkertesz.com\\\/wp-content\\\/uploads\\\/2022\\\/06\\\/Buddha-2.jpg\",\"width\":898,\"height\":898},{\"@type\":\"BreadcrumbList\",\"@id\":\"https:\\\/\\\/tajkertesz.com\\\/termek\\\/jovan-buddha-szobor\\\/#breadcrumb\",\"itemListElement\":[{\"@type\":\"ListItem\",\"position\":1,\"name\":\"Home\",\"item\":\"https:\\\/\\\/tajkertesz.com\\\/\"},{\"@type\":\"ListItem\",\"position\":2,\"name\":\"Kezd\u0151lap\",\"item\":\"https:\\\/\\\/tajkertesz.com\\\/\"},{\"@type\":\"ListItem\",\"position\":3,\"name\":\"Jov\u00e1n BUDDHA szobor\"}]},{\"@type\":\"WebSite\",\"@id\":\"https:\\\/\\\/tajkertesz.com\\\/#website\",\"url\":\"https:\\\/\\\/tajkertesz.com\\\/\",\"name\":\"T\u00e1j-Kert\u00e9sz 84 Kft.\",\"description\":\"Kert\u00e9szeti kis- \u00e9s nagykeresked\u00e9s, D\u00edszn\u00f6v\u00e9ny web\u00e1ruh\u00e1z orsz\u00e1gos h\u00e1zhozsz\u00e1ll\u00edt\u00e1ssal!\",\"publisher\":{\"@id\":\"https:\\\/\\\/tajkertesz.com\\\/#organization\"},\"potentialAction\":[{\"@type\":\"SearchAction\",\"target\":{\"@type\":\"EntryPoint\",\"urlTemplate\":\"https:\\\/\\\/tajkertesz.com\\\/?s={search_term_string}\"},\"query-input\":{\"@type\":\"PropertyValueSpecification\",\"valueRequired\":true,\"valueName\":\"search_term_string\"}}],\"inLanguage\":\"en-US\"},{\"@type\":\"Organization\",\"@id\":\"https:\\\/\\\/tajkertesz.com\\\/#organization\",\"name\":\"T\u00e1j-Kert\u00e9sz 84 Kft.\",\"url\":\"https:\\\/\\\/tajkertesz.com\\\/\",\"logo\":{\"@type\":\"ImageObject\",\"inLanguage\":\"en-US\",\"@id\":\"https:\\\/\\\/tajkertesz.com\\\/#\\\/schema\\\/logo\\\/image\\\/\",\"url\":\"https:\\\/\\\/tajkertesz.com\\\/wp-content\\\/uploads\\\/2018\\\/02\\\/logo-2-e1518678052539.png\",\"contentUrl\":\"https:\\\/\\\/tajkertesz.com\\\/wp-content\\\/uploads\\\/2018\\\/02\\\/logo-2-e1518678052539.png\",\"width\":81,\"height\":140,\"caption\":\"T\u00e1j-Kert\u00e9sz 84 Kft.\"},\"image\":{\"@id\":\"https:\\\/\\\/tajkertesz.com\\\/#\\\/schema\\\/logo\\\/image\\\/\"},\"sameAs\":[\"https:\\\/\\\/www.facebook.com\\\/Tajkertesz\\\/\"]}]}<\/script>\n<!-- \/ Yoast SEO plugin. -->","yoast_head_json":{"title":"Jov\u00e1n BUDDHA szobor - T\u00e1jkert\u00e9sz","description":"A Jov\u00e1n buddhizmus medit\u00e1ci\u00f3s ereje az \u00d6n kertj\u00e9ben is. A BUDDHA szobor egy egyedi gy\u00e1rt\u00e1s\u00fa k\u00e9zm\u0171ves term\u00e9k. Fagy\u00e1ll\u00f3 term\u00e9k.","robots":{"index":"index","follow":"follow","max-snippet":"max-snippet:-1","max-image-preview":"max-image-preview:large","max-video-preview":"max-video-preview:-1"},"canonical":"https:\/\/tajkertesz.com\/en_US\/product\/jovan-buddha-szobor\/","og_locale":"en_US","og_type":"article","og_title":"Jov\u00e1n BUDDHA szobor - T\u00e1jkert\u00e9sz","og_description":"A Jov\u00e1n buddhizmus medit\u00e1ci\u00f3s ereje az \u00d6n kertj\u00e9ben is. A BUDDHA szobor egy egyedi gy\u00e1rt\u00e1s\u00fa k\u00e9zm\u0171ves term\u00e9k. Fagy\u00e1ll\u00f3 term\u00e9k.","og_url":"https:\/\/tajkertesz.com\/en_US\/product\/jovan-buddha-szobor\/","og_site_name":"T\u00e1jkert\u00e9sz","article_publisher":"https:\/\/www.facebook.com\/Tajkertesz\/","article_modified_time":"2023-02-23T11:57:55+00:00","og_image":[{"width":898,"height":898,"url":"https:\/\/tajkertesz.com\/wp-content\/uploads\/2022\/06\/Buddha-2.jpg","type":"image\/jpeg"}],"twitter_card":"summary_large_image","twitter_misc":{"Est. reading time":"2 minutes"},"schema":{"@context":"https:\/\/schema.org","@graph":[{"@type":"WebPage","@id":"https:\/\/tajkertesz.com\/termek\/jovan-buddha-szobor\/","url":"https:\/\/tajkertesz.com\/termek\/jovan-buddha-szobor\/","name":"Jov\u00e1n BUDDHA szobor - T\u00e1jkert\u00e9sz","isPartOf":{"@id":"https:\/\/tajkertesz.com\/#website"},"primaryImageOfPage":{"@id":"https:\/\/tajkertesz.com\/termek\/jovan-buddha-szobor\/#primaryimage"},"image":{"@id":"https:\/\/tajkertesz.com\/termek\/jovan-buddha-szobor\/#primaryimage"},"thumbnailUrl":"https:\/\/tajkertesz.com\/wp-content\/uploads\/2022\/06\/Buddha-2.jpg","datePublished":"2022-06-10T08:32:20+00:00","dateModified":"2023-02-23T11:57:55+00:00","description":"A Jov\u00e1n buddhizmus medit\u00e1ci\u00f3s ereje az \u00d6n kertj\u00e9ben is. A BUDDHA szobor egy egyedi gy\u00e1rt\u00e1s\u00fa k\u00e9zm\u0171ves term\u00e9k. Fagy\u00e1ll\u00f3 term\u00e9k.","breadcrumb":{"@id":"https:\/\/tajkertesz.com\/termek\/jovan-buddha-szobor\/#breadcrumb"},"inLanguage":"en-US","potentialAction":[{"@type":"ReadAction","target":["https:\/\/tajkertesz.com\/termek\/jovan-buddha-szobor\/"]}]},{"@type":"ImageObject","inLanguage":"en-US","@id":"https:\/\/tajkertesz.com\/termek\/jovan-buddha-szobor\/#primaryimage","url":"https:\/\/tajkertesz.com\/wp-content\/uploads\/2022\/06\/Buddha-2.jpg","contentUrl":"https:\/\/tajkertesz.com\/wp-content\/uploads\/2022\/06\/Buddha-2.jpg","width":898,"height":898},{"@type":"BreadcrumbList","@id":"https:\/\/tajkertesz.com\/termek\/jovan-buddha-szobor\/#breadcrumb","itemListElement":[{"@type":"ListItem","position":1,"name":"Home","item":"https:\/\/tajkertesz.com\/"},{"@type":"ListItem","position":2,"name":"Kezd\u0151lap","item":"https:\/\/tajkertesz.com\/"},{"@type":"ListItem","position":3,"name":"Jov\u00e1n BUDDHA szobor"}]},{"@type":"WebSite","@id":"https:\/\/tajkertesz.com\/#website","url":"https:\/\/tajkertesz.com\/","name":"T\u00e1j-Kert\u00e9sz 84 Kft.","description":"Kert\u00e9szeti kis- \u00e9s nagykeresked\u00e9s, D\u00edszn\u00f6v\u00e9ny web\u00e1ruh\u00e1z orsz\u00e1gos h\u00e1zhozsz\u00e1ll\u00edt\u00e1ssal!","publisher":{"@id":"https:\/\/tajkertesz.com\/#organization"},"potentialAction":[{"@type":"SearchAction","target":{"@type":"EntryPoint","urlTemplate":"https:\/\/tajkertesz.com\/?s={search_term_string}"},"query-input":{"@type":"PropertyValueSpecification","valueRequired":true,"valueName":"search_term_string"}}],"inLanguage":"en-US"},{"@type":"Organization","@id":"https:\/\/tajkertesz.com\/#organization","name":"T\u00e1j-Kert\u00e9sz 84 Kft.","url":"https:\/\/tajkertesz.com\/","logo":{"@type":"ImageObject","inLanguage":"en-US","@id":"https:\/\/tajkertesz.com\/#\/schema\/logo\/image\/","url":"https:\/\/tajkertesz.com\/wp-content\/uploads\/2018\/02\/logo-2-e1518678052539.png","contentUrl":"https:\/\/tajkertesz.com\/wp-content\/uploads\/2018\/02\/logo-2-e1518678052539.png","width":81,"height":140,"caption":"T\u00e1j-Kert\u00e9sz 84 Kft."},"image":{"@id":"https:\/\/tajkertesz.com\/#\/schema\/logo\/image\/"},"sameAs":["https:\/\/www.facebook.com\/Tajkertesz\/"]}]}},"_links":{"self":[{"href":"https:\/\/tajkertesz.com\/en_US\/wp-json\/wp\/v2\/product\/13063","targetHints":{"allow":["GET"]}}],"collection":[{"href":"https:\/\/tajkertesz.com\/en_US\/wp-json\/wp\/v2\/product"}],"about":[{"href":"https:\/\/tajkertesz.com\/en_US\/wp-json\/wp\/v2\/types\/product"}],"wp:featuredmedia":[{"embeddable":true,"href":"https:\/\/tajkertesz.com\/en_US\/wp-json\/wp\/v2\/media\/13065"}],"wp:attachment":[{"href":"https:\/\/tajkertesz.com\/en_US\/wp-json\/wp\/v2\/media?parent=13063"}],"wp:term":[{"taxonomy":"product_brand","embeddable":true,"href":"https:\/\/tajkertesz.com\/en_US\/wp-json\/wp\/v2\/product_brand?post=13063"},{"taxonomy":"product_cat","embeddable":true,"href":"https:\/\/tajkertesz.com\/en_US\/wp-json\/wp\/v2\/product_cat?post=13063"},{"taxonomy":"product_tag","embeddable":true,"href":"https:\/\/tajkertesz.com\/en_US\/wp-json\/wp\/v2\/product_tag?post=13063"}],"curies":[{"name":"wp","href":"https:\/\/api.w.org\/{rel}","templated":true}]}}