{"id":13066,"date":"2022-06-10T09:17:13","date_gmt":"2022-06-10T09:17:13","guid":{"rendered":"https:\/\/tajkertesz.com\/?post_type=product&#038;p=13066"},"modified":"2024-03-26T16:12:39","modified_gmt":"2024-03-26T16:12:39","slug":"fatorzs-madaritato","status":"publish","type":"product","link":"https:\/\/tajkertesz.com\/en_US\/product\/fatorzs-madaritato\/","title":{"rendered":"Jov\u00e1n FAT\u00d6RZS mad\u00e1ritat\u00f3"},"content":{"rendered":"<h1 class=\"product_title entry-title\">Jov\u00e1n FAT\u00d6RZS mad\u00e1ritat\u00f3<\/h1>\n<h1 class=\"product_title entry-title\">A FAT\u00d6RZS mad\u00e1ritat\u00f3 egy egyedi gy\u00e1rt\u00e1s\u00fa, k\u00e9zm\u0171ves term\u00e9k.<br \/>\nK\u00fclt\u00e9ri, fagy\u00e1ll\u00f3 kerti beton mad\u00e1ritat\u00f3.<br \/>\nMagyar csal\u00e1di manufakt\u00fara term\u00e9ke!<\/h1>\n<p>&nbsp;<\/p>\n<div class=\"elementor-element elementor-element-bb06ba7 elementor-widget elementor-widget-heading\" data-id=\"bb06ba7\" data-element_type=\"widget\" data-widget_type=\"heading.default\">\n<div class=\"elementor-widget-container\">\n<div class=\"elementor-heading-title elementor-size-default\">Term\u00e9kinform\u00e1ci\u00f3<\/div>\n<\/div>\n<\/div>\n<div class=\"elementor-element elementor-element-8332d52 elementor-widget__width-initial elementor-widget elementor-widget-text-editor\" data-id=\"8332d52\" data-element_type=\"widget\" data-widget_type=\"text-editor.default\">\n<div class=\"elementor-widget-container\">\n<p>A feh\u00e9rcement \u00e9s beton alapanyagoknak, illetve a speci\u00e1lis ut\u00f3lagos sz\u00ednez\u00e9si elj\u00e1r\u00e1snak k\u00f6sz\u00f6nhet\u0151en gondoz\u00e1smentes, id\u0151j\u00e1r\u00e1s- \u00e9s fagy\u00e1ll\u00f3 term\u00e9k.<br \/>\nA speci\u00e1lis sz\u00ednez\u00e9si elj\u00e1r\u00e1s miatt a k\u00e9sz term\u00e9keink sz\u00edne a val\u00f3s\u00e1gban elt\u00e9rhet a k\u00e9pen l\u00e1that\u00f3 sz\u00ednekt\u0151l.<br \/>\nMagasnyom\u00e1s\u00fa k\u00e9sz\u00fcl\u00e9kkel t\u00f6rt\u00e9n\u0151 tiszt\u00edt\u00e1s k\u00e1rt tehet a sz\u00ednez\u00e9sben, k\u00e9rj\u00fck ker\u00fclje alkalmaz\u00e1s\u00e1t.<\/p>\n<div class=\"elementor-element elementor-element-656c875 elementor-widget__width-initial elementor-icon-list--layout-traditional elementor-list-item-link-full_width elementor-widget elementor-widget-icon-list\" data-id=\"656c875\" data-element_type=\"widget\" data-widget_type=\"icon-list.default\">\n<div class=\"elementor-widget-container\">\n<ul class=\"elementor-icon-list-items\">\n<li class=\"elementor-icon-list-item\"><span class=\"elementor-icon-list-text\">Fagy\u00e1ll\u00f3, k\u00fclt\u00e9ri kivitel<\/span><\/li>\n<li class=\"elementor-icon-list-item\"><i class=\"fas fa-dice-d6\" aria-hidden=\"true\"><\/i><span class=\"elementor-icon-list-text\">Alapanyag: beton<\/span><\/li>\n<li class=\"elementor-icon-list-item\"><i class=\"far fa-hand-paper\" aria-hidden=\"true\"><\/i><span class=\"elementor-icon-list-text\">Manufakt\u00far\u00e1lis m\u00f3dszerekkel k\u00e9sz\u00fclt<\/span><\/li>\n<li class=\"elementor-icon-list-item\"><i class=\"far fa-registered\" aria-hidden=\"true\"><\/i><span class=\"elementor-icon-list-text\">Egyedi formaterv<\/span><\/li>\n<\/ul>\n<\/div>\n<\/div>\n<div class=\"elementor-element elementor-element-bec905a elementor-widget elementor-widget-image\" data-id=\"bec905a\" data-element_type=\"widget\" data-widget_type=\"image.default\">M\u00e9retei:<br \/>\nT\u00f6meg 12 kg<br \/>\nM\u00e9retek Sz\u00e9les: 27cm \u00d7 M\u00e9ly: 27cm \u00d7 Magas: 23cm<br \/>\nSz\u00ednek<br \/>\nAntracit, Barna, B\u00e9zs, Feh\u00e9r<\/div>\n<\/div>\n<\/div>\n<p>&nbsp;<\/p>\n<p><a href=\"https:\/\/tajkertesz.com\/\">https:\/\/tajkertesz.com\/<\/a><\/p>\n<p><a href=\"https:\/\/www.facebook.com\/tajkertesz\/\">https:\/\/www.facebook.com\/tajkertesz\/<\/a><\/p>\n<p>Kisz\u00e1ll\u00edt\u00e1s: 200 cm \u00e9s 40 kg -ig a sz\u00e1ll\u00edt\u00e1s fut\u00e1rszolg\u00e1lattal t\u00f6rt\u00e9nik.<\/p>\n<p>Szem\u00e9lyes \u00e1tv\u00e9tel nyitvatart\u00e1si id\u0151ben a\u00a0 17. ker\u00fclet Bakancsos utca 7. sz\u00e1m alatti Kert\u00e9szeti \u00e1rud\u00e1ban.<\/p>\n<p><b>K\u00e9szlet\u00fcnk napi szinten v\u00e1ltozik, ez\u00e9rt k\u00e9rj\u00fck, \u00e9rdekl\u0151dj\u00f6n szem\u00e9lyesen, telefonon vagy email-en.<br \/>\nA v\u00e1ltoztat\u00e1s jog\u00e1t fenntartjuk!\u00a0<\/b><\/p>\n<p>&nbsp;<\/p>","protected":false},"excerpt":{"rendered":"<h1 class=\"product_title entry-title\">A FAT\u00d6RZS mad\u00e1ritat\u00f3 egy egyedi gy\u00e1rt\u00e1s\u00fa, k\u00e9zm\u0171ves term\u00e9k.<br \/>\nK\u00fclt\u00e9ri, fagy\u00e1ll\u00f3 kerti beton mad\u00e1ritat\u00f3.<br \/>\nMagyar csal\u00e1di manufakt\u00fara term\u00e9ke!<\/h1>\n<p>&nbsp;<\/p>","protected":false},"featured_media":13067,"template":"","meta":{"_et_pb_use_builder":"","_et_pb_old_content":"","_et_gb_content_width":""},"product_brand":[],"product_cat":[1571],"product_tag":[3791,1535,3792],"class_list":{"0":"post-13066","1":"product","2":"type-product","3":"status-publish","4":"has-post-thumbnail","6":"product_cat-madaritatok-madarfurdetok","7":"product_tag-fatorzs","8":"product_tag-jovan","9":"product_tag-madaritato","11":"first","12":"instock","13":"shipping-taxable","14":"purchasable","15":"product-type-simple"},"yoast_head":"<!-- This site is optimized with the Yoast SEO plugin v27.4 - https:\/\/yoast.com\/product\/yoast-seo-wordpress\/ -->\n<title>Jov\u00e1n FAT\u00d6RZS mad\u00e1ritat\u00f3 - T\u00e1jkert\u00e9sz<\/title>\n<meta name=\"description\" content=\"A Jov\u00e1n FAT\u00d6RZS mad\u00e1ritat\u00f3 egy egyedi gy\u00e1rt\u00e1s\u00fa, k\u00e9zm\u0171ves term\u00e9k. Magyar csal\u00e1di manufakt\u00fara term\u00e9ke! K\u00fclt\u00e9ri \u00e9s fagy\u00e1ll\u00f3.\" \/>\n<meta name=\"robots\" content=\"index, follow, max-snippet:-1, max-image-preview:large, max-video-preview:-1\" \/>\n<link rel=\"canonical\" href=\"https:\/\/tajkertesz.com\/en_US\/product\/fatorzs-madaritato\/\" \/>\n<meta property=\"og:locale\" content=\"en_US\" \/>\n<meta property=\"og:type\" content=\"article\" \/>\n<meta property=\"og:title\" content=\"Jov\u00e1n FAT\u00d6RZS mad\u00e1ritat\u00f3 - T\u00e1jkert\u00e9sz\" \/>\n<meta property=\"og:description\" content=\"A Jov\u00e1n FAT\u00d6RZS mad\u00e1ritat\u00f3 egy egyedi gy\u00e1rt\u00e1s\u00fa, k\u00e9zm\u0171ves term\u00e9k. Magyar csal\u00e1di manufakt\u00fara term\u00e9ke! K\u00fclt\u00e9ri \u00e9s fagy\u00e1ll\u00f3.\" \/>\n<meta property=\"og:url\" content=\"https:\/\/tajkertesz.com\/en_US\/product\/fatorzs-madaritato\/\" \/>\n<meta property=\"og:site_name\" content=\"T\u00e1jkert\u00e9sz\" \/>\n<meta property=\"article:publisher\" content=\"https:\/\/www.facebook.com\/Tajkertesz\/\" \/>\n<meta property=\"article:modified_time\" content=\"2024-03-26T16:12:39+00:00\" \/>\n<meta property=\"og:image\" content=\"https:\/\/tajkertesz.com\/wp-content\/uploads\/2022\/06\/fatorzs-madaritato.jpg-2.jpg\" \/>\n\t<meta property=\"og:image:width\" content=\"898\" \/>\n\t<meta property=\"og:image:height\" content=\"898\" \/>\n\t<meta property=\"og:image:type\" content=\"image\/jpeg\" \/>\n<meta name=\"twitter:card\" content=\"summary_large_image\" \/>\n<meta name=\"twitter:label1\" content=\"Est. reading time\" \/>\n\t<meta name=\"twitter:data1\" content=\"1 minute\" \/>\n<script type=\"application\/ld+json\" class=\"yoast-schema-graph\">{\"@context\":\"https:\\\/\\\/schema.org\",\"@graph\":[{\"@type\":\"WebPage\",\"@id\":\"https:\\\/\\\/tajkertesz.com\\\/termek\\\/fatorzs-madaritato\\\/\",\"url\":\"https:\\\/\\\/tajkertesz.com\\\/termek\\\/fatorzs-madaritato\\\/\",\"name\":\"Jov\u00e1n FAT\u00d6RZS mad\u00e1ritat\u00f3 - T\u00e1jkert\u00e9sz\",\"isPartOf\":{\"@id\":\"https:\\\/\\\/tajkertesz.com\\\/#website\"},\"primaryImageOfPage\":{\"@id\":\"https:\\\/\\\/tajkertesz.com\\\/termek\\\/fatorzs-madaritato\\\/#primaryimage\"},\"image\":{\"@id\":\"https:\\\/\\\/tajkertesz.com\\\/termek\\\/fatorzs-madaritato\\\/#primaryimage\"},\"thumbnailUrl\":\"https:\\\/\\\/tajkertesz.com\\\/wp-content\\\/uploads\\\/2022\\\/06\\\/fatorzs-madaritato.jpg-2.jpg\",\"datePublished\":\"2022-06-10T09:17:13+00:00\",\"dateModified\":\"2024-03-26T16:12:39+00:00\",\"description\":\"A Jov\u00e1n FAT\u00d6RZS mad\u00e1ritat\u00f3 egy egyedi gy\u00e1rt\u00e1s\u00fa, k\u00e9zm\u0171ves term\u00e9k. Magyar csal\u00e1di manufakt\u00fara term\u00e9ke! K\u00fclt\u00e9ri \u00e9s fagy\u00e1ll\u00f3.\",\"breadcrumb\":{\"@id\":\"https:\\\/\\\/tajkertesz.com\\\/termek\\\/fatorzs-madaritato\\\/#breadcrumb\"},\"inLanguage\":\"en-US\",\"potentialAction\":[{\"@type\":\"ReadAction\",\"target\":[\"https:\\\/\\\/tajkertesz.com\\\/termek\\\/fatorzs-madaritato\\\/\"]}]},{\"@type\":\"ImageObject\",\"inLanguage\":\"en-US\",\"@id\":\"https:\\\/\\\/tajkertesz.com\\\/termek\\\/fatorzs-madaritato\\\/#primaryimage\",\"url\":\"https:\\\/\\\/tajkertesz.com\\\/wp-content\\\/uploads\\\/2022\\\/06\\\/fatorzs-madaritato.jpg-2.jpg\",\"contentUrl\":\"https:\\\/\\\/tajkertesz.com\\\/wp-content\\\/uploads\\\/2022\\\/06\\\/fatorzs-madaritato.jpg-2.jpg\",\"width\":898,\"height\":898},{\"@type\":\"BreadcrumbList\",\"@id\":\"https:\\\/\\\/tajkertesz.com\\\/termek\\\/fatorzs-madaritato\\\/#breadcrumb\",\"itemListElement\":[{\"@type\":\"ListItem\",\"position\":1,\"name\":\"Home\",\"item\":\"https:\\\/\\\/tajkertesz.com\\\/\"},{\"@type\":\"ListItem\",\"position\":2,\"name\":\"Kezd\u0151lap\",\"item\":\"https:\\\/\\\/tajkertesz.com\\\/\"},{\"@type\":\"ListItem\",\"position\":3,\"name\":\"Jov\u00e1n FAT\u00d6RZS mad\u00e1ritat\u00f3\"}]},{\"@type\":\"WebSite\",\"@id\":\"https:\\\/\\\/tajkertesz.com\\\/#website\",\"url\":\"https:\\\/\\\/tajkertesz.com\\\/\",\"name\":\"T\u00e1j-Kert\u00e9sz 84 Kft.\",\"description\":\"Kert\u00e9szeti kis- \u00e9s nagykeresked\u00e9s, D\u00edszn\u00f6v\u00e9ny web\u00e1ruh\u00e1z orsz\u00e1gos h\u00e1zhozsz\u00e1ll\u00edt\u00e1ssal!\",\"publisher\":{\"@id\":\"https:\\\/\\\/tajkertesz.com\\\/#organization\"},\"potentialAction\":[{\"@type\":\"SearchAction\",\"target\":{\"@type\":\"EntryPoint\",\"urlTemplate\":\"https:\\\/\\\/tajkertesz.com\\\/?s={search_term_string}\"},\"query-input\":{\"@type\":\"PropertyValueSpecification\",\"valueRequired\":true,\"valueName\":\"search_term_string\"}}],\"inLanguage\":\"en-US\"},{\"@type\":\"Organization\",\"@id\":\"https:\\\/\\\/tajkertesz.com\\\/#organization\",\"name\":\"T\u00e1j-Kert\u00e9sz 84 Kft.\",\"url\":\"https:\\\/\\\/tajkertesz.com\\\/\",\"logo\":{\"@type\":\"ImageObject\",\"inLanguage\":\"en-US\",\"@id\":\"https:\\\/\\\/tajkertesz.com\\\/#\\\/schema\\\/logo\\\/image\\\/\",\"url\":\"https:\\\/\\\/tajkertesz.com\\\/wp-content\\\/uploads\\\/2018\\\/02\\\/logo-2-e1518678052539.png\",\"contentUrl\":\"https:\\\/\\\/tajkertesz.com\\\/wp-content\\\/uploads\\\/2018\\\/02\\\/logo-2-e1518678052539.png\",\"width\":81,\"height\":140,\"caption\":\"T\u00e1j-Kert\u00e9sz 84 Kft.\"},\"image\":{\"@id\":\"https:\\\/\\\/tajkertesz.com\\\/#\\\/schema\\\/logo\\\/image\\\/\"},\"sameAs\":[\"https:\\\/\\\/www.facebook.com\\\/Tajkertesz\\\/\"]}]}<\/script>\n<!-- \/ Yoast SEO plugin. -->","yoast_head_json":{"title":"Jov\u00e1n FAT\u00d6RZS mad\u00e1ritat\u00f3 - T\u00e1jkert\u00e9sz","description":"A Jov\u00e1n FAT\u00d6RZS mad\u00e1ritat\u00f3 egy egyedi gy\u00e1rt\u00e1s\u00fa, k\u00e9zm\u0171ves term\u00e9k. Magyar csal\u00e1di manufakt\u00fara term\u00e9ke! K\u00fclt\u00e9ri \u00e9s fagy\u00e1ll\u00f3.","robots":{"index":"index","follow":"follow","max-snippet":"max-snippet:-1","max-image-preview":"max-image-preview:large","max-video-preview":"max-video-preview:-1"},"canonical":"https:\/\/tajkertesz.com\/en_US\/product\/fatorzs-madaritato\/","og_locale":"en_US","og_type":"article","og_title":"Jov\u00e1n FAT\u00d6RZS mad\u00e1ritat\u00f3 - T\u00e1jkert\u00e9sz","og_description":"A Jov\u00e1n FAT\u00d6RZS mad\u00e1ritat\u00f3 egy egyedi gy\u00e1rt\u00e1s\u00fa, k\u00e9zm\u0171ves term\u00e9k. Magyar csal\u00e1di manufakt\u00fara term\u00e9ke! K\u00fclt\u00e9ri \u00e9s fagy\u00e1ll\u00f3.","og_url":"https:\/\/tajkertesz.com\/en_US\/product\/fatorzs-madaritato\/","og_site_name":"T\u00e1jkert\u00e9sz","article_publisher":"https:\/\/www.facebook.com\/Tajkertesz\/","article_modified_time":"2024-03-26T16:12:39+00:00","og_image":[{"width":898,"height":898,"url":"https:\/\/tajkertesz.com\/wp-content\/uploads\/2022\/06\/fatorzs-madaritato.jpg-2.jpg","type":"image\/jpeg"}],"twitter_card":"summary_large_image","twitter_misc":{"Est. reading time":"1 minute"},"schema":{"@context":"https:\/\/schema.org","@graph":[{"@type":"WebPage","@id":"https:\/\/tajkertesz.com\/termek\/fatorzs-madaritato\/","url":"https:\/\/tajkertesz.com\/termek\/fatorzs-madaritato\/","name":"Jov\u00e1n FAT\u00d6RZS mad\u00e1ritat\u00f3 - T\u00e1jkert\u00e9sz","isPartOf":{"@id":"https:\/\/tajkertesz.com\/#website"},"primaryImageOfPage":{"@id":"https:\/\/tajkertesz.com\/termek\/fatorzs-madaritato\/#primaryimage"},"image":{"@id":"https:\/\/tajkertesz.com\/termek\/fatorzs-madaritato\/#primaryimage"},"thumbnailUrl":"https:\/\/tajkertesz.com\/wp-content\/uploads\/2022\/06\/fatorzs-madaritato.jpg-2.jpg","datePublished":"2022-06-10T09:17:13+00:00","dateModified":"2024-03-26T16:12:39+00:00","description":"A Jov\u00e1n FAT\u00d6RZS mad\u00e1ritat\u00f3 egy egyedi gy\u00e1rt\u00e1s\u00fa, k\u00e9zm\u0171ves term\u00e9k. Magyar csal\u00e1di manufakt\u00fara term\u00e9ke! K\u00fclt\u00e9ri \u00e9s fagy\u00e1ll\u00f3.","breadcrumb":{"@id":"https:\/\/tajkertesz.com\/termek\/fatorzs-madaritato\/#breadcrumb"},"inLanguage":"en-US","potentialAction":[{"@type":"ReadAction","target":["https:\/\/tajkertesz.com\/termek\/fatorzs-madaritato\/"]}]},{"@type":"ImageObject","inLanguage":"en-US","@id":"https:\/\/tajkertesz.com\/termek\/fatorzs-madaritato\/#primaryimage","url":"https:\/\/tajkertesz.com\/wp-content\/uploads\/2022\/06\/fatorzs-madaritato.jpg-2.jpg","contentUrl":"https:\/\/tajkertesz.com\/wp-content\/uploads\/2022\/06\/fatorzs-madaritato.jpg-2.jpg","width":898,"height":898},{"@type":"BreadcrumbList","@id":"https:\/\/tajkertesz.com\/termek\/fatorzs-madaritato\/#breadcrumb","itemListElement":[{"@type":"ListItem","position":1,"name":"Home","item":"https:\/\/tajkertesz.com\/"},{"@type":"ListItem","position":2,"name":"Kezd\u0151lap","item":"https:\/\/tajkertesz.com\/"},{"@type":"ListItem","position":3,"name":"Jov\u00e1n FAT\u00d6RZS mad\u00e1ritat\u00f3"}]},{"@type":"WebSite","@id":"https:\/\/tajkertesz.com\/#website","url":"https:\/\/tajkertesz.com\/","name":"T\u00e1j-Kert\u00e9sz 84 Kft.","description":"Kert\u00e9szeti kis- \u00e9s nagykeresked\u00e9s, D\u00edszn\u00f6v\u00e9ny web\u00e1ruh\u00e1z orsz\u00e1gos h\u00e1zhozsz\u00e1ll\u00edt\u00e1ssal!","publisher":{"@id":"https:\/\/tajkertesz.com\/#organization"},"potentialAction":[{"@type":"SearchAction","target":{"@type":"EntryPoint","urlTemplate":"https:\/\/tajkertesz.com\/?s={search_term_string}"},"query-input":{"@type":"PropertyValueSpecification","valueRequired":true,"valueName":"search_term_string"}}],"inLanguage":"en-US"},{"@type":"Organization","@id":"https:\/\/tajkertesz.com\/#organization","name":"T\u00e1j-Kert\u00e9sz 84 Kft.","url":"https:\/\/tajkertesz.com\/","logo":{"@type":"ImageObject","inLanguage":"en-US","@id":"https:\/\/tajkertesz.com\/#\/schema\/logo\/image\/","url":"https:\/\/tajkertesz.com\/wp-content\/uploads\/2018\/02\/logo-2-e1518678052539.png","contentUrl":"https:\/\/tajkertesz.com\/wp-content\/uploads\/2018\/02\/logo-2-e1518678052539.png","width":81,"height":140,"caption":"T\u00e1j-Kert\u00e9sz 84 Kft."},"image":{"@id":"https:\/\/tajkertesz.com\/#\/schema\/logo\/image\/"},"sameAs":["https:\/\/www.facebook.com\/Tajkertesz\/"]}]}},"_links":{"self":[{"href":"https:\/\/tajkertesz.com\/en_US\/wp-json\/wp\/v2\/product\/13066","targetHints":{"allow":["GET"]}}],"collection":[{"href":"https:\/\/tajkertesz.com\/en_US\/wp-json\/wp\/v2\/product"}],"about":[{"href":"https:\/\/tajkertesz.com\/en_US\/wp-json\/wp\/v2\/types\/product"}],"wp:featuredmedia":[{"embeddable":true,"href":"https:\/\/tajkertesz.com\/en_US\/wp-json\/wp\/v2\/media\/13067"}],"wp:attachment":[{"href":"https:\/\/tajkertesz.com\/en_US\/wp-json\/wp\/v2\/media?parent=13066"}],"wp:term":[{"taxonomy":"product_brand","embeddable":true,"href":"https:\/\/tajkertesz.com\/en_US\/wp-json\/wp\/v2\/product_brand?post=13066"},{"taxonomy":"product_cat","embeddable":true,"href":"https:\/\/tajkertesz.com\/en_US\/wp-json\/wp\/v2\/product_cat?post=13066"},{"taxonomy":"product_tag","embeddable":true,"href":"https:\/\/tajkertesz.com\/en_US\/wp-json\/wp\/v2\/product_tag?post=13066"}],"curies":[{"name":"wp","href":"https:\/\/api.w.org\/{rel}","templated":true}]}}