{"id":13073,"date":"2022-06-10T10:05:40","date_gmt":"2022-06-10T10:05:40","guid":{"rendered":"https:\/\/tajkertesz.com\/?post_type=product&#038;p=13073"},"modified":"2024-05-09T10:45:47","modified_gmt":"2024-05-09T10:45:47","slug":"pagoda-kerti-kolampas-dupla","status":"publish","type":"product","link":"https:\/\/tajkertesz.com\/en_US\/product\/pagoda-kerti-kolampas-dupla\/","title":{"rendered":"Jov\u00e1n PAGODA kerti k\u0151l\u00e1mp\u00e1s  dupla"},"content":{"rendered":"<h1 class=\"product_title entry-title\">Jov\u00e1n PAGODA kerti k\u0151l\u00e1mp\u00e1s\u00a0 dupla<\/h1>\n<p>&nbsp;<\/p>\n<h1 class=\"product_title entry-title\">A PAGODA kerti k\u0151l\u00e1mp\u00e1s\u00a0 dupla egy egyedi gy\u00e1rt\u00e1s\u00fa k\u00e9zm\u0171ves term\u00e9k.<br \/>\nK\u00fclt\u00e9ri, fagy\u00e1ll\u00f3, vezet\u00e9kelhet\u0151 kerti k\u0151l\u00e1mp\u00e1s, l\u00e9zerv\u00e1gott alum\u00ednium dekorlemezzel.<br \/>\nM\u00e9csestart\u00f3k\u00e9nt, vagy vezet\u00e9kel\u00e9s ut\u00e1n l\u00e1mpak\u00e9nt is haszn\u00e1lhat\u00f3.<br \/>\nMagyar csal\u00e1di manufakt\u00fara term\u00e9ke!<\/h1>\n<div class=\"elementor-element elementor-element-bb06ba7 elementor-widget elementor-widget-heading\" data-id=\"bb06ba7\" data-element_type=\"widget\" data-widget_type=\"heading.default\">\n<div class=\"elementor-widget-container\">\n<div class=\"elementor-heading-title elementor-size-default\">Term\u00e9kinform\u00e1ci\u00f3<\/div>\n<\/div>\n<\/div>\n<div class=\"elementor-element elementor-element-8332d52 elementor-widget__width-initial elementor-widget elementor-widget-text-editor\" data-id=\"8332d52\" data-element_type=\"widget\" data-widget_type=\"text-editor.default\">\n<div class=\"elementor-widget-container\">\n<p>A feh\u00e9rcement \u00e9s beton alapanyagoknak, illetve a speci\u00e1lis ut\u00f3lagos sz\u00ednez\u00e9si elj\u00e1r\u00e1snak k\u00f6sz\u00f6nhet\u0151en gondoz\u00e1smentes, id\u0151j\u00e1r\u00e1s- \u00e9s fagy\u00e1ll\u00f3 term\u00e9k.<br \/>\nA speci\u00e1lis sz\u00ednez\u00e9si elj\u00e1r\u00e1s miatt a k\u00e9sz term\u00e9keink sz\u00edne a val\u00f3s\u00e1gban elt\u00e9rhet a k\u00e9pen l\u00e1that\u00f3 sz\u00ednekt\u0151l.<br \/>\nMagasnyom\u00e1s\u00fa k\u00e9sz\u00fcl\u00e9kkel t\u00f6rt\u00e9n\u0151 tiszt\u00edt\u00e1s k\u00e1rt tehet a sz\u00ednez\u00e9sben, k\u00e9rj\u00fck ker\u00fclje alkalmaz\u00e1s\u00e1t.<\/p>\n<p><strong>Figyelem!<\/strong><\/p>\n<p>A vezet\u00e9kel\u00e9s \u00e9s a f\u00e9nyforr\u00e1s (izz\u00f3) nem tartoz\u00e9k!<\/p>\n<p>Az als\u00f3 \u00e9s k\u00f6z\u00e9ps\u0151 elemben 9 cm \u00e1tm\u00e9r\u0151j\u0171 \u00e9s 10 cm magas lyuk tal\u00e1lhat\u00f3.<br \/>\nJavasoljuk talajba \u00e9p\u00edthet\u0151 LED l\u00e1mpa (IP65&amp;IP67) haszn\u00e1lat\u00e1t (pl. Gordo led 14).<br \/>\nAz als\u00f3 elem alatt kb. 5 cm m\u00e9lys\u00e9g\u0171 szerel\u0151lyuk kialak\u00edt\u00e1sa sz\u00fcks\u00e9ges.<\/p>\n<p><strong>A term\u00e9k \u00f6sszeszerel\u00e9se s\u00edk, stabil burkolaton t\u00f6rt\u00e9njen!\u00a0<\/strong><\/p>\n<\/div>\n<\/div>\n<section class=\"elementor-section elementor-inner-section elementor-element elementor-element-b844f42 elementor-section-boxed elementor-section-height-default elementor-section-height-default\" data-id=\"b844f42\" data-element_type=\"section\">\n<div class=\"elementor-container elementor-column-gap-no\">\n<div class=\"elementor-column elementor-col-100 elementor-inner-column elementor-element elementor-element-1047819\" data-id=\"1047819\" data-element_type=\"column\">\n<div class=\"elementor-widget-wrap elementor-element-populated\">\n<div class=\"elementor-element elementor-element-06ec5d2 elementor-widget elementor-widget-heading\" data-id=\"06ec5d2\" data-element_type=\"widget\" data-widget_type=\"heading.default\">\n<div class=\"elementor-widget-container\">\n<div class=\"elementor-heading-title elementor-size-default\">Tulajdons\u00e1gok<\/div>\n<\/div>\n<\/div>\n<div class=\"elementor-element elementor-element-656c875 elementor-widget__width-initial elementor-icon-list--layout-traditional elementor-list-item-link-full_width elementor-widget elementor-widget-icon-list\" data-id=\"656c875\" data-element_type=\"widget\" data-widget_type=\"icon-list.default\">\n<div class=\"elementor-widget-container\">\n<ul class=\"elementor-icon-list-items\">\n<li class=\"elementor-icon-list-item\"><i class=\"far fa-snowflake\" aria-hidden=\"true\"><\/i><span class=\"elementor-icon-list-text\">Fagy\u00e1ll\u00f3, k\u00fclt\u00e9ri kivitel<\/span><\/li>\n<li class=\"elementor-icon-list-item\"><i class=\"fas fa-dice-d6\" aria-hidden=\"true\"><\/i><span class=\"elementor-icon-list-text\">Alapanyag: beton<\/span><\/li>\n<li class=\"elementor-icon-list-item\"><i class=\"far fa-hand-paper\" aria-hidden=\"true\"><\/i><span class=\"elementor-icon-list-text\">Manufakt\u00far\u00e1lis m\u00f3dszerekkel k\u00e9sz\u00fclt<\/span><\/li>\n<li class=\"elementor-icon-list-item\"><i class=\"far fa-registered\" aria-hidden=\"true\"><\/i><span class=\"elementor-icon-list-text\">Egyedi formaterv<\/span><\/li>\n<li>M\u00e9retek:<br \/>\nT\u00f6meg 114 kg<br \/>\nM\u00e9retek Sz\u00e9les: 35cm \u00d7 M\u00e9ly: 35cm \u00d7 Magas: 140cm<\/li>\n<\/ul>\n<\/div>\n<\/div>\n<h1 class=\"elementor-element elementor-element-bec905a elementor-widget elementor-widget-image\" data-id=\"bec905a\" data-element_type=\"widget\" data-widget_type=\"image.default\"><strong>Ez a term\u00e9k s\u00faly\u00e1n\u00e1l fogva fut\u00e1rszolg\u00e1lattal nem sz\u00e1ll\u00edthat\u00f3.<\/strong><\/h1>\n<\/div>\n<\/div>\n<\/div>\n<\/section>\n<p>&nbsp;<\/p>\n<p><a href=\"https:\/\/tajkertesz.com\/\">https:\/\/tajkertesz.com\/<\/a><\/p>\n<p><a href=\"https:\/\/www.facebook.com\/tajkertesz\/\">https:\/\/www.facebook.com\/tajkertesz\/<\/a><\/p>\n<p>Kisz\u00e1ll\u00edt\u00e1s: 200 cm \u00e9s 40 kg is a sz\u00e1ll\u00edt\u00e1s fut\u00e1rszolg\u00e1lattal t\u00f6rt\u00e9nik.<\/p>\n<p>Szem\u00e9lyes \u00e1tv\u00e9tel nyitvatart\u00e1si id\u0151ben a\u00a0 17. ker\u00fclet Bakancsos utca 7. sz\u00e1m alatti Kert\u00e9szeti \u00e1rud\u00e1ban.<\/p>\n<p><b>K\u00e9szlet\u00fcnk napi szinten v\u00e1ltozik, ez\u00e9rt k\u00e9rj\u00fck, \u00e9rdekl\u0151dj\u00f6n szem\u00e9lyesen, telefonon vagy email-en.<br \/>\nA v\u00e1ltoztat\u00e1s jog\u00e1t fenntartjuk!\u00a0<\/b><\/p>\n<div class=\"elementor-element elementor-element-bb06ba7 elementor-widget elementor-widget-heading\" data-id=\"bb06ba7\" data-element_type=\"widget\" data-widget_type=\"heading.default\">\n<h6 class=\"elementor-widget-container\"><span style=\"color: #ffffff;\">Term\u00e9kinform\u00e1ci\u00f3 A feh\u00e9rcement \u00e9s beton alapanyagoknak, illetve a speci\u00e1lis ut\u00f3lagos sz\u00ednez\u00e9si elj\u00e1r\u00e1snak k\u00f6sz\u00f6nhet\u0151en gondoz\u00e1smentes, id\u0151j\u00e1r\u00e1s- \u00e9s fagy\u00e1ll\u00f3 term\u00e9k . A speci\u00e1lis sz\u00ednez\u00e9si elj\u00e1r\u00e1s miatt a k\u00e9sz term\u00e9keink sz\u00edne a val\u00f3s\u00e1gban elt\u00e9rhet a k\u00e9pen l\u00e1that\u00f3 sz\u00ednekt\u0151l. Magasnyom\u00e1s\u00fa k\u00e9sz\u00fcl\u00e9kkel t\u00f6rt\u00e9n\u0151 tiszt\u00edt\u00e1s k\u00e1rt tehet a sz\u00ednez\u00e9sben, k\u00e9rj\u00fck ker\u00fclje alkalmaz\u00e1s\u00e1t.\u00a0 <strong style=\"font-size: 16px;\">Figyelem! <\/strong>A vezet\u00e9kel\u00e9s \u00e9s a f\u00e9nyforr\u00e1s (izz\u00f3) nem tartoz\u00e9k! Az als\u00f3 \u00e9s k\u00f6z\u00e9ps\u0151 elemben 9 cm \u00e1tm\u00e9r\u0151j\u0171 \u00e9s 10 cm magas lyuk tal\u00e1lhat\u00f3. Javasoljuk talajba \u00e9p\u00edthet\u0151 LED l\u00e1mpa (IP65&amp;IP67) haszn\u00e1lat\u00e1t (pl. Gordo led 14). Az als\u00f3 elem alatt kb. 5 cm m\u00e9lys\u00e9g\u0171 szerel\u0151lyuk kialak\u00edt\u00e1sa sz\u00fcks\u00e9ges. <strong style=\"font-size: 16px;\">A term\u00e9k \u00f6sszeszerel\u00e9se s\u00edk, stabil burkolaton t\u00f6rt\u00e9njen!\u00a0<\/strong><\/span><\/h6>\n<\/div>\n<p>&nbsp;<\/p>","protected":false},"excerpt":{"rendered":"<h1 class=\"product_title entry-title\">A PAGODA kerti k\u0151l\u00e1mp\u00e1s\u00a0 dupla egy egyedi gy\u00e1rt\u00e1s\u00fa k\u00e9zm\u0171ves term\u00e9k.<br \/>\nK\u00fclt\u00e9ri, fagy\u00e1ll\u00f3, vezet\u00e9kelhet\u0151 kerti k\u0151l\u00e1mp\u00e1s, l\u00e9zerv\u00e1gott alum\u00ednium dekorlemezzel.<br \/>\nM\u00e9csestart\u00f3k\u00e9nt, vagy vezet\u00e9kel\u00e9s ut\u00e1n l\u00e1mpak\u00e9nt is haszn\u00e1lhat\u00f3.<br \/>\nMagyar csal\u00e1di manufakt\u00fara term\u00e9ke!<\/h1>\n<p>&nbsp;<\/p>\n<h1 class=\"elementor-element elementor-element-bec905a elementor-widget elementor-widget-image\" data-id=\"bec905a\" data-element_type=\"widget\" data-widget_type=\"image.default\"><strong>Ez a term\u00e9k s\u00faly\u00e1n\u00e1l fogva fut\u00e1rszolg\u00e1lattal nem sz\u00e1ll\u00edthat\u00f3.<\/strong><\/h1>","protected":false},"featured_media":13074,"template":"","meta":{"_et_pb_use_builder":"","_et_pb_old_content":"","_et_gb_content_width":""},"product_brand":[],"product_cat":[1534,1570,3785],"product_tag":[1535,3118,3139,3793,3794],"class_list":{"0":"post-13073","1":"product","2":"type-product","3":"status-publish","4":"has-post-thumbnail","6":"product_cat-jovan-kulteri-termekek","7":"product_cat-kerti-lampasok","8":"product_cat-uj-termekek","9":"product_tag-jovan","10":"product_tag-lampas","11":"product_tag-pagoda","12":"product_tag-pagoda-dupla","13":"product_tag-pagoda-kerti-kolampas-dupla","15":"first","16":"instock","17":"shipping-taxable","18":"purchasable","19":"product-type-simple"},"yoast_head":"<!-- This site is optimized with the Yoast SEO plugin v27.4 - https:\/\/yoast.com\/product\/yoast-seo-wordpress\/ -->\n<title>Jov\u00e1n PAGODA kerti k\u0151l\u00e1mp\u00e1s dupla - T\u00e1jkert\u00e9sz<\/title>\n<meta name=\"description\" content=\"A Jov\u00e1n PAGODA kerti k\u0151l\u00e1mp\u00e1s\u00a0 dupla egy egyedi gy\u00e1rt\u00e1s\u00fa term\u00e9k. K\u00fclt\u00e9ri, fagy\u00e1ll\u00f3, vezet\u00e9kelhet\u0151 k\u0151l\u00e1mp\u00e1s, l\u00e9zerv\u00e1gott alum\u00ednium dekorlemezzel.\" \/>\n<meta name=\"robots\" content=\"index, follow, max-snippet:-1, max-image-preview:large, max-video-preview:-1\" \/>\n<link rel=\"canonical\" href=\"https:\/\/tajkertesz.com\/en_US\/product\/pagoda-kerti-kolampas-dupla\/\" \/>\n<meta property=\"og:locale\" content=\"en_US\" \/>\n<meta property=\"og:type\" content=\"article\" \/>\n<meta property=\"og:title\" content=\"Jov\u00e1n PAGODA kerti k\u0151l\u00e1mp\u00e1s dupla - T\u00e1jkert\u00e9sz\" \/>\n<meta property=\"og:description\" content=\"A Jov\u00e1n PAGODA kerti k\u0151l\u00e1mp\u00e1s\u00a0 dupla egy egyedi gy\u00e1rt\u00e1s\u00fa term\u00e9k. K\u00fclt\u00e9ri, fagy\u00e1ll\u00f3, vezet\u00e9kelhet\u0151 k\u0151l\u00e1mp\u00e1s, l\u00e9zerv\u00e1gott alum\u00ednium dekorlemezzel.\" \/>\n<meta property=\"og:url\" content=\"https:\/\/tajkertesz.com\/en_US\/product\/pagoda-kerti-kolampas-dupla\/\" \/>\n<meta property=\"og:site_name\" content=\"T\u00e1jkert\u00e9sz\" \/>\n<meta property=\"article:publisher\" content=\"https:\/\/www.facebook.com\/Tajkertesz\/\" \/>\n<meta property=\"article:modified_time\" content=\"2024-05-09T10:45:47+00:00\" \/>\n<meta property=\"og:image\" content=\"https:\/\/tajkertesz.com\/wp-content\/uploads\/2022\/06\/Pagoda-dupla.png\" \/>\n\t<meta property=\"og:image:width\" content=\"327\" \/>\n\t<meta property=\"og:image:height\" content=\"711\" \/>\n\t<meta property=\"og:image:type\" content=\"image\/png\" \/>\n<meta name=\"twitter:card\" content=\"summary_large_image\" \/>\n<meta name=\"twitter:label1\" content=\"Est. reading time\" \/>\n\t<meta name=\"twitter:data1\" content=\"2 minutes\" \/>\n<script type=\"application\/ld+json\" class=\"yoast-schema-graph\">{\"@context\":\"https:\\\/\\\/schema.org\",\"@graph\":[{\"@type\":\"WebPage\",\"@id\":\"https:\\\/\\\/tajkertesz.com\\\/termek\\\/pagoda-kerti-kolampas-dupla\\\/\",\"url\":\"https:\\\/\\\/tajkertesz.com\\\/termek\\\/pagoda-kerti-kolampas-dupla\\\/\",\"name\":\"Jov\u00e1n PAGODA kerti k\u0151l\u00e1mp\u00e1s dupla - T\u00e1jkert\u00e9sz\",\"isPartOf\":{\"@id\":\"https:\\\/\\\/tajkertesz.com\\\/#website\"},\"primaryImageOfPage\":{\"@id\":\"https:\\\/\\\/tajkertesz.com\\\/termek\\\/pagoda-kerti-kolampas-dupla\\\/#primaryimage\"},\"image\":{\"@id\":\"https:\\\/\\\/tajkertesz.com\\\/termek\\\/pagoda-kerti-kolampas-dupla\\\/#primaryimage\"},\"thumbnailUrl\":\"https:\\\/\\\/tajkertesz.com\\\/wp-content\\\/uploads\\\/2022\\\/06\\\/Pagoda-dupla.png\",\"datePublished\":\"2022-06-10T10:05:40+00:00\",\"dateModified\":\"2024-05-09T10:45:47+00:00\",\"description\":\"A Jov\u00e1n PAGODA kerti k\u0151l\u00e1mp\u00e1s\u00a0 dupla egy egyedi gy\u00e1rt\u00e1s\u00fa term\u00e9k. K\u00fclt\u00e9ri, fagy\u00e1ll\u00f3, vezet\u00e9kelhet\u0151 k\u0151l\u00e1mp\u00e1s, l\u00e9zerv\u00e1gott alum\u00ednium dekorlemezzel.\",\"breadcrumb\":{\"@id\":\"https:\\\/\\\/tajkertesz.com\\\/termek\\\/pagoda-kerti-kolampas-dupla\\\/#breadcrumb\"},\"inLanguage\":\"en-US\",\"potentialAction\":[{\"@type\":\"ReadAction\",\"target\":[\"https:\\\/\\\/tajkertesz.com\\\/termek\\\/pagoda-kerti-kolampas-dupla\\\/\"]}]},{\"@type\":\"ImageObject\",\"inLanguage\":\"en-US\",\"@id\":\"https:\\\/\\\/tajkertesz.com\\\/termek\\\/pagoda-kerti-kolampas-dupla\\\/#primaryimage\",\"url\":\"https:\\\/\\\/tajkertesz.com\\\/wp-content\\\/uploads\\\/2022\\\/06\\\/Pagoda-dupla.png\",\"contentUrl\":\"https:\\\/\\\/tajkertesz.com\\\/wp-content\\\/uploads\\\/2022\\\/06\\\/Pagoda-dupla.png\",\"width\":327,\"height\":711},{\"@type\":\"BreadcrumbList\",\"@id\":\"https:\\\/\\\/tajkertesz.com\\\/termek\\\/pagoda-kerti-kolampas-dupla\\\/#breadcrumb\",\"itemListElement\":[{\"@type\":\"ListItem\",\"position\":1,\"name\":\"Home\",\"item\":\"https:\\\/\\\/tajkertesz.com\\\/\"},{\"@type\":\"ListItem\",\"position\":2,\"name\":\"Kezd\u0151lap\",\"item\":\"https:\\\/\\\/tajkertesz.com\\\/\"},{\"@type\":\"ListItem\",\"position\":3,\"name\":\"Jov\u00e1n PAGODA kerti k\u0151l\u00e1mp\u00e1s dupla\"}]},{\"@type\":\"WebSite\",\"@id\":\"https:\\\/\\\/tajkertesz.com\\\/#website\",\"url\":\"https:\\\/\\\/tajkertesz.com\\\/\",\"name\":\"T\u00e1j-Kert\u00e9sz 84 Kft.\",\"description\":\"Kert\u00e9szeti kis- \u00e9s nagykeresked\u00e9s, D\u00edszn\u00f6v\u00e9ny web\u00e1ruh\u00e1z orsz\u00e1gos h\u00e1zhozsz\u00e1ll\u00edt\u00e1ssal!\",\"publisher\":{\"@id\":\"https:\\\/\\\/tajkertesz.com\\\/#organization\"},\"potentialAction\":[{\"@type\":\"SearchAction\",\"target\":{\"@type\":\"EntryPoint\",\"urlTemplate\":\"https:\\\/\\\/tajkertesz.com\\\/?s={search_term_string}\"},\"query-input\":{\"@type\":\"PropertyValueSpecification\",\"valueRequired\":true,\"valueName\":\"search_term_string\"}}],\"inLanguage\":\"en-US\"},{\"@type\":\"Organization\",\"@id\":\"https:\\\/\\\/tajkertesz.com\\\/#organization\",\"name\":\"T\u00e1j-Kert\u00e9sz 84 Kft.\",\"url\":\"https:\\\/\\\/tajkertesz.com\\\/\",\"logo\":{\"@type\":\"ImageObject\",\"inLanguage\":\"en-US\",\"@id\":\"https:\\\/\\\/tajkertesz.com\\\/#\\\/schema\\\/logo\\\/image\\\/\",\"url\":\"https:\\\/\\\/tajkertesz.com\\\/wp-content\\\/uploads\\\/2018\\\/02\\\/logo-2-e1518678052539.png\",\"contentUrl\":\"https:\\\/\\\/tajkertesz.com\\\/wp-content\\\/uploads\\\/2018\\\/02\\\/logo-2-e1518678052539.png\",\"width\":81,\"height\":140,\"caption\":\"T\u00e1j-Kert\u00e9sz 84 Kft.\"},\"image\":{\"@id\":\"https:\\\/\\\/tajkertesz.com\\\/#\\\/schema\\\/logo\\\/image\\\/\"},\"sameAs\":[\"https:\\\/\\\/www.facebook.com\\\/Tajkertesz\\\/\"]}]}<\/script>\n<!-- \/ Yoast SEO plugin. -->","yoast_head_json":{"title":"Jov\u00e1n PAGODA kerti k\u0151l\u00e1mp\u00e1s dupla - T\u00e1jkert\u00e9sz","description":"A Jov\u00e1n PAGODA kerti k\u0151l\u00e1mp\u00e1s\u00a0 dupla egy egyedi gy\u00e1rt\u00e1s\u00fa term\u00e9k. K\u00fclt\u00e9ri, fagy\u00e1ll\u00f3, vezet\u00e9kelhet\u0151 k\u0151l\u00e1mp\u00e1s, l\u00e9zerv\u00e1gott alum\u00ednium dekorlemezzel.","robots":{"index":"index","follow":"follow","max-snippet":"max-snippet:-1","max-image-preview":"max-image-preview:large","max-video-preview":"max-video-preview:-1"},"canonical":"https:\/\/tajkertesz.com\/en_US\/product\/pagoda-kerti-kolampas-dupla\/","og_locale":"en_US","og_type":"article","og_title":"Jov\u00e1n PAGODA kerti k\u0151l\u00e1mp\u00e1s dupla - T\u00e1jkert\u00e9sz","og_description":"A Jov\u00e1n PAGODA kerti k\u0151l\u00e1mp\u00e1s\u00a0 dupla egy egyedi gy\u00e1rt\u00e1s\u00fa term\u00e9k. K\u00fclt\u00e9ri, fagy\u00e1ll\u00f3, vezet\u00e9kelhet\u0151 k\u0151l\u00e1mp\u00e1s, l\u00e9zerv\u00e1gott alum\u00ednium dekorlemezzel.","og_url":"https:\/\/tajkertesz.com\/en_US\/product\/pagoda-kerti-kolampas-dupla\/","og_site_name":"T\u00e1jkert\u00e9sz","article_publisher":"https:\/\/www.facebook.com\/Tajkertesz\/","article_modified_time":"2024-05-09T10:45:47+00:00","og_image":[{"width":327,"height":711,"url":"https:\/\/tajkertesz.com\/wp-content\/uploads\/2022\/06\/Pagoda-dupla.png","type":"image\/png"}],"twitter_card":"summary_large_image","twitter_misc":{"Est. reading time":"2 minutes"},"schema":{"@context":"https:\/\/schema.org","@graph":[{"@type":"WebPage","@id":"https:\/\/tajkertesz.com\/termek\/pagoda-kerti-kolampas-dupla\/","url":"https:\/\/tajkertesz.com\/termek\/pagoda-kerti-kolampas-dupla\/","name":"Jov\u00e1n PAGODA kerti k\u0151l\u00e1mp\u00e1s dupla - T\u00e1jkert\u00e9sz","isPartOf":{"@id":"https:\/\/tajkertesz.com\/#website"},"primaryImageOfPage":{"@id":"https:\/\/tajkertesz.com\/termek\/pagoda-kerti-kolampas-dupla\/#primaryimage"},"image":{"@id":"https:\/\/tajkertesz.com\/termek\/pagoda-kerti-kolampas-dupla\/#primaryimage"},"thumbnailUrl":"https:\/\/tajkertesz.com\/wp-content\/uploads\/2022\/06\/Pagoda-dupla.png","datePublished":"2022-06-10T10:05:40+00:00","dateModified":"2024-05-09T10:45:47+00:00","description":"A Jov\u00e1n PAGODA kerti k\u0151l\u00e1mp\u00e1s\u00a0 dupla egy egyedi gy\u00e1rt\u00e1s\u00fa term\u00e9k. K\u00fclt\u00e9ri, fagy\u00e1ll\u00f3, vezet\u00e9kelhet\u0151 k\u0151l\u00e1mp\u00e1s, l\u00e9zerv\u00e1gott alum\u00ednium dekorlemezzel.","breadcrumb":{"@id":"https:\/\/tajkertesz.com\/termek\/pagoda-kerti-kolampas-dupla\/#breadcrumb"},"inLanguage":"en-US","potentialAction":[{"@type":"ReadAction","target":["https:\/\/tajkertesz.com\/termek\/pagoda-kerti-kolampas-dupla\/"]}]},{"@type":"ImageObject","inLanguage":"en-US","@id":"https:\/\/tajkertesz.com\/termek\/pagoda-kerti-kolampas-dupla\/#primaryimage","url":"https:\/\/tajkertesz.com\/wp-content\/uploads\/2022\/06\/Pagoda-dupla.png","contentUrl":"https:\/\/tajkertesz.com\/wp-content\/uploads\/2022\/06\/Pagoda-dupla.png","width":327,"height":711},{"@type":"BreadcrumbList","@id":"https:\/\/tajkertesz.com\/termek\/pagoda-kerti-kolampas-dupla\/#breadcrumb","itemListElement":[{"@type":"ListItem","position":1,"name":"Home","item":"https:\/\/tajkertesz.com\/"},{"@type":"ListItem","position":2,"name":"Kezd\u0151lap","item":"https:\/\/tajkertesz.com\/"},{"@type":"ListItem","position":3,"name":"Jov\u00e1n PAGODA kerti k\u0151l\u00e1mp\u00e1s dupla"}]},{"@type":"WebSite","@id":"https:\/\/tajkertesz.com\/#website","url":"https:\/\/tajkertesz.com\/","name":"T\u00e1j-Kert\u00e9sz 84 Kft.","description":"Kert\u00e9szeti kis- \u00e9s nagykeresked\u00e9s, D\u00edszn\u00f6v\u00e9ny web\u00e1ruh\u00e1z orsz\u00e1gos h\u00e1zhozsz\u00e1ll\u00edt\u00e1ssal!","publisher":{"@id":"https:\/\/tajkertesz.com\/#organization"},"potentialAction":[{"@type":"SearchAction","target":{"@type":"EntryPoint","urlTemplate":"https:\/\/tajkertesz.com\/?s={search_term_string}"},"query-input":{"@type":"PropertyValueSpecification","valueRequired":true,"valueName":"search_term_string"}}],"inLanguage":"en-US"},{"@type":"Organization","@id":"https:\/\/tajkertesz.com\/#organization","name":"T\u00e1j-Kert\u00e9sz 84 Kft.","url":"https:\/\/tajkertesz.com\/","logo":{"@type":"ImageObject","inLanguage":"en-US","@id":"https:\/\/tajkertesz.com\/#\/schema\/logo\/image\/","url":"https:\/\/tajkertesz.com\/wp-content\/uploads\/2018\/02\/logo-2-e1518678052539.png","contentUrl":"https:\/\/tajkertesz.com\/wp-content\/uploads\/2018\/02\/logo-2-e1518678052539.png","width":81,"height":140,"caption":"T\u00e1j-Kert\u00e9sz 84 Kft."},"image":{"@id":"https:\/\/tajkertesz.com\/#\/schema\/logo\/image\/"},"sameAs":["https:\/\/www.facebook.com\/Tajkertesz\/"]}]}},"_links":{"self":[{"href":"https:\/\/tajkertesz.com\/en_US\/wp-json\/wp\/v2\/product\/13073","targetHints":{"allow":["GET"]}}],"collection":[{"href":"https:\/\/tajkertesz.com\/en_US\/wp-json\/wp\/v2\/product"}],"about":[{"href":"https:\/\/tajkertesz.com\/en_US\/wp-json\/wp\/v2\/types\/product"}],"wp:featuredmedia":[{"embeddable":true,"href":"https:\/\/tajkertesz.com\/en_US\/wp-json\/wp\/v2\/media\/13074"}],"wp:attachment":[{"href":"https:\/\/tajkertesz.com\/en_US\/wp-json\/wp\/v2\/media?parent=13073"}],"wp:term":[{"taxonomy":"product_brand","embeddable":true,"href":"https:\/\/tajkertesz.com\/en_US\/wp-json\/wp\/v2\/product_brand?post=13073"},{"taxonomy":"product_cat","embeddable":true,"href":"https:\/\/tajkertesz.com\/en_US\/wp-json\/wp\/v2\/product_cat?post=13073"},{"taxonomy":"product_tag","embeddable":true,"href":"https:\/\/tajkertesz.com\/en_US\/wp-json\/wp\/v2\/product_tag?post=13073"}],"curies":[{"name":"wp","href":"https:\/\/api.w.org\/{rel}","templated":true}]}}