{"id":13075,"date":"2022-06-10T10:43:11","date_gmt":"2022-06-10T10:43:11","guid":{"rendered":"https:\/\/tajkertesz.com\/?post_type=product&#038;p=13075"},"modified":"2025-02-21T10:18:33","modified_gmt":"2025-02-21T10:18:33","slug":"cinke-madaritato-kerek","status":"publish","type":"product","link":"https:\/\/tajkertesz.com\/en_US\/product\/cinke-madaritato-kerek\/","title":{"rendered":"Jov\u00e1n CINKE mad\u00e1ritat\u00f3 kerek"},"content":{"rendered":"<p>Jov\u00e1n CINKE mad\u00e1ritat\u00f3 kerek<\/p>\n<p>A CINKE mad\u00e1ritat\u00f3 kerek egy egyedi gy\u00e1rt\u00e1s\u00fa, k\u00e9zm\u0171ves term\u00e9k.<br \/>\nK\u00fclt\u00e9ri, fagy\u00e1ll\u00f3 kerti mad\u00e1ritat\u00f3 k\u0151b\u0151l.<br \/>\nMagyar csal\u00e1di manufakt\u00fara term\u00e9ke!<\/p>\n<div class=\"elementor-element elementor-element-bb06ba7 elementor-widget elementor-widget-heading\" data-id=\"bb06ba7\" data-element_type=\"widget\" data-widget_type=\"heading.default\">\n<div class=\"elementor-widget-container\">\n<div class=\"elementor-heading-title elementor-size-default\">Term\u00e9kinform\u00e1ci\u00f3<\/div>\n<\/div>\n<\/div>\n<div class=\"elementor-element elementor-element-8332d52 elementor-widget__width-initial elementor-widget elementor-widget-text-editor\" data-id=\"8332d52\" data-element_type=\"widget\" data-widget_type=\"text-editor.default\">\n<div class=\"elementor-widget-container\">\n<p>A feh\u00e9rcement \u00e9s beton alapanyagoknak, illetve a speci\u00e1lis ut\u00f3lagos sz\u00ednez\u00e9si elj\u00e1r\u00e1snak k\u00f6sz\u00f6nhet\u0151en gondoz\u00e1smentes, id\u0151j\u00e1r\u00e1s- \u00e9s fagy\u00e1ll\u00f3 term\u00e9k.<br \/>\nA speci\u00e1lis sz\u00ednez\u00e9si elj\u00e1r\u00e1s miatt a k\u00e9sz term\u00e9keink sz\u00edne a val\u00f3s\u00e1gban elt\u00e9rhet a k\u00e9pen l\u00e1that\u00f3 sz\u00ednekt\u0151l.<br \/>\nMagasnyom\u00e1s\u00fa k\u00e9sz\u00fcl\u00e9kkel t\u00f6rt\u00e9n\u0151 tiszt\u00edt\u00e1s k\u00e1rt tehet a sz\u00ednez\u00e9sben, k\u00e9rj\u00fck ker\u00fclje alkalmaz\u00e1s\u00e1t.<\/p>\n<\/div>\n<\/div>\n<section class=\"elementor-section elementor-inner-section elementor-element elementor-element-b844f42 elementor-section-boxed elementor-section-height-default elementor-section-height-default\" data-id=\"b844f42\" data-element_type=\"section\">\n<div class=\"elementor-container elementor-column-gap-no\">\n<div class=\"elementor-column elementor-col-100 elementor-inner-column elementor-element elementor-element-1047819\" data-id=\"1047819\" data-element_type=\"column\">\n<div class=\"elementor-widget-wrap elementor-element-populated\">\n<div class=\"elementor-element elementor-element-06ec5d2 elementor-widget elementor-widget-heading\" data-id=\"06ec5d2\" data-element_type=\"widget\" data-widget_type=\"heading.default\">\n<div class=\"elementor-widget-container\">\n<div class=\"elementor-heading-title elementor-size-default\">Tulajdons\u00e1gok<\/div>\n<\/div>\n<\/div>\n<div class=\"elementor-element elementor-element-656c875 elementor-widget__width-initial elementor-icon-list--layout-traditional elementor-list-item-link-full_width elementor-widget elementor-widget-icon-list\" data-id=\"656c875\" data-element_type=\"widget\" data-widget_type=\"icon-list.default\">\n<div class=\"elementor-widget-container\">\n<ul class=\"elementor-icon-list-items\">\n<li class=\"elementor-icon-list-item\"><i class=\"far fa-snowflake\" aria-hidden=\"true\"><\/i><span class=\"elementor-icon-list-text\">Fagy\u00e1ll\u00f3, k\u00fclt\u00e9ri kivitel<\/span><\/li>\n<li class=\"elementor-icon-list-item\"><i class=\"fas fa-dice-d6\" aria-hidden=\"true\"><\/i><span class=\"elementor-icon-list-text\">Alapanyag: beton<\/span><\/li>\n<li class=\"elementor-icon-list-item\"><i class=\"far fa-hand-paper\" aria-hidden=\"true\"><\/i><span class=\"elementor-icon-list-text\">Manufakt\u00far\u00e1lis m\u00f3dszerekkel k\u00e9sz\u00fclt<\/span><\/li>\n<li class=\"elementor-icon-list-item\"><i class=\"far fa-registered\" aria-hidden=\"true\"><\/i><span class=\"elementor-icon-list-text\">Egyedi formaterv<\/span><\/li>\n<\/ul>\n<\/div>\n<\/div>\n<div class=\"elementor-element elementor-element-bec905a elementor-widget elementor-widget-image\" data-id=\"bec905a\" data-element_type=\"widget\" data-widget_type=\"image.default\">M\u00e9retei:<br \/>\nT\u00f6meg 17 kg<br \/>\nM\u00e9retek Sz\u00e9les: 45cm \u00d7 M\u00e9ly: 45cm \u00d7 Magas: 15cm<\/div>\n<\/div>\n<\/div>\n<\/div>\n<\/section>\n<p>&nbsp;<\/p>\n<p><a href=\"https:\/\/tajkertesz.com\/\">https:\/\/tajkertesz.com\/<\/a><\/p>\n<p><a href=\"https:\/\/www.facebook.com\/tajkertesz\/\">https:\/\/www.facebook.com\/tajkertesz\/<\/a><\/p>\n<p>Kisz\u00e1ll\u00edt\u00e1s: 200 cm \u00e9s 40 kg is a sz\u00e1ll\u00edt\u00e1s fut\u00e1rszolg\u00e1lattal t\u00f6rt\u00e9nik.<\/p>\n<p>Szem\u00e9lyes \u00e1tv\u00e9tel nyitvatart\u00e1si id\u0151ben a\u00a0 17. ker\u00fclet Bakancsos utca 7. sz\u00e1m alatti Kert\u00e9szeti \u00e1rud\u00e1ban.<\/p>\n<p><b>K\u00e9szlet\u00fcnk napi szinten v\u00e1ltozik, ez\u00e9rt k\u00e9rj\u00fck, \u00e9rdekl\u0151dj\u00f6n szem\u00e9lyesen, telefonon vagy email-en.<br \/>\nA v\u00e1ltoztat\u00e1s jog\u00e1t fenntartjuk!\u00a0<\/b><\/p>\n<h6><span style=\"color: #ffffff;\">A madarak gyorsan megszokj\u00e1k \u00e9s sz\u00e1m\u00edtanak az etet\u0151helyek t\u00e1pl\u00e1l\u00e9kk\u00edn\u00e1lat\u00e1ra, \u00e9vr\u0151l-\u00e9vre ak\u00e1r messzir\u0151l is visszat\u00e9rnek a stabil etet\u0151k k\u00f6zel\u00e9be telelni, ez\u00e9rt ha v\u00e1ratlanul abbahagyjuk az eles\u00e9g p\u00f3tl\u00e1s\u00e1t, \u00e9s ezt v\u00e9letlen\u00fcl \u00e9ppen a t\u00e9l leghidegebb id\u0151szak\u00e1ban tessz\u00fck, a madarak neh\u00e9z helyzetbe ker\u00fclhetnek. Az etet\u0151re j\u00e1r\u00f3 kistest\u0171, gyakran alig 4,5 \u2013 10 gramm (!) k\u00f6r\u00fcli testt\u00f6meg\u0171 madarak sz\u00e1m\u00e1ra -10 Celsius alatti h\u0151m\u00e9rs\u00e9kleten a t\u00fal\u00e9l\u00e9s gyakran arr\u00f3l sz\u00f3l, tartal\u00e9kaik csak arra elegend\u0151ek, hogy \u00e1t tudj\u00e1k v\u00e9szelni a fagyos \u00e9jszak\u00e1t. Ha m\u00e1snap nem tudnak eleget t\u00e1pl\u00e1lkozni az alig 5-6 \u00f3r\u00e1nyi nappali peri\u00f3dusban, p\u00e9ld\u00e1ul az\u00e9rt, mert nem t\u00f6lt\u00f6tt\u00fck fel az etet\u0151t, k\u00f6nnyen elpusztulhatnak a k\u00f6vetkez\u0151 hideg \u00e9jszak\u00e1n. Term\u00e9szetesen ker\u00fclhet\u00fcnk olyan \u00e9lethelyzetbe, hogy nem tudunk folyamatosan etetni. Ilyenkor, ha van n\u00e9h\u00e1ny napunk az \u00e1t\u00e1ll\u00e1sra, naponta cs\u00f6kkents\u00fck a kihelyezett eles\u00e9g mennyis\u00e9g\u00e9t. A madarak, \u00e9rz\u00e9kelve a t\u00e1pl\u00e1l\u00e9k megfogyatkoz\u00e1s\u00e1t, egyre nagyobb k\u00f6rben keresg\u00e9lnek, majd tov\u00e1bb \u00e1llnak\u00a0 a k\u00f6rny\u00e9kr\u0151l. Tov\u00e1bbi seg\u00edts\u00e9g a madaraknak, ha az etet\u00e9st lehet\u0151leg nem a t\u00e9l leghidegebb napjaiban hagyjuk abba.<\/span><\/h6>","protected":false},"excerpt":{"rendered":"<p>A CINKE mad\u00e1ritat\u00f3 kerek egy egyedi gy\u00e1rt\u00e1s\u00fa, k\u00e9zm\u0171ves term\u00e9k.<br \/>\nK\u00fclt\u00e9ri, fagy\u00e1ll\u00f3 kerti mad\u00e1ritat\u00f3 k\u0151b\u0151l.<br \/>\nMagyar csal\u00e1di manufakt\u00fara term\u00e9ke!<\/p>","protected":false},"featured_media":13077,"template":"","meta":{"_et_pb_use_builder":"","_et_pb_old_content":"","_et_gb_content_width":""},"product_brand":[],"product_cat":[1036,1571],"product_tag":[3795,1535,1542,3792],"class_list":{"0":"post-13075","1":"product","2":"type-product","3":"status-publish","4":"has-post-thumbnail","6":"product_cat-madareleseg-madaretetok","7":"product_cat-madaritatok-madarfurdetok","8":"product_tag-cinke","9":"product_tag-jovan","10":"product_tag-kerek","11":"product_tag-madaritato","13":"first","14":"outofstock","15":"shipping-taxable","16":"purchasable","17":"product-type-simple"},"yoast_head":"<!-- This site is optimized with the Yoast SEO plugin v27.4 - https:\/\/yoast.com\/product\/yoast-seo-wordpress\/ -->\n<title>Jov\u00e1n CINKE mad\u00e1ritat\u00f3 kerek - T\u00e1jkert\u00e9sz<\/title>\n<meta name=\"description\" content=\"A CINKE mad\u00e1ritat\u00f3 kerek egy egyedi gy\u00e1rt\u00e1s\u00fa, k\u00e9zm\u0171ves term\u00e9k. K\u00fclt\u00e9ri, fagy\u00e1ll\u00f3 kerti mad\u00e1ritat\u00f3 k\u0151b\u0151l. Magyar csal\u00e1di manufakt\u00fara term\u00e9ke!\" \/>\n<meta name=\"robots\" content=\"index, follow, max-snippet:-1, max-image-preview:large, max-video-preview:-1\" \/>\n<link rel=\"canonical\" href=\"https:\/\/tajkertesz.com\/en_US\/product\/cinke-madaritato-kerek\/\" \/>\n<meta property=\"og:locale\" content=\"en_US\" \/>\n<meta property=\"og:type\" content=\"article\" \/>\n<meta property=\"og:title\" content=\"Jov\u00e1n CINKE mad\u00e1ritat\u00f3 kerek - T\u00e1jkert\u00e9sz\" \/>\n<meta property=\"og:description\" content=\"A CINKE mad\u00e1ritat\u00f3 kerek egy egyedi gy\u00e1rt\u00e1s\u00fa, k\u00e9zm\u0171ves term\u00e9k. K\u00fclt\u00e9ri, fagy\u00e1ll\u00f3 kerti mad\u00e1ritat\u00f3 k\u0151b\u0151l. Magyar csal\u00e1di manufakt\u00fara term\u00e9ke!\" \/>\n<meta property=\"og:url\" content=\"https:\/\/tajkertesz.com\/en_US\/product\/cinke-madaritato-kerek\/\" \/>\n<meta property=\"og:site_name\" content=\"T\u00e1jkert\u00e9sz\" \/>\n<meta property=\"article:publisher\" content=\"https:\/\/www.facebook.com\/Tajkertesz\/\" \/>\n<meta property=\"article:modified_time\" content=\"2025-02-21T10:18:33+00:00\" \/>\n<meta property=\"og:image\" content=\"https:\/\/tajkertesz.com\/wp-content\/uploads\/2022\/06\/Cinke-madaritato-kerek.png\" \/>\n\t<meta property=\"og:image:width\" content=\"712\" \/>\n\t<meta property=\"og:image:height\" content=\"677\" \/>\n\t<meta property=\"og:image:type\" content=\"image\/png\" \/>\n<meta name=\"twitter:card\" content=\"summary_large_image\" \/>\n<meta name=\"twitter:label1\" content=\"Est. reading time\" \/>\n\t<meta name=\"twitter:data1\" content=\"2 minutes\" \/>\n<script type=\"application\/ld+json\" class=\"yoast-schema-graph\">{\"@context\":\"https:\\\/\\\/schema.org\",\"@graph\":[{\"@type\":\"WebPage\",\"@id\":\"https:\\\/\\\/tajkertesz.com\\\/termek\\\/cinke-madaritato-kerek\\\/\",\"url\":\"https:\\\/\\\/tajkertesz.com\\\/termek\\\/cinke-madaritato-kerek\\\/\",\"name\":\"Jov\u00e1n CINKE mad\u00e1ritat\u00f3 kerek - T\u00e1jkert\u00e9sz\",\"isPartOf\":{\"@id\":\"https:\\\/\\\/tajkertesz.com\\\/#website\"},\"primaryImageOfPage\":{\"@id\":\"https:\\\/\\\/tajkertesz.com\\\/termek\\\/cinke-madaritato-kerek\\\/#primaryimage\"},\"image\":{\"@id\":\"https:\\\/\\\/tajkertesz.com\\\/termek\\\/cinke-madaritato-kerek\\\/#primaryimage\"},\"thumbnailUrl\":\"https:\\\/\\\/tajkertesz.com\\\/wp-content\\\/uploads\\\/2022\\\/06\\\/Cinke-madaritato-kerek.png\",\"datePublished\":\"2022-06-10T10:43:11+00:00\",\"dateModified\":\"2025-02-21T10:18:33+00:00\",\"description\":\"A CINKE mad\u00e1ritat\u00f3 kerek egy egyedi gy\u00e1rt\u00e1s\u00fa, k\u00e9zm\u0171ves term\u00e9k. K\u00fclt\u00e9ri, fagy\u00e1ll\u00f3 kerti mad\u00e1ritat\u00f3 k\u0151b\u0151l. Magyar csal\u00e1di manufakt\u00fara term\u00e9ke!\",\"breadcrumb\":{\"@id\":\"https:\\\/\\\/tajkertesz.com\\\/termek\\\/cinke-madaritato-kerek\\\/#breadcrumb\"},\"inLanguage\":\"en-US\",\"potentialAction\":[{\"@type\":\"ReadAction\",\"target\":[\"https:\\\/\\\/tajkertesz.com\\\/termek\\\/cinke-madaritato-kerek\\\/\"]}]},{\"@type\":\"ImageObject\",\"inLanguage\":\"en-US\",\"@id\":\"https:\\\/\\\/tajkertesz.com\\\/termek\\\/cinke-madaritato-kerek\\\/#primaryimage\",\"url\":\"https:\\\/\\\/tajkertesz.com\\\/wp-content\\\/uploads\\\/2022\\\/06\\\/Cinke-madaritato-kerek.png\",\"contentUrl\":\"https:\\\/\\\/tajkertesz.com\\\/wp-content\\\/uploads\\\/2022\\\/06\\\/Cinke-madaritato-kerek.png\",\"width\":712,\"height\":677},{\"@type\":\"BreadcrumbList\",\"@id\":\"https:\\\/\\\/tajkertesz.com\\\/termek\\\/cinke-madaritato-kerek\\\/#breadcrumb\",\"itemListElement\":[{\"@type\":\"ListItem\",\"position\":1,\"name\":\"Home\",\"item\":\"https:\\\/\\\/tajkertesz.com\\\/\"},{\"@type\":\"ListItem\",\"position\":2,\"name\":\"Kezd\u0151lap\",\"item\":\"https:\\\/\\\/tajkertesz.com\\\/\"},{\"@type\":\"ListItem\",\"position\":3,\"name\":\"Jov\u00e1n CINKE mad\u00e1ritat\u00f3 kerek\"}]},{\"@type\":\"WebSite\",\"@id\":\"https:\\\/\\\/tajkertesz.com\\\/#website\",\"url\":\"https:\\\/\\\/tajkertesz.com\\\/\",\"name\":\"T\u00e1j-Kert\u00e9sz 84 Kft.\",\"description\":\"Kert\u00e9szeti kis- \u00e9s nagykeresked\u00e9s, D\u00edszn\u00f6v\u00e9ny web\u00e1ruh\u00e1z orsz\u00e1gos h\u00e1zhozsz\u00e1ll\u00edt\u00e1ssal!\",\"publisher\":{\"@id\":\"https:\\\/\\\/tajkertesz.com\\\/#organization\"},\"potentialAction\":[{\"@type\":\"SearchAction\",\"target\":{\"@type\":\"EntryPoint\",\"urlTemplate\":\"https:\\\/\\\/tajkertesz.com\\\/?s={search_term_string}\"},\"query-input\":{\"@type\":\"PropertyValueSpecification\",\"valueRequired\":true,\"valueName\":\"search_term_string\"}}],\"inLanguage\":\"en-US\"},{\"@type\":\"Organization\",\"@id\":\"https:\\\/\\\/tajkertesz.com\\\/#organization\",\"name\":\"T\u00e1j-Kert\u00e9sz 84 Kft.\",\"url\":\"https:\\\/\\\/tajkertesz.com\\\/\",\"logo\":{\"@type\":\"ImageObject\",\"inLanguage\":\"en-US\",\"@id\":\"https:\\\/\\\/tajkertesz.com\\\/#\\\/schema\\\/logo\\\/image\\\/\",\"url\":\"https:\\\/\\\/tajkertesz.com\\\/wp-content\\\/uploads\\\/2018\\\/02\\\/logo-2-e1518678052539.png\",\"contentUrl\":\"https:\\\/\\\/tajkertesz.com\\\/wp-content\\\/uploads\\\/2018\\\/02\\\/logo-2-e1518678052539.png\",\"width\":81,\"height\":140,\"caption\":\"T\u00e1j-Kert\u00e9sz 84 Kft.\"},\"image\":{\"@id\":\"https:\\\/\\\/tajkertesz.com\\\/#\\\/schema\\\/logo\\\/image\\\/\"},\"sameAs\":[\"https:\\\/\\\/www.facebook.com\\\/Tajkertesz\\\/\"]}]}<\/script>\n<!-- \/ Yoast SEO plugin. -->","yoast_head_json":{"title":"Jov\u00e1n CINKE mad\u00e1ritat\u00f3 kerek - T\u00e1jkert\u00e9sz","description":"A CINKE mad\u00e1ritat\u00f3 kerek egy egyedi gy\u00e1rt\u00e1s\u00fa, k\u00e9zm\u0171ves term\u00e9k. K\u00fclt\u00e9ri, fagy\u00e1ll\u00f3 kerti mad\u00e1ritat\u00f3 k\u0151b\u0151l. Magyar csal\u00e1di manufakt\u00fara term\u00e9ke!","robots":{"index":"index","follow":"follow","max-snippet":"max-snippet:-1","max-image-preview":"max-image-preview:large","max-video-preview":"max-video-preview:-1"},"canonical":"https:\/\/tajkertesz.com\/en_US\/product\/cinke-madaritato-kerek\/","og_locale":"en_US","og_type":"article","og_title":"Jov\u00e1n CINKE mad\u00e1ritat\u00f3 kerek - T\u00e1jkert\u00e9sz","og_description":"A CINKE mad\u00e1ritat\u00f3 kerek egy egyedi gy\u00e1rt\u00e1s\u00fa, k\u00e9zm\u0171ves term\u00e9k. K\u00fclt\u00e9ri, fagy\u00e1ll\u00f3 kerti mad\u00e1ritat\u00f3 k\u0151b\u0151l. Magyar csal\u00e1di manufakt\u00fara term\u00e9ke!","og_url":"https:\/\/tajkertesz.com\/en_US\/product\/cinke-madaritato-kerek\/","og_site_name":"T\u00e1jkert\u00e9sz","article_publisher":"https:\/\/www.facebook.com\/Tajkertesz\/","article_modified_time":"2025-02-21T10:18:33+00:00","og_image":[{"width":712,"height":677,"url":"https:\/\/tajkertesz.com\/wp-content\/uploads\/2022\/06\/Cinke-madaritato-kerek.png","type":"image\/png"}],"twitter_card":"summary_large_image","twitter_misc":{"Est. reading time":"2 minutes"},"schema":{"@context":"https:\/\/schema.org","@graph":[{"@type":"WebPage","@id":"https:\/\/tajkertesz.com\/termek\/cinke-madaritato-kerek\/","url":"https:\/\/tajkertesz.com\/termek\/cinke-madaritato-kerek\/","name":"Jov\u00e1n CINKE mad\u00e1ritat\u00f3 kerek - T\u00e1jkert\u00e9sz","isPartOf":{"@id":"https:\/\/tajkertesz.com\/#website"},"primaryImageOfPage":{"@id":"https:\/\/tajkertesz.com\/termek\/cinke-madaritato-kerek\/#primaryimage"},"image":{"@id":"https:\/\/tajkertesz.com\/termek\/cinke-madaritato-kerek\/#primaryimage"},"thumbnailUrl":"https:\/\/tajkertesz.com\/wp-content\/uploads\/2022\/06\/Cinke-madaritato-kerek.png","datePublished":"2022-06-10T10:43:11+00:00","dateModified":"2025-02-21T10:18:33+00:00","description":"A CINKE mad\u00e1ritat\u00f3 kerek egy egyedi gy\u00e1rt\u00e1s\u00fa, k\u00e9zm\u0171ves term\u00e9k. K\u00fclt\u00e9ri, fagy\u00e1ll\u00f3 kerti mad\u00e1ritat\u00f3 k\u0151b\u0151l. Magyar csal\u00e1di manufakt\u00fara term\u00e9ke!","breadcrumb":{"@id":"https:\/\/tajkertesz.com\/termek\/cinke-madaritato-kerek\/#breadcrumb"},"inLanguage":"en-US","potentialAction":[{"@type":"ReadAction","target":["https:\/\/tajkertesz.com\/termek\/cinke-madaritato-kerek\/"]}]},{"@type":"ImageObject","inLanguage":"en-US","@id":"https:\/\/tajkertesz.com\/termek\/cinke-madaritato-kerek\/#primaryimage","url":"https:\/\/tajkertesz.com\/wp-content\/uploads\/2022\/06\/Cinke-madaritato-kerek.png","contentUrl":"https:\/\/tajkertesz.com\/wp-content\/uploads\/2022\/06\/Cinke-madaritato-kerek.png","width":712,"height":677},{"@type":"BreadcrumbList","@id":"https:\/\/tajkertesz.com\/termek\/cinke-madaritato-kerek\/#breadcrumb","itemListElement":[{"@type":"ListItem","position":1,"name":"Home","item":"https:\/\/tajkertesz.com\/"},{"@type":"ListItem","position":2,"name":"Kezd\u0151lap","item":"https:\/\/tajkertesz.com\/"},{"@type":"ListItem","position":3,"name":"Jov\u00e1n CINKE mad\u00e1ritat\u00f3 kerek"}]},{"@type":"WebSite","@id":"https:\/\/tajkertesz.com\/#website","url":"https:\/\/tajkertesz.com\/","name":"T\u00e1j-Kert\u00e9sz 84 Kft.","description":"Kert\u00e9szeti kis- \u00e9s nagykeresked\u00e9s, D\u00edszn\u00f6v\u00e9ny web\u00e1ruh\u00e1z orsz\u00e1gos h\u00e1zhozsz\u00e1ll\u00edt\u00e1ssal!","publisher":{"@id":"https:\/\/tajkertesz.com\/#organization"},"potentialAction":[{"@type":"SearchAction","target":{"@type":"EntryPoint","urlTemplate":"https:\/\/tajkertesz.com\/?s={search_term_string}"},"query-input":{"@type":"PropertyValueSpecification","valueRequired":true,"valueName":"search_term_string"}}],"inLanguage":"en-US"},{"@type":"Organization","@id":"https:\/\/tajkertesz.com\/#organization","name":"T\u00e1j-Kert\u00e9sz 84 Kft.","url":"https:\/\/tajkertesz.com\/","logo":{"@type":"ImageObject","inLanguage":"en-US","@id":"https:\/\/tajkertesz.com\/#\/schema\/logo\/image\/","url":"https:\/\/tajkertesz.com\/wp-content\/uploads\/2018\/02\/logo-2-e1518678052539.png","contentUrl":"https:\/\/tajkertesz.com\/wp-content\/uploads\/2018\/02\/logo-2-e1518678052539.png","width":81,"height":140,"caption":"T\u00e1j-Kert\u00e9sz 84 Kft."},"image":{"@id":"https:\/\/tajkertesz.com\/#\/schema\/logo\/image\/"},"sameAs":["https:\/\/www.facebook.com\/Tajkertesz\/"]}]}},"_links":{"self":[{"href":"https:\/\/tajkertesz.com\/en_US\/wp-json\/wp\/v2\/product\/13075","targetHints":{"allow":["GET"]}}],"collection":[{"href":"https:\/\/tajkertesz.com\/en_US\/wp-json\/wp\/v2\/product"}],"about":[{"href":"https:\/\/tajkertesz.com\/en_US\/wp-json\/wp\/v2\/types\/product"}],"wp:featuredmedia":[{"embeddable":true,"href":"https:\/\/tajkertesz.com\/en_US\/wp-json\/wp\/v2\/media\/13077"}],"wp:attachment":[{"href":"https:\/\/tajkertesz.com\/en_US\/wp-json\/wp\/v2\/media?parent=13075"}],"wp:term":[{"taxonomy":"product_brand","embeddable":true,"href":"https:\/\/tajkertesz.com\/en_US\/wp-json\/wp\/v2\/product_brand?post=13075"},{"taxonomy":"product_cat","embeddable":true,"href":"https:\/\/tajkertesz.com\/en_US\/wp-json\/wp\/v2\/product_cat?post=13075"},{"taxonomy":"product_tag","embeddable":true,"href":"https:\/\/tajkertesz.com\/en_US\/wp-json\/wp\/v2\/product_tag?post=13075"}],"curies":[{"name":"wp","href":"https:\/\/api.w.org\/{rel}","templated":true}]}}