{"id":13120,"date":"2022-06-20T12:26:49","date_gmt":"2022-06-20T12:26:49","guid":{"rendered":"https:\/\/tajkertesz.com\/?post_type=product&#038;p=13120"},"modified":"2024-05-28T14:01:16","modified_gmt":"2024-05-28T14:01:16","slug":"konteneres-szolo-oltvanyok-afuz-ali","status":"publish","type":"product","link":"https:\/\/tajkertesz.com\/en_US\/product\/konteneres-szolo-oltvanyok-afuz-ali\/","title":{"rendered":"Kont\u00e9neres sz\u0151l\u0151 oltv\u00e1nyok Af\u00faz Ali\u00a0"},"content":{"rendered":"<p>Kont\u00e9neres \u00a0sz\u0151l\u0151 oltv\u00e1nyok Af\u00faz Ali<\/p>\n<p>A Kont\u00e9neres sz\u0151l\u0151 oltv\u00e1nyok k\u00f6z\u00f6tt az Af\u00faz Ali b\u0151term\u0151, nagy j\u00f3l eltarthat\u00f3 \u00e9s sz\u00e1ll\u00edthat\u00f3 csemegesz\u0151l\u0151 fajta.<\/p>\n<p>F\u00fcrtje kev\u00e9sb\u00e9 rothad\u00f3 , a f\u00fcrt \u00e1tlags\u00falya 270<span style=\"color: #333333;\"> g.<\/span><\/p>\n<p>Bogy\u00f3ja: megny\u00falt, nagyon nagy, \u00e1tlagt\u00f6mege 6,1 g, pontozott, s\u00e1rga, alig hamvas, h\u00fasa ropog\u00f3s, l\u00e9d\u00fas, \u00edze k\u00f6z\u00f6mb\u00f6s, h\u00e9ja k\u00f6z\u00e9pvastag, tart\u00f3s.<\/p>\n<p><span style=\"color: #333333;\">Peronoszp\u00f3r\u00e1ra \u00e9s lisztharmatra kev\u00e9sb\u00e9 \u00e9rz\u00e9keny.<\/span><\/p>\n<p><span style=\"color: #333333;\">\u00c9r\u00e9si ideje okt\u00f3ber els\u0151 fele.\u00a0\u00a0<\/span>Fekv\u00e9s \u00e9s talaj ir\u00e1nt ig\u00e9nyes, viszonylag sz\u00e1razs\u00e1gt\u0171r\u0151, z\u00f6ldmunkaig\u00e9nye kicsi.<\/p>\n<p><strong>Jelen term\u00e9k\u00fcnk 3,6 literes kont\u00e9nerben kb :60\/80 cm magass\u00e1g\u00fa.<\/strong><\/p>\n<p>Az \u00fcltet\u00e9shez haszn\u00e1ljon marhatr\u00e1gy\u00e1t, vagy\u00a0 Agrecol t\u00e1pot.<\/p>\n<p style=\"line-height: 18.0pt; background: white; margin: 0cm 0cm 15.0pt 0cm;\"><span style=\"font-family: 'Ubuntu',serif; color: black;\">El\u00e9rhet\u0151 t\u00f6bbf\u00e9le m\u00e9retben \u00e9s \u00e1rban.<\/span><\/p>\n<p style=\"line-height: 18.0pt; background: white; margin: 0cm 0cm 15.0pt 0cm;\"><b><span style=\"font-family: 'Ubuntu',serif; color: black;\">K\u00e9szlet\u00fcnk napi szinten v\u00e1ltozik, ez\u00e9rt k\u00e9rj\u00fck, \u00e9rdekl\u0151dj\u00f6n szem\u00e9lyesen, telefonon vagy email-en.<br \/>\nA v\u00e1ltoztat\u00e1s jog\u00e1t fenntartjuk!\u00a0<\/span><\/b><\/p>\n<p><a href=\"https:\/\/tajkertesz.com\/\">https:\/\/tajkertesz.com\/<\/a><\/p>\n<p><a href=\"https:\/\/www.facebook.com\/tajkertesz\/\">https:\/\/www.facebook.com\/tajkertesz\/<\/a><\/p>\n<p>Kisz\u00e1ll\u00edt\u00e1s: 200 cm \u00e9s 40 kg is a sz\u00e1ll\u00edt\u00e1s fut\u00e1rszolg\u00e1lattal t\u00f6rt\u00e9nik.<\/p>\n<h6><span style=\"color: #ffffff;\">Az\u00a0<b>Afuz Ali<\/b>\u00a0kis-\u00e1zsiai eredet\u0171, feh\u00e9r bogy\u00f3j\u00fa\u00a0<a class=\"new\" style=\"color: #ffffff;\" title=\"Sz\u0151l\u0151fajta (a lap nem l\u00e9tezik)\" href=\"https:\/\/hu.wikipedia.org\/w\/index.php?title=Sz%C5%91l%C5%91fajta&amp;action=edit&amp;redlink=1\">sz\u0151l\u0151fajta<\/a>. Hasonnevei:\u00a0<i>Regina<\/i>,\u00a0<i>Razaki<\/i>,\u00a0<i>Bolg\u00e1r<\/i>,\u00a0<i>Datolyasz\u0151l\u0151<\/i>,\u00a0<i>Dattier de Beyrouth<\/i>,\u00a0<i>Raisin de Constantinapole<\/i>,\u00a0<i>Hafiz Ali<\/i>,\u00a0<i>Karaburnu<\/i>,\u00a0<i>Aleppo<\/i>.<\/span><\/h6>\n<h6><span style=\"color: #ffffff;\">Az eg\u00e9sz vil\u00e1gon ismerik. F\u0151k\u00e9nt a\u00a0<a style=\"color: #ffffff;\" title=\"F\u00f6ldk\u00f6zi-tenger\" href=\"https:\/\/hu.wikipedia.org\/wiki\/F%C3%B6ldk%C3%B6zi-tenger\">F\u00f6ldk\u00f6zi-tenger<\/a>\u00a0k\u00f6rny\u00e9ki orsz\u00e1gokban termesztik, de eljutott a tengerent\u00fali csemegesz\u0151l\u0151-termeszt\u0151 t\u00e1jakra is. A nemzetk\u00f6zi \u00e9tkez\u00e9si sz\u0151l\u0151 kereskedelem igen keresett fajt\u00e1ja. Haz\u00e1nkba val\u00f3sz\u00edn\u0171leg a 20. sz\u00e1zad elej\u00e9n\u00a0<a style=\"color: #ffffff;\" title=\"Bulg\u00e1ria\" href=\"https:\/\/hu.wikipedia.org\/wiki\/Bulg%C3%A1ria\">Bulg\u00e1ri\u00e1b\u00f3l<\/a>\u00a0\u00e9rkezett, de bizonytalan be\u00e9r\u00e9se miatt nem terjedt el. 1956 \u00f3ta \u00e1llamilag min\u0151s\u00edtett fajta. N\u00e1lunk ink\u00e1bb csak a h\u00e1zi kertekbe val\u00f3, de ott is csak v\u00e9dett, meleg fekv\u00e9sbe.<\/span><\/h6>\n<h6><span style=\"color: #ffffff;\">F\u00fcrtje kev\u00e9sb\u00e9 rothad\u00f3 , a f\u00fcrt \u00e1tlags\u00falya 270 g.<\/span><\/h6>\n<h6><span style=\"color: #ffffff;\">Bogy\u00f3ja: megny\u00falt, nagyon nagy, \u00e1tlagt\u00f6mege 6,1 g, pontozott, s\u00e1rga, alig hamvas, h\u00fasa ropog\u00f3s, l\u00e9d\u00fas, \u00edze k\u00f6z\u00f6mb\u00f6s, h\u00e9ja k\u00f6z\u00e9pvastag, tart\u00f3s.<\/span><\/h6>\n<h6><span style=\"color: #ffffff;\">Peronoszp\u00f3r\u00e1ra \u00e9s lisztharmatra kev\u00e9sb\u00e9 \u00e9rz\u00e9keny.<\/span><\/h6>\n<h6><span style=\"color: #ffffff;\">\u00c9r\u00e9si ideje okt\u00f3ber els\u0151 fele.\u00a0\u00a0Fekv\u00e9s \u00e9s talaj ir\u00e1nt ig\u00e9nyes, viszonylag sz\u00e1razs\u00e1gt\u0171r\u0151, z\u00f6ldmunkaig\u00e9nye kicsi.<\/span><\/h6>\n<h6><span style=\"color: #ffffff;\"><strong>Jelen term\u00e9k\u00fcnk 3,6 literes kont\u00e9nerben kb :60\/80 cm magass\u00e1g\u00fa.<\/strong><\/span><\/h6>\n<h6><span style=\"color: #ffffff;\">Az \u00fcltet\u00e9shez haszn\u00e1ljon marhatr\u00e1gy\u00e1t, vagy\u00a0 Agrecol t\u00e1pot.<\/span><\/h6>\n<h6 style=\"line-height: 18.0pt; background: white; margin: 0cm 0cm 15.0pt 0cm;\"><span style=\"font-family: Ubuntu, serif; color: #ffffff;\">El\u00e9rhet\u0151 t\u00f6bbf\u00e9le m\u00e9retben \u00e9s \u00e1rban.<\/span><\/h6>","protected":false},"excerpt":{"rendered":"<p>A kont\u00e9neres sz\u0151l\u0151 oltv\u00e1nyok k\u00f6z\u00f6tt az Af\u00faz Ali b\u0151term\u0151, nagy j\u00f3l eltarthat\u00f3 \u00e9s sz\u00e1ll\u00edthat\u00f3 csemegesz\u0151l\u0151 fajta.<\/p>\n<p>F\u00fcrtje kev\u00e9sb\u00e9 rothad\u00f3 , a f\u00fcrt \u00e1tlags\u00falya 270<span style=\"color: #333333;\"> g.<\/span><\/p>\n<p>Bogy\u00f3ja: megny\u00falt, nagyon nagy, \u00e1tlagt\u00f6mege 6,1 g, pontozott, s\u00e1rga, alig hamvas, h\u00fasa ropog\u00f3s, l\u00e9d\u00fas, \u00edze k\u00f6z\u00f6mb\u00f6s, h\u00e9ja k\u00f6z\u00e9pvastag, tart\u00f3s.<\/p>\n<p><span style=\"color: #333333;\">Peronoszp\u00f3r\u00e1ra \u00e9s lisztharmatra kev\u00e9sb\u00e9 \u00e9rz\u00e9keny.<\/span><\/p>\n<p><span style=\"color: #333333;\">\u00c9r\u00e9si ideje okt\u00f3ber els\u0151 fele.\u00a0\u00a0<\/span>Fekv\u00e9s \u00e9s talaj ir\u00e1nt ig\u00e9nyes, viszonylag sz\u00e1razs\u00e1gt\u0171r\u0151, z\u00f6ldmunkaig\u00e9nye kicsi.<\/p>","protected":false},"featured_media":2441,"template":"","meta":{"_et_pb_use_builder":"","_et_pb_old_content":"","_et_gb_content_width":""},"product_brand":[],"product_cat":[823,3785],"product_tag":[833,3801,3800,825,3802],"class_list":{"0":"post-13120","1":"product","2":"type-product","3":"status-publish","4":"has-post-thumbnail","6":"product_cat-szolok","7":"product_cat-uj-termekek","8":"product_tag-afuz-ali","9":"product_tag-konteneres","10":"product_tag-konteneres-szolo-oltvanyok-afuz-ali","11":"product_tag-szolo","12":"product_tag-szolo-oltvanyok-afuz-ali","14":"first","15":"outofstock","16":"shipping-taxable","17":"purchasable","18":"product-type-simple"},"yoast_head":"<!-- This site is optimized with the Yoast SEO plugin v27.5 - https:\/\/yoast.com\/product\/yoast-seo-wordpress\/ -->\n<title>Kont\u00e9neres sz\u0151l\u0151 oltv\u00e1nyok Af\u00faz Ali\u00a0 - T\u00e1jkert\u00e9sz<\/title>\n<meta name=\"description\" content=\"A kont\u00e9neres sz\u0151l\u0151 oltv\u00e1nyok k\u00f6z\u00f6tt az Af\u00faz Ali b\u0151term\u0151, nagy j\u00f3l eltarthat\u00f3 \u00e9s sz\u00e1ll\u00edthat\u00f3 csemegesz\u0151l\u0151 fajta. \u00a0\" \/>\n<meta name=\"robots\" content=\"index, follow, max-snippet:-1, max-image-preview:large, max-video-preview:-1\" \/>\n<link rel=\"canonical\" href=\"https:\/\/tajkertesz.com\/en_US\/product\/konteneres-szolo-oltvanyok-afuz-ali\/\" \/>\n<meta property=\"og:locale\" content=\"en_US\" \/>\n<meta property=\"og:type\" content=\"article\" \/>\n<meta property=\"og:title\" content=\"Kont\u00e9neres sz\u0151l\u0151 oltv\u00e1nyok Af\u00faz Ali\u00a0 - T\u00e1jkert\u00e9sz\" \/>\n<meta property=\"og:description\" content=\"A kont\u00e9neres sz\u0151l\u0151 oltv\u00e1nyok k\u00f6z\u00f6tt az Af\u00faz Ali b\u0151term\u0151, nagy j\u00f3l eltarthat\u00f3 \u00e9s sz\u00e1ll\u00edthat\u00f3 csemegesz\u0151l\u0151 fajta. \u00a0\" \/>\n<meta property=\"og:url\" content=\"https:\/\/tajkertesz.com\/en_US\/product\/konteneres-szolo-oltvanyok-afuz-ali\/\" \/>\n<meta property=\"og:site_name\" content=\"T\u00e1jkert\u00e9sz\" \/>\n<meta property=\"article:publisher\" content=\"https:\/\/www.facebook.com\/Tajkertesz\/\" \/>\n<meta property=\"article:modified_time\" content=\"2024-05-28T14:01:16+00:00\" \/>\n<meta property=\"og:image\" content=\"https:\/\/tajkertesz.com\/wp-content\/uploads\/2020\/10\/afuz-ali.jpg\" \/>\n\t<meta property=\"og:image:width\" content=\"713\" \/>\n\t<meta property=\"og:image:height\" content=\"800\" \/>\n\t<meta property=\"og:image:type\" content=\"image\/jpeg\" \/>\n<meta name=\"twitter:card\" content=\"summary_large_image\" \/>\n<meta name=\"twitter:label1\" content=\"Est. reading time\" \/>\n\t<meta name=\"twitter:data1\" content=\"2 minutes\" \/>\n<script type=\"application\/ld+json\" class=\"yoast-schema-graph\">{\"@context\":\"https:\\\/\\\/schema.org\",\"@graph\":[{\"@type\":\"WebPage\",\"@id\":\"https:\\\/\\\/tajkertesz.com\\\/termek\\\/konteneres-szolo-oltvanyok-afuz-ali\\\/\",\"url\":\"https:\\\/\\\/tajkertesz.com\\\/termek\\\/konteneres-szolo-oltvanyok-afuz-ali\\\/\",\"name\":\"Kont\u00e9neres sz\u0151l\u0151 oltv\u00e1nyok Af\u00faz Ali\u00a0 - T\u00e1jkert\u00e9sz\",\"isPartOf\":{\"@id\":\"https:\\\/\\\/tajkertesz.com\\\/#website\"},\"primaryImageOfPage\":{\"@id\":\"https:\\\/\\\/tajkertesz.com\\\/termek\\\/konteneres-szolo-oltvanyok-afuz-ali\\\/#primaryimage\"},\"image\":{\"@id\":\"https:\\\/\\\/tajkertesz.com\\\/termek\\\/konteneres-szolo-oltvanyok-afuz-ali\\\/#primaryimage\"},\"thumbnailUrl\":\"https:\\\/\\\/tajkertesz.com\\\/wp-content\\\/uploads\\\/2020\\\/10\\\/afuz-ali.jpg\",\"datePublished\":\"2022-06-20T12:26:49+00:00\",\"dateModified\":\"2024-05-28T14:01:16+00:00\",\"description\":\"A kont\u00e9neres sz\u0151l\u0151 oltv\u00e1nyok k\u00f6z\u00f6tt az Af\u00faz Ali b\u0151term\u0151, nagy j\u00f3l eltarthat\u00f3 \u00e9s sz\u00e1ll\u00edthat\u00f3 csemegesz\u0151l\u0151 fajta. \u00a0\",\"breadcrumb\":{\"@id\":\"https:\\\/\\\/tajkertesz.com\\\/termek\\\/konteneres-szolo-oltvanyok-afuz-ali\\\/#breadcrumb\"},\"inLanguage\":\"en-US\",\"potentialAction\":[{\"@type\":\"ReadAction\",\"target\":[\"https:\\\/\\\/tajkertesz.com\\\/termek\\\/konteneres-szolo-oltvanyok-afuz-ali\\\/\"]}]},{\"@type\":\"ImageObject\",\"inLanguage\":\"en-US\",\"@id\":\"https:\\\/\\\/tajkertesz.com\\\/termek\\\/konteneres-szolo-oltvanyok-afuz-ali\\\/#primaryimage\",\"url\":\"https:\\\/\\\/tajkertesz.com\\\/wp-content\\\/uploads\\\/2020\\\/10\\\/afuz-ali.jpg\",\"contentUrl\":\"https:\\\/\\\/tajkertesz.com\\\/wp-content\\\/uploads\\\/2020\\\/10\\\/afuz-ali.jpg\",\"width\":713,\"height\":800,\"caption\":\"Szabadgy\u00f6ker\u0171 sz\u0151l\u0151 oltv\u00e1nyok Af\u00faz Ali\u00a0\"},{\"@type\":\"BreadcrumbList\",\"@id\":\"https:\\\/\\\/tajkertesz.com\\\/termek\\\/konteneres-szolo-oltvanyok-afuz-ali\\\/#breadcrumb\",\"itemListElement\":[{\"@type\":\"ListItem\",\"position\":1,\"name\":\"Home\",\"item\":\"https:\\\/\\\/tajkertesz.com\\\/\"},{\"@type\":\"ListItem\",\"position\":2,\"name\":\"Kezd\u0151lap\",\"item\":\"https:\\\/\\\/tajkertesz.com\\\/\"},{\"@type\":\"ListItem\",\"position\":3,\"name\":\"Kont\u00e9neres sz\u0151l\u0151 oltv\u00e1nyok Af\u00faz Ali\u00a0\"}]},{\"@type\":\"WebSite\",\"@id\":\"https:\\\/\\\/tajkertesz.com\\\/#website\",\"url\":\"https:\\\/\\\/tajkertesz.com\\\/\",\"name\":\"T\u00e1j-Kert\u00e9sz 84 Kft.\",\"description\":\"Kert\u00e9szeti kis- \u00e9s nagykeresked\u00e9s, D\u00edszn\u00f6v\u00e9ny web\u00e1ruh\u00e1z orsz\u00e1gos h\u00e1zhozsz\u00e1ll\u00edt\u00e1ssal!\",\"publisher\":{\"@id\":\"https:\\\/\\\/tajkertesz.com\\\/#organization\"},\"potentialAction\":[{\"@type\":\"SearchAction\",\"target\":{\"@type\":\"EntryPoint\",\"urlTemplate\":\"https:\\\/\\\/tajkertesz.com\\\/?s={search_term_string}\"},\"query-input\":{\"@type\":\"PropertyValueSpecification\",\"valueRequired\":true,\"valueName\":\"search_term_string\"}}],\"inLanguage\":\"en-US\"},{\"@type\":\"Organization\",\"@id\":\"https:\\\/\\\/tajkertesz.com\\\/#organization\",\"name\":\"T\u00e1j-Kert\u00e9sz 84 Kft.\",\"url\":\"https:\\\/\\\/tajkertesz.com\\\/\",\"logo\":{\"@type\":\"ImageObject\",\"inLanguage\":\"en-US\",\"@id\":\"https:\\\/\\\/tajkertesz.com\\\/#\\\/schema\\\/logo\\\/image\\\/\",\"url\":\"https:\\\/\\\/tajkertesz.com\\\/wp-content\\\/uploads\\\/2018\\\/02\\\/logo-2-e1518678052539.png\",\"contentUrl\":\"https:\\\/\\\/tajkertesz.com\\\/wp-content\\\/uploads\\\/2018\\\/02\\\/logo-2-e1518678052539.png\",\"width\":81,\"height\":140,\"caption\":\"T\u00e1j-Kert\u00e9sz 84 Kft.\"},\"image\":{\"@id\":\"https:\\\/\\\/tajkertesz.com\\\/#\\\/schema\\\/logo\\\/image\\\/\"},\"sameAs\":[\"https:\\\/\\\/www.facebook.com\\\/Tajkertesz\\\/\"]}]}<\/script>\n<!-- \/ Yoast SEO plugin. -->","yoast_head_json":{"title":"Kont\u00e9neres sz\u0151l\u0151 oltv\u00e1nyok Af\u00faz Ali\u00a0 - T\u00e1jkert\u00e9sz","description":"A kont\u00e9neres sz\u0151l\u0151 oltv\u00e1nyok k\u00f6z\u00f6tt az Af\u00faz Ali b\u0151term\u0151, nagy j\u00f3l eltarthat\u00f3 \u00e9s sz\u00e1ll\u00edthat\u00f3 csemegesz\u0151l\u0151 fajta. \u00a0","robots":{"index":"index","follow":"follow","max-snippet":"max-snippet:-1","max-image-preview":"max-image-preview:large","max-video-preview":"max-video-preview:-1"},"canonical":"https:\/\/tajkertesz.com\/en_US\/product\/konteneres-szolo-oltvanyok-afuz-ali\/","og_locale":"en_US","og_type":"article","og_title":"Kont\u00e9neres sz\u0151l\u0151 oltv\u00e1nyok Af\u00faz Ali\u00a0 - T\u00e1jkert\u00e9sz","og_description":"A kont\u00e9neres sz\u0151l\u0151 oltv\u00e1nyok k\u00f6z\u00f6tt az Af\u00faz Ali b\u0151term\u0151, nagy j\u00f3l eltarthat\u00f3 \u00e9s sz\u00e1ll\u00edthat\u00f3 csemegesz\u0151l\u0151 fajta. \u00a0","og_url":"https:\/\/tajkertesz.com\/en_US\/product\/konteneres-szolo-oltvanyok-afuz-ali\/","og_site_name":"T\u00e1jkert\u00e9sz","article_publisher":"https:\/\/www.facebook.com\/Tajkertesz\/","article_modified_time":"2024-05-28T14:01:16+00:00","og_image":[{"width":713,"height":800,"url":"https:\/\/tajkertesz.com\/wp-content\/uploads\/2020\/10\/afuz-ali.jpg","type":"image\/jpeg"}],"twitter_card":"summary_large_image","twitter_misc":{"Est. reading time":"2 minutes"},"schema":{"@context":"https:\/\/schema.org","@graph":[{"@type":"WebPage","@id":"https:\/\/tajkertesz.com\/termek\/konteneres-szolo-oltvanyok-afuz-ali\/","url":"https:\/\/tajkertesz.com\/termek\/konteneres-szolo-oltvanyok-afuz-ali\/","name":"Kont\u00e9neres sz\u0151l\u0151 oltv\u00e1nyok Af\u00faz Ali\u00a0 - T\u00e1jkert\u00e9sz","isPartOf":{"@id":"https:\/\/tajkertesz.com\/#website"},"primaryImageOfPage":{"@id":"https:\/\/tajkertesz.com\/termek\/konteneres-szolo-oltvanyok-afuz-ali\/#primaryimage"},"image":{"@id":"https:\/\/tajkertesz.com\/termek\/konteneres-szolo-oltvanyok-afuz-ali\/#primaryimage"},"thumbnailUrl":"https:\/\/tajkertesz.com\/wp-content\/uploads\/2020\/10\/afuz-ali.jpg","datePublished":"2022-06-20T12:26:49+00:00","dateModified":"2024-05-28T14:01:16+00:00","description":"A kont\u00e9neres sz\u0151l\u0151 oltv\u00e1nyok k\u00f6z\u00f6tt az Af\u00faz Ali b\u0151term\u0151, nagy j\u00f3l eltarthat\u00f3 \u00e9s sz\u00e1ll\u00edthat\u00f3 csemegesz\u0151l\u0151 fajta. \u00a0","breadcrumb":{"@id":"https:\/\/tajkertesz.com\/termek\/konteneres-szolo-oltvanyok-afuz-ali\/#breadcrumb"},"inLanguage":"en-US","potentialAction":[{"@type":"ReadAction","target":["https:\/\/tajkertesz.com\/termek\/konteneres-szolo-oltvanyok-afuz-ali\/"]}]},{"@type":"ImageObject","inLanguage":"en-US","@id":"https:\/\/tajkertesz.com\/termek\/konteneres-szolo-oltvanyok-afuz-ali\/#primaryimage","url":"https:\/\/tajkertesz.com\/wp-content\/uploads\/2020\/10\/afuz-ali.jpg","contentUrl":"https:\/\/tajkertesz.com\/wp-content\/uploads\/2020\/10\/afuz-ali.jpg","width":713,"height":800,"caption":"Szabadgy\u00f6ker\u0171 sz\u0151l\u0151 oltv\u00e1nyok Af\u00faz Ali\u00a0"},{"@type":"BreadcrumbList","@id":"https:\/\/tajkertesz.com\/termek\/konteneres-szolo-oltvanyok-afuz-ali\/#breadcrumb","itemListElement":[{"@type":"ListItem","position":1,"name":"Home","item":"https:\/\/tajkertesz.com\/"},{"@type":"ListItem","position":2,"name":"Kezd\u0151lap","item":"https:\/\/tajkertesz.com\/"},{"@type":"ListItem","position":3,"name":"Kont\u00e9neres sz\u0151l\u0151 oltv\u00e1nyok Af\u00faz Ali\u00a0"}]},{"@type":"WebSite","@id":"https:\/\/tajkertesz.com\/#website","url":"https:\/\/tajkertesz.com\/","name":"T\u00e1j-Kert\u00e9sz 84 Kft.","description":"Kert\u00e9szeti kis- \u00e9s nagykeresked\u00e9s, D\u00edszn\u00f6v\u00e9ny web\u00e1ruh\u00e1z orsz\u00e1gos h\u00e1zhozsz\u00e1ll\u00edt\u00e1ssal!","publisher":{"@id":"https:\/\/tajkertesz.com\/#organization"},"potentialAction":[{"@type":"SearchAction","target":{"@type":"EntryPoint","urlTemplate":"https:\/\/tajkertesz.com\/?s={search_term_string}"},"query-input":{"@type":"PropertyValueSpecification","valueRequired":true,"valueName":"search_term_string"}}],"inLanguage":"en-US"},{"@type":"Organization","@id":"https:\/\/tajkertesz.com\/#organization","name":"T\u00e1j-Kert\u00e9sz 84 Kft.","url":"https:\/\/tajkertesz.com\/","logo":{"@type":"ImageObject","inLanguage":"en-US","@id":"https:\/\/tajkertesz.com\/#\/schema\/logo\/image\/","url":"https:\/\/tajkertesz.com\/wp-content\/uploads\/2018\/02\/logo-2-e1518678052539.png","contentUrl":"https:\/\/tajkertesz.com\/wp-content\/uploads\/2018\/02\/logo-2-e1518678052539.png","width":81,"height":140,"caption":"T\u00e1j-Kert\u00e9sz 84 Kft."},"image":{"@id":"https:\/\/tajkertesz.com\/#\/schema\/logo\/image\/"},"sameAs":["https:\/\/www.facebook.com\/Tajkertesz\/"]}]}},"_links":{"self":[{"href":"https:\/\/tajkertesz.com\/en_US\/wp-json\/wp\/v2\/product\/13120","targetHints":{"allow":["GET"]}}],"collection":[{"href":"https:\/\/tajkertesz.com\/en_US\/wp-json\/wp\/v2\/product"}],"about":[{"href":"https:\/\/tajkertesz.com\/en_US\/wp-json\/wp\/v2\/types\/product"}],"wp:featuredmedia":[{"embeddable":true,"href":"https:\/\/tajkertesz.com\/en_US\/wp-json\/wp\/v2\/media\/2441"}],"wp:attachment":[{"href":"https:\/\/tajkertesz.com\/en_US\/wp-json\/wp\/v2\/media?parent=13120"}],"wp:term":[{"taxonomy":"product_brand","embeddable":true,"href":"https:\/\/tajkertesz.com\/en_US\/wp-json\/wp\/v2\/product_brand?post=13120"},{"taxonomy":"product_cat","embeddable":true,"href":"https:\/\/tajkertesz.com\/en_US\/wp-json\/wp\/v2\/product_cat?post=13120"},{"taxonomy":"product_tag","embeddable":true,"href":"https:\/\/tajkertesz.com\/en_US\/wp-json\/wp\/v2\/product_tag?post=13120"}],"curies":[{"name":"wp","href":"https:\/\/api.w.org\/{rel}","templated":true}]}}