{"id":1317,"date":"2020-03-23T09:26:52","date_gmt":"2020-03-23T09:26:52","guid":{"rendered":"https:\/\/tajkertesz.com\/?post_type=product&#038;p=1317"},"modified":"2025-10-16T11:16:41","modified_gmt":"2025-10-16T11:16:41","slug":"hibiscus-syriacus-diana-malyvacserje","status":"publish","type":"product","link":"https:\/\/tajkertesz.com\/en_US\/product\/hibiscus-syriacus-diana-malyvacserje\/","title":{"rendered":"Hibiscus syriacus \u2019Diana\u2019 , M\u00e1lyvacserje"},"content":{"rendered":"<p>Hibiscus syriacus \u2019Diana\u2019 , M\u00e1lyvacserje , szimpla feh\u00e9r vir\u00e1g\u00fa<\/p>\n<p>A Hibiscus syriacus \u2019Diana\u2019 , M\u00e1lyvacserje , szimpla feh\u00e9r vir\u00e1g\u00fa\u00a0 2-3 m magas, fel\u00e1ll\u00f3 \u00e1g\u00fa cserje. A legnagyobb \u00e9s legszebb sz\u00edn\u0171 kerti m\u00e1lyvacserje.<\/p>\n<p>Vir\u00e1gai j\u00faliust\u00f3l szeptemberig ny\u00edlnak. Szoliterk\u00e9nt , ny\u00edrt \u00e9s ny\u00edratlan s\u00f6v\u00e9nynek is t\u00f6k\u00e9letes. \u00c9rdekes sz\u00ednfoltja lehet kert\u00fcnknek ,mert akkor vir\u00e1gzik amikor m\u00e1r minden m\u00e1s cserje elvir\u00e1gzott.<\/p>\n<p>Ig\u00e9nytelen, sz\u00e1raz, napos helyet kedvel\u0151 d\u00edszcserje.<\/p>\n<p style=\"line-height: 18.0pt; background: white; margin: 0cm 0cm 15.0pt 0cm;\"><span style=\"font-family: 'Ubuntu',serif; color: black;\">El\u00e9rhet\u0151 t\u00f6bbf\u00e9le m\u00e9retben \u00e9s \u00e1rban.<\/span><\/p>\n<p style=\"line-height: 18.0pt; background: white; margin: 0cm 0cm 15.0pt 0cm;\"><b><span style=\"font-family: 'Ubuntu',serif; color: black;\">K\u00e9szlet\u00fcnk napi szinten v\u00e1ltozik, ez\u00e9rt k\u00e9rj\u00fck, \u00e9rdekl\u0151dj\u00f6n szem\u00e9lyesen, telefonon vagy email-en.<br \/>\nA v\u00e1ltoztat\u00e1s jog\u00e1t fenntartjuk!\u00a0<\/span><\/b><\/p>\n<p><a href=\"https:\/\/tajkertesz.com\/\">https:\/\/tajkertesz.com\/<\/a><\/p>\n<p><a href=\"https:\/\/hu.wikipedia.org\/wiki\/Hibiszkusz\">https:\/\/hu.wikipedia.org\/wiki\/Hibiszkusz<\/a><\/p>\n<p><span style=\"color: #ffffff;\"><strong>Eredetileg `Blue Bird` n\u00e9ven ker\u00fclt piacra, de m\u00e1ra `Oiseau Bleu` a hivatalos fajtan\u00e9v. A legnagyobb \u00e9s legszebb \u00e1rnyalat\u00fa k\u00e9k vir\u00e1g\u00fa m\u00e1lyvacserje, melynek sziromlevelei ibolyak\u00e9k sz\u00edn\u0171ek a k\u00f6zepe fel\u00e9 haladva a k\u00e9knek egyre s\u00f6t\u00e9tebb \u00e1rnyalataival, a porz\u00f3 k\u00f6r\u00fcl pedig egy feh\u00e9r s\u00e1v tal\u00e1lhat\u00f3. A Royal Horticultural Society egy komoly d\u00edjat is adott a fajt\u00e1nak.<\/strong>\u00a0<\/span><\/p>\n<p><span style=\"color: #ffffff;\"><strong>Thomas Jefferson (1801-1809-ig az USA eln\u00f6ke) nagy kedvel\u0151je volt a m\u00e1lyvacserj\u00e9knek \u00e9s a h\u00e1z\u00e1nak a kertj\u00e9ben sok fajta volt megtal\u00e1lhat\u00f3. Tal\u00e1n miatta is a Viktori\u00e1nus korabeli Amerika egyik legkedveltebb d\u00edszn\u00f6v\u00e9nye volt eg\u00e9szen a m\u00e1sodik vil\u00e1gh\u00e1bor\u00faig.<\/strong><\/span><\/p>\n<p><span style=\"color: #ffffff;\"><strong>Eredeti, term\u00e9szetes \u00e9l\u0151helye Kore\u00e1ban, K\u00edn\u00e1ban \u00e9s \u00c9szakkelt-Indi\u00e1ban tal\u00e1lhat\u00f3, de egy id\u0151ben t\u00e9vesen azt hitt\u00e9k, hogy a K\u00f6zel-Keletr\u0151l sz\u00e1rmazik, innen a fajneve, a syriacus.<\/strong><\/span><\/p>\n<p><span style=\"color: #ffffff;\"><strong>D\u00e9l-Korea nemzeti vir\u00e1ga!<\/strong><\/span><\/p>\n<p><span style=\"color: #ffffff;\"><strong>N\u00e9pszer\u0171s\u00e9ge egy ideig cs\u00f6kken\u0151ben volt, de csod\u00e1latos vir\u00e1g\u00fa \u00fajabb fajt\u00e1inak megjelen\u00e9s\u00e9vel ism\u00e9t h\u00f3d\u00edt! Nagyon k\u00f6nnyen nevelhet\u0151, edzett, ellen\u00e1ll\u00f3, ny\u00e1ron hosszan \u00e9s l\u00e1tv\u00e1nyosan vir\u00e1gz\u00f3 cserje, mely ny\u00edrott, vagy ny\u00edratlan s\u00f6v\u00e9nyek l\u00e9tes\u00edt\u00e9s\u00e9re is kiv\u00e1l\u00f3!<\/strong><\/span><\/p>\n<p>&nbsp;<\/p>\n<p>&nbsp;<\/p>","protected":false},"excerpt":{"rendered":"<p>A Hibiscus syriacus \u2019Diana\u2019 , M\u00e1lyvacserje , szimpla feh\u00e9r vir\u00e1g\u00fa\u00a0 2-3 m magas, fel\u00e1ll\u00f3 \u00e1g\u00fa cserje. A legnagyobb \u00e9s legszebb sz\u00edn\u0171 kerti m\u00e1lyvacserje.<\/p>\n<p>Vir\u00e1gai j\u00faliust\u00f3l szeptemberig ny\u00edlnak. Szoliterk\u00e9nt , ny\u00edrt \u00e9s ny\u00edratlan s\u00f6v\u00e9nynek is t\u00f6k\u00e9letes. \u00c9rdekes sz\u00ednfoltja lehet kert\u00fcnknek ,mert akkor vir\u00e1gzik amikor m\u00e1r minden m\u00e1s cserje elvir\u00e1gzott.<\/p>\n<p>Ig\u00e9nytelen, sz\u00e1raz, napos helyet kedvel\u0151 d\u00edszcserje.<\/p>","protected":false},"featured_media":1321,"template":"","meta":{"_et_pb_use_builder":"","_et_pb_old_content":"","_et_gb_content_width":""},"product_brand":[],"product_cat":[27],"product_tag":[303,301,304],"class_list":{"0":"post-1317","1":"product","2":"type-product","3":"status-publish","4":"has-post-thumbnail","6":"product_cat-cserjek","7":"product_tag-hibiscus-syriacus-diana","8":"product_tag-malyvacserje","9":"product_tag-szimpla-feher-viragu","11":"first","12":"outofstock","13":"shipping-taxable","14":"product-type-simple"},"yoast_head":"<!-- This site is optimized with the Yoast SEO plugin v27.3 - https:\/\/yoast.com\/product\/yoast-seo-wordpress\/ -->\n<title>Hibiscus syriacus \u2019Diana\u2019 , M\u00e1lyvacserje - T\u00e1jkert\u00e9sz<\/title>\n<meta name=\"description\" content=\"A Hibiscus syriacus \u2019Diana\u2019 , M\u00e1lyvacserje , szimpla feh\u00e9r vir\u00e1g\u00fa\u00a0 2-3 m magas, fel\u00e1ll\u00f3 \u00e1g\u00fa cserje. A legnagyobb \u00e9s legszebb sz\u00edn\u0171 kerti m\u00e1lyvacserje.\" \/>\n<meta name=\"robots\" content=\"index, follow, max-snippet:-1, max-image-preview:large, max-video-preview:-1\" \/>\n<link rel=\"canonical\" href=\"https:\/\/tajkertesz.com\/en_US\/product\/hibiscus-syriacus-diana-malyvacserje\/\" \/>\n<meta property=\"og:locale\" content=\"en_US\" \/>\n<meta property=\"og:type\" content=\"article\" \/>\n<meta property=\"og:title\" content=\"Hibiscus syriacus \u2019Diana\u2019 , M\u00e1lyvacserje - T\u00e1jkert\u00e9sz\" \/>\n<meta property=\"og:description\" content=\"A Hibiscus syriacus \u2019Diana\u2019 , M\u00e1lyvacserje , szimpla feh\u00e9r vir\u00e1g\u00fa\u00a0 2-3 m magas, fel\u00e1ll\u00f3 \u00e1g\u00fa cserje. A legnagyobb \u00e9s legszebb sz\u00edn\u0171 kerti m\u00e1lyvacserje.\" \/>\n<meta property=\"og:url\" content=\"https:\/\/tajkertesz.com\/en_US\/product\/hibiscus-syriacus-diana-malyvacserje\/\" \/>\n<meta property=\"og:site_name\" content=\"T\u00e1jkert\u00e9sz\" \/>\n<meta property=\"article:publisher\" content=\"https:\/\/www.facebook.com\/Tajkertesz\/\" \/>\n<meta property=\"article:modified_time\" content=\"2025-10-16T11:16:41+00:00\" \/>\n<meta property=\"og:image\" content=\"https:\/\/tajkertesz.com\/wp-content\/uploads\/2020\/03\/Hibiscus-Diana.jpg\" \/>\n\t<meta property=\"og:image:width\" content=\"694\" \/>\n\t<meta property=\"og:image:height\" content=\"520\" \/>\n\t<meta property=\"og:image:type\" content=\"image\/jpeg\" \/>\n<meta name=\"twitter:card\" content=\"summary_large_image\" \/>\n<meta name=\"twitter:label1\" content=\"Est. reading time\" \/>\n\t<meta name=\"twitter:data1\" content=\"2 minutes\" \/>\n<script type=\"application\/ld+json\" class=\"yoast-schema-graph\">{\"@context\":\"https:\\\/\\\/schema.org\",\"@graph\":[{\"@type\":\"WebPage\",\"@id\":\"https:\\\/\\\/tajkertesz.com\\\/termek\\\/hibiscus-syriacus-diana-malyvacserje\\\/\",\"url\":\"https:\\\/\\\/tajkertesz.com\\\/termek\\\/hibiscus-syriacus-diana-malyvacserje\\\/\",\"name\":\"Hibiscus syriacus \u2019Diana\u2019 , M\u00e1lyvacserje - T\u00e1jkert\u00e9sz\",\"isPartOf\":{\"@id\":\"https:\\\/\\\/tajkertesz.com\\\/#website\"},\"primaryImageOfPage\":{\"@id\":\"https:\\\/\\\/tajkertesz.com\\\/termek\\\/hibiscus-syriacus-diana-malyvacserje\\\/#primaryimage\"},\"image\":{\"@id\":\"https:\\\/\\\/tajkertesz.com\\\/termek\\\/hibiscus-syriacus-diana-malyvacserje\\\/#primaryimage\"},\"thumbnailUrl\":\"https:\\\/\\\/tajkertesz.com\\\/wp-content\\\/uploads\\\/2020\\\/03\\\/Hibiscus-Diana.jpg\",\"datePublished\":\"2020-03-23T09:26:52+00:00\",\"dateModified\":\"2025-10-16T11:16:41+00:00\",\"description\":\"A Hibiscus syriacus \u2019Diana\u2019 , M\u00e1lyvacserje , szimpla feh\u00e9r vir\u00e1g\u00fa\u00a0 2-3 m magas, fel\u00e1ll\u00f3 \u00e1g\u00fa cserje. A legnagyobb \u00e9s legszebb sz\u00edn\u0171 kerti m\u00e1lyvacserje.\",\"breadcrumb\":{\"@id\":\"https:\\\/\\\/tajkertesz.com\\\/termek\\\/hibiscus-syriacus-diana-malyvacserje\\\/#breadcrumb\"},\"inLanguage\":\"en-US\",\"potentialAction\":[{\"@type\":\"ReadAction\",\"target\":[\"https:\\\/\\\/tajkertesz.com\\\/termek\\\/hibiscus-syriacus-diana-malyvacserje\\\/\"]}]},{\"@type\":\"ImageObject\",\"inLanguage\":\"en-US\",\"@id\":\"https:\\\/\\\/tajkertesz.com\\\/termek\\\/hibiscus-syriacus-diana-malyvacserje\\\/#primaryimage\",\"url\":\"https:\\\/\\\/tajkertesz.com\\\/wp-content\\\/uploads\\\/2020\\\/03\\\/Hibiscus-Diana.jpg\",\"contentUrl\":\"https:\\\/\\\/tajkertesz.com\\\/wp-content\\\/uploads\\\/2020\\\/03\\\/Hibiscus-Diana.jpg\",\"width\":694,\"height\":520},{\"@type\":\"BreadcrumbList\",\"@id\":\"https:\\\/\\\/tajkertesz.com\\\/termek\\\/hibiscus-syriacus-diana-malyvacserje\\\/#breadcrumb\",\"itemListElement\":[{\"@type\":\"ListItem\",\"position\":1,\"name\":\"Home\",\"item\":\"https:\\\/\\\/tajkertesz.com\\\/\"},{\"@type\":\"ListItem\",\"position\":2,\"name\":\"Kezd\u0151lap\",\"item\":\"https:\\\/\\\/tajkertesz.com\\\/\"},{\"@type\":\"ListItem\",\"position\":3,\"name\":\"Hibiscus syriacus \u2019Diana\u2019 , M\u00e1lyvacserje\"}]},{\"@type\":\"WebSite\",\"@id\":\"https:\\\/\\\/tajkertesz.com\\\/#website\",\"url\":\"https:\\\/\\\/tajkertesz.com\\\/\",\"name\":\"T\u00e1j-Kert\u00e9sz 84 Kft.\",\"description\":\"Kert\u00e9szeti kis- \u00e9s nagykeresked\u00e9s, D\u00edszn\u00f6v\u00e9ny web\u00e1ruh\u00e1z orsz\u00e1gos h\u00e1zhozsz\u00e1ll\u00edt\u00e1ssal!\",\"publisher\":{\"@id\":\"https:\\\/\\\/tajkertesz.com\\\/#organization\"},\"potentialAction\":[{\"@type\":\"SearchAction\",\"target\":{\"@type\":\"EntryPoint\",\"urlTemplate\":\"https:\\\/\\\/tajkertesz.com\\\/?s={search_term_string}\"},\"query-input\":{\"@type\":\"PropertyValueSpecification\",\"valueRequired\":true,\"valueName\":\"search_term_string\"}}],\"inLanguage\":\"en-US\"},{\"@type\":\"Organization\",\"@id\":\"https:\\\/\\\/tajkertesz.com\\\/#organization\",\"name\":\"T\u00e1j-Kert\u00e9sz 84 Kft.\",\"url\":\"https:\\\/\\\/tajkertesz.com\\\/\",\"logo\":{\"@type\":\"ImageObject\",\"inLanguage\":\"en-US\",\"@id\":\"https:\\\/\\\/tajkertesz.com\\\/#\\\/schema\\\/logo\\\/image\\\/\",\"url\":\"https:\\\/\\\/tajkertesz.com\\\/wp-content\\\/uploads\\\/2018\\\/02\\\/logo-2-e1518678052539.png\",\"contentUrl\":\"https:\\\/\\\/tajkertesz.com\\\/wp-content\\\/uploads\\\/2018\\\/02\\\/logo-2-e1518678052539.png\",\"width\":81,\"height\":140,\"caption\":\"T\u00e1j-Kert\u00e9sz 84 Kft.\"},\"image\":{\"@id\":\"https:\\\/\\\/tajkertesz.com\\\/#\\\/schema\\\/logo\\\/image\\\/\"},\"sameAs\":[\"https:\\\/\\\/www.facebook.com\\\/Tajkertesz\\\/\"]}]}<\/script>\n<!-- \/ Yoast SEO plugin. -->","yoast_head_json":{"title":"Hibiscus syriacus \u2019Diana\u2019 , M\u00e1lyvacserje - T\u00e1jkert\u00e9sz","description":"A Hibiscus syriacus \u2019Diana\u2019 , M\u00e1lyvacserje , szimpla feh\u00e9r vir\u00e1g\u00fa\u00a0 2-3 m magas, fel\u00e1ll\u00f3 \u00e1g\u00fa cserje. A legnagyobb \u00e9s legszebb sz\u00edn\u0171 kerti m\u00e1lyvacserje.","robots":{"index":"index","follow":"follow","max-snippet":"max-snippet:-1","max-image-preview":"max-image-preview:large","max-video-preview":"max-video-preview:-1"},"canonical":"https:\/\/tajkertesz.com\/en_US\/product\/hibiscus-syriacus-diana-malyvacserje\/","og_locale":"en_US","og_type":"article","og_title":"Hibiscus syriacus \u2019Diana\u2019 , M\u00e1lyvacserje - T\u00e1jkert\u00e9sz","og_description":"A Hibiscus syriacus \u2019Diana\u2019 , M\u00e1lyvacserje , szimpla feh\u00e9r vir\u00e1g\u00fa\u00a0 2-3 m magas, fel\u00e1ll\u00f3 \u00e1g\u00fa cserje. A legnagyobb \u00e9s legszebb sz\u00edn\u0171 kerti m\u00e1lyvacserje.","og_url":"https:\/\/tajkertesz.com\/en_US\/product\/hibiscus-syriacus-diana-malyvacserje\/","og_site_name":"T\u00e1jkert\u00e9sz","article_publisher":"https:\/\/www.facebook.com\/Tajkertesz\/","article_modified_time":"2025-10-16T11:16:41+00:00","og_image":[{"width":694,"height":520,"url":"https:\/\/tajkertesz.com\/wp-content\/uploads\/2020\/03\/Hibiscus-Diana.jpg","type":"image\/jpeg"}],"twitter_card":"summary_large_image","twitter_misc":{"Est. reading time":"2 minutes"},"schema":{"@context":"https:\/\/schema.org","@graph":[{"@type":"WebPage","@id":"https:\/\/tajkertesz.com\/termek\/hibiscus-syriacus-diana-malyvacserje\/","url":"https:\/\/tajkertesz.com\/termek\/hibiscus-syriacus-diana-malyvacserje\/","name":"Hibiscus syriacus \u2019Diana\u2019 , M\u00e1lyvacserje - T\u00e1jkert\u00e9sz","isPartOf":{"@id":"https:\/\/tajkertesz.com\/#website"},"primaryImageOfPage":{"@id":"https:\/\/tajkertesz.com\/termek\/hibiscus-syriacus-diana-malyvacserje\/#primaryimage"},"image":{"@id":"https:\/\/tajkertesz.com\/termek\/hibiscus-syriacus-diana-malyvacserje\/#primaryimage"},"thumbnailUrl":"https:\/\/tajkertesz.com\/wp-content\/uploads\/2020\/03\/Hibiscus-Diana.jpg","datePublished":"2020-03-23T09:26:52+00:00","dateModified":"2025-10-16T11:16:41+00:00","description":"A Hibiscus syriacus \u2019Diana\u2019 , M\u00e1lyvacserje , szimpla feh\u00e9r vir\u00e1g\u00fa\u00a0 2-3 m magas, fel\u00e1ll\u00f3 \u00e1g\u00fa cserje. A legnagyobb \u00e9s legszebb sz\u00edn\u0171 kerti m\u00e1lyvacserje.","breadcrumb":{"@id":"https:\/\/tajkertesz.com\/termek\/hibiscus-syriacus-diana-malyvacserje\/#breadcrumb"},"inLanguage":"en-US","potentialAction":[{"@type":"ReadAction","target":["https:\/\/tajkertesz.com\/termek\/hibiscus-syriacus-diana-malyvacserje\/"]}]},{"@type":"ImageObject","inLanguage":"en-US","@id":"https:\/\/tajkertesz.com\/termek\/hibiscus-syriacus-diana-malyvacserje\/#primaryimage","url":"https:\/\/tajkertesz.com\/wp-content\/uploads\/2020\/03\/Hibiscus-Diana.jpg","contentUrl":"https:\/\/tajkertesz.com\/wp-content\/uploads\/2020\/03\/Hibiscus-Diana.jpg","width":694,"height":520},{"@type":"BreadcrumbList","@id":"https:\/\/tajkertesz.com\/termek\/hibiscus-syriacus-diana-malyvacserje\/#breadcrumb","itemListElement":[{"@type":"ListItem","position":1,"name":"Home","item":"https:\/\/tajkertesz.com\/"},{"@type":"ListItem","position":2,"name":"Kezd\u0151lap","item":"https:\/\/tajkertesz.com\/"},{"@type":"ListItem","position":3,"name":"Hibiscus syriacus \u2019Diana\u2019 , M\u00e1lyvacserje"}]},{"@type":"WebSite","@id":"https:\/\/tajkertesz.com\/#website","url":"https:\/\/tajkertesz.com\/","name":"T\u00e1j-Kert\u00e9sz 84 Kft.","description":"Kert\u00e9szeti kis- \u00e9s nagykeresked\u00e9s, D\u00edszn\u00f6v\u00e9ny web\u00e1ruh\u00e1z orsz\u00e1gos h\u00e1zhozsz\u00e1ll\u00edt\u00e1ssal!","publisher":{"@id":"https:\/\/tajkertesz.com\/#organization"},"potentialAction":[{"@type":"SearchAction","target":{"@type":"EntryPoint","urlTemplate":"https:\/\/tajkertesz.com\/?s={search_term_string}"},"query-input":{"@type":"PropertyValueSpecification","valueRequired":true,"valueName":"search_term_string"}}],"inLanguage":"en-US"},{"@type":"Organization","@id":"https:\/\/tajkertesz.com\/#organization","name":"T\u00e1j-Kert\u00e9sz 84 Kft.","url":"https:\/\/tajkertesz.com\/","logo":{"@type":"ImageObject","inLanguage":"en-US","@id":"https:\/\/tajkertesz.com\/#\/schema\/logo\/image\/","url":"https:\/\/tajkertesz.com\/wp-content\/uploads\/2018\/02\/logo-2-e1518678052539.png","contentUrl":"https:\/\/tajkertesz.com\/wp-content\/uploads\/2018\/02\/logo-2-e1518678052539.png","width":81,"height":140,"caption":"T\u00e1j-Kert\u00e9sz 84 Kft."},"image":{"@id":"https:\/\/tajkertesz.com\/#\/schema\/logo\/image\/"},"sameAs":["https:\/\/www.facebook.com\/Tajkertesz\/"]}]}},"_links":{"self":[{"href":"https:\/\/tajkertesz.com\/en_US\/wp-json\/wp\/v2\/product\/1317","targetHints":{"allow":["GET"]}}],"collection":[{"href":"https:\/\/tajkertesz.com\/en_US\/wp-json\/wp\/v2\/product"}],"about":[{"href":"https:\/\/tajkertesz.com\/en_US\/wp-json\/wp\/v2\/types\/product"}],"wp:featuredmedia":[{"embeddable":true,"href":"https:\/\/tajkertesz.com\/en_US\/wp-json\/wp\/v2\/media\/1321"}],"wp:attachment":[{"href":"https:\/\/tajkertesz.com\/en_US\/wp-json\/wp\/v2\/media?parent=1317"}],"wp:term":[{"taxonomy":"product_brand","embeddable":true,"href":"https:\/\/tajkertesz.com\/en_US\/wp-json\/wp\/v2\/product_brand?post=1317"},{"taxonomy":"product_cat","embeddable":true,"href":"https:\/\/tajkertesz.com\/en_US\/wp-json\/wp\/v2\/product_cat?post=1317"},{"taxonomy":"product_tag","embeddable":true,"href":"https:\/\/tajkertesz.com\/en_US\/wp-json\/wp\/v2\/product_tag?post=1317"}],"curies":[{"name":"wp","href":"https:\/\/api.w.org\/{rel}","templated":true}]}}