{"id":13370,"date":"2022-08-22T13:40:11","date_gmt":"2022-08-22T13:40:11","guid":{"rendered":"https:\/\/tajkertesz.com\/?post_type=product&#038;p=13370"},"modified":"2025-05-15T14:45:33","modified_gmt":"2025-05-15T14:45:33","slug":"border-flexi","status":"publish","type":"product","link":"https:\/\/tajkertesz.com\/en_US\/product\/border-flexi\/","title":{"rendered":"Nortene Border Flexi 45 m\u0171anyag \u00e1gy\u00e1sszeg\u00e9ly"},"content":{"rendered":"<p>Nortene Border Flexi 45 m\u0171anyag \u00e1gy\u00e1sszeg\u00e9ly, gyepszeg\u00e9ly<\/p>\n<p>A\u00a0 Nortene Border Flexi 45 m\u0171anyag \u00e1gy\u00e1sszeg\u00e9ly, gyepszeg\u00e9ly egy extra rugalmas \u00e1gy\u00e1sszeg\u00e9ly, mellyel k\u00f6nnyebb kialak\u00edtani\u00a0 a k\u00edv\u00e1nt \u00edveket \u00e9s k\u00f6r\u00f6ket.<\/p>\n<p>Igen rugalmas \u00e9s\u00a0 k\u00f6nnyen\u00a0 telep\u00edthet\u0151 nem ig\u00e9nyel szaktud\u00e1st sem.<\/p>\n<p>Felhaszn\u00e1lhat\u00f3 kert\u00e9p\u00edt\u00e9skor, illetve ut\u00f3lagos tereprendez\u00e9skor is is.<\/p>\n<p>A szeg\u00e9ly 100 cm hossz\u00fa, 8 cm sz\u00e9les \u00e9s 4.5 cm magas, metsz\u0151oll\u00f3 seg\u00edts\u00e9g\u00e9vel k\u00f6nnyen v\u00e1ghat\u00f3, alak\u00edthat\u00f3 az el\u0151re kialak\u00edtott elv\u00e9kony\u00edtott r\u00e9szeken.<\/p>\n<p>A r\u00f6gz\u00edt\u00e9s\u00fckh\u00f6z a web\u00e1ruh\u00e1zunkban szint\u00e9n megtal\u00e1lhat\u00f3 lesz\u00far\u00f3t\u00fcsk\u00e9k sz\u00fcks\u00e9gesek.<\/p>\n<p>1 m\u00e9ter egyenes szeg\u00e9ly lerak\u00e1sa eset\u00e9n 2-3 t\u00fcske, \u00edves illetve kerek forma eset\u00e9n 4-6\u00a0 darab lesz\u00far\u00f3 sz\u00fcks\u00e9ges m\u00e9terenk\u00e9nt.<\/p>\n<p>Kiv\u00e1l\u00f3 min\u0151s\u00e9g\u0171 100%-ban \u00fajrahasznos\u00edtott m\u0171anyagb\u00f3l k\u00e9sz\u00fclt melynek anyaga\u00a0 HDPE . Sz\u00edne pedig fekete \u00e9s nem utols\u00f3 sorban\u00a0 UV \u00e1ll\u00f3!!!<\/p>\n<p>&nbsp;<\/p>\n<p>&nbsp;<\/p>\n<p>El\u00e9rhet\u0151 t\u00f6bbf\u00e9le m\u00e9retben \u00e9s \u00e1rban.<\/p>\n<p><strong>K\u00e9szlet\u00fcnk napi szinten v\u00e1ltozik, ez\u00e9rt k\u00e9rj\u00fck, \u00e9rdekl\u0151dj\u00f6n szem\u00e9lyesen, telefonon vagy email-en.<br \/>\nA v\u00e1ltoztat\u00e1s jog\u00e1t fenntartjuk!\u00a0<\/strong><\/p>\n<p>&nbsp;<\/p>\n<p><a href=\"https:\/\/tajkertesz.com\/\">https:\/\/tajkertesz.com\/<\/a><\/p>\n<p><a href=\"https:\/\/www.facebook.com\/tajkertesz\/\">https:\/\/www.facebook.com\/tajkertesz\/<\/a><\/p>\n<p>Kisz\u00e1ll\u00edt\u00e1s: 200 cm \u00e9s 40 kg is a sz\u00e1ll\u00edt\u00e1s fut\u00e1rszolg\u00e1lattal \u00a0t\u00f6rt\u00e9nik.<\/p>\n<p>Szem\u00e9lyes \u00e1tv\u00e9tel nyitvatart\u00e1si id\u0151ben a\u00a0 17. ker\u00fclet Bakancsos utca 7. sz\u00e1m alatti Kert\u00e9szeti \u00e1rud\u00e1ban.<\/p>\n<h6><span style=\"color: #ffffff;\">A\u00a0 Nortene Border Flexi 45 m\u0171anyag \u00e1gy\u00e1sszeg\u00e9ly, gyepszeg\u00e9ly egy extra rugalmas \u00e1gy\u00e1sszeg\u00e9ly, mellyel k\u00f6nnyebb kialak\u00edtani\u00a0 a k\u00edv\u00e1nt \u00edveket \u00e9s k\u00f6r\u00f6ket.\u00a0\u00a0Igen rugalmas \u00e9s\u00a0 k\u00f6nnyen\u00a0 telep\u00edthet\u0151 nem ig\u00e9nyel szaktud\u00e1st sem.\u00a0Felhaszn\u00e1lhat\u00f3 kert\u00e9p\u00edt\u00e9skor, illetve ut\u00f3lagos tereprendez\u00e9skor is is.\u00a0\u00a0A szeg\u00e9ly 100 cm hossz\u00fa, 8 cm sz\u00e9les \u00e9s 4.5 cm magas, metsz\u0151oll\u00f3 seg\u00edts\u00e9g\u00e9vel k\u00f6nnyen v\u00e1ghat\u00f3, alak\u00edthat\u00f3 az el\u0151re kialak\u00edtott elv\u00e9kony\u00edtott r\u00e9szeken.\u00a0A r\u00f6gz\u00edt\u00e9s\u00fckh\u00f6z a web\u00e1ruh\u00e1zunkban szint\u00e9n megtal\u00e1lhat\u00f3 lesz\u00far\u00f3t\u00fcsk\u00e9k sz\u00fcks\u00e9gesek.\u00a01 m\u00e9ter egyenes szeg\u00e9ly lerak\u00e1sa eset\u00e9n 2-3 t\u00fcske, \u00edves illetve kerek forma eset\u00e9n 4-6\u00a0 darab lesz\u00far\u00f3 sz\u00fcks\u00e9ges m\u00e9terenk\u00e9nt.\u00a0Kiv\u00e1l\u00f3 min\u0151s\u00e9g\u0171 100%-ban \u00fajrahasznos\u00edtott m\u0171anyagb\u00f3l k\u00e9sz\u00fclt melynek anyaga\u00a0 HDPE . Sz\u00edne pedig fekete \u00e9s nem utols\u00f3 sorban\u00a0 UV \u00e1ll\u00f3!!!<\/span><\/h6>\n<p>&nbsp;<\/p>","protected":false},"excerpt":{"rendered":"<p>A\u00a0 Nortene Border Flexi 45 m\u0171anyag \u00e1gy\u00e1sszeg\u00e9ly, gyepszeg\u00e9ly egy extra rugalmas \u00e1gy\u00e1sszeg\u00e9ly, mellyel k\u00f6nnyebb kialak\u00edtani\u00a0 a k\u00edv\u00e1nt \u00edveket \u00e9s k\u00f6r\u00f6ket.<\/p>\n<p>Igen rugalmas \u00e9s\u00a0 k\u00f6nnyen\u00a0 telep\u00edthet\u0151 nem ig\u00e9nyel szaktud\u00e1st sem.<\/p>\n<p>Felhaszn\u00e1lhat\u00f3 kert\u00e9p\u00edt\u00e9skor, illetve ut\u00f3lagos tereprendez\u00e9skor is is.<\/p>\n<p>A szeg\u00e9ly 100 cm hossz\u00fa, 8 cm sz\u00e9les \u00e9s 4.5 cm magas, metsz\u0151oll\u00f3 seg\u00edts\u00e9g\u00e9vel k\u00f6nnyen v\u00e1ghat\u00f3, alak\u00edthat\u00f3 az el\u0151re kialak\u00edtott elv\u00e9kony\u00edtott r\u00e9szeken.<\/p>\n<p>A r\u00f6gz\u00edt\u00e9s\u00fckh\u00f6z a web\u00e1ruh\u00e1zunkban szint\u00e9n megtal\u00e1lhat\u00f3 lesz\u00far\u00f3t\u00fcsk\u00e9k sz\u00fcks\u00e9gesek.<\/p>\n<p>1 m\u00e9ter egyenes szeg\u00e9ly lerak\u00e1sa eset\u00e9n 2-3 t\u00fcske, \u00edves illetve kerek forma eset\u00e9n 4-6\u00a0 darab lesz\u00far\u00f3 sz\u00fcks\u00e9ges m\u00e9terenk\u00e9nt.<\/p>\n<p>Kiv\u00e1l\u00f3 min\u0151s\u00e9g\u0171 100%-ban \u00fajrahasznos\u00edtott m\u0171anyagb\u00f3l k\u00e9sz\u00fclt melynek anyaga\u00a0 HDPE . Sz\u00edne pedig fekete \u00e9s nem utols\u00f3 sorban\u00a0 UV \u00e1ll\u00f3!!!<\/p>","protected":false},"featured_media":13373,"template":"","meta":{"_et_pb_use_builder":"","_et_pb_old_content":"","_et_gb_content_width":""},"product_brand":[],"product_cat":[1098,3785],"product_tag":[3885,1100,1099,3884,1103,3887,3886,1304,3888,875],"class_list":{"0":"post-13370","1":"product","2":"type-product","3":"status-publish","4":"has-post-thumbnail","6":"product_cat-agyasszegelyek-gyepracsok","7":"product_cat-uj-termekek","8":"product_tag-100-ban-ujra-felhasznalt-anyagbol","9":"product_tag-agyasszegely","10":"product_tag-border","11":"product_tag-border-flexi","12":"product_tag-gyepszegely","13":"product_tag-hdpe","14":"product_tag-konnyebben-telepitheto","15":"product_tag-muanyag","16":"product_tag-nortene-border-flexi-45-muanyag-agyasszegely","17":"product_tag-uv-allo","19":"first","20":"instock","21":"sale","22":"shipping-taxable","23":"purchasable","24":"product-type-simple"},"yoast_head":"<!-- This site is optimized with the Yoast SEO plugin v27.5 - https:\/\/yoast.com\/product\/yoast-seo-wordpress\/ -->\n<title>Nortene Border Flexi 45 m\u0171anyag \u00e1gy\u00e1sszeg\u00e9ly - T\u00e1jkert\u00e9sz<\/title>\n<meta name=\"description\" content=\"A\u00a0 Nortene Border Flexi 45 m\u0171anyag \u00e1gy\u00e1sszeg\u00e9ly, gyepszeg\u00e9ly egy extra rugalmas \u00e1gy\u00e1sszeg\u00e9ly, mellyel k\u00f6nnyebb kialak\u00edtani\u00a0 a k\u00edv\u00e1nt \u00edveket \u00e9s k\u00f6r\u00f6ket.\u00a0\" \/>\n<meta name=\"robots\" content=\"index, follow, max-snippet:-1, max-image-preview:large, max-video-preview:-1\" \/>\n<link rel=\"canonical\" href=\"https:\/\/tajkertesz.com\/en_US\/product\/border-flexi\/\" \/>\n<meta property=\"og:locale\" content=\"en_US\" \/>\n<meta property=\"og:type\" content=\"article\" \/>\n<meta property=\"og:title\" content=\"Nortene Border Flexi 45 m\u0171anyag \u00e1gy\u00e1sszeg\u00e9ly - T\u00e1jkert\u00e9sz\" \/>\n<meta property=\"og:description\" content=\"A\u00a0 Nortene Border Flexi 45 m\u0171anyag \u00e1gy\u00e1sszeg\u00e9ly, gyepszeg\u00e9ly egy extra rugalmas \u00e1gy\u00e1sszeg\u00e9ly, mellyel k\u00f6nnyebb kialak\u00edtani\u00a0 a k\u00edv\u00e1nt \u00edveket \u00e9s k\u00f6r\u00f6ket.\u00a0\" \/>\n<meta property=\"og:url\" content=\"https:\/\/tajkertesz.com\/en_US\/product\/border-flexi\/\" \/>\n<meta property=\"og:site_name\" content=\"T\u00e1jkert\u00e9sz\" \/>\n<meta property=\"article:publisher\" content=\"https:\/\/www.facebook.com\/Tajkertesz\/\" \/>\n<meta property=\"article:modified_time\" content=\"2025-05-15T14:45:33+00:00\" \/>\n<meta property=\"og:image\" content=\"https:\/\/tajkertesz.com\/wp-content\/uploads\/2022\/08\/agyasszegely-nortene-border-flexi-2.jpg\" \/>\n\t<meta property=\"og:image:width\" content=\"450\" \/>\n\t<meta property=\"og:image:height\" content=\"450\" \/>\n\t<meta property=\"og:image:type\" content=\"image\/jpeg\" \/>\n<meta name=\"twitter:card\" content=\"summary_large_image\" \/>\n<meta name=\"twitter:label1\" content=\"Est. reading time\" \/>\n\t<meta name=\"twitter:data1\" content=\"2 minutes\" \/>\n<script type=\"application\/ld+json\" class=\"yoast-schema-graph\">{\"@context\":\"https:\\\/\\\/schema.org\",\"@graph\":[{\"@type\":\"WebPage\",\"@id\":\"https:\\\/\\\/tajkertesz.com\\\/termek\\\/border-flexi\\\/\",\"url\":\"https:\\\/\\\/tajkertesz.com\\\/termek\\\/border-flexi\\\/\",\"name\":\"Nortene Border Flexi 45 m\u0171anyag \u00e1gy\u00e1sszeg\u00e9ly - T\u00e1jkert\u00e9sz\",\"isPartOf\":{\"@id\":\"https:\\\/\\\/tajkertesz.com\\\/#website\"},\"primaryImageOfPage\":{\"@id\":\"https:\\\/\\\/tajkertesz.com\\\/termek\\\/border-flexi\\\/#primaryimage\"},\"image\":{\"@id\":\"https:\\\/\\\/tajkertesz.com\\\/termek\\\/border-flexi\\\/#primaryimage\"},\"thumbnailUrl\":\"https:\\\/\\\/tajkertesz.com\\\/wp-content\\\/uploads\\\/2022\\\/08\\\/agyasszegely-nortene-border-flexi-2.jpg\",\"datePublished\":\"2022-08-22T13:40:11+00:00\",\"dateModified\":\"2025-05-15T14:45:33+00:00\",\"description\":\"A\u00a0 Nortene Border Flexi 45 m\u0171anyag \u00e1gy\u00e1sszeg\u00e9ly, gyepszeg\u00e9ly egy extra rugalmas \u00e1gy\u00e1sszeg\u00e9ly, mellyel k\u00f6nnyebb kialak\u00edtani\u00a0 a k\u00edv\u00e1nt \u00edveket \u00e9s k\u00f6r\u00f6ket.\u00a0\",\"breadcrumb\":{\"@id\":\"https:\\\/\\\/tajkertesz.com\\\/termek\\\/border-flexi\\\/#breadcrumb\"},\"inLanguage\":\"en-US\",\"potentialAction\":[{\"@type\":\"ReadAction\",\"target\":[\"https:\\\/\\\/tajkertesz.com\\\/termek\\\/border-flexi\\\/\"]}]},{\"@type\":\"ImageObject\",\"inLanguage\":\"en-US\",\"@id\":\"https:\\\/\\\/tajkertesz.com\\\/termek\\\/border-flexi\\\/#primaryimage\",\"url\":\"https:\\\/\\\/tajkertesz.com\\\/wp-content\\\/uploads\\\/2022\\\/08\\\/agyasszegely-nortene-border-flexi-2.jpg\",\"contentUrl\":\"https:\\\/\\\/tajkertesz.com\\\/wp-content\\\/uploads\\\/2022\\\/08\\\/agyasszegely-nortene-border-flexi-2.jpg\",\"width\":450,\"height\":450},{\"@type\":\"BreadcrumbList\",\"@id\":\"https:\\\/\\\/tajkertesz.com\\\/termek\\\/border-flexi\\\/#breadcrumb\",\"itemListElement\":[{\"@type\":\"ListItem\",\"position\":1,\"name\":\"Home\",\"item\":\"https:\\\/\\\/tajkertesz.com\\\/\"},{\"@type\":\"ListItem\",\"position\":2,\"name\":\"Kezd\u0151lap\",\"item\":\"https:\\\/\\\/tajkertesz.com\\\/\"},{\"@type\":\"ListItem\",\"position\":3,\"name\":\"Nortene Border Flexi 45 m\u0171anyag \u00e1gy\u00e1sszeg\u00e9ly\"}]},{\"@type\":\"WebSite\",\"@id\":\"https:\\\/\\\/tajkertesz.com\\\/#website\",\"url\":\"https:\\\/\\\/tajkertesz.com\\\/\",\"name\":\"T\u00e1j-Kert\u00e9sz 84 Kft.\",\"description\":\"Kert\u00e9szeti kis- \u00e9s nagykeresked\u00e9s, D\u00edszn\u00f6v\u00e9ny web\u00e1ruh\u00e1z orsz\u00e1gos h\u00e1zhozsz\u00e1ll\u00edt\u00e1ssal!\",\"publisher\":{\"@id\":\"https:\\\/\\\/tajkertesz.com\\\/#organization\"},\"potentialAction\":[{\"@type\":\"SearchAction\",\"target\":{\"@type\":\"EntryPoint\",\"urlTemplate\":\"https:\\\/\\\/tajkertesz.com\\\/?s={search_term_string}\"},\"query-input\":{\"@type\":\"PropertyValueSpecification\",\"valueRequired\":true,\"valueName\":\"search_term_string\"}}],\"inLanguage\":\"en-US\"},{\"@type\":\"Organization\",\"@id\":\"https:\\\/\\\/tajkertesz.com\\\/#organization\",\"name\":\"T\u00e1j-Kert\u00e9sz 84 Kft.\",\"url\":\"https:\\\/\\\/tajkertesz.com\\\/\",\"logo\":{\"@type\":\"ImageObject\",\"inLanguage\":\"en-US\",\"@id\":\"https:\\\/\\\/tajkertesz.com\\\/#\\\/schema\\\/logo\\\/image\\\/\",\"url\":\"https:\\\/\\\/tajkertesz.com\\\/wp-content\\\/uploads\\\/2018\\\/02\\\/logo-2-e1518678052539.png\",\"contentUrl\":\"https:\\\/\\\/tajkertesz.com\\\/wp-content\\\/uploads\\\/2018\\\/02\\\/logo-2-e1518678052539.png\",\"width\":81,\"height\":140,\"caption\":\"T\u00e1j-Kert\u00e9sz 84 Kft.\"},\"image\":{\"@id\":\"https:\\\/\\\/tajkertesz.com\\\/#\\\/schema\\\/logo\\\/image\\\/\"},\"sameAs\":[\"https:\\\/\\\/www.facebook.com\\\/Tajkertesz\\\/\"]}]}<\/script>\n<!-- \/ Yoast SEO plugin. -->","yoast_head_json":{"title":"Nortene Border Flexi 45 m\u0171anyag \u00e1gy\u00e1sszeg\u00e9ly - T\u00e1jkert\u00e9sz","description":"A\u00a0 Nortene Border Flexi 45 m\u0171anyag \u00e1gy\u00e1sszeg\u00e9ly, gyepszeg\u00e9ly egy extra rugalmas \u00e1gy\u00e1sszeg\u00e9ly, mellyel k\u00f6nnyebb kialak\u00edtani\u00a0 a k\u00edv\u00e1nt \u00edveket \u00e9s k\u00f6r\u00f6ket.\u00a0","robots":{"index":"index","follow":"follow","max-snippet":"max-snippet:-1","max-image-preview":"max-image-preview:large","max-video-preview":"max-video-preview:-1"},"canonical":"https:\/\/tajkertesz.com\/en_US\/product\/border-flexi\/","og_locale":"en_US","og_type":"article","og_title":"Nortene Border Flexi 45 m\u0171anyag \u00e1gy\u00e1sszeg\u00e9ly - T\u00e1jkert\u00e9sz","og_description":"A\u00a0 Nortene Border Flexi 45 m\u0171anyag \u00e1gy\u00e1sszeg\u00e9ly, gyepszeg\u00e9ly egy extra rugalmas \u00e1gy\u00e1sszeg\u00e9ly, mellyel k\u00f6nnyebb kialak\u00edtani\u00a0 a k\u00edv\u00e1nt \u00edveket \u00e9s k\u00f6r\u00f6ket.\u00a0","og_url":"https:\/\/tajkertesz.com\/en_US\/product\/border-flexi\/","og_site_name":"T\u00e1jkert\u00e9sz","article_publisher":"https:\/\/www.facebook.com\/Tajkertesz\/","article_modified_time":"2025-05-15T14:45:33+00:00","og_image":[{"width":450,"height":450,"url":"https:\/\/tajkertesz.com\/wp-content\/uploads\/2022\/08\/agyasszegely-nortene-border-flexi-2.jpg","type":"image\/jpeg"}],"twitter_card":"summary_large_image","twitter_misc":{"Est. reading time":"2 minutes"},"schema":{"@context":"https:\/\/schema.org","@graph":[{"@type":"WebPage","@id":"https:\/\/tajkertesz.com\/termek\/border-flexi\/","url":"https:\/\/tajkertesz.com\/termek\/border-flexi\/","name":"Nortene Border Flexi 45 m\u0171anyag \u00e1gy\u00e1sszeg\u00e9ly - T\u00e1jkert\u00e9sz","isPartOf":{"@id":"https:\/\/tajkertesz.com\/#website"},"primaryImageOfPage":{"@id":"https:\/\/tajkertesz.com\/termek\/border-flexi\/#primaryimage"},"image":{"@id":"https:\/\/tajkertesz.com\/termek\/border-flexi\/#primaryimage"},"thumbnailUrl":"https:\/\/tajkertesz.com\/wp-content\/uploads\/2022\/08\/agyasszegely-nortene-border-flexi-2.jpg","datePublished":"2022-08-22T13:40:11+00:00","dateModified":"2025-05-15T14:45:33+00:00","description":"A\u00a0 Nortene Border Flexi 45 m\u0171anyag \u00e1gy\u00e1sszeg\u00e9ly, gyepszeg\u00e9ly egy extra rugalmas \u00e1gy\u00e1sszeg\u00e9ly, mellyel k\u00f6nnyebb kialak\u00edtani\u00a0 a k\u00edv\u00e1nt \u00edveket \u00e9s k\u00f6r\u00f6ket.\u00a0","breadcrumb":{"@id":"https:\/\/tajkertesz.com\/termek\/border-flexi\/#breadcrumb"},"inLanguage":"en-US","potentialAction":[{"@type":"ReadAction","target":["https:\/\/tajkertesz.com\/termek\/border-flexi\/"]}]},{"@type":"ImageObject","inLanguage":"en-US","@id":"https:\/\/tajkertesz.com\/termek\/border-flexi\/#primaryimage","url":"https:\/\/tajkertesz.com\/wp-content\/uploads\/2022\/08\/agyasszegely-nortene-border-flexi-2.jpg","contentUrl":"https:\/\/tajkertesz.com\/wp-content\/uploads\/2022\/08\/agyasszegely-nortene-border-flexi-2.jpg","width":450,"height":450},{"@type":"BreadcrumbList","@id":"https:\/\/tajkertesz.com\/termek\/border-flexi\/#breadcrumb","itemListElement":[{"@type":"ListItem","position":1,"name":"Home","item":"https:\/\/tajkertesz.com\/"},{"@type":"ListItem","position":2,"name":"Kezd\u0151lap","item":"https:\/\/tajkertesz.com\/"},{"@type":"ListItem","position":3,"name":"Nortene Border Flexi 45 m\u0171anyag \u00e1gy\u00e1sszeg\u00e9ly"}]},{"@type":"WebSite","@id":"https:\/\/tajkertesz.com\/#website","url":"https:\/\/tajkertesz.com\/","name":"T\u00e1j-Kert\u00e9sz 84 Kft.","description":"Kert\u00e9szeti kis- \u00e9s nagykeresked\u00e9s, D\u00edszn\u00f6v\u00e9ny web\u00e1ruh\u00e1z orsz\u00e1gos h\u00e1zhozsz\u00e1ll\u00edt\u00e1ssal!","publisher":{"@id":"https:\/\/tajkertesz.com\/#organization"},"potentialAction":[{"@type":"SearchAction","target":{"@type":"EntryPoint","urlTemplate":"https:\/\/tajkertesz.com\/?s={search_term_string}"},"query-input":{"@type":"PropertyValueSpecification","valueRequired":true,"valueName":"search_term_string"}}],"inLanguage":"en-US"},{"@type":"Organization","@id":"https:\/\/tajkertesz.com\/#organization","name":"T\u00e1j-Kert\u00e9sz 84 Kft.","url":"https:\/\/tajkertesz.com\/","logo":{"@type":"ImageObject","inLanguage":"en-US","@id":"https:\/\/tajkertesz.com\/#\/schema\/logo\/image\/","url":"https:\/\/tajkertesz.com\/wp-content\/uploads\/2018\/02\/logo-2-e1518678052539.png","contentUrl":"https:\/\/tajkertesz.com\/wp-content\/uploads\/2018\/02\/logo-2-e1518678052539.png","width":81,"height":140,"caption":"T\u00e1j-Kert\u00e9sz 84 Kft."},"image":{"@id":"https:\/\/tajkertesz.com\/#\/schema\/logo\/image\/"},"sameAs":["https:\/\/www.facebook.com\/Tajkertesz\/"]}]}},"_links":{"self":[{"href":"https:\/\/tajkertesz.com\/en_US\/wp-json\/wp\/v2\/product\/13370","targetHints":{"allow":["GET"]}}],"collection":[{"href":"https:\/\/tajkertesz.com\/en_US\/wp-json\/wp\/v2\/product"}],"about":[{"href":"https:\/\/tajkertesz.com\/en_US\/wp-json\/wp\/v2\/types\/product"}],"wp:featuredmedia":[{"embeddable":true,"href":"https:\/\/tajkertesz.com\/en_US\/wp-json\/wp\/v2\/media\/13373"}],"wp:attachment":[{"href":"https:\/\/tajkertesz.com\/en_US\/wp-json\/wp\/v2\/media?parent=13370"}],"wp:term":[{"taxonomy":"product_brand","embeddable":true,"href":"https:\/\/tajkertesz.com\/en_US\/wp-json\/wp\/v2\/product_brand?post=13370"},{"taxonomy":"product_cat","embeddable":true,"href":"https:\/\/tajkertesz.com\/en_US\/wp-json\/wp\/v2\/product_cat?post=13370"},{"taxonomy":"product_tag","embeddable":true,"href":"https:\/\/tajkertesz.com\/en_US\/wp-json\/wp\/v2\/product_tag?post=13370"}],"curies":[{"name":"wp","href":"https:\/\/api.w.org\/{rel}","templated":true}]}}