{"id":13390,"date":"2022-08-24T12:32:59","date_gmt":"2022-08-24T12:32:59","guid":{"rendered":"https:\/\/tajkertesz.com\/?post_type=product&#038;p=13390"},"modified":"2025-04-02T08:39:06","modified_gmt":"2025-04-02T08:39:06","slug":"gyokeritato-400-gr","status":"publish","type":"product","link":"https:\/\/tajkertesz.com\/en_US\/product\/gyokeritato-400-gr\/","title":{"rendered":"Gy\u00f6k\u00e9ritat\u00f3 400 gr"},"content":{"rendered":"<p>Gy\u00f6k\u00e9ritat\u00f3 400 gr<\/p>\n<p>A gy\u00f6k\u00e9ritat\u00f3 jellegzetes kialak\u00edt\u00e1s\u00fa, \u00fcreges szerkezet\u0171 cs\u00f6vecske, amely nedves \u00e9s leveg\u0151s k\u00f6rnyezettel t\u00e1mogatja a gy\u00f6kerek fejl\u0151d\u00e9s\u00e9t.<\/p>\n<p>A 400 g gy\u00f6k\u00e9ritat\u00f3 1 db gy\u00fcm\u00f6lcsfa \u00fcltet\u00e9s\u00e9hez aj\u00e1nlott mennyis\u00e9g.<\/p>\n<p>Egyedi hat\u00e1smechanizmusa egy \u00faj felismer\u00e9sen alapul. A n\u00f6v\u00e9nyek t\u00e1pl\u00e1l\u00e1s\u00e1ban nem a k\u00fcl\u00f6nf\u00e9le vegyszereket r\u00e9szes\u00edtj\u00fck el\u0151nyben, fontosabbnak tartjuk a talajban meglev\u0151 mikroorganizmusok (bakt\u00e9riumok, gomb\u00e1k) aktiviz\u00e1l\u00e1s\u00e1t. Az \u00e1sv\u00e1nyi mikro\u0151rlem\u00e9ny tartalm\u00fa \u00e9s szerves k\u00f6t\u0151anyaggal stabiliz\u00e1lt gy\u00f6k\u00e9ritat\u00f3-agrooter cs\u00f6vecsk\u00e9k nem csak a n\u00f6v\u00e9nyeknek, de a talaj\u00e9letnek is t\u00e1panyagforr\u00e1sa.<\/p>\n<p>Mi t\u00f6rt\u00e9nik?<\/p>\n<p>Telep\u00edt\u00e9s ut\u00e1n a fa saj\u00e1t tartal\u00e9k energi\u00e1it haszn\u00e1lja fel a begy\u00f6keresed\u00e9shez, a hajt\u00e1sok megind\u00edt\u00e1s\u00e1hoz, a talaj\u00e9let mikroorganizmusaival val\u00f3 kapcsolat felv\u00e9tel\u00e9hez.<\/p>\n<p>E kapcsolat egyar\u00e1nt fontos a n\u00f6v\u00e9ny \u00e9s a mikroorganizmusok sz\u00e1m\u00e1ra. A gy\u00f6k\u00e9rv\u00e1lad\u00e9kb\u00f3l kibocs\u00e1tott sz\u00e9nhidr\u00e1tok a mikroorganizmusok egyik energiaforr\u00e1sa, m\u00e1sr\u00e9szt a mikroorganizmusok \u00e9lettev\u00e9kenys\u00e9ge alapvet\u0151en kihat a n\u00f6v\u00e9nyek hat\u00e9kony t\u00e1panyagfelv\u00e9tel\u00e9re.<\/p>\n<p>A gy\u00f6k\u00e9ritat\u00f3val \u00fcltetett facsemet\u00e9nek nincs sz\u00fcks\u00e9ge, hogy fel\u00e9lje tartal\u00e9k\u00e1t.<\/p>\n<p>Energi\u00e1it nem kell a mikroorganizmusok \u00e9lettev\u00e9kenys\u00e9g\u00e9nek gerjeszt\u00e9s\u00e9re ford\u00edtania. Az intenz\u00edv talaj\u00e9let a cs\u00f6vecsk\u00e9kben m\u00e1r kor\u00e1bban kialakul.<\/p>\n<p>A n\u00f6v\u00e9ny \u00edgy id\u0151t nyer, \u00e9s megtakar\u00edtott energi\u00e1j\u00e1t a hajt\u00e1sfejl\u0151d\u00e9sre ford\u00edthatja. A nagyobb hajt\u00e1st\u00f6meg nagyobb lombfel\u00fcletet eredm\u00e9nyez.<\/p>\n<p>A megn\u00f6vekedett fotoszintetiz\u00e1l\u00f3 fel\u00fclet pedig jelent\u0151s energiafelv\u00e9telhez juttatja a n\u00f6v\u00e9nyt.<\/p>\n<p>&nbsp;<\/p>\n<p>Alkalmaz\u00e1s\u00e1nak el\u0151nyei:<\/p>\n<ul>\n<li>\u00f6sszet\u00e9tele t\u00e1pl\u00e1lja a hasznos mikroorganizmusokat, serkenti a gyarapod\u00e1sukat<\/li>\n<li>el\u0151mozd\u00edtja a n\u00f6v\u00e9nyek hat\u00e9konyabb t\u00e1panyagfelv\u00e9tel\u00e9t<\/li>\n<li>megakad\u00e1lyozza a t\u00e1panyagok kimos\u00f3d\u00e1s\u00e1t, lehet\u0151v\u00e9 teszi a lass\u00fa, fokozatos t\u00e1panyaglead\u00e1st<\/li>\n<li>magasra emeli a k\u00f6zvetlen gy\u00f6k\u00e9rk\u00f6rnyezeti szervesanyag-k\u00e9szletet (~40%)<\/li>\n<li>h\u0151-, \u00e9s sz\u00e1razs\u00e1g okozta stressz eset\u00e9n kitolja a n\u00f6v\u00e9ny hervad\u00e1si pontj\u00e1t<\/li>\n<li>a cs\u00f6vecsk\u00e9kben tartal\u00e9kolt nedvess\u00e9g \u00e9s leveg\u0151 megakad\u00e1lyozza a mikroorganizmusok t\u00f6meges pusztul\u00e1s\u00e1t<\/li>\n<li>a gy\u00f6k\u00e9ritat\u00f3-agrooter a talajban 2-3 \u00e9v m\u00falva teljesen lebomlik, k\u00f6rnyezetbar\u00e1t<\/li>\n<li>bizony\u00edtottan, legal\u00e1bb 50% v\u00edzmegtakar\u00edt\u00e1s<\/li>\n<\/ul>\n<p>&nbsp;<\/p>\n<p><em>\u00a0<\/em><\/p>\n<p><em>\u00a0<\/em><\/p>\n<p>El\u00e9rhet\u0151 t\u00f6bbf\u00e9le m\u00e9retben \u00e9s \u00e1rban.<\/p>\n<p><strong>K\u00e9szlet\u00fcnk napi szinten v\u00e1ltozik, ez\u00e9rt k\u00e9rj\u00fck, \u00e9rdekl\u0151dj\u00f6n szem\u00e9lyesen, telefonon vagy email-en.<br \/>\nA v\u00e1ltoztat\u00e1s jog\u00e1t fenntartjuk!\u00a0<\/strong><\/p>\n<p>&nbsp;<\/p>\n<p><a href=\"https:\/\/tajkertesz.com\/\">https:\/\/tajkertesz.com\/<\/a><\/p>\n<p><a href=\"https:\/\/www.facebook.com\/tajkertesz\/\">https:\/\/www.facebook.com\/tajkertesz\/<\/a><\/p>\n<p>Kisz\u00e1ll\u00edt\u00e1s: 200 cm \u00e9s 40 kg is a sz\u00e1ll\u00edt\u00e1s fut\u00e1rszolg\u00e1lattal \u00a0t\u00f6rt\u00e9nik.<\/p>\n<p>Szem\u00e9lyes \u00e1tv\u00e9tel nyitvatart\u00e1si id\u0151ben a\u00a0 17. ker\u00fclet Bakancsos utca 7. sz\u00e1m alatti Kert\u00e9szeti \u00e1rud\u00e1ban.<\/p>","protected":false},"excerpt":{"rendered":"<p>A gy\u00f6k\u00e9ritat\u00f3 jellegzetes kialak\u00edt\u00e1s\u00fa, \u00fcreges szerkezet\u0171 cs\u00f6vecske, amely nedves \u00e9s leveg\u0151s k\u00f6rnyezettel t\u00e1mogatja a gy\u00f6kerek fejl\u0151d\u00e9s\u00e9t.<\/p>\n<p>A 400 g gy\u00f6k\u00e9ritat\u00f3 1 db gy\u00fcm\u00f6lcsfa \u00fcltet\u00e9s\u00e9hez aj\u00e1nlott mennyis\u00e9g.<\/p>","protected":false},"featured_media":13391,"template":"","meta":{"_et_pb_use_builder":"","_et_pb_old_content":"","_et_gb_content_width":""},"product_brand":[],"product_cat":[35],"product_tag":[3896,3893,3894,3895,3892,3897],"class_list":{"0":"post-13390","1":"product","2":"type-product","3":"status-publish","4":"has-post-thumbnail","6":"product_cat-tragyak","7":"product_tag-csovecske","8":"product_tag-fa-ultetes","9":"product_tag-godorbe","10":"product_tag-gyoker","11":"product_tag-gyokeritato-400-gr","12":"product_tag-gyokeritato-csovecske","14":"first","15":"instock","16":"shipping-taxable","17":"purchasable","18":"product-type-simple"},"yoast_head":"<!-- This site is optimized with the Yoast SEO plugin v27.4 - https:\/\/yoast.com\/product\/yoast-seo-wordpress\/ -->\n<title>Gy\u00f6k\u00e9ritat\u00f3 400 gr - T\u00e1jkert\u00e9sz<\/title>\n<meta name=\"description\" content=\"A gy\u00f6k\u00e9ritat\u00f3 jellegzetes kialak\u00edt\u00e1s\u00fa, \u00fcreges szerkezet\u0171 cs\u00f6vecske, amely nedves \u00e9s leveg\u0151s k\u00f6rnyezettel t\u00e1mogatja a gy\u00f6kerek fejl\u0151d\u00e9s\u00e9t.\" \/>\n<meta name=\"robots\" content=\"index, follow, max-snippet:-1, max-image-preview:large, max-video-preview:-1\" \/>\n<link rel=\"canonical\" href=\"https:\/\/tajkertesz.com\/en_US\/product\/gyokeritato-400-gr\/\" \/>\n<meta property=\"og:locale\" content=\"en_US\" \/>\n<meta property=\"og:type\" content=\"article\" \/>\n<meta property=\"og:title\" content=\"Gy\u00f6k\u00e9ritat\u00f3 400 gr - T\u00e1jkert\u00e9sz\" \/>\n<meta property=\"og:description\" content=\"A gy\u00f6k\u00e9ritat\u00f3 jellegzetes kialak\u00edt\u00e1s\u00fa, \u00fcreges szerkezet\u0171 cs\u00f6vecske, amely nedves \u00e9s leveg\u0151s k\u00f6rnyezettel t\u00e1mogatja a gy\u00f6kerek fejl\u0151d\u00e9s\u00e9t.\" \/>\n<meta property=\"og:url\" content=\"https:\/\/tajkertesz.com\/en_US\/product\/gyokeritato-400-gr\/\" \/>\n<meta property=\"og:site_name\" content=\"T\u00e1jkert\u00e9sz\" \/>\n<meta property=\"article:publisher\" content=\"https:\/\/www.facebook.com\/Tajkertesz\/\" \/>\n<meta property=\"article:modified_time\" content=\"2025-04-02T08:39:06+00:00\" \/>\n<meta property=\"og:image\" content=\"https:\/\/tajkertesz.com\/wp-content\/uploads\/2022\/08\/gyokeritato.png\" \/>\n\t<meta property=\"og:image:width\" content=\"454\" \/>\n\t<meta property=\"og:image:height\" content=\"592\" \/>\n\t<meta property=\"og:image:type\" content=\"image\/png\" \/>\n<meta name=\"twitter:card\" content=\"summary_large_image\" \/>\n<meta name=\"twitter:label1\" content=\"Est. reading time\" \/>\n\t<meta name=\"twitter:data1\" content=\"2 minutes\" \/>\n<script type=\"application\/ld+json\" class=\"yoast-schema-graph\">{\"@context\":\"https:\\\/\\\/schema.org\",\"@graph\":[{\"@type\":\"WebPage\",\"@id\":\"https:\\\/\\\/tajkertesz.com\\\/termek\\\/gyokeritato-400-gr\\\/\",\"url\":\"https:\\\/\\\/tajkertesz.com\\\/termek\\\/gyokeritato-400-gr\\\/\",\"name\":\"Gy\u00f6k\u00e9ritat\u00f3 400 gr - T\u00e1jkert\u00e9sz\",\"isPartOf\":{\"@id\":\"https:\\\/\\\/tajkertesz.com\\\/#website\"},\"primaryImageOfPage\":{\"@id\":\"https:\\\/\\\/tajkertesz.com\\\/termek\\\/gyokeritato-400-gr\\\/#primaryimage\"},\"image\":{\"@id\":\"https:\\\/\\\/tajkertesz.com\\\/termek\\\/gyokeritato-400-gr\\\/#primaryimage\"},\"thumbnailUrl\":\"https:\\\/\\\/tajkertesz.com\\\/wp-content\\\/uploads\\\/2022\\\/08\\\/gyokeritato.png\",\"datePublished\":\"2022-08-24T12:32:59+00:00\",\"dateModified\":\"2025-04-02T08:39:06+00:00\",\"description\":\"A gy\u00f6k\u00e9ritat\u00f3 jellegzetes kialak\u00edt\u00e1s\u00fa, \u00fcreges szerkezet\u0171 cs\u00f6vecske, amely nedves \u00e9s leveg\u0151s k\u00f6rnyezettel t\u00e1mogatja a gy\u00f6kerek fejl\u0151d\u00e9s\u00e9t.\",\"breadcrumb\":{\"@id\":\"https:\\\/\\\/tajkertesz.com\\\/termek\\\/gyokeritato-400-gr\\\/#breadcrumb\"},\"inLanguage\":\"en-US\",\"potentialAction\":[{\"@type\":\"ReadAction\",\"target\":[\"https:\\\/\\\/tajkertesz.com\\\/termek\\\/gyokeritato-400-gr\\\/\"]}]},{\"@type\":\"ImageObject\",\"inLanguage\":\"en-US\",\"@id\":\"https:\\\/\\\/tajkertesz.com\\\/termek\\\/gyokeritato-400-gr\\\/#primaryimage\",\"url\":\"https:\\\/\\\/tajkertesz.com\\\/wp-content\\\/uploads\\\/2022\\\/08\\\/gyokeritato.png\",\"contentUrl\":\"https:\\\/\\\/tajkertesz.com\\\/wp-content\\\/uploads\\\/2022\\\/08\\\/gyokeritato.png\",\"width\":454,\"height\":592},{\"@type\":\"BreadcrumbList\",\"@id\":\"https:\\\/\\\/tajkertesz.com\\\/termek\\\/gyokeritato-400-gr\\\/#breadcrumb\",\"itemListElement\":[{\"@type\":\"ListItem\",\"position\":1,\"name\":\"Home\",\"item\":\"https:\\\/\\\/tajkertesz.com\\\/\"},{\"@type\":\"ListItem\",\"position\":2,\"name\":\"Kezd\u0151lap\",\"item\":\"https:\\\/\\\/tajkertesz.com\\\/\"},{\"@type\":\"ListItem\",\"position\":3,\"name\":\"Gy\u00f6k\u00e9ritat\u00f3 400 gr\"}]},{\"@type\":\"WebSite\",\"@id\":\"https:\\\/\\\/tajkertesz.com\\\/#website\",\"url\":\"https:\\\/\\\/tajkertesz.com\\\/\",\"name\":\"T\u00e1j-Kert\u00e9sz 84 Kft.\",\"description\":\"Kert\u00e9szeti kis- \u00e9s nagykeresked\u00e9s, D\u00edszn\u00f6v\u00e9ny web\u00e1ruh\u00e1z orsz\u00e1gos h\u00e1zhozsz\u00e1ll\u00edt\u00e1ssal!\",\"publisher\":{\"@id\":\"https:\\\/\\\/tajkertesz.com\\\/#organization\"},\"potentialAction\":[{\"@type\":\"SearchAction\",\"target\":{\"@type\":\"EntryPoint\",\"urlTemplate\":\"https:\\\/\\\/tajkertesz.com\\\/?s={search_term_string}\"},\"query-input\":{\"@type\":\"PropertyValueSpecification\",\"valueRequired\":true,\"valueName\":\"search_term_string\"}}],\"inLanguage\":\"en-US\"},{\"@type\":\"Organization\",\"@id\":\"https:\\\/\\\/tajkertesz.com\\\/#organization\",\"name\":\"T\u00e1j-Kert\u00e9sz 84 Kft.\",\"url\":\"https:\\\/\\\/tajkertesz.com\\\/\",\"logo\":{\"@type\":\"ImageObject\",\"inLanguage\":\"en-US\",\"@id\":\"https:\\\/\\\/tajkertesz.com\\\/#\\\/schema\\\/logo\\\/image\\\/\",\"url\":\"https:\\\/\\\/tajkertesz.com\\\/wp-content\\\/uploads\\\/2018\\\/02\\\/logo-2-e1518678052539.png\",\"contentUrl\":\"https:\\\/\\\/tajkertesz.com\\\/wp-content\\\/uploads\\\/2018\\\/02\\\/logo-2-e1518678052539.png\",\"width\":81,\"height\":140,\"caption\":\"T\u00e1j-Kert\u00e9sz 84 Kft.\"},\"image\":{\"@id\":\"https:\\\/\\\/tajkertesz.com\\\/#\\\/schema\\\/logo\\\/image\\\/\"},\"sameAs\":[\"https:\\\/\\\/www.facebook.com\\\/Tajkertesz\\\/\"]}]}<\/script>\n<!-- \/ Yoast SEO plugin. -->","yoast_head_json":{"title":"Gy\u00f6k\u00e9ritat\u00f3 400 gr - T\u00e1jkert\u00e9sz","description":"A gy\u00f6k\u00e9ritat\u00f3 jellegzetes kialak\u00edt\u00e1s\u00fa, \u00fcreges szerkezet\u0171 cs\u00f6vecske, amely nedves \u00e9s leveg\u0151s k\u00f6rnyezettel t\u00e1mogatja a gy\u00f6kerek fejl\u0151d\u00e9s\u00e9t.","robots":{"index":"index","follow":"follow","max-snippet":"max-snippet:-1","max-image-preview":"max-image-preview:large","max-video-preview":"max-video-preview:-1"},"canonical":"https:\/\/tajkertesz.com\/en_US\/product\/gyokeritato-400-gr\/","og_locale":"en_US","og_type":"article","og_title":"Gy\u00f6k\u00e9ritat\u00f3 400 gr - T\u00e1jkert\u00e9sz","og_description":"A gy\u00f6k\u00e9ritat\u00f3 jellegzetes kialak\u00edt\u00e1s\u00fa, \u00fcreges szerkezet\u0171 cs\u00f6vecske, amely nedves \u00e9s leveg\u0151s k\u00f6rnyezettel t\u00e1mogatja a gy\u00f6kerek fejl\u0151d\u00e9s\u00e9t.","og_url":"https:\/\/tajkertesz.com\/en_US\/product\/gyokeritato-400-gr\/","og_site_name":"T\u00e1jkert\u00e9sz","article_publisher":"https:\/\/www.facebook.com\/Tajkertesz\/","article_modified_time":"2025-04-02T08:39:06+00:00","og_image":[{"width":454,"height":592,"url":"https:\/\/tajkertesz.com\/wp-content\/uploads\/2022\/08\/gyokeritato.png","type":"image\/png"}],"twitter_card":"summary_large_image","twitter_misc":{"Est. reading time":"2 minutes"},"schema":{"@context":"https:\/\/schema.org","@graph":[{"@type":"WebPage","@id":"https:\/\/tajkertesz.com\/termek\/gyokeritato-400-gr\/","url":"https:\/\/tajkertesz.com\/termek\/gyokeritato-400-gr\/","name":"Gy\u00f6k\u00e9ritat\u00f3 400 gr - T\u00e1jkert\u00e9sz","isPartOf":{"@id":"https:\/\/tajkertesz.com\/#website"},"primaryImageOfPage":{"@id":"https:\/\/tajkertesz.com\/termek\/gyokeritato-400-gr\/#primaryimage"},"image":{"@id":"https:\/\/tajkertesz.com\/termek\/gyokeritato-400-gr\/#primaryimage"},"thumbnailUrl":"https:\/\/tajkertesz.com\/wp-content\/uploads\/2022\/08\/gyokeritato.png","datePublished":"2022-08-24T12:32:59+00:00","dateModified":"2025-04-02T08:39:06+00:00","description":"A gy\u00f6k\u00e9ritat\u00f3 jellegzetes kialak\u00edt\u00e1s\u00fa, \u00fcreges szerkezet\u0171 cs\u00f6vecske, amely nedves \u00e9s leveg\u0151s k\u00f6rnyezettel t\u00e1mogatja a gy\u00f6kerek fejl\u0151d\u00e9s\u00e9t.","breadcrumb":{"@id":"https:\/\/tajkertesz.com\/termek\/gyokeritato-400-gr\/#breadcrumb"},"inLanguage":"en-US","potentialAction":[{"@type":"ReadAction","target":["https:\/\/tajkertesz.com\/termek\/gyokeritato-400-gr\/"]}]},{"@type":"ImageObject","inLanguage":"en-US","@id":"https:\/\/tajkertesz.com\/termek\/gyokeritato-400-gr\/#primaryimage","url":"https:\/\/tajkertesz.com\/wp-content\/uploads\/2022\/08\/gyokeritato.png","contentUrl":"https:\/\/tajkertesz.com\/wp-content\/uploads\/2022\/08\/gyokeritato.png","width":454,"height":592},{"@type":"BreadcrumbList","@id":"https:\/\/tajkertesz.com\/termek\/gyokeritato-400-gr\/#breadcrumb","itemListElement":[{"@type":"ListItem","position":1,"name":"Home","item":"https:\/\/tajkertesz.com\/"},{"@type":"ListItem","position":2,"name":"Kezd\u0151lap","item":"https:\/\/tajkertesz.com\/"},{"@type":"ListItem","position":3,"name":"Gy\u00f6k\u00e9ritat\u00f3 400 gr"}]},{"@type":"WebSite","@id":"https:\/\/tajkertesz.com\/#website","url":"https:\/\/tajkertesz.com\/","name":"T\u00e1j-Kert\u00e9sz 84 Kft.","description":"Kert\u00e9szeti kis- \u00e9s nagykeresked\u00e9s, D\u00edszn\u00f6v\u00e9ny web\u00e1ruh\u00e1z orsz\u00e1gos h\u00e1zhozsz\u00e1ll\u00edt\u00e1ssal!","publisher":{"@id":"https:\/\/tajkertesz.com\/#organization"},"potentialAction":[{"@type":"SearchAction","target":{"@type":"EntryPoint","urlTemplate":"https:\/\/tajkertesz.com\/?s={search_term_string}"},"query-input":{"@type":"PropertyValueSpecification","valueRequired":true,"valueName":"search_term_string"}}],"inLanguage":"en-US"},{"@type":"Organization","@id":"https:\/\/tajkertesz.com\/#organization","name":"T\u00e1j-Kert\u00e9sz 84 Kft.","url":"https:\/\/tajkertesz.com\/","logo":{"@type":"ImageObject","inLanguage":"en-US","@id":"https:\/\/tajkertesz.com\/#\/schema\/logo\/image\/","url":"https:\/\/tajkertesz.com\/wp-content\/uploads\/2018\/02\/logo-2-e1518678052539.png","contentUrl":"https:\/\/tajkertesz.com\/wp-content\/uploads\/2018\/02\/logo-2-e1518678052539.png","width":81,"height":140,"caption":"T\u00e1j-Kert\u00e9sz 84 Kft."},"image":{"@id":"https:\/\/tajkertesz.com\/#\/schema\/logo\/image\/"},"sameAs":["https:\/\/www.facebook.com\/Tajkertesz\/"]}]}},"_links":{"self":[{"href":"https:\/\/tajkertesz.com\/en_US\/wp-json\/wp\/v2\/product\/13390","targetHints":{"allow":["GET"]}}],"collection":[{"href":"https:\/\/tajkertesz.com\/en_US\/wp-json\/wp\/v2\/product"}],"about":[{"href":"https:\/\/tajkertesz.com\/en_US\/wp-json\/wp\/v2\/types\/product"}],"wp:featuredmedia":[{"embeddable":true,"href":"https:\/\/tajkertesz.com\/en_US\/wp-json\/wp\/v2\/media\/13391"}],"wp:attachment":[{"href":"https:\/\/tajkertesz.com\/en_US\/wp-json\/wp\/v2\/media?parent=13390"}],"wp:term":[{"taxonomy":"product_brand","embeddable":true,"href":"https:\/\/tajkertesz.com\/en_US\/wp-json\/wp\/v2\/product_brand?post=13390"},{"taxonomy":"product_cat","embeddable":true,"href":"https:\/\/tajkertesz.com\/en_US\/wp-json\/wp\/v2\/product_cat?post=13390"},{"taxonomy":"product_tag","embeddable":true,"href":"https:\/\/tajkertesz.com\/en_US\/wp-json\/wp\/v2\/product_tag?post=13390"}],"curies":[{"name":"wp","href":"https:\/\/api.w.org\/{rel}","templated":true}]}}