{"id":13448,"date":"2022-09-06T10:49:47","date_gmt":"2022-09-06T10:49:47","guid":{"rendered":"https:\/\/tajkertesz.com\/?post_type=product&#038;p=13448"},"modified":"2026-02-24T10:05:42","modified_gmt":"2026-02-24T10:05:42","slug":"biosol-forte-25-kg","status":"publish","type":"product","link":"https:\/\/tajkertesz.com\/en_US\/product\/biosol-forte-25-kg\/","title":{"rendered":"Biosol Forte 25 kg"},"content":{"rendered":"<h1>Biosol Forte 25 kg<\/h1>\n<h4 class=\"product-detail-name\">Biosol Forte 25 kg<\/h4>\n<p>A Biosol Forte 25 kg egy ferment\u00e1ci\u00f3s folyamat (gomb\u00e1k, bakt\u00e9riumok) \u00e1ltal erjesztett n\u00f6v\u00e9nyi r\u00e9szekb\u0151l kialakult biomassza. Term\u00e9szetes n\u00f6v\u00e9nyi r\u00e9szekb\u0151l; cukor, szirup, feh\u00e9rje, nyomelemek \u00e9s vitaminok mint nyersanyagok ker\u00fclnek beolt\u00e1sra. A biomassza sz\u00e1r\u00edt\u00e1sa ut\u00e1n 3 % k\u00e1liumszulf\u00e1ttal eg\u00e9sz\u00edtik ki, majd granul\u00e1lj\u00e1k \u00e9s ez \u00e1ltal egy j\u00f3l kisz\u00f3rhat\u00f3 tr\u00e1gy\u00e1z\u00f3 szer k\u00e9sz\u00fclt el.<\/p>\n<ul>\n<li>Szervesanyag tartalom: 70-80%<\/li>\n<li>Szervesanyaghoz k\u00f6t\u00f6tt nitrog\u00e9n: 6-9%<\/li>\n<li>\u00c1sv\u00e1nyi savakban oldott foszf\u00e1t (P2O5): 2-4%<\/li>\n<li>K\u00e1liumoxid (K2O): 1-2%<\/li>\n<li>Nitrog\u00e9n ar\u00e1ny: 6:1<\/li>\n<\/ul>\n<h3>Az integr\u00e1lt termel\u00e9s legeredm\u00e9nyesebb tr\u00e1gy\u00e1z\u00f3szere.<\/h3>\n<p>A\u00a0<strong>Biososol Forte<\/strong>\u00a0a vil\u00e1gon minden\u00fctt mint az integr\u00e1lt termel\u00e9sben haszn\u00e1lt tr\u00e1gy\u00e1z\u00f3szer elismert. Ezzel a gazdas\u00e1gos tr\u00e1gy\u00e1z\u00f3szerrel biztos, nagy \u00e9s j\u00f3 mennyis\u00e9g\u0171 term\u00e9st lehet el\u00e9rni. Mivel a t\u00e1panyagok szerves anyaghoz k\u00f6t\u00f6ttek, ez\u00e9rt a kimos\u00f3d\u00e1s vesz\u00e9lye nem \u00e1ll fent. T\u00f6bb \u00e9ves tapasztalatok \u00e9s referenci\u00e1ink is azt igazolj\u00e1k, hogy folyamatos haszn\u00e1lat\u00e1val a legyeng\u00fclt siv\u00e1r gyepfel\u00fcleteken is kit\u0171n\u0151 \u00e9s meglep\u0151 eredm\u00e9nyek \u00e9rhet\u0151 el.<\/p>\n<h3>A Bisolo Forte, mint szerves tr\u00e1gy\u00e1z\u00f3szer<\/h3>\n<p>A Biososol Forte aktiv\u00e1lja a talaj\u00e9letet \u00e9s ezzel folyamatosan regener\u00e1lja a talajt. Magasabb lesz a humusz \u00e9rt\u00e9k, jobb lesz a gy\u00f6keresed\u00e9s, a n\u00f6v\u00e9ny \u00e9letk\u00e9pesebb\u00e9 v\u00e1lik, valamint ellen\u00e1ll\u00f3bb lesz a betegs\u00e9gekkel szemben. Tart\u00f3san hat az eg\u00e9sz veget\u00e1ci\u00f3 alatt, ez\u00e1ltal optim\u00e1lisan fejti ki hat\u00e1s\u00e1t. T\u00faladagol\u00e1s eset\u00e9n a n\u00f6v\u00e9ny nem k\u00e1rosodik, hanem ig\u00e9ny\u00e9nek megfelel\u0151en haszn\u00e1lja fel<\/p>\n<ul>\n<li>\u00daj f\u00fcves\u00edt\u00e9sekn\u00e9l is eredm\u00e9nyesen haszn\u00e1lhat\u00f3<\/li>\n<li>Nem perzsel, m\u00e9g a lev\u00e9lzeten sem<\/li>\n<li>Gyorsan old\u00f3dik<\/li>\n<li>K\u00f6nnyen kijuttathat\u00f3<\/li>\n<li>Hat\u00e1startam: 6-8 h\u00e9t<\/li>\n<li>Szemcsem\u00e9ret: 0,7-3,2mm<\/li>\n<\/ul>\n<h3>Hol alkalmazhat\u00f3 a Bisol Forte 25 kg?<\/h3>\n<ul>\n<li>Mag\u00e1nkertekben<\/li>\n<li>K\u00f6zparkokban<\/li>\n<li>Ipari l\u00e9tes\u00edtm\u00e9nyek z\u00f6ld ter\u00fclet\u00e9n<\/li>\n<li>Labdar\u00fag\u00f3p\u00e1ly\u00e1k<\/li>\n<li>Golfp\u00e1ly\u00e1k<\/li>\n<li>Mag\u00e1nkertekben, parkokban : 300-400m2\/zs\u00e1k<\/li>\n<li>Labdar\u00fag\u00f3p\u00e1ly\u00e1kra : 9-12 zs\u00e1k\/alkalom<\/li>\n<\/ul>\n<p>Haszn\u00e1lhatjuk alaptr\u00e1gyak\u00e9nt \u00e9s fejtr\u00e1gyak\u00e9nt. F\u00e1ssz\u00e1r\u00fa n\u00f6v\u00e9nyekn\u00e9l, mint p\u00e9ld\u00e1ul sz\u0151l\u0151, d\u00edszcserj\u00e9k k\u00f6zvetlen\u00fcl a n\u00f6v\u00e9ny sz\u00e1r\u00e1hoz is ker\u00fclhet a granul\u00e1tum. L\u00e1gysz\u00e1r\u00fa n\u00f6v\u00e9nyekn\u00e9l alaptr\u00e1gyak\u00e9nt az \u00fcltet\u00e9s, vet\u00e9s el\u0151tt 2 h\u00e9ttel kisz\u00f3rjuk a talaj felsz\u00edn\u00e9re a granul\u00e1tumot, majd mikor a nedvess\u00e9g \u00e9s csapad\u00e9k hat\u00e1s\u00e1ra ez a kem\u00e9ny granul\u00e1tum felold\u00f3dott, bemunk\u00e1lhatjuk a talajba, \u00e9s ezt k\u00f6vet\u0151en vethet\u00fcnk, pal\u00e1nt\u00e1zhatunk. Fejtr\u00e1gy\u00e1z\u00e1s eset\u00e9n a l\u00e1gysz\u00e1r\u00fa n\u00f6v\u00e9nyekt\u0151l 5 cm t\u00e1vols\u00e1gra jutassuk ki a Biososol Fortet. Az\u00e9rt l\u00e9nyeges, hogy a granul\u00e1tum ne \u00e9rjen a n\u00f6v\u00e9ny l\u00e1gy r\u00e9sz\u00e9hez, mert a Biososol Forte nem perzsel, de nagy v\u00edzmegk\u00f6t\u0151 k\u00e9pess\u00e9ge miatt v\u00edzhi\u00e1ny eset\u00e9n a n\u00f6v\u00e9nyt\u0151l veszi el a nedvess\u00e9get \u00e9s ez \u00e1ltal k\u00e1ros\u00edtja azt.<\/p>\n<p><strong>K\u00e9szlet\u00fcnk napi szinten v\u00e1ltozik, ez\u00e9rt k\u00e9rj\u00fck, \u00e9rdekl\u0151dj\u00f6n szem\u00e9lyesen, telefonon vagy email-en.<br \/>\nA v\u00e1ltoztat\u00e1s jog\u00e1t fenntartjuk!\u00a0<\/strong><\/p>\n<p><a href=\"https:\/\/tajkertesz.com\/\">https:\/\/tajkertesz.com\/<\/a><\/p>\n<p><a href=\"https:\/\/www.facebook.com\/tajkertesz\/\">https:\/\/www.facebook.com\/tajkertesz\/<\/a><\/p>\n<p>Kisz\u00e1ll\u00edt\u00e1s: 200 cm \u00e9s 40 kg is a sz\u00e1ll\u00edt\u00e1s fut\u00e1rszolg\u00e1lattal \u00a0t\u00f6rt\u00e9nik.<\/p>\n<p>Szem\u00e9lyes \u00e1tv\u00e9tel nyitvatart\u00e1si id\u0151ben a\u00a0 17. ker\u00fclet Bakancsos utca 7. sz\u00e1m alatti Kert\u00e9szeti \u00e1rud\u00e1ban.<\/p>","protected":false},"excerpt":{"rendered":"<p>Egy ferment\u00e1ci\u00f3s folyamat (gomb\u00e1k, bakt\u00e9riumok) \u00e1ltal erjesztett n\u00f6v\u00e9nyi r\u00e9szekb\u0151l kialakult biomassza. Term\u00e9szetes n\u00f6v\u00e9nyi r\u00e9szekb\u0151l; cukor, szirup, feh\u00e9rje, nyomelemek \u00e9s vitaminok mint nyersanyagok ker\u00fclnek beolt\u00e1sra. A biomassza sz\u00e1r\u00edt\u00e1sa ut\u00e1n 3 % k\u00e1liumszulf\u00e1ttal eg\u00e9sz\u00edtik ki, majd granul\u00e1lj\u00e1k \u00e9s ez \u00e1ltal egy j\u00f3l kisz\u00f3rhat\u00f3 tr\u00e1gy\u00e1z\u00f3 szer k\u00e9sz\u00fclt el.<\/p>\n<h3>Hol alkalmazhat\u00f3 a Bisol Forte?<\/h3>\n<ul>\n<li>Mag\u00e1nkertekben<\/li>\n<li>K\u00f6zparkokban<\/li>\n<li>Ipari l\u00e9tes\u00edtm\u00e9nyek z\u00f6ld ter\u00fclet\u00e9n<\/li>\n<li>Labdar\u00fag\u00f3p\u00e1ly\u00e1k<\/li>\n<li>Golfp\u00e1ly\u00e1k<\/li>\n<li>Mag\u00e1nkertekben, parkokban : 300-400m2\/zs\u00e1k<\/li>\n<li>Labdar\u00fag\u00f3p\u00e1ly\u00e1kra : 9-12 zs\u00e1k\/alkalom<\/li>\n<\/ul>","protected":false},"featured_media":13449,"template":"","meta":{"_et_pb_use_builder":"","_et_pb_old_content":"","_et_gb_content_width":""},"product_brand":[],"product_cat":[4274,35],"product_tag":[4882,3929,3928,3930,705,4880,4881],"class_list":{"0":"post-13448","1":"product","2":"type-product","3":"status-publish","4":"has-post-thumbnail","6":"product_cat-akcios-termekek","7":"product_cat-tragyak","8":"product_tag-biomassza","9":"product_tag-biosol","10":"product_tag-biosol-forte-25-kg","11":"product_tag-forte","12":"product_tag-mutragya","13":"product_tag-szerves-mutragya","14":"product_tag-szervesttragya","16":"first","17":"instock","18":"sale","19":"shipping-taxable","20":"purchasable","21":"product-type-simple"},"yoast_head":"<!-- This site is optimized with the Yoast SEO plugin v27.4 - https:\/\/yoast.com\/product\/yoast-seo-wordpress\/ -->\n<title>Biosol Forte 25 kg - T\u00e1jkert\u00e9sz<\/title>\n<meta name=\"description\" content=\"A Biosol Forte 25 kg egy ferment\u00e1ci\u00f3s folyamat (gomb\u00e1k, bakt\u00e9riumok) \u00e1ltal erjesztett n\u00f6v\u00e9nyi r\u00e9szekb\u0151l kialakult biomassza. Akci\u00f3s \u00e1ra: 13.290.Ft\" \/>\n<meta name=\"robots\" content=\"index, follow, max-snippet:-1, max-image-preview:large, max-video-preview:-1\" \/>\n<link rel=\"canonical\" href=\"https:\/\/tajkertesz.com\/en_US\/product\/biosol-forte-25-kg\/\" \/>\n<meta property=\"og:locale\" content=\"en_US\" \/>\n<meta property=\"og:type\" content=\"article\" \/>\n<meta property=\"og:title\" content=\"https:\/\/www.facebook.com\/tajkertesz\/\" \/>\n<meta property=\"og:description\" content=\"https:\/\/www.facebook.com\/tajkertesz\/\" \/>\n<meta property=\"og:url\" content=\"https:\/\/tajkertesz.com\/en_US\/product\/biosol-forte-25-kg\/\" \/>\n<meta property=\"og:site_name\" content=\"T\u00e1jkert\u00e9sz\" \/>\n<meta property=\"article:publisher\" content=\"https:\/\/www.facebook.com\/Tajkertesz\/\" \/>\n<meta property=\"article:modified_time\" content=\"2026-02-24T10:05:42+00:00\" \/>\n<meta property=\"og:image\" content=\"https:\/\/tajkertesz.com\/wp-content\/uploads\/2022\/09\/biosol-forte.png\" \/>\n\t<meta property=\"og:image:width\" content=\"465\" \/>\n\t<meta property=\"og:image:height\" content=\"525\" \/>\n\t<meta property=\"og:image:type\" content=\"image\/png\" \/>\n<meta name=\"twitter:card\" content=\"summary_large_image\" \/>\n<meta name=\"twitter:label1\" content=\"Est. reading time\" \/>\n\t<meta name=\"twitter:data1\" content=\"3 minutes\" \/>\n<script type=\"application\/ld+json\" class=\"yoast-schema-graph\">{\"@context\":\"https:\\\/\\\/schema.org\",\"@graph\":[{\"@type\":\"WebPage\",\"@id\":\"https:\\\/\\\/tajkertesz.com\\\/termek\\\/biosol-forte-25-kg\\\/\",\"url\":\"https:\\\/\\\/tajkertesz.com\\\/termek\\\/biosol-forte-25-kg\\\/\",\"name\":\"Biosol Forte 25 kg - T\u00e1jkert\u00e9sz\",\"isPartOf\":{\"@id\":\"https:\\\/\\\/tajkertesz.com\\\/#website\"},\"primaryImageOfPage\":{\"@id\":\"https:\\\/\\\/tajkertesz.com\\\/termek\\\/biosol-forte-25-kg\\\/#primaryimage\"},\"image\":{\"@id\":\"https:\\\/\\\/tajkertesz.com\\\/termek\\\/biosol-forte-25-kg\\\/#primaryimage\"},\"thumbnailUrl\":\"https:\\\/\\\/tajkertesz.com\\\/wp-content\\\/uploads\\\/2022\\\/09\\\/biosol-forte.png\",\"datePublished\":\"2022-09-06T10:49:47+00:00\",\"dateModified\":\"2026-02-24T10:05:42+00:00\",\"description\":\"A Biosol Forte 25 kg egy ferment\u00e1ci\u00f3s folyamat (gomb\u00e1k, bakt\u00e9riumok) \u00e1ltal erjesztett n\u00f6v\u00e9nyi r\u00e9szekb\u0151l kialakult biomassza. Akci\u00f3s \u00e1ra: 13.290.Ft\",\"breadcrumb\":{\"@id\":\"https:\\\/\\\/tajkertesz.com\\\/termek\\\/biosol-forte-25-kg\\\/#breadcrumb\"},\"inLanguage\":\"en-US\",\"potentialAction\":[{\"@type\":\"ReadAction\",\"target\":[\"https:\\\/\\\/tajkertesz.com\\\/termek\\\/biosol-forte-25-kg\\\/\"]}]},{\"@type\":\"ImageObject\",\"inLanguage\":\"en-US\",\"@id\":\"https:\\\/\\\/tajkertesz.com\\\/termek\\\/biosol-forte-25-kg\\\/#primaryimage\",\"url\":\"https:\\\/\\\/tajkertesz.com\\\/wp-content\\\/uploads\\\/2022\\\/09\\\/biosol-forte.png\",\"contentUrl\":\"https:\\\/\\\/tajkertesz.com\\\/wp-content\\\/uploads\\\/2022\\\/09\\\/biosol-forte.png\",\"width\":465,\"height\":525,\"caption\":\"Biosol Forte 25 kg\"},{\"@type\":\"BreadcrumbList\",\"@id\":\"https:\\\/\\\/tajkertesz.com\\\/termek\\\/biosol-forte-25-kg\\\/#breadcrumb\",\"itemListElement\":[{\"@type\":\"ListItem\",\"position\":1,\"name\":\"Home\",\"item\":\"https:\\\/\\\/tajkertesz.com\\\/\"},{\"@type\":\"ListItem\",\"position\":2,\"name\":\"Kezd\u0151lap\",\"item\":\"https:\\\/\\\/tajkertesz.com\\\/\"},{\"@type\":\"ListItem\",\"position\":3,\"name\":\"Biosol Forte 25 kg\"}]},{\"@type\":\"WebSite\",\"@id\":\"https:\\\/\\\/tajkertesz.com\\\/#website\",\"url\":\"https:\\\/\\\/tajkertesz.com\\\/\",\"name\":\"T\u00e1j-Kert\u00e9sz 84 Kft.\",\"description\":\"Kert\u00e9szeti kis- \u00e9s nagykeresked\u00e9s, D\u00edszn\u00f6v\u00e9ny web\u00e1ruh\u00e1z orsz\u00e1gos h\u00e1zhozsz\u00e1ll\u00edt\u00e1ssal!\",\"publisher\":{\"@id\":\"https:\\\/\\\/tajkertesz.com\\\/#organization\"},\"potentialAction\":[{\"@type\":\"SearchAction\",\"target\":{\"@type\":\"EntryPoint\",\"urlTemplate\":\"https:\\\/\\\/tajkertesz.com\\\/?s={search_term_string}\"},\"query-input\":{\"@type\":\"PropertyValueSpecification\",\"valueRequired\":true,\"valueName\":\"search_term_string\"}}],\"inLanguage\":\"en-US\"},{\"@type\":\"Organization\",\"@id\":\"https:\\\/\\\/tajkertesz.com\\\/#organization\",\"name\":\"T\u00e1j-Kert\u00e9sz 84 Kft.\",\"url\":\"https:\\\/\\\/tajkertesz.com\\\/\",\"logo\":{\"@type\":\"ImageObject\",\"inLanguage\":\"en-US\",\"@id\":\"https:\\\/\\\/tajkertesz.com\\\/#\\\/schema\\\/logo\\\/image\\\/\",\"url\":\"https:\\\/\\\/tajkertesz.com\\\/wp-content\\\/uploads\\\/2018\\\/02\\\/logo-2-e1518678052539.png\",\"contentUrl\":\"https:\\\/\\\/tajkertesz.com\\\/wp-content\\\/uploads\\\/2018\\\/02\\\/logo-2-e1518678052539.png\",\"width\":81,\"height\":140,\"caption\":\"T\u00e1j-Kert\u00e9sz 84 Kft.\"},\"image\":{\"@id\":\"https:\\\/\\\/tajkertesz.com\\\/#\\\/schema\\\/logo\\\/image\\\/\"},\"sameAs\":[\"https:\\\/\\\/www.facebook.com\\\/Tajkertesz\\\/\"]}]}<\/script>\n<!-- \/ Yoast SEO plugin. -->","yoast_head_json":{"title":"Biosol Forte 25 kg - T\u00e1jkert\u00e9sz","description":"A Biosol Forte 25 kg egy ferment\u00e1ci\u00f3s folyamat (gomb\u00e1k, bakt\u00e9riumok) \u00e1ltal erjesztett n\u00f6v\u00e9nyi r\u00e9szekb\u0151l kialakult biomassza. Akci\u00f3s \u00e1ra: 13.290.Ft","robots":{"index":"index","follow":"follow","max-snippet":"max-snippet:-1","max-image-preview":"max-image-preview:large","max-video-preview":"max-video-preview:-1"},"canonical":"https:\/\/tajkertesz.com\/en_US\/product\/biosol-forte-25-kg\/","og_locale":"en_US","og_type":"article","og_title":"https:\/\/www.facebook.com\/tajkertesz\/","og_description":"https:\/\/www.facebook.com\/tajkertesz\/","og_url":"https:\/\/tajkertesz.com\/en_US\/product\/biosol-forte-25-kg\/","og_site_name":"T\u00e1jkert\u00e9sz","article_publisher":"https:\/\/www.facebook.com\/Tajkertesz\/","article_modified_time":"2026-02-24T10:05:42+00:00","og_image":[{"width":465,"height":525,"url":"https:\/\/tajkertesz.com\/wp-content\/uploads\/2022\/09\/biosol-forte.png","type":"image\/png"}],"twitter_card":"summary_large_image","twitter_misc":{"Est. reading time":"3 minutes"},"schema":{"@context":"https:\/\/schema.org","@graph":[{"@type":"WebPage","@id":"https:\/\/tajkertesz.com\/termek\/biosol-forte-25-kg\/","url":"https:\/\/tajkertesz.com\/termek\/biosol-forte-25-kg\/","name":"Biosol Forte 25 kg - T\u00e1jkert\u00e9sz","isPartOf":{"@id":"https:\/\/tajkertesz.com\/#website"},"primaryImageOfPage":{"@id":"https:\/\/tajkertesz.com\/termek\/biosol-forte-25-kg\/#primaryimage"},"image":{"@id":"https:\/\/tajkertesz.com\/termek\/biosol-forte-25-kg\/#primaryimage"},"thumbnailUrl":"https:\/\/tajkertesz.com\/wp-content\/uploads\/2022\/09\/biosol-forte.png","datePublished":"2022-09-06T10:49:47+00:00","dateModified":"2026-02-24T10:05:42+00:00","description":"A Biosol Forte 25 kg egy ferment\u00e1ci\u00f3s folyamat (gomb\u00e1k, bakt\u00e9riumok) \u00e1ltal erjesztett n\u00f6v\u00e9nyi r\u00e9szekb\u0151l kialakult biomassza. Akci\u00f3s \u00e1ra: 13.290.Ft","breadcrumb":{"@id":"https:\/\/tajkertesz.com\/termek\/biosol-forte-25-kg\/#breadcrumb"},"inLanguage":"en-US","potentialAction":[{"@type":"ReadAction","target":["https:\/\/tajkertesz.com\/termek\/biosol-forte-25-kg\/"]}]},{"@type":"ImageObject","inLanguage":"en-US","@id":"https:\/\/tajkertesz.com\/termek\/biosol-forte-25-kg\/#primaryimage","url":"https:\/\/tajkertesz.com\/wp-content\/uploads\/2022\/09\/biosol-forte.png","contentUrl":"https:\/\/tajkertesz.com\/wp-content\/uploads\/2022\/09\/biosol-forte.png","width":465,"height":525,"caption":"Biosol Forte 25 kg"},{"@type":"BreadcrumbList","@id":"https:\/\/tajkertesz.com\/termek\/biosol-forte-25-kg\/#breadcrumb","itemListElement":[{"@type":"ListItem","position":1,"name":"Home","item":"https:\/\/tajkertesz.com\/"},{"@type":"ListItem","position":2,"name":"Kezd\u0151lap","item":"https:\/\/tajkertesz.com\/"},{"@type":"ListItem","position":3,"name":"Biosol Forte 25 kg"}]},{"@type":"WebSite","@id":"https:\/\/tajkertesz.com\/#website","url":"https:\/\/tajkertesz.com\/","name":"T\u00e1j-Kert\u00e9sz 84 Kft.","description":"Kert\u00e9szeti kis- \u00e9s nagykeresked\u00e9s, D\u00edszn\u00f6v\u00e9ny web\u00e1ruh\u00e1z orsz\u00e1gos h\u00e1zhozsz\u00e1ll\u00edt\u00e1ssal!","publisher":{"@id":"https:\/\/tajkertesz.com\/#organization"},"potentialAction":[{"@type":"SearchAction","target":{"@type":"EntryPoint","urlTemplate":"https:\/\/tajkertesz.com\/?s={search_term_string}"},"query-input":{"@type":"PropertyValueSpecification","valueRequired":true,"valueName":"search_term_string"}}],"inLanguage":"en-US"},{"@type":"Organization","@id":"https:\/\/tajkertesz.com\/#organization","name":"T\u00e1j-Kert\u00e9sz 84 Kft.","url":"https:\/\/tajkertesz.com\/","logo":{"@type":"ImageObject","inLanguage":"en-US","@id":"https:\/\/tajkertesz.com\/#\/schema\/logo\/image\/","url":"https:\/\/tajkertesz.com\/wp-content\/uploads\/2018\/02\/logo-2-e1518678052539.png","contentUrl":"https:\/\/tajkertesz.com\/wp-content\/uploads\/2018\/02\/logo-2-e1518678052539.png","width":81,"height":140,"caption":"T\u00e1j-Kert\u00e9sz 84 Kft."},"image":{"@id":"https:\/\/tajkertesz.com\/#\/schema\/logo\/image\/"},"sameAs":["https:\/\/www.facebook.com\/Tajkertesz\/"]}]}},"_links":{"self":[{"href":"https:\/\/tajkertesz.com\/en_US\/wp-json\/wp\/v2\/product\/13448","targetHints":{"allow":["GET"]}}],"collection":[{"href":"https:\/\/tajkertesz.com\/en_US\/wp-json\/wp\/v2\/product"}],"about":[{"href":"https:\/\/tajkertesz.com\/en_US\/wp-json\/wp\/v2\/types\/product"}],"wp:featuredmedia":[{"embeddable":true,"href":"https:\/\/tajkertesz.com\/en_US\/wp-json\/wp\/v2\/media\/13449"}],"wp:attachment":[{"href":"https:\/\/tajkertesz.com\/en_US\/wp-json\/wp\/v2\/media?parent=13448"}],"wp:term":[{"taxonomy":"product_brand","embeddable":true,"href":"https:\/\/tajkertesz.com\/en_US\/wp-json\/wp\/v2\/product_brand?post=13448"},{"taxonomy":"product_cat","embeddable":true,"href":"https:\/\/tajkertesz.com\/en_US\/wp-json\/wp\/v2\/product_cat?post=13448"},{"taxonomy":"product_tag","embeddable":true,"href":"https:\/\/tajkertesz.com\/en_US\/wp-json\/wp\/v2\/product_tag?post=13448"}],"curies":[{"name":"wp","href":"https:\/\/api.w.org\/{rel}","templated":true}]}}