{"id":1354,"date":"2020-03-23T13:57:13","date_gmt":"2020-03-23T13:57:13","guid":{"rendered":"https:\/\/tajkertesz.com\/?post_type=product&#038;p=1354"},"modified":"2026-03-15T07:33:07","modified_gmt":"2026-03-15T07:33:07","slug":"jasminum-nudiflorum-teli-jazmin","status":"publish","type":"product","link":"https:\/\/tajkertesz.com\/en_US\/product\/jasminum-nudiflorum-teli-jazmin\/","title":{"rendered":"Jasminum nudiflorum &#8211; T\u00e9li j\u00e1zmin"},"content":{"rendered":"<p>Jasminum nudiflorum &#8211; T\u00e9li j\u00e1zmin<\/p>\n<p>A Jasminum nudiflorum &#8211; T\u00e9li j\u00e1zmin az egyik legkor\u00e1bban vir\u00e1gz\u00f3, fagyt\u0171r\u0151, lombhullat\u00f3 d\u00edszcserje. Gyakran <strong data-start=\"687\" data-end=\"710\">janu\u00e1rt\u00f3l m\u00e1rciusig<\/strong> vir\u00e1gzik, amikor a kert m\u00e9g alig \u00e9bred a hidegb\u0151l. Vil\u00e1goss\u00e1rga vir\u00e1gai csupasz vessz\u0151k\u00f6n ny\u00edlnak, ezzel egyedi, figyelemfelkelt\u0151 l\u00e1tv\u00e1nyt ny\u00fajtanak. Hajt\u00e1sai lecs\u00fcng\u0151k vagy felfuttathat\u00f3k, \u00edgy sokoldal\u00faan alkalmazhat\u00f3.<\/p>\n<h4 data-start=\"932\" data-end=\"954\"><strong data-start=\"936\" data-end=\"954\">F\u0151bb jellemz\u0151k<\/strong><\/h4>\n<ul data-start=\"955\" data-end=\"1283\">\n<li data-start=\"955\" data-end=\"978\">\n<p data-start=\"957\" data-end=\"978\"><strong data-start=\"957\" data-end=\"970\">Magass\u00e1g:<\/strong> 1\u20133 m<\/p>\n<\/li>\n<li data-start=\"979\" data-end=\"1003\">\n<p data-start=\"981\" data-end=\"1003\"><strong data-start=\"981\" data-end=\"995\">Sz\u00e9less\u00e9g:<\/strong> 2\u20133 m<\/p>\n<\/li>\n<li data-start=\"1004\" data-end=\"1036\">\n<p data-start=\"1006\" data-end=\"1036\"><strong data-start=\"1006\" data-end=\"1019\">Vir\u00e1gz\u00e1s:<\/strong> janu\u00e1r\u2013m\u00e1rcius<\/p>\n<\/li>\n<li data-start=\"1037\" data-end=\"1067\">\n<p data-start=\"1039\" data-end=\"1067\"><strong data-start=\"1039\" data-end=\"1053\">Vir\u00e1gsz\u00edn:<\/strong> \u00e9l\u00e9nk s\u00e1rga<\/p>\n<\/li>\n<li data-start=\"1068\" data-end=\"1128\">\n<p data-start=\"1070\" data-end=\"1128\"><strong data-start=\"1070\" data-end=\"1091\">N\u00f6veked\u00e9si forma:<\/strong> hajl\u00e9kony, \u00edves \u00e1g\u00fa, felfuttathat\u00f3<\/p>\n<\/li>\n<li data-start=\"1129\" data-end=\"1170\">\n<p data-start=\"1131\" data-end=\"1170\"><strong data-start=\"1131\" data-end=\"1145\">F\u00e9nyig\u00e9ny:<\/strong> napos\u2013f\u00e9l\u00e1rny\u00e9kos hely<\/p>\n<\/li>\n<li data-start=\"1171\" data-end=\"1205\">\n<p data-start=\"1173\" data-end=\"1205\"><strong data-start=\"1173\" data-end=\"1183\">Talaj:<\/strong> \u00e1tlagos kerti talaj<\/p>\n<\/li>\n<li data-start=\"1206\" data-end=\"1253\">\n<p data-start=\"1208\" data-end=\"1253\"><strong data-start=\"1208\" data-end=\"1222\">Fagyt\u0171r\u00e9s:<\/strong> kiv\u00e1l\u00f3, m\u00ednuszokat j\u00f3l b\u00edrja<\/p>\n<\/li>\n<li data-start=\"1254\" data-end=\"1283\">\n<p data-start=\"1256\" data-end=\"1283\"><strong data-start=\"1256\" data-end=\"1266\">Illat:<\/strong> enyh\u00e9n illatos<\/p>\n<\/li>\n<\/ul>\n<p>N\u00e9gysz\u00f6glet\u0171, z\u00f6ld sz\u00edn\u0171 \u00e1grendszere \u00edvesen meghajl\u00f3, melyeken m\u00e1r febru\u00e1rban t\u00f6megesen megjelennek s\u00e1rga vir\u00e1gai \u00fcde sz\u00ednfoltot alkotva a kop\u00e1r t\u00e9li kertekben.<br \/>\nCs\u00fcng\u0151- k\u00fasz\u00f3 habitusa miatt kiv\u00e1l\u00f3an alkalmas r\u00e9zs\u0171k befuttat\u00e1s\u00e1ra, de alacsonyabb t\u00f6m\u00f6tt s\u00f6v\u00e9ny is nevelhet\u0151 bel\u0151le.<\/p>\n<p>T\u00e1maszt\u00e9k mellett 1,5 m- re is felfuttathat\u00f3.<br \/>\nNapos vagy f\u00e9l\u00e1rny\u00e9kos helyet kedvel.<\/p>\n<p>Betegs\u00e9gekkel szemben ellen\u00e1ll\u00f3.<\/p>\n<p>Jelen term\u00e9k\u00fcnk 2 literes cser\u00e9pben kaphat\u00f3 \u00e9s kb:25-45 cm magas.<\/p>\n<h4><strong>\ud83d\udd04 K\u00e9szletinform\u00e1ci\u00f3<\/strong><\/h4>\n<p><strong>K\u00e9szlet\u00fcnk napi szinten v\u00e1ltozik, \u00edgy a webshopban szerepl<\/strong><strong>\u0151<\/strong><strong>\u00a0term\u00e9kek el\u00e9rhet<\/strong><strong>\u0151<\/strong><strong>s\u00e9ge nem garant\u00e1lt.<br \/>\n\ud83d\udcde A megrendel\u00e9s el<\/strong><strong>\u0151<\/strong><strong>tt k\u00e9rj\u00fck, \u00e9rdekl<\/strong><strong>\u0151<\/strong><strong>dj\u00f6n szem\u00e9lyesen, telefonon vagy e-mailben!<\/strong><\/p>\n<h4><strong>\u27a1\ufe0f Kapcsolat:<\/strong><\/h4>\n<ul>\n<li><strong>Weboldal:\u00a0<\/strong><a href=\"https:\/\/tajkertesz.com\/\"><strong>tajkertesz.com<\/strong><\/a><\/li>\n<li><strong>Facebook:\u00a0<\/strong><a href=\"https:\/\/www.facebook.com\/tajkertesz\/\"><strong>facebook.com\/tajkertesz<\/strong><\/a><\/li>\n<li><strong>Telefonsz\u00e1m, e-mail: +36\/20-319-3770\u00a0<\/strong><a href=\"mailto:tajkerteszaruda@gmail.com\"><strong>tajkerteszaruda@gmail.com<\/strong><\/a><\/li>\n<\/ul>\n<h4><strong>\ud83d\ude9a Sz\u00e1ll\u00edt\u00e1si inform\u00e1ci\u00f3k<\/strong><\/h4>\n<p><strong>A megrendelt n\u00f6v\u00e9nyek kisz\u00e1ll\u00edt\u00e1sa az al\u00e1bbi felt\u00e9telek mellett t\u00f6rt\u00e9nik:<\/strong><\/p>\n<h4><strong>\ud83d\udce6 Fut\u00e1rszolg\u00e1latos sz\u00e1ll\u00edt\u00e1s<\/strong><\/h4>\n<ul>\n<li><strong>Maxim\u00e1lis m\u00e9ret: 200 cm (hossz\u00fas\u00e1g)<\/strong><\/li>\n<li><strong>Maxim\u00e1lis s\u00faly: 40 kg<\/strong><\/li>\n<li><strong>Az enn\u00e9l kisebb \u00e9s k\u00f6nnyebb csomagokat fut\u00e1rszolg\u00e1lattal k\u00e9zbes\u00edtj\u00fck a lehet<\/strong><strong>\u0151<\/strong><strong>\u00a0legbiztons\u00e1gosabb csomagol\u00e1sban.<\/strong><\/li>\n<\/ul>\n<h4><strong>\ud83d\udefb Szem\u00e9lyes \u00e1tv\u00e9tel<\/strong><\/h4>\n<ul>\n<li><strong>1173 Budapest, Bakancsos utca 7. sz\u00e1m alatt nyitvatart\u00e1si id<\/strong><strong>\u0151<\/strong><strong>ben szem\u00e9lyesen \u00e1tvehet<\/strong><strong>\u0151<\/strong><strong>\u00a0kert\u00e9szeti \u00e1rud\u00e1nkban.<\/strong><\/li>\n<li><strong>K\u00f6lts\u00e9ghat\u00e9kony megold\u00e1s nagyobb, t\u00f6r\u00e9kenyebb vagy t\u00falm\u00e9retes n\u00f6v\u00e9nyek eset\u00e9n.<\/strong><\/li>\n<\/ul>\n<h4><strong>\ud83d\udcde Nagy m\u00e9ret<\/strong><strong>\u0171<\/strong><strong>\u00a0vagy s\u00faly\u00fa n\u00f6v\u00e9nyek eset\u00e9n<\/strong><\/h4>\n<p><strong>Ha a term\u00e9k:<\/strong><\/p>\n<ul>\n<li><strong>meghaladja a 200 cm hossz\u00fas\u00e1got vagy<\/strong><\/li>\n<li><strong>meghaladja a 40 kg s\u00falyt,<\/strong><\/li>\n<\/ul>\n<p><strong>akkor szem\u00e9lyes \u00e1tv\u00e9tellel vagy egyedi, el<\/strong><strong>\u0151<\/strong><strong>re egyeztetett sz\u00e1ll\u00edt\u00e1si felt\u00e9telek mellett t\u00f6rt\u00e9nik.<br \/>\nK\u00e9rj\u00fck, ilyen esetben rendel\u00e9s el<\/strong><strong>\u0151<\/strong><strong>tt vegye fel vel\u00fcnk a kapcsolatot, hogy a lehet<\/strong><strong>\u0151<\/strong><strong>\u00a0legmegfelel<\/strong><strong>\u0151<\/strong><strong>bb sz\u00e1ll\u00edt\u00e1si megold\u00e1st k\u00edn\u00e1lhassuk.<\/strong><\/p>\n<p><strong>\ud83d\udd14 Fontos: A n\u00f6v\u00e9nyeket minden esetben igyeksz\u00fcnk gondosan, egyes\u00e9vel csomagolni, azonban a sz\u00e1ll\u00edt\u00e1s sor\u00e1n kisebb eszt\u00e9tikai s\u00e9r\u00fcl\u00e9sek el<\/strong><strong>\u0151<\/strong><strong>fordulhatnak (pl. lev\u00e9lhull\u00e1s). Ez nem min<\/strong><strong>\u0151<\/strong><strong>s\u00fcl hib\u00e1s teljes\u00edt\u00e9snek.<\/strong><\/p>\n<h4><strong>\ud83d\udcf7 Fontos tudni a k\u00e9pekr<\/strong><strong>\u0151<\/strong><strong>l<\/strong><\/h4>\n<p><strong>A webshopban szerepl<\/strong><strong>\u0151<\/strong><strong>\u00a0k\u00e9pek illusztr\u00e1ci\u00f3k, a n\u00f6v\u00e9nyek term\u00e9szet\u00fckn\u00e9l fogva egyediek, \u00edgy m\u00e9retben, alakban \u00e9s sz\u00ednben minim\u00e1lis elt\u00e9r\u00e9sek el<\/strong><strong>\u0151<\/strong><strong>fordulhatnak a k\u00e9pen l\u00e1that\u00f3 \u00e9s a val\u00f3s p\u00e9ld\u00e1nyok k\u00f6z\u00f6tt.<\/strong><\/p>\n<h4><strong>\ud83e\uddfe \u00c1rak \u00e9s el\u00e1ll\u00e1si jog<\/strong><\/h4>\n<ul>\n<li><strong>Az \u00e1rak egy darab\u00a0n\u00f6v\u00e9nyre vonatkoznak.<\/strong><\/li>\n<li><strong>\u00c9l<\/strong><strong>\u0151<\/strong><strong>\u00a0n\u00f6v\u00e9nyek rendel\u00e9se eset\u00e9n a 14 napos el\u00e1ll\u00e1s joga nem \u00e9rv\u00e9nyes\u00edthet<\/strong><strong>\u0151<\/strong><strong>, mivel azok romland\u00f3, biol\u00f3giailag \u00e9l<\/strong><strong>\u0151<\/strong><strong>\u00a0term\u00e9keknek min<\/strong><strong>\u0151<\/strong><strong>s\u00fclnek.<br \/>\n\ud83d\udd12 (17\/1999. (II. 5.) Korm. rendelet 5. \u00a7 c) pontja alapj\u00e1n)<\/strong><\/li>\n<\/ul>\n<h4><strong>\ud83d\udce6 K\u00e9zbes\u00edt\u00e9s ut\u00e1ni teend<\/strong><strong>\u0151<\/strong><strong>k<\/strong><\/h4>\n<p><strong>A k\u00e9zbes\u00edt\u00e9st k\u00f6vet<\/strong><strong>\u0151<\/strong><strong>en a csomagot azonnal bontsuk ki, \u00e9s a n\u00f6v\u00e9nyt helyezz\u00fck el megfelel<\/strong><strong>\u0151<\/strong><strong>\u00a0k\u00f6rnyezetben.<br \/>\nFontos: ha a n\u00f6v\u00e9ny nem r\u00e9szes\u00fcl megfelel<\/strong><strong>\u0151<\/strong><strong>\u00a0gondoz\u00e1sban \u00e9s ennek k\u00f6vetkezt\u00e9ben k\u00e1rosodik vagy elpusztul, felel<\/strong><strong>\u0151<\/strong><strong>ss\u00e9get nem tudunk v\u00e1llalni.<\/strong><\/p>","protected":false},"excerpt":{"rendered":"<p>A <strong data-start=\"210\" data-end=\"247\">t\u00e9li j\u00e1zmin (Jasminum nudiflorum)<\/strong> egy k\u00fcl\u00f6nleges, kor\u00e1n \u2013 ak\u00e1r janu\u00e1rt\u00f3l \u2013 vir\u00e1gz\u00f3 d\u00edszcserje, amely \u00e9l\u00e9nk s\u00e1rga vir\u00e1gaival a t\u00e9l v\u00e9g\u00e9n hoz sz\u00ednt a kertbe. Rugalmas hajt\u00e1sai miatt t\u00e1mrendszerre felfuttathat\u00f3 vagy talajtakar\u00f3k\u00e9nt is nevelhet\u0151, rendk\u00edv\u00fcl fagyt\u0171r\u0151.<\/p>\n<p>M\u00e9rete: 2 literes kont\u00e9nerben, 30\/40 cm magas.<\/p>","protected":false},"featured_media":1356,"template":"","meta":{"_et_pb_use_builder":"","_et_pb_old_content":"","_et_gb_content_width":""},"product_brand":[],"product_cat":[27],"product_tag":[7529,7526,7527,321,7525,7530,6516,7528,6536,322],"class_list":{"0":"post-1354","1":"product","2":"type-product","3":"status-publish","4":"has-post-thumbnail","6":"product_cat-cserjek","7":"product_tag-alacsony-gondozasigenyu-noveny","8":"product_tag-fagyturo-diszcserje","9":"product_tag-felfuttathato-noveny","10":"product_tag-jasminum-nudiflorum","11":"product_tag-korai-viragzasu-cserje","12":"product_tag-pergolara-futo-noveny","13":"product_tag-sarga-viragu-cserje","14":"product_tag-talajtakaro-cserje","15":"product_tag-tel-vegi-viragzas","16":"product_tag-teli-jazmin","18":"first","19":"instock","20":"shipping-taxable","21":"purchasable","22":"product-type-simple"},"yoast_head":"<!-- This site is optimized with the Yoast SEO plugin v27.4 - https:\/\/yoast.com\/product\/yoast-seo-wordpress\/ -->\n<title>Jasminum nudiflorum - T\u00e9li j\u00e1zmin - T\u00e1jkert\u00e9sz<\/title>\n<meta name=\"description\" content=\"Jasminum nudiflorum - T\u00e9li j\u00e1zmin janu\u00e1rt\u00f3l ny\u00edl\u00f3 s\u00e1rga vir\u00e1gok, fagyt\u0171r\u0151, felfuttathat\u00f3 vagy talajtakar\u00f3 d\u00edszcserje. Sz\u00ednt visz a t\u00e9li kertbe.\" \/>\n<meta name=\"robots\" content=\"index, follow, max-snippet:-1, max-image-preview:large, max-video-preview:-1\" \/>\n<link rel=\"canonical\" href=\"https:\/\/tajkertesz.com\/en_US\/product\/jasminum-nudiflorum-teli-jazmin\/\" \/>\n<meta property=\"og:locale\" content=\"en_US\" \/>\n<meta property=\"og:type\" content=\"article\" \/>\n<meta property=\"og:title\" content=\"Jasminum nudiflorum - T\u00e9li j\u00e1zmin - T\u00e1jkert\u00e9sz\" \/>\n<meta property=\"og:description\" content=\"Jasminum nudiflorum - T\u00e9li j\u00e1zmin janu\u00e1rt\u00f3l ny\u00edl\u00f3 s\u00e1rga vir\u00e1gok, fagyt\u0171r\u0151, felfuttathat\u00f3 vagy talajtakar\u00f3 d\u00edszcserje. Sz\u00ednt visz a t\u00e9li kertbe.\" \/>\n<meta property=\"og:url\" content=\"https:\/\/tajkertesz.com\/en_US\/product\/jasminum-nudiflorum-teli-jazmin\/\" \/>\n<meta property=\"og:site_name\" content=\"T\u00e1jkert\u00e9sz\" \/>\n<meta property=\"article:publisher\" content=\"https:\/\/www.facebook.com\/Tajkertesz\/\" \/>\n<meta property=\"article:modified_time\" content=\"2026-03-15T07:33:07+00:00\" \/>\n<meta property=\"og:image\" content=\"https:\/\/tajkertesz.com\/wp-content\/uploads\/2020\/03\/jasminum-nudiflorum.jpg\" \/>\n\t<meta property=\"og:image:width\" content=\"490\" \/>\n\t<meta property=\"og:image:height\" content=\"490\" \/>\n\t<meta property=\"og:image:type\" content=\"image\/jpeg\" \/>\n<meta name=\"twitter:card\" content=\"summary_large_image\" \/>\n<meta name=\"twitter:label1\" content=\"Est. reading time\" \/>\n\t<meta name=\"twitter:data1\" content=\"3 minutes\" \/>\n<script type=\"application\/ld+json\" class=\"yoast-schema-graph\">{\"@context\":\"https:\\\/\\\/schema.org\",\"@graph\":[{\"@type\":\"WebPage\",\"@id\":\"https:\\\/\\\/tajkertesz.com\\\/termek\\\/jasminum-nudiflorum-teli-jazmin\\\/\",\"url\":\"https:\\\/\\\/tajkertesz.com\\\/termek\\\/jasminum-nudiflorum-teli-jazmin\\\/\",\"name\":\"Jasminum nudiflorum - T\u00e9li j\u00e1zmin - T\u00e1jkert\u00e9sz\",\"isPartOf\":{\"@id\":\"https:\\\/\\\/tajkertesz.com\\\/#website\"},\"primaryImageOfPage\":{\"@id\":\"https:\\\/\\\/tajkertesz.com\\\/termek\\\/jasminum-nudiflorum-teli-jazmin\\\/#primaryimage\"},\"image\":{\"@id\":\"https:\\\/\\\/tajkertesz.com\\\/termek\\\/jasminum-nudiflorum-teli-jazmin\\\/#primaryimage\"},\"thumbnailUrl\":\"https:\\\/\\\/tajkertesz.com\\\/wp-content\\\/uploads\\\/2020\\\/03\\\/jasminum-nudiflorum.jpg\",\"datePublished\":\"2020-03-23T13:57:13+00:00\",\"dateModified\":\"2026-03-15T07:33:07+00:00\",\"description\":\"Jasminum nudiflorum - T\u00e9li j\u00e1zmin janu\u00e1rt\u00f3l ny\u00edl\u00f3 s\u00e1rga vir\u00e1gok, fagyt\u0171r\u0151, felfuttathat\u00f3 vagy talajtakar\u00f3 d\u00edszcserje. Sz\u00ednt visz a t\u00e9li kertbe.\",\"breadcrumb\":{\"@id\":\"https:\\\/\\\/tajkertesz.com\\\/termek\\\/jasminum-nudiflorum-teli-jazmin\\\/#breadcrumb\"},\"inLanguage\":\"en-US\",\"potentialAction\":[{\"@type\":\"ReadAction\",\"target\":[\"https:\\\/\\\/tajkertesz.com\\\/termek\\\/jasminum-nudiflorum-teli-jazmin\\\/\"]}]},{\"@type\":\"ImageObject\",\"inLanguage\":\"en-US\",\"@id\":\"https:\\\/\\\/tajkertesz.com\\\/termek\\\/jasminum-nudiflorum-teli-jazmin\\\/#primaryimage\",\"url\":\"https:\\\/\\\/tajkertesz.com\\\/wp-content\\\/uploads\\\/2020\\\/03\\\/jasminum-nudiflorum.jpg\",\"contentUrl\":\"https:\\\/\\\/tajkertesz.com\\\/wp-content\\\/uploads\\\/2020\\\/03\\\/jasminum-nudiflorum.jpg\",\"width\":490,\"height\":490,\"caption\":\"Jasminum nudiflorum - T\u00e9li j\u00e1zmin\"},{\"@type\":\"BreadcrumbList\",\"@id\":\"https:\\\/\\\/tajkertesz.com\\\/termek\\\/jasminum-nudiflorum-teli-jazmin\\\/#breadcrumb\",\"itemListElement\":[{\"@type\":\"ListItem\",\"position\":1,\"name\":\"Home\",\"item\":\"https:\\\/\\\/tajkertesz.com\\\/\"},{\"@type\":\"ListItem\",\"position\":2,\"name\":\"Kezd\u0151lap\",\"item\":\"https:\\\/\\\/tajkertesz.com\\\/\"},{\"@type\":\"ListItem\",\"position\":3,\"name\":\"Jasminum nudiflorum &#8211; T\u00e9li j\u00e1zmin\"}]},{\"@type\":\"WebSite\",\"@id\":\"https:\\\/\\\/tajkertesz.com\\\/#website\",\"url\":\"https:\\\/\\\/tajkertesz.com\\\/\",\"name\":\"T\u00e1j-Kert\u00e9sz 84 Kft.\",\"description\":\"Kert\u00e9szeti kis- \u00e9s nagykeresked\u00e9s, D\u00edszn\u00f6v\u00e9ny web\u00e1ruh\u00e1z orsz\u00e1gos h\u00e1zhozsz\u00e1ll\u00edt\u00e1ssal!\",\"publisher\":{\"@id\":\"https:\\\/\\\/tajkertesz.com\\\/#organization\"},\"potentialAction\":[{\"@type\":\"SearchAction\",\"target\":{\"@type\":\"EntryPoint\",\"urlTemplate\":\"https:\\\/\\\/tajkertesz.com\\\/?s={search_term_string}\"},\"query-input\":{\"@type\":\"PropertyValueSpecification\",\"valueRequired\":true,\"valueName\":\"search_term_string\"}}],\"inLanguage\":\"en-US\"},{\"@type\":\"Organization\",\"@id\":\"https:\\\/\\\/tajkertesz.com\\\/#organization\",\"name\":\"T\u00e1j-Kert\u00e9sz 84 Kft.\",\"url\":\"https:\\\/\\\/tajkertesz.com\\\/\",\"logo\":{\"@type\":\"ImageObject\",\"inLanguage\":\"en-US\",\"@id\":\"https:\\\/\\\/tajkertesz.com\\\/#\\\/schema\\\/logo\\\/image\\\/\",\"url\":\"https:\\\/\\\/tajkertesz.com\\\/wp-content\\\/uploads\\\/2018\\\/02\\\/logo-2-e1518678052539.png\",\"contentUrl\":\"https:\\\/\\\/tajkertesz.com\\\/wp-content\\\/uploads\\\/2018\\\/02\\\/logo-2-e1518678052539.png\",\"width\":81,\"height\":140,\"caption\":\"T\u00e1j-Kert\u00e9sz 84 Kft.\"},\"image\":{\"@id\":\"https:\\\/\\\/tajkertesz.com\\\/#\\\/schema\\\/logo\\\/image\\\/\"},\"sameAs\":[\"https:\\\/\\\/www.facebook.com\\\/Tajkertesz\\\/\"]}]}<\/script>\n<!-- \/ Yoast SEO plugin. -->","yoast_head_json":{"title":"Jasminum nudiflorum - T\u00e9li j\u00e1zmin - T\u00e1jkert\u00e9sz","description":"Jasminum nudiflorum - T\u00e9li j\u00e1zmin janu\u00e1rt\u00f3l ny\u00edl\u00f3 s\u00e1rga vir\u00e1gok, fagyt\u0171r\u0151, felfuttathat\u00f3 vagy talajtakar\u00f3 d\u00edszcserje. Sz\u00ednt visz a t\u00e9li kertbe.","robots":{"index":"index","follow":"follow","max-snippet":"max-snippet:-1","max-image-preview":"max-image-preview:large","max-video-preview":"max-video-preview:-1"},"canonical":"https:\/\/tajkertesz.com\/en_US\/product\/jasminum-nudiflorum-teli-jazmin\/","og_locale":"en_US","og_type":"article","og_title":"Jasminum nudiflorum - T\u00e9li j\u00e1zmin - T\u00e1jkert\u00e9sz","og_description":"Jasminum nudiflorum - T\u00e9li j\u00e1zmin janu\u00e1rt\u00f3l ny\u00edl\u00f3 s\u00e1rga vir\u00e1gok, fagyt\u0171r\u0151, felfuttathat\u00f3 vagy talajtakar\u00f3 d\u00edszcserje. Sz\u00ednt visz a t\u00e9li kertbe.","og_url":"https:\/\/tajkertesz.com\/en_US\/product\/jasminum-nudiflorum-teli-jazmin\/","og_site_name":"T\u00e1jkert\u00e9sz","article_publisher":"https:\/\/www.facebook.com\/Tajkertesz\/","article_modified_time":"2026-03-15T07:33:07+00:00","og_image":[{"width":490,"height":490,"url":"https:\/\/tajkertesz.com\/wp-content\/uploads\/2020\/03\/jasminum-nudiflorum.jpg","type":"image\/jpeg"}],"twitter_card":"summary_large_image","twitter_misc":{"Est. reading time":"3 minutes"},"schema":{"@context":"https:\/\/schema.org","@graph":[{"@type":"WebPage","@id":"https:\/\/tajkertesz.com\/termek\/jasminum-nudiflorum-teli-jazmin\/","url":"https:\/\/tajkertesz.com\/termek\/jasminum-nudiflorum-teli-jazmin\/","name":"Jasminum nudiflorum - T\u00e9li j\u00e1zmin - T\u00e1jkert\u00e9sz","isPartOf":{"@id":"https:\/\/tajkertesz.com\/#website"},"primaryImageOfPage":{"@id":"https:\/\/tajkertesz.com\/termek\/jasminum-nudiflorum-teli-jazmin\/#primaryimage"},"image":{"@id":"https:\/\/tajkertesz.com\/termek\/jasminum-nudiflorum-teli-jazmin\/#primaryimage"},"thumbnailUrl":"https:\/\/tajkertesz.com\/wp-content\/uploads\/2020\/03\/jasminum-nudiflorum.jpg","datePublished":"2020-03-23T13:57:13+00:00","dateModified":"2026-03-15T07:33:07+00:00","description":"Jasminum nudiflorum - T\u00e9li j\u00e1zmin janu\u00e1rt\u00f3l ny\u00edl\u00f3 s\u00e1rga vir\u00e1gok, fagyt\u0171r\u0151, felfuttathat\u00f3 vagy talajtakar\u00f3 d\u00edszcserje. Sz\u00ednt visz a t\u00e9li kertbe.","breadcrumb":{"@id":"https:\/\/tajkertesz.com\/termek\/jasminum-nudiflorum-teli-jazmin\/#breadcrumb"},"inLanguage":"en-US","potentialAction":[{"@type":"ReadAction","target":["https:\/\/tajkertesz.com\/termek\/jasminum-nudiflorum-teli-jazmin\/"]}]},{"@type":"ImageObject","inLanguage":"en-US","@id":"https:\/\/tajkertesz.com\/termek\/jasminum-nudiflorum-teli-jazmin\/#primaryimage","url":"https:\/\/tajkertesz.com\/wp-content\/uploads\/2020\/03\/jasminum-nudiflorum.jpg","contentUrl":"https:\/\/tajkertesz.com\/wp-content\/uploads\/2020\/03\/jasminum-nudiflorum.jpg","width":490,"height":490,"caption":"Jasminum nudiflorum - T\u00e9li j\u00e1zmin"},{"@type":"BreadcrumbList","@id":"https:\/\/tajkertesz.com\/termek\/jasminum-nudiflorum-teli-jazmin\/#breadcrumb","itemListElement":[{"@type":"ListItem","position":1,"name":"Home","item":"https:\/\/tajkertesz.com\/"},{"@type":"ListItem","position":2,"name":"Kezd\u0151lap","item":"https:\/\/tajkertesz.com\/"},{"@type":"ListItem","position":3,"name":"Jasminum nudiflorum &#8211; T\u00e9li j\u00e1zmin"}]},{"@type":"WebSite","@id":"https:\/\/tajkertesz.com\/#website","url":"https:\/\/tajkertesz.com\/","name":"T\u00e1j-Kert\u00e9sz 84 Kft.","description":"Kert\u00e9szeti kis- \u00e9s nagykeresked\u00e9s, D\u00edszn\u00f6v\u00e9ny web\u00e1ruh\u00e1z orsz\u00e1gos h\u00e1zhozsz\u00e1ll\u00edt\u00e1ssal!","publisher":{"@id":"https:\/\/tajkertesz.com\/#organization"},"potentialAction":[{"@type":"SearchAction","target":{"@type":"EntryPoint","urlTemplate":"https:\/\/tajkertesz.com\/?s={search_term_string}"},"query-input":{"@type":"PropertyValueSpecification","valueRequired":true,"valueName":"search_term_string"}}],"inLanguage":"en-US"},{"@type":"Organization","@id":"https:\/\/tajkertesz.com\/#organization","name":"T\u00e1j-Kert\u00e9sz 84 Kft.","url":"https:\/\/tajkertesz.com\/","logo":{"@type":"ImageObject","inLanguage":"en-US","@id":"https:\/\/tajkertesz.com\/#\/schema\/logo\/image\/","url":"https:\/\/tajkertesz.com\/wp-content\/uploads\/2018\/02\/logo-2-e1518678052539.png","contentUrl":"https:\/\/tajkertesz.com\/wp-content\/uploads\/2018\/02\/logo-2-e1518678052539.png","width":81,"height":140,"caption":"T\u00e1j-Kert\u00e9sz 84 Kft."},"image":{"@id":"https:\/\/tajkertesz.com\/#\/schema\/logo\/image\/"},"sameAs":["https:\/\/www.facebook.com\/Tajkertesz\/"]}]}},"_links":{"self":[{"href":"https:\/\/tajkertesz.com\/en_US\/wp-json\/wp\/v2\/product\/1354","targetHints":{"allow":["GET"]}}],"collection":[{"href":"https:\/\/tajkertesz.com\/en_US\/wp-json\/wp\/v2\/product"}],"about":[{"href":"https:\/\/tajkertesz.com\/en_US\/wp-json\/wp\/v2\/types\/product"}],"wp:featuredmedia":[{"embeddable":true,"href":"https:\/\/tajkertesz.com\/en_US\/wp-json\/wp\/v2\/media\/1356"}],"wp:attachment":[{"href":"https:\/\/tajkertesz.com\/en_US\/wp-json\/wp\/v2\/media?parent=1354"}],"wp:term":[{"taxonomy":"product_brand","embeddable":true,"href":"https:\/\/tajkertesz.com\/en_US\/wp-json\/wp\/v2\/product_brand?post=1354"},{"taxonomy":"product_cat","embeddable":true,"href":"https:\/\/tajkertesz.com\/en_US\/wp-json\/wp\/v2\/product_cat?post=1354"},{"taxonomy":"product_tag","embeddable":true,"href":"https:\/\/tajkertesz.com\/en_US\/wp-json\/wp\/v2\/product_tag?post=1354"}],"curies":[{"name":"wp","href":"https:\/\/api.w.org\/{rel}","templated":true}]}}