{"id":13597,"date":"2022-09-27T06:10:30","date_gmt":"2022-09-27T06:10:30","guid":{"rendered":"https:\/\/tajkertesz.com\/?post_type=product&#038;p=13597"},"modified":"2026-04-03T13:43:36","modified_gmt":"2026-04-03T13:43:36","slug":"cupressocyparis-gold-rider-aranysarga-leylandi-ciprus","status":"publish","type":"product","link":"https:\/\/tajkertesz.com\/en_US\/product\/cupressocyparis-gold-rider-aranysarga-leylandi-ciprus\/","title":{"rendered":"Cupressocyparis leylandii  \u2018Gold Rider&#8217;, Aranys\u00e1rga leylandi ciprus"},"content":{"rendered":"<h3>Cupressocyparis \u2018Gold Rider&#8217;, Aranys\u00e1rga leylandi ciprus<\/h3>\n<div id=\"attachment_13596\" style=\"width: 199px\" class=\"wp-caption alignleft\"><img loading=\"lazy\" decoding=\"async\" aria-describedby=\"caption-attachment-13596\" class=\"size-medium wp-image-13596\" src=\"https:\/\/tajkertesz.com\/wp-content\/uploads\/2021\/09\/goldrider-189x300.jpg\" alt=\"\" width=\"189\" height=\"300\" srcset=\"https:\/\/tajkertesz.com\/wp-content\/uploads\/2021\/09\/goldrider-189x300.jpg 189w, https:\/\/tajkertesz.com\/wp-content\/uploads\/2021\/09\/goldrider-645x1024.jpg 645w, https:\/\/tajkertesz.com\/wp-content\/uploads\/2021\/09\/goldrider-768x1219.jpg 768w, https:\/\/tajkertesz.com\/wp-content\/uploads\/2021\/09\/goldrider-968x1536.jpg 968w, https:\/\/tajkertesz.com\/wp-content\/uploads\/2021\/09\/goldrider-1291x2048.jpg 1291w, https:\/\/tajkertesz.com\/wp-content\/uploads\/2021\/09\/goldrider-8x12.jpg 8w, https:\/\/tajkertesz.com\/wp-content\/uploads\/2021\/09\/goldrider-600x952.jpg 600w, https:\/\/tajkertesz.com\/wp-content\/uploads\/2021\/09\/goldrider-64x102.jpg 64w, https:\/\/tajkertesz.com\/wp-content\/uploads\/2021\/09\/goldrider-scaled.jpg 1614w\" sizes=\"(max-width: 189px) 100vw, 189px\" \/><p id=\"caption-attachment-13596\" class=\"wp-caption-text\">Cupressocyparis leylandii gold rider \/ Leylandi ciprus s\u00e1rga<\/p><\/div>\n<div id=\"attachment_13598\" style=\"width: 235px\" class=\"wp-caption alignleft\"><img loading=\"lazy\" decoding=\"async\" aria-describedby=\"caption-attachment-13598\" class=\"size-medium wp-image-13598\" src=\"https:\/\/tajkertesz.com\/wp-content\/uploads\/2022\/09\/IMG_20220922_125531-225x300.jpg\" alt=\"Teljesen ellen\u00e1ll\u00f3 , \u00f6r\u00f6kz\u00f6ld fajta. Szoliter n\u00f6v\u00e9nyk\u00e9nt kert\u00fcnk csod\u00e1s \u00e9ke lehet.\" width=\"225\" height=\"300\" srcset=\"https:\/\/tajkertesz.com\/wp-content\/uploads\/2022\/09\/IMG_20220922_125531-225x300.jpg 225w, https:\/\/tajkertesz.com\/wp-content\/uploads\/2022\/09\/IMG_20220922_125531-768x1024.jpg 768w, https:\/\/tajkertesz.com\/wp-content\/uploads\/2022\/09\/IMG_20220922_125531-1152x1536.jpg 1152w, https:\/\/tajkertesz.com\/wp-content\/uploads\/2022\/09\/IMG_20220922_125531-1536x2048.jpg 1536w, https:\/\/tajkertesz.com\/wp-content\/uploads\/2022\/09\/IMG_20220922_125531-9x12.jpg 9w, https:\/\/tajkertesz.com\/wp-content\/uploads\/2022\/09\/IMG_20220922_125531-600x800.jpg 600w, https:\/\/tajkertesz.com\/wp-content\/uploads\/2022\/09\/IMG_20220922_125531-64x85.jpg 64w, https:\/\/tajkertesz.com\/wp-content\/uploads\/2022\/09\/IMG_20220922_125531-scaled.jpg 1920w\" sizes=\"(max-width: 225px) 100vw, 225px\" \/><p id=\"caption-attachment-13598\" class=\"wp-caption-text\">Teljesen ellen\u00e1ll\u00f3 , \u00f6r\u00f6kz\u00f6ld fajta.<br \/>Szoliter n\u00f6v\u00e9nyk\u00e9nt kert\u00fcnk csod\u00e1s \u00e9ke lehet.<\/p><\/div>\n<p>Cupressocyparis \u2018Gold Rider&#8217;, Arany leylandi ciprus<\/p>\n<p>Teljesen ellen\u00e1ll\u00f3 , \u00f6r\u00f6kz\u00f6ld fajta.<\/p>\n<p>Szoliter n\u00f6v\u00e9nyk\u00e9nt kert\u00fcnk csod\u00e1s \u00e9ke lehet.<\/p>\n<p>Ed\u00e9nyes n\u00f6v\u00e9nyk\u00e9nt is tarthat\u00f3 de akkor \u00fcgyelni kell a locsol\u00e1s mennyis\u00e9g\u00e9re.<\/p>\n<p>Nagyon j\u00f3 sz\u00e1razs\u00e1gt\u0171r\u0151 , de sz\u00e9p sz\u00edn\u00e9t t\u00e1panyag ut\u00e1np\u00f3tl\u00e1ssal is el\u0151seg\u00edthetj\u00fck. S\u00f6v\u00e9nyk\u00e9nt \u00fcltetve t\u0151t\u00e1vols\u00e1ga 70-120 cm.<\/p>\n<p>A leylandi s\u00f6v\u00e9ny ny\u00edr\u00e1s\u00e1t kora tavasszal m\u00e1rciusban v\u00e9gezz\u00fck. A s\u00f6v\u00e9ny ny\u00edr\u00e1sa v\u00e9gezhet\u0151 ny\u00e1r k\u00f6zep\u00e9n is a hajt\u00e1sn\u00f6veked\u00e9s le\u00e1ll\u00e1sakor, de ekkor a napf\u00e9nyre ker\u00fcl\u0151 levelei meg\u00e9ghetnek, ami eszt\u00e9tikai szempontb\u00f3l nem el\u0151ny\u00f6s. A n\u00f6v\u00e9nyeken semmif\u00e9le k\u00e1rtev\u0151 vagy k\u00f3rokoz\u00f3 k\u00e1ros\u00edt\u00e1s\u00e1t nem \u00e9szlelt\u00e9k eddig!<\/p>\n<p>Jelen term\u00e9k\u00fcnk\u00a0 kb. 80\/100 cm magas f\u00f6ldlabd\u00e1s n\u00f6v\u00e9ny<\/p>\n<p style=\"line-height: 18.0pt; background: white; margin: 0cm 0cm 15.0pt 0cm;\"><span style=\"font-family: 'Ubuntu',serif; color: black;\">El\u00e9rhet\u0151 t\u00f6bbf\u00e9le m\u00e9retben \u00e9s \u00e1rban.<\/span><\/p>\n<p>&nbsp;<\/p>\n<h2 dir=\"auto\">Aj\u00e1nlom mell\u00e9 az al\u00e1bbi term\u00e9keket:<\/h2>\n<div dir=\"auto\"><a href=\"https:\/\/tajkertesz.com\/termek\/florimo-tozegkocka-25-l\/\">https:\/\/tajkertesz.com\/termek\/florimo-tozegkocka-25-l\/<\/a><\/div>\n<div dir=\"auto\"><a href=\"https:\/\/tajkertesz.com\/termek\/marhatragya-15-literes\/\">https:\/\/tajkertesz.com\/termek\/marhatragya-15-literes\/<\/a><\/div>\n<div dir=\"auto\"><a href=\"https:\/\/tajkertesz.com\/termek\/fiskars-trowel-ultetoaso-1027032\/\">https:\/\/tajkertesz.com\/termek\/fiskars-trowel-ultetoaso-1027032\/<\/a><\/div>\n<p>&nbsp;<\/p>\n<p>&nbsp;<\/p>\n<p>&nbsp;<\/p>\n<p style=\"line-height: 18.0pt; background: white; margin: 0cm 0cm 15.0pt 0cm;\"><b><span style=\"font-family: 'Ubuntu',serif; color: black;\">K\u00e9szlet\u00fcnk napi szinten v\u00e1ltozik, ez\u00e9rt k\u00e9rj\u00fck, \u00e9rdekl\u0151dj\u00f6n szem\u00e9lyesen, telefonon vagy email-en.<br \/>\nA v\u00e1ltoztat\u00e1s jog\u00e1t fenntartjuk!\u00a0<\/span><\/b><\/p>\n<p><a href=\"https:\/\/tajkertesz.com\/\">https:\/\/tajkertesz.com\/<\/a><\/p>\n<p><a href=\"https:\/\/hu.wikipedia.org\/wiki\/Leyland-ciprus\">https:\/\/hu.wikipedia.org\/wiki\/Leyland-ciprus<\/a><\/p>\n<h6><span id=\"Sz\u00e1rmaz\u00e1sa,_elterjed\u00e9se\" class=\"mw-headline\" style=\"color: #ffffff;\">Sz\u00e1rmaz\u00e1sa, elterjed\u00e9s<\/span><\/h6>\n<h6><span style=\"color: #ffffff;\">Kialakul\u00e1s\u00e1t a k\u00fcl\u00f6nb\u00f6z\u0151 forr\u00e1sok rendk\u00edv\u00fcl elt\u00e9r\u0151en \u00edrj\u00e1k le. Az egyik sz\u00e9ls\u0151s\u00e9g szerint ez a k\u00e9tf\u00e9le \u00f6r\u00f6kz\u00f6ld spont\u00e1n hibridje, amelyet az\u00a0<a style=\"color: #ffffff;\" title=\"1800-as \u00e9vek\" href=\"https:\/\/hu.wikipedia.org\/wiki\/1800-as_%C3%A9vek\">1800-as \u00e9vekben<\/a>\u00a0telep\u00edtettek be Angli\u00e1ba.<sup id=\"cite_ref-4\" class=\"reference\"><a style=\"color: #ffffff;\" href=\"https:\/\/hu.wikipedia.org\/wiki\/Leyland-ciprus#cite_note-4\">[4]<\/a><\/sup>\u00a0A m\u00e1sik sz\u00e9ls\u0151s\u00e9g<sup id=\"cite_ref-Botanikaland.hu:_Leyland-ciprus_1-1\" class=\"reference\"><a style=\"color: #ffffff;\" href=\"https:\/\/hu.wikipedia.org\/wiki\/Leyland-ciprus#cite_note-Botanikaland.hu:_Leyland-ciprus-1\">[1]<\/a><\/sup>\u00a0szerint a\u00a0<a style=\"color: #ffffff;\" title=\"19. sz\u00e1zad\" href=\"https:\/\/hu.wikipedia.org\/wiki\/19._sz%C3%A1zad\">19. sz\u00e1zad<\/a>\u00a0v\u00e9g\u00e9n, Angli\u00e1ban hozt\u00e1k l\u00e9tre tudatos keresztez\u00e9ssel.<\/span><\/h6>\n<h6><span style=\"color: #ffffff;\">A szakirodalom (Johnson, 2004) szerint a k\u00e9t faj spont\u00e1n hibridiz\u00e1lt, m\u00e9ghozz\u00e1 t\u00f6bb alkalommal, a\u00a0<a style=\"color: #ffffff;\" title=\"Brit-szigetek\" href=\"https:\/\/hu.wikipedia.org\/wiki\/Brit-szigetek\">Brit-szigetek<\/a>\u00a0k\u00fcl\u00f6nb\u00f6z\u0151 r\u00e9szein. Mint gyakorlatilag minden intergenerikus hibrid, a Leyland-ciprus is term\u00e9ketlen; csak ivartalanul szapor\u00edthat\u00f3. Ennek megfelel\u0151en a k\u00fcl\u00f6nb\u00f6z\u0151 id\u0151pontokban l\u00e9trej\u00f6tt hibridek a n\u00f6v\u00e9ny ma ismert kert\u00e9szeti v\u00e1ltozatai.<\/span><\/h6>\n<h6><span style=\"color: #ffffff;\"><span id=\"V.C3.A1ltozatai\"><\/span><span id=\"V\u00e1ltozatai\" class=\"mw-headline\">V\u00e1ltozatai<\/span><\/span><\/h6>\n<h6><span style=\"color: #ffffff;\">Az egyes v\u00e1ltozatokat f\u0151leg az \u00e1grendszer s\u0171r\u0171s\u00e9ge \u00e9s a lomb sz\u00edne alapj\u00e1n k\u00fcl\u00f6nb\u00f6ztetj\u00fck meg. Magyarorsz\u00e1gon f\u0151leg laz\u00e1bb, k\u00fapos koron\u00e1j\u00fa, kiss\u00e9 szab\u00e1lytalan \u00e1grendszer\u0171 t\u00edpusai terjedtek el (Cz\u00e1ka, R\u00e1cz).<\/span><\/h6>\n<h6><span style=\"color: #ffffff;\"><b>1.<\/b>\u00a0Legel\u0151sz\u00f6r val\u00f3sz\u00edn\u0171leg &#8216;<b>Rostrevor&#8217;<\/b>\u00a0v\u00e1ltozata alakult ki, valamikor 1870 k\u00f6r\u00fcl a n\u00e9vad\u00f3\u00a0<a class=\"new\" style=\"color: #ffffff;\" title=\"Rostrevor (a lap nem l\u00e9tezik)\" href=\"https:\/\/hu.wikipedia.org\/w\/index.php?title=Rostrevor&amp;action=edit&amp;redlink=1\">Rostrevorban<\/a>\u00a0(<a style=\"color: #ffffff;\" title=\"\u00c9szak-\u00cdrorsz\u00e1g\" href=\"https:\/\/hu.wikipedia.org\/wiki\/%C3%89szak-%C3%8Drorsz%C3%A1g\">\u00c9szak-\u00cdrorsz\u00e1g<\/a>,\u00a0<a class=\"new\" style=\"color: #ffffff;\" title=\"Down (megye) (a lap nem l\u00e9tezik)\" href=\"https:\/\/hu.wikipedia.org\/w\/index.php?title=Down_(megye)&amp;action=edit&amp;redlink=1\">Down megye<\/a>). Igaz\u00e1b\u00f3l sosem j\u00f6tt divatba, nem k\u00fcl\u00f6n\u00f6sebben terjedt el, ez\u00e9rt a kev\u00e9sb\u00e9 t\u00e1j\u00e9kozott forr\u00e1sok t\u00f6bbs\u00e9ge egy t\u00f6bb mint m\u00e1sf\u00e9l \u00e9vtizeddel k\u00e9s\u0151bbi esem\u00e9nyt ad meg els\u0151 keresztez\u00e9sk\u00e9nt.<\/span><\/h6>\n<h6><span style=\"color: #ffffff;\"><b>2.<\/b>\u00a01888-ban a\u00a0<a class=\"new\" style=\"color: #ffffff;\" title=\"Powys (a lap nem l\u00e9tezik)\" href=\"https:\/\/hu.wikipedia.org\/w\/index.php?title=Powys&amp;action=edit&amp;redlink=1\">powysi<\/a>\u00a0<a class=\"new\" style=\"color: #ffffff;\" title=\"Leighton Park (a lap nem l\u00e9tezik)\" href=\"https:\/\/hu.wikipedia.org\/w\/index.php?title=Leighton_Park&amp;action=edit&amp;redlink=1\">Leighton Parkban<\/a>\u00a0alakult ki a &#8216;<b>Haggerston Grey&#8217;<\/b>\u00a0fajta (Johnson, 2004), amelyet az ismertet\u0151k t\u00f6bbs\u00e9ge \u201ealapfajnak\u201d nevez. Egy C. J. Leyland nev\u0171, \u00e9les szem\u0171 kert\u00e9p\u00edt\u0151 lelt r\u00e1 hat magonc\u00e1ra \u2014 ezeket felnevelte \u00e9s szapor\u00edtotta.<sup id=\"cite_ref-5\" class=\"reference\"><a style=\"color: #ffffff;\" href=\"https:\/\/hu.wikipedia.org\/wiki\/Leyland-ciprus#cite_note-5\">[5]<\/a><\/sup>\u00a0Ez a k\u00f6nnyen szapor\u00edthat\u00f3 fajta terjedt el el\u0151sz\u00f6r a vil\u00e1gon, a fajt pedig Leylandr\u00f3l nevezt\u00e9k el. Sz\u00e9p gy\u0171jtem\u00e9nye l\u00e1that\u00f3 a\u00a0<a class=\"mw-redirect mw-disambig\" style=\"color: #ffffff;\" title=\"F\u00fcv\u00e9szkert\" href=\"https:\/\/hu.wikipedia.org\/wiki\/F%C3%BCv%C3%A9szkert\">F\u00fcv\u00e9szkertben<\/a>. Annak ellen\u00e9re, hogy term\u00e9ketlen, ny\u00e1ron t\u00f6megesen hozza s\u00e1rga vir\u00e1gport hint\u0151 porz\u00f3s vir\u00e1gait. A j\u00f3val kevesebb n\u0151ivar\u00fa toboz 2\u00a0cm-es, barna.<\/span><\/h6>\n<h6><\/h6>\n","protected":false},"excerpt":{"rendered":"<p>Magass\u00e1ga: 100\/1256cm<\/p>\n<p>Kont\u00e9ner m\u00e9rete:10L.<\/p>\n<div id=\"bodyContent\" class=\"mw-body-content\">\n<div id=\"mw-content-text\" class=\"mw-content-ltr\" dir=\"ltr\" lang=\"hu\">\n<div id=\"bodyContent\" class=\"mw-body-content\">\n<div id=\"mw-content-text\" class=\"mw-content-ltr\" dir=\"ltr\" lang=\"hu\">\n<p><b>K\u00e9szlet\u00fcnk napi szinten v\u00e1ltozik, ez\u00e9rt k\u00e9rj\u00fck, \u00e9rdekl\u0151dj\u00f6n szem\u00e9lyesen, telefonon vagy email-en.<\/b><\/p>\n<p>Term\u00e9keinket szem\u00e9lyesen is \u00e1tveheti a h\u00e9t minden napj\u00e1n nyitvatart\u00e1si id\u0151ben!<\/p>\n<p>Kisz\u00e1ll\u00edt\u00e1s: 200 cm \u00e9s 40 kg-ig a sz\u00e1ll\u00edt\u00e1s fut\u00e1rszolg\u00e1lattal t\u00f6rt\u00e9nik.<\/p>\n<\/div>\n<\/div>\n<\/div>\n<\/div>\n<p><b>A v\u00e1ltoztat\u00e1s jog\u00e1t fenntartjuk!\u00a0<\/b><\/p>","protected":false},"featured_media":13596,"template":"","meta":{"_et_pb_use_builder":"","_et_pb_old_content":"","_et_gb_content_width":""},"product_brand":[],"product_cat":[5166],"product_tag":[677],"class_list":{"0":"post-13597","1":"product","2":"type-product","3":"status-publish","4":"has-post-thumbnail","6":"product_cat-leylandii-ciprus","7":"product_tag-cupressocyparis-leylandii-gold-rider","9":"first","10":"outofstock","11":"shipping-taxable","12":"product-type-simple"},"yoast_head":"<!-- This site is optimized with the Yoast SEO plugin v27.4 - https:\/\/yoast.com\/product\/yoast-seo-wordpress\/ -->\n<title>Cupressocyparis leylandii \u2018Gold Rider&#039;, Aranys\u00e1rga leylandi ciprus - T\u00e1jkert\u00e9sz<\/title>\n<meta name=\"description\" content=\"Cupressocyparis \u2018Gold Rider&#039;, Arany leylandi ciprus. Teljesen ellen\u00e1ll\u00f3 , \u00f6r\u00f6kz\u00f6ld fajta.Szoliter n\u00f6v\u00e9nyk\u00e9nt kert\u00fcnk csod\u00e1s \u00e9ke lehet.\" \/>\n<meta name=\"robots\" content=\"index, follow, max-snippet:-1, max-image-preview:large, max-video-preview:-1\" \/>\n<link rel=\"canonical\" href=\"https:\/\/tajkertesz.com\/en_US\/product\/cupressocyparis-gold-rider-aranysarga-leylandi-ciprus\/\" \/>\n<meta property=\"og:locale\" content=\"en_US\" \/>\n<meta property=\"og:type\" content=\"article\" \/>\n<meta property=\"og:title\" content=\"Cupressocyparis leylandii \u2018Gold Rider&#039;, Aranys\u00e1rga leylandi ciprus - T\u00e1jkert\u00e9sz\" \/>\n<meta property=\"og:description\" content=\"Cupressocyparis \u2018Gold Rider&#039;, Arany leylandi ciprus. Teljesen ellen\u00e1ll\u00f3 , \u00f6r\u00f6kz\u00f6ld fajta.Szoliter n\u00f6v\u00e9nyk\u00e9nt kert\u00fcnk csod\u00e1s \u00e9ke lehet.\" \/>\n<meta property=\"og:url\" content=\"https:\/\/tajkertesz.com\/en_US\/product\/cupressocyparis-gold-rider-aranysarga-leylandi-ciprus\/\" \/>\n<meta property=\"og:site_name\" content=\"T\u00e1jkert\u00e9sz\" \/>\n<meta property=\"article:publisher\" content=\"https:\/\/www.facebook.com\/Tajkertesz\/\" \/>\n<meta property=\"article:modified_time\" content=\"2026-04-03T13:43:36+00:00\" \/>\n<meta property=\"og:image\" content=\"https:\/\/tajkertesz.com\/wp-content\/uploads\/2021\/09\/goldrider-scaled.jpg\" \/>\n\t<meta property=\"og:image:width\" content=\"1614\" \/>\n\t<meta property=\"og:image:height\" content=\"2560\" \/>\n\t<meta property=\"og:image:type\" content=\"image\/jpeg\" \/>\n<meta name=\"twitter:card\" content=\"summary_large_image\" \/>\n<meta name=\"twitter:label1\" content=\"Est. reading time\" \/>\n\t<meta name=\"twitter:data1\" content=\"3 minutes\" \/>\n<script type=\"application\/ld+json\" class=\"yoast-schema-graph\">{\"@context\":\"https:\\\/\\\/schema.org\",\"@graph\":[{\"@type\":\"WebPage\",\"@id\":\"https:\\\/\\\/tajkertesz.com\\\/termek\\\/cupressocyparis-gold-rider-aranysarga-leylandi-ciprus\\\/\",\"url\":\"https:\\\/\\\/tajkertesz.com\\\/termek\\\/cupressocyparis-gold-rider-aranysarga-leylandi-ciprus\\\/\",\"name\":\"Cupressocyparis leylandii \u2018Gold Rider', Aranys\u00e1rga leylandi ciprus - T\u00e1jkert\u00e9sz\",\"isPartOf\":{\"@id\":\"https:\\\/\\\/tajkertesz.com\\\/#website\"},\"primaryImageOfPage\":{\"@id\":\"https:\\\/\\\/tajkertesz.com\\\/termek\\\/cupressocyparis-gold-rider-aranysarga-leylandi-ciprus\\\/#primaryimage\"},\"image\":{\"@id\":\"https:\\\/\\\/tajkertesz.com\\\/termek\\\/cupressocyparis-gold-rider-aranysarga-leylandi-ciprus\\\/#primaryimage\"},\"thumbnailUrl\":\"https:\\\/\\\/tajkertesz.com\\\/wp-content\\\/uploads\\\/2021\\\/09\\\/goldrider-scaled.jpg\",\"datePublished\":\"2022-09-27T06:10:30+00:00\",\"dateModified\":\"2026-04-03T13:43:36+00:00\",\"description\":\"Cupressocyparis \u2018Gold Rider', Arany leylandi ciprus. Teljesen ellen\u00e1ll\u00f3 , \u00f6r\u00f6kz\u00f6ld fajta.Szoliter n\u00f6v\u00e9nyk\u00e9nt kert\u00fcnk csod\u00e1s \u00e9ke lehet.\",\"breadcrumb\":{\"@id\":\"https:\\\/\\\/tajkertesz.com\\\/termek\\\/cupressocyparis-gold-rider-aranysarga-leylandi-ciprus\\\/#breadcrumb\"},\"inLanguage\":\"en-US\",\"potentialAction\":[{\"@type\":\"ReadAction\",\"target\":[\"https:\\\/\\\/tajkertesz.com\\\/termek\\\/cupressocyparis-gold-rider-aranysarga-leylandi-ciprus\\\/\"]}]},{\"@type\":\"ImageObject\",\"inLanguage\":\"en-US\",\"@id\":\"https:\\\/\\\/tajkertesz.com\\\/termek\\\/cupressocyparis-gold-rider-aranysarga-leylandi-ciprus\\\/#primaryimage\",\"url\":\"https:\\\/\\\/tajkertesz.com\\\/wp-content\\\/uploads\\\/2021\\\/09\\\/goldrider-scaled.jpg\",\"contentUrl\":\"https:\\\/\\\/tajkertesz.com\\\/wp-content\\\/uploads\\\/2021\\\/09\\\/goldrider-scaled.jpg\",\"width\":1614,\"height\":2560,\"caption\":\"Cupressocyparis leylandii gold rider \\\/ Leylandi ciprus s\u00e1rga\"},{\"@type\":\"BreadcrumbList\",\"@id\":\"https:\\\/\\\/tajkertesz.com\\\/termek\\\/cupressocyparis-gold-rider-aranysarga-leylandi-ciprus\\\/#breadcrumb\",\"itemListElement\":[{\"@type\":\"ListItem\",\"position\":1,\"name\":\"Home\",\"item\":\"https:\\\/\\\/tajkertesz.com\\\/\"},{\"@type\":\"ListItem\",\"position\":2,\"name\":\"Kezd\u0151lap\",\"item\":\"https:\\\/\\\/tajkertesz.com\\\/\"},{\"@type\":\"ListItem\",\"position\":3,\"name\":\"Cupressocyparis leylandii \u2018Gold Rider&#8217;, Aranys\u00e1rga leylandi ciprus\"}]},{\"@type\":\"WebSite\",\"@id\":\"https:\\\/\\\/tajkertesz.com\\\/#website\",\"url\":\"https:\\\/\\\/tajkertesz.com\\\/\",\"name\":\"T\u00e1j-Kert\u00e9sz 84 Kft.\",\"description\":\"Kert\u00e9szeti kis- \u00e9s nagykeresked\u00e9s, D\u00edszn\u00f6v\u00e9ny web\u00e1ruh\u00e1z orsz\u00e1gos h\u00e1zhozsz\u00e1ll\u00edt\u00e1ssal!\",\"publisher\":{\"@id\":\"https:\\\/\\\/tajkertesz.com\\\/#organization\"},\"potentialAction\":[{\"@type\":\"SearchAction\",\"target\":{\"@type\":\"EntryPoint\",\"urlTemplate\":\"https:\\\/\\\/tajkertesz.com\\\/?s={search_term_string}\"},\"query-input\":{\"@type\":\"PropertyValueSpecification\",\"valueRequired\":true,\"valueName\":\"search_term_string\"}}],\"inLanguage\":\"en-US\"},{\"@type\":\"Organization\",\"@id\":\"https:\\\/\\\/tajkertesz.com\\\/#organization\",\"name\":\"T\u00e1j-Kert\u00e9sz 84 Kft.\",\"url\":\"https:\\\/\\\/tajkertesz.com\\\/\",\"logo\":{\"@type\":\"ImageObject\",\"inLanguage\":\"en-US\",\"@id\":\"https:\\\/\\\/tajkertesz.com\\\/#\\\/schema\\\/logo\\\/image\\\/\",\"url\":\"https:\\\/\\\/tajkertesz.com\\\/wp-content\\\/uploads\\\/2018\\\/02\\\/logo-2-e1518678052539.png\",\"contentUrl\":\"https:\\\/\\\/tajkertesz.com\\\/wp-content\\\/uploads\\\/2018\\\/02\\\/logo-2-e1518678052539.png\",\"width\":81,\"height\":140,\"caption\":\"T\u00e1j-Kert\u00e9sz 84 Kft.\"},\"image\":{\"@id\":\"https:\\\/\\\/tajkertesz.com\\\/#\\\/schema\\\/logo\\\/image\\\/\"},\"sameAs\":[\"https:\\\/\\\/www.facebook.com\\\/Tajkertesz\\\/\"]}]}<\/script>\n<!-- \/ Yoast SEO plugin. -->","yoast_head_json":{"title":"Cupressocyparis leylandii \u2018Gold Rider', Aranys\u00e1rga leylandi ciprus - T\u00e1jkert\u00e9sz","description":"Cupressocyparis \u2018Gold Rider', Arany leylandi ciprus. Teljesen ellen\u00e1ll\u00f3 , \u00f6r\u00f6kz\u00f6ld fajta.Szoliter n\u00f6v\u00e9nyk\u00e9nt kert\u00fcnk csod\u00e1s \u00e9ke lehet.","robots":{"index":"index","follow":"follow","max-snippet":"max-snippet:-1","max-image-preview":"max-image-preview:large","max-video-preview":"max-video-preview:-1"},"canonical":"https:\/\/tajkertesz.com\/en_US\/product\/cupressocyparis-gold-rider-aranysarga-leylandi-ciprus\/","og_locale":"en_US","og_type":"article","og_title":"Cupressocyparis leylandii \u2018Gold Rider', Aranys\u00e1rga leylandi ciprus - T\u00e1jkert\u00e9sz","og_description":"Cupressocyparis \u2018Gold Rider', Arany leylandi ciprus. Teljesen ellen\u00e1ll\u00f3 , \u00f6r\u00f6kz\u00f6ld fajta.Szoliter n\u00f6v\u00e9nyk\u00e9nt kert\u00fcnk csod\u00e1s \u00e9ke lehet.","og_url":"https:\/\/tajkertesz.com\/en_US\/product\/cupressocyparis-gold-rider-aranysarga-leylandi-ciprus\/","og_site_name":"T\u00e1jkert\u00e9sz","article_publisher":"https:\/\/www.facebook.com\/Tajkertesz\/","article_modified_time":"2026-04-03T13:43:36+00:00","og_image":[{"width":1614,"height":2560,"url":"https:\/\/tajkertesz.com\/wp-content\/uploads\/2021\/09\/goldrider-scaled.jpg","type":"image\/jpeg"}],"twitter_card":"summary_large_image","twitter_misc":{"Est. reading time":"3 minutes"},"schema":{"@context":"https:\/\/schema.org","@graph":[{"@type":"WebPage","@id":"https:\/\/tajkertesz.com\/termek\/cupressocyparis-gold-rider-aranysarga-leylandi-ciprus\/","url":"https:\/\/tajkertesz.com\/termek\/cupressocyparis-gold-rider-aranysarga-leylandi-ciprus\/","name":"Cupressocyparis leylandii \u2018Gold Rider', Aranys\u00e1rga leylandi ciprus - T\u00e1jkert\u00e9sz","isPartOf":{"@id":"https:\/\/tajkertesz.com\/#website"},"primaryImageOfPage":{"@id":"https:\/\/tajkertesz.com\/termek\/cupressocyparis-gold-rider-aranysarga-leylandi-ciprus\/#primaryimage"},"image":{"@id":"https:\/\/tajkertesz.com\/termek\/cupressocyparis-gold-rider-aranysarga-leylandi-ciprus\/#primaryimage"},"thumbnailUrl":"https:\/\/tajkertesz.com\/wp-content\/uploads\/2021\/09\/goldrider-scaled.jpg","datePublished":"2022-09-27T06:10:30+00:00","dateModified":"2026-04-03T13:43:36+00:00","description":"Cupressocyparis \u2018Gold Rider', Arany leylandi ciprus. Teljesen ellen\u00e1ll\u00f3 , \u00f6r\u00f6kz\u00f6ld fajta.Szoliter n\u00f6v\u00e9nyk\u00e9nt kert\u00fcnk csod\u00e1s \u00e9ke lehet.","breadcrumb":{"@id":"https:\/\/tajkertesz.com\/termek\/cupressocyparis-gold-rider-aranysarga-leylandi-ciprus\/#breadcrumb"},"inLanguage":"en-US","potentialAction":[{"@type":"ReadAction","target":["https:\/\/tajkertesz.com\/termek\/cupressocyparis-gold-rider-aranysarga-leylandi-ciprus\/"]}]},{"@type":"ImageObject","inLanguage":"en-US","@id":"https:\/\/tajkertesz.com\/termek\/cupressocyparis-gold-rider-aranysarga-leylandi-ciprus\/#primaryimage","url":"https:\/\/tajkertesz.com\/wp-content\/uploads\/2021\/09\/goldrider-scaled.jpg","contentUrl":"https:\/\/tajkertesz.com\/wp-content\/uploads\/2021\/09\/goldrider-scaled.jpg","width":1614,"height":2560,"caption":"Cupressocyparis leylandii gold rider \/ Leylandi ciprus s\u00e1rga"},{"@type":"BreadcrumbList","@id":"https:\/\/tajkertesz.com\/termek\/cupressocyparis-gold-rider-aranysarga-leylandi-ciprus\/#breadcrumb","itemListElement":[{"@type":"ListItem","position":1,"name":"Home","item":"https:\/\/tajkertesz.com\/"},{"@type":"ListItem","position":2,"name":"Kezd\u0151lap","item":"https:\/\/tajkertesz.com\/"},{"@type":"ListItem","position":3,"name":"Cupressocyparis leylandii \u2018Gold Rider&#8217;, Aranys\u00e1rga leylandi ciprus"}]},{"@type":"WebSite","@id":"https:\/\/tajkertesz.com\/#website","url":"https:\/\/tajkertesz.com\/","name":"T\u00e1j-Kert\u00e9sz 84 Kft.","description":"Kert\u00e9szeti kis- \u00e9s nagykeresked\u00e9s, D\u00edszn\u00f6v\u00e9ny web\u00e1ruh\u00e1z orsz\u00e1gos h\u00e1zhozsz\u00e1ll\u00edt\u00e1ssal!","publisher":{"@id":"https:\/\/tajkertesz.com\/#organization"},"potentialAction":[{"@type":"SearchAction","target":{"@type":"EntryPoint","urlTemplate":"https:\/\/tajkertesz.com\/?s={search_term_string}"},"query-input":{"@type":"PropertyValueSpecification","valueRequired":true,"valueName":"search_term_string"}}],"inLanguage":"en-US"},{"@type":"Organization","@id":"https:\/\/tajkertesz.com\/#organization","name":"T\u00e1j-Kert\u00e9sz 84 Kft.","url":"https:\/\/tajkertesz.com\/","logo":{"@type":"ImageObject","inLanguage":"en-US","@id":"https:\/\/tajkertesz.com\/#\/schema\/logo\/image\/","url":"https:\/\/tajkertesz.com\/wp-content\/uploads\/2018\/02\/logo-2-e1518678052539.png","contentUrl":"https:\/\/tajkertesz.com\/wp-content\/uploads\/2018\/02\/logo-2-e1518678052539.png","width":81,"height":140,"caption":"T\u00e1j-Kert\u00e9sz 84 Kft."},"image":{"@id":"https:\/\/tajkertesz.com\/#\/schema\/logo\/image\/"},"sameAs":["https:\/\/www.facebook.com\/Tajkertesz\/"]}]}},"_links":{"self":[{"href":"https:\/\/tajkertesz.com\/en_US\/wp-json\/wp\/v2\/product\/13597","targetHints":{"allow":["GET"]}}],"collection":[{"href":"https:\/\/tajkertesz.com\/en_US\/wp-json\/wp\/v2\/product"}],"about":[{"href":"https:\/\/tajkertesz.com\/en_US\/wp-json\/wp\/v2\/types\/product"}],"wp:featuredmedia":[{"embeddable":true,"href":"https:\/\/tajkertesz.com\/en_US\/wp-json\/wp\/v2\/media\/13596"}],"wp:attachment":[{"href":"https:\/\/tajkertesz.com\/en_US\/wp-json\/wp\/v2\/media?parent=13597"}],"wp:term":[{"taxonomy":"product_brand","embeddable":true,"href":"https:\/\/tajkertesz.com\/en_US\/wp-json\/wp\/v2\/product_brand?post=13597"},{"taxonomy":"product_cat","embeddable":true,"href":"https:\/\/tajkertesz.com\/en_US\/wp-json\/wp\/v2\/product_cat?post=13597"},{"taxonomy":"product_tag","embeddable":true,"href":"https:\/\/tajkertesz.com\/en_US\/wp-json\/wp\/v2\/product_tag?post=13597"}],"curies":[{"name":"wp","href":"https:\/\/api.w.org\/{rel}","templated":true}]}}