{"id":13629,"date":"2022-09-28T07:33:43","date_gmt":"2022-09-28T07:33:43","guid":{"rendered":"https:\/\/tajkertesz.com\/?post_type=product&#038;p=13629"},"modified":"2025-09-26T14:02:45","modified_gmt":"2025-09-26T14:02:45","slug":"oliva-fa-torzses-175-200-cm-kontener-torzses-oliva-fa-olea-europaea-leccio","status":"publish","type":"product","link":"https:\/\/tajkertesz.com\/en_US\/product\/oliva-fa-torzses-175-200-cm-kontener-torzses-oliva-fa-olea-europaea-leccio\/","title":{"rendered":"T\u00f6rzses Oliva fa-Olea Europaea&#8217;Leccio&#8217;"},"content":{"rendered":"<div id=\"attachment_13632\" style=\"width: 145px\" class=\"wp-caption alignleft\"><img loading=\"lazy\" decoding=\"async\" aria-describedby=\"caption-attachment-13632\" class=\"size-medium wp-image-13632\" src=\"https:\/\/tajkertesz.com\/wp-content\/uploads\/2022\/09\/20220928_093041-135x300.jpg\" alt=\"\" width=\"135\" height=\"300\" srcset=\"https:\/\/tajkertesz.com\/wp-content\/uploads\/2022\/09\/20220928_093041-135x300.jpg 135w, https:\/\/tajkertesz.com\/wp-content\/uploads\/2022\/09\/20220928_093041-462x1024.jpg 462w, https:\/\/tajkertesz.com\/wp-content\/uploads\/2022\/09\/20220928_093041-768x1704.jpg 768w, https:\/\/tajkertesz.com\/wp-content\/uploads\/2022\/09\/20220928_093041-692x1536.jpg 692w, https:\/\/tajkertesz.com\/wp-content\/uploads\/2022\/09\/20220928_093041-923x2048.jpg 923w, https:\/\/tajkertesz.com\/wp-content\/uploads\/2022\/09\/20220928_093041-5x12.jpg 5w, https:\/\/tajkertesz.com\/wp-content\/uploads\/2022\/09\/20220928_093041-600x1331.jpg 600w, https:\/\/tajkertesz.com\/wp-content\/uploads\/2022\/09\/20220928_093041-64x142.jpg 64w, https:\/\/tajkertesz.com\/wp-content\/uploads\/2022\/09\/20220928_093041-scaled.jpg 1154w\" sizes=\"(max-width: 135px) 100vw, 135px\" \/><p id=\"caption-attachment-13632\" class=\"wp-caption-text\">T\u00f6rzses Oliva fa-Olea Europaea&#8217;Leccio&#8217;<\/p><\/div>\n<p>Oliva fa t\u00f6rzses kb. 175\/200cm magas + 25L-es kont\u00e9ner<\/p>\n<p>Az olajf\u00e1k a mediterr\u00e1n ter\u00fcletek jellemz\u0151 n\u00f6v\u00e9nyei.<\/p>\n<p>Lass\u00fa n\u00f6veked\u00e9s\u0171 \u00f6r\u00f6kz\u00f6ld tereb\u00e9lyes fa melyet <strong>haz\u00e1nkban els\u0151sorban egzotikus hangulata, formabont\u00f3 sz\u00e9ps\u00e9ge, \u00e9s persze lil\u00e1s\/z\u00f6ldes \u00edzletes term\u00e9se<\/strong>\u00a0miatt tartanak a kertbar\u00e1tok!<\/p>\n<p>T\u00f6rzse id\u0151sebb kor\u00e1ra g\u00f6cs\u00f6rt\u00f6s, levelei ez\u00fcst\u00f6s pikkelysz\u0151r\u00f6sek. Apr\u00f3 illatos vir\u00e1gai f\u00fcrtben jelennek meg m\u00e1jusban. Term\u00e9s\u00e9b\u0151l olajat sajtolnak. Itthon ritk\u00e1n terem, van, hogy csak k\u00e9t-h\u00e1rom \u00e9vente egyszer hoz term\u00e9st.<\/p>\n<p><strong>Kiv\u00e1l\u00f3 d\u00e9zs\u00e1s n\u00f6v\u00e9ny.<\/strong><br \/>\nNy\u00e1ron tartsuk napos helyen, \u00f6nt\u00f6zz\u00fck b\u0151s\u00e9gesen. Locsoljuk k\u00e9thetente mediterr\u00e1n n\u00f6v\u00e9nyek sz\u00e1m\u00e1ra kifejlesztett <a href=\"https:\/\/tajkertesz.com\/termek\/substral-naturen-bio-citrus-es-mediterran-noveny-tapoldat-500-ml\/\">t\u00e1poldatos \u00f6nt\u00f6z\u0151v\u00edzzel<\/a>. Fagyt\u0171r\u0151, de n\u00e1lunk teleltetni \u00e9rdemes. M\u00ednusz 15 fokig viselik a hideget, ki\u00fcltethet\u0151k. December elej\u00e9t\u0151l m\u00e1rcius k\u00f6zep\u00e9ig takar\u00e1st ig\u00e9nyelnek.<\/p>\n<h3>Takar\u00e1shoz aj\u00e1nlom az al\u00e1bbi term\u00e9keket:<\/h3>\n<blockquote class=\"wp-embedded-content\" data-secret=\"9cwwuhQ01v\"><p><a href=\"https:\/\/tajkertesz.com\/termek\/nortene-maxi-zip-attelelteto-zsak\/\">Nortene Maxi Zip \u00e1tteleltet\u0151 zs\u00e1k<\/a><\/p><\/blockquote>\n<p><iframe loading=\"lazy\" class=\"wp-embedded-content\" sandbox=\"allow-scripts\" security=\"restricted\" style=\"position: absolute; visibility: hidden;\" title=\"&#8220;Nortene Maxi Zip \u00e1tteleltet\u0151 zs\u00e1k&#8221; &#8212; T\u00e1jkert\u00e9sz\" src=\"https:\/\/tajkertesz.com\/termek\/nortene-maxi-zip-attelelteto-zsak\/embed\/#?secret=KKkNgII4n2#?secret=9cwwuhQ01v\" data-secret=\"9cwwuhQ01v\" width=\"600\" height=\"338\" frameborder=\"0\" marginwidth=\"0\" marginheight=\"0\" scrolling=\"no\"><\/iframe><\/p>\n<p>Kiv\u00e1l\u00f3an metszhet\u0151.<\/p>\n<p>Jelen term\u00e9k\u00fcnket sz\u00e1ll\u00edt\u00e1ssal lehet k\u00e9rni, vagy szem\u00e9lyes \u00e1tv\u00e9tellel.<\/p>\n<p>El\u00e9rhet\u0151 t\u00f6bbf\u00e9le m\u00e9retben \u00e9s \u00e1rban.<\/p>\n<p><b>K\u00e9szlet\u00fcnk napi szinten v\u00e1ltozik, ez\u00e9rt k\u00e9rj\u00fck, \u00e9rdekl\u0151dj\u00f6n szem\u00e9lyesen, telefonon vagy email-en.<br \/>\nA v\u00e1ltoztat\u00e1s jog\u00e1t fenntartjuk!\u00a0<\/b><\/p>\n<p>&nbsp;<\/p>\n<p><a href=\"https:\/\/tajkertesz.com\/\" target=\"_blank\" rel=\"noopener\" data-saferedirecturl=\"https:\/\/www.google.com\/url?q=https:\/\/tajkertesz.com\/&amp;source=gmail&amp;ust=1664433493345000&amp;usg=AOvVaw3-7GCqYkVgkZiCh54nWLyk\">https:\/\/tajkertesz.com\/<\/a><\/p>\n<p><a href=\"https:\/\/www.facebook.com\/tajkertesz\/\" target=\"_blank\" rel=\"noopener\" data-saferedirecturl=\"https:\/\/www.google.com\/url?q=https:\/\/www.facebook.com\/tajkertesz\/&amp;source=gmail&amp;ust=1664433493345000&amp;usg=AOvVaw2C9oT-AgxFYFZsoyVA3iUk\">https:\/\/www.facebook.com\/<wbr \/>tajkertesz\/<\/a><\/p>\n<p>Kisz\u00e1ll\u00edt\u00e1s: 200cm-ig \u00a0\u00e9s 40 kg-ig a sz\u00e1ll\u00edt\u00e1s fut\u00e1rszolg\u00e1lattal \u00a0t\u00f6rt\u00e9nik.<\/p>\n<p>Szem\u00e9lyes \u00e1tv\u00e9tel nyitvatart\u00e1si id\u0151ben a 17. ker\u00fclet Bakancsos utca 7. sz\u00e1m alatti Kert\u00e9szeti \u00e1rud\u00e1ban.<\/p>","protected":false},"excerpt":{"rendered":"<h2>T\u00f6rzses Oliva fa kb. 175-200 cm + kont\u00e9ner t\u00f6rzses<\/h2>\n<div id=\"bodyContent\" class=\"mw-body-content\">\n<div id=\"mw-content-text\" class=\"mw-content-ltr\" dir=\"ltr\" lang=\"hu\">\n<div id=\"bodyContent\" class=\"mw-body-content\">\n<div id=\"mw-content-text\" class=\"mw-content-ltr\" dir=\"ltr\" lang=\"hu\">\n<p><b>K\u00e9szlet\u00fcnk napi szinten v\u00e1ltozik, ez\u00e9rt k\u00e9rj\u00fck, \u00e9rdekl\u0151dj\u00f6n szem\u00e9lyesen, telefonon vagy email-en.<\/b><\/p>\n<p>Term\u00e9keinket szem\u00e9lyesen is \u00e1tveheti a h\u00e9t minden napj\u00e1n nyitvatart\u00e1si id\u0151ben!<\/p>\n<p>Kisz\u00e1ll\u00edt\u00e1s: 200 cm \u00e9s 40 kg-ig a sz\u00e1ll\u00edt\u00e1s fut\u00e1rszolg\u00e1lattal t\u00f6rt\u00e9nik.<\/p>\n<\/div>\n<\/div>\n<\/div>\n<\/div>\n<p><b>A v\u00e1ltoztat\u00e1s jog\u00e1t fenntartjuk!\u00a0<\/b><\/p>","protected":false},"featured_media":13631,"template":"","meta":{"_et_pb_use_builder":"","_et_pb_old_content":"","_et_gb_content_width":""},"product_brand":[],"product_cat":[517],"product_tag":[2951,2950,5341,2948],"class_list":{"0":"post-13629","1":"product","2":"type-product","3":"status-publish","4":"has-post-thumbnail","6":"product_cat-palmak-citrusok-es-mediterran-novenyek","7":"product_tag-koros","8":"product_tag-koros-oliva-fa-kb-200-210-cm-kontener-torzses","9":"product_tag-oliva","10":"product_tag-orias","12":"first","13":"outofstock","14":"shipping-taxable","15":"purchasable","16":"product-type-simple"},"yoast_head":"<!-- This site is optimized with the Yoast SEO plugin v27.5 - https:\/\/yoast.com\/product\/yoast-seo-wordpress\/ -->\n<title>T\u00f6rzses Oliva fa-Olea Europaea&#039;Leccio&#039; - T\u00e1jkert\u00e9sz<\/title>\n<meta name=\"description\" content=\"Mediterr\u00e1n ter\u00fcletek jellemz\u0151 lass\u00fa n\u00f6veked\u00e9s\u0171 \u00f6r\u00f6kz\u00f6ld tereb\u00e9lyes f\u00e1ja melyet haz\u00e1nkban els\u0151sorban egzotikus hangulata, formabont\u00f3 sz\u00e9ps\u00e9ge miatt \u00fcltetik.\" \/>\n<meta name=\"robots\" content=\"index, follow, max-snippet:-1, max-image-preview:large, max-video-preview:-1\" \/>\n<link rel=\"canonical\" href=\"https:\/\/tajkertesz.com\/en_US\/product\/oliva-fa-torzses-175-200-cm-kontener-torzses-oliva-fa-olea-europaea-leccio\/\" \/>\n<meta property=\"og:locale\" content=\"en_US\" \/>\n<meta property=\"og:type\" content=\"article\" \/>\n<meta property=\"og:title\" content=\"T\u00f6rzses Oliva fa-Olea Europaea&#039;Leccio&#039; - T\u00e1jkert\u00e9sz\" \/>\n<meta property=\"og:description\" content=\"Mediterr\u00e1n ter\u00fcletek jellemz\u0151 lass\u00fa n\u00f6veked\u00e9s\u0171 \u00f6r\u00f6kz\u00f6ld tereb\u00e9lyes f\u00e1ja melyet haz\u00e1nkban els\u0151sorban egzotikus hangulata, formabont\u00f3 sz\u00e9ps\u00e9ge miatt \u00fcltetik.\" \/>\n<meta property=\"og:url\" content=\"https:\/\/tajkertesz.com\/en_US\/product\/oliva-fa-torzses-175-200-cm-kontener-torzses-oliva-fa-olea-europaea-leccio\/\" \/>\n<meta property=\"og:site_name\" content=\"T\u00e1jkert\u00e9sz\" \/>\n<meta property=\"article:publisher\" content=\"https:\/\/www.facebook.com\/Tajkertesz\/\" \/>\n<meta property=\"article:modified_time\" content=\"2025-09-26T14:02:45+00:00\" \/>\n<meta property=\"og:image\" content=\"https:\/\/tajkertesz.com\/wp-content\/uploads\/2022\/09\/20220928_093049-scaled.jpg\" \/>\n\t<meta property=\"og:image:width\" content=\"1154\" \/>\n\t<meta property=\"og:image:height\" content=\"2560\" \/>\n\t<meta property=\"og:image:type\" content=\"image\/jpeg\" \/>\n<meta name=\"twitter:card\" content=\"summary_large_image\" \/>\n<meta name=\"twitter:label1\" content=\"Est. reading time\" \/>\n\t<meta name=\"twitter:data1\" content=\"2 minutes\" \/>\n<script type=\"application\/ld+json\" class=\"yoast-schema-graph\">{\"@context\":\"https:\\\/\\\/schema.org\",\"@graph\":[{\"@type\":\"WebPage\",\"@id\":\"https:\\\/\\\/tajkertesz.com\\\/termek\\\/oliva-fa-torzses-175-200-cm-kontener-torzses-oliva-fa-olea-europaea-leccio\\\/\",\"url\":\"https:\\\/\\\/tajkertesz.com\\\/termek\\\/oliva-fa-torzses-175-200-cm-kontener-torzses-oliva-fa-olea-europaea-leccio\\\/\",\"name\":\"T\u00f6rzses Oliva fa-Olea Europaea'Leccio' - T\u00e1jkert\u00e9sz\",\"isPartOf\":{\"@id\":\"https:\\\/\\\/tajkertesz.com\\\/#website\"},\"primaryImageOfPage\":{\"@id\":\"https:\\\/\\\/tajkertesz.com\\\/termek\\\/oliva-fa-torzses-175-200-cm-kontener-torzses-oliva-fa-olea-europaea-leccio\\\/#primaryimage\"},\"image\":{\"@id\":\"https:\\\/\\\/tajkertesz.com\\\/termek\\\/oliva-fa-torzses-175-200-cm-kontener-torzses-oliva-fa-olea-europaea-leccio\\\/#primaryimage\"},\"thumbnailUrl\":\"https:\\\/\\\/tajkertesz.com\\\/wp-content\\\/uploads\\\/2022\\\/09\\\/20220928_093049-scaled.jpg\",\"datePublished\":\"2022-09-28T07:33:43+00:00\",\"dateModified\":\"2025-09-26T14:02:45+00:00\",\"description\":\"Mediterr\u00e1n ter\u00fcletek jellemz\u0151 lass\u00fa n\u00f6veked\u00e9s\u0171 \u00f6r\u00f6kz\u00f6ld tereb\u00e9lyes f\u00e1ja melyet haz\u00e1nkban els\u0151sorban egzotikus hangulata, formabont\u00f3 sz\u00e9ps\u00e9ge miatt \u00fcltetik.\",\"breadcrumb\":{\"@id\":\"https:\\\/\\\/tajkertesz.com\\\/termek\\\/oliva-fa-torzses-175-200-cm-kontener-torzses-oliva-fa-olea-europaea-leccio\\\/#breadcrumb\"},\"inLanguage\":\"en-US\",\"potentialAction\":[{\"@type\":\"ReadAction\",\"target\":[\"https:\\\/\\\/tajkertesz.com\\\/termek\\\/oliva-fa-torzses-175-200-cm-kontener-torzses-oliva-fa-olea-europaea-leccio\\\/\"]}]},{\"@type\":\"ImageObject\",\"inLanguage\":\"en-US\",\"@id\":\"https:\\\/\\\/tajkertesz.com\\\/termek\\\/oliva-fa-torzses-175-200-cm-kontener-torzses-oliva-fa-olea-europaea-leccio\\\/#primaryimage\",\"url\":\"https:\\\/\\\/tajkertesz.com\\\/wp-content\\\/uploads\\\/2022\\\/09\\\/20220928_093049-scaled.jpg\",\"contentUrl\":\"https:\\\/\\\/tajkertesz.com\\\/wp-content\\\/uploads\\\/2022\\\/09\\\/20220928_093049-scaled.jpg\",\"width\":1154,\"height\":2560,\"caption\":\"T\u00f6rzses Oliva fa-Olea Europaea'Leccio'\"},{\"@type\":\"BreadcrumbList\",\"@id\":\"https:\\\/\\\/tajkertesz.com\\\/termek\\\/oliva-fa-torzses-175-200-cm-kontener-torzses-oliva-fa-olea-europaea-leccio\\\/#breadcrumb\",\"itemListElement\":[{\"@type\":\"ListItem\",\"position\":1,\"name\":\"Home\",\"item\":\"https:\\\/\\\/tajkertesz.com\\\/\"},{\"@type\":\"ListItem\",\"position\":2,\"name\":\"Kezd\u0151lap\",\"item\":\"https:\\\/\\\/tajkertesz.com\\\/\"},{\"@type\":\"ListItem\",\"position\":3,\"name\":\"T\u00f6rzses Oliva fa-Olea Europaea&#8217;Leccio&#8217;\"}]},{\"@type\":\"WebSite\",\"@id\":\"https:\\\/\\\/tajkertesz.com\\\/#website\",\"url\":\"https:\\\/\\\/tajkertesz.com\\\/\",\"name\":\"T\u00e1j-Kert\u00e9sz 84 Kft.\",\"description\":\"Kert\u00e9szeti kis- \u00e9s nagykeresked\u00e9s, D\u00edszn\u00f6v\u00e9ny web\u00e1ruh\u00e1z orsz\u00e1gos h\u00e1zhozsz\u00e1ll\u00edt\u00e1ssal!\",\"publisher\":{\"@id\":\"https:\\\/\\\/tajkertesz.com\\\/#organization\"},\"potentialAction\":[{\"@type\":\"SearchAction\",\"target\":{\"@type\":\"EntryPoint\",\"urlTemplate\":\"https:\\\/\\\/tajkertesz.com\\\/?s={search_term_string}\"},\"query-input\":{\"@type\":\"PropertyValueSpecification\",\"valueRequired\":true,\"valueName\":\"search_term_string\"}}],\"inLanguage\":\"en-US\"},{\"@type\":\"Organization\",\"@id\":\"https:\\\/\\\/tajkertesz.com\\\/#organization\",\"name\":\"T\u00e1j-Kert\u00e9sz 84 Kft.\",\"url\":\"https:\\\/\\\/tajkertesz.com\\\/\",\"logo\":{\"@type\":\"ImageObject\",\"inLanguage\":\"en-US\",\"@id\":\"https:\\\/\\\/tajkertesz.com\\\/#\\\/schema\\\/logo\\\/image\\\/\",\"url\":\"https:\\\/\\\/tajkertesz.com\\\/wp-content\\\/uploads\\\/2018\\\/02\\\/logo-2-e1518678052539.png\",\"contentUrl\":\"https:\\\/\\\/tajkertesz.com\\\/wp-content\\\/uploads\\\/2018\\\/02\\\/logo-2-e1518678052539.png\",\"width\":81,\"height\":140,\"caption\":\"T\u00e1j-Kert\u00e9sz 84 Kft.\"},\"image\":{\"@id\":\"https:\\\/\\\/tajkertesz.com\\\/#\\\/schema\\\/logo\\\/image\\\/\"},\"sameAs\":[\"https:\\\/\\\/www.facebook.com\\\/Tajkertesz\\\/\"]}]}<\/script>\n<!-- \/ Yoast SEO plugin. -->","yoast_head_json":{"title":"T\u00f6rzses Oliva fa-Olea Europaea'Leccio' - T\u00e1jkert\u00e9sz","description":"Mediterr\u00e1n ter\u00fcletek jellemz\u0151 lass\u00fa n\u00f6veked\u00e9s\u0171 \u00f6r\u00f6kz\u00f6ld tereb\u00e9lyes f\u00e1ja melyet haz\u00e1nkban els\u0151sorban egzotikus hangulata, formabont\u00f3 sz\u00e9ps\u00e9ge miatt \u00fcltetik.","robots":{"index":"index","follow":"follow","max-snippet":"max-snippet:-1","max-image-preview":"max-image-preview:large","max-video-preview":"max-video-preview:-1"},"canonical":"https:\/\/tajkertesz.com\/en_US\/product\/oliva-fa-torzses-175-200-cm-kontener-torzses-oliva-fa-olea-europaea-leccio\/","og_locale":"en_US","og_type":"article","og_title":"T\u00f6rzses Oliva fa-Olea Europaea'Leccio' - T\u00e1jkert\u00e9sz","og_description":"Mediterr\u00e1n ter\u00fcletek jellemz\u0151 lass\u00fa n\u00f6veked\u00e9s\u0171 \u00f6r\u00f6kz\u00f6ld tereb\u00e9lyes f\u00e1ja melyet haz\u00e1nkban els\u0151sorban egzotikus hangulata, formabont\u00f3 sz\u00e9ps\u00e9ge miatt \u00fcltetik.","og_url":"https:\/\/tajkertesz.com\/en_US\/product\/oliva-fa-torzses-175-200-cm-kontener-torzses-oliva-fa-olea-europaea-leccio\/","og_site_name":"T\u00e1jkert\u00e9sz","article_publisher":"https:\/\/www.facebook.com\/Tajkertesz\/","article_modified_time":"2025-09-26T14:02:45+00:00","og_image":[{"width":1154,"height":2560,"url":"https:\/\/tajkertesz.com\/wp-content\/uploads\/2022\/09\/20220928_093049-scaled.jpg","type":"image\/jpeg"}],"twitter_card":"summary_large_image","twitter_misc":{"Est. reading time":"2 minutes"},"schema":{"@context":"https:\/\/schema.org","@graph":[{"@type":"WebPage","@id":"https:\/\/tajkertesz.com\/termek\/oliva-fa-torzses-175-200-cm-kontener-torzses-oliva-fa-olea-europaea-leccio\/","url":"https:\/\/tajkertesz.com\/termek\/oliva-fa-torzses-175-200-cm-kontener-torzses-oliva-fa-olea-europaea-leccio\/","name":"T\u00f6rzses Oliva fa-Olea Europaea'Leccio' - T\u00e1jkert\u00e9sz","isPartOf":{"@id":"https:\/\/tajkertesz.com\/#website"},"primaryImageOfPage":{"@id":"https:\/\/tajkertesz.com\/termek\/oliva-fa-torzses-175-200-cm-kontener-torzses-oliva-fa-olea-europaea-leccio\/#primaryimage"},"image":{"@id":"https:\/\/tajkertesz.com\/termek\/oliva-fa-torzses-175-200-cm-kontener-torzses-oliva-fa-olea-europaea-leccio\/#primaryimage"},"thumbnailUrl":"https:\/\/tajkertesz.com\/wp-content\/uploads\/2022\/09\/20220928_093049-scaled.jpg","datePublished":"2022-09-28T07:33:43+00:00","dateModified":"2025-09-26T14:02:45+00:00","description":"Mediterr\u00e1n ter\u00fcletek jellemz\u0151 lass\u00fa n\u00f6veked\u00e9s\u0171 \u00f6r\u00f6kz\u00f6ld tereb\u00e9lyes f\u00e1ja melyet haz\u00e1nkban els\u0151sorban egzotikus hangulata, formabont\u00f3 sz\u00e9ps\u00e9ge miatt \u00fcltetik.","breadcrumb":{"@id":"https:\/\/tajkertesz.com\/termek\/oliva-fa-torzses-175-200-cm-kontener-torzses-oliva-fa-olea-europaea-leccio\/#breadcrumb"},"inLanguage":"en-US","potentialAction":[{"@type":"ReadAction","target":["https:\/\/tajkertesz.com\/termek\/oliva-fa-torzses-175-200-cm-kontener-torzses-oliva-fa-olea-europaea-leccio\/"]}]},{"@type":"ImageObject","inLanguage":"en-US","@id":"https:\/\/tajkertesz.com\/termek\/oliva-fa-torzses-175-200-cm-kontener-torzses-oliva-fa-olea-europaea-leccio\/#primaryimage","url":"https:\/\/tajkertesz.com\/wp-content\/uploads\/2022\/09\/20220928_093049-scaled.jpg","contentUrl":"https:\/\/tajkertesz.com\/wp-content\/uploads\/2022\/09\/20220928_093049-scaled.jpg","width":1154,"height":2560,"caption":"T\u00f6rzses Oliva fa-Olea Europaea'Leccio'"},{"@type":"BreadcrumbList","@id":"https:\/\/tajkertesz.com\/termek\/oliva-fa-torzses-175-200-cm-kontener-torzses-oliva-fa-olea-europaea-leccio\/#breadcrumb","itemListElement":[{"@type":"ListItem","position":1,"name":"Home","item":"https:\/\/tajkertesz.com\/"},{"@type":"ListItem","position":2,"name":"Kezd\u0151lap","item":"https:\/\/tajkertesz.com\/"},{"@type":"ListItem","position":3,"name":"T\u00f6rzses Oliva fa-Olea Europaea&#8217;Leccio&#8217;"}]},{"@type":"WebSite","@id":"https:\/\/tajkertesz.com\/#website","url":"https:\/\/tajkertesz.com\/","name":"T\u00e1j-Kert\u00e9sz 84 Kft.","description":"Kert\u00e9szeti kis- \u00e9s nagykeresked\u00e9s, D\u00edszn\u00f6v\u00e9ny web\u00e1ruh\u00e1z orsz\u00e1gos h\u00e1zhozsz\u00e1ll\u00edt\u00e1ssal!","publisher":{"@id":"https:\/\/tajkertesz.com\/#organization"},"potentialAction":[{"@type":"SearchAction","target":{"@type":"EntryPoint","urlTemplate":"https:\/\/tajkertesz.com\/?s={search_term_string}"},"query-input":{"@type":"PropertyValueSpecification","valueRequired":true,"valueName":"search_term_string"}}],"inLanguage":"en-US"},{"@type":"Organization","@id":"https:\/\/tajkertesz.com\/#organization","name":"T\u00e1j-Kert\u00e9sz 84 Kft.","url":"https:\/\/tajkertesz.com\/","logo":{"@type":"ImageObject","inLanguage":"en-US","@id":"https:\/\/tajkertesz.com\/#\/schema\/logo\/image\/","url":"https:\/\/tajkertesz.com\/wp-content\/uploads\/2018\/02\/logo-2-e1518678052539.png","contentUrl":"https:\/\/tajkertesz.com\/wp-content\/uploads\/2018\/02\/logo-2-e1518678052539.png","width":81,"height":140,"caption":"T\u00e1j-Kert\u00e9sz 84 Kft."},"image":{"@id":"https:\/\/tajkertesz.com\/#\/schema\/logo\/image\/"},"sameAs":["https:\/\/www.facebook.com\/Tajkertesz\/"]}]}},"_links":{"self":[{"href":"https:\/\/tajkertesz.com\/en_US\/wp-json\/wp\/v2\/product\/13629","targetHints":{"allow":["GET"]}}],"collection":[{"href":"https:\/\/tajkertesz.com\/en_US\/wp-json\/wp\/v2\/product"}],"about":[{"href":"https:\/\/tajkertesz.com\/en_US\/wp-json\/wp\/v2\/types\/product"}],"wp:featuredmedia":[{"embeddable":true,"href":"https:\/\/tajkertesz.com\/en_US\/wp-json\/wp\/v2\/media\/13631"}],"wp:attachment":[{"href":"https:\/\/tajkertesz.com\/en_US\/wp-json\/wp\/v2\/media?parent=13629"}],"wp:term":[{"taxonomy":"product_brand","embeddable":true,"href":"https:\/\/tajkertesz.com\/en_US\/wp-json\/wp\/v2\/product_brand?post=13629"},{"taxonomy":"product_cat","embeddable":true,"href":"https:\/\/tajkertesz.com\/en_US\/wp-json\/wp\/v2\/product_cat?post=13629"},{"taxonomy":"product_tag","embeddable":true,"href":"https:\/\/tajkertesz.com\/en_US\/wp-json\/wp\/v2\/product_tag?post=13629"}],"curies":[{"name":"wp","href":"https:\/\/api.w.org\/{rel}","templated":true}]}}