{"id":1365,"date":"2025-06-05T07:09:53","date_gmt":"2025-06-05T07:09:53","guid":{"rendered":"https:\/\/tajkertesz.com\/?post_type=product&#038;p=1365"},"modified":"2025-06-05T10:24:48","modified_gmt":"2025-06-05T10:24:48","slug":"kerria-japonica-pleniflora-boglarka-cserje","status":"publish","type":"product","link":"https:\/\/tajkertesz.com\/en_US\/product\/kerria-japonica-pleniflora-boglarka-cserje\/","title":{"rendered":"Kerria japonica &#8216;Pleniflora&#8217; &#8211; Telt vir\u00e1g\u00fa bogl\u00e1rka cserje"},"content":{"rendered":"<h1>Kerria japonica &#8216;Pleniflora&#8217; &#8211; Telt vir\u00e1g\u00fa bogl\u00e1rka cserje<\/h1>\n<p>A Kerria japonica &#8216;Pleniflora&#8217; &#8211; Telt vir\u00e1g\u00fa bogl\u00e1rka cserje \u00c1zsi\u00e1b\u00f3l sz\u00e1rmaz\u00f3 lombhullat\u00f3 cserje, \u00e9l\u00e9nks\u00e1rga, telt vir\u00e1gokkal d\u00edszit, amely \u00e1prilis-m\u00e1jusban d\u00fas vir\u00e1gz\u00e1s\u00e1val vonzza a tekintetet. Ide\u00e1lis v\u00e1laszt\u00e1s szoliterk\u00e9nt vagy s\u00f6v\u00e9nyk\u00e9nt kertekbe.<\/p>\n<h2>Kerria japonica &#8216;Pleniflora&#8217; jellemz\u0151i<\/h2>\n<ul>\n<li data-start=\"938\" data-end=\"965\">\n<p data-start=\"940\" data-end=\"965\"><strong data-start=\"940\" data-end=\"953\">Magass\u00e1g:<\/strong> 1,5\u20132 m\u00e9ter<\/p>\n<\/li>\n<li data-start=\"966\" data-end=\"1008\">\n<p data-start=\"968\" data-end=\"1008\"><strong data-start=\"968\" data-end=\"982\">N\u00f6veked\u00e9s:<\/strong> bokros, sz\u00e9lesen elter\u00fcl\u0151<\/p>\n<\/li>\n<li data-start=\"1009\" data-end=\"1075\">\n<p data-start=\"1011\" data-end=\"1075\"><strong data-start=\"1011\" data-end=\"1024\">Vir\u00e1gz\u00e1s:<\/strong> \u00e1prilist\u00f3l m\u00e1jusig, gyakran ny\u00e1ron is \u00fajravir\u00e1gzik<\/p>\n<\/li>\n<li data-start=\"1076\" data-end=\"1126\">\n<p data-start=\"1078\" data-end=\"1126\"><strong data-start=\"1078\" data-end=\"1088\">Vir\u00e1g:<\/strong> telt, \u00e9l\u00e9nks\u00e1rga, kb. 3\u20134 cm \u00e1tm\u00e9r\u0151j\u0171<\/p>\n<\/li>\n<li data-start=\"1127\" data-end=\"1173\">\n<p data-start=\"1129\" data-end=\"1173\"><strong data-start=\"1129\" data-end=\"1139\">Lev\u00e9l:<\/strong> \u00e9l\u00e9nkz\u00f6ld, f\u0171r\u00e9szes sz\u00e9l\u0171, ov\u00e1lis<\/p>\n<\/li>\n<\/ul>\n<h3>Telt vir\u00e1g\u00fa bogl\u00e1rka cserje gondoz\u00e1sa<\/h3>\n<ul>\n<li data-start=\"1189\" data-end=\"1242\">\n<p data-start=\"1191\" data-end=\"1242\"><strong data-start=\"1191\" data-end=\"1205\">F\u00e9nyig\u00e9ny:<\/strong> napos vagy f\u00e9l\u00e1rny\u00e9kos helyet kedvel<\/p>\n<\/li>\n<li data-start=\"1243\" data-end=\"1299\">\n<p data-start=\"1245\" data-end=\"1299\"><strong data-start=\"1245\" data-end=\"1255\">Talaj:<\/strong> j\u00f3 v\u00edzelvezet\u00e9s\u0171, humuszos talaj az ide\u00e1lis<\/p>\n<\/li>\n<li data-start=\"1300\" data-end=\"1368\">\n<p data-start=\"1302\" data-end=\"1368\"><strong data-start=\"1302\" data-end=\"1314\">\u00d6nt\u00f6z\u00e9s:<\/strong> k\u00f6zepes v\u00edzig\u00e9ny, j\u00f3l t\u0171ri a sz\u00e1razabb id\u0151szakokat is<\/p>\n<\/li>\n<li data-start=\"1369\" data-end=\"1443\">\n<p data-start=\"1371\" data-end=\"1443\"><strong data-start=\"1371\" data-end=\"1383\">Metsz\u00e9s:<\/strong> vir\u00e1gz\u00e1s ut\u00e1n aj\u00e1nlott, az el\u00f6regedett \u00e1gak elt\u00e1vol\u00edt\u00e1s\u00e1val<\/p>\n<\/li>\n<li data-start=\"1369\" data-end=\"1443\">\n<p data-start=\"1321\" data-end=\"1340\"><strong data-start=\"1321\" data-end=\"1338\">Felhaszn\u00e1l\u00e1s:<\/strong><\/p>\n<ul data-start=\"1341\" data-end=\"1526\">\n<li data-start=\"1341\" data-end=\"1394\">\n<p data-start=\"1343\" data-end=\"1394\">D\u00edszcserjek\u00e9nt szoliterk\u00e9nt vagy cserjeszeg\u00e9lyben<\/p>\n<\/li>\n<li data-start=\"1395\" data-end=\"1471\">\n<p data-start=\"1397\" data-end=\"1471\">Term\u00e9szetes hat\u00e1s\u00fa kertekben, vid\u00e9ki st\u00edlushoz k\u00fcl\u00f6n\u00f6sen j\u00f3l illeszkedik<\/p>\n<\/li>\n<li data-start=\"1472\" data-end=\"1526\">\n<p data-start=\"1474\" data-end=\"1526\">S\u00f6v\u00e9nyk\u00e9nt is alkalmazhat\u00f3, mivel gyorsan bokrosodik<\/p>\n<\/li>\n<\/ul>\n<p data-start=\"1528\" data-end=\"1712\"><strong data-start=\"1528\" data-end=\"1547\">Gondoz\u00e1si tipp:<\/strong><br data-start=\"1547\" data-end=\"1550\" \/>A vir\u00e1gz\u00e1s ut\u00e1n metszd vissza a hosszabb, el\u00f6regedett hajt\u00e1sokat. Ezzel el\u0151seg\u00edted a friss hajt\u00e1sok k\u00e9pz\u0151d\u00e9s\u00e9t, melyek a k\u00f6vetkez\u0151 \u00e9vben gazdagon vir\u00e1goznak majd.<\/p>\n<p><b>K\u00e9szlet\u00fcnk napi szinten v\u00e1ltozik, ez\u00e9rt k\u00e9rj\u00fck, \u00e9rdekl\u0151dj\u00f6n szem\u00e9lyesen, telefonon vagy email-en.<br \/>\nA v\u00e1ltoztat\u00e1s jog\u00e1t fenntartjuk!<\/b><b>\u00a0<\/b><\/p>\n<p><a href=\"https:\/\/tajkertesz.com\/\">https:\/\/tajkertesz.com\/<\/a><\/p>\n<p><a href=\"https:\/\/www.facebook.com\/tajkertesz\/\">https:\/\/www.facebook.com\/tajkertesz\/<\/a><\/p>\n<p>Kisz\u00e1ll\u00edt\u00e1s: 200cm-ig \u00e9s 40 kg-ig a sz\u00e1ll\u00edt\u00e1s fut\u00e1rszolg\u00e1lattal t\u00f6rt\u00e9nik.<\/p>\n<p>Szem\u00e9lyes \u00e1tv\u00e9tel nyitvatart\u00e1si id\u0151ben a 17. ker\u00fclet Bakancsos utca 7. sz\u00e1m alatti Kert\u00e9szeti \u00e1rud\u00e1nkban.<\/p>\n<p>Kert\u00e9p\u00edt\u0151k \u00e9s viszontelad\u00f3k regisztr\u00e1l\u00e1s ut\u00e1n egyedi kedvezm\u00e9nnyel v\u00e1s\u00e1rolhatnak kert\u00e9szeti kis-\u00e9s nagykeresked\u00e9s\u00fcnkben.<\/p>\n<p><strong>Az \u00e1rak egy darab term\u00e9kre vonatkoznak.<\/strong><\/p>\n<p><strong>J\u00f3 tudni!<\/strong><\/p>\n<p>K\u00e9pek-elt\u00e9r\u00e9sek:<\/p>\n<p>A n\u00f6v\u00e9nyekr\u0151l felt\u00f6lt\u00f6tt k\u00e9pek illusztr\u00e1ci\u00f3k. N\u00f6v\u00e9nyekn\u00e9l el\u0151fordulhatnak minim\u00e1lis elt\u00e9r\u00e9sek a k\u00e9peken szerepl\u0151 n\u00f6v\u00e9nyek \u00e9s az \u00e1tvett n\u00f6v\u00e9nyek k\u00f6z\u00f6tt, mivel minden n\u00f6v\u00e9ny egyedi.<\/p>\n<h4>N\u00f6v\u00e9nyek sz\u00e1ll\u00edt\u00e1sa:<\/h4>\n<p>A megrendelt n\u00f6v\u00e9nyeket igyeksz\u00fcnk a lehet\u0151 legbiztons\u00e1gosabban egyes\u00e9vel csomagolni, azonban a sz\u00e1ll\u00edt\u00e1s sor\u00e1n m\u00e9g ennek ellen\u00e9re is\u00a0bek\u00f6vetkezhetnek apr\u00f3bb s\u00e9r\u00fcl\u00e9sek (lev\u00e9l- vagy vir\u00e1ghull\u00e1s).<br \/>\nN\u00f6v\u00e9ny rendel\u00e9s eset\u00e9n k\u00e9rj\u00fck a k\u00e9zbes\u00edt\u00e9st k\u00f6vet\u0151en a lehet\u0151 leghamarabb bonts\u00e1k ki a csomagot.<\/p>\n<p>Abban az esetben, ha a megrendelt n\u00f6v\u00e9ny\u00a0a sz\u00e1ll\u00edt\u00e1st k\u00f6vet\u0151en\u00a0nem megfelel\u0151 gondoz\u00e1sban r\u00e9szes\u00fcl \u00e9s ebb\u0151l kifoly\u00f3lag\u00a0k\u00e1rosodik,\u00a0elpusztul, felel\u0151ss\u00e9get sajnos nem tudunk v\u00e1llalni.<\/p>\n<p>V\u00e1s\u00e1rl\u00e1st\u00f3l val\u00f3 el\u00e1ll\u00e1s \u00e9l\u0151 n\u00f6v\u00e9ny v\u00e1s\u00e1rl\u00e1sa eset\u00e9n:<\/p>\n<p>Az \u00e1ltal\u00e1nos 14 napos el\u00e1ll\u00e1s lehet\u0151s\u00e9ge \u00e9l\u0151 n\u00f6v\u00e9nyekre nem vonatkozik. V\u00e1s\u00e1rl\u00e1st\u00f3l val\u00f3 el\u00e1ll\u00e1sra, visszak\u00fcld\u00e9sre nincs lehet\u0151s\u00e9g.\u00a0(17\/1999. (II. 5.) Korm. rendelet 5c pontja)<\/p>\n<p><strong>K\u00e9rj\u00fck fentiek figyelembev\u00e9tel\u00e9t n\u00f6v\u00e9ny rendel\u00e9se sor\u00e1n!<\/strong><\/li>\n<\/ul>","protected":false},"excerpt":{"rendered":"<p>A n\u00f6v\u00e9ny jelenlegi m\u00e9rete: 80\/100 cm magas, 9 literes kont\u00e9nerben.<\/p>\n<p><b>K\u00e9szlet\u00fcnk napi szinten v\u00e1ltozik, ez\u00e9rt k\u00e9rj\u00fck, \u00e9rdekl\u0151dj\u00f6n szem\u00e9lyesen, telefonon vagy email-en.<br \/>\nA v\u00e1ltoztat\u00e1s jog\u00e1t fenntartjuk!<\/b><b>\u00a0<\/b><\/p>\n<p><span style=\"color: #ff0000;\"><strong>Sz\u00e1ll\u00edt\u00e1s fut\u00e1rszolg\u00e1lattal 200 cm-ig, \u00e9s 40 kg-ig lehets\u00e9ges. E felett szem\u00e9lyes \u00e1tv\u00e9tellel vagy egyeztetett sz\u00e1ll\u00edt\u00e1si felt\u00e9tellel lehet.<\/strong><\/span><\/p>","protected":false},"featured_media":1366,"template":"","meta":{"_et_pb_use_builder":"","_et_pb_old_content":"","_et_gb_content_width":""},"product_brand":[],"product_cat":[27],"product_tag":[327,325,305,326],"class_list":{"0":"post-1365","1":"product","2":"type-product","3":"status-publish","4":"has-post-thumbnail","6":"product_cat-cserjek","7":"product_tag-boglarka","8":"product_tag-kerria-japonica-pleniflora","9":"product_tag-telt","10":"product_tag-telt-viragu-boglarka-cserje","12":"first","13":"instock","14":"shipping-taxable","15":"purchasable","16":"product-type-simple"},"yoast_head":"<!-- This site is optimized with the Yoast SEO plugin v27.4 - https:\/\/yoast.com\/product\/yoast-seo-wordpress\/ -->\n<title>Kerria japonica &#039;Pleniflora&#039; - Telt vir\u00e1g\u00fa bogl\u00e1rka cserje - T\u00e1jkert\u00e9sz<\/title>\n<meta name=\"description\" content=\"A Kerria japonica &#039;Pleniflora&#039; Telt vir\u00e1g\u00fa bogl\u00e1rka cserje f\u0151 d\u00edsz\u00edt\u0151 \u00e9rt\u00e9ke a nagy vir\u00e1ga. S\u00e1rg\u00e1sz\u00f6ld vessz\u0151je mely k\u00fcl\u00f6n\u00f6sen l\u00e1tv\u00e1nyos.\" \/>\n<meta name=\"robots\" content=\"index, follow, max-snippet:-1, max-image-preview:large, max-video-preview:-1\" \/>\n<link rel=\"canonical\" href=\"https:\/\/tajkertesz.com\/en_US\/product\/kerria-japonica-pleniflora-boglarka-cserje\/\" \/>\n<meta property=\"og:locale\" content=\"en_US\" \/>\n<meta property=\"og:type\" content=\"article\" \/>\n<meta property=\"og:title\" content=\"Kerria japonica &#039;Pleniflora&#039; - Telt vir\u00e1g\u00fa bogl\u00e1rka cserje - T\u00e1jkert\u00e9sz\" \/>\n<meta property=\"og:description\" content=\"A Kerria japonica &#039;Pleniflora&#039; Telt vir\u00e1g\u00fa bogl\u00e1rka cserje f\u0151 d\u00edsz\u00edt\u0151 \u00e9rt\u00e9ke a nagy vir\u00e1ga. S\u00e1rg\u00e1sz\u00f6ld vessz\u0151je mely k\u00fcl\u00f6n\u00f6sen l\u00e1tv\u00e1nyos.\" \/>\n<meta property=\"og:url\" content=\"https:\/\/tajkertesz.com\/en_US\/product\/kerria-japonica-pleniflora-boglarka-cserje\/\" \/>\n<meta property=\"og:site_name\" content=\"T\u00e1jkert\u00e9sz\" \/>\n<meta property=\"article:publisher\" content=\"https:\/\/www.facebook.com\/Tajkertesz\/\" \/>\n<meta property=\"article:modified_time\" content=\"2025-06-05T10:24:48+00:00\" \/>\n<meta property=\"og:image\" content=\"https:\/\/tajkertesz.com\/wp-content\/uploads\/2020\/03\/Kerria_japonica_pleniflora.jpg2_.jpeg\" \/>\n\t<meta property=\"og:image:width\" content=\"800\" \/>\n\t<meta property=\"og:image:height\" content=\"533\" \/>\n\t<meta property=\"og:image:type\" content=\"image\/jpeg\" \/>\n<meta name=\"twitter:card\" content=\"summary_large_image\" \/>\n<meta name=\"twitter:label1\" content=\"Est. reading time\" \/>\n\t<meta name=\"twitter:data1\" content=\"2 minutes\" \/>\n<script type=\"application\/ld+json\" class=\"yoast-schema-graph\">{\"@context\":\"https:\\\/\\\/schema.org\",\"@graph\":[{\"@type\":\"WebPage\",\"@id\":\"https:\\\/\\\/tajkertesz.com\\\/termek\\\/kerria-japonica-pleniflora-boglarka-cserje\\\/\",\"url\":\"https:\\\/\\\/tajkertesz.com\\\/termek\\\/kerria-japonica-pleniflora-boglarka-cserje\\\/\",\"name\":\"Kerria japonica 'Pleniflora' - Telt vir\u00e1g\u00fa bogl\u00e1rka cserje - T\u00e1jkert\u00e9sz\",\"isPartOf\":{\"@id\":\"https:\\\/\\\/tajkertesz.com\\\/#website\"},\"primaryImageOfPage\":{\"@id\":\"https:\\\/\\\/tajkertesz.com\\\/termek\\\/kerria-japonica-pleniflora-boglarka-cserje\\\/#primaryimage\"},\"image\":{\"@id\":\"https:\\\/\\\/tajkertesz.com\\\/termek\\\/kerria-japonica-pleniflora-boglarka-cserje\\\/#primaryimage\"},\"thumbnailUrl\":\"https:\\\/\\\/tajkertesz.com\\\/wp-content\\\/uploads\\\/2020\\\/03\\\/Kerria_japonica_pleniflora.jpg2_.jpeg\",\"datePublished\":\"2025-06-05T07:09:53+00:00\",\"dateModified\":\"2025-06-05T10:24:48+00:00\",\"description\":\"A Kerria japonica 'Pleniflora' Telt vir\u00e1g\u00fa bogl\u00e1rka cserje f\u0151 d\u00edsz\u00edt\u0151 \u00e9rt\u00e9ke a nagy vir\u00e1ga. S\u00e1rg\u00e1sz\u00f6ld vessz\u0151je mely k\u00fcl\u00f6n\u00f6sen l\u00e1tv\u00e1nyos.\",\"breadcrumb\":{\"@id\":\"https:\\\/\\\/tajkertesz.com\\\/termek\\\/kerria-japonica-pleniflora-boglarka-cserje\\\/#breadcrumb\"},\"inLanguage\":\"en-US\",\"potentialAction\":[{\"@type\":\"ReadAction\",\"target\":[\"https:\\\/\\\/tajkertesz.com\\\/termek\\\/kerria-japonica-pleniflora-boglarka-cserje\\\/\"]}]},{\"@type\":\"ImageObject\",\"inLanguage\":\"en-US\",\"@id\":\"https:\\\/\\\/tajkertesz.com\\\/termek\\\/kerria-japonica-pleniflora-boglarka-cserje\\\/#primaryimage\",\"url\":\"https:\\\/\\\/tajkertesz.com\\\/wp-content\\\/uploads\\\/2020\\\/03\\\/Kerria_japonica_pleniflora.jpg2_.jpeg\",\"contentUrl\":\"https:\\\/\\\/tajkertesz.com\\\/wp-content\\\/uploads\\\/2020\\\/03\\\/Kerria_japonica_pleniflora.jpg2_.jpeg\",\"width\":800,\"height\":533,\"caption\":\"Kerria japonica 'Pleniflora'\"},{\"@type\":\"BreadcrumbList\",\"@id\":\"https:\\\/\\\/tajkertesz.com\\\/termek\\\/kerria-japonica-pleniflora-boglarka-cserje\\\/#breadcrumb\",\"itemListElement\":[{\"@type\":\"ListItem\",\"position\":1,\"name\":\"Home\",\"item\":\"https:\\\/\\\/tajkertesz.com\\\/\"},{\"@type\":\"ListItem\",\"position\":2,\"name\":\"Kezd\u0151lap\",\"item\":\"https:\\\/\\\/tajkertesz.com\\\/\"},{\"@type\":\"ListItem\",\"position\":3,\"name\":\"Kerria japonica &#8216;Pleniflora&#8217; &#8211; Telt vir\u00e1g\u00fa bogl\u00e1rka cserje\"}]},{\"@type\":\"WebSite\",\"@id\":\"https:\\\/\\\/tajkertesz.com\\\/#website\",\"url\":\"https:\\\/\\\/tajkertesz.com\\\/\",\"name\":\"T\u00e1j-Kert\u00e9sz 84 Kft.\",\"description\":\"Kert\u00e9szeti kis- \u00e9s nagykeresked\u00e9s, D\u00edszn\u00f6v\u00e9ny web\u00e1ruh\u00e1z orsz\u00e1gos h\u00e1zhozsz\u00e1ll\u00edt\u00e1ssal!\",\"publisher\":{\"@id\":\"https:\\\/\\\/tajkertesz.com\\\/#organization\"},\"potentialAction\":[{\"@type\":\"SearchAction\",\"target\":{\"@type\":\"EntryPoint\",\"urlTemplate\":\"https:\\\/\\\/tajkertesz.com\\\/?s={search_term_string}\"},\"query-input\":{\"@type\":\"PropertyValueSpecification\",\"valueRequired\":true,\"valueName\":\"search_term_string\"}}],\"inLanguage\":\"en-US\"},{\"@type\":\"Organization\",\"@id\":\"https:\\\/\\\/tajkertesz.com\\\/#organization\",\"name\":\"T\u00e1j-Kert\u00e9sz 84 Kft.\",\"url\":\"https:\\\/\\\/tajkertesz.com\\\/\",\"logo\":{\"@type\":\"ImageObject\",\"inLanguage\":\"en-US\",\"@id\":\"https:\\\/\\\/tajkertesz.com\\\/#\\\/schema\\\/logo\\\/image\\\/\",\"url\":\"https:\\\/\\\/tajkertesz.com\\\/wp-content\\\/uploads\\\/2018\\\/02\\\/logo-2-e1518678052539.png\",\"contentUrl\":\"https:\\\/\\\/tajkertesz.com\\\/wp-content\\\/uploads\\\/2018\\\/02\\\/logo-2-e1518678052539.png\",\"width\":81,\"height\":140,\"caption\":\"T\u00e1j-Kert\u00e9sz 84 Kft.\"},\"image\":{\"@id\":\"https:\\\/\\\/tajkertesz.com\\\/#\\\/schema\\\/logo\\\/image\\\/\"},\"sameAs\":[\"https:\\\/\\\/www.facebook.com\\\/Tajkertesz\\\/\"]}]}<\/script>\n<!-- \/ Yoast SEO plugin. -->","yoast_head_json":{"title":"Kerria japonica 'Pleniflora' - Telt vir\u00e1g\u00fa bogl\u00e1rka cserje - T\u00e1jkert\u00e9sz","description":"A Kerria japonica 'Pleniflora' Telt vir\u00e1g\u00fa bogl\u00e1rka cserje f\u0151 d\u00edsz\u00edt\u0151 \u00e9rt\u00e9ke a nagy vir\u00e1ga. S\u00e1rg\u00e1sz\u00f6ld vessz\u0151je mely k\u00fcl\u00f6n\u00f6sen l\u00e1tv\u00e1nyos.","robots":{"index":"index","follow":"follow","max-snippet":"max-snippet:-1","max-image-preview":"max-image-preview:large","max-video-preview":"max-video-preview:-1"},"canonical":"https:\/\/tajkertesz.com\/en_US\/product\/kerria-japonica-pleniflora-boglarka-cserje\/","og_locale":"en_US","og_type":"article","og_title":"Kerria japonica 'Pleniflora' - Telt vir\u00e1g\u00fa bogl\u00e1rka cserje - T\u00e1jkert\u00e9sz","og_description":"A Kerria japonica 'Pleniflora' Telt vir\u00e1g\u00fa bogl\u00e1rka cserje f\u0151 d\u00edsz\u00edt\u0151 \u00e9rt\u00e9ke a nagy vir\u00e1ga. S\u00e1rg\u00e1sz\u00f6ld vessz\u0151je mely k\u00fcl\u00f6n\u00f6sen l\u00e1tv\u00e1nyos.","og_url":"https:\/\/tajkertesz.com\/en_US\/product\/kerria-japonica-pleniflora-boglarka-cserje\/","og_site_name":"T\u00e1jkert\u00e9sz","article_publisher":"https:\/\/www.facebook.com\/Tajkertesz\/","article_modified_time":"2025-06-05T10:24:48+00:00","og_image":[{"width":800,"height":533,"url":"https:\/\/tajkertesz.com\/wp-content\/uploads\/2020\/03\/Kerria_japonica_pleniflora.jpg2_.jpeg","type":"image\/jpeg"}],"twitter_card":"summary_large_image","twitter_misc":{"Est. reading time":"2 minutes"},"schema":{"@context":"https:\/\/schema.org","@graph":[{"@type":"WebPage","@id":"https:\/\/tajkertesz.com\/termek\/kerria-japonica-pleniflora-boglarka-cserje\/","url":"https:\/\/tajkertesz.com\/termek\/kerria-japonica-pleniflora-boglarka-cserje\/","name":"Kerria japonica 'Pleniflora' - Telt vir\u00e1g\u00fa bogl\u00e1rka cserje - T\u00e1jkert\u00e9sz","isPartOf":{"@id":"https:\/\/tajkertesz.com\/#website"},"primaryImageOfPage":{"@id":"https:\/\/tajkertesz.com\/termek\/kerria-japonica-pleniflora-boglarka-cserje\/#primaryimage"},"image":{"@id":"https:\/\/tajkertesz.com\/termek\/kerria-japonica-pleniflora-boglarka-cserje\/#primaryimage"},"thumbnailUrl":"https:\/\/tajkertesz.com\/wp-content\/uploads\/2020\/03\/Kerria_japonica_pleniflora.jpg2_.jpeg","datePublished":"2025-06-05T07:09:53+00:00","dateModified":"2025-06-05T10:24:48+00:00","description":"A Kerria japonica 'Pleniflora' Telt vir\u00e1g\u00fa bogl\u00e1rka cserje f\u0151 d\u00edsz\u00edt\u0151 \u00e9rt\u00e9ke a nagy vir\u00e1ga. S\u00e1rg\u00e1sz\u00f6ld vessz\u0151je mely k\u00fcl\u00f6n\u00f6sen l\u00e1tv\u00e1nyos.","breadcrumb":{"@id":"https:\/\/tajkertesz.com\/termek\/kerria-japonica-pleniflora-boglarka-cserje\/#breadcrumb"},"inLanguage":"en-US","potentialAction":[{"@type":"ReadAction","target":["https:\/\/tajkertesz.com\/termek\/kerria-japonica-pleniflora-boglarka-cserje\/"]}]},{"@type":"ImageObject","inLanguage":"en-US","@id":"https:\/\/tajkertesz.com\/termek\/kerria-japonica-pleniflora-boglarka-cserje\/#primaryimage","url":"https:\/\/tajkertesz.com\/wp-content\/uploads\/2020\/03\/Kerria_japonica_pleniflora.jpg2_.jpeg","contentUrl":"https:\/\/tajkertesz.com\/wp-content\/uploads\/2020\/03\/Kerria_japonica_pleniflora.jpg2_.jpeg","width":800,"height":533,"caption":"Kerria japonica 'Pleniflora'"},{"@type":"BreadcrumbList","@id":"https:\/\/tajkertesz.com\/termek\/kerria-japonica-pleniflora-boglarka-cserje\/#breadcrumb","itemListElement":[{"@type":"ListItem","position":1,"name":"Home","item":"https:\/\/tajkertesz.com\/"},{"@type":"ListItem","position":2,"name":"Kezd\u0151lap","item":"https:\/\/tajkertesz.com\/"},{"@type":"ListItem","position":3,"name":"Kerria japonica &#8216;Pleniflora&#8217; &#8211; Telt vir\u00e1g\u00fa bogl\u00e1rka cserje"}]},{"@type":"WebSite","@id":"https:\/\/tajkertesz.com\/#website","url":"https:\/\/tajkertesz.com\/","name":"T\u00e1j-Kert\u00e9sz 84 Kft.","description":"Kert\u00e9szeti kis- \u00e9s nagykeresked\u00e9s, D\u00edszn\u00f6v\u00e9ny web\u00e1ruh\u00e1z orsz\u00e1gos h\u00e1zhozsz\u00e1ll\u00edt\u00e1ssal!","publisher":{"@id":"https:\/\/tajkertesz.com\/#organization"},"potentialAction":[{"@type":"SearchAction","target":{"@type":"EntryPoint","urlTemplate":"https:\/\/tajkertesz.com\/?s={search_term_string}"},"query-input":{"@type":"PropertyValueSpecification","valueRequired":true,"valueName":"search_term_string"}}],"inLanguage":"en-US"},{"@type":"Organization","@id":"https:\/\/tajkertesz.com\/#organization","name":"T\u00e1j-Kert\u00e9sz 84 Kft.","url":"https:\/\/tajkertesz.com\/","logo":{"@type":"ImageObject","inLanguage":"en-US","@id":"https:\/\/tajkertesz.com\/#\/schema\/logo\/image\/","url":"https:\/\/tajkertesz.com\/wp-content\/uploads\/2018\/02\/logo-2-e1518678052539.png","contentUrl":"https:\/\/tajkertesz.com\/wp-content\/uploads\/2018\/02\/logo-2-e1518678052539.png","width":81,"height":140,"caption":"T\u00e1j-Kert\u00e9sz 84 Kft."},"image":{"@id":"https:\/\/tajkertesz.com\/#\/schema\/logo\/image\/"},"sameAs":["https:\/\/www.facebook.com\/Tajkertesz\/"]}]}},"_links":{"self":[{"href":"https:\/\/tajkertesz.com\/en_US\/wp-json\/wp\/v2\/product\/1365","targetHints":{"allow":["GET"]}}],"collection":[{"href":"https:\/\/tajkertesz.com\/en_US\/wp-json\/wp\/v2\/product"}],"about":[{"href":"https:\/\/tajkertesz.com\/en_US\/wp-json\/wp\/v2\/types\/product"}],"wp:featuredmedia":[{"embeddable":true,"href":"https:\/\/tajkertesz.com\/en_US\/wp-json\/wp\/v2\/media\/1366"}],"wp:attachment":[{"href":"https:\/\/tajkertesz.com\/en_US\/wp-json\/wp\/v2\/media?parent=1365"}],"wp:term":[{"taxonomy":"product_brand","embeddable":true,"href":"https:\/\/tajkertesz.com\/en_US\/wp-json\/wp\/v2\/product_brand?post=1365"},{"taxonomy":"product_cat","embeddable":true,"href":"https:\/\/tajkertesz.com\/en_US\/wp-json\/wp\/v2\/product_cat?post=1365"},{"taxonomy":"product_tag","embeddable":true,"href":"https:\/\/tajkertesz.com\/en_US\/wp-json\/wp\/v2\/product_tag?post=1365"}],"curies":[{"name":"wp","href":"https:\/\/api.w.org\/{rel}","templated":true}]}}