{"id":1369,"date":"2020-03-24T07:54:23","date_gmt":"2020-03-24T07:54:23","guid":{"rendered":"https:\/\/tajkertesz.com\/?post_type=product&#038;p=1369"},"modified":"2025-06-03T14:27:08","modified_gmt":"2025-06-03T14:27:08","slug":"ligustrum-ovalifoliumszeles-levelu-fagyal","status":"publish","type":"product","link":"https:\/\/tajkertesz.com\/en_US\/product\/ligustrum-ovalifoliumszeles-levelu-fagyal\/","title":{"rendered":"Ligustrum ovalifolium , Sz\u00e9les level\u0171 fagyal"},"content":{"rendered":"<p>Ligustrum ovalifolium , Sz\u00e9les level\u0171 fagyal<\/p>\n<p>A Ligustrum ovalifolium , Sz\u00e9les level\u0171 fagyal ny\u00edrott s\u00f6v\u00e9nynek leggyakrabban haszn\u00e1lt n\u00f6v\u00e9ny\u00fcnk.<\/p>\n<p>S\u0171r\u0171 \u00e1gas ,3-5 m magas lombhullat\u00f3 cserje.<\/p>\n<p>F\u00e9nyl\u0151 s\u00f6t\u00e9tz\u00f6ld levelei a fagyokig a vessz\u0151k\u00f6n maradnak.<\/p>\n<p>Vir\u00e1ga s\u00e1rg\u00e1sfeh\u00e9r , illatos kb 10 cm -es bug\u00e1ban ny\u00edlik.<\/p>\n<p>Term\u00e9se k\u00e9kesfekete g\u00f6mb\u00f6lyded bogy\u00f3.<\/p>\n<p>K\u00f6t\u00f6tt vagy\u00a0 k\u00f6z\u00e9p k\u00f6t\u00f6tt talajt kedvel.<\/p>\n<p>J\u00f3 v\u00e1rost\u0171r\u0151 s\u00f6v\u00e9ny n\u00f6v\u00e9ny.<\/p>\n<p>&nbsp;<\/p>\n<p style=\"line-height: 18.0pt; background: white; margin: 0cm 0cm 15.0pt 0cm;\"><span style=\"font-family: 'Ubuntu',serif; color: black;\">El\u00e9rhet\u0151 t\u00f6bbf\u00e9le m\u00e9retben \u00e9s \u00e1rban.<\/span><\/p>\n<p style=\"line-height: 18.0pt; background: white; margin: 0cm 0cm 15.0pt 0cm;\"><b><span style=\"font-family: 'Ubuntu',serif; color: black;\">K\u00e9szlet\u00fcnk napi szinten v\u00e1ltozik, ez\u00e9rt k\u00e9rj\u00fck, \u00e9rdekl\u0151dj\u00f6n szem\u00e9lyesen, telefonon vagy email-en.<br \/>\nA v\u00e1ltoztat\u00e1s jog\u00e1t fenntartjuk!\u00a0<\/span><\/b><\/p>\n<p><a href=\"https:\/\/tajkertesz.com\/\">https:\/\/tajkertesz.com\/<\/a><\/p>\n<p><a href=\"https:\/\/hu.wikipedia.org\/wiki\/Sz%C3%A9leslevel%C5%B1_fagyal\">https:\/\/hu.wikipedia.org\/wiki\/Sz%C3%A9leslevel%C5%B1_fagyal<\/a><\/p>\n<p><span style=\"color: #ffffff;\">A\u00a0<b>sz\u00e9leslevel\u0171 fagyal<\/b>\u00a0vagy t\u00e9liz\u00f6ld fagyal\u00a0<i>(Ligustrum ovalifolium)<\/i>\u00a0az\u00a0<a style=\"color: #ffffff;\" title=\"Olajfaf\u00e9l\u00e9k\" href=\"https:\/\/hu.wikipedia.org\/wiki\/Olajfaf%C3%A9l%C3%A9k\">olajfaf\u00e9l\u00e9k<\/a>\u00a0csal\u00e1dj\u00e1ba tartoz\u00f3 cserje termet\u0171 n\u00f6v\u00e9nyfaj. Haz\u00e1ja\u00a0<a style=\"color: #ffffff;\" title=\"Jap\u00e1n\" href=\"https:\/\/hu.wikipedia.org\/wiki\/Jap%C3%A1n\">Jap\u00e1n<\/a>. Magyarorsz\u00e1gon gyakran \u00fcltetik, els\u0151sorban\u00a0<a style=\"color: #ffffff;\" title=\"S\u00f6v\u00e9ny\" href=\"https:\/\/hu.wikipedia.org\/wiki\/S%C3%B6v%C3%A9ny\">s\u00f6v\u00e9nynek<\/a>. K\u00f6zepesen sz\u00e1razs\u00e1gt\u0171r\u0151 faj, napos vagy f\u00e9l\u00e1rny\u00e9kos fekv\u00e9st kedvel. Napon a levele a t\u00e9l k\u00f6zep\u00e9re rendszerint lefagy vagy lesz\u00e1rad. Igen szigor\u00fa teleken a vessz\u0151k is k\u00e1rosodhatnak.<\/span><\/p>\n<p><span id=\"Le\u00edr\u00e1sa\" class=\"mw-headline\" style=\"color: #ffffff;\">Le\u00edr\u00e1sa<\/span><\/p>\n<p><span style=\"color: #ffffff;\">2-5 m\u00e9teres, s\u0171r\u0171, fel\u00e1ll\u00f3 \u00e1g\u00fa bokor. F\u00e9nyl\u0151, s\u00f6t\u00e9tz\u00f6ld levelei sz\u00e9lesebbek \u00e9s kiss\u00e9 merevebbek a\u00a0<i>(Ligustrum vulgare)<\/i>\u00a0levelein\u00e9l, t\u00f6bbnyire szab\u00e1lyos ellipszis alak\u00faak, enyhe t\u00e9len z\u00f6lden maradnak eg\u00e9sz tavaszig. Term\u00e9se tompa fekete vagy \u00f3lomsz\u00fcrke, kiss\u00e9 hossz\u00fak\u00e1s.<\/span><\/p>\n<p><span style=\"color: #ffffff;\"><span id=\"Fajt.C3.A1i\"><\/span><span id=\"Fajt\u00e1i\" class=\"mw-headline\">Fajt\u00e1i<\/span><\/span><\/p>\n<h5><span style=\"color: #ffffff;\">\u2019Aureum\u2019 \u2013 levelei s\u00e1rgatark\u00e1k vagy teljesen s\u00e1rg\u00e1k.\u00a0<a style=\"color: #ffffff;\" title=\"Kim\u00e9ra (biol\u00f3gia)\" href=\"https:\/\/hu.wikipedia.org\/wiki\/Kim%C3%A9ra_(biol%C3%B3gia)\">Kim\u00e9ra<\/a>\u00a0jelleg\u0171, igen hajlamos a visszaz\u00f6ld\u00fcl\u00e9sre.<\/span><\/h5>\n<h5><span style=\"color: #ffffff;\">\u2019G\u00f3li\u00e1t\u2019 \u2013 gyors, er\u0151s n\u00f6veked\u00e9s\u0171 fajta. Magas (max. 3 m) s\u00f6v\u00e9nynek vagy t\u00f6rzses, ny\u00edrott koron\u00e1j\u00fa, d\u00e9zs\u00e1ban is tarthat\u00f3 f\u00e1csk\u00e1nak alkalmas. Magyar fajta.<\/span><\/h5>\n<h5><span style=\"color: #ffffff;\">\u2019N\u00fcn\u00fc\u2019 \u2013 igen lassan, max. 1,5 m-re n\u00f6v\u0151, s\u0171r\u0171n el\u00e1gaz\u00f3, g\u00f6mb\u00f6lyded bokr\u00fa, gazdagon ny\u00edl\u00f3 cserje. Kev\u00e9s ny\u00edr\u00e1ssal alacsony s\u00f6v\u00e9ny nevelhet\u0151 bel\u0151le. Magyar nemes\u00edt\u00e9s\u0171.<\/span><\/h5>","protected":false},"excerpt":{"rendered":"<p>Kont\u00e9ner m\u00e9rete: 2L<\/p>\n<p>A Ligustrum ovalifolium , Sz\u00e9les level\u0171 fagyal ny\u00edrott s\u00f6v\u00e9nynek leggyakrabban haszn\u00e1lt n\u00f6v\u00e9ny\u00fcnk.<\/p>\n<p>S\u0171r\u0171 \u00e1gas ,3-5 m magas lombhullat\u00f3 cserje.<\/p>\n<p>F\u00e9nyl\u0151 s\u00f6t\u00e9tz\u00f6ld levelei a fagyokig a vessz\u0151k\u00f6n maradnak.<\/p>\n<p>Vir\u00e1ga s\u00e1rg\u00e1sfeh\u00e9r , illatos kb 10 cm -es bug\u00e1ban ny\u00edlik.<\/p>\n<p>Term\u00e9se k\u00e9kesfekete g\u00f6mb\u00f6lyded bogy\u00f3.<\/p>\n<p>K\u00f6t\u00f6tt vagy\u00a0 k\u00f6z\u00e9p k\u00f6t\u00f6tt talajt kedvel.<\/p>\n<p>&nbsp;<\/p>","protected":false},"featured_media":1370,"template":"","meta":{"_et_pb_use_builder":"","_et_pb_old_content":"","_et_gb_content_width":""},"product_brand":[],"product_cat":[27],"product_tag":[329,328,330],"class_list":{"0":"post-1369","1":"product","2":"type-product","3":"status-publish","4":"has-post-thumbnail","6":"product_cat-cserjek","7":"product_tag-fagyal","8":"product_tag-ligustrum-ovalifolium","9":"product_tag-szeles-levelu-fagyal","11":"first","12":"instock","13":"sale","14":"shipping-taxable","15":"purchasable","16":"product-type-simple"},"yoast_head":"<!-- This site is optimized with the Yoast SEO plugin v27.4 - https:\/\/yoast.com\/product\/yoast-seo-wordpress\/ -->\n<title>Ligustrum ovalifolium , Sz\u00e9les level\u0171 fagyal - T\u00e1jkert\u00e9sz<\/title>\n<meta name=\"description\" content=\"A Ligustrum ovalifolium , Sz\u00e9les level\u0171 fagyal ny\u00edrott s\u00f6v\u00e9nynek leggyakrabban haszn\u00e1lt n\u00f6v\u00e9ny\u00fcnk.F\u00e9nyl\u0151 s\u00f6t\u00e9tz\u00f6ld levelei a fagyokig a vessz\u0151k\u00f6n maradnak.\" \/>\n<meta name=\"robots\" content=\"index, follow, max-snippet:-1, max-image-preview:large, max-video-preview:-1\" \/>\n<link rel=\"canonical\" href=\"https:\/\/tajkertesz.com\/en_US\/product\/ligustrum-ovalifoliumszeles-levelu-fagyal\/\" \/>\n<meta property=\"og:locale\" content=\"en_US\" \/>\n<meta property=\"og:type\" content=\"article\" \/>\n<meta property=\"og:title\" content=\"Ligustrum ovalifolium , Sz\u00e9les level\u0171 fagyal - T\u00e1jkert\u00e9sz\" \/>\n<meta property=\"og:description\" content=\"A Ligustrum ovalifolium , Sz\u00e9les level\u0171 fagyal ny\u00edrott s\u00f6v\u00e9nynek leggyakrabban haszn\u00e1lt n\u00f6v\u00e9ny\u00fcnk.F\u00e9nyl\u0151 s\u00f6t\u00e9tz\u00f6ld levelei a fagyokig a vessz\u0151k\u00f6n maradnak.\" \/>\n<meta property=\"og:url\" content=\"https:\/\/tajkertesz.com\/en_US\/product\/ligustrum-ovalifoliumszeles-levelu-fagyal\/\" \/>\n<meta property=\"og:site_name\" content=\"T\u00e1jkert\u00e9sz\" \/>\n<meta property=\"article:publisher\" content=\"https:\/\/www.facebook.com\/Tajkertesz\/\" \/>\n<meta property=\"article:modified_time\" content=\"2025-06-03T14:27:08+00:00\" \/>\n<meta property=\"og:image\" content=\"https:\/\/tajkertesz.com\/wp-content\/uploads\/2020\/03\/ligustrum-ovalifolium.3.jpg\" \/>\n\t<meta property=\"og:image:width\" content=\"600\" \/>\n\t<meta property=\"og:image:height\" content=\"435\" \/>\n\t<meta property=\"og:image:type\" content=\"image\/jpeg\" \/>\n<meta name=\"twitter:card\" content=\"summary_large_image\" \/>\n<meta name=\"twitter:label1\" content=\"Est. reading time\" \/>\n\t<meta name=\"twitter:data1\" content=\"2 minutes\" \/>\n<script type=\"application\/ld+json\" class=\"yoast-schema-graph\">{\"@context\":\"https:\\\/\\\/schema.org\",\"@graph\":[{\"@type\":\"WebPage\",\"@id\":\"https:\\\/\\\/tajkertesz.com\\\/termek\\\/ligustrum-ovalifoliumszeles-levelu-fagyal\\\/\",\"url\":\"https:\\\/\\\/tajkertesz.com\\\/termek\\\/ligustrum-ovalifoliumszeles-levelu-fagyal\\\/\",\"name\":\"Ligustrum ovalifolium , Sz\u00e9les level\u0171 fagyal - T\u00e1jkert\u00e9sz\",\"isPartOf\":{\"@id\":\"https:\\\/\\\/tajkertesz.com\\\/#website\"},\"primaryImageOfPage\":{\"@id\":\"https:\\\/\\\/tajkertesz.com\\\/termek\\\/ligustrum-ovalifoliumszeles-levelu-fagyal\\\/#primaryimage\"},\"image\":{\"@id\":\"https:\\\/\\\/tajkertesz.com\\\/termek\\\/ligustrum-ovalifoliumszeles-levelu-fagyal\\\/#primaryimage\"},\"thumbnailUrl\":\"https:\\\/\\\/tajkertesz.com\\\/wp-content\\\/uploads\\\/2020\\\/03\\\/ligustrum-ovalifolium.3.jpg\",\"datePublished\":\"2020-03-24T07:54:23+00:00\",\"dateModified\":\"2025-06-03T14:27:08+00:00\",\"description\":\"A Ligustrum ovalifolium , Sz\u00e9les level\u0171 fagyal ny\u00edrott s\u00f6v\u00e9nynek leggyakrabban haszn\u00e1lt n\u00f6v\u00e9ny\u00fcnk.F\u00e9nyl\u0151 s\u00f6t\u00e9tz\u00f6ld levelei a fagyokig a vessz\u0151k\u00f6n maradnak.\",\"breadcrumb\":{\"@id\":\"https:\\\/\\\/tajkertesz.com\\\/termek\\\/ligustrum-ovalifoliumszeles-levelu-fagyal\\\/#breadcrumb\"},\"inLanguage\":\"en-US\",\"potentialAction\":[{\"@type\":\"ReadAction\",\"target\":[\"https:\\\/\\\/tajkertesz.com\\\/termek\\\/ligustrum-ovalifoliumszeles-levelu-fagyal\\\/\"]}]},{\"@type\":\"ImageObject\",\"inLanguage\":\"en-US\",\"@id\":\"https:\\\/\\\/tajkertesz.com\\\/termek\\\/ligustrum-ovalifoliumszeles-levelu-fagyal\\\/#primaryimage\",\"url\":\"https:\\\/\\\/tajkertesz.com\\\/wp-content\\\/uploads\\\/2020\\\/03\\\/ligustrum-ovalifolium.3.jpg\",\"contentUrl\":\"https:\\\/\\\/tajkertesz.com\\\/wp-content\\\/uploads\\\/2020\\\/03\\\/ligustrum-ovalifolium.3.jpg\",\"width\":600,\"height\":435},{\"@type\":\"BreadcrumbList\",\"@id\":\"https:\\\/\\\/tajkertesz.com\\\/termek\\\/ligustrum-ovalifoliumszeles-levelu-fagyal\\\/#breadcrumb\",\"itemListElement\":[{\"@type\":\"ListItem\",\"position\":1,\"name\":\"Home\",\"item\":\"https:\\\/\\\/tajkertesz.com\\\/\"},{\"@type\":\"ListItem\",\"position\":2,\"name\":\"Kezd\u0151lap\",\"item\":\"https:\\\/\\\/tajkertesz.com\\\/\"},{\"@type\":\"ListItem\",\"position\":3,\"name\":\"Ligustrum ovalifolium , Sz\u00e9les level\u0171 fagyal\"}]},{\"@type\":\"WebSite\",\"@id\":\"https:\\\/\\\/tajkertesz.com\\\/#website\",\"url\":\"https:\\\/\\\/tajkertesz.com\\\/\",\"name\":\"T\u00e1j-Kert\u00e9sz 84 Kft.\",\"description\":\"Kert\u00e9szeti kis- \u00e9s nagykeresked\u00e9s, D\u00edszn\u00f6v\u00e9ny web\u00e1ruh\u00e1z orsz\u00e1gos h\u00e1zhozsz\u00e1ll\u00edt\u00e1ssal!\",\"publisher\":{\"@id\":\"https:\\\/\\\/tajkertesz.com\\\/#organization\"},\"potentialAction\":[{\"@type\":\"SearchAction\",\"target\":{\"@type\":\"EntryPoint\",\"urlTemplate\":\"https:\\\/\\\/tajkertesz.com\\\/?s={search_term_string}\"},\"query-input\":{\"@type\":\"PropertyValueSpecification\",\"valueRequired\":true,\"valueName\":\"search_term_string\"}}],\"inLanguage\":\"en-US\"},{\"@type\":\"Organization\",\"@id\":\"https:\\\/\\\/tajkertesz.com\\\/#organization\",\"name\":\"T\u00e1j-Kert\u00e9sz 84 Kft.\",\"url\":\"https:\\\/\\\/tajkertesz.com\\\/\",\"logo\":{\"@type\":\"ImageObject\",\"inLanguage\":\"en-US\",\"@id\":\"https:\\\/\\\/tajkertesz.com\\\/#\\\/schema\\\/logo\\\/image\\\/\",\"url\":\"https:\\\/\\\/tajkertesz.com\\\/wp-content\\\/uploads\\\/2018\\\/02\\\/logo-2-e1518678052539.png\",\"contentUrl\":\"https:\\\/\\\/tajkertesz.com\\\/wp-content\\\/uploads\\\/2018\\\/02\\\/logo-2-e1518678052539.png\",\"width\":81,\"height\":140,\"caption\":\"T\u00e1j-Kert\u00e9sz 84 Kft.\"},\"image\":{\"@id\":\"https:\\\/\\\/tajkertesz.com\\\/#\\\/schema\\\/logo\\\/image\\\/\"},\"sameAs\":[\"https:\\\/\\\/www.facebook.com\\\/Tajkertesz\\\/\"]}]}<\/script>\n<!-- \/ Yoast SEO plugin. -->","yoast_head_json":{"title":"Ligustrum ovalifolium , Sz\u00e9les level\u0171 fagyal - T\u00e1jkert\u00e9sz","description":"A Ligustrum ovalifolium , Sz\u00e9les level\u0171 fagyal ny\u00edrott s\u00f6v\u00e9nynek leggyakrabban haszn\u00e1lt n\u00f6v\u00e9ny\u00fcnk.F\u00e9nyl\u0151 s\u00f6t\u00e9tz\u00f6ld levelei a fagyokig a vessz\u0151k\u00f6n maradnak.","robots":{"index":"index","follow":"follow","max-snippet":"max-snippet:-1","max-image-preview":"max-image-preview:large","max-video-preview":"max-video-preview:-1"},"canonical":"https:\/\/tajkertesz.com\/en_US\/product\/ligustrum-ovalifoliumszeles-levelu-fagyal\/","og_locale":"en_US","og_type":"article","og_title":"Ligustrum ovalifolium , Sz\u00e9les level\u0171 fagyal - T\u00e1jkert\u00e9sz","og_description":"A Ligustrum ovalifolium , Sz\u00e9les level\u0171 fagyal ny\u00edrott s\u00f6v\u00e9nynek leggyakrabban haszn\u00e1lt n\u00f6v\u00e9ny\u00fcnk.F\u00e9nyl\u0151 s\u00f6t\u00e9tz\u00f6ld levelei a fagyokig a vessz\u0151k\u00f6n maradnak.","og_url":"https:\/\/tajkertesz.com\/en_US\/product\/ligustrum-ovalifoliumszeles-levelu-fagyal\/","og_site_name":"T\u00e1jkert\u00e9sz","article_publisher":"https:\/\/www.facebook.com\/Tajkertesz\/","article_modified_time":"2025-06-03T14:27:08+00:00","og_image":[{"width":600,"height":435,"url":"https:\/\/tajkertesz.com\/wp-content\/uploads\/2020\/03\/ligustrum-ovalifolium.3.jpg","type":"image\/jpeg"}],"twitter_card":"summary_large_image","twitter_misc":{"Est. reading time":"2 minutes"},"schema":{"@context":"https:\/\/schema.org","@graph":[{"@type":"WebPage","@id":"https:\/\/tajkertesz.com\/termek\/ligustrum-ovalifoliumszeles-levelu-fagyal\/","url":"https:\/\/tajkertesz.com\/termek\/ligustrum-ovalifoliumszeles-levelu-fagyal\/","name":"Ligustrum ovalifolium , Sz\u00e9les level\u0171 fagyal - T\u00e1jkert\u00e9sz","isPartOf":{"@id":"https:\/\/tajkertesz.com\/#website"},"primaryImageOfPage":{"@id":"https:\/\/tajkertesz.com\/termek\/ligustrum-ovalifoliumszeles-levelu-fagyal\/#primaryimage"},"image":{"@id":"https:\/\/tajkertesz.com\/termek\/ligustrum-ovalifoliumszeles-levelu-fagyal\/#primaryimage"},"thumbnailUrl":"https:\/\/tajkertesz.com\/wp-content\/uploads\/2020\/03\/ligustrum-ovalifolium.3.jpg","datePublished":"2020-03-24T07:54:23+00:00","dateModified":"2025-06-03T14:27:08+00:00","description":"A Ligustrum ovalifolium , Sz\u00e9les level\u0171 fagyal ny\u00edrott s\u00f6v\u00e9nynek leggyakrabban haszn\u00e1lt n\u00f6v\u00e9ny\u00fcnk.F\u00e9nyl\u0151 s\u00f6t\u00e9tz\u00f6ld levelei a fagyokig a vessz\u0151k\u00f6n maradnak.","breadcrumb":{"@id":"https:\/\/tajkertesz.com\/termek\/ligustrum-ovalifoliumszeles-levelu-fagyal\/#breadcrumb"},"inLanguage":"en-US","potentialAction":[{"@type":"ReadAction","target":["https:\/\/tajkertesz.com\/termek\/ligustrum-ovalifoliumszeles-levelu-fagyal\/"]}]},{"@type":"ImageObject","inLanguage":"en-US","@id":"https:\/\/tajkertesz.com\/termek\/ligustrum-ovalifoliumszeles-levelu-fagyal\/#primaryimage","url":"https:\/\/tajkertesz.com\/wp-content\/uploads\/2020\/03\/ligustrum-ovalifolium.3.jpg","contentUrl":"https:\/\/tajkertesz.com\/wp-content\/uploads\/2020\/03\/ligustrum-ovalifolium.3.jpg","width":600,"height":435},{"@type":"BreadcrumbList","@id":"https:\/\/tajkertesz.com\/termek\/ligustrum-ovalifoliumszeles-levelu-fagyal\/#breadcrumb","itemListElement":[{"@type":"ListItem","position":1,"name":"Home","item":"https:\/\/tajkertesz.com\/"},{"@type":"ListItem","position":2,"name":"Kezd\u0151lap","item":"https:\/\/tajkertesz.com\/"},{"@type":"ListItem","position":3,"name":"Ligustrum ovalifolium , Sz\u00e9les level\u0171 fagyal"}]},{"@type":"WebSite","@id":"https:\/\/tajkertesz.com\/#website","url":"https:\/\/tajkertesz.com\/","name":"T\u00e1j-Kert\u00e9sz 84 Kft.","description":"Kert\u00e9szeti kis- \u00e9s nagykeresked\u00e9s, D\u00edszn\u00f6v\u00e9ny web\u00e1ruh\u00e1z orsz\u00e1gos h\u00e1zhozsz\u00e1ll\u00edt\u00e1ssal!","publisher":{"@id":"https:\/\/tajkertesz.com\/#organization"},"potentialAction":[{"@type":"SearchAction","target":{"@type":"EntryPoint","urlTemplate":"https:\/\/tajkertesz.com\/?s={search_term_string}"},"query-input":{"@type":"PropertyValueSpecification","valueRequired":true,"valueName":"search_term_string"}}],"inLanguage":"en-US"},{"@type":"Organization","@id":"https:\/\/tajkertesz.com\/#organization","name":"T\u00e1j-Kert\u00e9sz 84 Kft.","url":"https:\/\/tajkertesz.com\/","logo":{"@type":"ImageObject","inLanguage":"en-US","@id":"https:\/\/tajkertesz.com\/#\/schema\/logo\/image\/","url":"https:\/\/tajkertesz.com\/wp-content\/uploads\/2018\/02\/logo-2-e1518678052539.png","contentUrl":"https:\/\/tajkertesz.com\/wp-content\/uploads\/2018\/02\/logo-2-e1518678052539.png","width":81,"height":140,"caption":"T\u00e1j-Kert\u00e9sz 84 Kft."},"image":{"@id":"https:\/\/tajkertesz.com\/#\/schema\/logo\/image\/"},"sameAs":["https:\/\/www.facebook.com\/Tajkertesz\/"]}]}},"_links":{"self":[{"href":"https:\/\/tajkertesz.com\/en_US\/wp-json\/wp\/v2\/product\/1369","targetHints":{"allow":["GET"]}}],"collection":[{"href":"https:\/\/tajkertesz.com\/en_US\/wp-json\/wp\/v2\/product"}],"about":[{"href":"https:\/\/tajkertesz.com\/en_US\/wp-json\/wp\/v2\/types\/product"}],"wp:featuredmedia":[{"embeddable":true,"href":"https:\/\/tajkertesz.com\/en_US\/wp-json\/wp\/v2\/media\/1370"}],"wp:attachment":[{"href":"https:\/\/tajkertesz.com\/en_US\/wp-json\/wp\/v2\/media?parent=1369"}],"wp:term":[{"taxonomy":"product_brand","embeddable":true,"href":"https:\/\/tajkertesz.com\/en_US\/wp-json\/wp\/v2\/product_brand?post=1369"},{"taxonomy":"product_cat","embeddable":true,"href":"https:\/\/tajkertesz.com\/en_US\/wp-json\/wp\/v2\/product_cat?post=1369"},{"taxonomy":"product_tag","embeddable":true,"href":"https:\/\/tajkertesz.com\/en_US\/wp-json\/wp\/v2\/product_tag?post=1369"}],"curies":[{"name":"wp","href":"https:\/\/api.w.org\/{rel}","templated":true}]}}