{"id":13729,"date":"2024-12-10T16:41:13","date_gmt":"2024-12-10T16:41:13","guid":{"rendered":"https:\/\/tajkertesz.com\/?post_type=product&#038;p=13729"},"modified":"2026-02-12T14:55:52","modified_gmt":"2026-02-12T14:55:52","slug":"substral-easygreen-univerzalis-mutragyaszoro-kocsi-12l","status":"publish","type":"product","link":"https:\/\/tajkertesz.com\/en_US\/product\/substral-easygreen-univerzalis-mutragyaszoro-kocsi-12l\/","title":{"rendered":"SUBSTRAL EASYGREEN univerz\u00e1lis m\u0171tr\u00e1gyasz\u00f3r\u00f3 kocsi 12L"},"content":{"rendered":"<h3>SUBSTRAL EASYGREEN univerz\u00e1lis m\u0171tr\u00e1gyasz\u00f3r\u00f3 kocsi 12L<\/h3>\n<p>SUBSTRAL EASYGREEN univerz\u00e1lis m\u0171tr\u00e1gyasz\u00f3r\u00f3 kocsi 12L<\/p>\n<p>Sokoldal\u00faan haszn\u00e1lhat\u00f3 sz\u00f3r\u00f3kocsi: eg\u00e9sz \u00e9ven \u00e1t kihaszn\u00e1lhatja: f\u0171mag vet\u00e9sre, m\u0171tr\u00e1gya kisz\u00f3r\u00e1s\u00e1ra, \u00fatsz\u00f3r\u00f3 s\u00f3 kisz\u00f3r\u00e1s\u00e1ra.<\/p>\n<p>A Scotts EasyGreen rep\u00edt\u0151t\u00e1rcs\u00e1s kisz\u00f3r\u00f3 egyenletesen juttatja ki a m\u0171tr\u00e1gyaszemcs\u00e9ket vagy a f\u0171magokat, ak\u00e1r 3 m\u00e9teres sz\u00f3r\u00e1s sz\u00e9less\u00e9gre is, a halad\u00e1si temp\u00f3 f\u00fcggv\u00e9ny\u00e9ben. \u00cdgy gyorsabban \u00e9s pontosabban kezelhet\u0151 a teljes gyepfel\u00fclet.<\/p>\n<p>A kijutattott term\u00e9k t\u00edpus\u00e1nak megfelel\u0151en \u00e1ll\u00edthat\u00f3 be a sz\u00f3r\u00e1s intenzit\u00e1sa, a t\u00f3l\u00f3karon tal\u00e1lhat\u00f3 kar seg\u00edts\u00e9g\u00e9vel a tart\u00e1ly ak\u00e1r menet k\u00f6zben egy k\u00e9zzel nyithat\u00f3 illetve z\u00e1rhat\u00f3. Alkalmas m\u0171tr\u00e1gya vagy f\u0171mag kijuttat\u00e1s\u00e1ra is.<\/p>\n<p><strong>A m\u0171tr\u00e1gyasz\u00f3r\u00f3 haszn\u00e1lata sz\u00e1mos el\u0151nnyel j\u00e1r a mez\u0151gazdas\u00e1gban:<\/strong><\/p>\n<p><strong>Pontoss\u00e1g<\/strong>: A m\u0171tr\u00e1gyasz\u00f3r\u00f3k lehet\u0151v\u00e9 teszik a m\u0171tr\u00e1gya egyenletes \u00e9s pontos kijuttat\u00e1s\u00e1t a f\u00f6ldter\u00fcleten, ami n\u00f6veli a term\u00e9shozamot \u00e9s cs\u00f6kkenti a pazarl\u00e1st.<br \/>\n<strong>Hat\u00e9konys\u00e1g<\/strong>: A modern m\u0171tr\u00e1gyasz\u00f3r\u00f3k (GPS-alap\u00fa technol\u00f3gi\u00e1val) \u00e9s sebess\u00e9gar\u00e1nyos adagol\u00e1ssal m\u0171k\u00f6dnek, ami biztos\u00edtja, hogy a m\u0171tr\u00e1gya mindig a megfelel\u0151 mennyis\u00e9gben \u00e9s helyen ker\u00fclj\u00f6n kijuttat\u00e1sra.<br \/>\n<strong>K\u00f6lts\u00e9gmegtakar\u00edt\u00e1s<\/strong>: A prec\u00edzi\u00f3s m\u0171tr\u00e1gyasz\u00f3r\u00e1s cs\u00f6kkenti a m\u0171tr\u00e1gya felhaszn\u00e1l\u00e1s\u00e1t, ez\u00e1ltal k\u00f6lts\u00e9ghat\u00e9konyabb\u00e1 teszi a gazd\u00e1lkod\u00e1st.<br \/>\n<strong>K\u00f6rnyezetv\u00e9delem<\/strong>: Az egyenletes kijuttat\u00e1s cs\u00f6kkenti a t\u00falzott m\u0171tr\u00e1gyahaszn\u00e1latb\u00f3l ered\u0151 k\u00f6rnyezeti terhel\u00e9st, p\u00e9ld\u00e1ul a talaj \u00e9s a v\u00edz szennyez\u00e9s\u00e9t.<br \/>\nEzek az el\u0151ny\u00f6k mind hozz\u00e1j\u00e1rulnak a fenntarthat\u00f3 \u00e9s hat\u00e9kony mez\u0151gazdas\u00e1gi termel\u00e9shez.<\/p>\n<p>A m\u0171tr\u00e1gyasz\u00f3r\u00f3k t\u00f6bbf\u00e9le t\u00edpusban el\u00e9rhet\u0151k, att\u00f3l f\u00fcgg\u0151en, hogy milyen c\u00e9lra \u00e9s milyen m\u00e9ret\u0171 ter\u00fcleten szeretn\u00e9nk haszn\u00e1lni \u0151ket.<\/p>\n<p>U alak\u00fa foganty\u00fa seg\u00edt az egyszer\u0171 \u00e9s pontos adagol\u00e1sban. A foganty\u00fanak k\u00f6sz\u00f6nhet\u0151en a sz\u00f3r\u00e1s menet k\u00f6zben b\u00e1rmikor megszak\u00edthat\u00f3, mely k\u00fcl\u00f6n\u00f6sen fontos fordul\u00e1sn\u00e1l vagy h\u00faz\u00e1sn\u00e1l.<\/p>\n<p>K\u00e9nyelmesen megt\u00f6lthet\u0151, nem szemerk\u00e9l \u00e1t a tr\u00e1gya.<\/p>\n<p>120-340 centim\u00e9teres sz\u00f3r\u00e1ssz\u00e9less\u00e9g(halad\u00e1si sebess\u00e9g f\u00fcggv\u00e9nye).<\/p>\n<p>\u2022 \u00c1ll\u00edthat\u00f3 sz\u00f3r\u00e1si d\u00f3zisok.<\/p>\n<p>\u2022 A tol\u00f3kar \u00f6sszecsukhat\u00f3, \u00edgy k\u00f6nnyen sz\u00e1ll\u00edthat\u00f3 \u00e9s t\u00e1rolhat\u00f3.<\/p>\n<p>&nbsp;<\/p>\n<h5><span style=\"text-decoration: underline;\">Aj\u00e1nljuk az al\u00e1bbi term\u00e9k kisz\u00f3r\u00e1s\u00e1hoz:<\/span><\/h5>\n<p><span style=\"color: #ff0000;\"><a style=\"color: #ff0000;\" href=\"https:\/\/tajkertesz.com\/termek-kategoria\/tapoldatok-mutragyak\/icl-everris-scotts-mutragyak-tapoldatok\/\">Gyepm\u0171tr\u00e1gy\u00e1k<\/a><\/span><\/p>\n<p><span style=\"color: #ff0000;\"><a style=\"color: #ff0000;\" href=\"https:\/\/tajkertesz.com\/termek-kategoria\/fumagok\/\">F\u0171magok<\/a><\/span><\/p>\n<p><span style=\"color: #ff0000;\"><a style=\"color: #ff0000;\" href=\"https:\/\/tajkertesz.com\/termek\/hofalo-jegmentesito\/\">J\u00e9gmentes\u00edt\u0151k<\/a><\/span><\/p>\n<p style=\"line-height: 18.0pt; background: white; margin: 0cm 0cm 15.0pt 0cm;\"><b><span style=\"font-family: 'Ubuntu',sans-serif; color: black;\">K\u00e9szlet\u00fcnk napi szinten v\u00e1ltozik, ez\u00e9rt k\u00e9rj\u00fck, \u00e9rdekl\u0151dj\u00f6n szem\u00e9lyesen, telefonon vagy email-en.<br \/>\nA v\u00e1ltoztat\u00e1s jog\u00e1t fenntartjuk!\u00a0<\/span><\/b><\/p>\n<p><a href=\"https:\/\/tajkertesz.com\/\">https:\/\/tajkertesz.com\/<\/a><\/p>\n<p><a href=\"https:\/\/www.facebook.com\/tajkertesz\/\">https:\/\/www.facebook.com\/tajkertesz\/<\/a><\/p>\n<p>Kisz\u00e1ll\u00edt\u00e1s: 200cm-ig \u00e9s 40 kg-ig a sz\u00e1ll\u00edt\u00e1s fut\u00e1rszolg\u00e1lattal t\u00f6rt\u00e9nik.<\/p>\n<p>Szem\u00e9lyes \u00e1tv\u00e9tel nyitvatart\u00e1si id\u0151ben a 17. ker\u00fclet Bakancsos utca 7. sz\u00e1m alatti Kert\u00e9szeti \u00e1rud\u00e1nkban.<\/p>\n<p>Kert\u00e9p\u00edt\u0151k \u00e9s viszontelad\u00f3k regisztr\u00e1l\u00e1s ut\u00e1n egyedi kedvezm\u00e9nnyel v\u00e1s\u00e1rolhatnak kert\u00e9szeti kis-\u00e9s nagykeresked\u00e9s\u00fcnkben.<\/p>","protected":false},"excerpt":{"rendered":"<h2>Substral univerz\u00e1lis m\u0171tr\u00e1gyasz\u00f3r\u00f3 kocsi Easy Green 12L<\/h2>\n<p>Sokoldal\u00faan haszn\u00e1lhat\u00f3 sz\u00f3r\u00f3kocsi: eg\u00e9sz \u00e9ven \u00e1t kihaszn\u00e1lhatja: f\u0171mag vet\u00e9sre, m\u0171tr\u00e1gya kisz\u00f3r\u00e1s\u00e1ra, \u00fatsz\u00f3r\u00f3 s\u00f3 kisz\u00f3r\u00e1s\u00e1ra<\/p>\n<p>U alak\u00fa foganty\u00fa seg\u00edt az egyszer\u0171 \u00e9s pontos adagol\u00e1sban. A foganty\u00fanak k\u00f6sz\u00f6nhet\u0151en a sz\u00f3r\u00e1s menet k\u00f6zben b\u00e1rmikor megszak\u00edthat\u00f3, mely k\u00fcl\u00f6n\u00f6sen fontos fordul\u00e1sn\u00e1l vagy h\u00faz\u00e1sn\u00e1l.<\/p>","protected":false},"featured_media":13731,"template":"","meta":{"_et_pb_use_builder":"","_et_pb_old_content":"","_et_gb_content_width":""},"product_brand":[],"product_cat":[1426,1456,2065],"product_tag":[971,983,1495,705,5532],"class_list":{"0":"post-13729","1":"product","2":"type-product","3":"status-publish","4":"has-post-thumbnail","6":"product_cat-agrecol-gyepmutragya","7":"product_cat-icl-everris-scotts-mutragyak","8":"product_cat-szerszamok-csavarhuzok-blankolok-meroszalagok-stb","9":"product_tag-kerti","10":"product_tag-kezi","11":"product_tag-kiszoro","12":"product_tag-mutragya","13":"product_tag-mutragyaszoro","15":"first","16":"instock","17":"shipping-taxable","18":"purchasable","19":"product-type-simple"},"yoast_head":"<!-- This site is optimized with the Yoast SEO plugin v27.3 - https:\/\/yoast.com\/product\/yoast-seo-wordpress\/ -->\n<title>SUBSTRAL EASYGREEN univerz\u00e1lis m\u0171tr\u00e1gyasz\u00f3r\u00f3 kocsi 12L - T\u00e1jkert\u00e9sz<\/title>\n<meta name=\"description\" content=\"SUBSTRAL EASYGREEN univerz\u00e1lis m\u0171tr\u00e1gyasz\u00f3r\u00f3 kocsi 12L Sokoldal\u00faan haszn\u00e1lhat\u00f3 sz\u00f3r\u00f3kocsi eg\u00e9sz \u00e9ven \u00e1t kihaszn\u00e1lhatja f\u0171mag vet\u00e9sre, m\u0171tr\u00e1gya kisz\u00f3r\u00e1s\u00e1ra.\" \/>\n<meta name=\"robots\" content=\"index, follow, max-snippet:-1, max-image-preview:large, max-video-preview:-1\" \/>\n<link rel=\"canonical\" href=\"https:\/\/tajkertesz.com\/en_US\/product\/substral-easygreen-univerzalis-mutragyaszoro-kocsi-12l\/\" \/>\n<meta property=\"og:locale\" content=\"en_US\" \/>\n<meta property=\"og:type\" content=\"article\" \/>\n<meta property=\"og:title\" content=\"SUBSTRAL EASYGREEN univerz\u00e1lis m\u0171tr\u00e1gyasz\u00f3r\u00f3 kocsi 12L - T\u00e1jkert\u00e9sz\" \/>\n<meta property=\"og:description\" content=\"SUBSTRAL EASYGREEN univerz\u00e1lis m\u0171tr\u00e1gyasz\u00f3r\u00f3 kocsi 12L Sokoldal\u00faan haszn\u00e1lhat\u00f3 sz\u00f3r\u00f3kocsi eg\u00e9sz \u00e9ven \u00e1t kihaszn\u00e1lhatja f\u0171mag vet\u00e9sre, m\u0171tr\u00e1gya kisz\u00f3r\u00e1s\u00e1ra.\" \/>\n<meta property=\"og:url\" content=\"https:\/\/tajkertesz.com\/en_US\/product\/substral-easygreen-univerzalis-mutragyaszoro-kocsi-12l\/\" \/>\n<meta property=\"og:site_name\" content=\"T\u00e1jkert\u00e9sz\" \/>\n<meta property=\"article:publisher\" content=\"https:\/\/www.facebook.com\/Tajkertesz\/\" \/>\n<meta property=\"article:modified_time\" content=\"2026-02-12T14:55:52+00:00\" \/>\n<meta property=\"og:image\" content=\"https:\/\/tajkertesz.com\/wp-content\/uploads\/2022\/10\/20221010_153621-scaled.jpg\" \/>\n\t<meta property=\"og:image:width\" content=\"2396\" \/>\n\t<meta property=\"og:image:height\" content=\"1080\" \/>\n\t<meta property=\"og:image:type\" content=\"image\/jpeg\" \/>\n<meta name=\"twitter:card\" content=\"summary_large_image\" \/>\n<meta name=\"twitter:label1\" content=\"Est. reading time\" \/>\n\t<meta name=\"twitter:data1\" content=\"2 minutes\" \/>\n<script type=\"application\/ld+json\" class=\"yoast-schema-graph\">{\"@context\":\"https:\\\/\\\/schema.org\",\"@graph\":[{\"@type\":\"WebPage\",\"@id\":\"https:\\\/\\\/tajkertesz.com\\\/termek\\\/substral-easygreen-univerzalis-mutragyaszoro-kocsi-12l\\\/\",\"url\":\"https:\\\/\\\/tajkertesz.com\\\/termek\\\/substral-easygreen-univerzalis-mutragyaszoro-kocsi-12l\\\/\",\"name\":\"SUBSTRAL EASYGREEN univerz\u00e1lis m\u0171tr\u00e1gyasz\u00f3r\u00f3 kocsi 12L - T\u00e1jkert\u00e9sz\",\"isPartOf\":{\"@id\":\"https:\\\/\\\/tajkertesz.com\\\/#website\"},\"primaryImageOfPage\":{\"@id\":\"https:\\\/\\\/tajkertesz.com\\\/termek\\\/substral-easygreen-univerzalis-mutragyaszoro-kocsi-12l\\\/#primaryimage\"},\"image\":{\"@id\":\"https:\\\/\\\/tajkertesz.com\\\/termek\\\/substral-easygreen-univerzalis-mutragyaszoro-kocsi-12l\\\/#primaryimage\"},\"thumbnailUrl\":\"https:\\\/\\\/tajkertesz.com\\\/wp-content\\\/uploads\\\/2022\\\/10\\\/20221010_153621-scaled.jpg\",\"datePublished\":\"2024-12-10T16:41:13+00:00\",\"dateModified\":\"2026-02-12T14:55:52+00:00\",\"description\":\"SUBSTRAL EASYGREEN univerz\u00e1lis m\u0171tr\u00e1gyasz\u00f3r\u00f3 kocsi 12L Sokoldal\u00faan haszn\u00e1lhat\u00f3 sz\u00f3r\u00f3kocsi eg\u00e9sz \u00e9ven \u00e1t kihaszn\u00e1lhatja f\u0171mag vet\u00e9sre, m\u0171tr\u00e1gya kisz\u00f3r\u00e1s\u00e1ra.\",\"breadcrumb\":{\"@id\":\"https:\\\/\\\/tajkertesz.com\\\/termek\\\/substral-easygreen-univerzalis-mutragyaszoro-kocsi-12l\\\/#breadcrumb\"},\"inLanguage\":\"en-US\",\"potentialAction\":[{\"@type\":\"ReadAction\",\"target\":[\"https:\\\/\\\/tajkertesz.com\\\/termek\\\/substral-easygreen-univerzalis-mutragyaszoro-kocsi-12l\\\/\"]}]},{\"@type\":\"ImageObject\",\"inLanguage\":\"en-US\",\"@id\":\"https:\\\/\\\/tajkertesz.com\\\/termek\\\/substral-easygreen-univerzalis-mutragyaszoro-kocsi-12l\\\/#primaryimage\",\"url\":\"https:\\\/\\\/tajkertesz.com\\\/wp-content\\\/uploads\\\/2022\\\/10\\\/20221010_153621-scaled.jpg\",\"contentUrl\":\"https:\\\/\\\/tajkertesz.com\\\/wp-content\\\/uploads\\\/2022\\\/10\\\/20221010_153621-scaled.jpg\",\"width\":2396,\"height\":1080,\"caption\":\"SUBSTRAL\u00ae EASYGREEN univerz\u00e1lis m\u0171tr\u00e1gyasz\u00f3r\u00f3 kocsi 12L\"},{\"@type\":\"BreadcrumbList\",\"@id\":\"https:\\\/\\\/tajkertesz.com\\\/termek\\\/substral-easygreen-univerzalis-mutragyaszoro-kocsi-12l\\\/#breadcrumb\",\"itemListElement\":[{\"@type\":\"ListItem\",\"position\":1,\"name\":\"Home\",\"item\":\"https:\\\/\\\/tajkertesz.com\\\/\"},{\"@type\":\"ListItem\",\"position\":2,\"name\":\"Kezd\u0151lap\",\"item\":\"https:\\\/\\\/tajkertesz.com\\\/\"},{\"@type\":\"ListItem\",\"position\":3,\"name\":\"SUBSTRAL EASYGREEN univerz\u00e1lis m\u0171tr\u00e1gyasz\u00f3r\u00f3 kocsi 12L\"}]},{\"@type\":\"WebSite\",\"@id\":\"https:\\\/\\\/tajkertesz.com\\\/#website\",\"url\":\"https:\\\/\\\/tajkertesz.com\\\/\",\"name\":\"T\u00e1j-Kert\u00e9sz 84 Kft.\",\"description\":\"Kert\u00e9szeti kis- \u00e9s nagykeresked\u00e9s, D\u00edszn\u00f6v\u00e9ny web\u00e1ruh\u00e1z orsz\u00e1gos h\u00e1zhozsz\u00e1ll\u00edt\u00e1ssal!\",\"publisher\":{\"@id\":\"https:\\\/\\\/tajkertesz.com\\\/#organization\"},\"potentialAction\":[{\"@type\":\"SearchAction\",\"target\":{\"@type\":\"EntryPoint\",\"urlTemplate\":\"https:\\\/\\\/tajkertesz.com\\\/?s={search_term_string}\"},\"query-input\":{\"@type\":\"PropertyValueSpecification\",\"valueRequired\":true,\"valueName\":\"search_term_string\"}}],\"inLanguage\":\"en-US\"},{\"@type\":\"Organization\",\"@id\":\"https:\\\/\\\/tajkertesz.com\\\/#organization\",\"name\":\"T\u00e1j-Kert\u00e9sz 84 Kft.\",\"url\":\"https:\\\/\\\/tajkertesz.com\\\/\",\"logo\":{\"@type\":\"ImageObject\",\"inLanguage\":\"en-US\",\"@id\":\"https:\\\/\\\/tajkertesz.com\\\/#\\\/schema\\\/logo\\\/image\\\/\",\"url\":\"https:\\\/\\\/tajkertesz.com\\\/wp-content\\\/uploads\\\/2018\\\/02\\\/logo-2-e1518678052539.png\",\"contentUrl\":\"https:\\\/\\\/tajkertesz.com\\\/wp-content\\\/uploads\\\/2018\\\/02\\\/logo-2-e1518678052539.png\",\"width\":81,\"height\":140,\"caption\":\"T\u00e1j-Kert\u00e9sz 84 Kft.\"},\"image\":{\"@id\":\"https:\\\/\\\/tajkertesz.com\\\/#\\\/schema\\\/logo\\\/image\\\/\"},\"sameAs\":[\"https:\\\/\\\/www.facebook.com\\\/Tajkertesz\\\/\"]}]}<\/script>\n<!-- \/ Yoast SEO plugin. -->","yoast_head_json":{"title":"SUBSTRAL EASYGREEN univerz\u00e1lis m\u0171tr\u00e1gyasz\u00f3r\u00f3 kocsi 12L - T\u00e1jkert\u00e9sz","description":"SUBSTRAL EASYGREEN univerz\u00e1lis m\u0171tr\u00e1gyasz\u00f3r\u00f3 kocsi 12L Sokoldal\u00faan haszn\u00e1lhat\u00f3 sz\u00f3r\u00f3kocsi eg\u00e9sz \u00e9ven \u00e1t kihaszn\u00e1lhatja f\u0171mag vet\u00e9sre, m\u0171tr\u00e1gya kisz\u00f3r\u00e1s\u00e1ra.","robots":{"index":"index","follow":"follow","max-snippet":"max-snippet:-1","max-image-preview":"max-image-preview:large","max-video-preview":"max-video-preview:-1"},"canonical":"https:\/\/tajkertesz.com\/en_US\/product\/substral-easygreen-univerzalis-mutragyaszoro-kocsi-12l\/","og_locale":"en_US","og_type":"article","og_title":"SUBSTRAL EASYGREEN univerz\u00e1lis m\u0171tr\u00e1gyasz\u00f3r\u00f3 kocsi 12L - T\u00e1jkert\u00e9sz","og_description":"SUBSTRAL EASYGREEN univerz\u00e1lis m\u0171tr\u00e1gyasz\u00f3r\u00f3 kocsi 12L Sokoldal\u00faan haszn\u00e1lhat\u00f3 sz\u00f3r\u00f3kocsi eg\u00e9sz \u00e9ven \u00e1t kihaszn\u00e1lhatja f\u0171mag vet\u00e9sre, m\u0171tr\u00e1gya kisz\u00f3r\u00e1s\u00e1ra.","og_url":"https:\/\/tajkertesz.com\/en_US\/product\/substral-easygreen-univerzalis-mutragyaszoro-kocsi-12l\/","og_site_name":"T\u00e1jkert\u00e9sz","article_publisher":"https:\/\/www.facebook.com\/Tajkertesz\/","article_modified_time":"2026-02-12T14:55:52+00:00","og_image":[{"width":2396,"height":1080,"url":"https:\/\/tajkertesz.com\/wp-content\/uploads\/2022\/10\/20221010_153621-scaled.jpg","type":"image\/jpeg"}],"twitter_card":"summary_large_image","twitter_misc":{"Est. reading time":"2 minutes"},"schema":{"@context":"https:\/\/schema.org","@graph":[{"@type":"WebPage","@id":"https:\/\/tajkertesz.com\/termek\/substral-easygreen-univerzalis-mutragyaszoro-kocsi-12l\/","url":"https:\/\/tajkertesz.com\/termek\/substral-easygreen-univerzalis-mutragyaszoro-kocsi-12l\/","name":"SUBSTRAL EASYGREEN univerz\u00e1lis m\u0171tr\u00e1gyasz\u00f3r\u00f3 kocsi 12L - T\u00e1jkert\u00e9sz","isPartOf":{"@id":"https:\/\/tajkertesz.com\/#website"},"primaryImageOfPage":{"@id":"https:\/\/tajkertesz.com\/termek\/substral-easygreen-univerzalis-mutragyaszoro-kocsi-12l\/#primaryimage"},"image":{"@id":"https:\/\/tajkertesz.com\/termek\/substral-easygreen-univerzalis-mutragyaszoro-kocsi-12l\/#primaryimage"},"thumbnailUrl":"https:\/\/tajkertesz.com\/wp-content\/uploads\/2022\/10\/20221010_153621-scaled.jpg","datePublished":"2024-12-10T16:41:13+00:00","dateModified":"2026-02-12T14:55:52+00:00","description":"SUBSTRAL EASYGREEN univerz\u00e1lis m\u0171tr\u00e1gyasz\u00f3r\u00f3 kocsi 12L Sokoldal\u00faan haszn\u00e1lhat\u00f3 sz\u00f3r\u00f3kocsi eg\u00e9sz \u00e9ven \u00e1t kihaszn\u00e1lhatja f\u0171mag vet\u00e9sre, m\u0171tr\u00e1gya kisz\u00f3r\u00e1s\u00e1ra.","breadcrumb":{"@id":"https:\/\/tajkertesz.com\/termek\/substral-easygreen-univerzalis-mutragyaszoro-kocsi-12l\/#breadcrumb"},"inLanguage":"en-US","potentialAction":[{"@type":"ReadAction","target":["https:\/\/tajkertesz.com\/termek\/substral-easygreen-univerzalis-mutragyaszoro-kocsi-12l\/"]}]},{"@type":"ImageObject","inLanguage":"en-US","@id":"https:\/\/tajkertesz.com\/termek\/substral-easygreen-univerzalis-mutragyaszoro-kocsi-12l\/#primaryimage","url":"https:\/\/tajkertesz.com\/wp-content\/uploads\/2022\/10\/20221010_153621-scaled.jpg","contentUrl":"https:\/\/tajkertesz.com\/wp-content\/uploads\/2022\/10\/20221010_153621-scaled.jpg","width":2396,"height":1080,"caption":"SUBSTRAL\u00ae EASYGREEN univerz\u00e1lis m\u0171tr\u00e1gyasz\u00f3r\u00f3 kocsi 12L"},{"@type":"BreadcrumbList","@id":"https:\/\/tajkertesz.com\/termek\/substral-easygreen-univerzalis-mutragyaszoro-kocsi-12l\/#breadcrumb","itemListElement":[{"@type":"ListItem","position":1,"name":"Home","item":"https:\/\/tajkertesz.com\/"},{"@type":"ListItem","position":2,"name":"Kezd\u0151lap","item":"https:\/\/tajkertesz.com\/"},{"@type":"ListItem","position":3,"name":"SUBSTRAL EASYGREEN univerz\u00e1lis m\u0171tr\u00e1gyasz\u00f3r\u00f3 kocsi 12L"}]},{"@type":"WebSite","@id":"https:\/\/tajkertesz.com\/#website","url":"https:\/\/tajkertesz.com\/","name":"T\u00e1j-Kert\u00e9sz 84 Kft.","description":"Kert\u00e9szeti kis- \u00e9s nagykeresked\u00e9s, D\u00edszn\u00f6v\u00e9ny web\u00e1ruh\u00e1z orsz\u00e1gos h\u00e1zhozsz\u00e1ll\u00edt\u00e1ssal!","publisher":{"@id":"https:\/\/tajkertesz.com\/#organization"},"potentialAction":[{"@type":"SearchAction","target":{"@type":"EntryPoint","urlTemplate":"https:\/\/tajkertesz.com\/?s={search_term_string}"},"query-input":{"@type":"PropertyValueSpecification","valueRequired":true,"valueName":"search_term_string"}}],"inLanguage":"en-US"},{"@type":"Organization","@id":"https:\/\/tajkertesz.com\/#organization","name":"T\u00e1j-Kert\u00e9sz 84 Kft.","url":"https:\/\/tajkertesz.com\/","logo":{"@type":"ImageObject","inLanguage":"en-US","@id":"https:\/\/tajkertesz.com\/#\/schema\/logo\/image\/","url":"https:\/\/tajkertesz.com\/wp-content\/uploads\/2018\/02\/logo-2-e1518678052539.png","contentUrl":"https:\/\/tajkertesz.com\/wp-content\/uploads\/2018\/02\/logo-2-e1518678052539.png","width":81,"height":140,"caption":"T\u00e1j-Kert\u00e9sz 84 Kft."},"image":{"@id":"https:\/\/tajkertesz.com\/#\/schema\/logo\/image\/"},"sameAs":["https:\/\/www.facebook.com\/Tajkertesz\/"]}]}},"_links":{"self":[{"href":"https:\/\/tajkertesz.com\/en_US\/wp-json\/wp\/v2\/product\/13729","targetHints":{"allow":["GET"]}}],"collection":[{"href":"https:\/\/tajkertesz.com\/en_US\/wp-json\/wp\/v2\/product"}],"about":[{"href":"https:\/\/tajkertesz.com\/en_US\/wp-json\/wp\/v2\/types\/product"}],"wp:featuredmedia":[{"embeddable":true,"href":"https:\/\/tajkertesz.com\/en_US\/wp-json\/wp\/v2\/media\/13731"}],"wp:attachment":[{"href":"https:\/\/tajkertesz.com\/en_US\/wp-json\/wp\/v2\/media?parent=13729"}],"wp:term":[{"taxonomy":"product_brand","embeddable":true,"href":"https:\/\/tajkertesz.com\/en_US\/wp-json\/wp\/v2\/product_brand?post=13729"},{"taxonomy":"product_cat","embeddable":true,"href":"https:\/\/tajkertesz.com\/en_US\/wp-json\/wp\/v2\/product_cat?post=13729"},{"taxonomy":"product_tag","embeddable":true,"href":"https:\/\/tajkertesz.com\/en_US\/wp-json\/wp\/v2\/product_tag?post=13729"}],"curies":[{"name":"wp","href":"https:\/\/api.w.org\/{rel}","templated":true}]}}