{"id":13789,"date":"2022-10-18T07:02:53","date_gmt":"2022-10-18T07:02:53","guid":{"rendered":"https:\/\/tajkertesz.com\/?post_type=product&#038;p=13789"},"modified":"2025-12-18T09:53:12","modified_gmt":"2025-12-18T09:53:12","slug":"nor-muanyag-folyoka-130-x-50-x-1000-mm","status":"publish","type":"product","link":"https:\/\/tajkertesz.com\/en_US\/product\/nor-muanyag-folyoka-130-x-50-x-1000-mm\/","title":{"rendered":"NOR m\u0171anyag foly\u00f3ka &#8211; 130 x 50 x 1000 mm"},"content":{"rendered":"<div id=\"attachment_13788\" style=\"width: 310px\" class=\"wp-caption alignleft\"><img loading=\"lazy\" decoding=\"async\" aria-describedby=\"caption-attachment-13788\" class=\"size-medium wp-image-13788\" src=\"https:\/\/tajkertesz.com\/wp-content\/uploads\/2022\/10\/215443_01_folyoka-easy-1m-horgonyzott-raccsal-300x300.png\" alt=\"\" width=\"300\" height=\"300\" srcset=\"https:\/\/tajkertesz.com\/wp-content\/uploads\/2022\/10\/215443_01_folyoka-easy-1m-horgonyzott-raccsal-300x300.png 300w, https:\/\/tajkertesz.com\/wp-content\/uploads\/2022\/10\/215443_01_folyoka-easy-1m-horgonyzott-raccsal-150x150.png 150w, https:\/\/tajkertesz.com\/wp-content\/uploads\/2022\/10\/215443_01_folyoka-easy-1m-horgonyzott-raccsal-12x12.png 12w, https:\/\/tajkertesz.com\/wp-content\/uploads\/2022\/10\/215443_01_folyoka-easy-1m-horgonyzott-raccsal-380x381.png 380w, https:\/\/tajkertesz.com\/wp-content\/uploads\/2022\/10\/215443_01_folyoka-easy-1m-horgonyzott-raccsal-160x160.png 160w, https:\/\/tajkertesz.com\/wp-content\/uploads\/2022\/10\/215443_01_folyoka-easy-1m-horgonyzott-raccsal-350x350.png 350w, https:\/\/tajkertesz.com\/wp-content\/uploads\/2022\/10\/215443_01_folyoka-easy-1m-horgonyzott-raccsal-265x265.png 265w, https:\/\/tajkertesz.com\/wp-content\/uploads\/2022\/10\/215443_01_folyoka-easy-1m-horgonyzott-raccsal-100x100.png 100w, https:\/\/tajkertesz.com\/wp-content\/uploads\/2022\/10\/215443_01_folyoka-easy-1m-horgonyzott-raccsal-64x64.png 64w, https:\/\/tajkertesz.com\/wp-content\/uploads\/2022\/10\/215443_01_folyoka-easy-1m-horgonyzott-raccsal.png 600w\" sizes=\"(max-width: 300px) 100vw, 300px\" \/><p id=\"caption-attachment-13788\" class=\"wp-caption-text\">M\u0171anyag foly\u00f3k\u00e1k<\/p><\/div>\n<p>A &#8216;NOR&#8217; m\u0171anyag foly\u00f3ka (130 x 50 x 1000 mm) \u00a0beton\u00e1gyba k\u00fclt\u00e9ri be\u00e9p\u00edt\u00e9sre alkalmas.<\/p>\n<p>Sz\u00e9les k\u00f6rben alkalmazhat\u00f3 gar\u00e1zs- \u00e9s kapubej\u00e1r\u00f3hoz, z\u00e1rt \u00e9s nyitott udvarokba, medenc\u00e9hez, bej\u00e1ratok, el\u0151terek k\u00f6r\u00fcl, teraszokra kertekbe.<\/p>\n<p>T\u00e9rburkolatba be\u00e9p\u00edtve a csapad\u00e9kv\u00edz elvet\u00e9s\u00e9re a legmegfelel\u0151bb megold\u00e1s.<\/p>\n<h4><span style=\"text-decoration: underline;\"><span style=\"color: #ff0000; text-decoration: underline;\">A f\u00e9m r\u00e1cs, v\u00e9gz\u00e1r\u00f3 k\u00fcl\u00f6n rendelhet\u0151!<\/span><\/span><\/h4>\n<p>&nbsp;<\/p>\n<p>El\u0151nyei:<\/p>\n<p>&#8211; Egyszer\u0171en be\u00e9p\u00edthet\u0151<br \/>\n&#8211; V\u00e1ghat\u00f3, toldhat\u00f3 (0,5 m-n\u00e9l jel\u00f6l\u00e9s)<br \/>\n&#8211; Stabil, szil\u00e1rd de k\u00f6nny\u0171 m\u00e9hsejt szerkezet\u0171 test<br \/>\n&#8211; Sarok \u00e9s kereszt csatlakoz\u00e1si lehet\u0151s\u00e9g, v\u00e9gz\u00e1r\u00f3 elem<br \/>\n&#8211; Elmozdul\u00e1smentes elemcsatlakoz\u00e1sok<\/p>\n<p>&nbsp;<\/p>\n<p><a href=\"https:\/\/tajkertesz.com\/\" target=\"_blank\" rel=\"noopener\" data-saferedirecturl=\"https:\/\/www.google.com\/url?q=https:\/\/tajkertesz.com\/&amp;source=gmail&amp;ust=1666167646139000&amp;usg=AOvVaw33fbIO-fTtWQsQxHABjbbT\">https:\/\/tajkertesz.com\/<\/a><\/p>\n<p><a href=\"https:\/\/www.facebook.com\/tajkertesz\/\" target=\"_blank\" rel=\"noopener\" data-saferedirecturl=\"https:\/\/www.google.com\/url?q=https:\/\/www.facebook.com\/tajkertesz\/&amp;source=gmail&amp;ust=1666167646139000&amp;usg=AOvVaw3PmGFA89eXET5kQ2u0J6Tt\">https:\/\/www.facebook.com\/<wbr \/>tajkertesz\/<\/a><\/p>\n<p>Kisz\u00e1ll\u00edt\u00e1s: 200cm-ig \u00a0\u00e9s 40 kg-ig a sz\u00e1ll\u00edt\u00e1s fut\u00e1rszolg\u00e1lattal \u00a0t\u00f6rt\u00e9nik.<\/p>\n<p>Szem\u00e9lyes \u00e1tv\u00e9tel nyitvatart\u00e1si id\u0151ben a 17. ker\u00fclet Bakancsos utca 7. sz\u00e1m alatti Kert\u00e9szeti \u00e1rud\u00e1ban.<\/p>\n<div><\/div>","protected":false},"excerpt":{"rendered":"<p>NOR m\u0171anyag foly\u00f3ka &#8211; 130 x 150 x 1000 mm A term\u00e9k beton\u00e1gyba k\u00fclt\u00e9ri be\u00e9p\u00edt\u00e9sre alkalmas. Alkalmazhat\u00f3 gar\u00e1zs- \u00e9s kapubej\u00e1r\u00f3hoz, burkolatokba \u00e9p\u00edtve. Kert\u00e9szeti kis-\u00e9s nagykeresked\u00e9s.<\/p>","protected":false},"featured_media":13790,"template":"","meta":{"_et_pb_use_builder":"","_et_pb_old_content":"","_et_gb_content_width":""},"product_brand":[],"product_cat":[4274,4002],"product_tag":[],"class_list":{"0":"post-13789","1":"product","2":"type-product","3":"status-publish","4":"has-post-thumbnail","6":"product_cat-akcios-termekek","7":"product_cat-muanyag-folyokak-esovizgyujtes-szikkasztas-kerti-kutak","9":"first","10":"instock","11":"shipping-taxable","12":"purchasable","13":"product-type-simple"},"yoast_head":"<!-- This site is optimized with the Yoast SEO plugin v27.4 - https:\/\/yoast.com\/product\/yoast-seo-wordpress\/ -->\n<title>NOR m\u0171anyag foly\u00f3ka - 130 x 50 x 1000 mm - T\u00e1jkert\u00e9sz<\/title>\n<meta name=\"description\" content=\"NOR m\u0171anyag foly\u00f3ka - 130 x 50 x 1000 mm\u00a0A term\u00e9k beton\u00e1gyba k\u00fclt\u00e9ri be\u00e9p\u00edt\u00e9sre alkalmas. Alkalmazhat\u00f3 gar\u00e1zs- \u00e9s kapubej\u00e1r\u00f3hoz, burkolatokba \u00e9p\u00edtve\" \/>\n<meta name=\"robots\" content=\"index, follow, max-snippet:-1, max-image-preview:large, max-video-preview:-1\" \/>\n<link rel=\"canonical\" href=\"https:\/\/tajkertesz.com\/en_US\/product\/nor-muanyag-folyoka-130-x-50-x-1000-mm\/\" \/>\n<meta property=\"og:locale\" content=\"en_US\" \/>\n<meta property=\"og:type\" content=\"article\" \/>\n<meta property=\"og:title\" content=\"NOR m\u0171anyag foly\u00f3ka - 130 x 50 x 1000 mm - T\u00e1jkert\u00e9sz\" \/>\n<meta property=\"og:description\" content=\"NOR m\u0171anyag foly\u00f3ka - 130 x 50 x 1000 mm\u00a0A term\u00e9k beton\u00e1gyba k\u00fclt\u00e9ri be\u00e9p\u00edt\u00e9sre alkalmas. Alkalmazhat\u00f3 gar\u00e1zs- \u00e9s kapubej\u00e1r\u00f3hoz, burkolatokba \u00e9p\u00edtve\" \/>\n<meta property=\"og:url\" content=\"https:\/\/tajkertesz.com\/en_US\/product\/nor-muanyag-folyoka-130-x-50-x-1000-mm\/\" \/>\n<meta property=\"og:site_name\" content=\"T\u00e1jkert\u00e9sz\" \/>\n<meta property=\"article:publisher\" content=\"https:\/\/www.facebook.com\/Tajkertesz\/\" \/>\n<meta property=\"article:modified_time\" content=\"2025-12-18T09:53:12+00:00\" \/>\n<meta property=\"og:image\" content=\"https:\/\/tajkertesz.com\/wp-content\/uploads\/2022\/10\/5549-big.jpg\" \/>\n\t<meta property=\"og:image:width\" content=\"1024\" \/>\n\t<meta property=\"og:image:height\" content=\"683\" \/>\n\t<meta property=\"og:image:type\" content=\"image\/jpeg\" \/>\n<meta name=\"twitter:card\" content=\"summary_large_image\" \/>\n<meta name=\"twitter:label1\" content=\"Est. reading time\" \/>\n\t<meta name=\"twitter:data1\" content=\"1 minute\" \/>\n<script type=\"application\/ld+json\" class=\"yoast-schema-graph\">{\"@context\":\"https:\\\/\\\/schema.org\",\"@graph\":[{\"@type\":\"WebPage\",\"@id\":\"https:\\\/\\\/tajkertesz.com\\\/termek\\\/nor-muanyag-folyoka-130-x-50-x-1000-mm\\\/\",\"url\":\"https:\\\/\\\/tajkertesz.com\\\/termek\\\/nor-muanyag-folyoka-130-x-50-x-1000-mm\\\/\",\"name\":\"NOR m\u0171anyag foly\u00f3ka - 130 x 50 x 1000 mm - T\u00e1jkert\u00e9sz\",\"isPartOf\":{\"@id\":\"https:\\\/\\\/tajkertesz.com\\\/#website\"},\"primaryImageOfPage\":{\"@id\":\"https:\\\/\\\/tajkertesz.com\\\/termek\\\/nor-muanyag-folyoka-130-x-50-x-1000-mm\\\/#primaryimage\"},\"image\":{\"@id\":\"https:\\\/\\\/tajkertesz.com\\\/termek\\\/nor-muanyag-folyoka-130-x-50-x-1000-mm\\\/#primaryimage\"},\"thumbnailUrl\":\"https:\\\/\\\/tajkertesz.com\\\/wp-content\\\/uploads\\\/2022\\\/10\\\/5549-big.jpg\",\"datePublished\":\"2022-10-18T07:02:53+00:00\",\"dateModified\":\"2025-12-18T09:53:12+00:00\",\"description\":\"NOR m\u0171anyag foly\u00f3ka - 130 x 50 x 1000 mm\u00a0A term\u00e9k beton\u00e1gyba k\u00fclt\u00e9ri be\u00e9p\u00edt\u00e9sre alkalmas. Alkalmazhat\u00f3 gar\u00e1zs- \u00e9s kapubej\u00e1r\u00f3hoz, burkolatokba \u00e9p\u00edtve\",\"breadcrumb\":{\"@id\":\"https:\\\/\\\/tajkertesz.com\\\/termek\\\/nor-muanyag-folyoka-130-x-50-x-1000-mm\\\/#breadcrumb\"},\"inLanguage\":\"en-US\",\"potentialAction\":[{\"@type\":\"ReadAction\",\"target\":[\"https:\\\/\\\/tajkertesz.com\\\/termek\\\/nor-muanyag-folyoka-130-x-50-x-1000-mm\\\/\"]}]},{\"@type\":\"ImageObject\",\"inLanguage\":\"en-US\",\"@id\":\"https:\\\/\\\/tajkertesz.com\\\/termek\\\/nor-muanyag-folyoka-130-x-50-x-1000-mm\\\/#primaryimage\",\"url\":\"https:\\\/\\\/tajkertesz.com\\\/wp-content\\\/uploads\\\/2022\\\/10\\\/5549-big.jpg\",\"contentUrl\":\"https:\\\/\\\/tajkertesz.com\\\/wp-content\\\/uploads\\\/2022\\\/10\\\/5549-big.jpg\",\"width\":1024,\"height\":683,\"caption\":\"'NOR' m\u0171anyag k\u00fclt\u00e9ri foly\u00f3ka\"},{\"@type\":\"BreadcrumbList\",\"@id\":\"https:\\\/\\\/tajkertesz.com\\\/termek\\\/nor-muanyag-folyoka-130-x-50-x-1000-mm\\\/#breadcrumb\",\"itemListElement\":[{\"@type\":\"ListItem\",\"position\":1,\"name\":\"Home\",\"item\":\"https:\\\/\\\/tajkertesz.com\\\/\"},{\"@type\":\"ListItem\",\"position\":2,\"name\":\"Kezd\u0151lap\",\"item\":\"https:\\\/\\\/tajkertesz.com\\\/\"},{\"@type\":\"ListItem\",\"position\":3,\"name\":\"NOR m\u0171anyag foly\u00f3ka &#8211; 130 x 50 x 1000 mm\"}]},{\"@type\":\"WebSite\",\"@id\":\"https:\\\/\\\/tajkertesz.com\\\/#website\",\"url\":\"https:\\\/\\\/tajkertesz.com\\\/\",\"name\":\"T\u00e1j-Kert\u00e9sz 84 Kft.\",\"description\":\"Kert\u00e9szeti kis- \u00e9s nagykeresked\u00e9s, D\u00edszn\u00f6v\u00e9ny web\u00e1ruh\u00e1z orsz\u00e1gos h\u00e1zhozsz\u00e1ll\u00edt\u00e1ssal!\",\"publisher\":{\"@id\":\"https:\\\/\\\/tajkertesz.com\\\/#organization\"},\"potentialAction\":[{\"@type\":\"SearchAction\",\"target\":{\"@type\":\"EntryPoint\",\"urlTemplate\":\"https:\\\/\\\/tajkertesz.com\\\/?s={search_term_string}\"},\"query-input\":{\"@type\":\"PropertyValueSpecification\",\"valueRequired\":true,\"valueName\":\"search_term_string\"}}],\"inLanguage\":\"en-US\"},{\"@type\":\"Organization\",\"@id\":\"https:\\\/\\\/tajkertesz.com\\\/#organization\",\"name\":\"T\u00e1j-Kert\u00e9sz 84 Kft.\",\"url\":\"https:\\\/\\\/tajkertesz.com\\\/\",\"logo\":{\"@type\":\"ImageObject\",\"inLanguage\":\"en-US\",\"@id\":\"https:\\\/\\\/tajkertesz.com\\\/#\\\/schema\\\/logo\\\/image\\\/\",\"url\":\"https:\\\/\\\/tajkertesz.com\\\/wp-content\\\/uploads\\\/2018\\\/02\\\/logo-2-e1518678052539.png\",\"contentUrl\":\"https:\\\/\\\/tajkertesz.com\\\/wp-content\\\/uploads\\\/2018\\\/02\\\/logo-2-e1518678052539.png\",\"width\":81,\"height\":140,\"caption\":\"T\u00e1j-Kert\u00e9sz 84 Kft.\"},\"image\":{\"@id\":\"https:\\\/\\\/tajkertesz.com\\\/#\\\/schema\\\/logo\\\/image\\\/\"},\"sameAs\":[\"https:\\\/\\\/www.facebook.com\\\/Tajkertesz\\\/\"]}]}<\/script>\n<!-- \/ Yoast SEO plugin. -->","yoast_head_json":{"title":"NOR m\u0171anyag foly\u00f3ka - 130 x 50 x 1000 mm - T\u00e1jkert\u00e9sz","description":"NOR m\u0171anyag foly\u00f3ka - 130 x 50 x 1000 mm\u00a0A term\u00e9k beton\u00e1gyba k\u00fclt\u00e9ri be\u00e9p\u00edt\u00e9sre alkalmas. Alkalmazhat\u00f3 gar\u00e1zs- \u00e9s kapubej\u00e1r\u00f3hoz, burkolatokba \u00e9p\u00edtve","robots":{"index":"index","follow":"follow","max-snippet":"max-snippet:-1","max-image-preview":"max-image-preview:large","max-video-preview":"max-video-preview:-1"},"canonical":"https:\/\/tajkertesz.com\/en_US\/product\/nor-muanyag-folyoka-130-x-50-x-1000-mm\/","og_locale":"en_US","og_type":"article","og_title":"NOR m\u0171anyag foly\u00f3ka - 130 x 50 x 1000 mm - T\u00e1jkert\u00e9sz","og_description":"NOR m\u0171anyag foly\u00f3ka - 130 x 50 x 1000 mm\u00a0A term\u00e9k beton\u00e1gyba k\u00fclt\u00e9ri be\u00e9p\u00edt\u00e9sre alkalmas. Alkalmazhat\u00f3 gar\u00e1zs- \u00e9s kapubej\u00e1r\u00f3hoz, burkolatokba \u00e9p\u00edtve","og_url":"https:\/\/tajkertesz.com\/en_US\/product\/nor-muanyag-folyoka-130-x-50-x-1000-mm\/","og_site_name":"T\u00e1jkert\u00e9sz","article_publisher":"https:\/\/www.facebook.com\/Tajkertesz\/","article_modified_time":"2025-12-18T09:53:12+00:00","og_image":[{"width":1024,"height":683,"url":"https:\/\/tajkertesz.com\/wp-content\/uploads\/2022\/10\/5549-big.jpg","type":"image\/jpeg"}],"twitter_card":"summary_large_image","twitter_misc":{"Est. reading time":"1 minute"},"schema":{"@context":"https:\/\/schema.org","@graph":[{"@type":"WebPage","@id":"https:\/\/tajkertesz.com\/termek\/nor-muanyag-folyoka-130-x-50-x-1000-mm\/","url":"https:\/\/tajkertesz.com\/termek\/nor-muanyag-folyoka-130-x-50-x-1000-mm\/","name":"NOR m\u0171anyag foly\u00f3ka - 130 x 50 x 1000 mm - T\u00e1jkert\u00e9sz","isPartOf":{"@id":"https:\/\/tajkertesz.com\/#website"},"primaryImageOfPage":{"@id":"https:\/\/tajkertesz.com\/termek\/nor-muanyag-folyoka-130-x-50-x-1000-mm\/#primaryimage"},"image":{"@id":"https:\/\/tajkertesz.com\/termek\/nor-muanyag-folyoka-130-x-50-x-1000-mm\/#primaryimage"},"thumbnailUrl":"https:\/\/tajkertesz.com\/wp-content\/uploads\/2022\/10\/5549-big.jpg","datePublished":"2022-10-18T07:02:53+00:00","dateModified":"2025-12-18T09:53:12+00:00","description":"NOR m\u0171anyag foly\u00f3ka - 130 x 50 x 1000 mm\u00a0A term\u00e9k beton\u00e1gyba k\u00fclt\u00e9ri be\u00e9p\u00edt\u00e9sre alkalmas. Alkalmazhat\u00f3 gar\u00e1zs- \u00e9s kapubej\u00e1r\u00f3hoz, burkolatokba \u00e9p\u00edtve","breadcrumb":{"@id":"https:\/\/tajkertesz.com\/termek\/nor-muanyag-folyoka-130-x-50-x-1000-mm\/#breadcrumb"},"inLanguage":"en-US","potentialAction":[{"@type":"ReadAction","target":["https:\/\/tajkertesz.com\/termek\/nor-muanyag-folyoka-130-x-50-x-1000-mm\/"]}]},{"@type":"ImageObject","inLanguage":"en-US","@id":"https:\/\/tajkertesz.com\/termek\/nor-muanyag-folyoka-130-x-50-x-1000-mm\/#primaryimage","url":"https:\/\/tajkertesz.com\/wp-content\/uploads\/2022\/10\/5549-big.jpg","contentUrl":"https:\/\/tajkertesz.com\/wp-content\/uploads\/2022\/10\/5549-big.jpg","width":1024,"height":683,"caption":"'NOR' m\u0171anyag k\u00fclt\u00e9ri foly\u00f3ka"},{"@type":"BreadcrumbList","@id":"https:\/\/tajkertesz.com\/termek\/nor-muanyag-folyoka-130-x-50-x-1000-mm\/#breadcrumb","itemListElement":[{"@type":"ListItem","position":1,"name":"Home","item":"https:\/\/tajkertesz.com\/"},{"@type":"ListItem","position":2,"name":"Kezd\u0151lap","item":"https:\/\/tajkertesz.com\/"},{"@type":"ListItem","position":3,"name":"NOR m\u0171anyag foly\u00f3ka &#8211; 130 x 50 x 1000 mm"}]},{"@type":"WebSite","@id":"https:\/\/tajkertesz.com\/#website","url":"https:\/\/tajkertesz.com\/","name":"T\u00e1j-Kert\u00e9sz 84 Kft.","description":"Kert\u00e9szeti kis- \u00e9s nagykeresked\u00e9s, D\u00edszn\u00f6v\u00e9ny web\u00e1ruh\u00e1z orsz\u00e1gos h\u00e1zhozsz\u00e1ll\u00edt\u00e1ssal!","publisher":{"@id":"https:\/\/tajkertesz.com\/#organization"},"potentialAction":[{"@type":"SearchAction","target":{"@type":"EntryPoint","urlTemplate":"https:\/\/tajkertesz.com\/?s={search_term_string}"},"query-input":{"@type":"PropertyValueSpecification","valueRequired":true,"valueName":"search_term_string"}}],"inLanguage":"en-US"},{"@type":"Organization","@id":"https:\/\/tajkertesz.com\/#organization","name":"T\u00e1j-Kert\u00e9sz 84 Kft.","url":"https:\/\/tajkertesz.com\/","logo":{"@type":"ImageObject","inLanguage":"en-US","@id":"https:\/\/tajkertesz.com\/#\/schema\/logo\/image\/","url":"https:\/\/tajkertesz.com\/wp-content\/uploads\/2018\/02\/logo-2-e1518678052539.png","contentUrl":"https:\/\/tajkertesz.com\/wp-content\/uploads\/2018\/02\/logo-2-e1518678052539.png","width":81,"height":140,"caption":"T\u00e1j-Kert\u00e9sz 84 Kft."},"image":{"@id":"https:\/\/tajkertesz.com\/#\/schema\/logo\/image\/"},"sameAs":["https:\/\/www.facebook.com\/Tajkertesz\/"]}]}},"_links":{"self":[{"href":"https:\/\/tajkertesz.com\/en_US\/wp-json\/wp\/v2\/product\/13789","targetHints":{"allow":["GET"]}}],"collection":[{"href":"https:\/\/tajkertesz.com\/en_US\/wp-json\/wp\/v2\/product"}],"about":[{"href":"https:\/\/tajkertesz.com\/en_US\/wp-json\/wp\/v2\/types\/product"}],"wp:featuredmedia":[{"embeddable":true,"href":"https:\/\/tajkertesz.com\/en_US\/wp-json\/wp\/v2\/media\/13790"}],"wp:attachment":[{"href":"https:\/\/tajkertesz.com\/en_US\/wp-json\/wp\/v2\/media?parent=13789"}],"wp:term":[{"taxonomy":"product_brand","embeddable":true,"href":"https:\/\/tajkertesz.com\/en_US\/wp-json\/wp\/v2\/product_brand?post=13789"},{"taxonomy":"product_cat","embeddable":true,"href":"https:\/\/tajkertesz.com\/en_US\/wp-json\/wp\/v2\/product_cat?post=13789"},{"taxonomy":"product_tag","embeddable":true,"href":"https:\/\/tajkertesz.com\/en_US\/wp-json\/wp\/v2\/product_tag?post=13789"}],"curies":[{"name":"wp","href":"https:\/\/api.w.org\/{rel}","templated":true}]}}