{"id":13797,"date":"2022-10-18T09:15:18","date_gmt":"2022-10-18T09:15:18","guid":{"rendered":"https:\/\/tajkertesz.com\/?post_type=product&#038;p=13797"},"modified":"2022-10-18T09:21:11","modified_gmt":"2022-10-18T09:21:11","slug":"vegzaro-elem-nor-50-mm-folyokahoz","status":"publish","type":"product","link":"https:\/\/tajkertesz.com\/en_US\/product\/vegzaro-elem-nor-50-mm-folyokahoz\/","title":{"rendered":"V\u00e9gz\u00e1r\u00f3 elem NOR 50 mm foly\u00f3k\u00e1hoz"},"content":{"rendered":"<h2><\/h2>\n<div id=\"attachment_13798\" style=\"width: 310px\" class=\"wp-caption alignleft\"><img loading=\"lazy\" decoding=\"async\" aria-describedby=\"caption-attachment-13798\" class=\"size-medium wp-image-13798\" src=\"https:\/\/tajkertesz.com\/wp-content\/uploads\/2022\/10\/Vegzaro-elem-NOR-300x176.jpg\" alt=\"\" width=\"300\" height=\"176\" srcset=\"https:\/\/tajkertesz.com\/wp-content\/uploads\/2022\/10\/Vegzaro-elem-NOR-300x176.jpg 300w, https:\/\/tajkertesz.com\/wp-content\/uploads\/2022\/10\/Vegzaro-elem-NOR-18x12.jpg 18w, https:\/\/tajkertesz.com\/wp-content\/uploads\/2022\/10\/Vegzaro-elem-NOR-64x37.jpg 64w, https:\/\/tajkertesz.com\/wp-content\/uploads\/2022\/10\/Vegzaro-elem-NOR.jpg 600w\" sizes=\"(max-width: 300px) 100vw, 300px\" \/><p id=\"caption-attachment-13798\" class=\"wp-caption-text\">&#8216;NOR&#8217;v\u00e9gz\u00e1r\u00f3 elem foly\u00f3k\u00e1hoz<\/p><\/div>\n<h4>A NOR 50mm foly\u00f3ka biztons\u00e1gos \u00e9s tart\u00f3s v\u00e9gz\u00e1r\u00e1s\u00e1hoz v\u00e1s\u00e1rolhat\u00f3 kieg\u00e9sz\u00edt\u0151 elem<br \/>\n5 cm-es foly\u00f3k\u00e1khoz<br \/>\nAnyaga m\u0171anyag<br \/>\nFekete sz\u00edn\u0171<\/h4>\n<p><b>K\u00e9szlet\u00fcnk napi szinten v\u00e1ltozik, ez\u00e9rt k\u00e9rj\u00fck, \u00e9rdekl\u0151dj\u00f6n szem\u00e9lyesen, telefonon vagy email-en.<br \/>\nA v\u00e1ltoztat\u00e1s jog\u00e1t fenntartjuk!\u00a0<\/b><\/p>\n<p>&nbsp;<\/p>\n<p><a href=\"https:\/\/tajkertesz.com\/\" target=\"_blank\" rel=\"noopener\" data-saferedirecturl=\"https:\/\/www.google.com\/url?q=https:\/\/tajkertesz.com\/&amp;source=gmail&amp;ust=1666170390873000&amp;usg=AOvVaw246SUy_k-vsTc4v7MZShIp\">https:\/\/tajkertesz.com\/<\/a><\/p>\n<p><a href=\"https:\/\/www.facebook.com\/tajkertesz\/\" target=\"_blank\" rel=\"noopener\" data-saferedirecturl=\"https:\/\/www.google.com\/url?q=https:\/\/www.facebook.com\/tajkertesz\/&amp;source=gmail&amp;ust=1666170390873000&amp;usg=AOvVaw0j7b4GED9VpgPUOtu4R02M\">https:\/\/www.facebook.com\/<wbr \/>tajkertesz\/<\/a><\/p>\n<p>Kisz\u00e1ll\u00edt\u00e1s: 200cm-ig \u00a0\u00e9s 40 kg-ig a sz\u00e1ll\u00edt\u00e1s fut\u00e1rszolg\u00e1lattal \u00a0t\u00f6rt\u00e9nik.<\/p>\n<p>Szem\u00e9lyes \u00e1tv\u00e9tel nyitvatart\u00e1si id\u0151ben a 17. ker\u00fclet Bakancsos utca 7. sz\u00e1m alatti Kert\u00e9szeti \u00e1rud\u00e1ban.<\/p>\n<div><\/div>","protected":false},"excerpt":{"rendered":"<p>A NOR 50mm foly\u00f3ka biztons\u00e1gos \u00e9s tart\u00f3s v\u00e9gz\u00e1r\u00e1s\u00e1hoz v\u00e1s\u00e1rolhat\u00f3 kieg\u00e9sz\u00edt\u0151 elem 5 cm-es foly\u00f3k\u00e1khoz Anyaga m\u0171anyag Fekete sz\u00edn\u0171 K\u00e9szlet\u00fcnk napi szinten v\u00e1ltozik, ez\u00e9rt k\u00e9rj\u00fck, \u00e9rdekl\u0151dj\u00f6n szem\u00e9lyesen, telefonon vagy email-en. A v\u00e1ltoztat\u00e1s jog\u00e1t fenntartjuk!\u00a0 &nbsp; https:\/\/tajkertesz.com\/ https:\/\/www.facebook.com\/tajkertesz\/ Kisz\u00e1ll\u00edt\u00e1s: 200cm-ig \u00a0\u00e9s 40 kg-ig a sz\u00e1ll\u00edt\u00e1s fut\u00e1rszolg\u00e1lattal \u00a0t\u00f6rt\u00e9nik. Szem\u00e9lyes \u00e1tv\u00e9tel nyitvatart\u00e1si id\u0151ben a 17. ker\u00fclet Bakancsos utca 7. [&hellip;]<\/p>\n","protected":false},"featured_media":13798,"template":"","meta":{"_et_pb_use_builder":"","_et_pb_old_content":"","_et_gb_content_width":""},"product_brand":[],"product_cat":[4002],"product_tag":[],"class_list":{"0":"post-13797","1":"product","2":"type-product","3":"status-publish","4":"has-post-thumbnail","6":"product_cat-muanyag-folyokak-esovizgyujtes-szikkasztas-kerti-kutak","8":"first","9":"instock","10":"shipping-taxable","11":"purchasable","12":"product-type-simple"},"yoast_head":"<!-- This site is optimized with the Yoast SEO plugin v27.4 - https:\/\/yoast.com\/product\/yoast-seo-wordpress\/ -->\n<title>V\u00e9gz\u00e1r\u00f3 elem NOR 50 mm foly\u00f3k\u00e1hoz - T\u00e1jkert\u00e9sz<\/title>\n<meta name=\"description\" content=\"A NOR 50mm foly\u00f3ka biztons\u00e1gos \u00e9s tart\u00f3s v\u00e9gz\u00e1r\u00e1s\u00e1hoz v\u00e1s\u00e1rolhat\u00f3 kieg\u00e9sz\u00edt\u0151 elem5 cm-es foly\u00f3k\u00e1khoz. Anyaga m\u0171anyag.Fekete sz\u00edn\u0171\" \/>\n<meta name=\"robots\" content=\"index, follow, max-snippet:-1, max-image-preview:large, max-video-preview:-1\" \/>\n<link rel=\"canonical\" href=\"https:\/\/tajkertesz.com\/en_US\/product\/vegzaro-elem-nor-50-mm-folyokahoz\/\" \/>\n<meta property=\"og:locale\" content=\"en_US\" \/>\n<meta property=\"og:type\" content=\"article\" \/>\n<meta property=\"og:title\" content=\"V\u00e9gz\u00e1r\u00f3 elem NOR 50 mm foly\u00f3k\u00e1hoz - T\u00e1jkert\u00e9sz\" \/>\n<meta property=\"og:description\" content=\"A NOR 50mm foly\u00f3ka biztons\u00e1gos \u00e9s tart\u00f3s v\u00e9gz\u00e1r\u00e1s\u00e1hoz v\u00e1s\u00e1rolhat\u00f3 kieg\u00e9sz\u00edt\u0151 elem5 cm-es foly\u00f3k\u00e1khoz. Anyaga m\u0171anyag.Fekete sz\u00edn\u0171\" \/>\n<meta property=\"og:url\" content=\"https:\/\/tajkertesz.com\/en_US\/product\/vegzaro-elem-nor-50-mm-folyokahoz\/\" \/>\n<meta property=\"og:site_name\" content=\"T\u00e1jkert\u00e9sz\" \/>\n<meta property=\"article:publisher\" content=\"https:\/\/www.facebook.com\/Tajkertesz\/\" \/>\n<meta property=\"article:modified_time\" content=\"2022-10-18T09:21:11+00:00\" \/>\n<meta property=\"og:image\" content=\"https:\/\/tajkertesz.com\/wp-content\/uploads\/2022\/10\/Vegzaro-elem-NOR.jpg\" \/>\n\t<meta property=\"og:image:width\" content=\"600\" \/>\n\t<meta property=\"og:image:height\" content=\"351\" \/>\n\t<meta property=\"og:image:type\" content=\"image\/jpeg\" \/>\n<meta name=\"twitter:card\" content=\"summary_large_image\" \/>\n<meta name=\"twitter:label1\" content=\"Est. reading time\" \/>\n\t<meta name=\"twitter:data1\" content=\"1 minute\" \/>\n<script type=\"application\/ld+json\" class=\"yoast-schema-graph\">{\"@context\":\"https:\\\/\\\/schema.org\",\"@graph\":[{\"@type\":\"WebPage\",\"@id\":\"https:\\\/\\\/tajkertesz.com\\\/termek\\\/vegzaro-elem-nor-50-mm-folyokahoz\\\/\",\"url\":\"https:\\\/\\\/tajkertesz.com\\\/termek\\\/vegzaro-elem-nor-50-mm-folyokahoz\\\/\",\"name\":\"V\u00e9gz\u00e1r\u00f3 elem NOR 50 mm foly\u00f3k\u00e1hoz - T\u00e1jkert\u00e9sz\",\"isPartOf\":{\"@id\":\"https:\\\/\\\/tajkertesz.com\\\/#website\"},\"primaryImageOfPage\":{\"@id\":\"https:\\\/\\\/tajkertesz.com\\\/termek\\\/vegzaro-elem-nor-50-mm-folyokahoz\\\/#primaryimage\"},\"image\":{\"@id\":\"https:\\\/\\\/tajkertesz.com\\\/termek\\\/vegzaro-elem-nor-50-mm-folyokahoz\\\/#primaryimage\"},\"thumbnailUrl\":\"https:\\\/\\\/tajkertesz.com\\\/wp-content\\\/uploads\\\/2022\\\/10\\\/Vegzaro-elem-NOR.jpg\",\"datePublished\":\"2022-10-18T09:15:18+00:00\",\"dateModified\":\"2022-10-18T09:21:11+00:00\",\"description\":\"A NOR 50mm foly\u00f3ka biztons\u00e1gos \u00e9s tart\u00f3s v\u00e9gz\u00e1r\u00e1s\u00e1hoz v\u00e1s\u00e1rolhat\u00f3 kieg\u00e9sz\u00edt\u0151 elem5 cm-es foly\u00f3k\u00e1khoz. Anyaga m\u0171anyag.Fekete sz\u00edn\u0171\",\"breadcrumb\":{\"@id\":\"https:\\\/\\\/tajkertesz.com\\\/termek\\\/vegzaro-elem-nor-50-mm-folyokahoz\\\/#breadcrumb\"},\"inLanguage\":\"en-US\",\"potentialAction\":[{\"@type\":\"ReadAction\",\"target\":[\"https:\\\/\\\/tajkertesz.com\\\/termek\\\/vegzaro-elem-nor-50-mm-folyokahoz\\\/\"]}]},{\"@type\":\"ImageObject\",\"inLanguage\":\"en-US\",\"@id\":\"https:\\\/\\\/tajkertesz.com\\\/termek\\\/vegzaro-elem-nor-50-mm-folyokahoz\\\/#primaryimage\",\"url\":\"https:\\\/\\\/tajkertesz.com\\\/wp-content\\\/uploads\\\/2022\\\/10\\\/Vegzaro-elem-NOR.jpg\",\"contentUrl\":\"https:\\\/\\\/tajkertesz.com\\\/wp-content\\\/uploads\\\/2022\\\/10\\\/Vegzaro-elem-NOR.jpg\",\"width\":600,\"height\":351,\"caption\":\"'NOR'v\u00e9gz\u00e1r\u00f3 elem foly\u00f3k\u00e1hoz\"},{\"@type\":\"BreadcrumbList\",\"@id\":\"https:\\\/\\\/tajkertesz.com\\\/termek\\\/vegzaro-elem-nor-50-mm-folyokahoz\\\/#breadcrumb\",\"itemListElement\":[{\"@type\":\"ListItem\",\"position\":1,\"name\":\"Home\",\"item\":\"https:\\\/\\\/tajkertesz.com\\\/\"},{\"@type\":\"ListItem\",\"position\":2,\"name\":\"Kezd\u0151lap\",\"item\":\"https:\\\/\\\/tajkertesz.com\\\/\"},{\"@type\":\"ListItem\",\"position\":3,\"name\":\"V\u00e9gz\u00e1r\u00f3 elem NOR 50 mm foly\u00f3k\u00e1hoz\"}]},{\"@type\":\"WebSite\",\"@id\":\"https:\\\/\\\/tajkertesz.com\\\/#website\",\"url\":\"https:\\\/\\\/tajkertesz.com\\\/\",\"name\":\"T\u00e1j-Kert\u00e9sz 84 Kft.\",\"description\":\"Kert\u00e9szeti kis- \u00e9s nagykeresked\u00e9s, D\u00edszn\u00f6v\u00e9ny web\u00e1ruh\u00e1z orsz\u00e1gos h\u00e1zhozsz\u00e1ll\u00edt\u00e1ssal!\",\"publisher\":{\"@id\":\"https:\\\/\\\/tajkertesz.com\\\/#organization\"},\"potentialAction\":[{\"@type\":\"SearchAction\",\"target\":{\"@type\":\"EntryPoint\",\"urlTemplate\":\"https:\\\/\\\/tajkertesz.com\\\/?s={search_term_string}\"},\"query-input\":{\"@type\":\"PropertyValueSpecification\",\"valueRequired\":true,\"valueName\":\"search_term_string\"}}],\"inLanguage\":\"en-US\"},{\"@type\":\"Organization\",\"@id\":\"https:\\\/\\\/tajkertesz.com\\\/#organization\",\"name\":\"T\u00e1j-Kert\u00e9sz 84 Kft.\",\"url\":\"https:\\\/\\\/tajkertesz.com\\\/\",\"logo\":{\"@type\":\"ImageObject\",\"inLanguage\":\"en-US\",\"@id\":\"https:\\\/\\\/tajkertesz.com\\\/#\\\/schema\\\/logo\\\/image\\\/\",\"url\":\"https:\\\/\\\/tajkertesz.com\\\/wp-content\\\/uploads\\\/2018\\\/02\\\/logo-2-e1518678052539.png\",\"contentUrl\":\"https:\\\/\\\/tajkertesz.com\\\/wp-content\\\/uploads\\\/2018\\\/02\\\/logo-2-e1518678052539.png\",\"width\":81,\"height\":140,\"caption\":\"T\u00e1j-Kert\u00e9sz 84 Kft.\"},\"image\":{\"@id\":\"https:\\\/\\\/tajkertesz.com\\\/#\\\/schema\\\/logo\\\/image\\\/\"},\"sameAs\":[\"https:\\\/\\\/www.facebook.com\\\/Tajkertesz\\\/\"]}]}<\/script>\n<!-- \/ Yoast SEO plugin. -->","yoast_head_json":{"title":"V\u00e9gz\u00e1r\u00f3 elem NOR 50 mm foly\u00f3k\u00e1hoz - T\u00e1jkert\u00e9sz","description":"A NOR 50mm foly\u00f3ka biztons\u00e1gos \u00e9s tart\u00f3s v\u00e9gz\u00e1r\u00e1s\u00e1hoz v\u00e1s\u00e1rolhat\u00f3 kieg\u00e9sz\u00edt\u0151 elem5 cm-es foly\u00f3k\u00e1khoz. Anyaga m\u0171anyag.Fekete sz\u00edn\u0171","robots":{"index":"index","follow":"follow","max-snippet":"max-snippet:-1","max-image-preview":"max-image-preview:large","max-video-preview":"max-video-preview:-1"},"canonical":"https:\/\/tajkertesz.com\/en_US\/product\/vegzaro-elem-nor-50-mm-folyokahoz\/","og_locale":"en_US","og_type":"article","og_title":"V\u00e9gz\u00e1r\u00f3 elem NOR 50 mm foly\u00f3k\u00e1hoz - T\u00e1jkert\u00e9sz","og_description":"A NOR 50mm foly\u00f3ka biztons\u00e1gos \u00e9s tart\u00f3s v\u00e9gz\u00e1r\u00e1s\u00e1hoz v\u00e1s\u00e1rolhat\u00f3 kieg\u00e9sz\u00edt\u0151 elem5 cm-es foly\u00f3k\u00e1khoz. Anyaga m\u0171anyag.Fekete sz\u00edn\u0171","og_url":"https:\/\/tajkertesz.com\/en_US\/product\/vegzaro-elem-nor-50-mm-folyokahoz\/","og_site_name":"T\u00e1jkert\u00e9sz","article_publisher":"https:\/\/www.facebook.com\/Tajkertesz\/","article_modified_time":"2022-10-18T09:21:11+00:00","og_image":[{"width":600,"height":351,"url":"https:\/\/tajkertesz.com\/wp-content\/uploads\/2022\/10\/Vegzaro-elem-NOR.jpg","type":"image\/jpeg"}],"twitter_card":"summary_large_image","twitter_misc":{"Est. reading time":"1 minute"},"schema":{"@context":"https:\/\/schema.org","@graph":[{"@type":"WebPage","@id":"https:\/\/tajkertesz.com\/termek\/vegzaro-elem-nor-50-mm-folyokahoz\/","url":"https:\/\/tajkertesz.com\/termek\/vegzaro-elem-nor-50-mm-folyokahoz\/","name":"V\u00e9gz\u00e1r\u00f3 elem NOR 50 mm foly\u00f3k\u00e1hoz - T\u00e1jkert\u00e9sz","isPartOf":{"@id":"https:\/\/tajkertesz.com\/#website"},"primaryImageOfPage":{"@id":"https:\/\/tajkertesz.com\/termek\/vegzaro-elem-nor-50-mm-folyokahoz\/#primaryimage"},"image":{"@id":"https:\/\/tajkertesz.com\/termek\/vegzaro-elem-nor-50-mm-folyokahoz\/#primaryimage"},"thumbnailUrl":"https:\/\/tajkertesz.com\/wp-content\/uploads\/2022\/10\/Vegzaro-elem-NOR.jpg","datePublished":"2022-10-18T09:15:18+00:00","dateModified":"2022-10-18T09:21:11+00:00","description":"A NOR 50mm foly\u00f3ka biztons\u00e1gos \u00e9s tart\u00f3s v\u00e9gz\u00e1r\u00e1s\u00e1hoz v\u00e1s\u00e1rolhat\u00f3 kieg\u00e9sz\u00edt\u0151 elem5 cm-es foly\u00f3k\u00e1khoz. Anyaga m\u0171anyag.Fekete sz\u00edn\u0171","breadcrumb":{"@id":"https:\/\/tajkertesz.com\/termek\/vegzaro-elem-nor-50-mm-folyokahoz\/#breadcrumb"},"inLanguage":"en-US","potentialAction":[{"@type":"ReadAction","target":["https:\/\/tajkertesz.com\/termek\/vegzaro-elem-nor-50-mm-folyokahoz\/"]}]},{"@type":"ImageObject","inLanguage":"en-US","@id":"https:\/\/tajkertesz.com\/termek\/vegzaro-elem-nor-50-mm-folyokahoz\/#primaryimage","url":"https:\/\/tajkertesz.com\/wp-content\/uploads\/2022\/10\/Vegzaro-elem-NOR.jpg","contentUrl":"https:\/\/tajkertesz.com\/wp-content\/uploads\/2022\/10\/Vegzaro-elem-NOR.jpg","width":600,"height":351,"caption":"'NOR'v\u00e9gz\u00e1r\u00f3 elem foly\u00f3k\u00e1hoz"},{"@type":"BreadcrumbList","@id":"https:\/\/tajkertesz.com\/termek\/vegzaro-elem-nor-50-mm-folyokahoz\/#breadcrumb","itemListElement":[{"@type":"ListItem","position":1,"name":"Home","item":"https:\/\/tajkertesz.com\/"},{"@type":"ListItem","position":2,"name":"Kezd\u0151lap","item":"https:\/\/tajkertesz.com\/"},{"@type":"ListItem","position":3,"name":"V\u00e9gz\u00e1r\u00f3 elem NOR 50 mm foly\u00f3k\u00e1hoz"}]},{"@type":"WebSite","@id":"https:\/\/tajkertesz.com\/#website","url":"https:\/\/tajkertesz.com\/","name":"T\u00e1j-Kert\u00e9sz 84 Kft.","description":"Kert\u00e9szeti kis- \u00e9s nagykeresked\u00e9s, D\u00edszn\u00f6v\u00e9ny web\u00e1ruh\u00e1z orsz\u00e1gos h\u00e1zhozsz\u00e1ll\u00edt\u00e1ssal!","publisher":{"@id":"https:\/\/tajkertesz.com\/#organization"},"potentialAction":[{"@type":"SearchAction","target":{"@type":"EntryPoint","urlTemplate":"https:\/\/tajkertesz.com\/?s={search_term_string}"},"query-input":{"@type":"PropertyValueSpecification","valueRequired":true,"valueName":"search_term_string"}}],"inLanguage":"en-US"},{"@type":"Organization","@id":"https:\/\/tajkertesz.com\/#organization","name":"T\u00e1j-Kert\u00e9sz 84 Kft.","url":"https:\/\/tajkertesz.com\/","logo":{"@type":"ImageObject","inLanguage":"en-US","@id":"https:\/\/tajkertesz.com\/#\/schema\/logo\/image\/","url":"https:\/\/tajkertesz.com\/wp-content\/uploads\/2018\/02\/logo-2-e1518678052539.png","contentUrl":"https:\/\/tajkertesz.com\/wp-content\/uploads\/2018\/02\/logo-2-e1518678052539.png","width":81,"height":140,"caption":"T\u00e1j-Kert\u00e9sz 84 Kft."},"image":{"@id":"https:\/\/tajkertesz.com\/#\/schema\/logo\/image\/"},"sameAs":["https:\/\/www.facebook.com\/Tajkertesz\/"]}]}},"_links":{"self":[{"href":"https:\/\/tajkertesz.com\/en_US\/wp-json\/wp\/v2\/product\/13797","targetHints":{"allow":["GET"]}}],"collection":[{"href":"https:\/\/tajkertesz.com\/en_US\/wp-json\/wp\/v2\/product"}],"about":[{"href":"https:\/\/tajkertesz.com\/en_US\/wp-json\/wp\/v2\/types\/product"}],"wp:featuredmedia":[{"embeddable":true,"href":"https:\/\/tajkertesz.com\/en_US\/wp-json\/wp\/v2\/media\/13798"}],"wp:attachment":[{"href":"https:\/\/tajkertesz.com\/en_US\/wp-json\/wp\/v2\/media?parent=13797"}],"wp:term":[{"taxonomy":"product_brand","embeddable":true,"href":"https:\/\/tajkertesz.com\/en_US\/wp-json\/wp\/v2\/product_brand?post=13797"},{"taxonomy":"product_cat","embeddable":true,"href":"https:\/\/tajkertesz.com\/en_US\/wp-json\/wp\/v2\/product_cat?post=13797"},{"taxonomy":"product_tag","embeddable":true,"href":"https:\/\/tajkertesz.com\/en_US\/wp-json\/wp\/v2\/product_tag?post=13797"}],"curies":[{"name":"wp","href":"https:\/\/api.w.org\/{rel}","templated":true}]}}