{"id":1380,"date":"2025-04-09T09:48:03","date_gmt":"2025-04-09T09:48:03","guid":{"rendered":"https:\/\/tajkertesz.com\/?post_type=product&#038;p=1380"},"modified":"2025-04-09T14:36:33","modified_gmt":"2025-04-09T14:36:33","slug":"lonicera-nitida-maigrun","status":"publish","type":"product","link":"https:\/\/tajkertesz.com\/en_US\/product\/lonicera-nitida-maigrun\/","title":{"rendered":"Lonicera nitida &#8216;Maigr\u00fcn&#8217; &#8211; \u00d6r\u00f6kz\u00f6ld mirtuszlonc"},"content":{"rendered":"<h3>Lonicera nitida &#8216;Maigr\u00fcn&#8217; &#8211; \u00d6r\u00f6kz\u00f6ld mirtuszlonc<\/h3>\n<p>A Lonicera nitida &#8216;Maigr\u00fcn&#8217; &#8211; \u00d6r\u00f6kz\u00f6ld mirtuszlonc kifejlett \u00e1llapot\u00e1ban 50-70 cm magas elter\u00fcl\u0151 n\u00f6veked\u00e9s\u0171 \u00f6r\u00f6kz\u00f6ld cserje.<\/p>\n<h2>Lonicera nitida &#8216;Maigr\u00fcn&#8217; jellemz\u0151i:<\/h2>\n<ul>\n<li><strong>Magass\u00e1g \u00e9s n\u00f6veked\u00e9s<\/strong>: A kifejlett Lonicera nitida &#8216;Maigr\u00fcn&#8217; k\u00f6r\u00fclbel\u00fcl 50-70 cm magasra n\u0151, \u00e9s elter\u00fcl\u0151 habitus\u00fa.<\/li>\n<li><strong>Lev\u00e9lzet:<\/strong> Apr\u00f3, ov\u00e1lis vagy l\u00e1ndzs\u00e1s, \u00e9l\u00e9nk z\u00f6ld sz\u00edn\u0171 levelei vannak, amelyek eg\u00e9sz \u00e9vben z\u00f6ldek maradnak.<\/li>\n<li><strong>Vir\u00e1gz\u00e1s:<\/strong> Tavasz v\u00e9g\u00e9n hozza apr\u00f3, kr\u00e9ms\u00e1rga vir\u00e1gait.<\/li>\n<li><strong>Term\u00e9sek:<\/strong> \u0150szre s\u00f6t\u00e9tlila, kerek term\u00e9seket hoz, amelyek emberi fogyaszt\u00e1sra nem alkalmasak.<\/li>\n<\/ul>\n<p>&nbsp;<\/p>\n<h3>Az \u00f6r\u00f6kz\u00f6ld mirtuszlonc gondoz\u00e1sa:<\/h3>\n<ol>\n<li><strong>\u00d6nt\u00f6z\u00e9s<\/strong>: B\u00e1r sz\u00e1razs\u00e1gt\u0171r\u0151, a fiatal n\u00f6v\u00e9nyeket rendszeresen \u00f6nt\u00f6zni kell, hogy j\u00f3l meger\u0151s\u00f6djenek. K\u00e9s\u0151bb is \u00e9rdemes figyelni, hogy ne sz\u00e1radjon ki teljesen a talaj k\u00f6r\u00fcl\u00f6tte.<\/li>\n<li><strong>Talaj<\/strong>: A j\u00f3 v\u00edzelvezet\u00e9s\u0171, t\u00e1panyagban gazdag talajt kedveli. Ha a talaj t\u00fal k\u00f6t\u00f6tt vagy v\u00edz\u00e1ll\u00f3, \u00e9rdemes komposzttal vagy homokkal jav\u00edtani.<\/li>\n<li><strong>F\u00e9nyviszonyok<\/strong>: B\u00e1r f\u00e9l\u00e1rny\u00e9kban \u00e9rzi mag\u00e1t a legjobban, a teljes naps\u00fct\u00e9st is elviseli.<\/li>\n<li><strong>Metsz\u00e9s<\/strong>: Nem ig\u00e9nyel rendszeres metsz\u00e9st,<\/li>\n<\/ol>\n<p>Jelen term\u00e9k\u00fcnk 2 literes cser\u00e9pben kaphat\u00f3 \u00e9s kb. 20\/30 cm<\/p>\n<p><b>K\u00e9szlet\u00fcnk napi szinten v\u00e1ltozik, ez\u00e9rt k\u00e9rj\u00fck, \u00e9rdekl\u0151dj\u00f6n szem\u00e9lyesen, telefonon vagy email-en.<br \/>\nA v\u00e1ltoztat\u00e1s jog\u00e1t fenntartjuk!<\/b><b>\u00a0<\/b><\/p>\n<p><a href=\"https:\/\/tajkertesz.com\/\">https:\/\/tajkertesz.com\/<\/a><\/p>\n<p><a href=\"https:\/\/www.facebook.com\/tajkertesz\/\">https:\/\/www.facebook.com\/tajkertesz\/<\/a><\/p>\n<p>Kisz\u00e1ll\u00edt\u00e1s: 200cm-ig \u00e9s 40 kg-ig a sz\u00e1ll\u00edt\u00e1s fut\u00e1rszolg\u00e1lattal t\u00f6rt\u00e9nik.<\/p>\n<p>Szem\u00e9lyes \u00e1tv\u00e9tel nyitvatart\u00e1si id\u0151ben a 17. ker\u00fclet Bakancsos utca 7. sz\u00e1m alatti Kert\u00e9szeti \u00e1rud\u00e1nkban.<\/p>\n<p>Kert\u00e9p\u00edt\u0151k \u00e9s viszontelad\u00f3k regisztr\u00e1l\u00e1s ut\u00e1n egyedi kedvezm\u00e9nnyel v\u00e1s\u00e1rolhatnak kert\u00e9szeti kis-\u00e9s nagykeresked\u00e9s\u00fcnkben.<\/p>\n<p><strong>Az \u00e1rak egy darab term\u00e9kre vonatkoznak.<\/strong><\/p>\n<p><strong>J\u00f3 tudni!<\/strong><\/p>\n<p>K\u00e9pek-elt\u00e9r\u00e9sek:<\/p>\n<p>A n\u00f6v\u00e9nyekr\u0151l felt\u00f6lt\u00f6tt k\u00e9pek illusztr\u00e1ci\u00f3k. N\u00f6v\u00e9nyekn\u00e9l el\u0151fordulhatnak minim\u00e1lis elt\u00e9r\u00e9sek a k\u00e9peken szerepl\u0151 n\u00f6v\u00e9nyek \u00e9s az \u00e1tvett n\u00f6v\u00e9nyek k\u00f6z\u00f6tt, mivel minden n\u00f6v\u00e9ny egyedi.<\/p>\n<h4>N\u00f6v\u00e9nyek sz\u00e1ll\u00edt\u00e1sa:<\/h4>\n<p>A megrendelt n\u00f6v\u00e9nyeket igyeksz\u00fcnk a lehet\u0151 legbiztons\u00e1gosabban egyes\u00e9vel csomagolni, azonban a sz\u00e1ll\u00edt\u00e1s sor\u00e1n m\u00e9g ennek ellen\u00e9re is\u00a0bek\u00f6vetkezhetnek apr\u00f3bb s\u00e9r\u00fcl\u00e9sek (lev\u00e9l- vagy vir\u00e1ghull\u00e1s).<br \/>\nN\u00f6v\u00e9ny rendel\u00e9s eset\u00e9n k\u00e9rj\u00fck a k\u00e9zbes\u00edt\u00e9st k\u00f6vet\u0151en a lehet\u0151 leghamarabb bonts\u00e1k ki a csomagot.<\/p>\n<p>Abban az esetben, ha a megrendelt n\u00f6v\u00e9ny\u00a0a sz\u00e1ll\u00edt\u00e1st k\u00f6vet\u0151en\u00a0nem megfelel\u0151 gondoz\u00e1sban r\u00e9szes\u00fcl \u00e9s ebb\u0151l kifoly\u00f3lag\u00a0k\u00e1rosodik,\u00a0elpusztul, felel\u0151ss\u00e9get sajnos nem tudunk v\u00e1llalni.<\/p>\n<p>V\u00e1s\u00e1rl\u00e1st\u00f3l val\u00f3 el\u00e1ll\u00e1s \u00e9l\u0151 n\u00f6v\u00e9ny v\u00e1s\u00e1rl\u00e1sa eset\u00e9n:<\/p>\n<p>Az \u00e1ltal\u00e1nos 14 napos el\u00e1ll\u00e1s lehet\u0151s\u00e9ge \u00e9l\u0151 n\u00f6v\u00e9nyekre nem vonatkozik. V\u00e1s\u00e1rl\u00e1st\u00f3l val\u00f3 el\u00e1ll\u00e1sra, visszak\u00fcld\u00e9sre nincs lehet\u0151s\u00e9g.\u00a0(17\/1999. (II. 5.) Korm. rendelet 5c pontja)<\/p>\n<p><strong>K\u00e9rj\u00fck fentiek figyelembev\u00e9tel\u00e9t n\u00f6v\u00e9ny rendel\u00e9se sor\u00e1n!<\/strong><\/p>\n<p>&nbsp;<\/p>","protected":false},"excerpt":{"rendered":"<p>&nbsp;<\/p>\n<p>A n\u00f6v\u00e9ny jelenlegi m\u00e9rete: kb. 20\/30 cm magas, 2 literes kont\u00e9nerben kaphat\u00f3.<\/p>\n<p>&nbsp;<\/p>","protected":false},"featured_media":10455,"template":"","meta":{"_et_pb_use_builder":"","_et_pb_old_content":"","_et_gb_content_width":""},"product_brand":[],"product_cat":[27,31],"product_tag":[333,24,334,319],"class_list":{"0":"post-1380","1":"product","2":"type-product","3":"status-publish","4":"has-post-thumbnail","6":"product_cat-cserjek","7":"product_cat-talajtakaro-novenyek","8":"product_tag-lonicera-nitida-maigrun","9":"product_tag-orokzold","10":"product_tag-orokzold-mirtuszlonc","11":"product_tag-talajtakaro","13":"first","14":"instock","15":"shipping-taxable","16":"purchasable","17":"product-type-simple"},"yoast_head":"<!-- This site is optimized with the Yoast SEO plugin v27.3 - https:\/\/yoast.com\/product\/yoast-seo-wordpress\/ -->\n<title>Lonicera nitida &#039;Maigr\u00fcn&#039; - \u00d6r\u00f6kz\u00f6ld mirtuszlonc - T\u00e1jkert\u00e9sz<\/title>\n<meta name=\"description\" content=\"A Lonicera nitida &#039;Maigr\u00fcn&#039; - \u00d6r\u00f6kz\u00f6ld mirtuszlonc kifejlett \u00e1llapot\u00e1ban 50-70 cm magas elter\u00fcl\u0151 n\u00f6veked\u00e9s\u0171 \u00f6r\u00f6kz\u00f6ld cserje.\" \/>\n<meta name=\"robots\" content=\"index, follow, max-snippet:-1, max-image-preview:large, max-video-preview:-1\" \/>\n<link rel=\"canonical\" href=\"https:\/\/tajkertesz.com\/en_US\/product\/lonicera-nitida-maigrun\/\" \/>\n<meta property=\"og:locale\" content=\"en_US\" \/>\n<meta property=\"og:type\" content=\"article\" \/>\n<meta property=\"og:title\" content=\"Lonicera nitida &#039;Maigr\u00fcn&#039; - \u00d6r\u00f6kz\u00f6ld mirtuszlonc - T\u00e1jkert\u00e9sz\" \/>\n<meta property=\"og:description\" content=\"A Lonicera nitida &#039;Maigr\u00fcn&#039; - \u00d6r\u00f6kz\u00f6ld mirtuszlonc kifejlett \u00e1llapot\u00e1ban 50-70 cm magas elter\u00fcl\u0151 n\u00f6veked\u00e9s\u0171 \u00f6r\u00f6kz\u00f6ld cserje.\" \/>\n<meta property=\"og:url\" content=\"https:\/\/tajkertesz.com\/en_US\/product\/lonicera-nitida-maigrun\/\" \/>\n<meta property=\"og:site_name\" content=\"T\u00e1jkert\u00e9sz\" \/>\n<meta property=\"article:publisher\" content=\"https:\/\/www.facebook.com\/Tajkertesz\/\" \/>\n<meta property=\"article:modified_time\" content=\"2025-04-09T14:36:33+00:00\" \/>\n<meta property=\"og:image\" content=\"https:\/\/tajkertesz.com\/wp-content\/uploads\/2020\/03\/IMG_20211014_101130.jpg\" \/>\n\t<meta property=\"og:image:width\" content=\"450\" \/>\n\t<meta property=\"og:image:height\" content=\"600\" \/>\n\t<meta property=\"og:image:type\" content=\"image\/jpeg\" \/>\n<meta name=\"twitter:card\" content=\"summary_large_image\" \/>\n<meta name=\"twitter:label1\" content=\"Est. reading time\" \/>\n\t<meta name=\"twitter:data1\" content=\"2 minutes\" \/>\n<script type=\"application\/ld+json\" class=\"yoast-schema-graph\">{\"@context\":\"https:\\\/\\\/schema.org\",\"@graph\":[{\"@type\":\"WebPage\",\"@id\":\"https:\\\/\\\/tajkertesz.com\\\/termek\\\/lonicera-nitida-maigrun\\\/\",\"url\":\"https:\\\/\\\/tajkertesz.com\\\/termek\\\/lonicera-nitida-maigrun\\\/\",\"name\":\"Lonicera nitida 'Maigr\u00fcn' - \u00d6r\u00f6kz\u00f6ld mirtuszlonc - T\u00e1jkert\u00e9sz\",\"isPartOf\":{\"@id\":\"https:\\\/\\\/tajkertesz.com\\\/#website\"},\"primaryImageOfPage\":{\"@id\":\"https:\\\/\\\/tajkertesz.com\\\/termek\\\/lonicera-nitida-maigrun\\\/#primaryimage\"},\"image\":{\"@id\":\"https:\\\/\\\/tajkertesz.com\\\/termek\\\/lonicera-nitida-maigrun\\\/#primaryimage\"},\"thumbnailUrl\":\"https:\\\/\\\/tajkertesz.com\\\/wp-content\\\/uploads\\\/2020\\\/03\\\/IMG_20211014_101130.jpg\",\"datePublished\":\"2025-04-09T09:48:03+00:00\",\"dateModified\":\"2025-04-09T14:36:33+00:00\",\"description\":\"A Lonicera nitida 'Maigr\u00fcn' - \u00d6r\u00f6kz\u00f6ld mirtuszlonc kifejlett \u00e1llapot\u00e1ban 50-70 cm magas elter\u00fcl\u0151 n\u00f6veked\u00e9s\u0171 \u00f6r\u00f6kz\u00f6ld cserje.\",\"breadcrumb\":{\"@id\":\"https:\\\/\\\/tajkertesz.com\\\/termek\\\/lonicera-nitida-maigrun\\\/#breadcrumb\"},\"inLanguage\":\"en-US\",\"potentialAction\":[{\"@type\":\"ReadAction\",\"target\":[\"https:\\\/\\\/tajkertesz.com\\\/termek\\\/lonicera-nitida-maigrun\\\/\"]}]},{\"@type\":\"ImageObject\",\"inLanguage\":\"en-US\",\"@id\":\"https:\\\/\\\/tajkertesz.com\\\/termek\\\/lonicera-nitida-maigrun\\\/#primaryimage\",\"url\":\"https:\\\/\\\/tajkertesz.com\\\/wp-content\\\/uploads\\\/2020\\\/03\\\/IMG_20211014_101130.jpg\",\"contentUrl\":\"https:\\\/\\\/tajkertesz.com\\\/wp-content\\\/uploads\\\/2020\\\/03\\\/IMG_20211014_101130.jpg\",\"width\":450,\"height\":600,\"caption\":\"Lonicera nitida 'Maigr\u00fcn' - \u00d6r\u00f6kz\u00f6ld mirtuszlonc\"},{\"@type\":\"BreadcrumbList\",\"@id\":\"https:\\\/\\\/tajkertesz.com\\\/termek\\\/lonicera-nitida-maigrun\\\/#breadcrumb\",\"itemListElement\":[{\"@type\":\"ListItem\",\"position\":1,\"name\":\"Home\",\"item\":\"https:\\\/\\\/tajkertesz.com\\\/\"},{\"@type\":\"ListItem\",\"position\":2,\"name\":\"Kezd\u0151lap\",\"item\":\"https:\\\/\\\/tajkertesz.com\\\/\"},{\"@type\":\"ListItem\",\"position\":3,\"name\":\"Lonicera nitida &#8216;Maigr\u00fcn&#8217; &#8211; \u00d6r\u00f6kz\u00f6ld mirtuszlonc\"}]},{\"@type\":\"WebSite\",\"@id\":\"https:\\\/\\\/tajkertesz.com\\\/#website\",\"url\":\"https:\\\/\\\/tajkertesz.com\\\/\",\"name\":\"T\u00e1j-Kert\u00e9sz 84 Kft.\",\"description\":\"Kert\u00e9szeti kis- \u00e9s nagykeresked\u00e9s, D\u00edszn\u00f6v\u00e9ny web\u00e1ruh\u00e1z orsz\u00e1gos h\u00e1zhozsz\u00e1ll\u00edt\u00e1ssal!\",\"publisher\":{\"@id\":\"https:\\\/\\\/tajkertesz.com\\\/#organization\"},\"potentialAction\":[{\"@type\":\"SearchAction\",\"target\":{\"@type\":\"EntryPoint\",\"urlTemplate\":\"https:\\\/\\\/tajkertesz.com\\\/?s={search_term_string}\"},\"query-input\":{\"@type\":\"PropertyValueSpecification\",\"valueRequired\":true,\"valueName\":\"search_term_string\"}}],\"inLanguage\":\"en-US\"},{\"@type\":\"Organization\",\"@id\":\"https:\\\/\\\/tajkertesz.com\\\/#organization\",\"name\":\"T\u00e1j-Kert\u00e9sz 84 Kft.\",\"url\":\"https:\\\/\\\/tajkertesz.com\\\/\",\"logo\":{\"@type\":\"ImageObject\",\"inLanguage\":\"en-US\",\"@id\":\"https:\\\/\\\/tajkertesz.com\\\/#\\\/schema\\\/logo\\\/image\\\/\",\"url\":\"https:\\\/\\\/tajkertesz.com\\\/wp-content\\\/uploads\\\/2018\\\/02\\\/logo-2-e1518678052539.png\",\"contentUrl\":\"https:\\\/\\\/tajkertesz.com\\\/wp-content\\\/uploads\\\/2018\\\/02\\\/logo-2-e1518678052539.png\",\"width\":81,\"height\":140,\"caption\":\"T\u00e1j-Kert\u00e9sz 84 Kft.\"},\"image\":{\"@id\":\"https:\\\/\\\/tajkertesz.com\\\/#\\\/schema\\\/logo\\\/image\\\/\"},\"sameAs\":[\"https:\\\/\\\/www.facebook.com\\\/Tajkertesz\\\/\"]}]}<\/script>\n<!-- \/ Yoast SEO plugin. -->","yoast_head_json":{"title":"Lonicera nitida 'Maigr\u00fcn' - \u00d6r\u00f6kz\u00f6ld mirtuszlonc - T\u00e1jkert\u00e9sz","description":"A Lonicera nitida 'Maigr\u00fcn' - \u00d6r\u00f6kz\u00f6ld mirtuszlonc kifejlett \u00e1llapot\u00e1ban 50-70 cm magas elter\u00fcl\u0151 n\u00f6veked\u00e9s\u0171 \u00f6r\u00f6kz\u00f6ld cserje.","robots":{"index":"index","follow":"follow","max-snippet":"max-snippet:-1","max-image-preview":"max-image-preview:large","max-video-preview":"max-video-preview:-1"},"canonical":"https:\/\/tajkertesz.com\/en_US\/product\/lonicera-nitida-maigrun\/","og_locale":"en_US","og_type":"article","og_title":"Lonicera nitida 'Maigr\u00fcn' - \u00d6r\u00f6kz\u00f6ld mirtuszlonc - T\u00e1jkert\u00e9sz","og_description":"A Lonicera nitida 'Maigr\u00fcn' - \u00d6r\u00f6kz\u00f6ld mirtuszlonc kifejlett \u00e1llapot\u00e1ban 50-70 cm magas elter\u00fcl\u0151 n\u00f6veked\u00e9s\u0171 \u00f6r\u00f6kz\u00f6ld cserje.","og_url":"https:\/\/tajkertesz.com\/en_US\/product\/lonicera-nitida-maigrun\/","og_site_name":"T\u00e1jkert\u00e9sz","article_publisher":"https:\/\/www.facebook.com\/Tajkertesz\/","article_modified_time":"2025-04-09T14:36:33+00:00","og_image":[{"width":450,"height":600,"url":"https:\/\/tajkertesz.com\/wp-content\/uploads\/2020\/03\/IMG_20211014_101130.jpg","type":"image\/jpeg"}],"twitter_card":"summary_large_image","twitter_misc":{"Est. reading time":"2 minutes"},"schema":{"@context":"https:\/\/schema.org","@graph":[{"@type":"WebPage","@id":"https:\/\/tajkertesz.com\/termek\/lonicera-nitida-maigrun\/","url":"https:\/\/tajkertesz.com\/termek\/lonicera-nitida-maigrun\/","name":"Lonicera nitida 'Maigr\u00fcn' - \u00d6r\u00f6kz\u00f6ld mirtuszlonc - T\u00e1jkert\u00e9sz","isPartOf":{"@id":"https:\/\/tajkertesz.com\/#website"},"primaryImageOfPage":{"@id":"https:\/\/tajkertesz.com\/termek\/lonicera-nitida-maigrun\/#primaryimage"},"image":{"@id":"https:\/\/tajkertesz.com\/termek\/lonicera-nitida-maigrun\/#primaryimage"},"thumbnailUrl":"https:\/\/tajkertesz.com\/wp-content\/uploads\/2020\/03\/IMG_20211014_101130.jpg","datePublished":"2025-04-09T09:48:03+00:00","dateModified":"2025-04-09T14:36:33+00:00","description":"A Lonicera nitida 'Maigr\u00fcn' - \u00d6r\u00f6kz\u00f6ld mirtuszlonc kifejlett \u00e1llapot\u00e1ban 50-70 cm magas elter\u00fcl\u0151 n\u00f6veked\u00e9s\u0171 \u00f6r\u00f6kz\u00f6ld cserje.","breadcrumb":{"@id":"https:\/\/tajkertesz.com\/termek\/lonicera-nitida-maigrun\/#breadcrumb"},"inLanguage":"en-US","potentialAction":[{"@type":"ReadAction","target":["https:\/\/tajkertesz.com\/termek\/lonicera-nitida-maigrun\/"]}]},{"@type":"ImageObject","inLanguage":"en-US","@id":"https:\/\/tajkertesz.com\/termek\/lonicera-nitida-maigrun\/#primaryimage","url":"https:\/\/tajkertesz.com\/wp-content\/uploads\/2020\/03\/IMG_20211014_101130.jpg","contentUrl":"https:\/\/tajkertesz.com\/wp-content\/uploads\/2020\/03\/IMG_20211014_101130.jpg","width":450,"height":600,"caption":"Lonicera nitida 'Maigr\u00fcn' - \u00d6r\u00f6kz\u00f6ld mirtuszlonc"},{"@type":"BreadcrumbList","@id":"https:\/\/tajkertesz.com\/termek\/lonicera-nitida-maigrun\/#breadcrumb","itemListElement":[{"@type":"ListItem","position":1,"name":"Home","item":"https:\/\/tajkertesz.com\/"},{"@type":"ListItem","position":2,"name":"Kezd\u0151lap","item":"https:\/\/tajkertesz.com\/"},{"@type":"ListItem","position":3,"name":"Lonicera nitida &#8216;Maigr\u00fcn&#8217; &#8211; \u00d6r\u00f6kz\u00f6ld mirtuszlonc"}]},{"@type":"WebSite","@id":"https:\/\/tajkertesz.com\/#website","url":"https:\/\/tajkertesz.com\/","name":"T\u00e1j-Kert\u00e9sz 84 Kft.","description":"Kert\u00e9szeti kis- \u00e9s nagykeresked\u00e9s, D\u00edszn\u00f6v\u00e9ny web\u00e1ruh\u00e1z orsz\u00e1gos h\u00e1zhozsz\u00e1ll\u00edt\u00e1ssal!","publisher":{"@id":"https:\/\/tajkertesz.com\/#organization"},"potentialAction":[{"@type":"SearchAction","target":{"@type":"EntryPoint","urlTemplate":"https:\/\/tajkertesz.com\/?s={search_term_string}"},"query-input":{"@type":"PropertyValueSpecification","valueRequired":true,"valueName":"search_term_string"}}],"inLanguage":"en-US"},{"@type":"Organization","@id":"https:\/\/tajkertesz.com\/#organization","name":"T\u00e1j-Kert\u00e9sz 84 Kft.","url":"https:\/\/tajkertesz.com\/","logo":{"@type":"ImageObject","inLanguage":"en-US","@id":"https:\/\/tajkertesz.com\/#\/schema\/logo\/image\/","url":"https:\/\/tajkertesz.com\/wp-content\/uploads\/2018\/02\/logo-2-e1518678052539.png","contentUrl":"https:\/\/tajkertesz.com\/wp-content\/uploads\/2018\/02\/logo-2-e1518678052539.png","width":81,"height":140,"caption":"T\u00e1j-Kert\u00e9sz 84 Kft."},"image":{"@id":"https:\/\/tajkertesz.com\/#\/schema\/logo\/image\/"},"sameAs":["https:\/\/www.facebook.com\/Tajkertesz\/"]}]}},"_links":{"self":[{"href":"https:\/\/tajkertesz.com\/en_US\/wp-json\/wp\/v2\/product\/1380","targetHints":{"allow":["GET"]}}],"collection":[{"href":"https:\/\/tajkertesz.com\/en_US\/wp-json\/wp\/v2\/product"}],"about":[{"href":"https:\/\/tajkertesz.com\/en_US\/wp-json\/wp\/v2\/types\/product"}],"wp:featuredmedia":[{"embeddable":true,"href":"https:\/\/tajkertesz.com\/en_US\/wp-json\/wp\/v2\/media\/10455"}],"wp:attachment":[{"href":"https:\/\/tajkertesz.com\/en_US\/wp-json\/wp\/v2\/media?parent=1380"}],"wp:term":[{"taxonomy":"product_brand","embeddable":true,"href":"https:\/\/tajkertesz.com\/en_US\/wp-json\/wp\/v2\/product_brand?post=1380"},{"taxonomy":"product_cat","embeddable":true,"href":"https:\/\/tajkertesz.com\/en_US\/wp-json\/wp\/v2\/product_cat?post=1380"},{"taxonomy":"product_tag","embeddable":true,"href":"https:\/\/tajkertesz.com\/en_US\/wp-json\/wp\/v2\/product_tag?post=1380"}],"curies":[{"name":"wp","href":"https:\/\/api.w.org\/{rel}","templated":true}]}}