{"id":13805,"date":"2022-10-18T12:22:47","date_gmt":"2022-10-18T12:22:47","guid":{"rendered":"https:\/\/tajkertesz.com\/?post_type=product&#038;p=13805"},"modified":"2025-03-29T15:55:15","modified_gmt":"2025-03-29T15:55:15","slug":"prunus-cerasifera-woodii-verszilva-2","status":"publish","type":"product","link":"https:\/\/tajkertesz.com\/en_US\/product\/prunus-cerasifera-woodii-verszilva-2\/","title":{"rendered":"Prunus cerasifera &#8216;Woodii&#8217;-V\u00e9rszilva"},"content":{"rendered":"<h3>Prunus cerasifera &#8216;Woodii&#8217; -V\u00e9rszilva<\/h3>\n<p>&nbsp;<\/p>\n<p>Prunus cerasifera &#8216;Woodii&#8217;-V\u00e9rszilva ,tereb\u00e9lyes, s\u0171r\u0171 \u00e1grendszer\u0171, 5-8 m magas, 3-4 m sz\u00e9les g\u00f6mb lombkoron\u00e1j\u00fa, lombhullat\u00f3, kism\u00e9ret\u0171 fa. Levele s\u00f6t\u00e9t bord\u00f3, lombhull\u00e1sig tartja a sz\u00edn\u00e9t. Vir\u00e1ga r\u00f3zsasz\u00edn sz\u00edn\u0171, mely \u00e1prilisban ny\u00edlik, de f\u0151 d\u00edsz\u00edt\u0151je a levele.<\/p>\n<p>Term\u00e9s 2-3 cm-es, g\u00f6mb\u00f6ly\u0171, s\u00f6t\u00e9tv\u00f6r\u00f6s, ehet\u0151 szilva. Sz\u00e9les t\u0171r\u0151k\u00e9pess\u00e9g\u0171, de kedveli a term\u00e9keny, nedvesebb talajokat. A savast\u00f3l a l\u00fagos talajig mindent elvisel. A ny\u00e1ri sz\u00e1razs\u00e1got is. A f\u00e9l\u00e1rny\u00e9kot t\u0171ri, de csak teljes napf\u00e9nyen marad meg s\u00f6t\u00e9tv\u00f6r\u00f6s lombsz\u00edne. Fagyt\u0171r\u0151.<\/p>\n<p>&nbsp;<\/p>\n<h3 style=\"line-height: 18.0pt; background: white; margin: 0cm 0cm 15.0pt 0cm;\"><span style=\"font-family: 'Ubuntu',serif; color: black;\">Jelen term\u00e9k\u00fcnk 7,5 literes cser\u00e9pben 120\/150 cm magas.<\/span><\/h3>\n<p>El\u00e9rhet\u0151 t\u00f6bbf\u00e9le m\u00e9retben \u00e9s \u00e1rban.<\/p>\n<p><strong>K\u00e9szlet\u00fcnk napi szinten v\u00e1ltozik, ez\u00e9rt k\u00e9rj\u00fck, \u00e9rdekl\u0151dj\u00f6n szem\u00e9lyesen, telefonon vagy email-en.<br \/>\nA v\u00e1ltoztat\u00e1s jog\u00e1t fenntartjuk!\u00a0<\/strong><\/p>\n<p>&nbsp;<\/p>\n<p><a href=\"https:\/\/tajkertesz.com\/\">https:\/\/tajkertesz.com\/<\/a><\/p>\n<p><a href=\"https:\/\/www.facebook.com\/tajkertesz\/\">https:\/\/www.facebook.com\/tajkertesz\/<\/a><\/p>\n<p>Kisz\u00e1ll\u00edt\u00e1s: 200cm-ig \u00a0\u00e9s 40 kg-ig a sz\u00e1ll\u00edt\u00e1s fut\u00e1rszolg\u00e1lattal \u00a0t\u00f6rt\u00e9nik.<\/p>\n<p>Szem\u00e9lyes \u00e1tv\u00e9tel nyitvatart\u00e1si id\u0151ben a 17. ker\u00fclet Bakancsos utca 7. sz\u00e1m alatti Kert\u00e9szeti \u00e1rud\u00e1ban.<\/p>\n<h6><span style=\"color: #ffffff;\">Prunus cerasifera &#8216;Woodii&#8217;-V\u00e9rszilva ,tereb\u00e9lyes, s\u0171r\u0171 \u00e1grendszer\u0171, 5-8 m magas, 3-4 m sz\u00e9les g\u00f6mb lombkoron\u00e1j\u00fa, lombhullat\u00f3, kism\u00e9ret\u0171 fa. Levele s\u00f6t\u00e9t bord\u00f3, lombhull\u00e1sig tartja a sz\u00edn\u00e9t. Vir\u00e1ga r\u00f3zsasz\u00edn sz\u00edn\u0171, mely \u00e1prilisban ny\u00edlik, de f\u0151 d\u00edsz\u00edt\u0151je a levele.\u00a0Term\u00e9s 2-3 cm-es, g\u00f6mb\u00f6ly\u0171, s\u00f6t\u00e9tv\u00f6r\u00f6s, ehet\u0151 szilva. Sz\u00e9les t\u0171r\u0151k\u00e9pess\u00e9g\u0171, de kedveli a term\u00e9keny, nedvesebb talajokat. A savast\u00f3l a l\u00fagos talajig mindent elvisel. A ny\u00e1ri sz\u00e1razs\u00e1got is. A f\u00e9l\u00e1rny\u00e9kot t\u0171ri, de csak teljes napf\u00e9nyen marad meg s\u00f6t\u00e9tv\u00f6r\u00f6s lombsz\u00edne. Fagyt\u0171r\u0151.\u00a0Prunus cerasifera &#8216;Woodii&#8217;-V\u00e9rszilva ,tereb\u00e9lyes, s\u0171r\u0171 \u00e1grendszer\u0171, 5-8 m magas, 3-4 m sz\u00e9les g\u00f6mb lombkoron\u00e1j\u00fa, lombhullat\u00f3, kism\u00e9ret\u0171 fa. Levele s\u00f6t\u00e9t bord\u00f3, lombhull\u00e1sig tartja a sz\u00edn\u00e9t. Vir\u00e1ga r\u00f3zsasz\u00edn sz\u00edn\u0171, mely \u00e1prilisban ny\u00edlik, de f\u0151 d\u00edsz\u00edt\u0151je a levele.\u00a0Term\u00e9s 2-3 cm-es, g\u00f6mb\u00f6ly\u0171, s\u00f6t\u00e9tv\u00f6r\u00f6s, ehet\u0151 szilva. Sz\u00e9les t\u0171r\u0151k\u00e9pess\u00e9g\u0171, de kedveli a term\u00e9keny, nedvesebb talajokat. A savast\u00f3l a l\u00fagos talajig mindent elvisel. A ny\u00e1ri sz\u00e1razs\u00e1got is. A f\u00e9l\u00e1rny\u00e9kot t\u0171ri, de csak teljes napf\u00e9nyen marad meg s\u00f6t\u00e9tv\u00f6r\u00f6s lombsz\u00edne. Fagyt\u0171r\u0151.<\/span><\/h6>\n<h6><span style=\"color: #ffffff;\">aznak .<\/span><\/h6>","protected":false},"excerpt":{"rendered":"<p>Prunus cerasifera &#8216;Woodii&#8217;-V\u00e9rszilva ,tereb\u00e9lyes, s\u0171r\u0171 \u00e1grendszer\u0171, 5-8 m magas, 3-4 m sz\u00e9les g\u00f6mb lombkoron\u00e1j\u00fa, lombhullat\u00f3, kism\u00e9ret\u0171 fa. Levele s\u00f6t\u00e9t bord\u00f3, lombhull\u00e1sig tartja a sz\u00edn\u00e9t. Vir\u00e1ga r\u00f3zsasz\u00edn sz\u00edn\u0171, mely \u00e1prilisban ny\u00edlik, de f\u0151 d\u00edsz\u00edt\u0151je a levele.<\/p>\n<h3 style=\"line-height: 18.0pt; background: white; margin: 0cm 0cm 15.0pt 0cm;\"><span style=\"font-family: 'Ubuntu',serif; color: black;\">Jelen term\u00e9k\u00fcnk 7,5 literes cser\u00e9pben 120\/150 cm magas.<\/span><\/h3>","protected":false},"featured_media":8073,"template":"","meta":{"_et_pb_use_builder":"","_et_pb_old_content":"","_et_gb_content_width":""},"product_brand":[],"product_cat":[28],"product_tag":[2355,4008],"class_list":{"0":"post-13805","1":"product","2":"type-product","3":"status-publish","4":"has-post-thumbnail","6":"product_cat-diszfak","7":"product_tag-prunus-cerasifera-woodii-verszilva","8":"product_tag-verszilva","10":"first","11":"outofstock","12":"shipping-taxable","13":"purchasable","14":"product-type-simple"},"yoast_head":"<!-- This site is optimized with the Yoast SEO plugin v27.3 - https:\/\/yoast.com\/product\/yoast-seo-wordpress\/ -->\n<title>Prunus cerasifera &#039;Woodii&#039;-V\u00e9rszilva - T\u00e1jkert\u00e9sz<\/title>\n<meta name=\"description\" content=\"Prunus cerasifera &#039;Woodii&#039;-V\u00e9rszilva ,tereb\u00e9lyes, s\u0171r\u0171 \u00e1grendszer\u0171, 5-8 m magas, 3-4 m sz\u00e9les g\u00f6mb lombkoron\u00e1j\u00fa, lombhullat\u00f3, kism\u00e9ret\u0171 fa.\" \/>\n<meta name=\"robots\" content=\"index, follow, max-snippet:-1, max-image-preview:large, max-video-preview:-1\" \/>\n<link rel=\"canonical\" href=\"https:\/\/tajkertesz.com\/en_US\/product\/prunus-cerasifera-woodii-verszilva-2\/\" \/>\n<meta property=\"og:locale\" content=\"en_US\" \/>\n<meta property=\"og:type\" content=\"article\" \/>\n<meta property=\"og:title\" content=\"Prunus cerasifera &#039;Woodii&#039;-V\u00e9rszilva - T\u00e1jkert\u00e9sz\" \/>\n<meta property=\"og:description\" content=\"Prunus cerasifera &#039;Woodii&#039;-V\u00e9rszilva ,tereb\u00e9lyes, s\u0171r\u0171 \u00e1grendszer\u0171, 5-8 m magas, 3-4 m sz\u00e9les g\u00f6mb lombkoron\u00e1j\u00fa, lombhullat\u00f3, kism\u00e9ret\u0171 fa.\" \/>\n<meta property=\"og:url\" content=\"https:\/\/tajkertesz.com\/en_US\/product\/prunus-cerasifera-woodii-verszilva-2\/\" \/>\n<meta property=\"og:site_name\" content=\"T\u00e1jkert\u00e9sz\" \/>\n<meta property=\"article:publisher\" content=\"https:\/\/www.facebook.com\/Tajkertesz\/\" \/>\n<meta property=\"article:modified_time\" content=\"2025-03-29T15:55:15+00:00\" \/>\n<meta property=\"og:image\" content=\"https:\/\/tajkertesz.com\/wp-content\/uploads\/2021\/08\/kirschpflaume_prunus_cerasifera_woodii_-scaled.jpg\" \/>\n\t<meta property=\"og:image:width\" content=\"2560\" \/>\n\t<meta property=\"og:image:height\" content=\"2560\" \/>\n\t<meta property=\"og:image:type\" content=\"image\/jpeg\" \/>\n<meta name=\"twitter:card\" content=\"summary_large_image\" \/>\n<meta name=\"twitter:label1\" content=\"Est. reading time\" \/>\n\t<meta name=\"twitter:data1\" content=\"2 minutes\" \/>\n<script type=\"application\/ld+json\" class=\"yoast-schema-graph\">{\"@context\":\"https:\\\/\\\/schema.org\",\"@graph\":[{\"@type\":\"WebPage\",\"@id\":\"https:\\\/\\\/tajkertesz.com\\\/termek\\\/prunus-cerasifera-woodii-verszilva-2\\\/\",\"url\":\"https:\\\/\\\/tajkertesz.com\\\/termek\\\/prunus-cerasifera-woodii-verszilva-2\\\/\",\"name\":\"Prunus cerasifera 'Woodii'-V\u00e9rszilva - T\u00e1jkert\u00e9sz\",\"isPartOf\":{\"@id\":\"https:\\\/\\\/tajkertesz.com\\\/#website\"},\"primaryImageOfPage\":{\"@id\":\"https:\\\/\\\/tajkertesz.com\\\/termek\\\/prunus-cerasifera-woodii-verszilva-2\\\/#primaryimage\"},\"image\":{\"@id\":\"https:\\\/\\\/tajkertesz.com\\\/termek\\\/prunus-cerasifera-woodii-verszilva-2\\\/#primaryimage\"},\"thumbnailUrl\":\"https:\\\/\\\/tajkertesz.com\\\/wp-content\\\/uploads\\\/2021\\\/08\\\/kirschpflaume_prunus_cerasifera_woodii_-scaled.jpg\",\"datePublished\":\"2022-10-18T12:22:47+00:00\",\"dateModified\":\"2025-03-29T15:55:15+00:00\",\"description\":\"Prunus cerasifera 'Woodii'-V\u00e9rszilva ,tereb\u00e9lyes, s\u0171r\u0171 \u00e1grendszer\u0171, 5-8 m magas, 3-4 m sz\u00e9les g\u00f6mb lombkoron\u00e1j\u00fa, lombhullat\u00f3, kism\u00e9ret\u0171 fa.\",\"breadcrumb\":{\"@id\":\"https:\\\/\\\/tajkertesz.com\\\/termek\\\/prunus-cerasifera-woodii-verszilva-2\\\/#breadcrumb\"},\"inLanguage\":\"en-US\",\"potentialAction\":[{\"@type\":\"ReadAction\",\"target\":[\"https:\\\/\\\/tajkertesz.com\\\/termek\\\/prunus-cerasifera-woodii-verszilva-2\\\/\"]}]},{\"@type\":\"ImageObject\",\"inLanguage\":\"en-US\",\"@id\":\"https:\\\/\\\/tajkertesz.com\\\/termek\\\/prunus-cerasifera-woodii-verszilva-2\\\/#primaryimage\",\"url\":\"https:\\\/\\\/tajkertesz.com\\\/wp-content\\\/uploads\\\/2021\\\/08\\\/kirschpflaume_prunus_cerasifera_woodii_-scaled.jpg\",\"contentUrl\":\"https:\\\/\\\/tajkertesz.com\\\/wp-content\\\/uploads\\\/2021\\\/08\\\/kirschpflaume_prunus_cerasifera_woodii_-scaled.jpg\",\"width\":2560,\"height\":2560,\"caption\":\"Prunus cerasifera 'Woodii' - V\u00e9rszilva\"},{\"@type\":\"BreadcrumbList\",\"@id\":\"https:\\\/\\\/tajkertesz.com\\\/termek\\\/prunus-cerasifera-woodii-verszilva-2\\\/#breadcrumb\",\"itemListElement\":[{\"@type\":\"ListItem\",\"position\":1,\"name\":\"Home\",\"item\":\"https:\\\/\\\/tajkertesz.com\\\/\"},{\"@type\":\"ListItem\",\"position\":2,\"name\":\"Kezd\u0151lap\",\"item\":\"https:\\\/\\\/tajkertesz.com\\\/\"},{\"@type\":\"ListItem\",\"position\":3,\"name\":\"Prunus cerasifera &#8216;Woodii&#8217;-V\u00e9rszilva\"}]},{\"@type\":\"WebSite\",\"@id\":\"https:\\\/\\\/tajkertesz.com\\\/#website\",\"url\":\"https:\\\/\\\/tajkertesz.com\\\/\",\"name\":\"T\u00e1j-Kert\u00e9sz 84 Kft.\",\"description\":\"Kert\u00e9szeti kis- \u00e9s nagykeresked\u00e9s, D\u00edszn\u00f6v\u00e9ny web\u00e1ruh\u00e1z orsz\u00e1gos h\u00e1zhozsz\u00e1ll\u00edt\u00e1ssal!\",\"publisher\":{\"@id\":\"https:\\\/\\\/tajkertesz.com\\\/#organization\"},\"potentialAction\":[{\"@type\":\"SearchAction\",\"target\":{\"@type\":\"EntryPoint\",\"urlTemplate\":\"https:\\\/\\\/tajkertesz.com\\\/?s={search_term_string}\"},\"query-input\":{\"@type\":\"PropertyValueSpecification\",\"valueRequired\":true,\"valueName\":\"search_term_string\"}}],\"inLanguage\":\"en-US\"},{\"@type\":\"Organization\",\"@id\":\"https:\\\/\\\/tajkertesz.com\\\/#organization\",\"name\":\"T\u00e1j-Kert\u00e9sz 84 Kft.\",\"url\":\"https:\\\/\\\/tajkertesz.com\\\/\",\"logo\":{\"@type\":\"ImageObject\",\"inLanguage\":\"en-US\",\"@id\":\"https:\\\/\\\/tajkertesz.com\\\/#\\\/schema\\\/logo\\\/image\\\/\",\"url\":\"https:\\\/\\\/tajkertesz.com\\\/wp-content\\\/uploads\\\/2018\\\/02\\\/logo-2-e1518678052539.png\",\"contentUrl\":\"https:\\\/\\\/tajkertesz.com\\\/wp-content\\\/uploads\\\/2018\\\/02\\\/logo-2-e1518678052539.png\",\"width\":81,\"height\":140,\"caption\":\"T\u00e1j-Kert\u00e9sz 84 Kft.\"},\"image\":{\"@id\":\"https:\\\/\\\/tajkertesz.com\\\/#\\\/schema\\\/logo\\\/image\\\/\"},\"sameAs\":[\"https:\\\/\\\/www.facebook.com\\\/Tajkertesz\\\/\"]}]}<\/script>\n<!-- \/ Yoast SEO plugin. -->","yoast_head_json":{"title":"Prunus cerasifera 'Woodii'-V\u00e9rszilva - T\u00e1jkert\u00e9sz","description":"Prunus cerasifera 'Woodii'-V\u00e9rszilva ,tereb\u00e9lyes, s\u0171r\u0171 \u00e1grendszer\u0171, 5-8 m magas, 3-4 m sz\u00e9les g\u00f6mb lombkoron\u00e1j\u00fa, lombhullat\u00f3, kism\u00e9ret\u0171 fa.","robots":{"index":"index","follow":"follow","max-snippet":"max-snippet:-1","max-image-preview":"max-image-preview:large","max-video-preview":"max-video-preview:-1"},"canonical":"https:\/\/tajkertesz.com\/en_US\/product\/prunus-cerasifera-woodii-verszilva-2\/","og_locale":"en_US","og_type":"article","og_title":"Prunus cerasifera 'Woodii'-V\u00e9rszilva - T\u00e1jkert\u00e9sz","og_description":"Prunus cerasifera 'Woodii'-V\u00e9rszilva ,tereb\u00e9lyes, s\u0171r\u0171 \u00e1grendszer\u0171, 5-8 m magas, 3-4 m sz\u00e9les g\u00f6mb lombkoron\u00e1j\u00fa, lombhullat\u00f3, kism\u00e9ret\u0171 fa.","og_url":"https:\/\/tajkertesz.com\/en_US\/product\/prunus-cerasifera-woodii-verszilva-2\/","og_site_name":"T\u00e1jkert\u00e9sz","article_publisher":"https:\/\/www.facebook.com\/Tajkertesz\/","article_modified_time":"2025-03-29T15:55:15+00:00","og_image":[{"width":2560,"height":2560,"url":"https:\/\/tajkertesz.com\/wp-content\/uploads\/2021\/08\/kirschpflaume_prunus_cerasifera_woodii_-scaled.jpg","type":"image\/jpeg"}],"twitter_card":"summary_large_image","twitter_misc":{"Est. reading time":"2 minutes"},"schema":{"@context":"https:\/\/schema.org","@graph":[{"@type":"WebPage","@id":"https:\/\/tajkertesz.com\/termek\/prunus-cerasifera-woodii-verszilva-2\/","url":"https:\/\/tajkertesz.com\/termek\/prunus-cerasifera-woodii-verszilva-2\/","name":"Prunus cerasifera 'Woodii'-V\u00e9rszilva - T\u00e1jkert\u00e9sz","isPartOf":{"@id":"https:\/\/tajkertesz.com\/#website"},"primaryImageOfPage":{"@id":"https:\/\/tajkertesz.com\/termek\/prunus-cerasifera-woodii-verszilva-2\/#primaryimage"},"image":{"@id":"https:\/\/tajkertesz.com\/termek\/prunus-cerasifera-woodii-verszilva-2\/#primaryimage"},"thumbnailUrl":"https:\/\/tajkertesz.com\/wp-content\/uploads\/2021\/08\/kirschpflaume_prunus_cerasifera_woodii_-scaled.jpg","datePublished":"2022-10-18T12:22:47+00:00","dateModified":"2025-03-29T15:55:15+00:00","description":"Prunus cerasifera 'Woodii'-V\u00e9rszilva ,tereb\u00e9lyes, s\u0171r\u0171 \u00e1grendszer\u0171, 5-8 m magas, 3-4 m sz\u00e9les g\u00f6mb lombkoron\u00e1j\u00fa, lombhullat\u00f3, kism\u00e9ret\u0171 fa.","breadcrumb":{"@id":"https:\/\/tajkertesz.com\/termek\/prunus-cerasifera-woodii-verszilva-2\/#breadcrumb"},"inLanguage":"en-US","potentialAction":[{"@type":"ReadAction","target":["https:\/\/tajkertesz.com\/termek\/prunus-cerasifera-woodii-verszilva-2\/"]}]},{"@type":"ImageObject","inLanguage":"en-US","@id":"https:\/\/tajkertesz.com\/termek\/prunus-cerasifera-woodii-verszilva-2\/#primaryimage","url":"https:\/\/tajkertesz.com\/wp-content\/uploads\/2021\/08\/kirschpflaume_prunus_cerasifera_woodii_-scaled.jpg","contentUrl":"https:\/\/tajkertesz.com\/wp-content\/uploads\/2021\/08\/kirschpflaume_prunus_cerasifera_woodii_-scaled.jpg","width":2560,"height":2560,"caption":"Prunus cerasifera 'Woodii' - V\u00e9rszilva"},{"@type":"BreadcrumbList","@id":"https:\/\/tajkertesz.com\/termek\/prunus-cerasifera-woodii-verszilva-2\/#breadcrumb","itemListElement":[{"@type":"ListItem","position":1,"name":"Home","item":"https:\/\/tajkertesz.com\/"},{"@type":"ListItem","position":2,"name":"Kezd\u0151lap","item":"https:\/\/tajkertesz.com\/"},{"@type":"ListItem","position":3,"name":"Prunus cerasifera &#8216;Woodii&#8217;-V\u00e9rszilva"}]},{"@type":"WebSite","@id":"https:\/\/tajkertesz.com\/#website","url":"https:\/\/tajkertesz.com\/","name":"T\u00e1j-Kert\u00e9sz 84 Kft.","description":"Kert\u00e9szeti kis- \u00e9s nagykeresked\u00e9s, D\u00edszn\u00f6v\u00e9ny web\u00e1ruh\u00e1z orsz\u00e1gos h\u00e1zhozsz\u00e1ll\u00edt\u00e1ssal!","publisher":{"@id":"https:\/\/tajkertesz.com\/#organization"},"potentialAction":[{"@type":"SearchAction","target":{"@type":"EntryPoint","urlTemplate":"https:\/\/tajkertesz.com\/?s={search_term_string}"},"query-input":{"@type":"PropertyValueSpecification","valueRequired":true,"valueName":"search_term_string"}}],"inLanguage":"en-US"},{"@type":"Organization","@id":"https:\/\/tajkertesz.com\/#organization","name":"T\u00e1j-Kert\u00e9sz 84 Kft.","url":"https:\/\/tajkertesz.com\/","logo":{"@type":"ImageObject","inLanguage":"en-US","@id":"https:\/\/tajkertesz.com\/#\/schema\/logo\/image\/","url":"https:\/\/tajkertesz.com\/wp-content\/uploads\/2018\/02\/logo-2-e1518678052539.png","contentUrl":"https:\/\/tajkertesz.com\/wp-content\/uploads\/2018\/02\/logo-2-e1518678052539.png","width":81,"height":140,"caption":"T\u00e1j-Kert\u00e9sz 84 Kft."},"image":{"@id":"https:\/\/tajkertesz.com\/#\/schema\/logo\/image\/"},"sameAs":["https:\/\/www.facebook.com\/Tajkertesz\/"]}]}},"_links":{"self":[{"href":"https:\/\/tajkertesz.com\/en_US\/wp-json\/wp\/v2\/product\/13805","targetHints":{"allow":["GET"]}}],"collection":[{"href":"https:\/\/tajkertesz.com\/en_US\/wp-json\/wp\/v2\/product"}],"about":[{"href":"https:\/\/tajkertesz.com\/en_US\/wp-json\/wp\/v2\/types\/product"}],"wp:featuredmedia":[{"embeddable":true,"href":"https:\/\/tajkertesz.com\/en_US\/wp-json\/wp\/v2\/media\/8073"}],"wp:attachment":[{"href":"https:\/\/tajkertesz.com\/en_US\/wp-json\/wp\/v2\/media?parent=13805"}],"wp:term":[{"taxonomy":"product_brand","embeddable":true,"href":"https:\/\/tajkertesz.com\/en_US\/wp-json\/wp\/v2\/product_brand?post=13805"},{"taxonomy":"product_cat","embeddable":true,"href":"https:\/\/tajkertesz.com\/en_US\/wp-json\/wp\/v2\/product_cat?post=13805"},{"taxonomy":"product_tag","embeddable":true,"href":"https:\/\/tajkertesz.com\/en_US\/wp-json\/wp\/v2\/product_tag?post=13805"}],"curies":[{"name":"wp","href":"https:\/\/api.w.org\/{rel}","templated":true}]}}