{"id":13835,"date":"2022-10-19T14:40:28","date_gmt":"2022-10-19T14:40:28","guid":{"rendered":"https:\/\/tajkertesz.com\/?post_type=product&#038;p=13835"},"modified":"2023-12-16T08:15:30","modified_gmt":"2023-12-16T08:15:30","slug":"prunus-cerasifera-nigra-verszilva-2","status":"publish","type":"product","link":"https:\/\/tajkertesz.com\/en_US\/product\/prunus-cerasifera-nigra-verszilva-2\/","title":{"rendered":"Prunus cerasifera &#8216;Nigra&#8217; &#8211; T\u00f6rzsre oltott v\u00e9rszilva"},"content":{"rendered":"<h3 class=\"LC20lb DKV0Md\">Prunus cerasifera &#8216;Woodii&#8217; &#8211; V\u00e9rszilva<\/h3>\n<p class=\"LC20lb DKV0Md\">Prunus cerasifera &#8216;Woodii&#8217; &#8211; V\u00e9rszilva<\/p>\n<p>Nagyon sz\u00e9p s\u00f6t\u00e9t lil\u00e1s-bord\u00f3 level\u0171 d\u00edszfa, 4-5 m nagyra n\u0151. Tavasszal gy\u00f6ny\u00f6r\u0171en vir\u00e1gzik, ny\u00e1ron k\u00fcl\u00f6nleges lombsz\u00edn\u00e9vel kertek, parkok sz\u00e9p d\u00edsze.<br \/>\nKb. 3 cm \u00e1tm\u00e9r\u0151j\u0171, halv\u00e1ny\u00a0 bord\u00f3 sz\u00edn\u0171, g\u00f6mb\u00f6ly\u0171, j\u00f3\u00edz\u0171, ringl\u00f3 szer\u0171 term\u00e9seket hoz, szilv\u00e1ja ehet\u0151.<\/p>\n<p>Jelen term\u00e9k\u00fcnk 35 literes kont\u00e9nerben kaphat\u00f3. T\u00f6rzsmagass\u00e1ga 220 cm. T\u00f6rzsk\u00f6rm\u00e9rete 8\/10.<\/p>\n<p><strong>K\u00e9szlet\u00fcnk napi szinten v\u00e1ltozik, ez\u00e9rt k\u00e9rj\u00fck, \u00e9rdekl\u0151dj\u00f6n szem\u00e9lyesen, telefonon vagy email-en.<br \/>\nA v\u00e1ltoztat\u00e1s jog\u00e1t fenntartjuk!\u00a0<\/strong><\/p>\n<p>&nbsp;<\/p>\n<p><a href=\"https:\/\/tajkertesz.com\/\">https:\/\/tajkertesz.com\/<\/a><\/p>\n<p><a href=\"https:\/\/www.facebook.com\/tajkertesz\/\">https:\/\/www.facebook.com\/tajkertesz\/<\/a><\/p>\n<p>Kisz\u00e1ll\u00edt\u00e1s: 200cm-ig \u00a0\u00e9s 40 kg-ig a sz\u00e1ll\u00edt\u00e1s GLS fut\u00e1rszolg\u00e1lattal \u00a0t\u00f6rt\u00e9nik.<\/p>\n<p>Szem\u00e9lyes \u00e1tv\u00e9tel nyitvatart\u00e1si id\u0151ben a 17. ker\u00fclet Bakancsos utca 7. sz\u00e1m alatti Kert\u00e9szeti \u00e1rud\u00e1ban.<\/p>\n<h6><span style=\"color: #ffffff;\">Term\u00e9s 2-3 cm-es, g\u00f6mb\u00f6ly\u0171, s\u00f6t\u00e9tv\u00f6r\u00f6s, ehet\u0151 szilva. Sz\u00e9les t\u0171r\u0151k\u00e9pess\u00e9g\u0171, de kedveli a term\u00e9keny, nedvesebb talajokat. A savast\u00f3l a l\u00fagos talajig mindent elvisel. A ny\u00e1ri sz\u00e1razs\u00e1got is. A f\u00e9l\u00e1rny\u00e9kot t\u0171ri, de csak teljes napf\u00e9nyen marad meg s\u00f6t\u00e9tv\u00f6r\u00f6s lombsz\u00edne. Fagyt\u0171r\u0151 .Kis kertek, parkok, utc\u00e1k, utak f\u00e1ja. T\u00f6meges vir\u00e1gz\u00e1sa is d\u00edsz\u00edt, term\u00e9se viszont k\u00f6zter\u00fcleteken szemetel. A &#8222;Nigra&#8221;-t\u00f3l m\u00e9g szakemberek is nehezen k\u00fcl\u00f6nb\u00f6ztetik meg. (Hajt\u00e1sai keresztmetszete lil\u00e1sv\u00f6r\u00f6s sz\u00edn\u0171ek)\u00a0Term\u00e9s 2-3 cm-es, g\u00f6mb\u00f6ly\u0171, s\u00f6t\u00e9tv\u00f6r\u00f6s, ehet\u0151 szilva. Sz\u00e9les t\u0171r\u0151k\u00e9pess\u00e9g\u0171, de kedveli a term\u00e9keny, nedvesebb talajokat. A savast\u00f3l a l\u00fagos talajig mindent elvisel. A ny\u00e1ri sz\u00e1razs\u00e1got is. A f\u00e9l\u00e1rny\u00e9kot t\u0171ri, de csak teljes napf\u00e9nyen marad meg s\u00f6t\u00e9tv\u00f6r\u00f6s lombsz\u00edne. Fagyt\u0171r\u0151.\u00a0Kis kertek, parkok, utc\u00e1k, utak f\u00e1ja. T\u00f6meges vir\u00e1gz\u00e1sa is d\u00edsz\u00edt, term\u00e9se viszont k\u00f6zter\u00fcleteken szemetel. A &#8222;Nigra&#8221;-t\u00f3l m\u00e9g szakemberek is nehezen k\u00fcl\u00f6nb\u00f6ztetik meg. (Hajt\u00e1sai keresztmetszete lil\u00e1sv\u00f6r\u00f6s sz\u00edn\u0171ek)<\/span><\/h6>\n<p>&nbsp;<\/p>\n<p>&nbsp;<\/p>","protected":false},"excerpt":{"rendered":"<h3 class=\"LC20lb DKV0Md\">Prunus cerasifera &#8216;Woodii&#8217; &#8211; V\u00e9rszilva<\/h3>\n<p>Kont\u00e9ner m\u00e9rete: 35L.<\/p>\n<p>T\u00f6rzsmagass\u00e1ga\/olt\u00e1s magass\u00e1ga: 200\/220cm<\/p>\n<p>T\u00f6rsz m\u00e9rete: 8\/10cm<\/p>\n<p>Nagyon sz\u00e9p s\u00f6t\u00e9t lil\u00e1s-bord\u00f3 level\u0171 d\u00edszfa, 4-5 m nagyra n\u0151. Tavasszal gy\u00f6ny\u00f6r\u0171en vir\u00e1gzik, ny\u00e1ron k\u00fcl\u00f6nleges lombsz\u00edn\u00e9vel kertek, parkok sz\u00e9p d\u00edsze.<br \/>\nKb. 3 cm \u00e1tm\u00e9r\u0151j\u0171, halv\u00e1ny\u00a0 bord\u00f3 sz\u00edn\u0171, g\u00f6mb\u00f6ly\u0171, j\u00f3\u00edz\u0171, ringl\u00f3 szer\u0171 term\u00e9seket hoz, szilv\u00e1ja ehet\u0151.<\/p>\n<h2><span style=\"color: #ff0000;\"><strong>M\u00e9rete miatt postai csomagk\u00e9nt nem tudjuk elk\u00fcldeni!<\/strong><\/span><\/h2>\n<div id=\"bodyContent\" class=\"mw-body-content\">\n<div id=\"mw-content-text\" class=\"mw-content-ltr\" dir=\"ltr\" lang=\"hu\">\n<div id=\"bodyContent\" class=\"mw-body-content\">\n<div id=\"mw-content-text\" class=\"mw-content-ltr\" dir=\"ltr\" lang=\"hu\">\n<p><b>K\u00e9szlet\u00fcnk napi szinten v\u00e1ltozik, ez\u00e9rt k\u00e9rj\u00fck, \u00e9rdekl\u0151dj\u00f6n szem\u00e9lyesen, telefonon vagy email-en.<\/b><\/p>\n<p>Term\u00e9keinket szem\u00e9lyesen is \u00e1tveheti a h\u00e9t minden napj\u00e1n nyitvatart\u00e1si id\u0151ben!<\/p>\n<p>Kisz\u00e1ll\u00edt\u00e1s: 200 cm \u00e9s 40 kg-ig a sz\u00e1ll\u00edt\u00e1s fut\u00e1rszolg\u00e1lattal t\u00f6rt\u00e9nik.<\/p>\n<\/div>\n<\/div>\n<\/div>\n<\/div>\n<p><b>A v\u00e1ltoztat\u00e1s jog\u00e1t fenntartjuk!\u00a0<\/b><\/p>\n<h4><\/h4>\n<p style=\"line-height: 18.0pt; background: white; margin: 0cm 0cm 15.0pt 0cm;\">","protected":false},"featured_media":9916,"template":"","meta":{"_et_pb_use_builder":"","_et_pb_old_content":"","_et_gb_content_width":""},"product_brand":[],"product_cat":[28],"product_tag":[4013,2896,4008],"class_list":{"0":"post-13835","1":"product","2":"type-product","3":"status-publish","4":"has-post-thumbnail","6":"product_cat-diszfak","7":"product_tag-nigra","8":"product_tag-prunus-cerasifera-nigra-verszilva","9":"product_tag-verszilva","11":"first","12":"instock","13":"shipping-taxable","14":"purchasable","15":"product-type-simple"},"yoast_head":"<!-- This site is optimized with the Yoast SEO plugin v27.3 - https:\/\/yoast.com\/product\/yoast-seo-wordpress\/ -->\n<title>Prunus cerasifera &#039;Nigra&#039; - T\u00f6rzsre oltott v\u00e9rszilva - T\u00e1jkert\u00e9sz<\/title>\n<meta name=\"description\" content=\"Prunus cerasifera &#039;Nigra&#039; - V\u00e9rszilva s\u00f6t\u00e9t lil\u00e1s-bord\u00f3 level\u0171 d\u00edszfa, mely 4-5 m magas. Tavasszal gy\u00f6ny\u00f6r\u0171en vir\u00e1gzik, k\u00fcl\u00f6nleges lombsz\u00edn\u00e9vel is d\u00edsz\u00edt.\" \/>\n<meta name=\"robots\" content=\"index, follow, max-snippet:-1, max-image-preview:large, max-video-preview:-1\" \/>\n<link rel=\"canonical\" href=\"https:\/\/tajkertesz.com\/en_US\/product\/prunus-cerasifera-nigra-verszilva-2\/\" \/>\n<meta property=\"og:locale\" content=\"en_US\" \/>\n<meta property=\"og:type\" content=\"article\" \/>\n<meta property=\"og:title\" content=\"https:\/\/www.facebook.com\/tajkertesz\/\" \/>\n<meta property=\"og:description\" content=\"Prunus cerasifera &#039;Nigra&#039; - V\u00e9rszilvaNagyon sz\u00e9p s\u00f6t\u00e9t lil\u00e1s-bord\u00f3 level\u0171 d\u00edszfa, 4-5 m nagyra n\u0151. Tavasszal gy\u00f6ny\u00f6r\u0171en vir\u00e1gzik, ny\u00e1ron k\u00fcl\u00f6nleges lombsz\u00edn\u00e9vel kertek, parkok sz\u00e9p d\u00edsze.Kb. 3 cm \u00e1tm\u00e9r\u0151j\u0171, halv\u00e1ny\u00a0 bord\u00f3 sz\u00edn\u0171, g\u00f6mb\u00f6ly\u0171, j\u00f3\u00edz\u0171, ringl\u00f3 szer\u0171 term\u00e9seket hoz, szilv\u00e1ja ehet\u0151.\" \/>\n<meta property=\"og:url\" content=\"https:\/\/tajkertesz.com\/en_US\/product\/prunus-cerasifera-nigra-verszilva-2\/\" \/>\n<meta property=\"og:site_name\" content=\"T\u00e1jkert\u00e9sz\" \/>\n<meta property=\"article:publisher\" content=\"https:\/\/www.facebook.com\/Tajkertesz\/\" \/>\n<meta property=\"article:modified_time\" content=\"2023-12-16T08:15:30+00:00\" \/>\n<meta property=\"og:image\" content=\"https:\/\/tajkertesz.com\/wp-content\/uploads\/2020\/03\/Prunus-cistena-T\u00f6rpe-v\u00e9rszilva3.jpg\" \/>\n\t<meta property=\"og:image:width\" content=\"1000\" \/>\n\t<meta property=\"og:image:height\" content=\"1000\" \/>\n\t<meta property=\"og:image:type\" content=\"image\/jpeg\" \/>\n<meta name=\"twitter:card\" content=\"summary_large_image\" \/>\n<meta name=\"twitter:label1\" content=\"Est. reading time\" \/>\n\t<meta name=\"twitter:data1\" content=\"2 minutes\" \/>\n<script type=\"application\/ld+json\" class=\"yoast-schema-graph\">{\"@context\":\"https:\\\/\\\/schema.org\",\"@graph\":[{\"@type\":\"WebPage\",\"@id\":\"https:\\\/\\\/tajkertesz.com\\\/termek\\\/prunus-cerasifera-nigra-verszilva-2\\\/\",\"url\":\"https:\\\/\\\/tajkertesz.com\\\/termek\\\/prunus-cerasifera-nigra-verszilva-2\\\/\",\"name\":\"Prunus cerasifera 'Nigra' - T\u00f6rzsre oltott v\u00e9rszilva - T\u00e1jkert\u00e9sz\",\"isPartOf\":{\"@id\":\"https:\\\/\\\/tajkertesz.com\\\/#website\"},\"primaryImageOfPage\":{\"@id\":\"https:\\\/\\\/tajkertesz.com\\\/termek\\\/prunus-cerasifera-nigra-verszilva-2\\\/#primaryimage\"},\"image\":{\"@id\":\"https:\\\/\\\/tajkertesz.com\\\/termek\\\/prunus-cerasifera-nigra-verszilva-2\\\/#primaryimage\"},\"thumbnailUrl\":\"https:\\\/\\\/tajkertesz.com\\\/wp-content\\\/uploads\\\/2021\\\/10\\\/prunus-cerasifera-nigra.jpg\",\"datePublished\":\"2022-10-19T14:40:28+00:00\",\"dateModified\":\"2023-12-16T08:15:30+00:00\",\"description\":\"Prunus cerasifera 'Nigra' - V\u00e9rszilva s\u00f6t\u00e9t lil\u00e1s-bord\u00f3 level\u0171 d\u00edszfa, mely 4-5 m magas. Tavasszal gy\u00f6ny\u00f6r\u0171en vir\u00e1gzik, k\u00fcl\u00f6nleges lombsz\u00edn\u00e9vel is d\u00edsz\u00edt.\",\"breadcrumb\":{\"@id\":\"https:\\\/\\\/tajkertesz.com\\\/termek\\\/prunus-cerasifera-nigra-verszilva-2\\\/#breadcrumb\"},\"inLanguage\":\"en-US\",\"potentialAction\":[{\"@type\":\"ReadAction\",\"target\":[\"https:\\\/\\\/tajkertesz.com\\\/termek\\\/prunus-cerasifera-nigra-verszilva-2\\\/\"]}]},{\"@type\":\"ImageObject\",\"inLanguage\":\"en-US\",\"@id\":\"https:\\\/\\\/tajkertesz.com\\\/termek\\\/prunus-cerasifera-nigra-verszilva-2\\\/#primaryimage\",\"url\":\"https:\\\/\\\/tajkertesz.com\\\/wp-content\\\/uploads\\\/2021\\\/10\\\/prunus-cerasifera-nigra.jpg\",\"contentUrl\":\"https:\\\/\\\/tajkertesz.com\\\/wp-content\\\/uploads\\\/2021\\\/10\\\/prunus-cerasifera-nigra.jpg\",\"width\":665,\"height\":665},{\"@type\":\"BreadcrumbList\",\"@id\":\"https:\\\/\\\/tajkertesz.com\\\/termek\\\/prunus-cerasifera-nigra-verszilva-2\\\/#breadcrumb\",\"itemListElement\":[{\"@type\":\"ListItem\",\"position\":1,\"name\":\"Home\",\"item\":\"https:\\\/\\\/tajkertesz.com\\\/\"},{\"@type\":\"ListItem\",\"position\":2,\"name\":\"Kezd\u0151lap\",\"item\":\"https:\\\/\\\/tajkertesz.com\\\/\"},{\"@type\":\"ListItem\",\"position\":3,\"name\":\"Prunus cerasifera &#8216;Nigra&#8217; &#8211; T\u00f6rzsre oltott v\u00e9rszilva\"}]},{\"@type\":\"WebSite\",\"@id\":\"https:\\\/\\\/tajkertesz.com\\\/#website\",\"url\":\"https:\\\/\\\/tajkertesz.com\\\/\",\"name\":\"T\u00e1j-Kert\u00e9sz 84 Kft.\",\"description\":\"Kert\u00e9szeti kis- \u00e9s nagykeresked\u00e9s, D\u00edszn\u00f6v\u00e9ny web\u00e1ruh\u00e1z orsz\u00e1gos h\u00e1zhozsz\u00e1ll\u00edt\u00e1ssal!\",\"publisher\":{\"@id\":\"https:\\\/\\\/tajkertesz.com\\\/#organization\"},\"potentialAction\":[{\"@type\":\"SearchAction\",\"target\":{\"@type\":\"EntryPoint\",\"urlTemplate\":\"https:\\\/\\\/tajkertesz.com\\\/?s={search_term_string}\"},\"query-input\":{\"@type\":\"PropertyValueSpecification\",\"valueRequired\":true,\"valueName\":\"search_term_string\"}}],\"inLanguage\":\"en-US\"},{\"@type\":\"Organization\",\"@id\":\"https:\\\/\\\/tajkertesz.com\\\/#organization\",\"name\":\"T\u00e1j-Kert\u00e9sz 84 Kft.\",\"url\":\"https:\\\/\\\/tajkertesz.com\\\/\",\"logo\":{\"@type\":\"ImageObject\",\"inLanguage\":\"en-US\",\"@id\":\"https:\\\/\\\/tajkertesz.com\\\/#\\\/schema\\\/logo\\\/image\\\/\",\"url\":\"https:\\\/\\\/tajkertesz.com\\\/wp-content\\\/uploads\\\/2018\\\/02\\\/logo-2-e1518678052539.png\",\"contentUrl\":\"https:\\\/\\\/tajkertesz.com\\\/wp-content\\\/uploads\\\/2018\\\/02\\\/logo-2-e1518678052539.png\",\"width\":81,\"height\":140,\"caption\":\"T\u00e1j-Kert\u00e9sz 84 Kft.\"},\"image\":{\"@id\":\"https:\\\/\\\/tajkertesz.com\\\/#\\\/schema\\\/logo\\\/image\\\/\"},\"sameAs\":[\"https:\\\/\\\/www.facebook.com\\\/Tajkertesz\\\/\"]}]}<\/script>\n<!-- \/ Yoast SEO plugin. -->","yoast_head_json":{"title":"Prunus cerasifera 'Nigra' - T\u00f6rzsre oltott v\u00e9rszilva - T\u00e1jkert\u00e9sz","description":"Prunus cerasifera 'Nigra' - V\u00e9rszilva s\u00f6t\u00e9t lil\u00e1s-bord\u00f3 level\u0171 d\u00edszfa, mely 4-5 m magas. Tavasszal gy\u00f6ny\u00f6r\u0171en vir\u00e1gzik, k\u00fcl\u00f6nleges lombsz\u00edn\u00e9vel is d\u00edsz\u00edt.","robots":{"index":"index","follow":"follow","max-snippet":"max-snippet:-1","max-image-preview":"max-image-preview:large","max-video-preview":"max-video-preview:-1"},"canonical":"https:\/\/tajkertesz.com\/en_US\/product\/prunus-cerasifera-nigra-verszilva-2\/","og_locale":"en_US","og_type":"article","og_title":"https:\/\/www.facebook.com\/tajkertesz\/","og_description":"Prunus cerasifera 'Nigra' - V\u00e9rszilvaNagyon sz\u00e9p s\u00f6t\u00e9t lil\u00e1s-bord\u00f3 level\u0171 d\u00edszfa, 4-5 m nagyra n\u0151. Tavasszal gy\u00f6ny\u00f6r\u0171en vir\u00e1gzik, ny\u00e1ron k\u00fcl\u00f6nleges lombsz\u00edn\u00e9vel kertek, parkok sz\u00e9p d\u00edsze.Kb. 3 cm \u00e1tm\u00e9r\u0151j\u0171, halv\u00e1ny\u00a0 bord\u00f3 sz\u00edn\u0171, g\u00f6mb\u00f6ly\u0171, j\u00f3\u00edz\u0171, ringl\u00f3 szer\u0171 term\u00e9seket hoz, szilv\u00e1ja ehet\u0151.","og_url":"https:\/\/tajkertesz.com\/en_US\/product\/prunus-cerasifera-nigra-verszilva-2\/","og_site_name":"T\u00e1jkert\u00e9sz","article_publisher":"https:\/\/www.facebook.com\/Tajkertesz\/","article_modified_time":"2023-12-16T08:15:30+00:00","og_image":[{"width":1000,"height":1000,"url":"https:\/\/tajkertesz.com\/wp-content\/uploads\/2020\/03\/Prunus-cistena-T\u00f6rpe-v\u00e9rszilva3.jpg","type":"image\/jpeg"}],"twitter_card":"summary_large_image","twitter_misc":{"Est. reading time":"2 minutes"},"schema":{"@context":"https:\/\/schema.org","@graph":[{"@type":"WebPage","@id":"https:\/\/tajkertesz.com\/termek\/prunus-cerasifera-nigra-verszilva-2\/","url":"https:\/\/tajkertesz.com\/termek\/prunus-cerasifera-nigra-verszilva-2\/","name":"Prunus cerasifera 'Nigra' - T\u00f6rzsre oltott v\u00e9rszilva - T\u00e1jkert\u00e9sz","isPartOf":{"@id":"https:\/\/tajkertesz.com\/#website"},"primaryImageOfPage":{"@id":"https:\/\/tajkertesz.com\/termek\/prunus-cerasifera-nigra-verszilva-2\/#primaryimage"},"image":{"@id":"https:\/\/tajkertesz.com\/termek\/prunus-cerasifera-nigra-verszilva-2\/#primaryimage"},"thumbnailUrl":"https:\/\/tajkertesz.com\/wp-content\/uploads\/2021\/10\/prunus-cerasifera-nigra.jpg","datePublished":"2022-10-19T14:40:28+00:00","dateModified":"2023-12-16T08:15:30+00:00","description":"Prunus cerasifera 'Nigra' - V\u00e9rszilva s\u00f6t\u00e9t lil\u00e1s-bord\u00f3 level\u0171 d\u00edszfa, mely 4-5 m magas. Tavasszal gy\u00f6ny\u00f6r\u0171en vir\u00e1gzik, k\u00fcl\u00f6nleges lombsz\u00edn\u00e9vel is d\u00edsz\u00edt.","breadcrumb":{"@id":"https:\/\/tajkertesz.com\/termek\/prunus-cerasifera-nigra-verszilva-2\/#breadcrumb"},"inLanguage":"en-US","potentialAction":[{"@type":"ReadAction","target":["https:\/\/tajkertesz.com\/termek\/prunus-cerasifera-nigra-verszilva-2\/"]}]},{"@type":"ImageObject","inLanguage":"en-US","@id":"https:\/\/tajkertesz.com\/termek\/prunus-cerasifera-nigra-verszilva-2\/#primaryimage","url":"https:\/\/tajkertesz.com\/wp-content\/uploads\/2021\/10\/prunus-cerasifera-nigra.jpg","contentUrl":"https:\/\/tajkertesz.com\/wp-content\/uploads\/2021\/10\/prunus-cerasifera-nigra.jpg","width":665,"height":665},{"@type":"BreadcrumbList","@id":"https:\/\/tajkertesz.com\/termek\/prunus-cerasifera-nigra-verszilva-2\/#breadcrumb","itemListElement":[{"@type":"ListItem","position":1,"name":"Home","item":"https:\/\/tajkertesz.com\/"},{"@type":"ListItem","position":2,"name":"Kezd\u0151lap","item":"https:\/\/tajkertesz.com\/"},{"@type":"ListItem","position":3,"name":"Prunus cerasifera &#8216;Nigra&#8217; &#8211; T\u00f6rzsre oltott v\u00e9rszilva"}]},{"@type":"WebSite","@id":"https:\/\/tajkertesz.com\/#website","url":"https:\/\/tajkertesz.com\/","name":"T\u00e1j-Kert\u00e9sz 84 Kft.","description":"Kert\u00e9szeti kis- \u00e9s nagykeresked\u00e9s, D\u00edszn\u00f6v\u00e9ny web\u00e1ruh\u00e1z orsz\u00e1gos h\u00e1zhozsz\u00e1ll\u00edt\u00e1ssal!","publisher":{"@id":"https:\/\/tajkertesz.com\/#organization"},"potentialAction":[{"@type":"SearchAction","target":{"@type":"EntryPoint","urlTemplate":"https:\/\/tajkertesz.com\/?s={search_term_string}"},"query-input":{"@type":"PropertyValueSpecification","valueRequired":true,"valueName":"search_term_string"}}],"inLanguage":"en-US"},{"@type":"Organization","@id":"https:\/\/tajkertesz.com\/#organization","name":"T\u00e1j-Kert\u00e9sz 84 Kft.","url":"https:\/\/tajkertesz.com\/","logo":{"@type":"ImageObject","inLanguage":"en-US","@id":"https:\/\/tajkertesz.com\/#\/schema\/logo\/image\/","url":"https:\/\/tajkertesz.com\/wp-content\/uploads\/2018\/02\/logo-2-e1518678052539.png","contentUrl":"https:\/\/tajkertesz.com\/wp-content\/uploads\/2018\/02\/logo-2-e1518678052539.png","width":81,"height":140,"caption":"T\u00e1j-Kert\u00e9sz 84 Kft."},"image":{"@id":"https:\/\/tajkertesz.com\/#\/schema\/logo\/image\/"},"sameAs":["https:\/\/www.facebook.com\/Tajkertesz\/"]}]}},"_links":{"self":[{"href":"https:\/\/tajkertesz.com\/en_US\/wp-json\/wp\/v2\/product\/13835","targetHints":{"allow":["GET"]}}],"collection":[{"href":"https:\/\/tajkertesz.com\/en_US\/wp-json\/wp\/v2\/product"}],"about":[{"href":"https:\/\/tajkertesz.com\/en_US\/wp-json\/wp\/v2\/types\/product"}],"wp:featuredmedia":[{"embeddable":true,"href":"https:\/\/tajkertesz.com\/en_US\/wp-json\/wp\/v2\/media\/9916"}],"wp:attachment":[{"href":"https:\/\/tajkertesz.com\/en_US\/wp-json\/wp\/v2\/media?parent=13835"}],"wp:term":[{"taxonomy":"product_brand","embeddable":true,"href":"https:\/\/tajkertesz.com\/en_US\/wp-json\/wp\/v2\/product_brand?post=13835"},{"taxonomy":"product_cat","embeddable":true,"href":"https:\/\/tajkertesz.com\/en_US\/wp-json\/wp\/v2\/product_cat?post=13835"},{"taxonomy":"product_tag","embeddable":true,"href":"https:\/\/tajkertesz.com\/en_US\/wp-json\/wp\/v2\/product_tag?post=13835"}],"curies":[{"name":"wp","href":"https:\/\/api.w.org\/{rel}","templated":true}]}}