{"id":13846,"date":"2022-10-22T08:37:11","date_gmt":"2022-10-22T08:37:11","guid":{"rendered":"https:\/\/tajkertesz.com\/?post_type=product&#038;p=13846"},"modified":"2026-02-25T13:03:21","modified_gmt":"2026-02-25T13:03:21","slug":"icl-sun-shade-fumagkeverek-5kg","status":"publish","type":"product","link":"https:\/\/tajkertesz.com\/en_US\/product\/icl-sun-shade-fumagkeverek-5kg\/","title":{"rendered":"ICL Sun &#038; Shade f\u0171magkever\u00e9k 5kg"},"content":{"rendered":"<h2>ICL Sun &amp; Shade f\u0171magkever\u00e9k 5kg<\/h2>\n<p>ICL Sun &amp; Shade f\u0171magkever\u00e9k 5kg<\/p>\n<p>A legt\u00f6bb kertben er\u0151s napf\u00e9nynek kitett, illetve \u00e1rny\u00e9kos, s\u00f6t\u00e9t r\u00e9szek egyar\u00e1nt el\u0151fordulnak. Ezeket a sz\u00e9ls\u0151s\u00e9ges f\u00e9nyviszonyokat nem minden gyep k\u00e9pes elviselni. Ez\u00e9rt alak\u00edtottuk ki a Landscaper P<\/p>\n<p>A Landscaper Pro Rapid 5 \u00e9s 10 kilogrammos kiszerel\u00e9sben is kaphat\u00f3.<\/p>\n<div class=\"tabs\" data-tabs=\"\">\n<h3><span style=\"text-decoration: underline;\">El\u0151ny\u00f6k:<\/span><\/h3>\n<section class=\"tabs--content\" data-tabs-content=\"\">\n<article class=\"is-active\" data-tab-title=\"el\u0151ny\u00f6k\">\n<ul>\n<li>Kiemelked\u0151 teljes\u00edtm\u00e9ny perzsel\u0151 napf\u00e9nyben \u00e9s m\u00e9ly\u00e1rny\u00e9kban egyar\u00e1nt<\/li>\n<li>Alacsony nitrog\u00e9nig\u00e9ny\u0171 kever\u00e9k<\/li>\n<li>A m\u00e9lyen gy\u00f6keresed\u0151 f\u0171fajoknak k\u00f6sz\u00f6nhet\u0151en kiv\u00e1l\u00f3 sz\u00e1razs\u00e1gt\u0171r\u0151-k\u00e9pess\u00e9g\u0171<\/li>\n<li>Kiv\u00e1l\u00f3 tapos\u00e1s t\u0171r\u0151-k\u00e9pess\u00e9g\u0171A legt\u00f6bb kertben er\u0151s napf\u00e9nynek kitett, illetve \u00e1rny\u00e9kos, s\u00f6t\u00e9t r\u00e9szek egyar\u00e1nt el\u0151fordulnak. Ezeket a sz\u00e9ls\u0151s\u00e9ges f\u00e9nyviszonyokat nem minden gyep k\u00e9pes elviselni. Ez\u00e9rt alak\u00edtottuk ki a LandscaperPro Sun &amp; Shade f\u0171magkever\u00e9ket.<\/li>\n<\/ul>\n<\/article>\n<\/section>\n<\/div>\n<h3><span style=\"text-decoration: underline;\">Haszn\u00e1lati utas\u00edt\u00e1s:<\/span><\/h3>\n<section class=\"tabs--content\" data-tabs-content=\"\">\n<article class=\"is-active\" data-tab-title=\"haszn\u00e1lati utas\u00edt\u00e1s\">A 10 kg-os zs\u00e1k k\u00f6r\u00fclbel\u00fcl 400 m2 fel\u00fcletre elegend\u0151.<br \/>\nJavasolt adagja 25g\/m2.<br \/>\nAj\u00e1nlott v\u00e1g\u00e1si magass\u00e1g 1,5 \u2013 2,5cm.<\/article>\n<p>&nbsp;<\/p>\n<h2>Kiszerel\u00e9s:<\/h2>\n<p>5 kg, 10 kg<\/p>\n<p>Aj\u00e1nlott a f\u0171magvet\u00e9ssel vagy gyepsz\u0151nyegez\u00e9ssel egy id\u0151ben a gyeptelep\u00edt\u0151 m\u0171tr\u00e1gya kijuttat\u00e1sa.<\/p>\n<p>Kattintson az als\u00f3 linkre a m\u0171tr\u00e1gya megv\u00e1s\u00e1rl\u00e1s\u00e1hoz!<\/p>\n<p><strong><a href=\"https:\/\/tajkertesz.com\/termek\/icl-landscaper-pro-new-grass-2020-08-3honap-15kg-35g-m2-420m2\/\">ICL.Landscaper Pro New Grass 20+20+08\/3h\u00f3nap \/15kg\/35g-m2 \u2013 T\u00e1jkert\u00e9sz (tajkertesz.com)<\/a><\/strong><\/p>\n<article class=\"is-active\" data-tab-title=\"haszn\u00e1lati utas\u00edt\u00e1s\">&nbsp;<\/p>\n<h4><strong>\ud83d\udd04 K\u00e9szletinform\u00e1ci\u00f3<\/strong><\/h4>\n<p><strong>K\u00e9szlet\u00fcnk napi szinten v\u00e1ltozik, \u00edgy a webshopban szerepl<\/strong><strong>\u0151<\/strong><strong>\u00a0term\u00e9kek el\u00e9rhet<\/strong><strong>\u0151<\/strong><strong>s\u00e9ge nem garant\u00e1lt.<br \/>\n\ud83d\udcde A megrendel\u00e9s el<\/strong><strong>\u0151<\/strong><strong>tt k\u00e9rj\u00fck, \u00e9rdekl<\/strong><strong>\u0151<\/strong><strong>dj\u00f6n szem\u00e9lyesen, telefonon vagy e-mailben!<\/strong><\/p>\n<h4><strong>\u27a1\ufe0f Kapcsolat:<\/strong><\/h4>\n<ul>\n<li><strong>Weboldal:\u00a0<\/strong><a href=\"https:\/\/tajkertesz.com\/\"><strong>tajkertesz.com<\/strong><\/a><\/li>\n<li><strong>Facebook:\u00a0<\/strong><a href=\"https:\/\/www.facebook.com\/tajkertesz\/\"><strong>facebook.com\/tajkertesz<\/strong><\/a><\/li>\n<li><strong>Telefonsz\u00e1m, e-mail: +36\/20-319-3770\u00a0<\/strong><a href=\"mailto:tajkerteszaruda@gmail.com\"><strong>tajkerteszaruda@gmail.com<\/strong><\/a><\/li>\n<\/ul>\n<h4><strong>\ud83d\ude9a Sz\u00e1ll\u00edt\u00e1si inform\u00e1ci\u00f3k<\/strong><\/h4>\n<p><strong>A megrendelt n\u00f6v\u00e9nyek kisz\u00e1ll\u00edt\u00e1sa az al\u00e1bbi felt\u00e9telek mellett t\u00f6rt\u00e9nik:<\/strong><\/p>\n<h4><strong>\ud83d\udce6 Fut\u00e1rszolg\u00e1latos sz\u00e1ll\u00edt\u00e1s<\/strong><\/h4>\n<ul>\n<li><strong>Maxim\u00e1lis m\u00e9ret: 200 cm (hossz\u00fas\u00e1g)<\/strong><\/li>\n<li><strong>Maxim\u00e1lis s\u00faly: 40 kg<\/strong><\/li>\n<li><strong>Az enn\u00e9l kisebb \u00e9s k\u00f6nnyebb csomagokat fut\u00e1rszolg\u00e1lattal k\u00e9zbes\u00edtj\u00fck a lehet<\/strong><strong>\u0151<\/strong><strong>\u00a0legbiztons\u00e1gosabb csomagol\u00e1sban.<\/strong><\/li>\n<\/ul>\n<h4><strong>\ud83d\udefb Szem\u00e9lyes \u00e1tv\u00e9tel<\/strong><\/h4>\n<ul>\n<li><strong>1173 Budapest, Bakancsos utca 7. sz\u00e1m alatt nyitvatart\u00e1si id<\/strong><strong>\u0151<\/strong><strong>ben szem\u00e9lyesen \u00e1tvehet<\/strong><strong>\u0151<\/strong><strong>\u00a0kert\u00e9szeti \u00e1rud\u00e1nkban.<\/strong><\/li>\n<li><strong>K\u00f6lts\u00e9ghat\u00e9kony megold\u00e1s nagyobb, t\u00f6r\u00e9kenyebb vagy t\u00falm\u00e9retes n\u00f6v\u00e9nyek eset\u00e9n.<\/strong><\/li>\n<\/ul>\n<h4><strong>\ud83d\udcde Nagy m\u00e9ret<\/strong><strong>\u0171<\/strong><strong>\u00a0vagy s\u00faly\u00fa n\u00f6v\u00e9nyek eset\u00e9n<\/strong><\/h4>\n<p><strong>Ha a term\u00e9k:<\/strong><\/p>\n<ul>\n<li><strong>meghaladja a 200 cm hossz\u00fas\u00e1got vagy<\/strong><\/li>\n<li><strong>meghaladja a 40 kg s\u00falyt,<\/strong><\/li>\n<\/ul>\n<p><strong>akkor szem\u00e9lyes \u00e1tv\u00e9tellel vagy egyedi, el<\/strong><strong>\u0151<\/strong><strong>re egyeztetett sz\u00e1ll\u00edt\u00e1si felt\u00e9telek mellett t\u00f6rt\u00e9nik.<br \/>\nK\u00e9rj\u00fck, ilyen esetben rendel\u00e9s el<\/strong><strong>\u0151<\/strong><strong>tt vegye fel vel\u00fcnk a kapcsolatot, hogy a lehet<\/strong><strong>\u0151<\/strong><strong>\u00a0legmegfelel<\/strong><strong>\u0151<\/strong><strong>bb sz\u00e1ll\u00edt\u00e1si megold\u00e1st k\u00edn\u00e1lhassuk.<\/strong><\/p>\n<p><strong>\ud83d\udd14 Fontos: A n\u00f6v\u00e9nyeket minden esetben igyeksz\u00fcnk gondosan, egyes\u00e9vel csomagolni, azonban a sz\u00e1ll\u00edt\u00e1s sor\u00e1n kisebb eszt\u00e9tikai s\u00e9r\u00fcl\u00e9sek el<\/strong><strong>\u0151<\/strong><strong>fordulhatnak (pl. lev\u00e9lhull\u00e1s). Ez nem min<\/strong><strong>\u0151<\/strong><strong>s\u00fcl hib\u00e1s teljes\u00edt\u00e9snek.<\/strong><\/p>\n<h4><strong>\ud83d\udcf7 Fontos tudni a k\u00e9pekr<\/strong><strong>\u0151<\/strong><strong>l<\/strong><\/h4>\n<p><strong>A webshopban szerepl<\/strong><strong>\u0151<\/strong><strong>\u00a0k\u00e9pek illusztr\u00e1ci\u00f3k, a n\u00f6v\u00e9nyek term\u00e9szet\u00fckn\u00e9l fogva egyediek, \u00edgy m\u00e9retben, alakban \u00e9s sz\u00ednben minim\u00e1lis elt\u00e9r\u00e9sek el<\/strong><strong>\u0151<\/strong><strong>fordulhatnak a k\u00e9pen l\u00e1that\u00f3 \u00e9s a val\u00f3s p\u00e9ld\u00e1nyok k\u00f6z\u00f6tt.<\/strong><\/p>\n<h4><strong>\ud83e\uddfe \u00c1rak \u00e9s el\u00e1ll\u00e1si jog<\/strong><\/h4>\n<ul>\n<li><strong>Az \u00e1rak egy darab\u00a0n\u00f6v\u00e9nyre vonatkoznak.<\/strong><\/li>\n<li><strong>\u00c9l<\/strong><strong>\u0151<\/strong><strong>\u00a0n\u00f6v\u00e9nyek rendel\u00e9se eset\u00e9n a 14 napos el\u00e1ll\u00e1s joga nem \u00e9rv\u00e9nyes\u00edthet<\/strong><strong>\u0151<\/strong><strong>, mivel azok romland\u00f3, biol\u00f3giailag \u00e9l<\/strong><strong>\u0151<\/strong><strong>\u00a0term\u00e9keknek min<\/strong><strong>\u0151<\/strong><strong>s\u00fclnek.<br \/>\n\ud83d\udd12 (17\/1999. (II. 5.) Korm. rendelet 5. \u00a7 c) pontja alapj\u00e1n)<\/strong><\/li>\n<\/ul>\n<h4><strong>\ud83d\udce6 K\u00e9zbes\u00edt\u00e9s ut\u00e1ni teend<\/strong><strong>\u0151<\/strong><strong>k<\/strong><\/h4>\n<p><strong>A k\u00e9zbes\u00edt\u00e9st k\u00f6vet<\/strong><strong>\u0151<\/strong><strong>en a csomagot azonnal bontsuk ki, \u00e9s a n\u00f6v\u00e9nyt helyezz\u00fck el megfelel<\/strong><strong>\u0151<\/strong><strong>\u00a0k\u00f6rnyezetben.<br \/>\nFontos: ha a n\u00f6v\u00e9ny nem r\u00e9szes\u00fcl megfelel<\/strong><strong>\u0151<\/strong><strong>\u00a0gondoz\u00e1sban \u00e9s ennek k\u00f6vetkezt\u00e9ben k\u00e1rosodik vagy elpusztul, felel<\/strong><strong>\u0151<\/strong><strong>ss\u00e9get nem tudunk v\u00e1llalni.<\/strong><\/p>\n<p><strong>\u00a0<\/strong><\/p>\n<\/article>\n<\/section>","protected":false},"excerpt":{"rendered":"<p><strong>A Landscaper Pro Rapid\u00a0<\/strong>S\u0171r\u0171, mutat\u00f3s p\u00e1zsitot k\u00e9pez\u0151, hamar cs\u00edr\u00e1z\u00f3 f\u0171fajt\u00e1k magjait tartalmaz\u00f3 kever\u00e9k. A f\u0171magok egy r\u00e9sze cs\u00edr\u00e1z\u00e1st el\u0151seg\u00edt\u0151 nedvess\u00e9g megtart\u00f3 SmartStart burkolattal van ell\u00e1tva.<\/p>","protected":false},"featured_media":13847,"template":"","meta":{"_et_pb_use_builder":"","_et_pb_old_content":"","_et_gb_content_width":""},"product_brand":[],"product_cat":[5019],"product_tag":[5111,1284,1285,4021,5110],"class_list":{"0":"post-13846","1":"product","2":"type-product","3":"status-publish","4":"has-post-thumbnail","6":"product_cat-icl-landscaper-fumagok","7":"product_tag-everiss","8":"product_tag-fumag","9":"product_tag-gyep","10":"product_tag-icl","11":"product_tag-sun-shade","13":"first","14":"instock","15":"shipping-taxable","16":"purchasable","17":"product-type-simple"},"yoast_head":"<!-- This site is optimized with the Yoast SEO plugin v27.3 - https:\/\/yoast.com\/product\/yoast-seo-wordpress\/ -->\n<title>ICL Sun &amp; Shade f\u0171magkever\u00e9k 5kg - T\u00e1jkert\u00e9sz<\/title>\n<meta name=\"description\" content=\"ICL Sun &amp; Shade f\u0171magkever\u00e9k 5kg. Kiemelked\u0151 teljes\u00edtm\u00e9ny perzsel\u0151 napf\u00e9nyben \u00e9s m\u00e9ly\u00e1rny\u00e9kban egyar\u00e1nt Alacsony nitrog\u00e9nig\u00e9ny\u0171 kever\u00e9k.\" \/>\n<meta name=\"robots\" content=\"index, follow, max-snippet:-1, max-image-preview:large, max-video-preview:-1\" \/>\n<link rel=\"canonical\" href=\"https:\/\/tajkertesz.com\/en_US\/product\/icl-sun-shade-fumagkeverek-5kg\/\" \/>\n<meta property=\"og:locale\" content=\"en_US\" \/>\n<meta property=\"og:type\" content=\"article\" \/>\n<meta property=\"og:title\" content=\"ICL Sun &amp; Shade f\u0171magkever\u00e9k 5kg - T\u00e1jkert\u00e9sz\" \/>\n<meta property=\"og:description\" content=\"ICL Sun &amp; Shade f\u0171magkever\u00e9k 5kg. Kiemelked\u0151 teljes\u00edtm\u00e9ny perzsel\u0151 napf\u00e9nyben \u00e9s m\u00e9ly\u00e1rny\u00e9kban egyar\u00e1nt Alacsony nitrog\u00e9nig\u00e9ny\u0171 kever\u00e9k.\" \/>\n<meta property=\"og:url\" content=\"https:\/\/tajkertesz.com\/en_US\/product\/icl-sun-shade-fumagkeverek-5kg\/\" \/>\n<meta property=\"og:site_name\" content=\"T\u00e1jkert\u00e9sz\" \/>\n<meta property=\"article:publisher\" content=\"https:\/\/www.facebook.com\/Tajkertesz\/\" \/>\n<meta property=\"article:modified_time\" content=\"2026-02-25T13:03:21+00:00\" \/>\n<meta property=\"og:image\" content=\"https:\/\/tajkertesz.com\/wp-content\/uploads\/2022\/10\/Everris-Landscaper-Pro-fumagkeverek-Sun-Shade_01.png\" \/>\n\t<meta property=\"og:image:width\" content=\"1000\" \/>\n\t<meta property=\"og:image:height\" content=\"1000\" \/>\n\t<meta property=\"og:image:type\" content=\"image\/png\" \/>\n<meta name=\"twitter:card\" content=\"summary_large_image\" \/>\n<meta name=\"twitter:label1\" content=\"Est. reading time\" \/>\n\t<meta name=\"twitter:data1\" content=\"3 minutes\" \/>\n<script type=\"application\/ld+json\" class=\"yoast-schema-graph\">{\"@context\":\"https:\\\/\\\/schema.org\",\"@graph\":[{\"@type\":\"WebPage\",\"@id\":\"https:\\\/\\\/tajkertesz.com\\\/termek\\\/icl-sun-shade-fumagkeverek-5kg\\\/\",\"url\":\"https:\\\/\\\/tajkertesz.com\\\/termek\\\/icl-sun-shade-fumagkeverek-5kg\\\/\",\"name\":\"ICL Sun & Shade f\u0171magkever\u00e9k 5kg - T\u00e1jkert\u00e9sz\",\"isPartOf\":{\"@id\":\"https:\\\/\\\/tajkertesz.com\\\/#website\"},\"primaryImageOfPage\":{\"@id\":\"https:\\\/\\\/tajkertesz.com\\\/termek\\\/icl-sun-shade-fumagkeverek-5kg\\\/#primaryimage\"},\"image\":{\"@id\":\"https:\\\/\\\/tajkertesz.com\\\/termek\\\/icl-sun-shade-fumagkeverek-5kg\\\/#primaryimage\"},\"thumbnailUrl\":\"https:\\\/\\\/tajkertesz.com\\\/wp-content\\\/uploads\\\/2022\\\/10\\\/Everris-Landscaper-Pro-fumagkeverek-Sun-Shade_01.png\",\"datePublished\":\"2022-10-22T08:37:11+00:00\",\"dateModified\":\"2026-02-25T13:03:21+00:00\",\"description\":\"ICL Sun & Shade f\u0171magkever\u00e9k 5kg. Kiemelked\u0151 teljes\u00edtm\u00e9ny perzsel\u0151 napf\u00e9nyben \u00e9s m\u00e9ly\u00e1rny\u00e9kban egyar\u00e1nt Alacsony nitrog\u00e9nig\u00e9ny\u0171 kever\u00e9k.\",\"breadcrumb\":{\"@id\":\"https:\\\/\\\/tajkertesz.com\\\/termek\\\/icl-sun-shade-fumagkeverek-5kg\\\/#breadcrumb\"},\"inLanguage\":\"en-US\",\"potentialAction\":[{\"@type\":\"ReadAction\",\"target\":[\"https:\\\/\\\/tajkertesz.com\\\/termek\\\/icl-sun-shade-fumagkeverek-5kg\\\/\"]}]},{\"@type\":\"ImageObject\",\"inLanguage\":\"en-US\",\"@id\":\"https:\\\/\\\/tajkertesz.com\\\/termek\\\/icl-sun-shade-fumagkeverek-5kg\\\/#primaryimage\",\"url\":\"https:\\\/\\\/tajkertesz.com\\\/wp-content\\\/uploads\\\/2022\\\/10\\\/Everris-Landscaper-Pro-fumagkeverek-Sun-Shade_01.png\",\"contentUrl\":\"https:\\\/\\\/tajkertesz.com\\\/wp-content\\\/uploads\\\/2022\\\/10\\\/Everris-Landscaper-Pro-fumagkeverek-Sun-Shade_01.png\",\"width\":1000,\"height\":1000,\"caption\":\"Sun & Shade f\u0171magkever\u00e9k\"},{\"@type\":\"BreadcrumbList\",\"@id\":\"https:\\\/\\\/tajkertesz.com\\\/termek\\\/icl-sun-shade-fumagkeverek-5kg\\\/#breadcrumb\",\"itemListElement\":[{\"@type\":\"ListItem\",\"position\":1,\"name\":\"Home\",\"item\":\"https:\\\/\\\/tajkertesz.com\\\/\"},{\"@type\":\"ListItem\",\"position\":2,\"name\":\"Kezd\u0151lap\",\"item\":\"https:\\\/\\\/tajkertesz.com\\\/\"},{\"@type\":\"ListItem\",\"position\":3,\"name\":\"ICL Sun &#038; Shade f\u0171magkever\u00e9k 5kg\"}]},{\"@type\":\"WebSite\",\"@id\":\"https:\\\/\\\/tajkertesz.com\\\/#website\",\"url\":\"https:\\\/\\\/tajkertesz.com\\\/\",\"name\":\"T\u00e1j-Kert\u00e9sz 84 Kft.\",\"description\":\"Kert\u00e9szeti kis- \u00e9s nagykeresked\u00e9s, D\u00edszn\u00f6v\u00e9ny web\u00e1ruh\u00e1z orsz\u00e1gos h\u00e1zhozsz\u00e1ll\u00edt\u00e1ssal!\",\"publisher\":{\"@id\":\"https:\\\/\\\/tajkertesz.com\\\/#organization\"},\"potentialAction\":[{\"@type\":\"SearchAction\",\"target\":{\"@type\":\"EntryPoint\",\"urlTemplate\":\"https:\\\/\\\/tajkertesz.com\\\/?s={search_term_string}\"},\"query-input\":{\"@type\":\"PropertyValueSpecification\",\"valueRequired\":true,\"valueName\":\"search_term_string\"}}],\"inLanguage\":\"en-US\"},{\"@type\":\"Organization\",\"@id\":\"https:\\\/\\\/tajkertesz.com\\\/#organization\",\"name\":\"T\u00e1j-Kert\u00e9sz 84 Kft.\",\"url\":\"https:\\\/\\\/tajkertesz.com\\\/\",\"logo\":{\"@type\":\"ImageObject\",\"inLanguage\":\"en-US\",\"@id\":\"https:\\\/\\\/tajkertesz.com\\\/#\\\/schema\\\/logo\\\/image\\\/\",\"url\":\"https:\\\/\\\/tajkertesz.com\\\/wp-content\\\/uploads\\\/2018\\\/02\\\/logo-2-e1518678052539.png\",\"contentUrl\":\"https:\\\/\\\/tajkertesz.com\\\/wp-content\\\/uploads\\\/2018\\\/02\\\/logo-2-e1518678052539.png\",\"width\":81,\"height\":140,\"caption\":\"T\u00e1j-Kert\u00e9sz 84 Kft.\"},\"image\":{\"@id\":\"https:\\\/\\\/tajkertesz.com\\\/#\\\/schema\\\/logo\\\/image\\\/\"},\"sameAs\":[\"https:\\\/\\\/www.facebook.com\\\/Tajkertesz\\\/\"]}]}<\/script>\n<!-- \/ Yoast SEO plugin. -->","yoast_head_json":{"title":"ICL Sun & Shade f\u0171magkever\u00e9k 5kg - T\u00e1jkert\u00e9sz","description":"ICL Sun & Shade f\u0171magkever\u00e9k 5kg. Kiemelked\u0151 teljes\u00edtm\u00e9ny perzsel\u0151 napf\u00e9nyben \u00e9s m\u00e9ly\u00e1rny\u00e9kban egyar\u00e1nt Alacsony nitrog\u00e9nig\u00e9ny\u0171 kever\u00e9k.","robots":{"index":"index","follow":"follow","max-snippet":"max-snippet:-1","max-image-preview":"max-image-preview:large","max-video-preview":"max-video-preview:-1"},"canonical":"https:\/\/tajkertesz.com\/en_US\/product\/icl-sun-shade-fumagkeverek-5kg\/","og_locale":"en_US","og_type":"article","og_title":"ICL Sun & Shade f\u0171magkever\u00e9k 5kg - T\u00e1jkert\u00e9sz","og_description":"ICL Sun & Shade f\u0171magkever\u00e9k 5kg. Kiemelked\u0151 teljes\u00edtm\u00e9ny perzsel\u0151 napf\u00e9nyben \u00e9s m\u00e9ly\u00e1rny\u00e9kban egyar\u00e1nt Alacsony nitrog\u00e9nig\u00e9ny\u0171 kever\u00e9k.","og_url":"https:\/\/tajkertesz.com\/en_US\/product\/icl-sun-shade-fumagkeverek-5kg\/","og_site_name":"T\u00e1jkert\u00e9sz","article_publisher":"https:\/\/www.facebook.com\/Tajkertesz\/","article_modified_time":"2026-02-25T13:03:21+00:00","og_image":[{"width":1000,"height":1000,"url":"https:\/\/tajkertesz.com\/wp-content\/uploads\/2022\/10\/Everris-Landscaper-Pro-fumagkeverek-Sun-Shade_01.png","type":"image\/png"}],"twitter_card":"summary_large_image","twitter_misc":{"Est. reading time":"3 minutes"},"schema":{"@context":"https:\/\/schema.org","@graph":[{"@type":"WebPage","@id":"https:\/\/tajkertesz.com\/termek\/icl-sun-shade-fumagkeverek-5kg\/","url":"https:\/\/tajkertesz.com\/termek\/icl-sun-shade-fumagkeverek-5kg\/","name":"ICL Sun & Shade f\u0171magkever\u00e9k 5kg - T\u00e1jkert\u00e9sz","isPartOf":{"@id":"https:\/\/tajkertesz.com\/#website"},"primaryImageOfPage":{"@id":"https:\/\/tajkertesz.com\/termek\/icl-sun-shade-fumagkeverek-5kg\/#primaryimage"},"image":{"@id":"https:\/\/tajkertesz.com\/termek\/icl-sun-shade-fumagkeverek-5kg\/#primaryimage"},"thumbnailUrl":"https:\/\/tajkertesz.com\/wp-content\/uploads\/2022\/10\/Everris-Landscaper-Pro-fumagkeverek-Sun-Shade_01.png","datePublished":"2022-10-22T08:37:11+00:00","dateModified":"2026-02-25T13:03:21+00:00","description":"ICL Sun & Shade f\u0171magkever\u00e9k 5kg. Kiemelked\u0151 teljes\u00edtm\u00e9ny perzsel\u0151 napf\u00e9nyben \u00e9s m\u00e9ly\u00e1rny\u00e9kban egyar\u00e1nt Alacsony nitrog\u00e9nig\u00e9ny\u0171 kever\u00e9k.","breadcrumb":{"@id":"https:\/\/tajkertesz.com\/termek\/icl-sun-shade-fumagkeverek-5kg\/#breadcrumb"},"inLanguage":"en-US","potentialAction":[{"@type":"ReadAction","target":["https:\/\/tajkertesz.com\/termek\/icl-sun-shade-fumagkeverek-5kg\/"]}]},{"@type":"ImageObject","inLanguage":"en-US","@id":"https:\/\/tajkertesz.com\/termek\/icl-sun-shade-fumagkeverek-5kg\/#primaryimage","url":"https:\/\/tajkertesz.com\/wp-content\/uploads\/2022\/10\/Everris-Landscaper-Pro-fumagkeverek-Sun-Shade_01.png","contentUrl":"https:\/\/tajkertesz.com\/wp-content\/uploads\/2022\/10\/Everris-Landscaper-Pro-fumagkeverek-Sun-Shade_01.png","width":1000,"height":1000,"caption":"Sun & Shade f\u0171magkever\u00e9k"},{"@type":"BreadcrumbList","@id":"https:\/\/tajkertesz.com\/termek\/icl-sun-shade-fumagkeverek-5kg\/#breadcrumb","itemListElement":[{"@type":"ListItem","position":1,"name":"Home","item":"https:\/\/tajkertesz.com\/"},{"@type":"ListItem","position":2,"name":"Kezd\u0151lap","item":"https:\/\/tajkertesz.com\/"},{"@type":"ListItem","position":3,"name":"ICL Sun &#038; Shade f\u0171magkever\u00e9k 5kg"}]},{"@type":"WebSite","@id":"https:\/\/tajkertesz.com\/#website","url":"https:\/\/tajkertesz.com\/","name":"T\u00e1j-Kert\u00e9sz 84 Kft.","description":"Kert\u00e9szeti kis- \u00e9s nagykeresked\u00e9s, D\u00edszn\u00f6v\u00e9ny web\u00e1ruh\u00e1z orsz\u00e1gos h\u00e1zhozsz\u00e1ll\u00edt\u00e1ssal!","publisher":{"@id":"https:\/\/tajkertesz.com\/#organization"},"potentialAction":[{"@type":"SearchAction","target":{"@type":"EntryPoint","urlTemplate":"https:\/\/tajkertesz.com\/?s={search_term_string}"},"query-input":{"@type":"PropertyValueSpecification","valueRequired":true,"valueName":"search_term_string"}}],"inLanguage":"en-US"},{"@type":"Organization","@id":"https:\/\/tajkertesz.com\/#organization","name":"T\u00e1j-Kert\u00e9sz 84 Kft.","url":"https:\/\/tajkertesz.com\/","logo":{"@type":"ImageObject","inLanguage":"en-US","@id":"https:\/\/tajkertesz.com\/#\/schema\/logo\/image\/","url":"https:\/\/tajkertesz.com\/wp-content\/uploads\/2018\/02\/logo-2-e1518678052539.png","contentUrl":"https:\/\/tajkertesz.com\/wp-content\/uploads\/2018\/02\/logo-2-e1518678052539.png","width":81,"height":140,"caption":"T\u00e1j-Kert\u00e9sz 84 Kft."},"image":{"@id":"https:\/\/tajkertesz.com\/#\/schema\/logo\/image\/"},"sameAs":["https:\/\/www.facebook.com\/Tajkertesz\/"]}]}},"_links":{"self":[{"href":"https:\/\/tajkertesz.com\/en_US\/wp-json\/wp\/v2\/product\/13846","targetHints":{"allow":["GET"]}}],"collection":[{"href":"https:\/\/tajkertesz.com\/en_US\/wp-json\/wp\/v2\/product"}],"about":[{"href":"https:\/\/tajkertesz.com\/en_US\/wp-json\/wp\/v2\/types\/product"}],"wp:featuredmedia":[{"embeddable":true,"href":"https:\/\/tajkertesz.com\/en_US\/wp-json\/wp\/v2\/media\/13847"}],"wp:attachment":[{"href":"https:\/\/tajkertesz.com\/en_US\/wp-json\/wp\/v2\/media?parent=13846"}],"wp:term":[{"taxonomy":"product_brand","embeddable":true,"href":"https:\/\/tajkertesz.com\/en_US\/wp-json\/wp\/v2\/product_brand?post=13846"},{"taxonomy":"product_cat","embeddable":true,"href":"https:\/\/tajkertesz.com\/en_US\/wp-json\/wp\/v2\/product_cat?post=13846"},{"taxonomy":"product_tag","embeddable":true,"href":"https:\/\/tajkertesz.com\/en_US\/wp-json\/wp\/v2\/product_tag?post=13846"}],"curies":[{"name":"wp","href":"https:\/\/api.w.org\/{rel}","templated":true}]}}