{"id":1385,"date":"2025-04-09T11:06:25","date_gmt":"2025-04-09T11:06:25","guid":{"rendered":"https:\/\/tajkertesz.com\/?post_type=product&#038;p=1385"},"modified":"2025-04-09T14:31:29","modified_gmt":"2025-04-09T14:31:29","slug":"lonicera-nitida-elegant-orokzold-mirtuszlonc","status":"publish","type":"product","link":"https:\/\/tajkertesz.com\/en_US\/product\/lonicera-nitida-elegant-orokzold-mirtuszlonc\/","title":{"rendered":"Lonicera nitida &#8216;Elegant&#8217; &#8211; \u00d6r\u00f6kz\u00f6ld mirtuszlonc"},"content":{"rendered":"<h1>Lonicera nitida &#8216;Elegant&#8217; &#8211; \u00d6r\u00f6kz\u00f6ld mirtuszlonc<\/h1>\n<p>A Lonicera nitida &#8216;Elegant&#8217; &#8211; \u00d6r\u00f6kz\u00f6ld mirtuszlonc egy ter\u00fcl\u0151 \u00f6r\u00f6kz\u00f6ld cserje.<\/p>\n<h2>Lonicera nitida &#8216;Elegant&#8217; jellemz\u0151i<\/h2>\n<p>S\u00e1rga apr\u00f3 vir\u00e1gai k\u00e9s\u0151 tavasszal ny\u00edlnak \u00e9s ezeket k\u00f6vetik a f\u00e9nyl\u0151 apr\u00f3 lila bogy\u00f3i.<\/p>\n<p>Alacsony termet, s\u0171r\u0171 lombozat \u00e9s f\u00e9nyes levelek jellemzik. Magass\u00e1ga 80-100 cm.<\/p>\n<p>Ny\u00edrhat\u00f3 ,de nem felt\u00e9tlen\u00fcl sz\u00fcks\u00e9ges.<\/p>\n<h3>\u00d6r\u00f6kz\u00f6ld mirtuszlonc gondoz\u00e1sa<\/h3>\n<p>Talajtakar\u00e1sra t\u00f6k\u00e9letes\u00a0 , de d\u00e9zs\u00e1s n\u00f6v\u00e9nyk\u00e9nt is felhaszn\u00e1lhatjuk.<\/p>\n<p>A f\u00f6ldre \u00e9r\u0151 hajt\u00e1srendszere gyakran legy\u00f6keresedik, \u00edgy egyre nagyobb ter\u00fcleteket h\u00f3d\u00edt meg, emiatt az egyik legalkalmasabb talajtakar\u00f3 n\u00f6v\u00e9ny.<\/p>\n<ul>\n<li class=\"\" data-start=\"2188\" data-end=\"2346\">\n<p class=\"\" data-start=\"2190\" data-end=\"2346\">A <em data-start=\"2192\" data-end=\"2209\">Lonicera nitida<\/em> &#8216;Elegant&#8217;kev\u00e9s gondoz\u00e1st ig\u00e9nyel. Az \u00e9vente egyszeri metsz\u00e9s seg\u00edthet a forma meg\u0151rz\u00e9s\u00e9ben, k\u00fcl\u00f6n\u00f6sen, ha s\u00f6v\u00e9nyk\u00e9nt haszn\u00e1ljuk.<\/p>\n<\/li>\n<li class=\"\" data-start=\"2347\" data-end=\"2437\">\n<p class=\"\" data-start=\"2349\" data-end=\"2437\">A n\u00f6v\u00e9ny gyorsan n\u00f6vekszik, ez\u00e9rt a metsz\u00e9s sz\u00fcks\u00e9ges lehet a k\u00edv\u00e1nt forma fenntart\u00e1s\u00e1hoz.<\/p>\n<\/li>\n<li class=\"\" data-start=\"2438\" data-end=\"2545\">\n<p class=\"\" data-start=\"2440\" data-end=\"2545\">A sz\u00e9p, s\u0171r\u0171 lombozat \u00e9rdek\u00e9ben id\u0151nk\u00e9nt \u00e9rdemes visszav\u00e1gni, hogy serkents\u00fck az \u00faj hajt\u00e1sok n\u00f6veked\u00e9s\u00e9t.<\/p>\n<\/li>\n<li data-start=\"2438\" data-end=\"2545\">j\u00f3l t\u0171ri a v\u00e1rosi k\u00f6rnyezetet, \u00edgy ide\u00e1lis v\u00e1laszt\u00e1s lehet teraszon vagy utcai k\u00f6rnyezetben is. Az alkalmazkod\u00f3k\u00e9pess\u00e9ge miatt kev\u00e9sb\u00e9 \u00e9rz\u00e9keny a l\u00e9gszennyez\u00e9sre \u00e9s a h\u0151m\u00e9rs\u00e9kleti ingadoz\u00e1sokra.<\/li>\n<\/ul>\n<p><b>K\u00e9szlet\u00fcnk napi szinten v\u00e1ltozik, ez\u00e9rt k\u00e9rj\u00fck, \u00e9rdekl\u0151dj\u00f6n szem\u00e9lyesen, telefonon vagy email-en.<br \/>\nA v\u00e1ltoztat\u00e1s jog\u00e1t fenntartjuk!<\/b><b>\u00a0<\/b><\/p>\n<p><a href=\"https:\/\/tajkertesz.com\/\">https:\/\/tajkertesz.com\/<\/a><\/p>\n<p><a href=\"https:\/\/www.facebook.com\/tajkertesz\/\">https:\/\/www.facebook.com\/tajkertesz\/<\/a><\/p>\n<p>Kisz\u00e1ll\u00edt\u00e1s: 200cm-ig \u00e9s 40 kg-ig a sz\u00e1ll\u00edt\u00e1s fut\u00e1rszolg\u00e1lattal t\u00f6rt\u00e9nik.<\/p>\n<p>Szem\u00e9lyes \u00e1tv\u00e9tel nyitvatart\u00e1si id\u0151ben a 17. ker\u00fclet Bakancsos utca 7. sz\u00e1m alatti Kert\u00e9szeti \u00e1rud\u00e1nkban.<\/p>\n<p>Kert\u00e9p\u00edt\u0151k \u00e9s viszontelad\u00f3k regisztr\u00e1l\u00e1s ut\u00e1n egyedi kedvezm\u00e9nnyel v\u00e1s\u00e1rolhatnak kert\u00e9szeti kis-\u00e9s nagykeresked\u00e9s\u00fcnkben.<\/p>\n<p><strong>Az \u00e1rak egy darab term\u00e9kre vonatkoznak.<\/strong><\/p>\n<p><strong>J\u00f3 tudni!<\/strong><\/p>\n<p>K\u00e9pek-elt\u00e9r\u00e9sek:<\/p>\n<p>A n\u00f6v\u00e9nyekr\u0151l felt\u00f6lt\u00f6tt k\u00e9pek illusztr\u00e1ci\u00f3k. N\u00f6v\u00e9nyekn\u00e9l el\u0151fordulhatnak minim\u00e1lis elt\u00e9r\u00e9sek a k\u00e9peken szerepl\u0151 n\u00f6v\u00e9nyek \u00e9s az \u00e1tvett n\u00f6v\u00e9nyek k\u00f6z\u00f6tt, mivel minden n\u00f6v\u00e9ny egyedi.<\/p>\n<h4>N\u00f6v\u00e9nyek sz\u00e1ll\u00edt\u00e1sa:<\/h4>\n<p>A megrendelt n\u00f6v\u00e9nyeket igyeksz\u00fcnk a lehet\u0151 legbiztons\u00e1gosabban egyes\u00e9vel csomagolni, azonban a sz\u00e1ll\u00edt\u00e1s sor\u00e1n m\u00e9g ennek ellen\u00e9re is\u00a0bek\u00f6vetkezhetnek apr\u00f3bb s\u00e9r\u00fcl\u00e9sek (lev\u00e9l- vagy vir\u00e1ghull\u00e1s).<br \/>\nN\u00f6v\u00e9ny rendel\u00e9s eset\u00e9n k\u00e9rj\u00fck a k\u00e9zbes\u00edt\u00e9st k\u00f6vet\u0151en a lehet\u0151 leghamarabb bonts\u00e1k ki a csomagot.<\/p>\n<p>Abban az esetben, ha a megrendelt n\u00f6v\u00e9ny\u00a0a sz\u00e1ll\u00edt\u00e1st k\u00f6vet\u0151en\u00a0nem megfelel\u0151 gondoz\u00e1sban r\u00e9szes\u00fcl \u00e9s ebb\u0151l kifoly\u00f3lag\u00a0k\u00e1rosodik,\u00a0elpusztul, felel\u0151ss\u00e9get sajnos nem tudunk v\u00e1llalni.<\/p>\n<p>V\u00e1s\u00e1rl\u00e1st\u00f3l val\u00f3 el\u00e1ll\u00e1s \u00e9l\u0151 n\u00f6v\u00e9ny v\u00e1s\u00e1rl\u00e1sa eset\u00e9n:<\/p>\n<p>Az \u00e1ltal\u00e1nos 14 napos el\u00e1ll\u00e1s lehet\u0151s\u00e9ge \u00e9l\u0151 n\u00f6v\u00e9nyekre nem vonatkozik. V\u00e1s\u00e1rl\u00e1st\u00f3l val\u00f3 el\u00e1ll\u00e1sra, visszak\u00fcld\u00e9sre nincs lehet\u0151s\u00e9g.\u00a0(17\/1999. (II. 5.) Korm. rendelet 5c pontja)<\/p>\n<p><strong>K\u00e9rj\u00fck fentiek figyelembev\u00e9tel\u00e9t n\u00f6v\u00e9ny rendel\u00e9se sor\u00e1n!<\/strong><\/p>\n<p>&nbsp;<\/p>","protected":false},"excerpt":{"rendered":"<p><strong>Term\u00e9kle\u00edr\u00e1s:<\/strong> 2L-es cser\u00e9pben kb.20\/30cm magas n\u00f6v\u00e9ny<\/p>\n<div id=\"bodyContent\" class=\"mw-body-content\">\n<div id=\"mw-content-text\" class=\"mw-content-ltr\" dir=\"ltr\" lang=\"hu\">\n<div id=\"bodyContent\" class=\"mw-body-content\">\n<div id=\"mw-content-text\" class=\"mw-content-ltr\" dir=\"ltr\" lang=\"hu\">\n<p><b>K\u00e9szlet\u00fcnk napi szinten v\u00e1ltozik, ez\u00e9rt k\u00e9rj\u00fck, \u00e9rdekl\u0151dj\u00f6n szem\u00e9lyesen, telefonon vagy email-en.<\/b><\/p>\n<\/div>\n<\/div>\n<\/div>\n<\/div>","protected":false},"featured_media":1389,"template":"","meta":{"_et_pb_use_builder":"","_et_pb_old_content":"","_et_gb_content_width":""},"product_brand":[],"product_cat":[27,31],"product_tag":[336,335],"class_list":{"0":"post-1385","1":"product","2":"type-product","3":"status-publish","4":"has-post-thumbnail","6":"product_cat-cserjek","7":"product_cat-talajtakaro-novenyek","8":"product_tag-lonicera-pileata-moss-green","9":"product_tag-torpelonc","11":"first","12":"instock","13":"shipping-taxable","14":"purchasable","15":"product-type-simple"},"yoast_head":"<!-- This site is optimized with the Yoast SEO plugin v27.3 - https:\/\/yoast.com\/product\/yoast-seo-wordpress\/ -->\n<title>Lonicera nitida &#039;Elegant&#039; - \u00d6r\u00f6kz\u00f6ld mirtuszlonc - T\u00e1jkert\u00e9sz<\/title>\n<meta name=\"description\" content=\"Lonicera nitida &#039;Elegant&#039; - \u00d6r\u00f6kz\u00f6ld mirtuszlonc az alapfajn\u00e1l laposabban elter\u00fcl\u0151 \u00f6r\u00f6kz\u00f6ld cserje.S\u00e1rga apr\u00f3 vir\u00e1gai tavasszal ny\u00edlnak.\" \/>\n<meta name=\"robots\" content=\"index, follow, max-snippet:-1, max-image-preview:large, max-video-preview:-1\" \/>\n<link rel=\"canonical\" href=\"https:\/\/tajkertesz.com\/en_US\/product\/lonicera-nitida-elegant-orokzold-mirtuszlonc\/\" \/>\n<meta property=\"og:locale\" content=\"en_US\" \/>\n<meta property=\"og:type\" content=\"article\" \/>\n<meta property=\"og:title\" content=\"Lonicera nitida &#039;Elegant&#039; - \u00d6r\u00f6kz\u00f6ld mirtuszlonc - T\u00e1jkert\u00e9sz\" \/>\n<meta property=\"og:description\" content=\"Lonicera nitida &#039;Elegant&#039; - \u00d6r\u00f6kz\u00f6ld mirtuszlonc az alapfajn\u00e1l laposabban elter\u00fcl\u0151 \u00f6r\u00f6kz\u00f6ld cserje.S\u00e1rga apr\u00f3 vir\u00e1gai tavasszal ny\u00edlnak.\" \/>\n<meta property=\"og:url\" content=\"https:\/\/tajkertesz.com\/en_US\/product\/lonicera-nitida-elegant-orokzold-mirtuszlonc\/\" \/>\n<meta property=\"og:site_name\" content=\"T\u00e1jkert\u00e9sz\" \/>\n<meta property=\"article:publisher\" content=\"https:\/\/www.facebook.com\/Tajkertesz\/\" \/>\n<meta property=\"article:modified_time\" content=\"2025-04-09T14:31:29+00:00\" \/>\n<meta property=\"og:image\" content=\"https:\/\/tajkertesz.com\/wp-content\/uploads\/2020\/03\/lonicera-pileata-mossgreen-.jpg2_.jpg\" \/>\n\t<meta property=\"og:image:width\" content=\"400\" \/>\n\t<meta property=\"og:image:height\" content=\"400\" \/>\n\t<meta property=\"og:image:type\" content=\"image\/jpeg\" \/>\n<meta name=\"twitter:card\" content=\"summary_large_image\" \/>\n<meta name=\"twitter:label1\" content=\"Est. reading time\" \/>\n\t<meta name=\"twitter:data1\" content=\"2 minutes\" \/>\n<script type=\"application\/ld+json\" class=\"yoast-schema-graph\">{\"@context\":\"https:\\\/\\\/schema.org\",\"@graph\":[{\"@type\":\"WebPage\",\"@id\":\"https:\\\/\\\/tajkertesz.com\\\/termek\\\/lonicera-nitida-elegant-orokzold-mirtuszlonc\\\/\",\"url\":\"https:\\\/\\\/tajkertesz.com\\\/termek\\\/lonicera-nitida-elegant-orokzold-mirtuszlonc\\\/\",\"name\":\"Lonicera nitida 'Elegant' - \u00d6r\u00f6kz\u00f6ld mirtuszlonc - T\u00e1jkert\u00e9sz\",\"isPartOf\":{\"@id\":\"https:\\\/\\\/tajkertesz.com\\\/#website\"},\"primaryImageOfPage\":{\"@id\":\"https:\\\/\\\/tajkertesz.com\\\/termek\\\/lonicera-nitida-elegant-orokzold-mirtuszlonc\\\/#primaryimage\"},\"image\":{\"@id\":\"https:\\\/\\\/tajkertesz.com\\\/termek\\\/lonicera-nitida-elegant-orokzold-mirtuszlonc\\\/#primaryimage\"},\"thumbnailUrl\":\"https:\\\/\\\/tajkertesz.com\\\/wp-content\\\/uploads\\\/2020\\\/03\\\/lonicera-pileata-mossgreen-.jpg2_.jpg\",\"datePublished\":\"2025-04-09T11:06:25+00:00\",\"dateModified\":\"2025-04-09T14:31:29+00:00\",\"description\":\"Lonicera nitida 'Elegant' - \u00d6r\u00f6kz\u00f6ld mirtuszlonc az alapfajn\u00e1l laposabban elter\u00fcl\u0151 \u00f6r\u00f6kz\u00f6ld cserje.S\u00e1rga apr\u00f3 vir\u00e1gai tavasszal ny\u00edlnak.\",\"breadcrumb\":{\"@id\":\"https:\\\/\\\/tajkertesz.com\\\/termek\\\/lonicera-nitida-elegant-orokzold-mirtuszlonc\\\/#breadcrumb\"},\"inLanguage\":\"en-US\",\"potentialAction\":[{\"@type\":\"ReadAction\",\"target\":[\"https:\\\/\\\/tajkertesz.com\\\/termek\\\/lonicera-nitida-elegant-orokzold-mirtuszlonc\\\/\"]}]},{\"@type\":\"ImageObject\",\"inLanguage\":\"en-US\",\"@id\":\"https:\\\/\\\/tajkertesz.com\\\/termek\\\/lonicera-nitida-elegant-orokzold-mirtuszlonc\\\/#primaryimage\",\"url\":\"https:\\\/\\\/tajkertesz.com\\\/wp-content\\\/uploads\\\/2020\\\/03\\\/lonicera-pileata-mossgreen-.jpg2_.jpg\",\"contentUrl\":\"https:\\\/\\\/tajkertesz.com\\\/wp-content\\\/uploads\\\/2020\\\/03\\\/lonicera-pileata-mossgreen-.jpg2_.jpg\",\"width\":400,\"height\":400,\"caption\":\"Lonicera nitida 'Elegant' - \u00d6r\u00f6kz\u00f6ld mirtuszlonc\"},{\"@type\":\"BreadcrumbList\",\"@id\":\"https:\\\/\\\/tajkertesz.com\\\/termek\\\/lonicera-nitida-elegant-orokzold-mirtuszlonc\\\/#breadcrumb\",\"itemListElement\":[{\"@type\":\"ListItem\",\"position\":1,\"name\":\"Home\",\"item\":\"https:\\\/\\\/tajkertesz.com\\\/\"},{\"@type\":\"ListItem\",\"position\":2,\"name\":\"Kezd\u0151lap\",\"item\":\"https:\\\/\\\/tajkertesz.com\\\/\"},{\"@type\":\"ListItem\",\"position\":3,\"name\":\"Lonicera nitida &#8216;Elegant&#8217; &#8211; \u00d6r\u00f6kz\u00f6ld mirtuszlonc\"}]},{\"@type\":\"WebSite\",\"@id\":\"https:\\\/\\\/tajkertesz.com\\\/#website\",\"url\":\"https:\\\/\\\/tajkertesz.com\\\/\",\"name\":\"T\u00e1j-Kert\u00e9sz 84 Kft.\",\"description\":\"Kert\u00e9szeti kis- \u00e9s nagykeresked\u00e9s, D\u00edszn\u00f6v\u00e9ny web\u00e1ruh\u00e1z orsz\u00e1gos h\u00e1zhozsz\u00e1ll\u00edt\u00e1ssal!\",\"publisher\":{\"@id\":\"https:\\\/\\\/tajkertesz.com\\\/#organization\"},\"potentialAction\":[{\"@type\":\"SearchAction\",\"target\":{\"@type\":\"EntryPoint\",\"urlTemplate\":\"https:\\\/\\\/tajkertesz.com\\\/?s={search_term_string}\"},\"query-input\":{\"@type\":\"PropertyValueSpecification\",\"valueRequired\":true,\"valueName\":\"search_term_string\"}}],\"inLanguage\":\"en-US\"},{\"@type\":\"Organization\",\"@id\":\"https:\\\/\\\/tajkertesz.com\\\/#organization\",\"name\":\"T\u00e1j-Kert\u00e9sz 84 Kft.\",\"url\":\"https:\\\/\\\/tajkertesz.com\\\/\",\"logo\":{\"@type\":\"ImageObject\",\"inLanguage\":\"en-US\",\"@id\":\"https:\\\/\\\/tajkertesz.com\\\/#\\\/schema\\\/logo\\\/image\\\/\",\"url\":\"https:\\\/\\\/tajkertesz.com\\\/wp-content\\\/uploads\\\/2018\\\/02\\\/logo-2-e1518678052539.png\",\"contentUrl\":\"https:\\\/\\\/tajkertesz.com\\\/wp-content\\\/uploads\\\/2018\\\/02\\\/logo-2-e1518678052539.png\",\"width\":81,\"height\":140,\"caption\":\"T\u00e1j-Kert\u00e9sz 84 Kft.\"},\"image\":{\"@id\":\"https:\\\/\\\/tajkertesz.com\\\/#\\\/schema\\\/logo\\\/image\\\/\"},\"sameAs\":[\"https:\\\/\\\/www.facebook.com\\\/Tajkertesz\\\/\"]}]}<\/script>\n<!-- \/ Yoast SEO plugin. -->","yoast_head_json":{"title":"Lonicera nitida 'Elegant' - \u00d6r\u00f6kz\u00f6ld mirtuszlonc - T\u00e1jkert\u00e9sz","description":"Lonicera nitida 'Elegant' - \u00d6r\u00f6kz\u00f6ld mirtuszlonc az alapfajn\u00e1l laposabban elter\u00fcl\u0151 \u00f6r\u00f6kz\u00f6ld cserje.S\u00e1rga apr\u00f3 vir\u00e1gai tavasszal ny\u00edlnak.","robots":{"index":"index","follow":"follow","max-snippet":"max-snippet:-1","max-image-preview":"max-image-preview:large","max-video-preview":"max-video-preview:-1"},"canonical":"https:\/\/tajkertesz.com\/en_US\/product\/lonicera-nitida-elegant-orokzold-mirtuszlonc\/","og_locale":"en_US","og_type":"article","og_title":"Lonicera nitida 'Elegant' - \u00d6r\u00f6kz\u00f6ld mirtuszlonc - T\u00e1jkert\u00e9sz","og_description":"Lonicera nitida 'Elegant' - \u00d6r\u00f6kz\u00f6ld mirtuszlonc az alapfajn\u00e1l laposabban elter\u00fcl\u0151 \u00f6r\u00f6kz\u00f6ld cserje.S\u00e1rga apr\u00f3 vir\u00e1gai tavasszal ny\u00edlnak.","og_url":"https:\/\/tajkertesz.com\/en_US\/product\/lonicera-nitida-elegant-orokzold-mirtuszlonc\/","og_site_name":"T\u00e1jkert\u00e9sz","article_publisher":"https:\/\/www.facebook.com\/Tajkertesz\/","article_modified_time":"2025-04-09T14:31:29+00:00","og_image":[{"width":400,"height":400,"url":"https:\/\/tajkertesz.com\/wp-content\/uploads\/2020\/03\/lonicera-pileata-mossgreen-.jpg2_.jpg","type":"image\/jpeg"}],"twitter_card":"summary_large_image","twitter_misc":{"Est. reading time":"2 minutes"},"schema":{"@context":"https:\/\/schema.org","@graph":[{"@type":"WebPage","@id":"https:\/\/tajkertesz.com\/termek\/lonicera-nitida-elegant-orokzold-mirtuszlonc\/","url":"https:\/\/tajkertesz.com\/termek\/lonicera-nitida-elegant-orokzold-mirtuszlonc\/","name":"Lonicera nitida 'Elegant' - \u00d6r\u00f6kz\u00f6ld mirtuszlonc - T\u00e1jkert\u00e9sz","isPartOf":{"@id":"https:\/\/tajkertesz.com\/#website"},"primaryImageOfPage":{"@id":"https:\/\/tajkertesz.com\/termek\/lonicera-nitida-elegant-orokzold-mirtuszlonc\/#primaryimage"},"image":{"@id":"https:\/\/tajkertesz.com\/termek\/lonicera-nitida-elegant-orokzold-mirtuszlonc\/#primaryimage"},"thumbnailUrl":"https:\/\/tajkertesz.com\/wp-content\/uploads\/2020\/03\/lonicera-pileata-mossgreen-.jpg2_.jpg","datePublished":"2025-04-09T11:06:25+00:00","dateModified":"2025-04-09T14:31:29+00:00","description":"Lonicera nitida 'Elegant' - \u00d6r\u00f6kz\u00f6ld mirtuszlonc az alapfajn\u00e1l laposabban elter\u00fcl\u0151 \u00f6r\u00f6kz\u00f6ld cserje.S\u00e1rga apr\u00f3 vir\u00e1gai tavasszal ny\u00edlnak.","breadcrumb":{"@id":"https:\/\/tajkertesz.com\/termek\/lonicera-nitida-elegant-orokzold-mirtuszlonc\/#breadcrumb"},"inLanguage":"en-US","potentialAction":[{"@type":"ReadAction","target":["https:\/\/tajkertesz.com\/termek\/lonicera-nitida-elegant-orokzold-mirtuszlonc\/"]}]},{"@type":"ImageObject","inLanguage":"en-US","@id":"https:\/\/tajkertesz.com\/termek\/lonicera-nitida-elegant-orokzold-mirtuszlonc\/#primaryimage","url":"https:\/\/tajkertesz.com\/wp-content\/uploads\/2020\/03\/lonicera-pileata-mossgreen-.jpg2_.jpg","contentUrl":"https:\/\/tajkertesz.com\/wp-content\/uploads\/2020\/03\/lonicera-pileata-mossgreen-.jpg2_.jpg","width":400,"height":400,"caption":"Lonicera nitida 'Elegant' - \u00d6r\u00f6kz\u00f6ld mirtuszlonc"},{"@type":"BreadcrumbList","@id":"https:\/\/tajkertesz.com\/termek\/lonicera-nitida-elegant-orokzold-mirtuszlonc\/#breadcrumb","itemListElement":[{"@type":"ListItem","position":1,"name":"Home","item":"https:\/\/tajkertesz.com\/"},{"@type":"ListItem","position":2,"name":"Kezd\u0151lap","item":"https:\/\/tajkertesz.com\/"},{"@type":"ListItem","position":3,"name":"Lonicera nitida &#8216;Elegant&#8217; &#8211; \u00d6r\u00f6kz\u00f6ld mirtuszlonc"}]},{"@type":"WebSite","@id":"https:\/\/tajkertesz.com\/#website","url":"https:\/\/tajkertesz.com\/","name":"T\u00e1j-Kert\u00e9sz 84 Kft.","description":"Kert\u00e9szeti kis- \u00e9s nagykeresked\u00e9s, D\u00edszn\u00f6v\u00e9ny web\u00e1ruh\u00e1z orsz\u00e1gos h\u00e1zhozsz\u00e1ll\u00edt\u00e1ssal!","publisher":{"@id":"https:\/\/tajkertesz.com\/#organization"},"potentialAction":[{"@type":"SearchAction","target":{"@type":"EntryPoint","urlTemplate":"https:\/\/tajkertesz.com\/?s={search_term_string}"},"query-input":{"@type":"PropertyValueSpecification","valueRequired":true,"valueName":"search_term_string"}}],"inLanguage":"en-US"},{"@type":"Organization","@id":"https:\/\/tajkertesz.com\/#organization","name":"T\u00e1j-Kert\u00e9sz 84 Kft.","url":"https:\/\/tajkertesz.com\/","logo":{"@type":"ImageObject","inLanguage":"en-US","@id":"https:\/\/tajkertesz.com\/#\/schema\/logo\/image\/","url":"https:\/\/tajkertesz.com\/wp-content\/uploads\/2018\/02\/logo-2-e1518678052539.png","contentUrl":"https:\/\/tajkertesz.com\/wp-content\/uploads\/2018\/02\/logo-2-e1518678052539.png","width":81,"height":140,"caption":"T\u00e1j-Kert\u00e9sz 84 Kft."},"image":{"@id":"https:\/\/tajkertesz.com\/#\/schema\/logo\/image\/"},"sameAs":["https:\/\/www.facebook.com\/Tajkertesz\/"]}]}},"_links":{"self":[{"href":"https:\/\/tajkertesz.com\/en_US\/wp-json\/wp\/v2\/product\/1385","targetHints":{"allow":["GET"]}}],"collection":[{"href":"https:\/\/tajkertesz.com\/en_US\/wp-json\/wp\/v2\/product"}],"about":[{"href":"https:\/\/tajkertesz.com\/en_US\/wp-json\/wp\/v2\/types\/product"}],"wp:featuredmedia":[{"embeddable":true,"href":"https:\/\/tajkertesz.com\/en_US\/wp-json\/wp\/v2\/media\/1389"}],"wp:attachment":[{"href":"https:\/\/tajkertesz.com\/en_US\/wp-json\/wp\/v2\/media?parent=1385"}],"wp:term":[{"taxonomy":"product_brand","embeddable":true,"href":"https:\/\/tajkertesz.com\/en_US\/wp-json\/wp\/v2\/product_brand?post=1385"},{"taxonomy":"product_cat","embeddable":true,"href":"https:\/\/tajkertesz.com\/en_US\/wp-json\/wp\/v2\/product_cat?post=1385"},{"taxonomy":"product_tag","embeddable":true,"href":"https:\/\/tajkertesz.com\/en_US\/wp-json\/wp\/v2\/product_tag?post=1385"}],"curies":[{"name":"wp","href":"https:\/\/api.w.org\/{rel}","templated":true}]}}