{"id":13853,"date":"2022-10-22T09:35:34","date_gmt":"2022-10-22T09:35:34","guid":{"rendered":"https:\/\/tajkertesz.com\/?post_type=product&#038;p=13853"},"modified":"2026-02-25T12:57:59","modified_gmt":"2026-02-25T12:57:59","slug":"icl-finesse-fumagkeverek-10kg","status":"publish","type":"product","link":"https:\/\/tajkertesz.com\/en_US\/product\/icl-finesse-fumagkeverek-10kg\/","title":{"rendered":"ICL. Finesse f\u0171magkever\u00e9k 10kg."},"content":{"rendered":"<div class=\"tabs\" data-tabs=\"\">\n<div id=\"attachment_13851\" style=\"width: 310px\" class=\"wp-caption alignleft\"><img loading=\"lazy\" decoding=\"async\" aria-describedby=\"caption-attachment-13851\" class=\"size-medium wp-image-13851\" src=\"https:\/\/tajkertesz.com\/wp-content\/uploads\/2022\/10\/s-l500-300x300.jpg\" alt=\"\" width=\"300\" height=\"300\" srcset=\"https:\/\/tajkertesz.com\/wp-content\/uploads\/2022\/10\/s-l500-300x300.jpg 300w, https:\/\/tajkertesz.com\/wp-content\/uploads\/2022\/10\/s-l500-150x150.jpg 150w, https:\/\/tajkertesz.com\/wp-content\/uploads\/2022\/10\/s-l500-12x12.jpg 12w, https:\/\/tajkertesz.com\/wp-content\/uploads\/2022\/10\/s-l500-380x381.jpg 380w, https:\/\/tajkertesz.com\/wp-content\/uploads\/2022\/10\/s-l500-160x160.jpg 160w, https:\/\/tajkertesz.com\/wp-content\/uploads\/2022\/10\/s-l500-350x350.jpg 350w, https:\/\/tajkertesz.com\/wp-content\/uploads\/2022\/10\/s-l500-265x265.jpg 265w, https:\/\/tajkertesz.com\/wp-content\/uploads\/2022\/10\/s-l500-100x100.jpg 100w, https:\/\/tajkertesz.com\/wp-content\/uploads\/2022\/10\/s-l500-64x64.jpg 64w, https:\/\/tajkertesz.com\/wp-content\/uploads\/2022\/10\/s-l500.jpg 500w\" sizes=\"(max-width: 300px) 100vw, 300px\" \/><p id=\"caption-attachment-13851\" class=\"wp-caption-text\">Landscaper Finesse<\/p><\/div>\n<h4>ICL. Finesse f\u0171magkever\u00e9k 10kg.<\/h4>\n<h4>Az ICL. Finesse f\u0171magkever\u00e9k 10kg. f\u0171magkever\u00e9kkel magas eszt\u00e9tikai \u00e9rt\u00e9k\u0171, ugyanakkor j\u00f3 tapos\u00e1s t\u0171r\u0151, finomsz\u00e1l\u00fa, s\u0171r\u0171 \u00e9s \u00e9l\u00e9nk sz\u00edn\u0171 d\u00edszgyep alak\u00edthat\u00f3 ki.<\/h4>\n<p>P\u00e1zsit jelleg\u0171 sz\u00e1razs\u00e1gt\u0171r\u0151 pr\u00e9mium f\u0171magkever\u00e9k.<\/p>\n<h3>El\u0151ny\u00f6k:<\/h3>\n<section class=\"tabs--content\" data-tabs-content=\"\">\n<article class=\"is-active\" data-tab-title=\"el\u0151ny\u00f6k\">\n<ul>\n<li>Nagy ar\u00e1nyban tartalmaz finomlevel\u0171 csenkeszeket<\/li>\n<li>Finomsz\u00e1l\u00fa, s\u0171r\u0171 gyep alak\u00edthat\u00f3 ki vele<\/li>\n<li>Az \u00e9l\u00e9nk sz\u00edn j\u00f3 tapos\u00e1s t\u0171r\u00e9ssel p\u00e1rosul<\/li>\n<li>Viszonylag csek\u00e9ly fenntart\u00e1st ig\u00e9nyel<\/li>\n<\/ul>\n<h3>Haszn\u00e1lati utas\u00edt\u00e1s:<\/h3>\n<section class=\"tabs--content\" data-tabs-content=\"\">\n<article class=\"is-active\" data-tab-title=\"haszn\u00e1lati utas\u00edt\u00e1s\">A 10 kg-os zs\u00e1k k\u00f6r\u00fclbel\u00fcl 400 m2 fel\u00fcletre elegend\u0151.<br \/>\nJavasolt adagja 25 \u2013 35g\/m\u00b2.<br \/>\nAj\u00e1nlott v\u00e1g\u00e1si magass\u00e1g 1,5 \u2013 2,5cm.Tov\u00e1bbi javaslatok\u00e9rt \u00e9s aj\u00e1nl\u00e1sok\u00e9rt keresse fel kert\u00e9szet\u00fcnket!A Landscaper Pro Finesse f\u0171magkever\u00e9kkel magas eszt\u00e9tikai \u00e9rt\u00e9k\u0171, ugyanakkor j\u00f3 tapos\u00e1s t\u0171r\u0151, finomsz\u00e1l\u00fa, s\u0171r\u0171 \u00e9s \u00e9l\u00e9nk sz\u00edn\u0171 d\u00edszgyep alak\u00edthat\u00f3 ki.<\/article>\n<\/section>\n<\/article>\n<\/section>\n<\/div>\n<h2>Kiszerel\u00e9s:<\/h2>\n<p>1kg, 5 kg, 10 kg<\/p>\n<p>Aj\u00e1nlott a f\u0171magvet\u00e9ssel vagy gyepsz\u0151nyegez\u00e9ssel egy id\u0151ben a gyeptelep\u00edt\u0151 m\u0171tr\u00e1gya kijuttat\u00e1sa.<\/p>\n<p>Kattintson az als\u00f3 linkre a m\u0171tr\u00e1gya megv\u00e1s\u00e1rl\u00e1s\u00e1hoz!<\/p>\n<p><strong><a href=\"https:\/\/tajkertesz.com\/termek\/icl-landscaper-pro-new-grass-2020-08-3honap-15kg-35g-m2-420m2\/\">ICL.Landscaper Pro New Grass 20+20+08\/3h\u00f3nap \/15kg\/35g-m2 \u2013 T\u00e1jkert\u00e9sz (tajkertesz.com)<\/a><\/strong><\/p>\n<p><b>K\u00e9szlet\u00fcnk napi szinten v\u00e1ltozik, ez\u00e9rt k\u00e9rj\u00fck, \u00e9rdekl\u0151dj\u00f6n szem\u00e9lyesen, telefonon vagy email-en.<br \/>\nA v\u00e1ltoztat\u00e1s jog\u00e1t fenntartjuk!\u00a0<\/b><\/p>\n<p>&nbsp;<\/p>\n<p>&nbsp;<\/p>\n<h4><strong>\ud83d\udd04 K\u00e9szletinform\u00e1ci\u00f3<\/strong><\/h4>\n<p><strong>K\u00e9szlet\u00fcnk napi szinten v\u00e1ltozik, \u00edgy a webshopban szerepl<\/strong><strong>\u0151<\/strong><strong>\u00a0term\u00e9kek el\u00e9rhet<\/strong><strong>\u0151<\/strong><strong>s\u00e9ge nem garant\u00e1lt.<br \/>\n\ud83d\udcde A megrendel\u00e9s el<\/strong><strong>\u0151<\/strong><strong>tt k\u00e9rj\u00fck, \u00e9rdekl<\/strong><strong>\u0151<\/strong><strong>dj\u00f6n szem\u00e9lyesen, telefonon vagy e-mailben!<\/strong><\/p>\n<h4><strong>\u27a1\ufe0f Kapcsolat:<\/strong><\/h4>\n<ul>\n<li><strong>Weboldal:\u00a0<\/strong><a href=\"https:\/\/tajkertesz.com\/\"><strong>tajkertesz.com<\/strong><\/a><\/li>\n<li><strong>Facebook:\u00a0<\/strong><a href=\"https:\/\/www.facebook.com\/tajkertesz\/\"><strong>facebook.com\/tajkertesz<\/strong><\/a><\/li>\n<li><strong>Telefonsz\u00e1m, e-mail: +36\/20-319-3770\u00a0<\/strong><a href=\"mailto:tajkerteszaruda@gmail.com\"><strong>tajkerteszaruda@gmail.com<\/strong><\/a><\/li>\n<\/ul>\n<h4><strong>\ud83d\ude9a Sz\u00e1ll\u00edt\u00e1si inform\u00e1ci\u00f3k<\/strong><\/h4>\n<p><strong>A megrendelt n\u00f6v\u00e9nyek kisz\u00e1ll\u00edt\u00e1sa az al\u00e1bbi felt\u00e9telek mellett t\u00f6rt\u00e9nik:<\/strong><\/p>\n<h4><strong>\ud83d\udce6 Fut\u00e1rszolg\u00e1latos sz\u00e1ll\u00edt\u00e1s<\/strong><\/h4>\n<ul>\n<li><strong>Maxim\u00e1lis m\u00e9ret: 200 cm (hossz\u00fas\u00e1g)<\/strong><\/li>\n<li><strong>Maxim\u00e1lis s\u00faly: 40 kg<\/strong><\/li>\n<li><strong>Az enn\u00e9l kisebb \u00e9s k\u00f6nnyebb csomagokat fut\u00e1rszolg\u00e1lattal k\u00e9zbes\u00edtj\u00fck a lehet<\/strong><strong>\u0151<\/strong><strong>\u00a0legbiztons\u00e1gosabb csomagol\u00e1sban.<\/strong><\/li>\n<\/ul>\n<h4><strong>\ud83d\udefb Szem\u00e9lyes \u00e1tv\u00e9tel<\/strong><\/h4>\n<ul>\n<li><strong>1173 Budapest, Bakancsos utca 7. sz\u00e1m alatt nyitvatart\u00e1si id<\/strong><strong>\u0151<\/strong><strong>ben szem\u00e9lyesen \u00e1tvehet<\/strong><strong>\u0151<\/strong><strong>\u00a0kert\u00e9szeti \u00e1rud\u00e1nkban.<\/strong><\/li>\n<li><strong>K\u00f6lts\u00e9ghat\u00e9kony megold\u00e1s nagyobb, t\u00f6r\u00e9kenyebb vagy t\u00falm\u00e9retes n\u00f6v\u00e9nyek eset\u00e9n.<\/strong><\/li>\n<\/ul>\n<h4><strong>\ud83d\udcde Nagy m\u00e9ret<\/strong><strong>\u0171<\/strong><strong>\u00a0vagy s\u00faly\u00fa n\u00f6v\u00e9nyek eset\u00e9n<\/strong><\/h4>\n<p><strong>Ha a term\u00e9k:<\/strong><\/p>\n<ul>\n<li><strong>meghaladja a 200 cm hossz\u00fas\u00e1got vagy<\/strong><\/li>\n<li><strong>meghaladja a 40 kg s\u00falyt,<\/strong><\/li>\n<\/ul>\n<p><strong>akkor szem\u00e9lyes \u00e1tv\u00e9tellel vagy egyedi, el<\/strong><strong>\u0151<\/strong><strong>re egyeztetett sz\u00e1ll\u00edt\u00e1si felt\u00e9telek mellett t\u00f6rt\u00e9nik.<br \/>\nK\u00e9rj\u00fck, ilyen esetben rendel\u00e9s el<\/strong><strong>\u0151<\/strong><strong>tt vegye fel vel\u00fcnk a kapcsolatot, hogy a lehet<\/strong><strong>\u0151<\/strong><strong>\u00a0legmegfelel<\/strong><strong>\u0151<\/strong><strong>bb sz\u00e1ll\u00edt\u00e1si megold\u00e1st k\u00edn\u00e1lhassuk.<\/strong><\/p>\n<p><strong>\ud83d\udd14 Fontos: A n\u00f6v\u00e9nyeket minden esetben igyeksz\u00fcnk gondosan, egyes\u00e9vel csomagolni, azonban a sz\u00e1ll\u00edt\u00e1s sor\u00e1n kisebb eszt\u00e9tikai s\u00e9r\u00fcl\u00e9sek el<\/strong><strong>\u0151<\/strong><strong>fordulhatnak (pl. lev\u00e9lhull\u00e1s). Ez nem min<\/strong><strong>\u0151<\/strong><strong>s\u00fcl hib\u00e1s teljes\u00edt\u00e9snek.<\/strong><\/p>\n<h4><strong>\ud83d\udcf7 Fontos tudni a k\u00e9pekr<\/strong><strong>\u0151<\/strong><strong>l<\/strong><\/h4>\n<p><strong>A webshopban szerepl<\/strong><strong>\u0151<\/strong><strong>\u00a0k\u00e9pek illusztr\u00e1ci\u00f3k, a n\u00f6v\u00e9nyek term\u00e9szet\u00fckn\u00e9l fogva egyediek, \u00edgy m\u00e9retben, alakban \u00e9s sz\u00ednben minim\u00e1lis elt\u00e9r\u00e9sek el<\/strong><strong>\u0151<\/strong><strong>fordulhatnak a k\u00e9pen l\u00e1that\u00f3 \u00e9s a val\u00f3s p\u00e9ld\u00e1nyok k\u00f6z\u00f6tt.<\/strong><\/p>\n<h4><strong>\ud83e\uddfe \u00c1rak \u00e9s el\u00e1ll\u00e1si jog<\/strong><\/h4>\n<ul>\n<li><strong>Az \u00e1rak egy darab\u00a0n\u00f6v\u00e9nyre vonatkoznak.<\/strong><\/li>\n<li><strong>\u00c9l<\/strong><strong>\u0151<\/strong><strong>\u00a0n\u00f6v\u00e9nyek rendel\u00e9se eset\u00e9n a 14 napos el\u00e1ll\u00e1s joga nem \u00e9rv\u00e9nyes\u00edthet<\/strong><strong>\u0151<\/strong><strong>, mivel azok romland\u00f3, biol\u00f3giailag \u00e9l<\/strong><strong>\u0151<\/strong><strong>\u00a0term\u00e9keknek min<\/strong><strong>\u0151<\/strong><strong>s\u00fclnek.<br \/>\n\ud83d\udd12 (17\/1999. (II. 5.) Korm. rendelet 5. \u00a7 c) pontja alapj\u00e1n)<\/strong><\/li>\n<\/ul>\n<h4><strong>\ud83d\udce6 K\u00e9zbes\u00edt\u00e9s ut\u00e1ni teend<\/strong><strong>\u0151<\/strong><strong>k<\/strong><\/h4>\n<p><strong>A k\u00e9zbes\u00edt\u00e9st k\u00f6vet<\/strong><strong>\u0151<\/strong><strong>en a csomagot azonnal bontsuk ki, \u00e9s a n\u00f6v\u00e9nyt helyezz\u00fck el megfelel<\/strong><strong>\u0151<\/strong><strong>\u00a0k\u00f6rnyezetben.<br \/>\nFontos: ha a n\u00f6v\u00e9ny nem r\u00e9szes\u00fcl megfelel<\/strong><strong>\u0151<\/strong><strong>\u00a0gondoz\u00e1sban \u00e9s ennek k\u00f6vetkezt\u00e9ben k\u00e1rosodik vagy elpusztul, felel<\/strong><strong>\u0151<\/strong><strong>ss\u00e9get nem tudunk v\u00e1llalni.<\/strong><\/p>\n<p><strong>\u00a0<\/strong><\/p>","protected":false},"excerpt":{"rendered":"<p>P\u00e1zsit jelleg\u0171 sz\u00e1razs\u00e1gt\u0171r\u0151 pr\u00e9mium f\u0171magkever\u00e9k.<\/p>\n<p>A Landscaper Pro Finesse f\u0171magkever\u00e9kkel magas eszt\u00e9tikai \u00e9rt\u00e9k\u0171, ugyanakkor j\u00f3 tapos\u00e1s t\u0171r\u0151, finomsz\u00e1l\u00fa, s\u0171r\u0171 \u00e9s \u00e9l\u00e9nk sz\u00edn\u0171 d\u00edszgyep alak\u00edthat\u00f3 ki.<\/p>","protected":false},"featured_media":21195,"template":"","meta":{"_et_pb_use_builder":"","_et_pb_old_content":"","_et_gb_content_width":""},"product_brand":[],"product_cat":[5019],"product_tag":[5321,1284,1285,1200,1470],"class_list":{"0":"post-13853","1":"product","2":"type-product","3":"status-publish","4":"has-post-thumbnail","6":"product_cat-icl-landscaper-fumagok","7":"product_tag-finesse","8":"product_tag-fumag","9":"product_tag-gyep","10":"product_tag-landscaper","11":"product_tag-pazsit","13":"first","14":"instock","15":"shipping-taxable","16":"purchasable","17":"product-type-simple"},"yoast_head":"<!-- This site is optimized with the Yoast SEO plugin v27.4 - https:\/\/yoast.com\/product\/yoast-seo-wordpress\/ -->\n<title>ICL. Finesse f\u0171magkever\u00e9k 10kg. - T\u00e1jkert\u00e9sz<\/title>\n<meta name=\"description\" content=\"Az ICL. Finesse f\u0171magkever\u00e9k 10kg.\u00a0 f\u0171magkever\u00e9kkel magas eszt\u00e9tikai \u00e9rt\u00e9k\u0171, ugyanakkor j\u00f3 tapos\u00e1s t\u0171r\u0151, finomsz\u00e1l\u00fa, s\u0171r\u0171 \u00e9s \u00e9l\u00e9nk sz\u00edn\u0171 d\u00edszgyep ala...\" \/>\n<meta name=\"robots\" content=\"index, follow, max-snippet:-1, max-image-preview:large, max-video-preview:-1\" \/>\n<link rel=\"canonical\" href=\"https:\/\/tajkertesz.com\/en_US\/product\/icl-finesse-fumagkeverek-10kg\/\" \/>\n<meta property=\"og:locale\" content=\"en_US\" \/>\n<meta property=\"og:type\" content=\"article\" \/>\n<meta property=\"og:title\" content=\"ICL. Finesse f\u0171magkever\u00e9k 10kg. - T\u00e1jkert\u00e9sz\" \/>\n<meta property=\"og:description\" content=\"Az ICL. Finesse f\u0171magkever\u00e9k 10kg.\u00a0 f\u0171magkever\u00e9kkel magas eszt\u00e9tikai \u00e9rt\u00e9k\u0171, ugyanakkor j\u00f3 tapos\u00e1s t\u0171r\u0151, finomsz\u00e1l\u00fa, s\u0171r\u0171 \u00e9s \u00e9l\u00e9nk sz\u00edn\u0171 d\u00edszgyep ala...\" \/>\n<meta property=\"og:url\" content=\"https:\/\/tajkertesz.com\/en_US\/product\/icl-finesse-fumagkeverek-10kg\/\" \/>\n<meta property=\"og:site_name\" content=\"T\u00e1jkert\u00e9sz\" \/>\n<meta property=\"article:publisher\" content=\"https:\/\/www.facebook.com\/Tajkertesz\/\" \/>\n<meta property=\"article:modified_time\" content=\"2026-02-25T12:57:59+00:00\" \/>\n<meta property=\"og:image\" content=\"https:\/\/tajkertesz.com\/wp-content\/uploads\/2022\/10\/70570.png.webp\" \/>\n\t<meta property=\"og:image:width\" content=\"360\" \/>\n\t<meta property=\"og:image:height\" content=\"360\" \/>\n\t<meta property=\"og:image:type\" content=\"image\/webp\" \/>\n<meta name=\"twitter:card\" content=\"summary_large_image\" \/>\n<meta name=\"twitter:label1\" content=\"Est. reading time\" \/>\n\t<meta name=\"twitter:data1\" content=\"3 minutes\" \/>\n<script type=\"application\/ld+json\" class=\"yoast-schema-graph\">{\"@context\":\"https:\\\/\\\/schema.org\",\"@graph\":[{\"@type\":\"WebPage\",\"@id\":\"https:\\\/\\\/tajkertesz.com\\\/termek\\\/icl-finesse-fumagkeverek-10kg\\\/\",\"url\":\"https:\\\/\\\/tajkertesz.com\\\/termek\\\/icl-finesse-fumagkeverek-10kg\\\/\",\"name\":\"ICL. Finesse f\u0171magkever\u00e9k 10kg. - T\u00e1jkert\u00e9sz\",\"isPartOf\":{\"@id\":\"https:\\\/\\\/tajkertesz.com\\\/#website\"},\"primaryImageOfPage\":{\"@id\":\"https:\\\/\\\/tajkertesz.com\\\/termek\\\/icl-finesse-fumagkeverek-10kg\\\/#primaryimage\"},\"image\":{\"@id\":\"https:\\\/\\\/tajkertesz.com\\\/termek\\\/icl-finesse-fumagkeverek-10kg\\\/#primaryimage\"},\"thumbnailUrl\":\"https:\\\/\\\/tajkertesz.com\\\/wp-content\\\/uploads\\\/2022\\\/10\\\/70570.png.webp\",\"datePublished\":\"2022-10-22T09:35:34+00:00\",\"dateModified\":\"2026-02-25T12:57:59+00:00\",\"description\":\"Az ICL. Finesse f\u0171magkever\u00e9k 10kg.\u00a0 f\u0171magkever\u00e9kkel magas eszt\u00e9tikai \u00e9rt\u00e9k\u0171, ugyanakkor j\u00f3 tapos\u00e1s t\u0171r\u0151, finomsz\u00e1l\u00fa, s\u0171r\u0171 \u00e9s \u00e9l\u00e9nk sz\u00edn\u0171 d\u00edszgyep ala...\",\"breadcrumb\":{\"@id\":\"https:\\\/\\\/tajkertesz.com\\\/termek\\\/icl-finesse-fumagkeverek-10kg\\\/#breadcrumb\"},\"inLanguage\":\"en-US\",\"potentialAction\":[{\"@type\":\"ReadAction\",\"target\":[\"https:\\\/\\\/tajkertesz.com\\\/termek\\\/icl-finesse-fumagkeverek-10kg\\\/\"]}]},{\"@type\":\"ImageObject\",\"inLanguage\":\"en-US\",\"@id\":\"https:\\\/\\\/tajkertesz.com\\\/termek\\\/icl-finesse-fumagkeverek-10kg\\\/#primaryimage\",\"url\":\"https:\\\/\\\/tajkertesz.com\\\/wp-content\\\/uploads\\\/2022\\\/10\\\/70570.png.webp\",\"contentUrl\":\"https:\\\/\\\/tajkertesz.com\\\/wp-content\\\/uploads\\\/2022\\\/10\\\/70570.png.webp\",\"width\":360,\"height\":360,\"caption\":\"F\u0171mag Finesse 5kg\\\/25-35g-m2\\\/140-200m2\\\/70db-raklap\"},{\"@type\":\"BreadcrumbList\",\"@id\":\"https:\\\/\\\/tajkertesz.com\\\/termek\\\/icl-finesse-fumagkeverek-10kg\\\/#breadcrumb\",\"itemListElement\":[{\"@type\":\"ListItem\",\"position\":1,\"name\":\"Home\",\"item\":\"https:\\\/\\\/tajkertesz.com\\\/\"},{\"@type\":\"ListItem\",\"position\":2,\"name\":\"Kezd\u0151lap\",\"item\":\"https:\\\/\\\/tajkertesz.com\\\/\"},{\"@type\":\"ListItem\",\"position\":3,\"name\":\"ICL. Finesse f\u0171magkever\u00e9k 10kg.\"}]},{\"@type\":\"WebSite\",\"@id\":\"https:\\\/\\\/tajkertesz.com\\\/#website\",\"url\":\"https:\\\/\\\/tajkertesz.com\\\/\",\"name\":\"T\u00e1j-Kert\u00e9sz 84 Kft.\",\"description\":\"Kert\u00e9szeti kis- \u00e9s nagykeresked\u00e9s, D\u00edszn\u00f6v\u00e9ny web\u00e1ruh\u00e1z orsz\u00e1gos h\u00e1zhozsz\u00e1ll\u00edt\u00e1ssal!\",\"publisher\":{\"@id\":\"https:\\\/\\\/tajkertesz.com\\\/#organization\"},\"potentialAction\":[{\"@type\":\"SearchAction\",\"target\":{\"@type\":\"EntryPoint\",\"urlTemplate\":\"https:\\\/\\\/tajkertesz.com\\\/?s={search_term_string}\"},\"query-input\":{\"@type\":\"PropertyValueSpecification\",\"valueRequired\":true,\"valueName\":\"search_term_string\"}}],\"inLanguage\":\"en-US\"},{\"@type\":\"Organization\",\"@id\":\"https:\\\/\\\/tajkertesz.com\\\/#organization\",\"name\":\"T\u00e1j-Kert\u00e9sz 84 Kft.\",\"url\":\"https:\\\/\\\/tajkertesz.com\\\/\",\"logo\":{\"@type\":\"ImageObject\",\"inLanguage\":\"en-US\",\"@id\":\"https:\\\/\\\/tajkertesz.com\\\/#\\\/schema\\\/logo\\\/image\\\/\",\"url\":\"https:\\\/\\\/tajkertesz.com\\\/wp-content\\\/uploads\\\/2018\\\/02\\\/logo-2-e1518678052539.png\",\"contentUrl\":\"https:\\\/\\\/tajkertesz.com\\\/wp-content\\\/uploads\\\/2018\\\/02\\\/logo-2-e1518678052539.png\",\"width\":81,\"height\":140,\"caption\":\"T\u00e1j-Kert\u00e9sz 84 Kft.\"},\"image\":{\"@id\":\"https:\\\/\\\/tajkertesz.com\\\/#\\\/schema\\\/logo\\\/image\\\/\"},\"sameAs\":[\"https:\\\/\\\/www.facebook.com\\\/Tajkertesz\\\/\"]}]}<\/script>\n<!-- \/ Yoast SEO plugin. -->","yoast_head_json":{"title":"ICL. Finesse f\u0171magkever\u00e9k 10kg. - T\u00e1jkert\u00e9sz","description":"Az ICL. Finesse f\u0171magkever\u00e9k 10kg.\u00a0 f\u0171magkever\u00e9kkel magas eszt\u00e9tikai \u00e9rt\u00e9k\u0171, ugyanakkor j\u00f3 tapos\u00e1s t\u0171r\u0151, finomsz\u00e1l\u00fa, s\u0171r\u0171 \u00e9s \u00e9l\u00e9nk sz\u00edn\u0171 d\u00edszgyep ala...","robots":{"index":"index","follow":"follow","max-snippet":"max-snippet:-1","max-image-preview":"max-image-preview:large","max-video-preview":"max-video-preview:-1"},"canonical":"https:\/\/tajkertesz.com\/en_US\/product\/icl-finesse-fumagkeverek-10kg\/","og_locale":"en_US","og_type":"article","og_title":"ICL. Finesse f\u0171magkever\u00e9k 10kg. - T\u00e1jkert\u00e9sz","og_description":"Az ICL. Finesse f\u0171magkever\u00e9k 10kg.\u00a0 f\u0171magkever\u00e9kkel magas eszt\u00e9tikai \u00e9rt\u00e9k\u0171, ugyanakkor j\u00f3 tapos\u00e1s t\u0171r\u0151, finomsz\u00e1l\u00fa, s\u0171r\u0171 \u00e9s \u00e9l\u00e9nk sz\u00edn\u0171 d\u00edszgyep ala...","og_url":"https:\/\/tajkertesz.com\/en_US\/product\/icl-finesse-fumagkeverek-10kg\/","og_site_name":"T\u00e1jkert\u00e9sz","article_publisher":"https:\/\/www.facebook.com\/Tajkertesz\/","article_modified_time":"2026-02-25T12:57:59+00:00","og_image":[{"width":360,"height":360,"url":"https:\/\/tajkertesz.com\/wp-content\/uploads\/2022\/10\/70570.png.webp","type":"image\/webp"}],"twitter_card":"summary_large_image","twitter_misc":{"Est. reading time":"3 minutes"},"schema":{"@context":"https:\/\/schema.org","@graph":[{"@type":"WebPage","@id":"https:\/\/tajkertesz.com\/termek\/icl-finesse-fumagkeverek-10kg\/","url":"https:\/\/tajkertesz.com\/termek\/icl-finesse-fumagkeverek-10kg\/","name":"ICL. Finesse f\u0171magkever\u00e9k 10kg. - T\u00e1jkert\u00e9sz","isPartOf":{"@id":"https:\/\/tajkertesz.com\/#website"},"primaryImageOfPage":{"@id":"https:\/\/tajkertesz.com\/termek\/icl-finesse-fumagkeverek-10kg\/#primaryimage"},"image":{"@id":"https:\/\/tajkertesz.com\/termek\/icl-finesse-fumagkeverek-10kg\/#primaryimage"},"thumbnailUrl":"https:\/\/tajkertesz.com\/wp-content\/uploads\/2022\/10\/70570.png.webp","datePublished":"2022-10-22T09:35:34+00:00","dateModified":"2026-02-25T12:57:59+00:00","description":"Az ICL. Finesse f\u0171magkever\u00e9k 10kg.\u00a0 f\u0171magkever\u00e9kkel magas eszt\u00e9tikai \u00e9rt\u00e9k\u0171, ugyanakkor j\u00f3 tapos\u00e1s t\u0171r\u0151, finomsz\u00e1l\u00fa, s\u0171r\u0171 \u00e9s \u00e9l\u00e9nk sz\u00edn\u0171 d\u00edszgyep ala...","breadcrumb":{"@id":"https:\/\/tajkertesz.com\/termek\/icl-finesse-fumagkeverek-10kg\/#breadcrumb"},"inLanguage":"en-US","potentialAction":[{"@type":"ReadAction","target":["https:\/\/tajkertesz.com\/termek\/icl-finesse-fumagkeverek-10kg\/"]}]},{"@type":"ImageObject","inLanguage":"en-US","@id":"https:\/\/tajkertesz.com\/termek\/icl-finesse-fumagkeverek-10kg\/#primaryimage","url":"https:\/\/tajkertesz.com\/wp-content\/uploads\/2022\/10\/70570.png.webp","contentUrl":"https:\/\/tajkertesz.com\/wp-content\/uploads\/2022\/10\/70570.png.webp","width":360,"height":360,"caption":"F\u0171mag Finesse 5kg\/25-35g-m2\/140-200m2\/70db-raklap"},{"@type":"BreadcrumbList","@id":"https:\/\/tajkertesz.com\/termek\/icl-finesse-fumagkeverek-10kg\/#breadcrumb","itemListElement":[{"@type":"ListItem","position":1,"name":"Home","item":"https:\/\/tajkertesz.com\/"},{"@type":"ListItem","position":2,"name":"Kezd\u0151lap","item":"https:\/\/tajkertesz.com\/"},{"@type":"ListItem","position":3,"name":"ICL. Finesse f\u0171magkever\u00e9k 10kg."}]},{"@type":"WebSite","@id":"https:\/\/tajkertesz.com\/#website","url":"https:\/\/tajkertesz.com\/","name":"T\u00e1j-Kert\u00e9sz 84 Kft.","description":"Kert\u00e9szeti kis- \u00e9s nagykeresked\u00e9s, D\u00edszn\u00f6v\u00e9ny web\u00e1ruh\u00e1z orsz\u00e1gos h\u00e1zhozsz\u00e1ll\u00edt\u00e1ssal!","publisher":{"@id":"https:\/\/tajkertesz.com\/#organization"},"potentialAction":[{"@type":"SearchAction","target":{"@type":"EntryPoint","urlTemplate":"https:\/\/tajkertesz.com\/?s={search_term_string}"},"query-input":{"@type":"PropertyValueSpecification","valueRequired":true,"valueName":"search_term_string"}}],"inLanguage":"en-US"},{"@type":"Organization","@id":"https:\/\/tajkertesz.com\/#organization","name":"T\u00e1j-Kert\u00e9sz 84 Kft.","url":"https:\/\/tajkertesz.com\/","logo":{"@type":"ImageObject","inLanguage":"en-US","@id":"https:\/\/tajkertesz.com\/#\/schema\/logo\/image\/","url":"https:\/\/tajkertesz.com\/wp-content\/uploads\/2018\/02\/logo-2-e1518678052539.png","contentUrl":"https:\/\/tajkertesz.com\/wp-content\/uploads\/2018\/02\/logo-2-e1518678052539.png","width":81,"height":140,"caption":"T\u00e1j-Kert\u00e9sz 84 Kft."},"image":{"@id":"https:\/\/tajkertesz.com\/#\/schema\/logo\/image\/"},"sameAs":["https:\/\/www.facebook.com\/Tajkertesz\/"]}]}},"_links":{"self":[{"href":"https:\/\/tajkertesz.com\/en_US\/wp-json\/wp\/v2\/product\/13853","targetHints":{"allow":["GET"]}}],"collection":[{"href":"https:\/\/tajkertesz.com\/en_US\/wp-json\/wp\/v2\/product"}],"about":[{"href":"https:\/\/tajkertesz.com\/en_US\/wp-json\/wp\/v2\/types\/product"}],"wp:featuredmedia":[{"embeddable":true,"href":"https:\/\/tajkertesz.com\/en_US\/wp-json\/wp\/v2\/media\/21195"}],"wp:attachment":[{"href":"https:\/\/tajkertesz.com\/en_US\/wp-json\/wp\/v2\/media?parent=13853"}],"wp:term":[{"taxonomy":"product_brand","embeddable":true,"href":"https:\/\/tajkertesz.com\/en_US\/wp-json\/wp\/v2\/product_brand?post=13853"},{"taxonomy":"product_cat","embeddable":true,"href":"https:\/\/tajkertesz.com\/en_US\/wp-json\/wp\/v2\/product_cat?post=13853"},{"taxonomy":"product_tag","embeddable":true,"href":"https:\/\/tajkertesz.com\/en_US\/wp-json\/wp\/v2\/product_tag?post=13853"}],"curies":[{"name":"wp","href":"https:\/\/api.w.org\/{rel}","templated":true}]}}