{"id":13868,"date":"2022-10-24T07:11:12","date_gmt":"2022-10-24T07:11:12","guid":{"rendered":"https:\/\/tajkertesz.com\/?post_type=product&#038;p=13868"},"modified":"2026-02-25T13:24:10","modified_gmt":"2026-02-25T13:24:10","slug":"icl-pro","status":"publish","type":"product","link":"https:\/\/tajkertesz.com\/en_US\/product\/icl-pro\/","title":{"rendered":"ICL-Everris Osmocote Flora m\u0171tr\u00e1gya vir\u00e1g\u00e1gy\u00e1sokhoz 15kg."},"content":{"rendered":"<div id=\"attachment_13872\" style=\"width: 145px\" class=\"wp-caption alignleft\"><img loading=\"lazy\" decoding=\"async\" aria-describedby=\"caption-attachment-13872\" class=\"size-medium wp-image-13872\" src=\"https:\/\/tajkertesz.com\/wp-content\/uploads\/2022\/10\/20221024_084639-1-135x300.jpg\" alt=\"\" width=\"135\" height=\"300\" srcset=\"https:\/\/tajkertesz.com\/wp-content\/uploads\/2022\/10\/20221024_084639-1-135x300.jpg 135w, https:\/\/tajkertesz.com\/wp-content\/uploads\/2022\/10\/20221024_084639-1-462x1024.jpg 462w, https:\/\/tajkertesz.com\/wp-content\/uploads\/2022\/10\/20221024_084639-1-768x1704.jpg 768w, https:\/\/tajkertesz.com\/wp-content\/uploads\/2022\/10\/20221024_084639-1-692x1536.jpg 692w, https:\/\/tajkertesz.com\/wp-content\/uploads\/2022\/10\/20221024_084639-1-923x2048.jpg 923w, https:\/\/tajkertesz.com\/wp-content\/uploads\/2022\/10\/20221024_084639-1-5x12.jpg 5w, https:\/\/tajkertesz.com\/wp-content\/uploads\/2022\/10\/20221024_084639-1-600x1331.jpg 600w, https:\/\/tajkertesz.com\/wp-content\/uploads\/2022\/10\/20221024_084639-1-64x142.jpg 64w, https:\/\/tajkertesz.com\/wp-content\/uploads\/2022\/10\/20221024_084639-1-scaled.jpg 1154w\" sizes=\"(max-width: 135px) 100vw, 135px\" \/><p id=\"caption-attachment-13872\" class=\"wp-caption-text\">ICL PRO<\/p><\/div>\n<h1><strong>Meg\u00fajult az Osmocote\u00a0<\/strong><strong>Pro\u00a0<\/strong><strong>term\u00e9kcsal\u00e1d<\/strong><strong>!<\/strong><\/h1>\n<p><strong>F<\/strong><strong>ejlesztett\u00fcnk az Osmocote Pro \u00f6sszet\u00e9tel\u00e9n \u00e9s a burkol\u00e1si technol\u00f3gi<\/strong><strong>\u00e1n<\/strong><\/p>\n<p>l\u00a0 A magas nitrog\u00e9nes sor m\u00e9g t\u00f6bb nitrog\u00e9nt tartalmaz.<\/p>\n<ol>\n<li>l\u00a0 A foszforfelv\u00e9tel m\u00e9g hat\u00e9konyabb.<\/li>\n<li>l\u00a0 A mikroelemek felvehet\u0151s\u00e9ge is tov\u00e1bb javult.<\/li>\n<li>l\u00a0 A burkol\u00e1s tov\u00e1bbfejleszt\u00e9s\u00e9vel m\u00e9g kiegyenl\u00edtettebb a felt\u00e1r\u00f3d\u00e1s.<\/li>\n<\/ol>\n<p>&nbsp;<\/p>\n<p><strong>\u00d6sszess\u00e9g\u00e9ben m\u00e9g jobb n\u00f6v\u00e9nyi reakci\u00f3 v\u00e1rhat\u00f3 a meg\u00fajult Osmocote Pro term\u00e9kcsal\u00e1d tagjait\u00f3l.<\/strong><\/p>\n<p>Az Osmocote Pro m\u00e9g jobb teljes\u00edtm\u00e9ny\u00e9vel kiemelkedik a 2. gener\u00e1ci\u00f3s versenyt\u00e1rsak k\u00f6z\u00fcl. Felismerhet\u0151v\u00e9 teszi a narancss\u00e1rga \u00e9s feh\u00e9r sz\u00ednk\u00f3d a szemcs\u00e9k k\u00f6z\u00f6tt. Els\u0151sorban olyan cserepes d\u00edszn\u00f6v\u00e9ny kult\u00far\u00e1hoz javasoljuk, ahol nitrog\u00e9nes alaptr\u00e1gy\u00e1t k\u00edv\u00e1nnak haszn\u00e1lni alacsonyabb d\u00f3zisban (2,0-2,5 kg\/m<sup>3<\/sup>), \u00e9s folyamatos t\u00e1poldatoz\u00e1ssal eg\u00e9sz\u00edtik ki a n\u00f6v\u00e9nyt\u00e1pl\u00e1l\u00e1st. Javasolhat\u00f3 pl. cserepes z\u00f6ldn\u00f6v\u00e9nyek, krizant\u00e9m alaptr\u00e1gy\u00e1jak\u00e9nt kieg\u00e9sz\u00edt\u0151 Peters, vagy Universol t\u00e1poldatoz\u00e1ssal.<\/p>\n<h3>Bizony\u00edtottan eredm\u00e9nyes m\u00e1sodik gener\u00e1ci\u00f3s m\u0171tr\u00e1gya<\/h3>\n<p>Az Osmocote Pro az ICL Specialty Fertilizers m\u00e1sodik gener\u00e1ci\u00f3s burkolt m\u0171tr\u00e1gy\u00e1ja. A teljes eg\u00e9sz\u00e9ben burkolt term\u00e9k az NPK \u00e9s a magn\u00e9zium mellett tartalmazza az \u00f6sszes l\u00e9tfontoss\u00e1g\u00fa mikroelemet is. El\u0151re meghat\u00e1rozott hat\u00e1startama 3\u20134 h\u00f3napt\u00f3l 12\u201314 h\u00f3napig terjed. Az Osmocote Pro felt\u00e1r\u00f3d\u00e1si \u00fcteme egyenletes, teljes adagban \u00e9s t\u00e1poldatoz\u00e1s mell\u00e9 kieg\u00e9sz\u00edt\u0151 alapm\u0171tr\u00e1gyak\u00e9nt egyar\u00e1nt alkalmazhat\u00f3.<\/p>\n<p>Speci\u00e1lis helyzetekben, p\u00e9ld\u00e1ul gyors n\u00f6veked\u00e9si \u00fctem, \u00fcltet\u0151 lyukakba t\u00f6rt\u00e9n\u0151 adagol\u00e1s, \u00e9rz\u00e9keny, ill. nagy \u00e9rt\u00e9k\u0171 n\u00f6v\u00e9nyfajok vagy neh\u00e9z termeszt\u00e9si k\u00f6r\u00fclm\u00e9nyek (\u00fcvegh\u00e1zas termel\u00e9s) eset\u00e9n, a maxim\u00e1lis teljes\u00edtm\u00e9ny, a megb\u00edzhat\u00f3s\u00e1g \u00e9s a garant\u00e1lt eredm\u00e9ny el\u00e9r\u00e9se \u00e9rdek\u00e9ben Osmocote Exact haszn\u00e1lata javasolt.<\/p>\n<h4><strong>\ud83d\udd04 K\u00e9szletinform\u00e1ci\u00f3<\/strong><\/h4>\n<p><strong>K\u00e9szlet\u00fcnk napi szinten v\u00e1ltozik, \u00edgy a webshopban szerepl<\/strong><strong>\u0151<\/strong><strong>\u00a0term\u00e9kek el\u00e9rhet<\/strong><strong>\u0151<\/strong><strong>s\u00e9ge nem garant\u00e1lt.<br \/>\n\ud83d\udcde A megrendel\u00e9s el<\/strong><strong>\u0151<\/strong><strong>tt k\u00e9rj\u00fck, \u00e9rdekl<\/strong><strong>\u0151<\/strong><strong>dj\u00f6n szem\u00e9lyesen, telefonon vagy e-mailben!<\/strong><\/p>\n<h4><strong>\u27a1\ufe0f Kapcsolat:<\/strong><\/h4>\n<ul>\n<li><strong>Weboldal:\u00a0<\/strong><a href=\"https:\/\/tajkertesz.com\/\"><strong>tajkertesz.com<\/strong><\/a><\/li>\n<li><strong>Facebook:\u00a0<\/strong><a href=\"https:\/\/www.facebook.com\/tajkertesz\/\"><strong>facebook.com\/tajkertesz<\/strong><\/a><\/li>\n<li><strong>Telefonsz\u00e1m, e-mail: +36\/20-319-3770\u00a0<\/strong><a href=\"mailto:tajkerteszaruda@gmail.com\"><strong>tajkerteszaruda@gmail.com<\/strong><\/a><\/li>\n<\/ul>\n<h4><strong>\ud83d\ude9a Sz\u00e1ll\u00edt\u00e1si inform\u00e1ci\u00f3k<\/strong><\/h4>\n<p><strong>A megrendelt n\u00f6v\u00e9nyek kisz\u00e1ll\u00edt\u00e1sa az al\u00e1bbi felt\u00e9telek mellett t\u00f6rt\u00e9nik:<\/strong><\/p>\n<h4><strong>\ud83d\udce6 Fut\u00e1rszolg\u00e1latos sz\u00e1ll\u00edt\u00e1s<\/strong><\/h4>\n<ul>\n<li><strong>Maxim\u00e1lis m\u00e9ret: 200 cm (hossz\u00fas\u00e1g)<\/strong><\/li>\n<li><strong>Maxim\u00e1lis s\u00faly: 40 kg<\/strong><\/li>\n<li><strong>Az enn\u00e9l kisebb \u00e9s k\u00f6nnyebb csomagokat fut\u00e1rszolg\u00e1lattal k\u00e9zbes\u00edtj\u00fck a lehet<\/strong><strong>\u0151<\/strong><strong>\u00a0legbiztons\u00e1gosabb csomagol\u00e1sban.<\/strong><\/li>\n<\/ul>\n<h4><strong>\ud83d\udefb Szem\u00e9lyes \u00e1tv\u00e9tel<\/strong><\/h4>\n<ul>\n<li><strong>1173 Budapest, Bakancsos utca 7. sz\u00e1m alatt nyitvatart\u00e1si id<\/strong><strong>\u0151<\/strong><strong>ben szem\u00e9lyesen \u00e1tvehet<\/strong><strong>\u0151<\/strong><strong>\u00a0kert\u00e9szeti \u00e1rud\u00e1nkban.<\/strong><\/li>\n<li><strong>K\u00f6lts\u00e9ghat\u00e9kony megold\u00e1s nagyobb, t\u00f6r\u00e9kenyebb vagy t\u00falm\u00e9retes n\u00f6v\u00e9nyek eset\u00e9n.<\/strong><\/li>\n<\/ul>\n<h4><strong>\ud83d\udcde Nagy m\u00e9ret<\/strong><strong>\u0171<\/strong><strong>\u00a0vagy s\u00faly\u00fa n\u00f6v\u00e9nyek eset\u00e9n<\/strong><\/h4>\n<p><strong>Ha a term\u00e9k:<\/strong><\/p>\n<ul>\n<li><strong>meghaladja a 200 cm hossz\u00fas\u00e1got vagy<\/strong><\/li>\n<li><strong>meghaladja a 40 kg s\u00falyt,<\/strong><\/li>\n<\/ul>\n<p><strong>akkor szem\u00e9lyes \u00e1tv\u00e9tellel vagy egyedi, el<\/strong><strong>\u0151<\/strong><strong>re egyeztetett sz\u00e1ll\u00edt\u00e1si felt\u00e9telek mellett t\u00f6rt\u00e9nik.<br \/>\nK\u00e9rj\u00fck, ilyen esetben rendel\u00e9s el<\/strong><strong>\u0151<\/strong><strong>tt vegye fel vel\u00fcnk a kapcsolatot, hogy a lehet<\/strong><strong>\u0151<\/strong><strong>\u00a0legmegfelel<\/strong><strong>\u0151<\/strong><strong>bb sz\u00e1ll\u00edt\u00e1si megold\u00e1st k\u00edn\u00e1lhassuk.<\/strong><\/p>\n<p><strong>\ud83d\udd14 Fontos: A n\u00f6v\u00e9nyeket minden esetben igyeksz\u00fcnk gondosan, egyes\u00e9vel csomagolni, azonban a sz\u00e1ll\u00edt\u00e1s sor\u00e1n kisebb eszt\u00e9tikai s\u00e9r\u00fcl\u00e9sek el<\/strong><strong>\u0151<\/strong><strong>fordulhatnak (pl. lev\u00e9lhull\u00e1s). Ez nem min<\/strong><strong>\u0151<\/strong><strong>s\u00fcl hib\u00e1s teljes\u00edt\u00e9snek.<\/strong><\/p>\n<h4><strong>\ud83d\udcf7 Fontos tudni a k\u00e9pekr<\/strong><strong>\u0151<\/strong><strong>l<\/strong><\/h4>\n<p><strong>A webshopban szerepl<\/strong><strong>\u0151<\/strong><strong>\u00a0k\u00e9pek illusztr\u00e1ci\u00f3k, a n\u00f6v\u00e9nyek term\u00e9szet\u00fckn\u00e9l fogva egyediek, \u00edgy m\u00e9retben, alakban \u00e9s sz\u00ednben minim\u00e1lis elt\u00e9r\u00e9sek el<\/strong><strong>\u0151<\/strong><strong>fordulhatnak a k\u00e9pen l\u00e1that\u00f3 \u00e9s a val\u00f3s p\u00e9ld\u00e1nyok k\u00f6z\u00f6tt.<\/strong><\/p>\n<h4><strong>\ud83e\uddfe \u00c1rak \u00e9s el\u00e1ll\u00e1si jog<\/strong><\/h4>\n<ul>\n<li><strong>Az \u00e1rak egy darab\u00a0n\u00f6v\u00e9nyre vonatkoznak.<\/strong><\/li>\n<li><strong>\u00c9l<\/strong><strong>\u0151<\/strong><strong>\u00a0n\u00f6v\u00e9nyek rendel\u00e9se eset\u00e9n a 14 napos el\u00e1ll\u00e1s joga nem \u00e9rv\u00e9nyes\u00edthet<\/strong><strong>\u0151<\/strong><strong>, mivel azok romland\u00f3, biol\u00f3giailag \u00e9l<\/strong><strong>\u0151<\/strong><strong>\u00a0term\u00e9keknek min<\/strong><strong>\u0151<\/strong><strong>s\u00fclnek.<br \/>\n\ud83d\udd12 (17\/1999. (II. 5.) Korm. rendelet 5. \u00a7 c) pontja alapj\u00e1n)<\/strong><\/li>\n<\/ul>\n<h4><strong>\ud83d\udce6 K\u00e9zbes\u00edt\u00e9s ut\u00e1ni teend<\/strong><strong>\u0151<\/strong><strong>k<\/strong><\/h4>\n<p><strong>A k\u00e9zbes\u00edt\u00e9st k\u00f6vet<\/strong><strong>\u0151<\/strong><strong>en a csomagot azonnal bontsuk ki, \u00e9s a n\u00f6v\u00e9nyt helyezz\u00fck el megfelel<\/strong><strong>\u0151<\/strong><strong>\u00a0k\u00f6rnyezetben.<br \/>\nFontos: ha a n\u00f6v\u00e9ny nem r\u00e9szes\u00fcl megfelel<\/strong><strong>\u0151<\/strong><strong>\u00a0gondoz\u00e1sban \u00e9s ennek k\u00f6vetkezt\u00e9ben k\u00e1rosodik vagy elpusztul, felel<\/strong><strong>\u0151<\/strong><strong>ss\u00e9get nem tudunk v\u00e1llalni.<\/strong><\/p>\n<p>&nbsp;<\/p>","protected":false},"excerpt":{"rendered":"<p><strong>NPK\u00a015+09+11+3MgO<\/strong><\/p>\n<p>\u2013 \u00a0Vir\u00e1g\u00e1gy\u00e1sok, f\u00e1k \u00e9s cserj\u00e9k, ed\u00e9nyes \u00e9s f\u00fcgg\u0151cserepes n\u00f6v\u00e9nyek kezel\u00e9s\u00e9re alkalmas<br \/>\n\u2013 Egyetlen kezel\u00e9ssel eg\u00e9sz \u00e9ves t\u00e1panyag-ut\u00e1np\u00f3tl\u00e1st ny\u00fajt<br \/>\n\u2013 Hosszan tart\u00f3, b\u0151s\u00e9ges vir\u00e1gz\u00e1st \u00e9s eg\u00e9szs\u00e9ges n\u00f6veked\u00e9st tesz lehet\u0151v\u00e9<\/p>\n<p>&#8211;\u00a0Javasolt alkalmaz\u00e1si id\u0151szak: m\u00e1rciust\u00f3l j\u00faliusig.<br \/>\nJavasolt d\u00f3zis: 35 g\/m2, egy zs\u00e1k kb 400 m2-re elegend\u0151.<br \/>\n&#8211; Hat\u00e1startam: 5-6 h\u00f3nap<\/p>\n<p><em>A Landscaper Pro Flora Vir\u00e1g\u00e1gy\u00e1sokhoz m\u0171tr\u00e1gya tart\u00f3s t\u00e1panyagforr\u00e1st biztos\u00edt a n\u00f6v\u00e9nyek sz\u00e1m\u00e1ra. Vir\u00e1g\u00e1gy\u00e1sok, f\u00e1k \u00e9s cserj\u00e9k kezel\u00e9s\u00e9re, valamint vir\u00e1gtart\u00f3kban, balkonl\u00e1d\u00e1kban is haszn\u00e1lhat\u00f3.<\/em><\/p>\n<p><em>Egyed\u00fcl\u00e1ll\u00f3 \u00f6sszet\u00e9tele hosszan tart\u00f3, b\u0151s\u00e9ges vir\u00e1gz\u00e1st \u00e9s eg\u00e9szs\u00e9ges n\u00f6veked\u00e9st tesz lehet\u0151v\u00e9.<\/em><\/p>","protected":false},"featured_media":13872,"template":"","meta":{"_et_pb_use_builder":"","_et_pb_old_content":"","_et_gb_content_width":""},"product_brand":[],"product_cat":[1456],"product_tag":[],"class_list":{"0":"post-13868","1":"product","2":"type-product","3":"status-publish","4":"has-post-thumbnail","6":"product_cat-icl-everris-scotts-mutragyak","8":"first","9":"instock","10":"shipping-taxable","11":"purchasable","12":"product-type-simple"},"yoast_head":"<!-- This site is optimized with the Yoast SEO plugin v27.4 - https:\/\/yoast.com\/product\/yoast-seo-wordpress\/ -->\n<title>ICL-Everris Osmocote Flora m\u0171tr\u00e1gya vir\u00e1g\u00e1gy\u00e1sokhoz 15kg. - T\u00e1jkert\u00e9sz<\/title>\n<meta name=\"description\" content=\"NPK\u00a015+09+11+3MgO\u2013 \u00a0Vir\u00e1g\u00e1gy\u00e1sok, f\u00e1k \u00e9s cserj\u00e9k, ed\u00e9nyes \u00e9s f\u00fcgg\u0151cserepes n\u00f6v\u00e9nyek kezel\u00e9s\u00e9re alkalmas\u2013 Egyetlen kezel\u00e9ssel eg\u00e9sz \u00e9ves t\u00e1panyag-ut\u00e1np\u00f3tl\u00e1s\" \/>\n<meta name=\"robots\" content=\"index, follow, max-snippet:-1, max-image-preview:large, max-video-preview:-1\" \/>\n<link rel=\"canonical\" href=\"https:\/\/tajkertesz.com\/en_US\/product\/icl-pro\/\" \/>\n<meta property=\"og:locale\" content=\"en_US\" \/>\n<meta property=\"og:type\" content=\"article\" \/>\n<meta property=\"og:title\" content=\"ICL-Everris Osmocote Flora m\u0171tr\u00e1gya vir\u00e1g\u00e1gy\u00e1sokhoz 15kg. - T\u00e1jkert\u00e9sz\" \/>\n<meta property=\"og:description\" content=\"NPK\u00a015+09+11+3MgO\u2013 \u00a0Vir\u00e1g\u00e1gy\u00e1sok, f\u00e1k \u00e9s cserj\u00e9k, ed\u00e9nyes \u00e9s f\u00fcgg\u0151cserepes n\u00f6v\u00e9nyek kezel\u00e9s\u00e9re alkalmas\u2013 Egyetlen kezel\u00e9ssel eg\u00e9sz \u00e9ves t\u00e1panyag-ut\u00e1np\u00f3tl\u00e1s\" \/>\n<meta property=\"og:url\" content=\"https:\/\/tajkertesz.com\/en_US\/product\/icl-pro\/\" \/>\n<meta property=\"og:site_name\" content=\"T\u00e1jkert\u00e9sz\" \/>\n<meta property=\"article:publisher\" content=\"https:\/\/www.facebook.com\/Tajkertesz\/\" \/>\n<meta property=\"article:modified_time\" content=\"2026-02-25T13:24:10+00:00\" \/>\n<meta property=\"og:image\" content=\"https:\/\/tajkertesz.com\/wp-content\/uploads\/2022\/10\/20221024_084639-1-scaled.jpg\" \/>\n\t<meta property=\"og:image:width\" content=\"1154\" \/>\n\t<meta property=\"og:image:height\" content=\"2560\" \/>\n\t<meta property=\"og:image:type\" content=\"image\/jpeg\" \/>\n<meta name=\"twitter:card\" content=\"summary_large_image\" \/>\n<meta name=\"twitter:label1\" content=\"Est. reading time\" \/>\n\t<meta name=\"twitter:data1\" content=\"4 minutes\" \/>\n<script type=\"application\/ld+json\" class=\"yoast-schema-graph\">{\"@context\":\"https:\\\/\\\/schema.org\",\"@graph\":[{\"@type\":\"WebPage\",\"@id\":\"https:\\\/\\\/tajkertesz.com\\\/termek\\\/icl-pro\\\/\",\"url\":\"https:\\\/\\\/tajkertesz.com\\\/termek\\\/icl-pro\\\/\",\"name\":\"ICL-Everris Osmocote Flora m\u0171tr\u00e1gya vir\u00e1g\u00e1gy\u00e1sokhoz 15kg. - T\u00e1jkert\u00e9sz\",\"isPartOf\":{\"@id\":\"https:\\\/\\\/tajkertesz.com\\\/#website\"},\"primaryImageOfPage\":{\"@id\":\"https:\\\/\\\/tajkertesz.com\\\/termek\\\/icl-pro\\\/#primaryimage\"},\"image\":{\"@id\":\"https:\\\/\\\/tajkertesz.com\\\/termek\\\/icl-pro\\\/#primaryimage\"},\"thumbnailUrl\":\"https:\\\/\\\/tajkertesz.com\\\/wp-content\\\/uploads\\\/2022\\\/10\\\/20221024_084639-1-scaled.jpg\",\"datePublished\":\"2022-10-24T07:11:12+00:00\",\"dateModified\":\"2026-02-25T13:24:10+00:00\",\"description\":\"NPK\u00a015+09+11+3MgO\u2013 \u00a0Vir\u00e1g\u00e1gy\u00e1sok, f\u00e1k \u00e9s cserj\u00e9k, ed\u00e9nyes \u00e9s f\u00fcgg\u0151cserepes n\u00f6v\u00e9nyek kezel\u00e9s\u00e9re alkalmas\u2013 Egyetlen kezel\u00e9ssel eg\u00e9sz \u00e9ves t\u00e1panyag-ut\u00e1np\u00f3tl\u00e1s\",\"breadcrumb\":{\"@id\":\"https:\\\/\\\/tajkertesz.com\\\/termek\\\/icl-pro\\\/#breadcrumb\"},\"inLanguage\":\"en-US\",\"potentialAction\":[{\"@type\":\"ReadAction\",\"target\":[\"https:\\\/\\\/tajkertesz.com\\\/termek\\\/icl-pro\\\/\"]}]},{\"@type\":\"ImageObject\",\"inLanguage\":\"en-US\",\"@id\":\"https:\\\/\\\/tajkertesz.com\\\/termek\\\/icl-pro\\\/#primaryimage\",\"url\":\"https:\\\/\\\/tajkertesz.com\\\/wp-content\\\/uploads\\\/2022\\\/10\\\/20221024_084639-1-scaled.jpg\",\"contentUrl\":\"https:\\\/\\\/tajkertesz.com\\\/wp-content\\\/uploads\\\/2022\\\/10\\\/20221024_084639-1-scaled.jpg\",\"width\":1154,\"height\":2560,\"caption\":\"ICL PRO\"},{\"@type\":\"BreadcrumbList\",\"@id\":\"https:\\\/\\\/tajkertesz.com\\\/termek\\\/icl-pro\\\/#breadcrumb\",\"itemListElement\":[{\"@type\":\"ListItem\",\"position\":1,\"name\":\"Home\",\"item\":\"https:\\\/\\\/tajkertesz.com\\\/\"},{\"@type\":\"ListItem\",\"position\":2,\"name\":\"Kezd\u0151lap\",\"item\":\"https:\\\/\\\/tajkertesz.com\\\/\"},{\"@type\":\"ListItem\",\"position\":3,\"name\":\"ICL-Everris Osmocote Flora m\u0171tr\u00e1gya vir\u00e1g\u00e1gy\u00e1sokhoz 15kg.\"}]},{\"@type\":\"WebSite\",\"@id\":\"https:\\\/\\\/tajkertesz.com\\\/#website\",\"url\":\"https:\\\/\\\/tajkertesz.com\\\/\",\"name\":\"T\u00e1j-Kert\u00e9sz 84 Kft.\",\"description\":\"Kert\u00e9szeti kis- \u00e9s nagykeresked\u00e9s, D\u00edszn\u00f6v\u00e9ny web\u00e1ruh\u00e1z orsz\u00e1gos h\u00e1zhozsz\u00e1ll\u00edt\u00e1ssal!\",\"publisher\":{\"@id\":\"https:\\\/\\\/tajkertesz.com\\\/#organization\"},\"potentialAction\":[{\"@type\":\"SearchAction\",\"target\":{\"@type\":\"EntryPoint\",\"urlTemplate\":\"https:\\\/\\\/tajkertesz.com\\\/?s={search_term_string}\"},\"query-input\":{\"@type\":\"PropertyValueSpecification\",\"valueRequired\":true,\"valueName\":\"search_term_string\"}}],\"inLanguage\":\"en-US\"},{\"@type\":\"Organization\",\"@id\":\"https:\\\/\\\/tajkertesz.com\\\/#organization\",\"name\":\"T\u00e1j-Kert\u00e9sz 84 Kft.\",\"url\":\"https:\\\/\\\/tajkertesz.com\\\/\",\"logo\":{\"@type\":\"ImageObject\",\"inLanguage\":\"en-US\",\"@id\":\"https:\\\/\\\/tajkertesz.com\\\/#\\\/schema\\\/logo\\\/image\\\/\",\"url\":\"https:\\\/\\\/tajkertesz.com\\\/wp-content\\\/uploads\\\/2018\\\/02\\\/logo-2-e1518678052539.png\",\"contentUrl\":\"https:\\\/\\\/tajkertesz.com\\\/wp-content\\\/uploads\\\/2018\\\/02\\\/logo-2-e1518678052539.png\",\"width\":81,\"height\":140,\"caption\":\"T\u00e1j-Kert\u00e9sz 84 Kft.\"},\"image\":{\"@id\":\"https:\\\/\\\/tajkertesz.com\\\/#\\\/schema\\\/logo\\\/image\\\/\"},\"sameAs\":[\"https:\\\/\\\/www.facebook.com\\\/Tajkertesz\\\/\"]}]}<\/script>\n<!-- \/ Yoast SEO plugin. -->","yoast_head_json":{"title":"ICL-Everris Osmocote Flora m\u0171tr\u00e1gya vir\u00e1g\u00e1gy\u00e1sokhoz 15kg. - T\u00e1jkert\u00e9sz","description":"NPK\u00a015+09+11+3MgO\u2013 \u00a0Vir\u00e1g\u00e1gy\u00e1sok, f\u00e1k \u00e9s cserj\u00e9k, ed\u00e9nyes \u00e9s f\u00fcgg\u0151cserepes n\u00f6v\u00e9nyek kezel\u00e9s\u00e9re alkalmas\u2013 Egyetlen kezel\u00e9ssel eg\u00e9sz \u00e9ves t\u00e1panyag-ut\u00e1np\u00f3tl\u00e1s","robots":{"index":"index","follow":"follow","max-snippet":"max-snippet:-1","max-image-preview":"max-image-preview:large","max-video-preview":"max-video-preview:-1"},"canonical":"https:\/\/tajkertesz.com\/en_US\/product\/icl-pro\/","og_locale":"en_US","og_type":"article","og_title":"ICL-Everris Osmocote Flora m\u0171tr\u00e1gya vir\u00e1g\u00e1gy\u00e1sokhoz 15kg. - T\u00e1jkert\u00e9sz","og_description":"NPK\u00a015+09+11+3MgO\u2013 \u00a0Vir\u00e1g\u00e1gy\u00e1sok, f\u00e1k \u00e9s cserj\u00e9k, ed\u00e9nyes \u00e9s f\u00fcgg\u0151cserepes n\u00f6v\u00e9nyek kezel\u00e9s\u00e9re alkalmas\u2013 Egyetlen kezel\u00e9ssel eg\u00e9sz \u00e9ves t\u00e1panyag-ut\u00e1np\u00f3tl\u00e1s","og_url":"https:\/\/tajkertesz.com\/en_US\/product\/icl-pro\/","og_site_name":"T\u00e1jkert\u00e9sz","article_publisher":"https:\/\/www.facebook.com\/Tajkertesz\/","article_modified_time":"2026-02-25T13:24:10+00:00","og_image":[{"width":1154,"height":2560,"url":"https:\/\/tajkertesz.com\/wp-content\/uploads\/2022\/10\/20221024_084639-1-scaled.jpg","type":"image\/jpeg"}],"twitter_card":"summary_large_image","twitter_misc":{"Est. reading time":"4 minutes"},"schema":{"@context":"https:\/\/schema.org","@graph":[{"@type":"WebPage","@id":"https:\/\/tajkertesz.com\/termek\/icl-pro\/","url":"https:\/\/tajkertesz.com\/termek\/icl-pro\/","name":"ICL-Everris Osmocote Flora m\u0171tr\u00e1gya vir\u00e1g\u00e1gy\u00e1sokhoz 15kg. - T\u00e1jkert\u00e9sz","isPartOf":{"@id":"https:\/\/tajkertesz.com\/#website"},"primaryImageOfPage":{"@id":"https:\/\/tajkertesz.com\/termek\/icl-pro\/#primaryimage"},"image":{"@id":"https:\/\/tajkertesz.com\/termek\/icl-pro\/#primaryimage"},"thumbnailUrl":"https:\/\/tajkertesz.com\/wp-content\/uploads\/2022\/10\/20221024_084639-1-scaled.jpg","datePublished":"2022-10-24T07:11:12+00:00","dateModified":"2026-02-25T13:24:10+00:00","description":"NPK\u00a015+09+11+3MgO\u2013 \u00a0Vir\u00e1g\u00e1gy\u00e1sok, f\u00e1k \u00e9s cserj\u00e9k, ed\u00e9nyes \u00e9s f\u00fcgg\u0151cserepes n\u00f6v\u00e9nyek kezel\u00e9s\u00e9re alkalmas\u2013 Egyetlen kezel\u00e9ssel eg\u00e9sz \u00e9ves t\u00e1panyag-ut\u00e1np\u00f3tl\u00e1s","breadcrumb":{"@id":"https:\/\/tajkertesz.com\/termek\/icl-pro\/#breadcrumb"},"inLanguage":"en-US","potentialAction":[{"@type":"ReadAction","target":["https:\/\/tajkertesz.com\/termek\/icl-pro\/"]}]},{"@type":"ImageObject","inLanguage":"en-US","@id":"https:\/\/tajkertesz.com\/termek\/icl-pro\/#primaryimage","url":"https:\/\/tajkertesz.com\/wp-content\/uploads\/2022\/10\/20221024_084639-1-scaled.jpg","contentUrl":"https:\/\/tajkertesz.com\/wp-content\/uploads\/2022\/10\/20221024_084639-1-scaled.jpg","width":1154,"height":2560,"caption":"ICL PRO"},{"@type":"BreadcrumbList","@id":"https:\/\/tajkertesz.com\/termek\/icl-pro\/#breadcrumb","itemListElement":[{"@type":"ListItem","position":1,"name":"Home","item":"https:\/\/tajkertesz.com\/"},{"@type":"ListItem","position":2,"name":"Kezd\u0151lap","item":"https:\/\/tajkertesz.com\/"},{"@type":"ListItem","position":3,"name":"ICL-Everris Osmocote Flora m\u0171tr\u00e1gya vir\u00e1g\u00e1gy\u00e1sokhoz 15kg."}]},{"@type":"WebSite","@id":"https:\/\/tajkertesz.com\/#website","url":"https:\/\/tajkertesz.com\/","name":"T\u00e1j-Kert\u00e9sz 84 Kft.","description":"Kert\u00e9szeti kis- \u00e9s nagykeresked\u00e9s, D\u00edszn\u00f6v\u00e9ny web\u00e1ruh\u00e1z orsz\u00e1gos h\u00e1zhozsz\u00e1ll\u00edt\u00e1ssal!","publisher":{"@id":"https:\/\/tajkertesz.com\/#organization"},"potentialAction":[{"@type":"SearchAction","target":{"@type":"EntryPoint","urlTemplate":"https:\/\/tajkertesz.com\/?s={search_term_string}"},"query-input":{"@type":"PropertyValueSpecification","valueRequired":true,"valueName":"search_term_string"}}],"inLanguage":"en-US"},{"@type":"Organization","@id":"https:\/\/tajkertesz.com\/#organization","name":"T\u00e1j-Kert\u00e9sz 84 Kft.","url":"https:\/\/tajkertesz.com\/","logo":{"@type":"ImageObject","inLanguage":"en-US","@id":"https:\/\/tajkertesz.com\/#\/schema\/logo\/image\/","url":"https:\/\/tajkertesz.com\/wp-content\/uploads\/2018\/02\/logo-2-e1518678052539.png","contentUrl":"https:\/\/tajkertesz.com\/wp-content\/uploads\/2018\/02\/logo-2-e1518678052539.png","width":81,"height":140,"caption":"T\u00e1j-Kert\u00e9sz 84 Kft."},"image":{"@id":"https:\/\/tajkertesz.com\/#\/schema\/logo\/image\/"},"sameAs":["https:\/\/www.facebook.com\/Tajkertesz\/"]}]}},"_links":{"self":[{"href":"https:\/\/tajkertesz.com\/en_US\/wp-json\/wp\/v2\/product\/13868","targetHints":{"allow":["GET"]}}],"collection":[{"href":"https:\/\/tajkertesz.com\/en_US\/wp-json\/wp\/v2\/product"}],"about":[{"href":"https:\/\/tajkertesz.com\/en_US\/wp-json\/wp\/v2\/types\/product"}],"wp:featuredmedia":[{"embeddable":true,"href":"https:\/\/tajkertesz.com\/en_US\/wp-json\/wp\/v2\/media\/13872"}],"wp:attachment":[{"href":"https:\/\/tajkertesz.com\/en_US\/wp-json\/wp\/v2\/media?parent=13868"}],"wp:term":[{"taxonomy":"product_brand","embeddable":true,"href":"https:\/\/tajkertesz.com\/en_US\/wp-json\/wp\/v2\/product_brand?post=13868"},{"taxonomy":"product_cat","embeddable":true,"href":"https:\/\/tajkertesz.com\/en_US\/wp-json\/wp\/v2\/product_cat?post=13868"},{"taxonomy":"product_tag","embeddable":true,"href":"https:\/\/tajkertesz.com\/en_US\/wp-json\/wp\/v2\/product_tag?post=13868"}],"curies":[{"name":"wp","href":"https:\/\/api.w.org\/{rel}","templated":true}]}}