{"id":13878,"date":"2024-10-02T14:43:03","date_gmt":"2024-10-02T14:43:03","guid":{"rendered":"https:\/\/tajkertesz.com\/?post_type=product&#038;p=13878"},"modified":"2026-02-24T13:32:53","modified_gmt":"2026-02-24T13:32:53","slug":"juniperus-chinensis-keteleri-oszlopos-kinai-boroka","status":"publish","type":"product","link":"https:\/\/tajkertesz.com\/en_US\/product\/juniperus-chinensis-keteleri-oszlopos-kinai-boroka\/","title":{"rendered":"Juniperus chinensis &#8216;Keteleri&#8217; &#8211; Oszlopos k\u00ednai bor\u00f3ka"},"content":{"rendered":"<h1>Juniperus chinensis &#8216;Keteleri&#8217; &#8211; Oszlopos k\u00ednai bor\u00f3ka<\/h1>\n<p>A\u00a0<strong>Juniperus chinensis \u2018Keteleri\u2019<\/strong> egy keskeny, oszlopos form\u00e1j\u00fa k\u00ednai bor\u00f3ka fajta. El\u00e9rheti a 8-10 m\u00e9teres magass\u00e1got.<\/p>\n<h2>Oszlopos k\u00ednai bor\u00f3ka jellemz\u0151i<\/h2>\n<p><strong>Magass\u00e1g:<\/strong> El\u00e9rheti a 8-10 m\u00e9teres magass\u00e1got is.<br \/>\n<strong>Sz\u00e9less\u00e9g:<\/strong> K\u00f6r\u00fclbel\u00fcl 3-4 m\u00e9ter sz\u00e9lesre n\u0151.<br \/>\n<strong>Korona:<\/strong> Szab\u00e1lyos, t\u00f6m\u00f6tt k\u00fap alak\u00fa, id\u0151sebb korban ink\u00e1bb piramis form\u00e1j\u00fa.<br \/>\n<strong>Lombozat<\/strong>: Z\u00f6ld pikkelylevelei vannak, amelyek t\u00e9len kiss\u00e9 bebarnulhatnak.<br \/>\n<strong>D\u00edsz\u00edt\u0151\u00e9rt\u00e9k:<\/strong> Lil\u00e1s sz\u00edn\u0171 tobozbogy\u00f3i nagy d\u00edsz\u00edt\u0151\u00e9rt\u00e9ket k\u00f6lcs\u00f6n\u00f6znek a n\u00f6v\u00e9nynek, \u00e9s t\u00e9len a madarak fontos t\u00e1pl\u00e1l\u00e9k\u00e1ul szolg\u00e1lhatnak.<br \/>\n<strong>N\u00f6veked\u00e9si \u00fctem:<\/strong> Lassabban n\u00f6vekv\u0151, de s\u0171r\u0171, \u00f6r\u00f6kz\u00f6ld fa.<\/p>\n<p>&nbsp;<\/p>\n<h3>Juniperus chinensis &#8216;Keteleri&#8217; gondoz\u00e1sa<\/h3>\n<p>A\u00a0<strong>Juniperus chinensis \u2018Keteleri\u2019<\/strong>\u00a0gondoz\u00e1sa viszonylag egyszer\u0171, de n\u00e9h\u00e1ny fontos szempontot \u00e9rdemes figyelembe venni:<\/p>\n<ol>\n<li><strong>F\u00e9nyig\u00e9ny<\/strong>: Szereti a napos helyeket, de f\u00e9l\u00e1rny\u00e9kban is j\u00f3l fejl\u0151dik.<\/li>\n<li><strong>Talaj<\/strong>: J\u00f3l \u00e9rzi mag\u00e1t a j\u00f3 v\u00edzelvezet\u00e9s\u0171, homokos vagy agyagos talajban. A t\u00fal nedves talajt ker\u00fclni kell, mert gy\u00f6k\u00e9rrothad\u00e1st okozhat.<\/li>\n<li><strong>\u00d6nt\u00f6z\u00e9s<\/strong>: Az els\u0151 \u00e9vben rendszeresen \u00f6nt\u00f6zd, hogy a gy\u00f6kerei j\u00f3l meger\u0151s\u00f6djenek. Ezt k\u00f6vet\u0151en m\u00e1r sz\u00e1razs\u00e1gt\u0171r\u0151, de hosszabb sz\u00e1raz id\u0151szakokban \u00e9rdemes \u00f6nt\u00f6zni.<\/li>\n<li><strong>Metsz\u00e9s<\/strong>: \u00c1ltal\u00e1ban nincs sz\u00fcks\u00e9g rendszeres metsz\u00e9sre, de ha form\u00e1zni szeretn\u00e9d, akkor kora tavasszal vagy k\u00e9s\u0151 \u0151sszel v\u00e9gezd el.<\/li>\n<li><strong>T\u00e1panyag<\/strong>: Tavasszal \u00e9rdemes lassan old\u00f3d\u00f3 m\u0171tr\u00e1gy\u00e1val vagy komposzttal tr\u00e1gy\u00e1zni.<\/li>\n<li><strong>T\u00e9l\u00e1ll\u00f3s\u00e1g<\/strong>: J\u00f3l t\u0171ri a hideget, de fiatal n\u00f6v\u00e9nyeket \u00e9rdemes t\u00e9len takarni, hogy megv\u00e9dj\u00fck \u0151ket a fagyokt\u00f3l.<\/li>\n<\/ol>\n<p>Ezekkel az alapvet\u0151 gondoz\u00e1si l\u00e9p\u00e9sekkel a Juniperus chinensis \u2018Keteleri\u2019 eg\u00e9szs\u00e9ges \u00e9s sz\u00e9p marad.<\/p>\n<p>&nbsp;<\/p>\n<h4>A Juniperus chinensis \u2018Keteleri\u2019 gondoz\u00e1sa sor\u00e1n n\u00e9h\u00e1ny speci\u00e1lis tr\u00fckk seg\u00edthet abban, hogy a n\u00f6v\u00e9ny m\u00e9g szebb \u00e9s eg\u00e9szs\u00e9gesebb legyen:<\/h4>\n<ol>\n<li><strong>Mulcsoz\u00e1s<\/strong>: A talaj felsz\u00edn\u00e9re ter\u00edtett mulcs seg\u00edt meg\u0151rizni a talaj nedvess\u00e9gtartalm\u00e1t \u00e9s cs\u00f6kkenti a gyomok n\u00f6veked\u00e9s\u00e9t. Haszn\u00e1lj feny\u0151k\u00e9reg vagy komposzt alap\u00fa mulcsot.<\/li>\n<li><strong>Sz\u00e9lv\u00e9delem<\/strong>: B\u00e1r a \u2018Keteleri\u2019 j\u00f3l t\u0171ri a hideget, a fiatal n\u00f6v\u00e9nyeket \u00e9rdemes sz\u00e9lv\u00e9dett helyre \u00fcltetni, hogy megv\u00e9dj\u00fck \u0151ket a t\u00e9li sz\u00e9lt\u0151l \u00e9s fagyt\u00f3l.<\/li>\n<li><strong>T\u00e1rs\u00fcltet\u00e9s<\/strong>: \u00dcltess mell\u00e9 alacsonyabb n\u00f6v\u00e9nyeket, amelyek \u00e1rny\u00e9kolj\u00e1k a talajt, \u00edgy cs\u00f6kkentve a gyomok n\u00f6veked\u00e9s\u00e9t \u00e9s a talaj kisz\u00e1rad\u00e1s\u00e1t.<\/li>\n<li><strong>Talaj pH<\/strong>: B\u00e1r a \u2018Keteleri\u2019 el\u00e9g toler\u00e1ns a talaj pH-j\u00e1val szemben, enyh\u00e9n savas vagy semleges talajban \u00e9rzi mag\u00e1t a legjobban. Ha sz\u00fcks\u00e9ges, jav\u00edtsd a talajt t\u0151zeggel vagy k\u00e9nnel.<\/li>\n<li><strong>K\u00e1rtev\u0151k \u00e9s betegs\u00e9gek<\/strong>: Rendszeresen ellen\u0151rizd a n\u00f6v\u00e9nyt k\u00e1rtev\u0151k \u00e9s betegs\u00e9gek jelei ut\u00e1n. Ha valami szokatlant \u00e9szlelsz, azonnal cselekedj, hogy megakad\u00e1lyozd a probl\u00e9ma terjed\u00e9s\u00e9t.<\/li>\n<\/ol>\n<p><strong>K\u00e9szlet\u00fcnk napi szinten v\u00e1ltozik, ez\u00e9rt k\u00e9rj\u00fck, \u00e9rdekl\u0151dj\u00f6n szem\u00e9lyesen, telefonon vagy email-en.<br \/>\nA v\u00e1ltoztat\u00e1s jog\u00e1t fenntartjuk!\u00a0<\/strong><\/p>\n<p>&nbsp;<\/p>\n<p><a href=\"https:\/\/tajkertesz.com\/\">https:\/\/tajkertesz.com\/<\/a><\/p>\n<p><a href=\"https:\/\/www.facebook.com\/tajkertesz\/\">https:\/\/www.facebook.com\/tajkertesz\/<\/a><\/p>\n<p>Kisz\u00e1ll\u00edt\u00e1s: 200cm-ig \u00a0\u00e9s 40 kg-ig a sz\u00e1ll\u00edt\u00e1s fut\u00e1rszolg\u00e1lattal \u00a0t\u00f6rt\u00e9nik.<\/p>\n<p>Szem\u00e9lyes \u00e1tv\u00e9tel nyitvatart\u00e1si id\u0151ben a 17. ker\u00fclet Bakancsos utca 7. sz\u00e1m alatti Kert\u00e9szeti \u00e1rud\u00e1nkban.<\/p>","protected":false},"excerpt":{"rendered":"<h1>Juniperus chinensis &#8216;Keteleri&#8217; &#8211; Oszlopos k\u00ednai bor\u00f3ka<\/h1>\n<p><strong>Magass\u00e1g:<\/strong> Kifejletten el\u00e9rheti a 8-10 m\u00e9teres magass\u00e1got.<br \/>\n<strong>Sz\u00e9less\u00e9g:<\/strong> K\u00f6r\u00fclbel\u00fcl 3-4 m\u00e9ter sz\u00e9lesre n\u0151.<br \/>\n<strong>Korona:<\/strong> Szab\u00e1lyos, t\u00f6m\u00f6tt k\u00fap alak\u00fa, id\u0151sebb korban ink\u00e1bb piramis form\u00e1j\u00fa.<br \/>\n<strong>Lombozat<\/strong>: Z\u00f6ld pikkelylevelei vannak, amelyek t\u00e9len kiss\u00e9 bebarnulhatnak.<br \/>\n<strong>D\u00edsz\u00edt\u0151\u00e9rt\u00e9k:<\/strong> Lil\u00e1s sz\u00edn\u0171 tobozbogy\u00f3i nagy d\u00edsz\u00edt\u0151\u00e9rt\u00e9ket k\u00f6lcs\u00f6n\u00f6znek a n\u00f6v\u00e9nynek, \u00e9s t\u00e9len a madarak fontos t\u00e1pl\u00e1l\u00e9k\u00e1ul szolg\u00e1lhatnak.<br \/>\n<strong>N\u00f6veked\u00e9si \u00fctem:<\/strong> Lassabban n\u00f6vekv\u0151, de s\u0171r\u0171, \u00f6r\u00f6kz\u00f6ld fa.<\/p>","protected":false},"featured_media":21220,"template":"","meta":{"_et_pb_use_builder":"","_et_pb_old_content":"","_et_gb_content_width":""},"product_brand":[],"product_cat":[1519,26],"product_tag":[5333,5334],"class_list":{"0":"post-13878","1":"product","2":"type-product","3":"status-publish","4":"has-post-thumbnail","6":"product_cat-ontozestechnika-slagok-idomok-rain-bird-hunter","7":"product_cat-orokzold-novenyek","8":"product_tag-juniperus-chinensis-keteleri","9":"product_tag-oszlopos-kinai-boroka","11":"first","12":"outofstock","13":"shipping-taxable","14":"purchasable","15":"product-type-simple"},"yoast_head":"<!-- This site is optimized with the Yoast SEO plugin v27.5 - https:\/\/yoast.com\/product\/yoast-seo-wordpress\/ -->\n<title>Juniperus chinensis &#039;Keteleri&#039; - Oszlopos k\u00ednai bor\u00f3ka - T\u00e1jkert\u00e9sz<\/title>\n<meta name=\"description\" content=\"Juniperus chinensis &#039;Keteleri&#039; - Oszlopos k\u00ednai bor\u00f3ka Magass\u00e1g: El\u00e9rheti a 8-10 m\u00e9teres magass\u00e1got is.Sz\u00e9less\u00e9g: K\u00f6r\u00fclbel\u00fcl 3-4 m\u00e9ter sz\u00e9lesre n\u0151.\" \/>\n<meta name=\"robots\" content=\"index, follow, max-snippet:-1, max-image-preview:large, max-video-preview:-1\" \/>\n<link rel=\"canonical\" href=\"https:\/\/tajkertesz.com\/en_US\/product\/juniperus-chinensis-keteleri-oszlopos-kinai-boroka\/\" \/>\n<meta property=\"og:locale\" content=\"en_US\" \/>\n<meta property=\"og:type\" content=\"article\" \/>\n<meta property=\"og:title\" content=\"Juniperus chinensis &#039;Keteleri&#039; - Oszlopos k\u00ednai bor\u00f3ka - T\u00e1jkert\u00e9sz\" \/>\n<meta property=\"og:description\" content=\"Juniperus chinensis &#039;Keteleri&#039; - Oszlopos k\u00ednai bor\u00f3ka Magass\u00e1g: El\u00e9rheti a 8-10 m\u00e9teres magass\u00e1got is.Sz\u00e9less\u00e9g: K\u00f6r\u00fclbel\u00fcl 3-4 m\u00e9ter sz\u00e9lesre n\u0151.\" \/>\n<meta property=\"og:url\" content=\"https:\/\/tajkertesz.com\/en_US\/product\/juniperus-chinensis-keteleri-oszlopos-kinai-boroka\/\" \/>\n<meta property=\"og:site_name\" content=\"T\u00e1jkert\u00e9sz\" \/>\n<meta property=\"article:publisher\" content=\"https:\/\/www.facebook.com\/Tajkertesz\/\" \/>\n<meta property=\"article:modified_time\" content=\"2026-02-24T13:32:53+00:00\" \/>\n<meta property=\"og:image\" content=\"https:\/\/tajkertesz.com\/wp-content\/uploads\/2024\/10\/20240925_120625-scaled.jpg\" \/>\n\t<meta property=\"og:image:width\" content=\"1360\" \/>\n\t<meta property=\"og:image:height\" content=\"2560\" \/>\n\t<meta property=\"og:image:type\" content=\"image\/jpeg\" \/>\n<meta name=\"twitter:card\" content=\"summary_large_image\" \/>\n<meta name=\"twitter:label1\" content=\"Est. reading time\" \/>\n\t<meta name=\"twitter:data1\" content=\"3 minutes\" \/>\n<script type=\"application\/ld+json\" class=\"yoast-schema-graph\">{\"@context\":\"https:\\\/\\\/schema.org\",\"@graph\":[{\"@type\":\"WebPage\",\"@id\":\"https:\\\/\\\/tajkertesz.com\\\/termek\\\/juniperus-chinensis-keteleri-oszlopos-kinai-boroka\\\/\",\"url\":\"https:\\\/\\\/tajkertesz.com\\\/termek\\\/juniperus-chinensis-keteleri-oszlopos-kinai-boroka\\\/\",\"name\":\"Juniperus chinensis 'Keteleri' - Oszlopos k\u00ednai bor\u00f3ka - T\u00e1jkert\u00e9sz\",\"isPartOf\":{\"@id\":\"https:\\\/\\\/tajkertesz.com\\\/#website\"},\"primaryImageOfPage\":{\"@id\":\"https:\\\/\\\/tajkertesz.com\\\/termek\\\/juniperus-chinensis-keteleri-oszlopos-kinai-boroka\\\/#primaryimage\"},\"image\":{\"@id\":\"https:\\\/\\\/tajkertesz.com\\\/termek\\\/juniperus-chinensis-keteleri-oszlopos-kinai-boroka\\\/#primaryimage\"},\"thumbnailUrl\":\"https:\\\/\\\/tajkertesz.com\\\/wp-content\\\/uploads\\\/2024\\\/10\\\/20240925_120625-scaled.jpg\",\"datePublished\":\"2024-10-02T14:43:03+00:00\",\"dateModified\":\"2026-02-24T13:32:53+00:00\",\"description\":\"Juniperus chinensis 'Keteleri' - Oszlopos k\u00ednai bor\u00f3ka Magass\u00e1g: El\u00e9rheti a 8-10 m\u00e9teres magass\u00e1got is.Sz\u00e9less\u00e9g: K\u00f6r\u00fclbel\u00fcl 3-4 m\u00e9ter sz\u00e9lesre n\u0151.\",\"breadcrumb\":{\"@id\":\"https:\\\/\\\/tajkertesz.com\\\/termek\\\/juniperus-chinensis-keteleri-oszlopos-kinai-boroka\\\/#breadcrumb\"},\"inLanguage\":\"en-US\",\"potentialAction\":[{\"@type\":\"ReadAction\",\"target\":[\"https:\\\/\\\/tajkertesz.com\\\/termek\\\/juniperus-chinensis-keteleri-oszlopos-kinai-boroka\\\/\"]}]},{\"@type\":\"ImageObject\",\"inLanguage\":\"en-US\",\"@id\":\"https:\\\/\\\/tajkertesz.com\\\/termek\\\/juniperus-chinensis-keteleri-oszlopos-kinai-boroka\\\/#primaryimage\",\"url\":\"https:\\\/\\\/tajkertesz.com\\\/wp-content\\\/uploads\\\/2024\\\/10\\\/20240925_120625-scaled.jpg\",\"contentUrl\":\"https:\\\/\\\/tajkertesz.com\\\/wp-content\\\/uploads\\\/2024\\\/10\\\/20240925_120625-scaled.jpg\",\"width\":1360,\"height\":2560,\"caption\":\"Juniperus chinensis Keteleri - Oszlopos k\u00ednai bor\u00f3ka\"},{\"@type\":\"BreadcrumbList\",\"@id\":\"https:\\\/\\\/tajkertesz.com\\\/termek\\\/juniperus-chinensis-keteleri-oszlopos-kinai-boroka\\\/#breadcrumb\",\"itemListElement\":[{\"@type\":\"ListItem\",\"position\":1,\"name\":\"Home\",\"item\":\"https:\\\/\\\/tajkertesz.com\\\/\"},{\"@type\":\"ListItem\",\"position\":2,\"name\":\"Kezd\u0151lap\",\"item\":\"https:\\\/\\\/tajkertesz.com\\\/\"},{\"@type\":\"ListItem\",\"position\":3,\"name\":\"Juniperus chinensis &#8216;Keteleri&#8217; &#8211; Oszlopos k\u00ednai bor\u00f3ka\"}]},{\"@type\":\"WebSite\",\"@id\":\"https:\\\/\\\/tajkertesz.com\\\/#website\",\"url\":\"https:\\\/\\\/tajkertesz.com\\\/\",\"name\":\"T\u00e1j-Kert\u00e9sz 84 Kft.\",\"description\":\"Kert\u00e9szeti kis- \u00e9s nagykeresked\u00e9s, D\u00edszn\u00f6v\u00e9ny web\u00e1ruh\u00e1z orsz\u00e1gos h\u00e1zhozsz\u00e1ll\u00edt\u00e1ssal!\",\"publisher\":{\"@id\":\"https:\\\/\\\/tajkertesz.com\\\/#organization\"},\"potentialAction\":[{\"@type\":\"SearchAction\",\"target\":{\"@type\":\"EntryPoint\",\"urlTemplate\":\"https:\\\/\\\/tajkertesz.com\\\/?s={search_term_string}\"},\"query-input\":{\"@type\":\"PropertyValueSpecification\",\"valueRequired\":true,\"valueName\":\"search_term_string\"}}],\"inLanguage\":\"en-US\"},{\"@type\":\"Organization\",\"@id\":\"https:\\\/\\\/tajkertesz.com\\\/#organization\",\"name\":\"T\u00e1j-Kert\u00e9sz 84 Kft.\",\"url\":\"https:\\\/\\\/tajkertesz.com\\\/\",\"logo\":{\"@type\":\"ImageObject\",\"inLanguage\":\"en-US\",\"@id\":\"https:\\\/\\\/tajkertesz.com\\\/#\\\/schema\\\/logo\\\/image\\\/\",\"url\":\"https:\\\/\\\/tajkertesz.com\\\/wp-content\\\/uploads\\\/2018\\\/02\\\/logo-2-e1518678052539.png\",\"contentUrl\":\"https:\\\/\\\/tajkertesz.com\\\/wp-content\\\/uploads\\\/2018\\\/02\\\/logo-2-e1518678052539.png\",\"width\":81,\"height\":140,\"caption\":\"T\u00e1j-Kert\u00e9sz 84 Kft.\"},\"image\":{\"@id\":\"https:\\\/\\\/tajkertesz.com\\\/#\\\/schema\\\/logo\\\/image\\\/\"},\"sameAs\":[\"https:\\\/\\\/www.facebook.com\\\/Tajkertesz\\\/\"]}]}<\/script>\n<!-- \/ Yoast SEO plugin. -->","yoast_head_json":{"title":"Juniperus chinensis 'Keteleri' - Oszlopos k\u00ednai bor\u00f3ka - T\u00e1jkert\u00e9sz","description":"Juniperus chinensis 'Keteleri' - Oszlopos k\u00ednai bor\u00f3ka Magass\u00e1g: El\u00e9rheti a 8-10 m\u00e9teres magass\u00e1got is.Sz\u00e9less\u00e9g: K\u00f6r\u00fclbel\u00fcl 3-4 m\u00e9ter sz\u00e9lesre n\u0151.","robots":{"index":"index","follow":"follow","max-snippet":"max-snippet:-1","max-image-preview":"max-image-preview:large","max-video-preview":"max-video-preview:-1"},"canonical":"https:\/\/tajkertesz.com\/en_US\/product\/juniperus-chinensis-keteleri-oszlopos-kinai-boroka\/","og_locale":"en_US","og_type":"article","og_title":"Juniperus chinensis 'Keteleri' - Oszlopos k\u00ednai bor\u00f3ka - T\u00e1jkert\u00e9sz","og_description":"Juniperus chinensis 'Keteleri' - Oszlopos k\u00ednai bor\u00f3ka Magass\u00e1g: El\u00e9rheti a 8-10 m\u00e9teres magass\u00e1got is.Sz\u00e9less\u00e9g: K\u00f6r\u00fclbel\u00fcl 3-4 m\u00e9ter sz\u00e9lesre n\u0151.","og_url":"https:\/\/tajkertesz.com\/en_US\/product\/juniperus-chinensis-keteleri-oszlopos-kinai-boroka\/","og_site_name":"T\u00e1jkert\u00e9sz","article_publisher":"https:\/\/www.facebook.com\/Tajkertesz\/","article_modified_time":"2026-02-24T13:32:53+00:00","og_image":[{"width":1360,"height":2560,"url":"https:\/\/tajkertesz.com\/wp-content\/uploads\/2024\/10\/20240925_120625-scaled.jpg","type":"image\/jpeg"}],"twitter_card":"summary_large_image","twitter_misc":{"Est. reading time":"3 minutes"},"schema":{"@context":"https:\/\/schema.org","@graph":[{"@type":"WebPage","@id":"https:\/\/tajkertesz.com\/termek\/juniperus-chinensis-keteleri-oszlopos-kinai-boroka\/","url":"https:\/\/tajkertesz.com\/termek\/juniperus-chinensis-keteleri-oszlopos-kinai-boroka\/","name":"Juniperus chinensis 'Keteleri' - Oszlopos k\u00ednai bor\u00f3ka - T\u00e1jkert\u00e9sz","isPartOf":{"@id":"https:\/\/tajkertesz.com\/#website"},"primaryImageOfPage":{"@id":"https:\/\/tajkertesz.com\/termek\/juniperus-chinensis-keteleri-oszlopos-kinai-boroka\/#primaryimage"},"image":{"@id":"https:\/\/tajkertesz.com\/termek\/juniperus-chinensis-keteleri-oszlopos-kinai-boroka\/#primaryimage"},"thumbnailUrl":"https:\/\/tajkertesz.com\/wp-content\/uploads\/2024\/10\/20240925_120625-scaled.jpg","datePublished":"2024-10-02T14:43:03+00:00","dateModified":"2026-02-24T13:32:53+00:00","description":"Juniperus chinensis 'Keteleri' - Oszlopos k\u00ednai bor\u00f3ka Magass\u00e1g: El\u00e9rheti a 8-10 m\u00e9teres magass\u00e1got is.Sz\u00e9less\u00e9g: K\u00f6r\u00fclbel\u00fcl 3-4 m\u00e9ter sz\u00e9lesre n\u0151.","breadcrumb":{"@id":"https:\/\/tajkertesz.com\/termek\/juniperus-chinensis-keteleri-oszlopos-kinai-boroka\/#breadcrumb"},"inLanguage":"en-US","potentialAction":[{"@type":"ReadAction","target":["https:\/\/tajkertesz.com\/termek\/juniperus-chinensis-keteleri-oszlopos-kinai-boroka\/"]}]},{"@type":"ImageObject","inLanguage":"en-US","@id":"https:\/\/tajkertesz.com\/termek\/juniperus-chinensis-keteleri-oszlopos-kinai-boroka\/#primaryimage","url":"https:\/\/tajkertesz.com\/wp-content\/uploads\/2024\/10\/20240925_120625-scaled.jpg","contentUrl":"https:\/\/tajkertesz.com\/wp-content\/uploads\/2024\/10\/20240925_120625-scaled.jpg","width":1360,"height":2560,"caption":"Juniperus chinensis Keteleri - Oszlopos k\u00ednai bor\u00f3ka"},{"@type":"BreadcrumbList","@id":"https:\/\/tajkertesz.com\/termek\/juniperus-chinensis-keteleri-oszlopos-kinai-boroka\/#breadcrumb","itemListElement":[{"@type":"ListItem","position":1,"name":"Home","item":"https:\/\/tajkertesz.com\/"},{"@type":"ListItem","position":2,"name":"Kezd\u0151lap","item":"https:\/\/tajkertesz.com\/"},{"@type":"ListItem","position":3,"name":"Juniperus chinensis &#8216;Keteleri&#8217; &#8211; Oszlopos k\u00ednai bor\u00f3ka"}]},{"@type":"WebSite","@id":"https:\/\/tajkertesz.com\/#website","url":"https:\/\/tajkertesz.com\/","name":"T\u00e1j-Kert\u00e9sz 84 Kft.","description":"Kert\u00e9szeti kis- \u00e9s nagykeresked\u00e9s, D\u00edszn\u00f6v\u00e9ny web\u00e1ruh\u00e1z orsz\u00e1gos h\u00e1zhozsz\u00e1ll\u00edt\u00e1ssal!","publisher":{"@id":"https:\/\/tajkertesz.com\/#organization"},"potentialAction":[{"@type":"SearchAction","target":{"@type":"EntryPoint","urlTemplate":"https:\/\/tajkertesz.com\/?s={search_term_string}"},"query-input":{"@type":"PropertyValueSpecification","valueRequired":true,"valueName":"search_term_string"}}],"inLanguage":"en-US"},{"@type":"Organization","@id":"https:\/\/tajkertesz.com\/#organization","name":"T\u00e1j-Kert\u00e9sz 84 Kft.","url":"https:\/\/tajkertesz.com\/","logo":{"@type":"ImageObject","inLanguage":"en-US","@id":"https:\/\/tajkertesz.com\/#\/schema\/logo\/image\/","url":"https:\/\/tajkertesz.com\/wp-content\/uploads\/2018\/02\/logo-2-e1518678052539.png","contentUrl":"https:\/\/tajkertesz.com\/wp-content\/uploads\/2018\/02\/logo-2-e1518678052539.png","width":81,"height":140,"caption":"T\u00e1j-Kert\u00e9sz 84 Kft."},"image":{"@id":"https:\/\/tajkertesz.com\/#\/schema\/logo\/image\/"},"sameAs":["https:\/\/www.facebook.com\/Tajkertesz\/"]}]}},"_links":{"self":[{"href":"https:\/\/tajkertesz.com\/en_US\/wp-json\/wp\/v2\/product\/13878","targetHints":{"allow":["GET"]}}],"collection":[{"href":"https:\/\/tajkertesz.com\/en_US\/wp-json\/wp\/v2\/product"}],"about":[{"href":"https:\/\/tajkertesz.com\/en_US\/wp-json\/wp\/v2\/types\/product"}],"wp:featuredmedia":[{"embeddable":true,"href":"https:\/\/tajkertesz.com\/en_US\/wp-json\/wp\/v2\/media\/21220"}],"wp:attachment":[{"href":"https:\/\/tajkertesz.com\/en_US\/wp-json\/wp\/v2\/media?parent=13878"}],"wp:term":[{"taxonomy":"product_brand","embeddable":true,"href":"https:\/\/tajkertesz.com\/en_US\/wp-json\/wp\/v2\/product_brand?post=13878"},{"taxonomy":"product_cat","embeddable":true,"href":"https:\/\/tajkertesz.com\/en_US\/wp-json\/wp\/v2\/product_cat?post=13878"},{"taxonomy":"product_tag","embeddable":true,"href":"https:\/\/tajkertesz.com\/en_US\/wp-json\/wp\/v2\/product_tag?post=13878"}],"curies":[{"name":"wp","href":"https:\/\/api.w.org\/{rel}","templated":true}]}}