{"id":1390,"date":"2020-03-24T11:59:38","date_gmt":"2020-03-24T11:59:38","guid":{"rendered":"https:\/\/tajkertesz.com\/?post_type=product&#038;p=1390"},"modified":"2026-02-24T15:51:20","modified_gmt":"2026-02-24T15:51:20","slug":"nandina-japonica-japan-szentfa","status":"publish","type":"product","link":"https:\/\/tajkertesz.com\/en_US\/product\/nandina-japonica-japan-szentfa\/","title":{"rendered":"Nandina domestica &#8211; Jap\u00e1n szentfa"},"content":{"rendered":"<h1>Nandina domestica &#8211; Jap\u00e1n szentfa<\/h1>\n<p data-start=\"599\" data-end=\"776\">A Nandina domestica &#8211; Jap\u00e1n szentfa\u00a0kelet-\u00e1zsiai sz\u00e1rmaz\u00e1s\u00fa, dekorat\u00edv d\u00edszcserje, amely l\u00e9gies, bambuszra eml\u00e9keztet\u0151 megjelen\u00e9s\u00e9vel k\u00fcl\u00f6nleges hangulatot teremt a kertben.<\/p>\n<p data-start=\"778\" data-end=\"986\">Levelei tavasszal \u00fcde z\u00f6ldek, \u0151sszel \u00e9s t\u00e9len v\u00f6r\u00f6ses \u00e1rnyalatot vehetnek fel. Ny\u00e1ron apr\u00f3, feh\u00e9r vir\u00e1gokat hoz, amelyeket \u00e9l\u00e9nkpiros bogy\u00f3k k\u00f6vetnek (term\u00e9keny\u00fcl\u00e9s eset\u00e9n). Enyh\u00e9bb teleken lombj\u00e1t megtartja.<\/p>\n<hr data-start=\"988\" data-end=\"991\" \/>\n<h2>Nandina domestica &#8211; Jap\u00e1n szentfa jellemz\u0151i<\/h2>\n<ul data-start=\"1016\" data-end=\"1182\">\n<li data-start=\"1016\" data-end=\"1050\">\n<p data-start=\"1018\" data-end=\"1050\">\ud83c\udf3f R\u00e9szben \u00f6r\u00f6kz\u00f6ld d\u00edszcserje<\/p>\n<\/li>\n<li data-start=\"1051\" data-end=\"1081\">\n<p data-start=\"1053\" data-end=\"1081\">\ud83c\udf41 \u0150sszel v\u00f6r\u00f6ses lombsz\u00edn<\/p>\n<\/li>\n<li data-start=\"1082\" data-end=\"1111\">\n<p data-start=\"1084\" data-end=\"1111\">\ud83d\udd34 Dekorat\u00edv piros bogy\u00f3k<\/p>\n<\/li>\n<li data-start=\"1112\" data-end=\"1139\">\n<p data-start=\"1114\" data-end=\"1139\">\ud83c\udf38 Ny\u00e1ri feh\u00e9r vir\u00e1gz\u00e1s<\/p>\n<\/li>\n<li data-start=\"1140\" data-end=\"1182\">\n<p data-start=\"1142\" data-end=\"1182\">\ud83c\udf3f K\u00f6zepes n\u00f6veked\u00e9s\u0171, kompakt habitus<\/p>\n<\/li>\n<\/ul>\n<hr data-start=\"1184\" data-end=\"1187\" \/>\n<h3 data-start=\"1189\" data-end=\"1208\">Jap\u00e1n szentfa gondoz\u00e1sa<\/h3>\n<p data-start=\"1210\" data-end=\"1374\">A jap\u00e1n szentfa napos vagy f\u00e9l\u00e1rny\u00e9kos helyen fejl\u0151dik a legszebben. Napos fekv\u00e9sben intenz\u00edvebb lombsz\u00ednt mutat. J\u00f3 v\u00edz\u00e1tereszt\u0151, t\u00e1panyagban gazdag talajt kedvel.<\/p>\n<p data-start=\"1376\" data-end=\"1470\">Fiatal n\u00f6v\u00e9nyekn\u00e9l er\u0151sebb t\u00e9li fagyok eset\u00e9n takar\u00e1s javasolt, k\u00fcl\u00f6n\u00f6sen hidegebb \u00e9ghajlaton.<\/p>\n<h4><strong>\ud83d\udd04 K\u00e9szletinform\u00e1ci\u00f3<\/strong><\/h4>\n<p><strong>K\u00e9szlet\u00fcnk napi szinten v\u00e1ltozik, \u00edgy a webshopban szerepl<\/strong><strong>\u0151<\/strong><strong>\u00a0term\u00e9kek el\u00e9rhet<\/strong><strong>\u0151<\/strong><strong>s\u00e9ge nem garant\u00e1lt.<br \/>\n\ud83d\udcde A megrendel\u00e9s el<\/strong><strong>\u0151<\/strong><strong>tt k\u00e9rj\u00fck, \u00e9rdekl<\/strong><strong>\u0151<\/strong><strong>dj\u00f6n szem\u00e9lyesen, telefonon vagy e-mailben!<\/strong><\/p>\n<h4><strong>\u27a1\ufe0f Kapcsolat:<\/strong><\/h4>\n<ul>\n<li><strong>Weboldal:\u00a0<\/strong><a href=\"https:\/\/tajkertesz.com\/\"><strong>tajkertesz.com<\/strong><\/a><\/li>\n<li><strong>Facebook:\u00a0<\/strong><a href=\"https:\/\/www.facebook.com\/tajkertesz\/\"><strong>facebook.com\/tajkertesz<\/strong><\/a><\/li>\n<li><strong>Telefonsz\u00e1m, e-mail: +36\/20-319-3770\u00a0<\/strong><a href=\"mailto:tajkerteszaruda@gmail.com\"><strong>tajkerteszaruda@gmail.com<\/strong><\/a><\/li>\n<\/ul>\n<h4><strong>\ud83d\ude9a Sz\u00e1ll\u00edt\u00e1si inform\u00e1ci\u00f3k<\/strong><\/h4>\n<p><strong>A megrendelt n\u00f6v\u00e9nyek kisz\u00e1ll\u00edt\u00e1sa az al\u00e1bbi felt\u00e9telek mellett t\u00f6rt\u00e9nik:<\/strong><\/p>\n<h4><strong>\ud83d\udce6 Fut\u00e1rszolg\u00e1latos sz\u00e1ll\u00edt\u00e1s<\/strong><\/h4>\n<ul>\n<li><strong>Maxim\u00e1lis m\u00e9ret: 200 cm (hossz\u00fas\u00e1g)<\/strong><\/li>\n<li><strong>Maxim\u00e1lis s\u00faly: 40 kg<\/strong><\/li>\n<li><strong>Az enn\u00e9l kisebb \u00e9s k\u00f6nnyebb csomagokat fut\u00e1rszolg\u00e1lattal k\u00e9zbes\u00edtj\u00fck a lehet<\/strong><strong>\u0151<\/strong><strong>\u00a0legbiztons\u00e1gosabb csomagol\u00e1sban.<\/strong><\/li>\n<\/ul>\n<h4><strong>\ud83d\udefb Szem\u00e9lyes \u00e1tv\u00e9tel<\/strong><\/h4>\n<ul>\n<li><strong>1173 Budapest, Bakancsos utca 7. sz\u00e1m alatt nyitvatart\u00e1si id<\/strong><strong>\u0151<\/strong><strong>ben szem\u00e9lyesen \u00e1tvehet<\/strong><strong>\u0151<\/strong><strong>\u00a0kert\u00e9szeti \u00e1rud\u00e1nkban.<\/strong><\/li>\n<li><strong>K\u00f6lts\u00e9ghat\u00e9kony megold\u00e1s nagyobb, t\u00f6r\u00e9kenyebb vagy t\u00falm\u00e9retes n\u00f6v\u00e9nyek eset\u00e9n.<\/strong><\/li>\n<\/ul>\n<h4><strong>\ud83d\udcde Nagy m\u00e9ret<\/strong><strong>\u0171<\/strong><strong>\u00a0vagy s\u00faly\u00fa n\u00f6v\u00e9nyek eset\u00e9n<\/strong><\/h4>\n<p><strong>Ha a term\u00e9k:<\/strong><\/p>\n<ul>\n<li><strong>meghaladja a 200 cm hossz\u00fas\u00e1got vagy<\/strong><\/li>\n<li><strong>meghaladja a 40 kg s\u00falyt,<\/strong><\/li>\n<\/ul>\n<p><strong>akkor szem\u00e9lyes \u00e1tv\u00e9tellel vagy egyedi, el<\/strong><strong>\u0151<\/strong><strong>re egyeztetett sz\u00e1ll\u00edt\u00e1si felt\u00e9telek mellett t\u00f6rt\u00e9nik.<br \/>\nK\u00e9rj\u00fck, ilyen esetben rendel\u00e9s el<\/strong><strong>\u0151<\/strong><strong>tt vegye fel vel\u00fcnk a kapcsolatot, hogy a lehet<\/strong><strong>\u0151<\/strong><strong>\u00a0legmegfelel<\/strong><strong>\u0151<\/strong><strong>bb sz\u00e1ll\u00edt\u00e1si megold\u00e1st k\u00edn\u00e1lhassuk.<\/strong><\/p>\n<p><strong>\ud83d\udd14 Fontos: A n\u00f6v\u00e9nyeket minden esetben igyeksz\u00fcnk gondosan, egyes\u00e9vel csomagolni, azonban a sz\u00e1ll\u00edt\u00e1s sor\u00e1n kisebb eszt\u00e9tikai s\u00e9r\u00fcl\u00e9sek el<\/strong><strong>\u0151<\/strong><strong>fordulhatnak (pl. lev\u00e9lhull\u00e1s). Ez nem min<\/strong><strong>\u0151<\/strong><strong>s\u00fcl hib\u00e1s teljes\u00edt\u00e9snek.<\/strong><\/p>\n<h4><strong>\ud83d\udcf7 Fontos tudni a k\u00e9pekr<\/strong><strong>\u0151<\/strong><strong>l<\/strong><\/h4>\n<p><strong>A webshopban szerepl<\/strong><strong>\u0151<\/strong><strong>\u00a0k\u00e9pek illusztr\u00e1ci\u00f3k, a n\u00f6v\u00e9nyek term\u00e9szet\u00fckn\u00e9l fogva egyediek, \u00edgy m\u00e9retben, alakban \u00e9s sz\u00ednben minim\u00e1lis elt\u00e9r\u00e9sek el<\/strong><strong>\u0151<\/strong><strong>fordulhatnak a k\u00e9pen l\u00e1that\u00f3 \u00e9s a val\u00f3s p\u00e9ld\u00e1nyok k\u00f6z\u00f6tt.<\/strong><\/p>\n<h4><strong>\ud83e\uddfe \u00c1rak \u00e9s el\u00e1ll\u00e1si jog<\/strong><\/h4>\n<ul>\n<li><strong>Az \u00e1rak egy darab\u00a0n\u00f6v\u00e9nyre vonatkoznak.<\/strong><\/li>\n<li><strong>\u00c9l<\/strong><strong>\u0151<\/strong><strong>\u00a0n\u00f6v\u00e9nyek rendel\u00e9se eset\u00e9n a 14 napos el\u00e1ll\u00e1s joga nem \u00e9rv\u00e9nyes\u00edthet<\/strong><strong>\u0151<\/strong><strong>, mivel azok romland\u00f3, biol\u00f3giailag \u00e9l<\/strong><strong>\u0151<\/strong><strong>\u00a0term\u00e9keknek min<\/strong><strong>\u0151<\/strong><strong>s\u00fclnek.<br \/>\n\ud83d\udd12 (17\/1999. (II. 5.) Korm. rendelet 5. \u00a7 c) pontja alapj\u00e1n)<\/strong><\/li>\n<\/ul>\n<h4><strong>\ud83d\udce6 K\u00e9zbes\u00edt\u00e9s ut\u00e1ni teend<\/strong><strong>\u0151<\/strong><strong>k<\/strong><\/h4>\n<p><strong>A k\u00e9zbes\u00edt\u00e9st k\u00f6vet<\/strong><strong>\u0151<\/strong><strong>en a csomagot azonnal bontsuk ki, \u00e9s a n\u00f6v\u00e9nyt helyezz\u00fck el megfelel<\/strong><strong>\u0151<\/strong><strong>\u00a0k\u00f6rnyezetben.<br \/>\nFontos: ha a n\u00f6v\u00e9ny nem r\u00e9szes\u00fcl megfelel<\/strong><strong>\u0151<\/strong><strong>\u00a0gondoz\u00e1sban \u00e9s ennek k\u00f6vetkezt\u00e9ben k\u00e1rosodik vagy elpusztul, felel<\/strong><strong>\u0151<\/strong><strong>ss\u00e9get nem tudunk v\u00e1llalni.<\/strong><\/p>","protected":false},"excerpt":{"rendered":"<p>A Nandina domestica, k\u00f6zismert nev\u00e9n jap\u00e1n szentfa, eleg\u00e1ns megjelen\u00e9s\u0171, r\u00e9szben \u00f6r\u00f6kz\u00f6ld d\u00edszcserje. Finom, szeldelt levelei \u00e9s dekorat\u00edv piros bogy\u00f3i eg\u00e9sz \u00e9vben d\u00edsz\u00edtik a kertet.<\/p>\n<p>M\u00e9rete: 40\/60 cm magas, 10 literes kont\u00e9nerben.<\/p>","protected":false},"featured_media":1392,"template":"","meta":{"_et_pb_use_builder":"","_et_pb_old_content":"","_et_gb_content_width":""},"product_brand":[],"product_cat":[27,26],"product_tag":[8078,7844,338,8077,5929,339,6444,6586,7607,6238],"class_list":{"0":"post-1390","1":"product","2":"type-product","3":"status-publish","4":"has-post-thumbnail","6":"product_cat-cserjek","7":"product_cat-orokzold-novenyek","8":"product_tag-dekorativ-disznoveny","9":"product_tag-dezsas-disznoveny","10":"product_tag-japan-szentfa","11":"product_tag-kelet-azsiai-disznoveny","12":"product_tag-kerti-cserje","13":"product_tag-nandina-domestica","14":"product_tag-orokzold-diszcserje","15":"product_tag-oszi-lombszin","16":"product_tag-piros-bogyos-cserje","17":"product_tag-voros-lombu-noveny","19":"first","20":"instock","21":"shipping-taxable","22":"purchasable","23":"product-type-simple"},"yoast_head":"<!-- This site is optimized with the Yoast SEO plugin v27.3 - https:\/\/yoast.com\/product\/yoast-seo-wordpress\/ -->\n<title>Nandina domestica - Jap\u00e1n szentfa - T\u00e1jkert\u00e9sz<\/title>\n<meta name=\"description\" content=\"A Nandina domestica , Jap\u00e1n szentfa 1-1,5m magasra n\u00f6v\u0151 \u00f6r\u00f6kz\u00f6ld cserje. Szent bambusznak is nevezik. Csod\u00e1s n\u00f6v\u00e9ny mely minden kert \u00e9rt\u00e9kes d\u00edsze lehet.\" \/>\n<meta name=\"robots\" content=\"index, follow, max-snippet:-1, max-image-preview:large, max-video-preview:-1\" \/>\n<link rel=\"canonical\" href=\"https:\/\/tajkertesz.com\/en_US\/product\/nandina-japonica-japan-szentfa\/\" \/>\n<meta property=\"og:locale\" content=\"en_US\" \/>\n<meta property=\"og:type\" content=\"article\" \/>\n<meta property=\"og:title\" content=\"Nandina domestica - Jap\u00e1n szentfa - T\u00e1jkert\u00e9sz\" \/>\n<meta property=\"og:description\" content=\"A Nandina domestica , Jap\u00e1n szentfa 1-1,5m magasra n\u00f6v\u0151 \u00f6r\u00f6kz\u00f6ld cserje. Szent bambusznak is nevezik. Csod\u00e1s n\u00f6v\u00e9ny mely minden kert \u00e9rt\u00e9kes d\u00edsze lehet.\" \/>\n<meta property=\"og:url\" content=\"https:\/\/tajkertesz.com\/en_US\/product\/nandina-japonica-japan-szentfa\/\" \/>\n<meta property=\"og:site_name\" content=\"T\u00e1jkert\u00e9sz\" \/>\n<meta property=\"article:publisher\" content=\"https:\/\/www.facebook.com\/Tajkertesz\/\" \/>\n<meta property=\"article:modified_time\" content=\"2026-02-24T15:51:20+00:00\" \/>\n<meta property=\"og:image\" content=\"https:\/\/tajkertesz.com\/wp-content\/uploads\/2020\/03\/Nandina-Domestica.jpg4_.jpg\" \/>\n\t<meta property=\"og:image:width\" content=\"1600\" \/>\n\t<meta property=\"og:image:height\" content=\"1071\" \/>\n\t<meta property=\"og:image:type\" content=\"image\/jpeg\" \/>\n<meta name=\"twitter:card\" content=\"summary_large_image\" \/>\n<meta name=\"twitter:label1\" content=\"Est. reading time\" \/>\n\t<meta name=\"twitter:data1\" content=\"3 minutes\" \/>\n<script type=\"application\/ld+json\" class=\"yoast-schema-graph\">{\"@context\":\"https:\\\/\\\/schema.org\",\"@graph\":[{\"@type\":\"WebPage\",\"@id\":\"https:\\\/\\\/tajkertesz.com\\\/termek\\\/nandina-japonica-japan-szentfa\\\/\",\"url\":\"https:\\\/\\\/tajkertesz.com\\\/termek\\\/nandina-japonica-japan-szentfa\\\/\",\"name\":\"Nandina domestica - Jap\u00e1n szentfa - T\u00e1jkert\u00e9sz\",\"isPartOf\":{\"@id\":\"https:\\\/\\\/tajkertesz.com\\\/#website\"},\"primaryImageOfPage\":{\"@id\":\"https:\\\/\\\/tajkertesz.com\\\/termek\\\/nandina-japonica-japan-szentfa\\\/#primaryimage\"},\"image\":{\"@id\":\"https:\\\/\\\/tajkertesz.com\\\/termek\\\/nandina-japonica-japan-szentfa\\\/#primaryimage\"},\"thumbnailUrl\":\"https:\\\/\\\/tajkertesz.com\\\/wp-content\\\/uploads\\\/2020\\\/03\\\/Nandina-Domestica.jpg4_.jpg\",\"datePublished\":\"2020-03-24T11:59:38+00:00\",\"dateModified\":\"2026-02-24T15:51:20+00:00\",\"description\":\"A Nandina domestica , Jap\u00e1n szentfa 1-1,5m magasra n\u00f6v\u0151 \u00f6r\u00f6kz\u00f6ld cserje. Szent bambusznak is nevezik. Csod\u00e1s n\u00f6v\u00e9ny mely minden kert \u00e9rt\u00e9kes d\u00edsze lehet.\",\"breadcrumb\":{\"@id\":\"https:\\\/\\\/tajkertesz.com\\\/termek\\\/nandina-japonica-japan-szentfa\\\/#breadcrumb\"},\"inLanguage\":\"en-US\",\"potentialAction\":[{\"@type\":\"ReadAction\",\"target\":[\"https:\\\/\\\/tajkertesz.com\\\/termek\\\/nandina-japonica-japan-szentfa\\\/\"]}]},{\"@type\":\"ImageObject\",\"inLanguage\":\"en-US\",\"@id\":\"https:\\\/\\\/tajkertesz.com\\\/termek\\\/nandina-japonica-japan-szentfa\\\/#primaryimage\",\"url\":\"https:\\\/\\\/tajkertesz.com\\\/wp-content\\\/uploads\\\/2020\\\/03\\\/Nandina-Domestica.jpg4_.jpg\",\"contentUrl\":\"https:\\\/\\\/tajkertesz.com\\\/wp-content\\\/uploads\\\/2020\\\/03\\\/Nandina-Domestica.jpg4_.jpg\",\"width\":1600,\"height\":1071,\"caption\":\"Nandina domestica - Jap\u00e1n szentfa\"},{\"@type\":\"BreadcrumbList\",\"@id\":\"https:\\\/\\\/tajkertesz.com\\\/termek\\\/nandina-japonica-japan-szentfa\\\/#breadcrumb\",\"itemListElement\":[{\"@type\":\"ListItem\",\"position\":1,\"name\":\"Home\",\"item\":\"https:\\\/\\\/tajkertesz.com\\\/\"},{\"@type\":\"ListItem\",\"position\":2,\"name\":\"Kezd\u0151lap\",\"item\":\"https:\\\/\\\/tajkertesz.com\\\/\"},{\"@type\":\"ListItem\",\"position\":3,\"name\":\"Nandina domestica &#8211; Jap\u00e1n szentfa\"}]},{\"@type\":\"WebSite\",\"@id\":\"https:\\\/\\\/tajkertesz.com\\\/#website\",\"url\":\"https:\\\/\\\/tajkertesz.com\\\/\",\"name\":\"T\u00e1j-Kert\u00e9sz 84 Kft.\",\"description\":\"Kert\u00e9szeti kis- \u00e9s nagykeresked\u00e9s, D\u00edszn\u00f6v\u00e9ny web\u00e1ruh\u00e1z orsz\u00e1gos h\u00e1zhozsz\u00e1ll\u00edt\u00e1ssal!\",\"publisher\":{\"@id\":\"https:\\\/\\\/tajkertesz.com\\\/#organization\"},\"potentialAction\":[{\"@type\":\"SearchAction\",\"target\":{\"@type\":\"EntryPoint\",\"urlTemplate\":\"https:\\\/\\\/tajkertesz.com\\\/?s={search_term_string}\"},\"query-input\":{\"@type\":\"PropertyValueSpecification\",\"valueRequired\":true,\"valueName\":\"search_term_string\"}}],\"inLanguage\":\"en-US\"},{\"@type\":\"Organization\",\"@id\":\"https:\\\/\\\/tajkertesz.com\\\/#organization\",\"name\":\"T\u00e1j-Kert\u00e9sz 84 Kft.\",\"url\":\"https:\\\/\\\/tajkertesz.com\\\/\",\"logo\":{\"@type\":\"ImageObject\",\"inLanguage\":\"en-US\",\"@id\":\"https:\\\/\\\/tajkertesz.com\\\/#\\\/schema\\\/logo\\\/image\\\/\",\"url\":\"https:\\\/\\\/tajkertesz.com\\\/wp-content\\\/uploads\\\/2018\\\/02\\\/logo-2-e1518678052539.png\",\"contentUrl\":\"https:\\\/\\\/tajkertesz.com\\\/wp-content\\\/uploads\\\/2018\\\/02\\\/logo-2-e1518678052539.png\",\"width\":81,\"height\":140,\"caption\":\"T\u00e1j-Kert\u00e9sz 84 Kft.\"},\"image\":{\"@id\":\"https:\\\/\\\/tajkertesz.com\\\/#\\\/schema\\\/logo\\\/image\\\/\"},\"sameAs\":[\"https:\\\/\\\/www.facebook.com\\\/Tajkertesz\\\/\"]}]}<\/script>\n<!-- \/ Yoast SEO plugin. -->","yoast_head_json":{"title":"Nandina domestica - Jap\u00e1n szentfa - T\u00e1jkert\u00e9sz","description":"A Nandina domestica , Jap\u00e1n szentfa 1-1,5m magasra n\u00f6v\u0151 \u00f6r\u00f6kz\u00f6ld cserje. Szent bambusznak is nevezik. Csod\u00e1s n\u00f6v\u00e9ny mely minden kert \u00e9rt\u00e9kes d\u00edsze lehet.","robots":{"index":"index","follow":"follow","max-snippet":"max-snippet:-1","max-image-preview":"max-image-preview:large","max-video-preview":"max-video-preview:-1"},"canonical":"https:\/\/tajkertesz.com\/en_US\/product\/nandina-japonica-japan-szentfa\/","og_locale":"en_US","og_type":"article","og_title":"Nandina domestica - Jap\u00e1n szentfa - T\u00e1jkert\u00e9sz","og_description":"A Nandina domestica , Jap\u00e1n szentfa 1-1,5m magasra n\u00f6v\u0151 \u00f6r\u00f6kz\u00f6ld cserje. Szent bambusznak is nevezik. Csod\u00e1s n\u00f6v\u00e9ny mely minden kert \u00e9rt\u00e9kes d\u00edsze lehet.","og_url":"https:\/\/tajkertesz.com\/en_US\/product\/nandina-japonica-japan-szentfa\/","og_site_name":"T\u00e1jkert\u00e9sz","article_publisher":"https:\/\/www.facebook.com\/Tajkertesz\/","article_modified_time":"2026-02-24T15:51:20+00:00","og_image":[{"width":1600,"height":1071,"url":"https:\/\/tajkertesz.com\/wp-content\/uploads\/2020\/03\/Nandina-Domestica.jpg4_.jpg","type":"image\/jpeg"}],"twitter_card":"summary_large_image","twitter_misc":{"Est. reading time":"3 minutes"},"schema":{"@context":"https:\/\/schema.org","@graph":[{"@type":"WebPage","@id":"https:\/\/tajkertesz.com\/termek\/nandina-japonica-japan-szentfa\/","url":"https:\/\/tajkertesz.com\/termek\/nandina-japonica-japan-szentfa\/","name":"Nandina domestica - Jap\u00e1n szentfa - T\u00e1jkert\u00e9sz","isPartOf":{"@id":"https:\/\/tajkertesz.com\/#website"},"primaryImageOfPage":{"@id":"https:\/\/tajkertesz.com\/termek\/nandina-japonica-japan-szentfa\/#primaryimage"},"image":{"@id":"https:\/\/tajkertesz.com\/termek\/nandina-japonica-japan-szentfa\/#primaryimage"},"thumbnailUrl":"https:\/\/tajkertesz.com\/wp-content\/uploads\/2020\/03\/Nandina-Domestica.jpg4_.jpg","datePublished":"2020-03-24T11:59:38+00:00","dateModified":"2026-02-24T15:51:20+00:00","description":"A Nandina domestica , Jap\u00e1n szentfa 1-1,5m magasra n\u00f6v\u0151 \u00f6r\u00f6kz\u00f6ld cserje. Szent bambusznak is nevezik. Csod\u00e1s n\u00f6v\u00e9ny mely minden kert \u00e9rt\u00e9kes d\u00edsze lehet.","breadcrumb":{"@id":"https:\/\/tajkertesz.com\/termek\/nandina-japonica-japan-szentfa\/#breadcrumb"},"inLanguage":"en-US","potentialAction":[{"@type":"ReadAction","target":["https:\/\/tajkertesz.com\/termek\/nandina-japonica-japan-szentfa\/"]}]},{"@type":"ImageObject","inLanguage":"en-US","@id":"https:\/\/tajkertesz.com\/termek\/nandina-japonica-japan-szentfa\/#primaryimage","url":"https:\/\/tajkertesz.com\/wp-content\/uploads\/2020\/03\/Nandina-Domestica.jpg4_.jpg","contentUrl":"https:\/\/tajkertesz.com\/wp-content\/uploads\/2020\/03\/Nandina-Domestica.jpg4_.jpg","width":1600,"height":1071,"caption":"Nandina domestica - Jap\u00e1n szentfa"},{"@type":"BreadcrumbList","@id":"https:\/\/tajkertesz.com\/termek\/nandina-japonica-japan-szentfa\/#breadcrumb","itemListElement":[{"@type":"ListItem","position":1,"name":"Home","item":"https:\/\/tajkertesz.com\/"},{"@type":"ListItem","position":2,"name":"Kezd\u0151lap","item":"https:\/\/tajkertesz.com\/"},{"@type":"ListItem","position":3,"name":"Nandina domestica &#8211; Jap\u00e1n szentfa"}]},{"@type":"WebSite","@id":"https:\/\/tajkertesz.com\/#website","url":"https:\/\/tajkertesz.com\/","name":"T\u00e1j-Kert\u00e9sz 84 Kft.","description":"Kert\u00e9szeti kis- \u00e9s nagykeresked\u00e9s, D\u00edszn\u00f6v\u00e9ny web\u00e1ruh\u00e1z orsz\u00e1gos h\u00e1zhozsz\u00e1ll\u00edt\u00e1ssal!","publisher":{"@id":"https:\/\/tajkertesz.com\/#organization"},"potentialAction":[{"@type":"SearchAction","target":{"@type":"EntryPoint","urlTemplate":"https:\/\/tajkertesz.com\/?s={search_term_string}"},"query-input":{"@type":"PropertyValueSpecification","valueRequired":true,"valueName":"search_term_string"}}],"inLanguage":"en-US"},{"@type":"Organization","@id":"https:\/\/tajkertesz.com\/#organization","name":"T\u00e1j-Kert\u00e9sz 84 Kft.","url":"https:\/\/tajkertesz.com\/","logo":{"@type":"ImageObject","inLanguage":"en-US","@id":"https:\/\/tajkertesz.com\/#\/schema\/logo\/image\/","url":"https:\/\/tajkertesz.com\/wp-content\/uploads\/2018\/02\/logo-2-e1518678052539.png","contentUrl":"https:\/\/tajkertesz.com\/wp-content\/uploads\/2018\/02\/logo-2-e1518678052539.png","width":81,"height":140,"caption":"T\u00e1j-Kert\u00e9sz 84 Kft."},"image":{"@id":"https:\/\/tajkertesz.com\/#\/schema\/logo\/image\/"},"sameAs":["https:\/\/www.facebook.com\/Tajkertesz\/"]}]}},"_links":{"self":[{"href":"https:\/\/tajkertesz.com\/en_US\/wp-json\/wp\/v2\/product\/1390","targetHints":{"allow":["GET"]}}],"collection":[{"href":"https:\/\/tajkertesz.com\/en_US\/wp-json\/wp\/v2\/product"}],"about":[{"href":"https:\/\/tajkertesz.com\/en_US\/wp-json\/wp\/v2\/types\/product"}],"wp:featuredmedia":[{"embeddable":true,"href":"https:\/\/tajkertesz.com\/en_US\/wp-json\/wp\/v2\/media\/1392"}],"wp:attachment":[{"href":"https:\/\/tajkertesz.com\/en_US\/wp-json\/wp\/v2\/media?parent=1390"}],"wp:term":[{"taxonomy":"product_brand","embeddable":true,"href":"https:\/\/tajkertesz.com\/en_US\/wp-json\/wp\/v2\/product_brand?post=1390"},{"taxonomy":"product_cat","embeddable":true,"href":"https:\/\/tajkertesz.com\/en_US\/wp-json\/wp\/v2\/product_cat?post=1390"},{"taxonomy":"product_tag","embeddable":true,"href":"https:\/\/tajkertesz.com\/en_US\/wp-json\/wp\/v2\/product_tag?post=1390"}],"curies":[{"name":"wp","href":"https:\/\/api.w.org\/{rel}","templated":true}]}}