{"id":13918,"date":"2022-10-24T12:47:51","date_gmt":"2022-10-24T12:47:51","guid":{"rendered":"https:\/\/tajkertesz.com\/?post_type=product&#038;p=13918"},"modified":"2026-02-25T13:15:59","modified_gmt":"2026-02-25T13:15:59","slug":"prunus-laurocerasus-genolia-oszlopos-babermeggy-3","status":"publish","type":"product","link":"https:\/\/tajkertesz.com\/en_US\/product\/prunus-laurocerasus-genolia-oszlopos-babermeggy-3\/","title":{"rendered":"Prunus laurocerasus \u2018Genolia\u2019 \u2013 Oszlopos bab\u00e9rmeggy"},"content":{"rendered":"<h1>Prunus laurocerasus \u2018Genolia\u2019 \u2013 Oszlopos bab\u00e9rmeggy<\/h1>\n<p data-start=\"572\" data-end=\"864\">A <strong data-start=\"574\" data-end=\"607\">Prunus laurocerasus \u2018Genolia\u2019<\/strong>, k\u00f6zismert nev\u00e9n <strong data-start=\"625\" data-end=\"648\">oszlopos bab\u00e9rmeggy<\/strong>, egy modern, f\u00fcgg\u0151leges n\u00f6veked\u00e9s\u0171 \u00f6r\u00f6kz\u00f6ld d\u00edszcserje. Sz\u0171k helyekre, keskeny s\u00f6v\u00e9ny kialak\u00edt\u00e1s\u00e1hoz ide\u00e1lis v\u00e1laszt\u00e1s, mivel term\u00e9szetes form\u00e1j\u00e1ban is <strong data-start=\"801\" data-end=\"826\">magas, oszlopos alak\u00fa<\/strong>, alacsony oldalir\u00e1ny\u00fa n\u00f6veked\u00e9ssel.<\/p>\n<p data-start=\"869\" data-end=\"1109\"><strong data-start=\"869\" data-end=\"893\">Rendk\u00edv\u00fcl s\u0171r\u0171 lomb\u00fa<\/strong>, f\u00e9nyes s\u00f6t\u00e9tz\u00f6ld levelei eg\u00e9sz \u00e9vben dekorat\u00edvak. J\u00f3l t\u0171ri a metsz\u00e9st, de metsz\u00e9s n\u00e9lk\u00fcl is form\u00e1s marad. T\u00e9l\u00e1ll\u00f3, v\u00e1rost\u0171r\u0151 fajta, \u00edgy kertekbe, el\u0151kertekbe, utcafrontokra vagy ak\u00e1r zajv\u00e9d\u0151 s\u00f6v\u00e9nynek is ide\u00e1lis.<\/p>\n<p data-start=\"1114\" data-end=\"1133\"><strong data-start=\"1114\" data-end=\"1133\">F\u0151bb jellemz\u0151k:<\/strong><\/p>\n<ul data-start=\"1136\" data-end=\"1403\">\n<li data-start=\"1136\" data-end=\"1165\">\n<p data-start=\"1138\" data-end=\"1165\">V\u00e9gs\u0151 magass\u00e1g: 3\u20134 m\u00e9ter<\/p>\n<\/li>\n<li data-start=\"1168\" data-end=\"1192\">\n<p data-start=\"1170\" data-end=\"1192\">Sz\u00e9less\u00e9g: 80\u2013100 cm<\/p>\n<\/li>\n<li data-start=\"1195\" data-end=\"1236\">\n<p data-start=\"1197\" data-end=\"1236\">Lombozat: f\u00e9nyes, s\u00f6t\u00e9tz\u00f6ld, \u00f6r\u00f6kz\u00f6ld<\/p>\n<\/li>\n<li data-start=\"1239\" data-end=\"1282\">\n<p data-start=\"1241\" data-end=\"1282\">Vir\u00e1gz\u00e1s: m\u00e1jus (feh\u00e9r, illatos f\u00fcrt\u00f6k)<\/p>\n<\/li>\n<li data-start=\"1285\" data-end=\"1315\">\n<p data-start=\"1287\" data-end=\"1315\">F\u00e9nyig\u00e9ny: f\u00e9l\u00e1rny\u00e9k \u2013 nap<\/p>\n<\/li>\n<li data-start=\"1318\" data-end=\"1369\">\n<p data-start=\"1320\" data-end=\"1369\">Talajig\u00e9ny: j\u00f3 v\u00edzelvezet\u00e9s\u0171, t\u00e1panyagd\u00fas talaj<\/p>\n<\/li>\n<li data-start=\"1372\" data-end=\"1401\">\n<p data-start=\"1374\" data-end=\"1401\">T\u00e9l\u00e1ll\u00f3s\u00e1g: kb. \u201320 \u00b0C-ig<\/p>\n<\/li>\n<\/ul>\n<p data-start=\"1406\" data-end=\"1562\"><strong data-start=\"1406\" data-end=\"1431\">Ide\u00e1lis v\u00e1laszt\u00e1s, ha<\/strong> helyhi\u00e1ny miatt csak keskeny s\u00f6v\u00e9nyben gondolkozol, de nem akarsz kompromisszumot k\u00f6tni az \u00e1tl\u00e1that\u00f3s\u00e1g vagy az eszt\u00e9tika ter\u00e9n.<\/p>\n<h4><strong>\ud83d\udd04 K\u00e9szletinform\u00e1ci\u00f3<\/strong><\/h4>\n<p><strong>K\u00e9szlet\u00fcnk napi szinten v\u00e1ltozik, \u00edgy a webshopban szerepl<\/strong><strong>\u0151<\/strong><strong> term\u00e9kek el\u00e9rhet<\/strong><strong>\u0151<\/strong><strong>s\u00e9ge nem garant\u00e1lt.<br \/>\n\ud83d\udcde A megrendel\u00e9s el<\/strong><strong>\u0151<\/strong><strong>tt k\u00e9rj\u00fck, \u00e9rdekl<\/strong><strong>\u0151<\/strong><strong>dj\u00f6n szem\u00e9lyesen, telefonon vagy e-mailben!<\/strong><\/p>\n<h4><strong>\u27a1\ufe0f Kapcsolat:<\/strong><\/h4>\n<ul>\n<li><strong>Weboldal: <\/strong><a href=\"https:\/\/tajkertesz.com\"><strong>tajkertesz.com<\/strong><\/a><\/li>\n<li><strong>Facebook: <\/strong><a href=\"https:\/\/www.facebook.com\/tajkertesz\/\"><strong>facebook.com\/tajkertesz<\/strong><\/a><\/li>\n<li><strong>Telefonsz\u00e1m, e-mail: +36\/20-319-3770 <\/strong><a href=\"mailto:tajkerteszaruda@gmail.com\"><strong>tajkerteszaruda@gmail.com<\/strong><\/a><\/li>\n<\/ul>\n<h4><strong>\ud83d\ude9a Sz\u00e1ll\u00edt\u00e1si inform\u00e1ci\u00f3k<\/strong><\/h4>\n<p><strong>A megrendelt n\u00f6v\u00e9nyek kisz\u00e1ll\u00edt\u00e1sa az al\u00e1bbi felt\u00e9telek mellett t\u00f6rt\u00e9nik:<\/strong><\/p>\n<h4><strong>\ud83d\udce6 Fut\u00e1rszolg\u00e1latos sz\u00e1ll\u00edt\u00e1s<\/strong><\/h4>\n<ul>\n<li><strong>Maxim\u00e1lis m\u00e9ret: 200 cm (hossz\u00fas\u00e1g)<\/strong><\/li>\n<li><strong>Maxim\u00e1lis s\u00faly: 40 kg<\/strong><\/li>\n<li><strong>Az enn\u00e9l kisebb \u00e9s k\u00f6nnyebb csomagokat fut\u00e1rszolg\u00e1lattal k\u00e9zbes\u00edtj\u00fck a lehet<\/strong><strong>\u0151<\/strong><strong> legbiztons\u00e1gosabb csomagol\u00e1sban.<\/strong><\/li>\n<\/ul>\n<h4><strong>\ud83d\udefb Szem\u00e9lyes \u00e1tv\u00e9tel<\/strong><\/h4>\n<ul>\n<li><strong>1173 Budapest, Bakancsos utca 7. sz\u00e1m alatt nyitvatart\u00e1si id<\/strong><strong>\u0151<\/strong><strong>ben szem\u00e9lyesen \u00e1tvehet<\/strong><strong>\u0151<\/strong><strong> kert\u00e9szeti \u00e1rud\u00e1nkban.<\/strong><\/li>\n<li><strong>K\u00f6lts\u00e9ghat\u00e9kony megold\u00e1s nagyobb, t\u00f6r\u00e9kenyebb vagy t\u00falm\u00e9retes n\u00f6v\u00e9nyek eset\u00e9n.<\/strong><\/li>\n<\/ul>\n<h4><strong>\ud83d\udcde Nagy m\u00e9ret<\/strong><strong>\u0171<\/strong><strong> vagy s\u00faly\u00fa n\u00f6v\u00e9nyek eset\u00e9n<\/strong><\/h4>\n<p><strong>Ha a term\u00e9k:<\/strong><\/p>\n<ul>\n<li><strong>meghaladja a 200 cm hossz\u00fas\u00e1got vagy<\/strong><\/li>\n<li><strong>meghaladja a 40 kg s\u00falyt,<\/strong><\/li>\n<\/ul>\n<p><strong>akkor szem\u00e9lyes \u00e1tv\u00e9tellel vagy egyedi, el<\/strong><strong>\u0151<\/strong><strong>re egyeztetett sz\u00e1ll\u00edt\u00e1si felt\u00e9telek mellett t\u00f6rt\u00e9nik.<br \/>\nK\u00e9rj\u00fck, ilyen esetben rendel\u00e9s el<\/strong><strong>\u0151<\/strong><strong>tt vegye fel vel\u00fcnk a kapcsolatot, hogy a lehet<\/strong><strong>\u0151<\/strong><strong> legmegfelel<\/strong><strong>\u0151<\/strong><strong>bb sz\u00e1ll\u00edt\u00e1si megold\u00e1st k\u00edn\u00e1lhassuk.<\/strong><\/p>\n<p><strong>\ud83d\udd14 Fontos: A n\u00f6v\u00e9nyeket minden esetben igyeksz\u00fcnk gondosan, egyes\u00e9vel csomagolni, azonban a sz\u00e1ll\u00edt\u00e1s sor\u00e1n kisebb eszt\u00e9tikai s\u00e9r\u00fcl\u00e9sek el<\/strong><strong>\u0151<\/strong><strong>fordulhatnak (pl. lev\u00e9lhull\u00e1s). Ez nem min<\/strong><strong>\u0151<\/strong><strong>s\u00fcl hib\u00e1s teljes\u00edt\u00e9snek.<\/strong><\/p>\n<h4><strong>\ud83d\udcf7 Fontos tudni a k\u00e9pekr<\/strong><strong>\u0151<\/strong><strong>l<\/strong><\/h4>\n<p><strong>A webshopban szerepl<\/strong><strong>\u0151<\/strong><strong> k\u00e9pek illusztr\u00e1ci\u00f3k, a n\u00f6v\u00e9nyek term\u00e9szet\u00fckn\u00e9l fogva egyediek, \u00edgy m\u00e9retben, alakban \u00e9s sz\u00ednben minim\u00e1lis elt\u00e9r\u00e9sek el<\/strong><strong>\u0151<\/strong><strong>fordulhatnak a k\u00e9pen l\u00e1that\u00f3 \u00e9s a val\u00f3s p\u00e9ld\u00e1nyok k\u00f6z\u00f6tt.<\/strong><\/p>\n<h4><strong>\ud83e\uddfe \u00c1rak \u00e9s el\u00e1ll\u00e1si jog<\/strong><\/h4>\n<ul>\n<li><strong>Az \u00e1rak egy darab\u00a0n\u00f6v\u00e9nyre vonatkoznak.<\/strong><\/li>\n<li><strong>\u00c9l<\/strong><strong>\u0151<\/strong><strong> n\u00f6v\u00e9nyek rendel\u00e9se eset\u00e9n a 14 napos el\u00e1ll\u00e1s joga nem \u00e9rv\u00e9nyes\u00edthet<\/strong><strong>\u0151<\/strong><strong>, mivel azok romland\u00f3, biol\u00f3giailag \u00e9l<\/strong><strong>\u0151<\/strong><strong> term\u00e9keknek min<\/strong><strong>\u0151<\/strong><strong>s\u00fclnek.<br \/>\n\ud83d\udd12 (17\/1999. (II. 5.) Korm. rendelet 5. \u00a7 c) pontja alapj\u00e1n)<\/strong><\/li>\n<\/ul>\n<h4><strong>\ud83d\udce6 K\u00e9zbes\u00edt\u00e9s ut\u00e1ni teend<\/strong><strong>\u0151<\/strong><strong>k<\/strong><\/h4>\n<p><strong>A k\u00e9zbes\u00edt\u00e9st k\u00f6vet<\/strong><strong>\u0151<\/strong><strong>en a csomagot azonnal bontsuk ki, \u00e9s a n\u00f6v\u00e9nyt helyezz\u00fck el megfelel<\/strong><strong>\u0151<\/strong><strong> k\u00f6rnyezetben.<br \/>\nFontos: ha a n\u00f6v\u00e9ny nem r\u00e9szes\u00fcl megfelel<\/strong><strong>\u0151<\/strong><strong> gondoz\u00e1sban \u00e9s ennek k\u00f6vetkezt\u00e9ben k\u00e1rosodik vagy elpusztul, felel<\/strong><strong>\u0151<\/strong><strong>ss\u00e9get nem tudunk v\u00e1llalni.<\/strong><\/p>\n<p><strong>\u00a0<\/strong><\/p>","protected":false},"excerpt":{"rendered":"<p>Oszlopos n\u00f6veked\u00e9s\u0171 \u00f6r\u00f6kz\u00f6ld bab\u00e9rmeggy fajta. S\u0171r\u0171, keskeny s\u00f6v\u00e9ny kialak\u00edt\u00e1s\u00e1ra kiv\u00e1l\u00f3. J\u00f3l t\u0171ri a metsz\u00e9st, eg\u00e9sz \u00e9vben dekorat\u00edv.<\/p>\n<p>A n\u00f6v\u00e9ny jelenlegi m\u00e9rete: 80\/100 cm magas, 20 literes kont\u00e9nerben.<\/p>","protected":false},"featured_media":13960,"template":"","meta":{"_et_pb_use_builder":"","_et_pb_old_content":"","_et_gb_content_width":""},"product_brand":[],"product_cat":[4192],"product_tag":[1276,6154,6155,5941,3763,4411,4205,6156],"class_list":{"0":"post-13918","1":"product","2":"type-product","3":"status-publish","4":"has-post-thumbnail","6":"product_cat-orokzold-diszbaberok-prunus-laurocerasus","7":"product_tag-babermeggy","8":"product_tag-genolia","9":"product_tag-keskeny-cserje","10":"product_tag-orokzold-soveny","11":"product_tag-oszlopos-babermeggy","12":"product_tag-prunus-laurocerasus","13":"product_tag-soveny-noveny","14":"product_tag-telallo-orokzold","16":"first","17":"instock","18":"shipping-taxable","19":"purchasable","20":"product-type-simple"},"yoast_head":"<!-- This site is optimized with the Yoast SEO plugin v27.4 - https:\/\/yoast.com\/product\/yoast-seo-wordpress\/ -->\n<title>Prunus laurocerasus \u2018Genolia\u2019 \u2013 Oszlopos bab\u00e9rmeggy - T\u00e1jkert\u00e9sz<\/title>\n<meta name=\"description\" content=\"A Prunus laurocerasus \u2018Genolia\u2019 \u2013 Oszlopos bab\u00e9rmeggy egy \u00f6r\u00f6kz\u00f6ld n\u00f6v\u00e9ny mely kiv\u00e1l\u00f3an alkalmas s\u00f6v\u00e9nynek. C\u00e9lszer\u0171 \u00e9vente 2* megmetszeni.\" \/>\n<meta name=\"robots\" content=\"index, follow, max-snippet:-1, max-image-preview:large, max-video-preview:-1\" \/>\n<link rel=\"canonical\" href=\"https:\/\/tajkertesz.com\/en_US\/product\/prunus-laurocerasus-genolia-oszlopos-babermeggy-3\/\" \/>\n<meta property=\"og:locale\" content=\"en_US\" \/>\n<meta property=\"og:type\" content=\"article\" \/>\n<meta property=\"og:title\" content=\"Prunus laurocerasus \u2018Genolia\u2019 \u2013 Oszlopos bab\u00e9rmeggy - T\u00e1jkert\u00e9sz\" \/>\n<meta property=\"og:description\" content=\"A Prunus laurocerasus \u2018Genolia\u2019 \u2013 Oszlopos bab\u00e9rmeggy egy \u00f6r\u00f6kz\u00f6ld n\u00f6v\u00e9ny mely kiv\u00e1l\u00f3an alkalmas s\u00f6v\u00e9nynek. C\u00e9lszer\u0171 \u00e9vente 2* megmetszeni.\" \/>\n<meta property=\"og:url\" content=\"https:\/\/tajkertesz.com\/en_US\/product\/prunus-laurocerasus-genolia-oszlopos-babermeggy-3\/\" \/>\n<meta property=\"og:site_name\" content=\"T\u00e1jkert\u00e9sz\" \/>\n<meta property=\"article:publisher\" content=\"https:\/\/www.facebook.com\/Tajkertesz\/\" \/>\n<meta property=\"article:modified_time\" content=\"2026-02-25T13:15:59+00:00\" \/>\n<meta property=\"og:image\" content=\"https:\/\/tajkertesz.com\/wp-content\/uploads\/2022\/10\/20221025_104153-scaled.jpg\" \/>\n\t<meta property=\"og:image:width\" content=\"1154\" \/>\n\t<meta property=\"og:image:height\" content=\"2560\" \/>\n\t<meta property=\"og:image:type\" content=\"image\/jpeg\" \/>\n<meta name=\"twitter:card\" content=\"summary_large_image\" \/>\n<meta name=\"twitter:label1\" content=\"Est. reading time\" \/>\n\t<meta name=\"twitter:data1\" content=\"3 minutes\" \/>\n<script type=\"application\/ld+json\" class=\"yoast-schema-graph\">{\"@context\":\"https:\\\/\\\/schema.org\",\"@graph\":[{\"@type\":\"WebPage\",\"@id\":\"https:\\\/\\\/tajkertesz.com\\\/termek\\\/prunus-laurocerasus-genolia-oszlopos-babermeggy-3\\\/\",\"url\":\"https:\\\/\\\/tajkertesz.com\\\/termek\\\/prunus-laurocerasus-genolia-oszlopos-babermeggy-3\\\/\",\"name\":\"Prunus laurocerasus \u2018Genolia\u2019 \u2013 Oszlopos bab\u00e9rmeggy - T\u00e1jkert\u00e9sz\",\"isPartOf\":{\"@id\":\"https:\\\/\\\/tajkertesz.com\\\/#website\"},\"primaryImageOfPage\":{\"@id\":\"https:\\\/\\\/tajkertesz.com\\\/termek\\\/prunus-laurocerasus-genolia-oszlopos-babermeggy-3\\\/#primaryimage\"},\"image\":{\"@id\":\"https:\\\/\\\/tajkertesz.com\\\/termek\\\/prunus-laurocerasus-genolia-oszlopos-babermeggy-3\\\/#primaryimage\"},\"thumbnailUrl\":\"https:\\\/\\\/tajkertesz.com\\\/wp-content\\\/uploads\\\/2022\\\/10\\\/20221025_104153-scaled.jpg\",\"datePublished\":\"2022-10-24T12:47:51+00:00\",\"dateModified\":\"2026-02-25T13:15:59+00:00\",\"description\":\"A Prunus laurocerasus \u2018Genolia\u2019 \u2013 Oszlopos bab\u00e9rmeggy egy \u00f6r\u00f6kz\u00f6ld n\u00f6v\u00e9ny mely kiv\u00e1l\u00f3an alkalmas s\u00f6v\u00e9nynek. C\u00e9lszer\u0171 \u00e9vente 2* megmetszeni.\",\"breadcrumb\":{\"@id\":\"https:\\\/\\\/tajkertesz.com\\\/termek\\\/prunus-laurocerasus-genolia-oszlopos-babermeggy-3\\\/#breadcrumb\"},\"inLanguage\":\"en-US\",\"potentialAction\":[{\"@type\":\"ReadAction\",\"target\":[\"https:\\\/\\\/tajkertesz.com\\\/termek\\\/prunus-laurocerasus-genolia-oszlopos-babermeggy-3\\\/\"]}]},{\"@type\":\"ImageObject\",\"inLanguage\":\"en-US\",\"@id\":\"https:\\\/\\\/tajkertesz.com\\\/termek\\\/prunus-laurocerasus-genolia-oszlopos-babermeggy-3\\\/#primaryimage\",\"url\":\"https:\\\/\\\/tajkertesz.com\\\/wp-content\\\/uploads\\\/2022\\\/10\\\/20221025_104153-scaled.jpg\",\"contentUrl\":\"https:\\\/\\\/tajkertesz.com\\\/wp-content\\\/uploads\\\/2022\\\/10\\\/20221025_104153-scaled.jpg\",\"width\":1154,\"height\":2560,\"caption\":\"Prunus laurocerasus \u2018Genolia\u2019 \u2013 Oszlopos bab\u00e9rmeggy\"},{\"@type\":\"BreadcrumbList\",\"@id\":\"https:\\\/\\\/tajkertesz.com\\\/termek\\\/prunus-laurocerasus-genolia-oszlopos-babermeggy-3\\\/#breadcrumb\",\"itemListElement\":[{\"@type\":\"ListItem\",\"position\":1,\"name\":\"Home\",\"item\":\"https:\\\/\\\/tajkertesz.com\\\/\"},{\"@type\":\"ListItem\",\"position\":2,\"name\":\"Kezd\u0151lap\",\"item\":\"https:\\\/\\\/tajkertesz.com\\\/\"},{\"@type\":\"ListItem\",\"position\":3,\"name\":\"Prunus laurocerasus \u2018Genolia\u2019 \u2013 Oszlopos bab\u00e9rmeggy\"}]},{\"@type\":\"WebSite\",\"@id\":\"https:\\\/\\\/tajkertesz.com\\\/#website\",\"url\":\"https:\\\/\\\/tajkertesz.com\\\/\",\"name\":\"T\u00e1j-Kert\u00e9sz 84 Kft.\",\"description\":\"Kert\u00e9szeti kis- \u00e9s nagykeresked\u00e9s, D\u00edszn\u00f6v\u00e9ny web\u00e1ruh\u00e1z orsz\u00e1gos h\u00e1zhozsz\u00e1ll\u00edt\u00e1ssal!\",\"publisher\":{\"@id\":\"https:\\\/\\\/tajkertesz.com\\\/#organization\"},\"potentialAction\":[{\"@type\":\"SearchAction\",\"target\":{\"@type\":\"EntryPoint\",\"urlTemplate\":\"https:\\\/\\\/tajkertesz.com\\\/?s={search_term_string}\"},\"query-input\":{\"@type\":\"PropertyValueSpecification\",\"valueRequired\":true,\"valueName\":\"search_term_string\"}}],\"inLanguage\":\"en-US\"},{\"@type\":\"Organization\",\"@id\":\"https:\\\/\\\/tajkertesz.com\\\/#organization\",\"name\":\"T\u00e1j-Kert\u00e9sz 84 Kft.\",\"url\":\"https:\\\/\\\/tajkertesz.com\\\/\",\"logo\":{\"@type\":\"ImageObject\",\"inLanguage\":\"en-US\",\"@id\":\"https:\\\/\\\/tajkertesz.com\\\/#\\\/schema\\\/logo\\\/image\\\/\",\"url\":\"https:\\\/\\\/tajkertesz.com\\\/wp-content\\\/uploads\\\/2018\\\/02\\\/logo-2-e1518678052539.png\",\"contentUrl\":\"https:\\\/\\\/tajkertesz.com\\\/wp-content\\\/uploads\\\/2018\\\/02\\\/logo-2-e1518678052539.png\",\"width\":81,\"height\":140,\"caption\":\"T\u00e1j-Kert\u00e9sz 84 Kft.\"},\"image\":{\"@id\":\"https:\\\/\\\/tajkertesz.com\\\/#\\\/schema\\\/logo\\\/image\\\/\"},\"sameAs\":[\"https:\\\/\\\/www.facebook.com\\\/Tajkertesz\\\/\"]}]}<\/script>\n<!-- \/ Yoast SEO plugin. -->","yoast_head_json":{"title":"Prunus laurocerasus \u2018Genolia\u2019 \u2013 Oszlopos bab\u00e9rmeggy - T\u00e1jkert\u00e9sz","description":"A Prunus laurocerasus \u2018Genolia\u2019 \u2013 Oszlopos bab\u00e9rmeggy egy \u00f6r\u00f6kz\u00f6ld n\u00f6v\u00e9ny mely kiv\u00e1l\u00f3an alkalmas s\u00f6v\u00e9nynek. C\u00e9lszer\u0171 \u00e9vente 2* megmetszeni.","robots":{"index":"index","follow":"follow","max-snippet":"max-snippet:-1","max-image-preview":"max-image-preview:large","max-video-preview":"max-video-preview:-1"},"canonical":"https:\/\/tajkertesz.com\/en_US\/product\/prunus-laurocerasus-genolia-oszlopos-babermeggy-3\/","og_locale":"en_US","og_type":"article","og_title":"Prunus laurocerasus \u2018Genolia\u2019 \u2013 Oszlopos bab\u00e9rmeggy - T\u00e1jkert\u00e9sz","og_description":"A Prunus laurocerasus \u2018Genolia\u2019 \u2013 Oszlopos bab\u00e9rmeggy egy \u00f6r\u00f6kz\u00f6ld n\u00f6v\u00e9ny mely kiv\u00e1l\u00f3an alkalmas s\u00f6v\u00e9nynek. C\u00e9lszer\u0171 \u00e9vente 2* megmetszeni.","og_url":"https:\/\/tajkertesz.com\/en_US\/product\/prunus-laurocerasus-genolia-oszlopos-babermeggy-3\/","og_site_name":"T\u00e1jkert\u00e9sz","article_publisher":"https:\/\/www.facebook.com\/Tajkertesz\/","article_modified_time":"2026-02-25T13:15:59+00:00","og_image":[{"width":1154,"height":2560,"url":"https:\/\/tajkertesz.com\/wp-content\/uploads\/2022\/10\/20221025_104153-scaled.jpg","type":"image\/jpeg"}],"twitter_card":"summary_large_image","twitter_misc":{"Est. reading time":"3 minutes"},"schema":{"@context":"https:\/\/schema.org","@graph":[{"@type":"WebPage","@id":"https:\/\/tajkertesz.com\/termek\/prunus-laurocerasus-genolia-oszlopos-babermeggy-3\/","url":"https:\/\/tajkertesz.com\/termek\/prunus-laurocerasus-genolia-oszlopos-babermeggy-3\/","name":"Prunus laurocerasus \u2018Genolia\u2019 \u2013 Oszlopos bab\u00e9rmeggy - T\u00e1jkert\u00e9sz","isPartOf":{"@id":"https:\/\/tajkertesz.com\/#website"},"primaryImageOfPage":{"@id":"https:\/\/tajkertesz.com\/termek\/prunus-laurocerasus-genolia-oszlopos-babermeggy-3\/#primaryimage"},"image":{"@id":"https:\/\/tajkertesz.com\/termek\/prunus-laurocerasus-genolia-oszlopos-babermeggy-3\/#primaryimage"},"thumbnailUrl":"https:\/\/tajkertesz.com\/wp-content\/uploads\/2022\/10\/20221025_104153-scaled.jpg","datePublished":"2022-10-24T12:47:51+00:00","dateModified":"2026-02-25T13:15:59+00:00","description":"A Prunus laurocerasus \u2018Genolia\u2019 \u2013 Oszlopos bab\u00e9rmeggy egy \u00f6r\u00f6kz\u00f6ld n\u00f6v\u00e9ny mely kiv\u00e1l\u00f3an alkalmas s\u00f6v\u00e9nynek. C\u00e9lszer\u0171 \u00e9vente 2* megmetszeni.","breadcrumb":{"@id":"https:\/\/tajkertesz.com\/termek\/prunus-laurocerasus-genolia-oszlopos-babermeggy-3\/#breadcrumb"},"inLanguage":"en-US","potentialAction":[{"@type":"ReadAction","target":["https:\/\/tajkertesz.com\/termek\/prunus-laurocerasus-genolia-oszlopos-babermeggy-3\/"]}]},{"@type":"ImageObject","inLanguage":"en-US","@id":"https:\/\/tajkertesz.com\/termek\/prunus-laurocerasus-genolia-oszlopos-babermeggy-3\/#primaryimage","url":"https:\/\/tajkertesz.com\/wp-content\/uploads\/2022\/10\/20221025_104153-scaled.jpg","contentUrl":"https:\/\/tajkertesz.com\/wp-content\/uploads\/2022\/10\/20221025_104153-scaled.jpg","width":1154,"height":2560,"caption":"Prunus laurocerasus \u2018Genolia\u2019 \u2013 Oszlopos bab\u00e9rmeggy"},{"@type":"BreadcrumbList","@id":"https:\/\/tajkertesz.com\/termek\/prunus-laurocerasus-genolia-oszlopos-babermeggy-3\/#breadcrumb","itemListElement":[{"@type":"ListItem","position":1,"name":"Home","item":"https:\/\/tajkertesz.com\/"},{"@type":"ListItem","position":2,"name":"Kezd\u0151lap","item":"https:\/\/tajkertesz.com\/"},{"@type":"ListItem","position":3,"name":"Prunus laurocerasus \u2018Genolia\u2019 \u2013 Oszlopos bab\u00e9rmeggy"}]},{"@type":"WebSite","@id":"https:\/\/tajkertesz.com\/#website","url":"https:\/\/tajkertesz.com\/","name":"T\u00e1j-Kert\u00e9sz 84 Kft.","description":"Kert\u00e9szeti kis- \u00e9s nagykeresked\u00e9s, D\u00edszn\u00f6v\u00e9ny web\u00e1ruh\u00e1z orsz\u00e1gos h\u00e1zhozsz\u00e1ll\u00edt\u00e1ssal!","publisher":{"@id":"https:\/\/tajkertesz.com\/#organization"},"potentialAction":[{"@type":"SearchAction","target":{"@type":"EntryPoint","urlTemplate":"https:\/\/tajkertesz.com\/?s={search_term_string}"},"query-input":{"@type":"PropertyValueSpecification","valueRequired":true,"valueName":"search_term_string"}}],"inLanguage":"en-US"},{"@type":"Organization","@id":"https:\/\/tajkertesz.com\/#organization","name":"T\u00e1j-Kert\u00e9sz 84 Kft.","url":"https:\/\/tajkertesz.com\/","logo":{"@type":"ImageObject","inLanguage":"en-US","@id":"https:\/\/tajkertesz.com\/#\/schema\/logo\/image\/","url":"https:\/\/tajkertesz.com\/wp-content\/uploads\/2018\/02\/logo-2-e1518678052539.png","contentUrl":"https:\/\/tajkertesz.com\/wp-content\/uploads\/2018\/02\/logo-2-e1518678052539.png","width":81,"height":140,"caption":"T\u00e1j-Kert\u00e9sz 84 Kft."},"image":{"@id":"https:\/\/tajkertesz.com\/#\/schema\/logo\/image\/"},"sameAs":["https:\/\/www.facebook.com\/Tajkertesz\/"]}]}},"_links":{"self":[{"href":"https:\/\/tajkertesz.com\/en_US\/wp-json\/wp\/v2\/product\/13918","targetHints":{"allow":["GET"]}}],"collection":[{"href":"https:\/\/tajkertesz.com\/en_US\/wp-json\/wp\/v2\/product"}],"about":[{"href":"https:\/\/tajkertesz.com\/en_US\/wp-json\/wp\/v2\/types\/product"}],"wp:featuredmedia":[{"embeddable":true,"href":"https:\/\/tajkertesz.com\/en_US\/wp-json\/wp\/v2\/media\/13960"}],"wp:attachment":[{"href":"https:\/\/tajkertesz.com\/en_US\/wp-json\/wp\/v2\/media?parent=13918"}],"wp:term":[{"taxonomy":"product_brand","embeddable":true,"href":"https:\/\/tajkertesz.com\/en_US\/wp-json\/wp\/v2\/product_brand?post=13918"},{"taxonomy":"product_cat","embeddable":true,"href":"https:\/\/tajkertesz.com\/en_US\/wp-json\/wp\/v2\/product_cat?post=13918"},{"taxonomy":"product_tag","embeddable":true,"href":"https:\/\/tajkertesz.com\/en_US\/wp-json\/wp\/v2\/product_tag?post=13918"}],"curies":[{"name":"wp","href":"https:\/\/api.w.org\/{rel}","templated":true}]}}