{"id":13923,"date":"2022-10-25T06:05:36","date_gmt":"2022-10-25T06:05:36","guid":{"rendered":"https:\/\/tajkertesz.com\/?post_type=product&#038;p=13923"},"modified":"2023-10-29T11:47:17","modified_gmt":"2023-10-29T11:47:17","slug":"liquidambar-styraciflua-lane-roberts-ambrafa-bonsai","status":"publish","type":"product","link":"https:\/\/tajkertesz.com\/en_US\/product\/liquidambar-styraciflua-lane-roberts-ambrafa-bonsai\/","title":{"rendered":"Liquidambar styraciflua \u2018Lane Roberts\u2019 \u2013 \u00c1mbrafa bonsai"},"content":{"rendered":"<h2>Liquidambar styraciflua \u2018Lane Roberts\u2019 \u2013 \u00c1mbrafa bonsai<\/h2>\n<p>&nbsp;<\/p>\n<p>Liquidambar styraciflua \u2018Lane Roberts\u2019 \u2013 T\u00f6rpe \u00e1mbrafa bonsai k\u00fapos koron\u00e1j\u00fa t\u00f6rpe m\u00e9ret\u0171 fa. Levelei eg\u00e9sz \u00e9vben bronzos-s\u00f6t\u00e9tz\u00f6ld, \u0151sszel narancs piros. Maximum magass\u00e1ga 1-2m.<\/p>\n<p>Fantasztikusan mutat d\u00e9zs\u00e1ba vagy szabadf\u00f6ldbe \u00fcltetve.<\/p>\n<p>Javasoljuk \u00fcltet\u00e9shez az al\u00e1bbi term\u00e9ket:<\/p>\n<blockquote class=\"wp-embedded-content\" data-secret=\"fvXKSs3ki4\"><p><a href=\"https:\/\/tajkertesz.com\/termek\/agrecol-plantacote-univerzalis-mutragya-6-honapos-hatasu-1-kg\/\">Agrecol Plantacote univerz\u00e1lis m\u0171tr\u00e1gya 6 h\u00f3napos hat\u00e1s\u00fa 1 kg<\/a><\/p><\/blockquote>\n<p><iframe loading=\"lazy\" class=\"wp-embedded-content\" sandbox=\"allow-scripts\" security=\"restricted\" style=\"position: absolute; clip: rect(1px, 1px, 1px, 1px);\" title=\"&#8220;Agrecol Plantacote univerz\u00e1lis m\u0171tr\u00e1gya 6 h\u00f3napos hat\u00e1s\u00fa 1 kg&#8221; &#8212; T\u00e1jkert\u00e9sz\" src=\"https:\/\/tajkertesz.com\/termek\/agrecol-plantacote-univerzalis-mutragya-6-honapos-hatasu-1-kg\/embed\/#?secret=Q2FZRaTiDM#?secret=fvXKSs3ki4\" data-secret=\"fvXKSs3ki4\" width=\"600\" height=\"338\" frameborder=\"0\" marginwidth=\"0\" marginheight=\"0\" scrolling=\"no\"><\/iframe><\/p>\n<p><b>K\u00e9szlet\u00fcnk napi szinten v\u00e1ltozik, ez\u00e9rt k\u00e9rj\u00fck, \u00e9rdekl\u0151dj\u00f6n szem\u00e9lyesen, telefonon vagy email-en.<br \/>\nA v\u00e1ltoztat\u00e1s jog\u00e1t fenntartjuk!\u00a0<\/b><\/p>\n<p><a href=\"https:\/\/tajkertesz.com\/\" target=\"_blank\" rel=\"noopener\" data-saferedirecturl=\"https:\/\/www.google.com\/url?q=https:\/\/tajkertesz.com\/&amp;source=gmail&amp;ust=1666170390873000&amp;usg=AOvVaw246SUy_k-vsTc4v7MZShIp\">https:\/\/tajkertesz.com\/<\/a><\/p>\n<p><a href=\"https:\/\/www.facebook.com\/tajkertesz\/\" target=\"_blank\" rel=\"noopener\" data-saferedirecturl=\"https:\/\/www.google.com\/url?q=https:\/\/www.facebook.com\/tajkertesz\/&amp;source=gmail&amp;ust=1666170390873000&amp;usg=AOvVaw0j7b4GED9VpgPUOtu4R02M\">https:\/\/www.facebook.com\/<wbr \/>tajkertesz\/<\/a><\/p>\n<p>Kisz\u00e1ll\u00edt\u00e1s: 200cm-ig \u00a0\u00e9s 40 kg-ig a sz\u00e1ll\u00edt\u00e1s fut\u00e1rszolg\u00e1lattal \u00a0t\u00f6rt\u00e9nik.<\/p>\n<p>Szem\u00e9lyes \u00e1tv\u00e9tel nyitvatart\u00e1si id\u0151ben a 17. ker\u00fclet Bakancsos utca 7. sz\u00e1m alatti Kert\u00e9szeti \u00e1rud\u00e1ban.<\/p>","protected":false},"excerpt":{"rendered":"<p>Liquidambar styraciflua \u2018Lane Roberts\u2019 \u2013 \u00c1mbrafa bonsai &nbsp; Liquidambar styraciflua \u2018Lane Roberts\u2019 \u2013 T\u00f6rpe \u00e1mbrafa bonsai k\u00fapos koron\u00e1j\u00fa t\u00f6rpe m\u00e9ret\u0171 fa. Levelei eg\u00e9sz \u00e9vben bronzos-s\u00f6t\u00e9tz\u00f6ld, \u0151sszel narancs piros. Maximum magass\u00e1ga 1-2m. Fantasztikusan mutat d\u00e9zs\u00e1ba vagy szabadf\u00f6ldbe \u00fcltetve. Javasoljuk \u00fcltet\u00e9shez az al\u00e1bbi term\u00e9ket: Agrecol Plantacote univerz\u00e1lis m\u0171tr\u00e1gya 6 h\u00f3napos hat\u00e1s\u00fa 1 kg K\u00e9szlet\u00fcnk napi szinten v\u00e1ltozik, [&hellip;]<\/p>\n","protected":false},"featured_media":13924,"template":"","meta":{"_et_pb_use_builder":"","_et_pb_old_content":"","_et_gb_content_width":""},"product_brand":[],"product_cat":[28],"product_tag":[],"class_list":{"0":"post-13923","1":"product","2":"type-product","3":"status-publish","4":"has-post-thumbnail","6":"product_cat-diszfak","8":"first","9":"instock","10":"shipping-taxable","11":"purchasable","12":"product-type-simple"},"yoast_head":"<!-- This site is optimized with the Yoast SEO plugin v27.4 - https:\/\/yoast.com\/product\/yoast-seo-wordpress\/ -->\n<title>Liquidambar styraciflua \u2018Lane Roberts\u2019 \u2013 \u00c1mbrafa bonsai - T\u00e1jkert\u00e9sz<\/title>\n<meta name=\"description\" content=\"Liquidambar styraciflua \u2018Lane Roberts\u2019 \u2013 \u00c1mbrafa bonsai k\u00fapos koron\u00e1j\u00fa t\u00f6rpe m\u00e9ret\u0171 fa. L\u00e1togassa meg kert\u00e9szet\u00fcnket vagy web\u00e1ruh\u00e1zunkat %\" \/>\n<meta name=\"robots\" content=\"index, follow, max-snippet:-1, max-image-preview:large, max-video-preview:-1\" \/>\n<link rel=\"canonical\" href=\"https:\/\/tajkertesz.com\/en_US\/product\/liquidambar-styraciflua-lane-roberts-ambrafa-bonsai\/\" \/>\n<meta property=\"og:locale\" content=\"en_US\" \/>\n<meta property=\"og:type\" content=\"article\" \/>\n<meta property=\"og:title\" content=\"Liquidambar styraciflua \u2018Lane Roberts\u2019 \u2013 \u00c1mbrafa bonsai - T\u00e1jkert\u00e9sz\" \/>\n<meta property=\"og:description\" content=\"Liquidambar styraciflua \u2018Lane Roberts\u2019 \u2013 \u00c1mbrafa bonsai k\u00fapos koron\u00e1j\u00fa t\u00f6rpe m\u00e9ret\u0171 fa. L\u00e1togassa meg kert\u00e9szet\u00fcnket vagy web\u00e1ruh\u00e1zunkat %\" \/>\n<meta property=\"og:url\" content=\"https:\/\/tajkertesz.com\/en_US\/product\/liquidambar-styraciflua-lane-roberts-ambrafa-bonsai\/\" \/>\n<meta property=\"og:site_name\" content=\"T\u00e1jkert\u00e9sz\" \/>\n<meta property=\"article:publisher\" content=\"https:\/\/www.facebook.com\/Tajkertesz\/\" \/>\n<meta property=\"article:modified_time\" content=\"2023-10-29T11:47:17+00:00\" \/>\n<meta property=\"og:image\" content=\"https:\/\/tajkertesz.com\/wp-content\/uploads\/2022\/10\/20221025_072415-scaled.jpg\" \/>\n\t<meta property=\"og:image:width\" content=\"1154\" \/>\n\t<meta property=\"og:image:height\" content=\"2560\" \/>\n\t<meta property=\"og:image:type\" content=\"image\/jpeg\" \/>\n<meta name=\"twitter:card\" content=\"summary_large_image\" \/>\n<meta name=\"twitter:label1\" content=\"Est. reading time\" \/>\n\t<meta name=\"twitter:data1\" content=\"1 minute\" \/>\n<script type=\"application\/ld+json\" class=\"yoast-schema-graph\">{\"@context\":\"https:\\\/\\\/schema.org\",\"@graph\":[{\"@type\":\"WebPage\",\"@id\":\"https:\\\/\\\/tajkertesz.com\\\/termek\\\/liquidambar-styraciflua-lane-roberts-ambrafa-bonsai\\\/\",\"url\":\"https:\\\/\\\/tajkertesz.com\\\/termek\\\/liquidambar-styraciflua-lane-roberts-ambrafa-bonsai\\\/\",\"name\":\"Liquidambar styraciflua \u2018Lane Roberts\u2019 \u2013 \u00c1mbrafa bonsai - T\u00e1jkert\u00e9sz\",\"isPartOf\":{\"@id\":\"https:\\\/\\\/tajkertesz.com\\\/#website\"},\"primaryImageOfPage\":{\"@id\":\"https:\\\/\\\/tajkertesz.com\\\/termek\\\/liquidambar-styraciflua-lane-roberts-ambrafa-bonsai\\\/#primaryimage\"},\"image\":{\"@id\":\"https:\\\/\\\/tajkertesz.com\\\/termek\\\/liquidambar-styraciflua-lane-roberts-ambrafa-bonsai\\\/#primaryimage\"},\"thumbnailUrl\":\"https:\\\/\\\/tajkertesz.com\\\/wp-content\\\/uploads\\\/2022\\\/10\\\/20221025_072415-scaled.jpg\",\"datePublished\":\"2022-10-25T06:05:36+00:00\",\"dateModified\":\"2023-10-29T11:47:17+00:00\",\"description\":\"Liquidambar styraciflua \u2018Lane Roberts\u2019 \u2013 \u00c1mbrafa bonsai k\u00fapos koron\u00e1j\u00fa t\u00f6rpe m\u00e9ret\u0171 fa. L\u00e1togassa meg kert\u00e9szet\u00fcnket vagy web\u00e1ruh\u00e1zunkat %\",\"breadcrumb\":{\"@id\":\"https:\\\/\\\/tajkertesz.com\\\/termek\\\/liquidambar-styraciflua-lane-roberts-ambrafa-bonsai\\\/#breadcrumb\"},\"inLanguage\":\"en-US\",\"potentialAction\":[{\"@type\":\"ReadAction\",\"target\":[\"https:\\\/\\\/tajkertesz.com\\\/termek\\\/liquidambar-styraciflua-lane-roberts-ambrafa-bonsai\\\/\"]}]},{\"@type\":\"ImageObject\",\"inLanguage\":\"en-US\",\"@id\":\"https:\\\/\\\/tajkertesz.com\\\/termek\\\/liquidambar-styraciflua-lane-roberts-ambrafa-bonsai\\\/#primaryimage\",\"url\":\"https:\\\/\\\/tajkertesz.com\\\/wp-content\\\/uploads\\\/2022\\\/10\\\/20221025_072415-scaled.jpg\",\"contentUrl\":\"https:\\\/\\\/tajkertesz.com\\\/wp-content\\\/uploads\\\/2022\\\/10\\\/20221025_072415-scaled.jpg\",\"width\":1154,\"height\":2560,\"caption\":\"T\u00f6rpe \u00e1mbrafa\"},{\"@type\":\"BreadcrumbList\",\"@id\":\"https:\\\/\\\/tajkertesz.com\\\/termek\\\/liquidambar-styraciflua-lane-roberts-ambrafa-bonsai\\\/#breadcrumb\",\"itemListElement\":[{\"@type\":\"ListItem\",\"position\":1,\"name\":\"Home\",\"item\":\"https:\\\/\\\/tajkertesz.com\\\/\"},{\"@type\":\"ListItem\",\"position\":2,\"name\":\"Kezd\u0151lap\",\"item\":\"https:\\\/\\\/tajkertesz.com\\\/\"},{\"@type\":\"ListItem\",\"position\":3,\"name\":\"Liquidambar styraciflua \u2018Lane Roberts\u2019 \u2013 \u00c1mbrafa bonsai\"}]},{\"@type\":\"WebSite\",\"@id\":\"https:\\\/\\\/tajkertesz.com\\\/#website\",\"url\":\"https:\\\/\\\/tajkertesz.com\\\/\",\"name\":\"T\u00e1j-Kert\u00e9sz 84 Kft.\",\"description\":\"Kert\u00e9szeti kis- \u00e9s nagykeresked\u00e9s, D\u00edszn\u00f6v\u00e9ny web\u00e1ruh\u00e1z orsz\u00e1gos h\u00e1zhozsz\u00e1ll\u00edt\u00e1ssal!\",\"publisher\":{\"@id\":\"https:\\\/\\\/tajkertesz.com\\\/#organization\"},\"potentialAction\":[{\"@type\":\"SearchAction\",\"target\":{\"@type\":\"EntryPoint\",\"urlTemplate\":\"https:\\\/\\\/tajkertesz.com\\\/?s={search_term_string}\"},\"query-input\":{\"@type\":\"PropertyValueSpecification\",\"valueRequired\":true,\"valueName\":\"search_term_string\"}}],\"inLanguage\":\"en-US\"},{\"@type\":\"Organization\",\"@id\":\"https:\\\/\\\/tajkertesz.com\\\/#organization\",\"name\":\"T\u00e1j-Kert\u00e9sz 84 Kft.\",\"url\":\"https:\\\/\\\/tajkertesz.com\\\/\",\"logo\":{\"@type\":\"ImageObject\",\"inLanguage\":\"en-US\",\"@id\":\"https:\\\/\\\/tajkertesz.com\\\/#\\\/schema\\\/logo\\\/image\\\/\",\"url\":\"https:\\\/\\\/tajkertesz.com\\\/wp-content\\\/uploads\\\/2018\\\/02\\\/logo-2-e1518678052539.png\",\"contentUrl\":\"https:\\\/\\\/tajkertesz.com\\\/wp-content\\\/uploads\\\/2018\\\/02\\\/logo-2-e1518678052539.png\",\"width\":81,\"height\":140,\"caption\":\"T\u00e1j-Kert\u00e9sz 84 Kft.\"},\"image\":{\"@id\":\"https:\\\/\\\/tajkertesz.com\\\/#\\\/schema\\\/logo\\\/image\\\/\"},\"sameAs\":[\"https:\\\/\\\/www.facebook.com\\\/Tajkertesz\\\/\"]}]}<\/script>\n<!-- \/ Yoast SEO plugin. -->","yoast_head_json":{"title":"Liquidambar styraciflua \u2018Lane Roberts\u2019 \u2013 \u00c1mbrafa bonsai - T\u00e1jkert\u00e9sz","description":"Liquidambar styraciflua \u2018Lane Roberts\u2019 \u2013 \u00c1mbrafa bonsai k\u00fapos koron\u00e1j\u00fa t\u00f6rpe m\u00e9ret\u0171 fa. L\u00e1togassa meg kert\u00e9szet\u00fcnket vagy web\u00e1ruh\u00e1zunkat %","robots":{"index":"index","follow":"follow","max-snippet":"max-snippet:-1","max-image-preview":"max-image-preview:large","max-video-preview":"max-video-preview:-1"},"canonical":"https:\/\/tajkertesz.com\/en_US\/product\/liquidambar-styraciflua-lane-roberts-ambrafa-bonsai\/","og_locale":"en_US","og_type":"article","og_title":"Liquidambar styraciflua \u2018Lane Roberts\u2019 \u2013 \u00c1mbrafa bonsai - T\u00e1jkert\u00e9sz","og_description":"Liquidambar styraciflua \u2018Lane Roberts\u2019 \u2013 \u00c1mbrafa bonsai k\u00fapos koron\u00e1j\u00fa t\u00f6rpe m\u00e9ret\u0171 fa. L\u00e1togassa meg kert\u00e9szet\u00fcnket vagy web\u00e1ruh\u00e1zunkat %","og_url":"https:\/\/tajkertesz.com\/en_US\/product\/liquidambar-styraciflua-lane-roberts-ambrafa-bonsai\/","og_site_name":"T\u00e1jkert\u00e9sz","article_publisher":"https:\/\/www.facebook.com\/Tajkertesz\/","article_modified_time":"2023-10-29T11:47:17+00:00","og_image":[{"width":1154,"height":2560,"url":"https:\/\/tajkertesz.com\/wp-content\/uploads\/2022\/10\/20221025_072415-scaled.jpg","type":"image\/jpeg"}],"twitter_card":"summary_large_image","twitter_misc":{"Est. reading time":"1 minute"},"schema":{"@context":"https:\/\/schema.org","@graph":[{"@type":"WebPage","@id":"https:\/\/tajkertesz.com\/termek\/liquidambar-styraciflua-lane-roberts-ambrafa-bonsai\/","url":"https:\/\/tajkertesz.com\/termek\/liquidambar-styraciflua-lane-roberts-ambrafa-bonsai\/","name":"Liquidambar styraciflua \u2018Lane Roberts\u2019 \u2013 \u00c1mbrafa bonsai - T\u00e1jkert\u00e9sz","isPartOf":{"@id":"https:\/\/tajkertesz.com\/#website"},"primaryImageOfPage":{"@id":"https:\/\/tajkertesz.com\/termek\/liquidambar-styraciflua-lane-roberts-ambrafa-bonsai\/#primaryimage"},"image":{"@id":"https:\/\/tajkertesz.com\/termek\/liquidambar-styraciflua-lane-roberts-ambrafa-bonsai\/#primaryimage"},"thumbnailUrl":"https:\/\/tajkertesz.com\/wp-content\/uploads\/2022\/10\/20221025_072415-scaled.jpg","datePublished":"2022-10-25T06:05:36+00:00","dateModified":"2023-10-29T11:47:17+00:00","description":"Liquidambar styraciflua \u2018Lane Roberts\u2019 \u2013 \u00c1mbrafa bonsai k\u00fapos koron\u00e1j\u00fa t\u00f6rpe m\u00e9ret\u0171 fa. L\u00e1togassa meg kert\u00e9szet\u00fcnket vagy web\u00e1ruh\u00e1zunkat %","breadcrumb":{"@id":"https:\/\/tajkertesz.com\/termek\/liquidambar-styraciflua-lane-roberts-ambrafa-bonsai\/#breadcrumb"},"inLanguage":"en-US","potentialAction":[{"@type":"ReadAction","target":["https:\/\/tajkertesz.com\/termek\/liquidambar-styraciflua-lane-roberts-ambrafa-bonsai\/"]}]},{"@type":"ImageObject","inLanguage":"en-US","@id":"https:\/\/tajkertesz.com\/termek\/liquidambar-styraciflua-lane-roberts-ambrafa-bonsai\/#primaryimage","url":"https:\/\/tajkertesz.com\/wp-content\/uploads\/2022\/10\/20221025_072415-scaled.jpg","contentUrl":"https:\/\/tajkertesz.com\/wp-content\/uploads\/2022\/10\/20221025_072415-scaled.jpg","width":1154,"height":2560,"caption":"T\u00f6rpe \u00e1mbrafa"},{"@type":"BreadcrumbList","@id":"https:\/\/tajkertesz.com\/termek\/liquidambar-styraciflua-lane-roberts-ambrafa-bonsai\/#breadcrumb","itemListElement":[{"@type":"ListItem","position":1,"name":"Home","item":"https:\/\/tajkertesz.com\/"},{"@type":"ListItem","position":2,"name":"Kezd\u0151lap","item":"https:\/\/tajkertesz.com\/"},{"@type":"ListItem","position":3,"name":"Liquidambar styraciflua \u2018Lane Roberts\u2019 \u2013 \u00c1mbrafa bonsai"}]},{"@type":"WebSite","@id":"https:\/\/tajkertesz.com\/#website","url":"https:\/\/tajkertesz.com\/","name":"T\u00e1j-Kert\u00e9sz 84 Kft.","description":"Kert\u00e9szeti kis- \u00e9s nagykeresked\u00e9s, D\u00edszn\u00f6v\u00e9ny web\u00e1ruh\u00e1z orsz\u00e1gos h\u00e1zhozsz\u00e1ll\u00edt\u00e1ssal!","publisher":{"@id":"https:\/\/tajkertesz.com\/#organization"},"potentialAction":[{"@type":"SearchAction","target":{"@type":"EntryPoint","urlTemplate":"https:\/\/tajkertesz.com\/?s={search_term_string}"},"query-input":{"@type":"PropertyValueSpecification","valueRequired":true,"valueName":"search_term_string"}}],"inLanguage":"en-US"},{"@type":"Organization","@id":"https:\/\/tajkertesz.com\/#organization","name":"T\u00e1j-Kert\u00e9sz 84 Kft.","url":"https:\/\/tajkertesz.com\/","logo":{"@type":"ImageObject","inLanguage":"en-US","@id":"https:\/\/tajkertesz.com\/#\/schema\/logo\/image\/","url":"https:\/\/tajkertesz.com\/wp-content\/uploads\/2018\/02\/logo-2-e1518678052539.png","contentUrl":"https:\/\/tajkertesz.com\/wp-content\/uploads\/2018\/02\/logo-2-e1518678052539.png","width":81,"height":140,"caption":"T\u00e1j-Kert\u00e9sz 84 Kft."},"image":{"@id":"https:\/\/tajkertesz.com\/#\/schema\/logo\/image\/"},"sameAs":["https:\/\/www.facebook.com\/Tajkertesz\/"]}]}},"_links":{"self":[{"href":"https:\/\/tajkertesz.com\/en_US\/wp-json\/wp\/v2\/product\/13923","targetHints":{"allow":["GET"]}}],"collection":[{"href":"https:\/\/tajkertesz.com\/en_US\/wp-json\/wp\/v2\/product"}],"about":[{"href":"https:\/\/tajkertesz.com\/en_US\/wp-json\/wp\/v2\/types\/product"}],"wp:featuredmedia":[{"embeddable":true,"href":"https:\/\/tajkertesz.com\/en_US\/wp-json\/wp\/v2\/media\/13924"}],"wp:attachment":[{"href":"https:\/\/tajkertesz.com\/en_US\/wp-json\/wp\/v2\/media?parent=13923"}],"wp:term":[{"taxonomy":"product_brand","embeddable":true,"href":"https:\/\/tajkertesz.com\/en_US\/wp-json\/wp\/v2\/product_brand?post=13923"},{"taxonomy":"product_cat","embeddable":true,"href":"https:\/\/tajkertesz.com\/en_US\/wp-json\/wp\/v2\/product_cat?post=13923"},{"taxonomy":"product_tag","embeddable":true,"href":"https:\/\/tajkertesz.com\/en_US\/wp-json\/wp\/v2\/product_tag?post=13923"}],"curies":[{"name":"wp","href":"https:\/\/api.w.org\/{rel}","templated":true}]}}