{"id":13926,"date":"2022-10-25T06:54:46","date_gmt":"2022-10-25T06:54:46","guid":{"rendered":"https:\/\/tajkertesz.com\/?post_type=product&#038;p=13926"},"modified":"2025-08-28T06:39:45","modified_gmt":"2025-08-28T06:39:45","slug":"eleagnus-ebbingei-limelight-kupra-nyirt-ezustfa","status":"publish","type":"product","link":"https:\/\/tajkertesz.com\/en_US\/product\/eleagnus-ebbingei-limelight-kupra-nyirt-ezustfa\/","title":{"rendered":"Eleagnus ebbingei &#8216;Limelight&#8217; k\u00fapra ny\u00edrt ez\u00fcstfa"},"content":{"rendered":"<div id=\"attachment_13931\" style=\"width: 310px\" class=\"wp-caption alignleft\"><img loading=\"lazy\" decoding=\"async\" aria-describedby=\"caption-attachment-13931\" class=\"size-medium wp-image-13931\" src=\"https:\/\/tajkertesz.com\/wp-content\/uploads\/2022\/10\/PE-ELAEL-1.25-1.5m-1-300x225.jpg\" alt=\"\" width=\"300\" height=\"225\" srcset=\"https:\/\/tajkertesz.com\/wp-content\/uploads\/2022\/10\/PE-ELAEL-1.25-1.5m-1-300x225.jpg 300w, https:\/\/tajkertesz.com\/wp-content\/uploads\/2022\/10\/PE-ELAEL-1.25-1.5m-1-768x576.jpg 768w, https:\/\/tajkertesz.com\/wp-content\/uploads\/2022\/10\/PE-ELAEL-1.25-1.5m-1-16x12.jpg 16w, https:\/\/tajkertesz.com\/wp-content\/uploads\/2022\/10\/PE-ELAEL-1.25-1.5m-1-600x450.jpg 600w, https:\/\/tajkertesz.com\/wp-content\/uploads\/2022\/10\/PE-ELAEL-1.25-1.5m-1-64x48.jpg 64w, https:\/\/tajkertesz.com\/wp-content\/uploads\/2022\/10\/PE-ELAEL-1.25-1.5m-1.jpg 800w\" sizes=\"(max-width: 300px) 100vw, 300px\" \/><p id=\"caption-attachment-13931\" class=\"wp-caption-text\">Eleagnus &#8216;Limelight&#8217;<\/p><\/div>\n<h2>Eleagnus ebbingei &#8216;Limelight&#8217; k\u00fapra ny\u00edrt ez\u00fcstfa<\/h2>\n<p>Az Elaeagnaceae csal\u00e1d \u00f6r\u00f6kz\u00f6ld cserj\u00e9je az Eleagnus ebbingei &#8216;Limelight&#8217;. Fel\u00e1ll\u00f3 \u00e9s er\u0151teljes testtart\u00e1s, k\u00f6zepes n\u00f6veked\u00e9s. Ez az ez\u00fcstfa el\u00e9rheti a 4 m\u00e9teres magass\u00e1got. S\u00f6t\u00e9tz\u00f6ld lombozat \u00e9s szab\u00e1lytalanul aranyozott foltok megjelen\u00e9se a leveleken igaz\u00e1n egyediv\u00e9 teszi ezt a n\u00f6v\u00e9nyt. Vir\u00e1gz\u00e1s szeptember-december, kr\u00e9msz\u00edn\u0171 vir\u00e1g, nagyon illatos. El\u0151nyben r\u00e9szes\u00edti a j\u00f3l elvezetett t\u00e1panyagd\u00fas talajt.<\/p>\n<ul>\n<li>N\u00f6veked\u00e9se: \u00c1tlagos | 20-40cm \u00e9vente<\/li>\n<li>Magass\u00e1g: 1-4m magas<\/li>\n<li>Kont\u00e9neres n\u00f6v\u00e9ny (25L.)<\/li>\n<li>Magass\u00e1ga 150\/170cm cser\u00e9p n\u00e9lk\u00fcl<\/li>\n<li>Javasoljuk \u00fcltet\u00e9shez ide kattintva a <span style=\"color: #ff0000;\"><a style=\"color: #ff0000;\" href=\"https:\/\/tajkertesz.com\/termek\/florimo-orokzold-viragfold-50-l\/\">Florimo \u00f6r\u00f6kz\u00f6ld n\u00f6v\u00e9ny f\u00f6ldet<\/a>!<\/span><\/li>\n<\/ul>\n<p>&nbsp;<\/p>\n<p><b>K\u00e9szlet\u00fcnk napi szinten v\u00e1ltozik, ez\u00e9rt k\u00e9rj\u00fck, \u00e9rdekl\u0151dj\u00f6n szem\u00e9lyesen, telefonon vagy email-en.<br \/>\nA v\u00e1ltoztat\u00e1s jog\u00e1t fenntartjuk!\u00a0<\/b><\/p>\n<p><a href=\"https:\/\/tajkertesz.com\/\" target=\"_blank\" rel=\"noopener\" data-saferedirecturl=\"https:\/\/www.google.com\/url?q=https:\/\/tajkertesz.com\/&amp;source=gmail&amp;ust=1666170390873000&amp;usg=AOvVaw246SUy_k-vsTc4v7MZShIp\">https:\/\/tajkertesz.com\/<\/a><\/p>\n<p><a href=\"https:\/\/www.facebook.com\/tajkertesz\/\" target=\"_blank\" rel=\"noopener\" data-saferedirecturl=\"https:\/\/www.google.com\/url?q=https:\/\/www.facebook.com\/tajkertesz\/&amp;source=gmail&amp;ust=1666170390873000&amp;usg=AOvVaw0j7b4GED9VpgPUOtu4R02M\">https:\/\/www.facebook.com\/<wbr \/>tajkertesz\/<\/a><\/p>\n<p>Kisz\u00e1ll\u00edt\u00e1s: 200cm-ig \u00a0\u00e9s 40 kg-ig a sz\u00e1ll\u00edt\u00e1s fut\u00e1rszolg\u00e1lattal \u00a0t\u00f6rt\u00e9nik.<\/p>\n<p>Szem\u00e9lyes \u00e1tv\u00e9tel nyitvatart\u00e1si id\u0151ben a 17. ker\u00fclet Bakancsos utca 7. sz\u00e1m alatti Kert\u00e9szeti \u00e1rud\u00e1ban.<\/p>","protected":false},"excerpt":{"rendered":"<div class=\"product-description mb-3\">\n<p>Az Elaeagnus ebbingei &#8216;Limelight&#8217; \u00a0egy s\u0171r\u0171, er\u0151teljes cserje, gy\u00f6ny\u00f6r\u0171, tarka \u00f6r\u00f6kz\u00f6ld lombokkal. Az elegnus &#8222;Gilt Edge&#8221; -hez hasonl\u00f3an a n\u00f6v\u00e9nyek egyenesebbek, kompaktabbak \u00e9s <strong>a levelek megjelen\u00e9se l\u00e9nyegesen s\u00f6t\u00e9tebb z\u00f6ld, ami aranyszeg\u00e9ly\u00fcket sokkal f\u00e9nyesebb\u00e9 teszi<\/strong> &#8230;<\/p>\n<\/div>\n<div class=\"product-description\">\n<ul>\n<li><strong>Kompakt s\u00f6v\u00e9nycserje \u00e9s egy<\/strong> kis kertben sz\u00ednes megjelen\u00e9s is lehet.<\/li>\n<li>Gy\u00f6ny\u00f6r\u0171\u00a0<strong>s\u00f6t\u00e9tz\u00f6ld \u00f6r\u00f6kz\u00f6ld lombozat s\u00e1rg\u00e1val szeg\u00e9lyezve<\/strong>, f\u00e9nyesebb, mint a &#8222;Gilt Edge&#8221; chalef.<\/li>\n<li><strong>Kr\u00e9mvir\u00e1gok diszkr\u00e9t, de kellemesen illatosak<\/strong>\u00a0a ny\u00e1ri szezon v\u00e9g\u00e9n.<\/li>\n<li><strong>Ide\u00e1lis n\u00f6v\u00e9ny b\u00e1rhol a kertben vagy balkonon <\/strong>a sz\u00e1razs\u00e1gt\u0171r\u00e9se miatt.<\/li>\n<\/ul>\n<p>Az Elaeagnus ebbingei &#8216;Limelight&#8217;\u00a0 szab\u00e1lytalan levelei f\u00e9nyesek.<\/p>\n<\/div>","protected":false},"featured_media":13929,"template":"","meta":{"_et_pb_use_builder":"","_et_pb_old_content":"","_et_gb_content_width":""},"product_brand":[],"product_cat":[26],"product_tag":[5195,5265,24],"class_list":{"0":"post-13926","1":"product","2":"type-product","3":"status-publish","4":"has-post-thumbnail","6":"product_cat-orokzold-novenyek","7":"product_tag-eleagnus","8":"product_tag-ezustfa","9":"product_tag-orokzold","11":"first","12":"outofstock","13":"shipping-taxable","14":"product-type-simple"},"yoast_head":"<!-- This site is optimized with the Yoast SEO plugin v27.3 - https:\/\/yoast.com\/product\/yoast-seo-wordpress\/ -->\n<title>Eleagnus ebbingei &#039;Limelight&#039; k\u00fapra ny\u00edrt ez\u00fcstfa - T\u00e1jkert\u00e9sz<\/title>\n<meta name=\"description\" content=\"Az Elaeagnaceae csal\u00e1d \u00f6r\u00f6kz\u00f6ld cserj\u00e9je az ez\u00fcstfa. Fel\u00e1ll\u00f3 \u00e9s er\u0151teljes testtart\u00e1s, k\u00f6zepes n\u00f6veked\u00e9s. V\u00e1s\u00e1roljon web\u00e1ruh\u00e1zunkb\u00f3l, vagy szem\u00e9lyesen!\" \/>\n<meta name=\"robots\" content=\"index, follow, max-snippet:-1, max-image-preview:large, max-video-preview:-1\" \/>\n<link rel=\"canonical\" href=\"https:\/\/tajkertesz.com\/en_US\/product\/eleagnus-ebbingei-limelight-kupra-nyirt-ezustfa\/\" \/>\n<meta property=\"og:locale\" content=\"en_US\" \/>\n<meta property=\"og:type\" content=\"article\" \/>\n<meta property=\"og:title\" content=\"Eleagnus ebbingei &#039;Limelight&#039; k\u00fapra ny\u00edrt ez\u00fcstfa - T\u00e1jkert\u00e9sz\" \/>\n<meta property=\"og:description\" content=\"Az Elaeagnaceae csal\u00e1d \u00f6r\u00f6kz\u00f6ld cserj\u00e9je az ez\u00fcstfa. Fel\u00e1ll\u00f3 \u00e9s er\u0151teljes testtart\u00e1s, k\u00f6zepes n\u00f6veked\u00e9s. V\u00e1s\u00e1roljon web\u00e1ruh\u00e1zunkb\u00f3l, vagy szem\u00e9lyesen!\" \/>\n<meta property=\"og:url\" content=\"https:\/\/tajkertesz.com\/en_US\/product\/eleagnus-ebbingei-limelight-kupra-nyirt-ezustfa\/\" \/>\n<meta property=\"og:site_name\" content=\"T\u00e1jkert\u00e9sz\" \/>\n<meta property=\"article:publisher\" content=\"https:\/\/www.facebook.com\/Tajkertesz\/\" \/>\n<meta property=\"article:modified_time\" content=\"2025-08-28T06:39:45+00:00\" \/>\n<meta property=\"og:image\" content=\"https:\/\/tajkertesz.com\/wp-content\/uploads\/2022\/10\/20221025_072320-scaled.jpg\" \/>\n\t<meta property=\"og:image:width\" content=\"1154\" \/>\n\t<meta property=\"og:image:height\" content=\"2560\" \/>\n\t<meta property=\"og:image:type\" content=\"image\/jpeg\" \/>\n<meta name=\"twitter:card\" content=\"summary_large_image\" \/>\n<meta name=\"twitter:label1\" content=\"Est. reading time\" \/>\n\t<meta name=\"twitter:data1\" content=\"2 minutes\" \/>\n<script type=\"application\/ld+json\" class=\"yoast-schema-graph\">{\"@context\":\"https:\\\/\\\/schema.org\",\"@graph\":[{\"@type\":\"WebPage\",\"@id\":\"https:\\\/\\\/tajkertesz.com\\\/termek\\\/eleagnus-ebbingei-limelight-kupra-nyirt-ezustfa\\\/\",\"url\":\"https:\\\/\\\/tajkertesz.com\\\/termek\\\/eleagnus-ebbingei-limelight-kupra-nyirt-ezustfa\\\/\",\"name\":\"Eleagnus ebbingei 'Limelight' k\u00fapra ny\u00edrt ez\u00fcstfa - T\u00e1jkert\u00e9sz\",\"isPartOf\":{\"@id\":\"https:\\\/\\\/tajkertesz.com\\\/#website\"},\"primaryImageOfPage\":{\"@id\":\"https:\\\/\\\/tajkertesz.com\\\/termek\\\/eleagnus-ebbingei-limelight-kupra-nyirt-ezustfa\\\/#primaryimage\"},\"image\":{\"@id\":\"https:\\\/\\\/tajkertesz.com\\\/termek\\\/eleagnus-ebbingei-limelight-kupra-nyirt-ezustfa\\\/#primaryimage\"},\"thumbnailUrl\":\"https:\\\/\\\/tajkertesz.com\\\/wp-content\\\/uploads\\\/2022\\\/10\\\/20221025_072320-scaled.jpg\",\"datePublished\":\"2022-10-25T06:54:46+00:00\",\"dateModified\":\"2025-08-28T06:39:45+00:00\",\"description\":\"Az Elaeagnaceae csal\u00e1d \u00f6r\u00f6kz\u00f6ld cserj\u00e9je az ez\u00fcstfa. Fel\u00e1ll\u00f3 \u00e9s er\u0151teljes testtart\u00e1s, k\u00f6zepes n\u00f6veked\u00e9s. V\u00e1s\u00e1roljon web\u00e1ruh\u00e1zunkb\u00f3l, vagy szem\u00e9lyesen!\",\"breadcrumb\":{\"@id\":\"https:\\\/\\\/tajkertesz.com\\\/termek\\\/eleagnus-ebbingei-limelight-kupra-nyirt-ezustfa\\\/#breadcrumb\"},\"inLanguage\":\"en-US\",\"potentialAction\":[{\"@type\":\"ReadAction\",\"target\":[\"https:\\\/\\\/tajkertesz.com\\\/termek\\\/eleagnus-ebbingei-limelight-kupra-nyirt-ezustfa\\\/\"]}]},{\"@type\":\"ImageObject\",\"inLanguage\":\"en-US\",\"@id\":\"https:\\\/\\\/tajkertesz.com\\\/termek\\\/eleagnus-ebbingei-limelight-kupra-nyirt-ezustfa\\\/#primaryimage\",\"url\":\"https:\\\/\\\/tajkertesz.com\\\/wp-content\\\/uploads\\\/2022\\\/10\\\/20221025_072320-scaled.jpg\",\"contentUrl\":\"https:\\\/\\\/tajkertesz.com\\\/wp-content\\\/uploads\\\/2022\\\/10\\\/20221025_072320-scaled.jpg\",\"width\":1154,\"height\":2560},{\"@type\":\"BreadcrumbList\",\"@id\":\"https:\\\/\\\/tajkertesz.com\\\/termek\\\/eleagnus-ebbingei-limelight-kupra-nyirt-ezustfa\\\/#breadcrumb\",\"itemListElement\":[{\"@type\":\"ListItem\",\"position\":1,\"name\":\"Home\",\"item\":\"https:\\\/\\\/tajkertesz.com\\\/\"},{\"@type\":\"ListItem\",\"position\":2,\"name\":\"Kezd\u0151lap\",\"item\":\"https:\\\/\\\/tajkertesz.com\\\/\"},{\"@type\":\"ListItem\",\"position\":3,\"name\":\"Eleagnus ebbingei &#8216;Limelight&#8217; k\u00fapra ny\u00edrt ez\u00fcstfa\"}]},{\"@type\":\"WebSite\",\"@id\":\"https:\\\/\\\/tajkertesz.com\\\/#website\",\"url\":\"https:\\\/\\\/tajkertesz.com\\\/\",\"name\":\"T\u00e1j-Kert\u00e9sz 84 Kft.\",\"description\":\"Kert\u00e9szeti kis- \u00e9s nagykeresked\u00e9s, D\u00edszn\u00f6v\u00e9ny web\u00e1ruh\u00e1z orsz\u00e1gos h\u00e1zhozsz\u00e1ll\u00edt\u00e1ssal!\",\"publisher\":{\"@id\":\"https:\\\/\\\/tajkertesz.com\\\/#organization\"},\"potentialAction\":[{\"@type\":\"SearchAction\",\"target\":{\"@type\":\"EntryPoint\",\"urlTemplate\":\"https:\\\/\\\/tajkertesz.com\\\/?s={search_term_string}\"},\"query-input\":{\"@type\":\"PropertyValueSpecification\",\"valueRequired\":true,\"valueName\":\"search_term_string\"}}],\"inLanguage\":\"en-US\"},{\"@type\":\"Organization\",\"@id\":\"https:\\\/\\\/tajkertesz.com\\\/#organization\",\"name\":\"T\u00e1j-Kert\u00e9sz 84 Kft.\",\"url\":\"https:\\\/\\\/tajkertesz.com\\\/\",\"logo\":{\"@type\":\"ImageObject\",\"inLanguage\":\"en-US\",\"@id\":\"https:\\\/\\\/tajkertesz.com\\\/#\\\/schema\\\/logo\\\/image\\\/\",\"url\":\"https:\\\/\\\/tajkertesz.com\\\/wp-content\\\/uploads\\\/2018\\\/02\\\/logo-2-e1518678052539.png\",\"contentUrl\":\"https:\\\/\\\/tajkertesz.com\\\/wp-content\\\/uploads\\\/2018\\\/02\\\/logo-2-e1518678052539.png\",\"width\":81,\"height\":140,\"caption\":\"T\u00e1j-Kert\u00e9sz 84 Kft.\"},\"image\":{\"@id\":\"https:\\\/\\\/tajkertesz.com\\\/#\\\/schema\\\/logo\\\/image\\\/\"},\"sameAs\":[\"https:\\\/\\\/www.facebook.com\\\/Tajkertesz\\\/\"]}]}<\/script>\n<!-- \/ Yoast SEO plugin. -->","yoast_head_json":{"title":"Eleagnus ebbingei 'Limelight' k\u00fapra ny\u00edrt ez\u00fcstfa - T\u00e1jkert\u00e9sz","description":"Az Elaeagnaceae csal\u00e1d \u00f6r\u00f6kz\u00f6ld cserj\u00e9je az ez\u00fcstfa. Fel\u00e1ll\u00f3 \u00e9s er\u0151teljes testtart\u00e1s, k\u00f6zepes n\u00f6veked\u00e9s. V\u00e1s\u00e1roljon web\u00e1ruh\u00e1zunkb\u00f3l, vagy szem\u00e9lyesen!","robots":{"index":"index","follow":"follow","max-snippet":"max-snippet:-1","max-image-preview":"max-image-preview:large","max-video-preview":"max-video-preview:-1"},"canonical":"https:\/\/tajkertesz.com\/en_US\/product\/eleagnus-ebbingei-limelight-kupra-nyirt-ezustfa\/","og_locale":"en_US","og_type":"article","og_title":"Eleagnus ebbingei 'Limelight' k\u00fapra ny\u00edrt ez\u00fcstfa - T\u00e1jkert\u00e9sz","og_description":"Az Elaeagnaceae csal\u00e1d \u00f6r\u00f6kz\u00f6ld cserj\u00e9je az ez\u00fcstfa. Fel\u00e1ll\u00f3 \u00e9s er\u0151teljes testtart\u00e1s, k\u00f6zepes n\u00f6veked\u00e9s. V\u00e1s\u00e1roljon web\u00e1ruh\u00e1zunkb\u00f3l, vagy szem\u00e9lyesen!","og_url":"https:\/\/tajkertesz.com\/en_US\/product\/eleagnus-ebbingei-limelight-kupra-nyirt-ezustfa\/","og_site_name":"T\u00e1jkert\u00e9sz","article_publisher":"https:\/\/www.facebook.com\/Tajkertesz\/","article_modified_time":"2025-08-28T06:39:45+00:00","og_image":[{"width":1154,"height":2560,"url":"https:\/\/tajkertesz.com\/wp-content\/uploads\/2022\/10\/20221025_072320-scaled.jpg","type":"image\/jpeg"}],"twitter_card":"summary_large_image","twitter_misc":{"Est. reading time":"2 minutes"},"schema":{"@context":"https:\/\/schema.org","@graph":[{"@type":"WebPage","@id":"https:\/\/tajkertesz.com\/termek\/eleagnus-ebbingei-limelight-kupra-nyirt-ezustfa\/","url":"https:\/\/tajkertesz.com\/termek\/eleagnus-ebbingei-limelight-kupra-nyirt-ezustfa\/","name":"Eleagnus ebbingei 'Limelight' k\u00fapra ny\u00edrt ez\u00fcstfa - T\u00e1jkert\u00e9sz","isPartOf":{"@id":"https:\/\/tajkertesz.com\/#website"},"primaryImageOfPage":{"@id":"https:\/\/tajkertesz.com\/termek\/eleagnus-ebbingei-limelight-kupra-nyirt-ezustfa\/#primaryimage"},"image":{"@id":"https:\/\/tajkertesz.com\/termek\/eleagnus-ebbingei-limelight-kupra-nyirt-ezustfa\/#primaryimage"},"thumbnailUrl":"https:\/\/tajkertesz.com\/wp-content\/uploads\/2022\/10\/20221025_072320-scaled.jpg","datePublished":"2022-10-25T06:54:46+00:00","dateModified":"2025-08-28T06:39:45+00:00","description":"Az Elaeagnaceae csal\u00e1d \u00f6r\u00f6kz\u00f6ld cserj\u00e9je az ez\u00fcstfa. Fel\u00e1ll\u00f3 \u00e9s er\u0151teljes testtart\u00e1s, k\u00f6zepes n\u00f6veked\u00e9s. V\u00e1s\u00e1roljon web\u00e1ruh\u00e1zunkb\u00f3l, vagy szem\u00e9lyesen!","breadcrumb":{"@id":"https:\/\/tajkertesz.com\/termek\/eleagnus-ebbingei-limelight-kupra-nyirt-ezustfa\/#breadcrumb"},"inLanguage":"en-US","potentialAction":[{"@type":"ReadAction","target":["https:\/\/tajkertesz.com\/termek\/eleagnus-ebbingei-limelight-kupra-nyirt-ezustfa\/"]}]},{"@type":"ImageObject","inLanguage":"en-US","@id":"https:\/\/tajkertesz.com\/termek\/eleagnus-ebbingei-limelight-kupra-nyirt-ezustfa\/#primaryimage","url":"https:\/\/tajkertesz.com\/wp-content\/uploads\/2022\/10\/20221025_072320-scaled.jpg","contentUrl":"https:\/\/tajkertesz.com\/wp-content\/uploads\/2022\/10\/20221025_072320-scaled.jpg","width":1154,"height":2560},{"@type":"BreadcrumbList","@id":"https:\/\/tajkertesz.com\/termek\/eleagnus-ebbingei-limelight-kupra-nyirt-ezustfa\/#breadcrumb","itemListElement":[{"@type":"ListItem","position":1,"name":"Home","item":"https:\/\/tajkertesz.com\/"},{"@type":"ListItem","position":2,"name":"Kezd\u0151lap","item":"https:\/\/tajkertesz.com\/"},{"@type":"ListItem","position":3,"name":"Eleagnus ebbingei &#8216;Limelight&#8217; k\u00fapra ny\u00edrt ez\u00fcstfa"}]},{"@type":"WebSite","@id":"https:\/\/tajkertesz.com\/#website","url":"https:\/\/tajkertesz.com\/","name":"T\u00e1j-Kert\u00e9sz 84 Kft.","description":"Kert\u00e9szeti kis- \u00e9s nagykeresked\u00e9s, D\u00edszn\u00f6v\u00e9ny web\u00e1ruh\u00e1z orsz\u00e1gos h\u00e1zhozsz\u00e1ll\u00edt\u00e1ssal!","publisher":{"@id":"https:\/\/tajkertesz.com\/#organization"},"potentialAction":[{"@type":"SearchAction","target":{"@type":"EntryPoint","urlTemplate":"https:\/\/tajkertesz.com\/?s={search_term_string}"},"query-input":{"@type":"PropertyValueSpecification","valueRequired":true,"valueName":"search_term_string"}}],"inLanguage":"en-US"},{"@type":"Organization","@id":"https:\/\/tajkertesz.com\/#organization","name":"T\u00e1j-Kert\u00e9sz 84 Kft.","url":"https:\/\/tajkertesz.com\/","logo":{"@type":"ImageObject","inLanguage":"en-US","@id":"https:\/\/tajkertesz.com\/#\/schema\/logo\/image\/","url":"https:\/\/tajkertesz.com\/wp-content\/uploads\/2018\/02\/logo-2-e1518678052539.png","contentUrl":"https:\/\/tajkertesz.com\/wp-content\/uploads\/2018\/02\/logo-2-e1518678052539.png","width":81,"height":140,"caption":"T\u00e1j-Kert\u00e9sz 84 Kft."},"image":{"@id":"https:\/\/tajkertesz.com\/#\/schema\/logo\/image\/"},"sameAs":["https:\/\/www.facebook.com\/Tajkertesz\/"]}]}},"_links":{"self":[{"href":"https:\/\/tajkertesz.com\/en_US\/wp-json\/wp\/v2\/product\/13926","targetHints":{"allow":["GET"]}}],"collection":[{"href":"https:\/\/tajkertesz.com\/en_US\/wp-json\/wp\/v2\/product"}],"about":[{"href":"https:\/\/tajkertesz.com\/en_US\/wp-json\/wp\/v2\/types\/product"}],"wp:featuredmedia":[{"embeddable":true,"href":"https:\/\/tajkertesz.com\/en_US\/wp-json\/wp\/v2\/media\/13929"}],"wp:attachment":[{"href":"https:\/\/tajkertesz.com\/en_US\/wp-json\/wp\/v2\/media?parent=13926"}],"wp:term":[{"taxonomy":"product_brand","embeddable":true,"href":"https:\/\/tajkertesz.com\/en_US\/wp-json\/wp\/v2\/product_brand?post=13926"},{"taxonomy":"product_cat","embeddable":true,"href":"https:\/\/tajkertesz.com\/en_US\/wp-json\/wp\/v2\/product_cat?post=13926"},{"taxonomy":"product_tag","embeddable":true,"href":"https:\/\/tajkertesz.com\/en_US\/wp-json\/wp\/v2\/product_tag?post=13926"}],"curies":[{"name":"wp","href":"https:\/\/api.w.org\/{rel}","templated":true}]}}